{"id":31502,"date":"2024-04-10T11:44:06","date_gmt":"2024-04-29T12:12:00","guid":{"rendered":"https:\/\/naturalpoland.com\/produkty\/neza\u0159azen\u00e9\/extrakt-ze-semen-africkeho-manga\/"},"modified":"2024-04-29T14:12:00","modified_gmt":"2024-04-29T12:12:00","slug":"extrakt-ze-semen-africkeho-manga","status":"publish","type":"product","link":"https:\/\/naturalpoland.com\/cs\/produkty\/rostlinne-vytazky\/extrakt-ze-semen-africkeho-manga\/","title":{"rendered":"Extrakt ze semen africk\u00e9ho manga"},"content":{"rendered":"<p>Extrakt se z\u00edsk\u00e1v\u00e1 ze semen vybran\u00fdch druh\u016f africk\u00e9ho manga. M\u016f\u017ee b\u00fdt \u0161iroce pou\u017e\u00edv\u00e1n v r\u016fzn\u00fdch slo\u017een\u00edch dopl\u0148k\u016f stravy a zdravotnick\u00fdch v\u00fdrobk\u016f.<\/p>\n<p><strong>Antioxida\u010dn\u00ed \u00fa\u010dinky<\/strong> extraktu ze semen africk\u00e9ho manga maj\u00ed p\u0159\u00edm\u00fd vliv na podporu kardiovaskul\u00e1rn\u00edho zdrav\u00ed a regulaci hladiny cukru v krvi. D\u00edky t\u011bmto vlastnostem se produkt pou\u017e\u00edv\u00e1 v prevenci civiliza\u010dn\u00edch chorob, jako je cukrovka 2. typu a srde\u010dn\u00ed choroby. Krom\u011b toho flavony obsa\u017een\u00e9 v extraktu podporuj\u00ed metabolick\u00e9 procesy, co\u017e m\u016f\u017ee p\u0159isp\u011bt k \u00fa\u010dinn\u011bj\u0161\u00ed regulaci hmotnosti a zlep\u0161en\u00ed celkov\u00e9 t\u011blesn\u00e9 kondice.<\/p>\n<p><strong>Pou\u017eit\u00ed extraktu ze semen africk\u00e9ho manga<\/strong> se neomezuje pouze na dopl\u0148ky stravy. D\u00edky sv\u00fdm jedine\u010dn\u00fdm vlastnostem je tak\u00e9 cen\u011bnou slo\u017ekou p\u0159\u00edrodn\u00ed kosmetiky, kde jeho antioxida\u010dn\u00ed a regenera\u010dn\u00ed \u00fa\u010dinky mohou p\u0159isp\u011bt ke zlep\u0161en\u00ed vzhledu a stavu poko\u017eky.<\/p>\n<p>V\u00fdrobc\u016fm produkt\u016f pro zdrav\u00ed a kr\u00e1su nab\u00edz\u00ed extrakt ze semen africk\u00e9ho manga p\u0159\u00edle\u017eitost obohatit svou nab\u00eddku o inovativn\u00ed receptury a reagovat tak na rostouc\u00ed popt\u00e1vku spot\u0159ebitel\u016f po produktech zalo\u017een\u00fdch na p\u0159\u00edrodn\u00edch slo\u017ek\u00e1ch. D\u00edky v\u0161estrann\u00e9mu vyu\u017eit\u00ed a v\u00fdzkumem ov\u011b\u0159en\u00fdm vlastnostem je tento extrakt cennou investic\u00ed do v\u00fdvoje pr\u00e9miov\u00fdch produkt\u016f.<\/p>\n","protected":false},"excerpt":{"rendered":"<p>Extrakt ze semen africk\u00e9ho manga je cennou slo\u017ekou dopl\u0148k\u016f stravy, cen\u011bnou pro sv\u00e9 jedine\u010dn\u00e9 zdravotn\u00ed vlastnosti. P\u0159evzato z <strong><br \/>\n  <em>Irvingia Gabonensis<\/em><br \/>\n<\/strong>rostliny poch\u00e1zej\u00edc\u00ed z africk\u00e9ho de\u0161tn\u00e9ho pralesa, je tento extrakt bohat\u00fdm zdrojem <strong><br \/>\n  <a href=\"https:\/\/naturalpoland.com\/artykuly\/produkty-naturalne\/czym-sa-i-jak-dzialaja-flawonoidy\/\">flavon\u016f<\/a><br \/>\n<\/strong>. Jeho obsah p\u0159esahuje 10 %, co\u017e bylo potvrzeno UV testov\u00e1n\u00edm.<\/p>\n","protected":false},"featured_media":30884,"template":"","meta":{"_acf_changed":false},"product_brand":[],"product_cat":[622],"product_tag":[],"class_list":{"0":"post-31502","1":"product","2":"type-product","3":"status-publish","4":"has-post-thumbnail","6":"product_cat-rostlinne-vytazky","7":"pa_certyfikaty-koser-certifikace","8":"pa_certyfikaty-halal-cs","10":"first","11":"instock","12":"shipping-taxable","13":"product-type-simple"},"acf":[],"yoast_head":"<!-- This site is optimized with the Yoast SEO plugin v27.5 - https:\/\/yoast.com\/product\/yoast-seo-wordpress\/ -->\n<title>Extrakt ze semen africk\u00e9ho manga - Velkoobchodn\u00ed distributor<\/title>\n<meta name=\"description\" content=\"Extrakt ze semen africk\u00e9ho manga nab\u00edz\u00ed mo\u017enost obohatit \u0159adu o inovativn\u00ed receptury zalo\u017een\u00e9 na p\u0159\u00edrodn\u00edch slo\u017ek\u00e1ch.\" \/>\n<meta name=\"robots\" content=\"index, follow, max-snippet:-1, max-image-preview:large, max-video-preview:-1\" \/>\n<link rel=\"canonical\" href=\"https:\/\/naturalpoland.com\/cs\/produkty\/rostlinne-vytazky\/extrakt-ze-semen-africkeho-manga\/\" \/>\n<meta property=\"og:locale\" content=\"cs_CZ\" \/>\n<meta property=\"og:type\" content=\"article\" \/>\n<meta property=\"og:title\" content=\"Extrakt ze semen africk\u00e9ho manga - Velkoobchodn\u00ed distributor\" \/>\n<meta property=\"og:description\" content=\"Extrakt ze semen africk\u00e9ho manga nab\u00edz\u00ed mo\u017enost obohatit \u0159adu o inovativn\u00ed receptury zalo\u017een\u00e9 na p\u0159\u00edrodn\u00edch slo\u017ek\u00e1ch.\" \/>\n<meta property=\"og:url\" content=\"https:\/\/naturalpoland.com\/cs\/produkty\/rostlinne-vytazky\/extrakt-ze-semen-africkeho-manga\/\" \/>\n<meta property=\"og:site_name\" content=\"NATURAL POLAND - Velkoobchodn\u00ed distributor surovin\" \/>\n<meta property=\"article:publisher\" content=\"https:\/\/www.facebook.com\/naturalpoland.b2b\" \/>\n<meta property=\"og:image\" content=\"https:\/\/naturalpoland.com\/wp-content\/uploads\/african_mango_seed_extract.webp\" \/>\n\t<meta property=\"og:image:width\" content=\"700\" \/>\n\t<meta property=\"og:image:height\" content=\"700\" \/>\n\t<meta property=\"og:image:type\" content=\"image\/webp\" \/>\n<script type=\"application\/ld+json\" class=\"yoast-schema-graph\">{\"@context\":\"https:\\\/\\\/schema.org\",\"@graph\":[{\"@type\":\"WebPage\",\"@id\":\"https:\\\/\\\/naturalpoland.com\\\/cs\\\/produkty\\\/rostlinne-vytazky\\\/extrakt-ze-semen-africkeho-manga\\\/\",\"url\":\"https:\\\/\\\/naturalpoland.com\\\/cs\\\/produkty\\\/rostlinne-vytazky\\\/extrakt-ze-semen-africkeho-manga\\\/\",\"name\":\"Extrakt ze semen africk\u00e9ho manga - Velkoobchodn\u00ed distributor\",\"isPartOf\":{\"@id\":\"https:\\\/\\\/naturalpoland.com\\\/cs\\\/#website\"},\"primaryImageOfPage\":{\"@id\":\"https:\\\/\\\/naturalpoland.com\\\/cs\\\/produkty\\\/rostlinne-vytazky\\\/extrakt-ze-semen-africkeho-manga\\\/#primaryimage\"},\"image\":{\"@id\":\"https:\\\/\\\/naturalpoland.com\\\/cs\\\/produkty\\\/rostlinne-vytazky\\\/extrakt-ze-semen-africkeho-manga\\\/#primaryimage\"},\"thumbnailUrl\":\"https:\\\/\\\/naturalpoland.com\\\/wp-content\\\/uploads\\\/african_mango_seed_extract.webp\",\"datePublished\":\"2024-04-29T12:12:00+00:00\",\"description\":\"Extrakt ze semen africk\u00e9ho manga nab\u00edz\u00ed mo\u017enost obohatit \u0159adu o inovativn\u00ed receptury zalo\u017een\u00e9 na p\u0159\u00edrodn\u00edch slo\u017ek\u00e1ch.\",\"breadcrumb\":{\"@id\":\"https:\\\/\\\/naturalpoland.com\\\/cs\\\/produkty\\\/rostlinne-vytazky\\\/extrakt-ze-semen-africkeho-manga\\\/#breadcrumb\"},\"inLanguage\":\"cs\",\"potentialAction\":[{\"@type\":\"ReadAction\",\"target\":[\"https:\\\/\\\/naturalpoland.com\\\/cs\\\/produkty\\\/rostlinne-vytazky\\\/extrakt-ze-semen-africkeho-manga\\\/\"]}]},{\"@type\":\"ImageObject\",\"inLanguage\":\"cs\",\"@id\":\"https:\\\/\\\/naturalpoland.com\\\/cs\\\/produkty\\\/rostlinne-vytazky\\\/extrakt-ze-semen-africkeho-manga\\\/#primaryimage\",\"url\":\"https:\\\/\\\/naturalpoland.com\\\/wp-content\\\/uploads\\\/african_mango_seed_extract.webp\",\"contentUrl\":\"https:\\\/\\\/naturalpoland.com\\\/wp-content\\\/uploads\\\/african_mango_seed_extract.webp\",\"width\":700,\"height\":700,\"caption\":\"Ekstrakt z nasion afryka\u0144skiego mango\"},{\"@type\":\"BreadcrumbList\",\"@id\":\"https:\\\/\\\/naturalpoland.com\\\/cs\\\/produkty\\\/rostlinne-vytazky\\\/extrakt-ze-semen-africkeho-manga\\\/#breadcrumb\",\"itemListElement\":[{\"@type\":\"ListItem\",\"position\":1,\"name\":\"Dom\u016f\",\"item\":\"https:\\\/\\\/naturalpoland.com\\\/cs\\\/\"},{\"@type\":\"ListItem\",\"position\":2,\"name\":\"Produkty\",\"item\":\"https:\\\/\\\/naturalpoland.com\\\/cs\\\/produkty\\\/\"},{\"@type\":\"ListItem\",\"position\":3,\"name\":\"Extrakt ze semen africk\u00e9ho manga\"}]},{\"@type\":\"WebSite\",\"@id\":\"https:\\\/\\\/naturalpoland.com\\\/cs\\\/#website\",\"url\":\"https:\\\/\\\/naturalpoland.com\\\/cs\\\/\",\"name\":\"NATURAL POLAND - Velkoobchodn\u00ed distributor surovin\",\"description\":\"Surowce dla przemys\u0142u spo\u017cywczego, kosmetycznego i farmaceutycznego\",\"publisher\":{\"@id\":\"https:\\\/\\\/naturalpoland.com\\\/cs\\\/#organization\"},\"potentialAction\":[{\"@type\":\"SearchAction\",\"target\":{\"@type\":\"EntryPoint\",\"urlTemplate\":\"https:\\\/\\\/naturalpoland.com\\\/cs\\\/?s={search_term_string}\"},\"query-input\":{\"@type\":\"PropertyValueSpecification\",\"valueRequired\":true,\"valueName\":\"search_term_string\"}}],\"inLanguage\":\"cs\"},{\"@type\":\"Organization\",\"@id\":\"https:\\\/\\\/naturalpoland.com\\\/cs\\\/#organization\",\"name\":\"Natural Poland\",\"url\":\"https:\\\/\\\/naturalpoland.com\\\/cs\\\/\",\"logo\":{\"@type\":\"ImageObject\",\"inLanguage\":\"cs\",\"@id\":\"https:\\\/\\\/naturalpoland.com\\\/cs\\\/#\\\/schema\\\/logo\\\/image\\\/\",\"url\":\"https:\\\/\\\/naturalpoland.com\\\/wp-content\\\/uploads\\\/2021\\\/05\\\/natural-poland-icon.png\",\"contentUrl\":\"https:\\\/\\\/naturalpoland.com\\\/wp-content\\\/uploads\\\/2021\\\/05\\\/natural-poland-icon.png\",\"width\":512,\"height\":512,\"caption\":\"Natural Poland\"},\"image\":{\"@id\":\"https:\\\/\\\/naturalpoland.com\\\/cs\\\/#\\\/schema\\\/logo\\\/image\\\/\"},\"sameAs\":[\"https:\\\/\\\/www.facebook.com\\\/naturalpoland.b2b\",\"https:\\\/\\\/pl.linkedin.com\\\/company\\\/natural-poland\",\"https:\\\/\\\/www.youtube.com\\\/channel\\\/UCgeGGkvOMahZo-xu_MSEWxg\"]}]}<\/script>\n<!-- \/ Yoast SEO plugin. -->","yoast_head_json":{"title":"Extrakt ze semen africk\u00e9ho manga - Velkoobchodn\u00ed distributor","description":"Extrakt ze semen africk\u00e9ho manga nab\u00edz\u00ed mo\u017enost obohatit \u0159adu o inovativn\u00ed receptury zalo\u017een\u00e9 na p\u0159\u00edrodn\u00edch slo\u017ek\u00e1ch.","robots":{"index":"index","follow":"follow","max-snippet":"max-snippet:-1","max-image-preview":"max-image-preview:large","max-video-preview":"max-video-preview:-1"},"canonical":"https:\/\/naturalpoland.com\/cs\/produkty\/rostlinne-vytazky\/extrakt-ze-semen-africkeho-manga\/","og_locale":"cs_CZ","og_type":"article","og_title":"Extrakt ze semen africk\u00e9ho manga - Velkoobchodn\u00ed distributor","og_description":"Extrakt ze semen africk\u00e9ho manga nab\u00edz\u00ed mo\u017enost obohatit \u0159adu o inovativn\u00ed receptury zalo\u017een\u00e9 na p\u0159\u00edrodn\u00edch slo\u017ek\u00e1ch.","og_url":"https:\/\/naturalpoland.com\/cs\/produkty\/rostlinne-vytazky\/extrakt-ze-semen-africkeho-manga\/","og_site_name":"NATURAL POLAND - Velkoobchodn\u00ed distributor surovin","article_publisher":"https:\/\/www.facebook.com\/naturalpoland.b2b","og_image":[{"width":700,"height":700,"url":"https:\/\/naturalpoland.com\/wp-content\/uploads\/african_mango_seed_extract.webp","type":"image\/webp"}],"schema":{"@context":"https:\/\/schema.org","@graph":[{"@type":"WebPage","@id":"https:\/\/naturalpoland.com\/cs\/produkty\/rostlinne-vytazky\/extrakt-ze-semen-africkeho-manga\/","url":"https:\/\/naturalpoland.com\/cs\/produkty\/rostlinne-vytazky\/extrakt-ze-semen-africkeho-manga\/","name":"Extrakt ze semen africk\u00e9ho manga - Velkoobchodn\u00ed distributor","isPartOf":{"@id":"https:\/\/naturalpoland.com\/cs\/#website"},"primaryImageOfPage":{"@id":"https:\/\/naturalpoland.com\/cs\/produkty\/rostlinne-vytazky\/extrakt-ze-semen-africkeho-manga\/#primaryimage"},"image":{"@id":"https:\/\/naturalpoland.com\/cs\/produkty\/rostlinne-vytazky\/extrakt-ze-semen-africkeho-manga\/#primaryimage"},"thumbnailUrl":"https:\/\/naturalpoland.com\/wp-content\/uploads\/african_mango_seed_extract.webp","datePublished":"2024-04-29T12:12:00+00:00","description":"Extrakt ze semen africk\u00e9ho manga nab\u00edz\u00ed mo\u017enost obohatit \u0159adu o inovativn\u00ed receptury zalo\u017een\u00e9 na p\u0159\u00edrodn\u00edch slo\u017ek\u00e1ch.","breadcrumb":{"@id":"https:\/\/naturalpoland.com\/cs\/produkty\/rostlinne-vytazky\/extrakt-ze-semen-africkeho-manga\/#breadcrumb"},"inLanguage":"cs","potentialAction":[{"@type":"ReadAction","target":["https:\/\/naturalpoland.com\/cs\/produkty\/rostlinne-vytazky\/extrakt-ze-semen-africkeho-manga\/"]}]},{"@type":"ImageObject","inLanguage":"cs","@id":"https:\/\/naturalpoland.com\/cs\/produkty\/rostlinne-vytazky\/extrakt-ze-semen-africkeho-manga\/#primaryimage","url":"https:\/\/naturalpoland.com\/wp-content\/uploads\/african_mango_seed_extract.webp","contentUrl":"https:\/\/naturalpoland.com\/wp-content\/uploads\/african_mango_seed_extract.webp","width":700,"height":700,"caption":"Ekstrakt z nasion afryka\u0144skiego mango"},{"@type":"BreadcrumbList","@id":"https:\/\/naturalpoland.com\/cs\/produkty\/rostlinne-vytazky\/extrakt-ze-semen-africkeho-manga\/#breadcrumb","itemListElement":[{"@type":"ListItem","position":1,"name":"Dom\u016f","item":"https:\/\/naturalpoland.com\/cs\/"},{"@type":"ListItem","position":2,"name":"Produkty","item":"https:\/\/naturalpoland.com\/cs\/produkty\/"},{"@type":"ListItem","position":3,"name":"Extrakt ze semen africk\u00e9ho manga"}]},{"@type":"WebSite","@id":"https:\/\/naturalpoland.com\/cs\/#website","url":"https:\/\/naturalpoland.com\/cs\/","name":"NATURAL POLAND - Velkoobchodn\u00ed distributor surovin","description":"Surowce dla przemys\u0142u spo\u017cywczego, kosmetycznego i farmaceutycznego","publisher":{"@id":"https:\/\/naturalpoland.com\/cs\/#organization"},"potentialAction":[{"@type":"SearchAction","target":{"@type":"EntryPoint","urlTemplate":"https:\/\/naturalpoland.com\/cs\/?s={search_term_string}"},"query-input":{"@type":"PropertyValueSpecification","valueRequired":true,"valueName":"search_term_string"}}],"inLanguage":"cs"},{"@type":"Organization","@id":"https:\/\/naturalpoland.com\/cs\/#organization","name":"Natural Poland","url":"https:\/\/naturalpoland.com\/cs\/","logo":{"@type":"ImageObject","inLanguage":"cs","@id":"https:\/\/naturalpoland.com\/cs\/#\/schema\/logo\/image\/","url":"https:\/\/naturalpoland.com\/wp-content\/uploads\/2021\/05\/natural-poland-icon.png","contentUrl":"https:\/\/naturalpoland.com\/wp-content\/uploads\/2021\/05\/natural-poland-icon.png","width":512,"height":512,"caption":"Natural Poland"},"image":{"@id":"https:\/\/naturalpoland.com\/cs\/#\/schema\/logo\/image\/"},"sameAs":["https:\/\/www.facebook.com\/naturalpoland.b2b","https:\/\/pl.linkedin.com\/company\/natural-poland","https:\/\/www.youtube.com\/channel\/UCgeGGkvOMahZo-xu_MSEWxg"]}]}},"_links":{"self":[{"href":"https:\/\/naturalpoland.com\/cs\/wp-json\/wp\/v2\/product\/31502","targetHints":{"allow":["GET"]}}],"collection":[{"href":"https:\/\/naturalpoland.com\/cs\/wp-json\/wp\/v2\/product"}],"about":[{"href":"https:\/\/naturalpoland.com\/cs\/wp-json\/wp\/v2\/types\/product"}],"wp:featuredmedia":[{"embeddable":true,"href":"https:\/\/naturalpoland.com\/cs\/wp-json\/wp\/v2\/media\/30884"}],"wp:attachment":[{"href":"https:\/\/naturalpoland.com\/cs\/wp-json\/wp\/v2\/media?parent=31502"}],"wp:term":[{"taxonomy":"product_brand","embeddable":true,"href":"https:\/\/naturalpoland.com\/cs\/wp-json\/wp\/v2\/product_brand?post=31502"},{"taxonomy":"product_cat","embeddable":true,"href":"https:\/\/naturalpoland.com\/cs\/wp-json\/wp\/v2\/product_cat?post=31502"},{"taxonomy":"product_tag","embeddable":true,"href":"https:\/\/naturalpoland.com\/cs\/wp-json\/wp\/v2\/product_tag?post=31502"}],"curies":[{"name":"wp","href":"https:\/\/api.w.org\/{rel}","templated":true}]}}