{"id":31515,"date":"2024-02-23T14:22:46","date_gmt":"2024-04-29T12:13:29","guid":{"rendered":"https:\/\/naturalpoland.com\/produkty\/neza\u0159azen\u00e9\/extrakt-z-fazoli-obecnych\/"},"modified":"2024-04-29T14:13:29","modified_gmt":"2024-04-29T12:13:29","slug":"extrakt-z-fazoli-obecnych","status":"publish","type":"product","link":"https:\/\/naturalpoland.com\/cs\/produkty\/rostlinne-vytazky\/extrakt-z-fazoli-obecnych\/","title":{"rendered":"Extrakt z fazol\u00ed obecn\u00fdch"},"content":{"rendered":"<p>Tento extrakt, vyroben\u00fd z fazol\u00ed obecn\u00fdch, je bohat\u00fd na \u017eiviny, kter\u00e9 maj\u00ed pozitivn\u00ed vliv na zdrav\u00ed. \u010c\u00e1st rostliny pou\u017e\u00edvan\u00e1 k v\u00fdrob\u011b, fazole, je zdrojem mnoha cenn\u00fdch l\u00e1tek, kter\u00e9 jsou cen\u011bny pro sv\u00e9 zdrav\u00ed prosp\u011b\u0161n\u00e9 vlastnosti. D\u00edky p\u0159\u00eddavku %-10% maltodextrin\u016f si v\u00fdrobek zachov\u00e1v\u00e1 stabilitu a vhodnou strukturu, co\u017e usnad\u0148uje jeho pou\u017eit\u00ed v r\u016fzn\u00fdch form\u00e1ch suplementace.<\/p>\n<p>Extrakt z fazol\u00ed obecn\u00fdch je vynikaj\u00edc\u00edm dopl\u0148kem stravy t\u011bch, kte\u0159\u00ed dbaj\u00ed na zdrav\u00fd \u017eivotn\u00ed styl. D\u00edky sv\u00fdm p\u0159\u00edrodn\u00edm vlastnostem m\u016f\u017ee podporovat zdrav\u00fd metabolismus a p\u0159isp\u00edvat k udr\u017een\u00ed zdrav\u00e9 t\u011blesn\u00e9 hmotnosti. Jeho pravideln\u00e9 u\u017e\u00edv\u00e1n\u00ed m\u016f\u017ee m\u00edt tak\u00e9 vliv na stabilizaci hladiny cukru v krvi, co\u017e z n\u011bj \u010din\u00ed cennou slo\u017eku stravy pro ty, kte\u0159\u00ed bojuj\u00ed s metabolick\u00fdmi probl\u00e9my.<\/p>\n<p>Jako zcela p\u0159\u00edrodn\u00ed produkt je extrakt z fazol\u00ed obecn\u00fdch Phaseolus vulgaris ide\u00e1ln\u00ed volbou pro ka\u017ed\u00e9ho, kdo hled\u00e1 \u00fa\u010dinnou a bezpe\u010dnou podporu pro sv\u00e9 t\u011blo. D\u00edky snadn\u00e9mu pou\u017eit\u00ed a p\u0159\u00edjemn\u00e9, neutr\u00e1ln\u00ed chuti je snadno za\u0159aditeln\u00e1 do ka\u017edodenn\u00edho j\u00eddeln\u00ed\u010dku, ani\u017e by bylo nutn\u00e9 v\u00fdrazn\u011b m\u011bnit stravovac\u00ed n\u00e1vyky.<\/p>\n<p>Shrnuto, Phaseolus Vulgaris extrakt z fazol\u00ed obecn\u00fdch je pr\u00e9miov\u00fd produkt, kter\u00fd kombinuje \u00fa\u010dinnost p\u0159\u00edrodn\u00edch slo\u017eek se snadn\u00fdm pou\u017eit\u00edm. Je to vynikaj\u00edc\u00ed volba pro ty, kte\u0159\u00ed hledaj\u00ed p\u0159\u00edrodn\u00ed podporu p\u0159i hled\u00e1n\u00ed lep\u0161\u00edho zdrav\u00ed a pohody.<\/p>\n","protected":false},"excerpt":{"rendered":"<p>Extrakt z fazol\u00ed obecn\u00fdch, zn\u00e1m\u00fd tak\u00e9 pod botanick\u00fdm n\u00e1zvem <em>Phaseolus vulgaris<\/em>, je vysoce kvalitn\u00ed p\u0159\u00edrodn\u00ed produkt, kter\u00fd byl pe\u010dliv\u011b p\u0159ipraven tak, aby t\u011blu poskytl cenn\u00e9 \u017eiviny.<\/p>\n","protected":false},"featured_media":30526,"template":"","meta":{"_acf_changed":false},"product_brand":[],"product_cat":[622],"product_tag":[],"class_list":{"0":"post-31515","1":"product","2":"type-product","3":"status-publish","4":"has-post-thumbnail","6":"product_cat-rostlinne-vytazky","7":"pa_certyfikaty-koser-certifikace","8":"pa_certyfikaty-halal-cs","9":"pa_czesc-rosliny-semena","11":"first","12":"instock","13":"shipping-taxable","14":"product-type-simple"},"acf":[],"yoast_head":"<!-- This site is optimized with the Yoast SEO plugin v27.5 - https:\/\/yoast.com\/product\/yoast-seo-wordpress\/ -->\n<title>Extrakt z fazol\u00ed obecn\u00fdch - Velkoobchodn\u00ed distributor<\/title>\n<meta name=\"description\" content=\"Phaseolus Vulgaris extrakt z fazol\u00ed obecn\u00fdch je pr\u00e9miov\u00fd produkt, kter\u00fd kombinuje \u00fa\u010dinnost p\u0159\u00edrodn\u00edch slo\u017eek se snadn\u00fdm pou\u017eit\u00edm.\" \/>\n<meta name=\"robots\" content=\"index, follow, max-snippet:-1, max-image-preview:large, max-video-preview:-1\" \/>\n<link rel=\"canonical\" href=\"https:\/\/naturalpoland.com\/cs\/produkty\/rostlinne-vytazky\/extrakt-z-fazoli-obecnych\/\" \/>\n<meta property=\"og:locale\" content=\"cs_CZ\" \/>\n<meta property=\"og:type\" content=\"article\" \/>\n<meta property=\"og:title\" content=\"Extrakt z fazol\u00ed obecn\u00fdch - Velkoobchodn\u00ed distributor\" \/>\n<meta property=\"og:description\" content=\"Phaseolus Vulgaris extrakt z fazol\u00ed obecn\u00fdch je pr\u00e9miov\u00fd produkt, kter\u00fd kombinuje \u00fa\u010dinnost p\u0159\u00edrodn\u00edch slo\u017eek se snadn\u00fdm pou\u017eit\u00edm.\" \/>\n<meta property=\"og:url\" content=\"https:\/\/naturalpoland.com\/cs\/produkty\/rostlinne-vytazky\/extrakt-z-fazoli-obecnych\/\" \/>\n<meta property=\"og:site_name\" content=\"NATURAL POLAND - Velkoobchodn\u00ed distributor surovin\" \/>\n<meta property=\"article:publisher\" content=\"https:\/\/www.facebook.com\/naturalpoland.b2b\" \/>\n<meta property=\"og:image\" content=\"https:\/\/naturalpoland.com\/wp-content\/uploads\/phaseolus_vulgaris_extract.webp\" \/>\n\t<meta property=\"og:image:width\" content=\"700\" \/>\n\t<meta property=\"og:image:height\" content=\"700\" \/>\n\t<meta property=\"og:image:type\" content=\"image\/webp\" \/>\n<script type=\"application\/ld+json\" class=\"yoast-schema-graph\">{\"@context\":\"https:\\\/\\\/schema.org\",\"@graph\":[{\"@type\":\"WebPage\",\"@id\":\"https:\\\/\\\/naturalpoland.com\\\/cs\\\/produkty\\\/rostlinne-vytazky\\\/extrakt-z-fazoli-obecnych\\\/\",\"url\":\"https:\\\/\\\/naturalpoland.com\\\/cs\\\/produkty\\\/rostlinne-vytazky\\\/extrakt-z-fazoli-obecnych\\\/\",\"name\":\"Extrakt z fazol\u00ed obecn\u00fdch - Velkoobchodn\u00ed distributor\",\"isPartOf\":{\"@id\":\"https:\\\/\\\/naturalpoland.com\\\/cs\\\/#website\"},\"primaryImageOfPage\":{\"@id\":\"https:\\\/\\\/naturalpoland.com\\\/cs\\\/produkty\\\/rostlinne-vytazky\\\/extrakt-z-fazoli-obecnych\\\/#primaryimage\"},\"image\":{\"@id\":\"https:\\\/\\\/naturalpoland.com\\\/cs\\\/produkty\\\/rostlinne-vytazky\\\/extrakt-z-fazoli-obecnych\\\/#primaryimage\"},\"thumbnailUrl\":\"https:\\\/\\\/naturalpoland.com\\\/wp-content\\\/uploads\\\/phaseolus_vulgaris_extract.webp\",\"datePublished\":\"2024-04-29T12:13:29+00:00\",\"description\":\"Phaseolus Vulgaris extrakt z fazol\u00ed obecn\u00fdch je pr\u00e9miov\u00fd produkt, kter\u00fd kombinuje \u00fa\u010dinnost p\u0159\u00edrodn\u00edch slo\u017eek se snadn\u00fdm pou\u017eit\u00edm.\",\"breadcrumb\":{\"@id\":\"https:\\\/\\\/naturalpoland.com\\\/cs\\\/produkty\\\/rostlinne-vytazky\\\/extrakt-z-fazoli-obecnych\\\/#breadcrumb\"},\"inLanguage\":\"cs\",\"potentialAction\":[{\"@type\":\"ReadAction\",\"target\":[\"https:\\\/\\\/naturalpoland.com\\\/cs\\\/produkty\\\/rostlinne-vytazky\\\/extrakt-z-fazoli-obecnych\\\/\"]}]},{\"@type\":\"ImageObject\",\"inLanguage\":\"cs\",\"@id\":\"https:\\\/\\\/naturalpoland.com\\\/cs\\\/produkty\\\/rostlinne-vytazky\\\/extrakt-z-fazoli-obecnych\\\/#primaryimage\",\"url\":\"https:\\\/\\\/naturalpoland.com\\\/wp-content\\\/uploads\\\/phaseolus_vulgaris_extract.webp\",\"contentUrl\":\"https:\\\/\\\/naturalpoland.com\\\/wp-content\\\/uploads\\\/phaseolus_vulgaris_extract.webp\",\"width\":700,\"height\":700,\"caption\":\"phaseolus vulgaris extract\"},{\"@type\":\"BreadcrumbList\",\"@id\":\"https:\\\/\\\/naturalpoland.com\\\/cs\\\/produkty\\\/rostlinne-vytazky\\\/extrakt-z-fazoli-obecnych\\\/#breadcrumb\",\"itemListElement\":[{\"@type\":\"ListItem\",\"position\":1,\"name\":\"Dom\u016f\",\"item\":\"https:\\\/\\\/naturalpoland.com\\\/cs\\\/\"},{\"@type\":\"ListItem\",\"position\":2,\"name\":\"Produkty\",\"item\":\"https:\\\/\\\/naturalpoland.com\\\/cs\\\/produkty\\\/\"},{\"@type\":\"ListItem\",\"position\":3,\"name\":\"Extrakt z fazol\u00ed obecn\u00fdch\"}]},{\"@type\":\"WebSite\",\"@id\":\"https:\\\/\\\/naturalpoland.com\\\/cs\\\/#website\",\"url\":\"https:\\\/\\\/naturalpoland.com\\\/cs\\\/\",\"name\":\"NATURAL POLAND - Velkoobchodn\u00ed distributor surovin\",\"description\":\"Surowce dla przemys\u0142u spo\u017cywczego, kosmetycznego i farmaceutycznego\",\"publisher\":{\"@id\":\"https:\\\/\\\/naturalpoland.com\\\/cs\\\/#organization\"},\"potentialAction\":[{\"@type\":\"SearchAction\",\"target\":{\"@type\":\"EntryPoint\",\"urlTemplate\":\"https:\\\/\\\/naturalpoland.com\\\/cs\\\/?s={search_term_string}\"},\"query-input\":{\"@type\":\"PropertyValueSpecification\",\"valueRequired\":true,\"valueName\":\"search_term_string\"}}],\"inLanguage\":\"cs\"},{\"@type\":\"Organization\",\"@id\":\"https:\\\/\\\/naturalpoland.com\\\/cs\\\/#organization\",\"name\":\"Natural Poland\",\"url\":\"https:\\\/\\\/naturalpoland.com\\\/cs\\\/\",\"logo\":{\"@type\":\"ImageObject\",\"inLanguage\":\"cs\",\"@id\":\"https:\\\/\\\/naturalpoland.com\\\/cs\\\/#\\\/schema\\\/logo\\\/image\\\/\",\"url\":\"https:\\\/\\\/naturalpoland.com\\\/wp-content\\\/uploads\\\/2021\\\/05\\\/natural-poland-icon.png\",\"contentUrl\":\"https:\\\/\\\/naturalpoland.com\\\/wp-content\\\/uploads\\\/2021\\\/05\\\/natural-poland-icon.png\",\"width\":512,\"height\":512,\"caption\":\"Natural Poland\"},\"image\":{\"@id\":\"https:\\\/\\\/naturalpoland.com\\\/cs\\\/#\\\/schema\\\/logo\\\/image\\\/\"},\"sameAs\":[\"https:\\\/\\\/www.facebook.com\\\/naturalpoland.b2b\",\"https:\\\/\\\/pl.linkedin.com\\\/company\\\/natural-poland\",\"https:\\\/\\\/www.youtube.com\\\/channel\\\/UCgeGGkvOMahZo-xu_MSEWxg\"]}]}<\/script>\n<!-- \/ Yoast SEO plugin. -->","yoast_head_json":{"title":"Extrakt z fazol\u00ed obecn\u00fdch - Velkoobchodn\u00ed distributor","description":"Phaseolus Vulgaris extrakt z fazol\u00ed obecn\u00fdch je pr\u00e9miov\u00fd produkt, kter\u00fd kombinuje \u00fa\u010dinnost p\u0159\u00edrodn\u00edch slo\u017eek se snadn\u00fdm pou\u017eit\u00edm.","robots":{"index":"index","follow":"follow","max-snippet":"max-snippet:-1","max-image-preview":"max-image-preview:large","max-video-preview":"max-video-preview:-1"},"canonical":"https:\/\/naturalpoland.com\/cs\/produkty\/rostlinne-vytazky\/extrakt-z-fazoli-obecnych\/","og_locale":"cs_CZ","og_type":"article","og_title":"Extrakt z fazol\u00ed obecn\u00fdch - Velkoobchodn\u00ed distributor","og_description":"Phaseolus Vulgaris extrakt z fazol\u00ed obecn\u00fdch je pr\u00e9miov\u00fd produkt, kter\u00fd kombinuje \u00fa\u010dinnost p\u0159\u00edrodn\u00edch slo\u017eek se snadn\u00fdm pou\u017eit\u00edm.","og_url":"https:\/\/naturalpoland.com\/cs\/produkty\/rostlinne-vytazky\/extrakt-z-fazoli-obecnych\/","og_site_name":"NATURAL POLAND - Velkoobchodn\u00ed distributor surovin","article_publisher":"https:\/\/www.facebook.com\/naturalpoland.b2b","og_image":[{"width":700,"height":700,"url":"https:\/\/naturalpoland.com\/wp-content\/uploads\/phaseolus_vulgaris_extract.webp","type":"image\/webp"}],"schema":{"@context":"https:\/\/schema.org","@graph":[{"@type":"WebPage","@id":"https:\/\/naturalpoland.com\/cs\/produkty\/rostlinne-vytazky\/extrakt-z-fazoli-obecnych\/","url":"https:\/\/naturalpoland.com\/cs\/produkty\/rostlinne-vytazky\/extrakt-z-fazoli-obecnych\/","name":"Extrakt z fazol\u00ed obecn\u00fdch - Velkoobchodn\u00ed distributor","isPartOf":{"@id":"https:\/\/naturalpoland.com\/cs\/#website"},"primaryImageOfPage":{"@id":"https:\/\/naturalpoland.com\/cs\/produkty\/rostlinne-vytazky\/extrakt-z-fazoli-obecnych\/#primaryimage"},"image":{"@id":"https:\/\/naturalpoland.com\/cs\/produkty\/rostlinne-vytazky\/extrakt-z-fazoli-obecnych\/#primaryimage"},"thumbnailUrl":"https:\/\/naturalpoland.com\/wp-content\/uploads\/phaseolus_vulgaris_extract.webp","datePublished":"2024-04-29T12:13:29+00:00","description":"Phaseolus Vulgaris extrakt z fazol\u00ed obecn\u00fdch je pr\u00e9miov\u00fd produkt, kter\u00fd kombinuje \u00fa\u010dinnost p\u0159\u00edrodn\u00edch slo\u017eek se snadn\u00fdm pou\u017eit\u00edm.","breadcrumb":{"@id":"https:\/\/naturalpoland.com\/cs\/produkty\/rostlinne-vytazky\/extrakt-z-fazoli-obecnych\/#breadcrumb"},"inLanguage":"cs","potentialAction":[{"@type":"ReadAction","target":["https:\/\/naturalpoland.com\/cs\/produkty\/rostlinne-vytazky\/extrakt-z-fazoli-obecnych\/"]}]},{"@type":"ImageObject","inLanguage":"cs","@id":"https:\/\/naturalpoland.com\/cs\/produkty\/rostlinne-vytazky\/extrakt-z-fazoli-obecnych\/#primaryimage","url":"https:\/\/naturalpoland.com\/wp-content\/uploads\/phaseolus_vulgaris_extract.webp","contentUrl":"https:\/\/naturalpoland.com\/wp-content\/uploads\/phaseolus_vulgaris_extract.webp","width":700,"height":700,"caption":"phaseolus vulgaris extract"},{"@type":"BreadcrumbList","@id":"https:\/\/naturalpoland.com\/cs\/produkty\/rostlinne-vytazky\/extrakt-z-fazoli-obecnych\/#breadcrumb","itemListElement":[{"@type":"ListItem","position":1,"name":"Dom\u016f","item":"https:\/\/naturalpoland.com\/cs\/"},{"@type":"ListItem","position":2,"name":"Produkty","item":"https:\/\/naturalpoland.com\/cs\/produkty\/"},{"@type":"ListItem","position":3,"name":"Extrakt z fazol\u00ed obecn\u00fdch"}]},{"@type":"WebSite","@id":"https:\/\/naturalpoland.com\/cs\/#website","url":"https:\/\/naturalpoland.com\/cs\/","name":"NATURAL POLAND - Velkoobchodn\u00ed distributor surovin","description":"Surowce dla przemys\u0142u spo\u017cywczego, kosmetycznego i farmaceutycznego","publisher":{"@id":"https:\/\/naturalpoland.com\/cs\/#organization"},"potentialAction":[{"@type":"SearchAction","target":{"@type":"EntryPoint","urlTemplate":"https:\/\/naturalpoland.com\/cs\/?s={search_term_string}"},"query-input":{"@type":"PropertyValueSpecification","valueRequired":true,"valueName":"search_term_string"}}],"inLanguage":"cs"},{"@type":"Organization","@id":"https:\/\/naturalpoland.com\/cs\/#organization","name":"Natural Poland","url":"https:\/\/naturalpoland.com\/cs\/","logo":{"@type":"ImageObject","inLanguage":"cs","@id":"https:\/\/naturalpoland.com\/cs\/#\/schema\/logo\/image\/","url":"https:\/\/naturalpoland.com\/wp-content\/uploads\/2021\/05\/natural-poland-icon.png","contentUrl":"https:\/\/naturalpoland.com\/wp-content\/uploads\/2021\/05\/natural-poland-icon.png","width":512,"height":512,"caption":"Natural Poland"},"image":{"@id":"https:\/\/naturalpoland.com\/cs\/#\/schema\/logo\/image\/"},"sameAs":["https:\/\/www.facebook.com\/naturalpoland.b2b","https:\/\/pl.linkedin.com\/company\/natural-poland","https:\/\/www.youtube.com\/channel\/UCgeGGkvOMahZo-xu_MSEWxg"]}]}},"_links":{"self":[{"href":"https:\/\/naturalpoland.com\/cs\/wp-json\/wp\/v2\/product\/31515","targetHints":{"allow":["GET"]}}],"collection":[{"href":"https:\/\/naturalpoland.com\/cs\/wp-json\/wp\/v2\/product"}],"about":[{"href":"https:\/\/naturalpoland.com\/cs\/wp-json\/wp\/v2\/types\/product"}],"wp:featuredmedia":[{"embeddable":true,"href":"https:\/\/naturalpoland.com\/cs\/wp-json\/wp\/v2\/media\/30526"}],"wp:attachment":[{"href":"https:\/\/naturalpoland.com\/cs\/wp-json\/wp\/v2\/media?parent=31515"}],"wp:term":[{"taxonomy":"product_brand","embeddable":true,"href":"https:\/\/naturalpoland.com\/cs\/wp-json\/wp\/v2\/product_brand?post=31515"},{"taxonomy":"product_cat","embeddable":true,"href":"https:\/\/naturalpoland.com\/cs\/wp-json\/wp\/v2\/product_cat?post=31515"},{"taxonomy":"product_tag","embeddable":true,"href":"https:\/\/naturalpoland.com\/cs\/wp-json\/wp\/v2\/product_tag?post=31515"}],"curies":[{"name":"wp","href":"https:\/\/api.w.org\/{rel}","templated":true}]}}