{"id":31535,"date":"2023-10-11T10:25:55","date_gmt":"2024-04-29T12:58:35","guid":{"rendered":"https:\/\/naturalpoland.com\/produkty\/neza\u0159azen\u00e9\/kyselina-tauroursodeoxycholova-tudca\/"},"modified":"2024-04-29T14:58:35","modified_gmt":"2024-04-29T12:58:35","slug":"kyselina-tauroursodeoxycholova-tudca","status":"publish","type":"product","link":"https:\/\/naturalpoland.com\/cs\/produkty\/produkty-pro-farmaceuticky-a-zdravotnicky-prumysl\/pridavky-k-doplnkum-stravy\/kyselina-tauroursodeoxycholova-tudca\/","title":{"rendered":"Kyselina tauroursodeoxycholov\u00e1 (TUDCA)"},"content":{"rendered":"<p>Kyselina tauroursodeoxycholov\u00e1 (TUDCA) je konjugovan\u00e1 forma kyseliny ursodeoxycholov\u00e9 (UDCA), odvozen\u00e1 od \u017elu\u010dov\u00fdch kyselin, kter\u00e9 jsou p\u0159irozenou sou\u010d\u00e1st\u00ed \u017elu\u010di produkovan\u00e9 j\u00e1try. Tento produkt je \u0161iroce pou\u017e\u00edv\u00e1n jako dopln\u011bk stravy, zejm\u00e9na mezi sportovci a lidmi s aktivn\u00edm \u017eivotn\u00edm stylem.<\/p>\n<h3><strong>Vlastnosti a pou\u017eit\u00ed TUDCA:<\/strong><\/h3>\n<ul>\n<li><strong>Podpora jater: <\/strong>TUDCA je kl\u00ed\u010dovou slo\u017ekou, kter\u00e1 podporuje detoxikaci a ochranu jater, zaji\u0161\u0165uje jejich norm\u00e1ln\u00ed funkci a zabra\u0148uje jejich po\u0161kozen\u00ed. Je obl\u00edben\u00fdm produktem mezi sportovci, zejm\u00e9na t\u011bmi, kte\u0159\u00ed u\u017e\u00edvaj\u00ed dopl\u0148ky stravy nebo l\u00e9ky, kter\u00e9 mohou zat\u011b\u017eovat j\u00e1tra, jako jsou anabolick\u00e9 steroidy.<\/li>\n<li><strong>Ochrana nervov\u00fdch bun\u011bk: <\/strong>vykazuje schopnost chr\u00e1nit nervov\u00e9 bu\u0148ky p\u0159ed oxidativn\u00edm stresem a toxicitou (nap\u0159. b\u011bhem fyzick\u00e9 aktivity), co\u017e m\u016f\u017ee b\u00fdt prosp\u011b\u0161n\u00e9 v souvislosti s r\u016fzn\u00fdmi neurologick\u00fdmi stavy.<\/li>\n<li><strong>Zdrav\u00ed o\u010d\u00ed: <\/strong>TUDCA podporuje zdrav\u00ed s\u00edtnice a zkoum\u00e1 se jej\u00ed schopnost minimalizovat riziko r\u016fzn\u00fdch o\u010dn\u00edch onemocn\u011bn\u00ed, v\u010detn\u011b retinopatie a makul\u00e1rn\u00ed degenerace.<\/li>\n<li><strong>Protiz\u00e1n\u011btliv\u00fd \u00fa\u010dinek <\/strong>: pravideln\u00e9 cvi\u010den\u00ed m\u016f\u017ee v t\u011ble vyvolat z\u00e1n\u011bt. TUDCA vykazuje protiz\u00e1n\u011btliv\u00e9 \u00fa\u010dinky, co\u017e je v\u00fdhodn\u00e9 pro sportovce, kte\u0159\u00ed usiluj\u00ed o rychlou regeneraci a prevenci chronick\u00fdch z\u00e1n\u011bt\u016f.<\/li>\n<\/ul>\n<h3><strong>Pou\u017eit\u00ed TUDCA v dopl\u0148kov\u00e9 v\u00fd\u017eiv\u011b:<\/strong><\/h3>\n<ul>\n<li>TUDCA se \u0161iroce pou\u017e\u00edv\u00e1 v dopl\u0148c\u00edch stravy ur\u010den\u00fdch k podpo\u0159e funkce jater, zejm\u00e9na v r\u00e1mci detoxika\u010dn\u00edch k\u00far a podpory jater p\u0159i u\u017e\u00edv\u00e1n\u00ed r\u016fzn\u00fdch dopl\u0148k\u016f a l\u00e9k\u016f, kter\u00e9 tento org\u00e1n zat\u011b\u017euj\u00ed.<\/li>\n<li>D\u00edky sv\u00fdm jedine\u010dn\u00fdm vlastnostem se TUDCA zkoum\u00e1 tak\u00e9 pro pou\u017eit\u00ed v adjuvantn\u00ed terapii v souvislosti s neurodegenerativn\u00edmi onemocn\u011bn\u00edmi a pro ochranu o\u010d\u00ed.<\/li>\n<\/ul>\n","protected":false},"excerpt":{"rendered":"<p>Kyselina tauroursodeoxycholov\u00e1 (TUDCA) je jednou z nejuzn\u00e1van\u011bj\u0161\u00edch a nej\u00fa\u010dinn\u011bj\u0161\u00edch slo\u017eek podporuj\u00edc\u00edch zdravou funkci jater a celkovou homeost\u00e1zu organismu.<\/p>\n","protected":false},"featured_media":31303,"template":"","meta":{"_acf_changed":false},"product_brand":[],"product_cat":[629],"product_tag":[],"class_list":{"0":"post-31535","1":"product","2":"type-product","3":"status-publish","4":"has-post-thumbnail","6":"product_cat-pridavky-k-doplnkum-stravy","8":"first","9":"instock","10":"shipping-taxable","11":"product-type-simple"},"acf":[],"yoast_head":"<!-- This site is optimized with the Yoast SEO plugin v27.5 - https:\/\/yoast.com\/product\/yoast-seo-wordpress\/ -->\n<title>Kyselina tauroursodeoxycholov\u00e1 (TUDCA) - Velkoobchodn\u00ed distributor<\/title>\n<meta name=\"description\" content=\"TUDCA je cenn\u00fdm n\u00e1strojem na podporu zdrav\u00ed jater, regenerace a celkov\u00e9 homeost\u00e1zy organismu p\u0159i intenzivn\u00edm cvi\u010den\u00ed.\" \/>\n<meta name=\"robots\" content=\"index, follow, max-snippet:-1, max-image-preview:large, max-video-preview:-1\" \/>\n<link rel=\"canonical\" href=\"https:\/\/naturalpoland.com\/cs\/produkty\/produkty-pro-farmaceuticky-a-zdravotnicky-prumysl\/pridavky-k-doplnkum-stravy\/kyselina-tauroursodeoxycholova-tudca\/\" \/>\n<meta property=\"og:locale\" content=\"cs_CZ\" \/>\n<meta property=\"og:type\" content=\"article\" \/>\n<meta property=\"og:title\" content=\"Kyselina tauroursodeoxycholov\u00e1 (TUDCA) - Velkoobchodn\u00ed distributor\" \/>\n<meta property=\"og:description\" content=\"TUDCA je cenn\u00fdm n\u00e1strojem na podporu zdrav\u00ed jater, regenerace a celkov\u00e9 homeost\u00e1zy organismu p\u0159i intenzivn\u00edm cvi\u010den\u00ed.\" \/>\n<meta property=\"og:url\" content=\"https:\/\/naturalpoland.com\/cs\/produkty\/produkty-pro-farmaceuticky-a-zdravotnicky-prumysl\/pridavky-k-doplnkum-stravy\/kyselina-tauroursodeoxycholova-tudca\/\" \/>\n<meta property=\"og:site_name\" content=\"NATURAL POLAND - Velkoobchodn\u00ed distributor surovin\" \/>\n<meta property=\"article:publisher\" content=\"https:\/\/www.facebook.com\/naturalpoland.b2b\" \/>\n<meta property=\"og:image\" content=\"https:\/\/naturalpoland.com\/wp-content\/uploads\/tauroursodeoxycholic-acid.jpg\" \/>\n\t<meta property=\"og:image:width\" content=\"500\" \/>\n\t<meta property=\"og:image:height\" content=\"500\" \/>\n\t<meta property=\"og:image:type\" content=\"image\/jpeg\" \/>\n<script type=\"application\/ld+json\" class=\"yoast-schema-graph\">{\"@context\":\"https:\\\/\\\/schema.org\",\"@graph\":[{\"@type\":\"WebPage\",\"@id\":\"https:\\\/\\\/naturalpoland.com\\\/cs\\\/produkty\\\/produkty-pro-farmaceuticky-a-zdravotnicky-prumysl\\\/pridavky-k-doplnkum-stravy\\\/kyselina-tauroursodeoxycholova-tudca\\\/\",\"url\":\"https:\\\/\\\/naturalpoland.com\\\/cs\\\/produkty\\\/produkty-pro-farmaceuticky-a-zdravotnicky-prumysl\\\/pridavky-k-doplnkum-stravy\\\/kyselina-tauroursodeoxycholova-tudca\\\/\",\"name\":\"Kyselina tauroursodeoxycholov\u00e1 (TUDCA) - Velkoobchodn\u00ed distributor\",\"isPartOf\":{\"@id\":\"https:\\\/\\\/naturalpoland.com\\\/cs\\\/#website\"},\"primaryImageOfPage\":{\"@id\":\"https:\\\/\\\/naturalpoland.com\\\/cs\\\/produkty\\\/produkty-pro-farmaceuticky-a-zdravotnicky-prumysl\\\/pridavky-k-doplnkum-stravy\\\/kyselina-tauroursodeoxycholova-tudca\\\/#primaryimage\"},\"image\":{\"@id\":\"https:\\\/\\\/naturalpoland.com\\\/cs\\\/produkty\\\/produkty-pro-farmaceuticky-a-zdravotnicky-prumysl\\\/pridavky-k-doplnkum-stravy\\\/kyselina-tauroursodeoxycholova-tudca\\\/#primaryimage\"},\"thumbnailUrl\":\"https:\\\/\\\/naturalpoland.com\\\/wp-content\\\/uploads\\\/tauroursodeoxycholic-acid.jpg\",\"datePublished\":\"2024-04-29T12:58:35+00:00\",\"description\":\"TUDCA je cenn\u00fdm n\u00e1strojem na podporu zdrav\u00ed jater, regenerace a celkov\u00e9 homeost\u00e1zy organismu p\u0159i intenzivn\u00edm cvi\u010den\u00ed.\",\"breadcrumb\":{\"@id\":\"https:\\\/\\\/naturalpoland.com\\\/cs\\\/produkty\\\/produkty-pro-farmaceuticky-a-zdravotnicky-prumysl\\\/pridavky-k-doplnkum-stravy\\\/kyselina-tauroursodeoxycholova-tudca\\\/#breadcrumb\"},\"inLanguage\":\"cs\",\"potentialAction\":[{\"@type\":\"ReadAction\",\"target\":[\"https:\\\/\\\/naturalpoland.com\\\/cs\\\/produkty\\\/produkty-pro-farmaceuticky-a-zdravotnicky-prumysl\\\/pridavky-k-doplnkum-stravy\\\/kyselina-tauroursodeoxycholova-tudca\\\/\"]}]},{\"@type\":\"ImageObject\",\"inLanguage\":\"cs\",\"@id\":\"https:\\\/\\\/naturalpoland.com\\\/cs\\\/produkty\\\/produkty-pro-farmaceuticky-a-zdravotnicky-prumysl\\\/pridavky-k-doplnkum-stravy\\\/kyselina-tauroursodeoxycholova-tudca\\\/#primaryimage\",\"url\":\"https:\\\/\\\/naturalpoland.com\\\/wp-content\\\/uploads\\\/tauroursodeoxycholic-acid.jpg\",\"contentUrl\":\"https:\\\/\\\/naturalpoland.com\\\/wp-content\\\/uploads\\\/tauroursodeoxycholic-acid.jpg\",\"width\":500,\"height\":500,\"caption\":\"tauroursodeoxycholic acid\"},{\"@type\":\"BreadcrumbList\",\"@id\":\"https:\\\/\\\/naturalpoland.com\\\/cs\\\/produkty\\\/produkty-pro-farmaceuticky-a-zdravotnicky-prumysl\\\/pridavky-k-doplnkum-stravy\\\/kyselina-tauroursodeoxycholova-tudca\\\/#breadcrumb\",\"itemListElement\":[{\"@type\":\"ListItem\",\"position\":1,\"name\":\"Dom\u016f\",\"item\":\"https:\\\/\\\/naturalpoland.com\\\/cs\\\/\"},{\"@type\":\"ListItem\",\"position\":2,\"name\":\"Produkty\",\"item\":\"https:\\\/\\\/naturalpoland.com\\\/cs\\\/produkty\\\/\"},{\"@type\":\"ListItem\",\"position\":3,\"name\":\"Kyselina tauroursodeoxycholov\u00e1 (TUDCA)\"}]},{\"@type\":\"WebSite\",\"@id\":\"https:\\\/\\\/naturalpoland.com\\\/cs\\\/#website\",\"url\":\"https:\\\/\\\/naturalpoland.com\\\/cs\\\/\",\"name\":\"NATURAL POLAND - Velkoobchodn\u00ed distributor surovin\",\"description\":\"Surowce dla przemys\u0142u spo\u017cywczego, kosmetycznego i farmaceutycznego\",\"publisher\":{\"@id\":\"https:\\\/\\\/naturalpoland.com\\\/cs\\\/#organization\"},\"potentialAction\":[{\"@type\":\"SearchAction\",\"target\":{\"@type\":\"EntryPoint\",\"urlTemplate\":\"https:\\\/\\\/naturalpoland.com\\\/cs\\\/?s={search_term_string}\"},\"query-input\":{\"@type\":\"PropertyValueSpecification\",\"valueRequired\":true,\"valueName\":\"search_term_string\"}}],\"inLanguage\":\"cs\"},{\"@type\":\"Organization\",\"@id\":\"https:\\\/\\\/naturalpoland.com\\\/cs\\\/#organization\",\"name\":\"Natural Poland\",\"url\":\"https:\\\/\\\/naturalpoland.com\\\/cs\\\/\",\"logo\":{\"@type\":\"ImageObject\",\"inLanguage\":\"cs\",\"@id\":\"https:\\\/\\\/naturalpoland.com\\\/cs\\\/#\\\/schema\\\/logo\\\/image\\\/\",\"url\":\"https:\\\/\\\/naturalpoland.com\\\/wp-content\\\/uploads\\\/2021\\\/05\\\/natural-poland-icon.png\",\"contentUrl\":\"https:\\\/\\\/naturalpoland.com\\\/wp-content\\\/uploads\\\/2021\\\/05\\\/natural-poland-icon.png\",\"width\":512,\"height\":512,\"caption\":\"Natural Poland\"},\"image\":{\"@id\":\"https:\\\/\\\/naturalpoland.com\\\/cs\\\/#\\\/schema\\\/logo\\\/image\\\/\"},\"sameAs\":[\"https:\\\/\\\/www.facebook.com\\\/naturalpoland.b2b\",\"https:\\\/\\\/pl.linkedin.com\\\/company\\\/natural-poland\",\"https:\\\/\\\/www.youtube.com\\\/channel\\\/UCgeGGkvOMahZo-xu_MSEWxg\"]}]}<\/script>\n<!-- \/ Yoast SEO plugin. -->","yoast_head_json":{"title":"Kyselina tauroursodeoxycholov\u00e1 (TUDCA) - Velkoobchodn\u00ed distributor","description":"TUDCA je cenn\u00fdm n\u00e1strojem na podporu zdrav\u00ed jater, regenerace a celkov\u00e9 homeost\u00e1zy organismu p\u0159i intenzivn\u00edm cvi\u010den\u00ed.","robots":{"index":"index","follow":"follow","max-snippet":"max-snippet:-1","max-image-preview":"max-image-preview:large","max-video-preview":"max-video-preview:-1"},"canonical":"https:\/\/naturalpoland.com\/cs\/produkty\/produkty-pro-farmaceuticky-a-zdravotnicky-prumysl\/pridavky-k-doplnkum-stravy\/kyselina-tauroursodeoxycholova-tudca\/","og_locale":"cs_CZ","og_type":"article","og_title":"Kyselina tauroursodeoxycholov\u00e1 (TUDCA) - Velkoobchodn\u00ed distributor","og_description":"TUDCA je cenn\u00fdm n\u00e1strojem na podporu zdrav\u00ed jater, regenerace a celkov\u00e9 homeost\u00e1zy organismu p\u0159i intenzivn\u00edm cvi\u010den\u00ed.","og_url":"https:\/\/naturalpoland.com\/cs\/produkty\/produkty-pro-farmaceuticky-a-zdravotnicky-prumysl\/pridavky-k-doplnkum-stravy\/kyselina-tauroursodeoxycholova-tudca\/","og_site_name":"NATURAL POLAND - Velkoobchodn\u00ed distributor surovin","article_publisher":"https:\/\/www.facebook.com\/naturalpoland.b2b","og_image":[{"width":500,"height":500,"url":"https:\/\/naturalpoland.com\/wp-content\/uploads\/tauroursodeoxycholic-acid.jpg","type":"image\/jpeg"}],"schema":{"@context":"https:\/\/schema.org","@graph":[{"@type":"WebPage","@id":"https:\/\/naturalpoland.com\/cs\/produkty\/produkty-pro-farmaceuticky-a-zdravotnicky-prumysl\/pridavky-k-doplnkum-stravy\/kyselina-tauroursodeoxycholova-tudca\/","url":"https:\/\/naturalpoland.com\/cs\/produkty\/produkty-pro-farmaceuticky-a-zdravotnicky-prumysl\/pridavky-k-doplnkum-stravy\/kyselina-tauroursodeoxycholova-tudca\/","name":"Kyselina tauroursodeoxycholov\u00e1 (TUDCA) - Velkoobchodn\u00ed distributor","isPartOf":{"@id":"https:\/\/naturalpoland.com\/cs\/#website"},"primaryImageOfPage":{"@id":"https:\/\/naturalpoland.com\/cs\/produkty\/produkty-pro-farmaceuticky-a-zdravotnicky-prumysl\/pridavky-k-doplnkum-stravy\/kyselina-tauroursodeoxycholova-tudca\/#primaryimage"},"image":{"@id":"https:\/\/naturalpoland.com\/cs\/produkty\/produkty-pro-farmaceuticky-a-zdravotnicky-prumysl\/pridavky-k-doplnkum-stravy\/kyselina-tauroursodeoxycholova-tudca\/#primaryimage"},"thumbnailUrl":"https:\/\/naturalpoland.com\/wp-content\/uploads\/tauroursodeoxycholic-acid.jpg","datePublished":"2024-04-29T12:58:35+00:00","description":"TUDCA je cenn\u00fdm n\u00e1strojem na podporu zdrav\u00ed jater, regenerace a celkov\u00e9 homeost\u00e1zy organismu p\u0159i intenzivn\u00edm cvi\u010den\u00ed.","breadcrumb":{"@id":"https:\/\/naturalpoland.com\/cs\/produkty\/produkty-pro-farmaceuticky-a-zdravotnicky-prumysl\/pridavky-k-doplnkum-stravy\/kyselina-tauroursodeoxycholova-tudca\/#breadcrumb"},"inLanguage":"cs","potentialAction":[{"@type":"ReadAction","target":["https:\/\/naturalpoland.com\/cs\/produkty\/produkty-pro-farmaceuticky-a-zdravotnicky-prumysl\/pridavky-k-doplnkum-stravy\/kyselina-tauroursodeoxycholova-tudca\/"]}]},{"@type":"ImageObject","inLanguage":"cs","@id":"https:\/\/naturalpoland.com\/cs\/produkty\/produkty-pro-farmaceuticky-a-zdravotnicky-prumysl\/pridavky-k-doplnkum-stravy\/kyselina-tauroursodeoxycholova-tudca\/#primaryimage","url":"https:\/\/naturalpoland.com\/wp-content\/uploads\/tauroursodeoxycholic-acid.jpg","contentUrl":"https:\/\/naturalpoland.com\/wp-content\/uploads\/tauroursodeoxycholic-acid.jpg","width":500,"height":500,"caption":"tauroursodeoxycholic acid"},{"@type":"BreadcrumbList","@id":"https:\/\/naturalpoland.com\/cs\/produkty\/produkty-pro-farmaceuticky-a-zdravotnicky-prumysl\/pridavky-k-doplnkum-stravy\/kyselina-tauroursodeoxycholova-tudca\/#breadcrumb","itemListElement":[{"@type":"ListItem","position":1,"name":"Dom\u016f","item":"https:\/\/naturalpoland.com\/cs\/"},{"@type":"ListItem","position":2,"name":"Produkty","item":"https:\/\/naturalpoland.com\/cs\/produkty\/"},{"@type":"ListItem","position":3,"name":"Kyselina tauroursodeoxycholov\u00e1 (TUDCA)"}]},{"@type":"WebSite","@id":"https:\/\/naturalpoland.com\/cs\/#website","url":"https:\/\/naturalpoland.com\/cs\/","name":"NATURAL POLAND - Velkoobchodn\u00ed distributor surovin","description":"Surowce dla przemys\u0142u spo\u017cywczego, kosmetycznego i farmaceutycznego","publisher":{"@id":"https:\/\/naturalpoland.com\/cs\/#organization"},"potentialAction":[{"@type":"SearchAction","target":{"@type":"EntryPoint","urlTemplate":"https:\/\/naturalpoland.com\/cs\/?s={search_term_string}"},"query-input":{"@type":"PropertyValueSpecification","valueRequired":true,"valueName":"search_term_string"}}],"inLanguage":"cs"},{"@type":"Organization","@id":"https:\/\/naturalpoland.com\/cs\/#organization","name":"Natural Poland","url":"https:\/\/naturalpoland.com\/cs\/","logo":{"@type":"ImageObject","inLanguage":"cs","@id":"https:\/\/naturalpoland.com\/cs\/#\/schema\/logo\/image\/","url":"https:\/\/naturalpoland.com\/wp-content\/uploads\/2021\/05\/natural-poland-icon.png","contentUrl":"https:\/\/naturalpoland.com\/wp-content\/uploads\/2021\/05\/natural-poland-icon.png","width":512,"height":512,"caption":"Natural Poland"},"image":{"@id":"https:\/\/naturalpoland.com\/cs\/#\/schema\/logo\/image\/"},"sameAs":["https:\/\/www.facebook.com\/naturalpoland.b2b","https:\/\/pl.linkedin.com\/company\/natural-poland","https:\/\/www.youtube.com\/channel\/UCgeGGkvOMahZo-xu_MSEWxg"]}]}},"_links":{"self":[{"href":"https:\/\/naturalpoland.com\/cs\/wp-json\/wp\/v2\/product\/31535","targetHints":{"allow":["GET"]}}],"collection":[{"href":"https:\/\/naturalpoland.com\/cs\/wp-json\/wp\/v2\/product"}],"about":[{"href":"https:\/\/naturalpoland.com\/cs\/wp-json\/wp\/v2\/types\/product"}],"wp:featuredmedia":[{"embeddable":true,"href":"https:\/\/naturalpoland.com\/cs\/wp-json\/wp\/v2\/media\/31303"}],"wp:attachment":[{"href":"https:\/\/naturalpoland.com\/cs\/wp-json\/wp\/v2\/media?parent=31535"}],"wp:term":[{"taxonomy":"product_brand","embeddable":true,"href":"https:\/\/naturalpoland.com\/cs\/wp-json\/wp\/v2\/product_brand?post=31535"},{"taxonomy":"product_cat","embeddable":true,"href":"https:\/\/naturalpoland.com\/cs\/wp-json\/wp\/v2\/product_cat?post=31535"},{"taxonomy":"product_tag","embeddable":true,"href":"https:\/\/naturalpoland.com\/cs\/wp-json\/wp\/v2\/product_tag?post=31535"}],"curies":[{"name":"wp","href":"https:\/\/api.w.org\/{rel}","templated":true}]}}