{"id":31866,"date":"2024-05-09T14:25:22","date_gmt":"2024-05-13T11:33:37","guid":{"rendered":"https:\/\/naturalpoland.com\/produkty\/neza\u0159azen\u00e9\/hydrolat-ylang-ylang\/"},"modified":"2024-05-13T13:33:37","modified_gmt":"2024-05-13T11:33:37","slug":"hydrolat-ylang-ylang","status":"publish","type":"product","link":"https:\/\/naturalpoland.com\/cs\/produkty\/produkty-pro-kosmeticky-prumysl\/hydrolaty-cs\/hydrolat-ylang-ylang\/","title":{"rendered":"Hydrol\u00e1t ylang-ylang"},"content":{"rendered":"<p>Vlastnosti:<\/p>\n<p>Hydrol\u00e1t ylang-ylang je d\u00edky sv\u00fdm <strong>relaxa\u010dn\u00edm vlastnostem<\/strong> ide\u00e1ln\u00ed pro ve\u010dern\u00ed p\u00e9\u010di, kdy pom\u00e1h\u00e1 zklidnit mysl a p\u0159ipravit t\u011blo na sp\u00e1nek. Jeho tonizuj\u00edc\u00ed \u00fa\u010dinky dod\u00e1vaj\u00ed pleti sv\u011b\u017eej\u0161\u00ed a vit\u00e1ln\u011bj\u0161\u00ed vzhled, co\u017e je d\u016fle\u017eit\u00e9 zejm\u00e9na pro ty, kte\u0159\u00ed se pot\u00fdkaj\u00ed se zn\u00e1mkami \u00fanavy pleti.<\/p>\n<p>Pou\u017eit\u00ed:<\/p>\n<p>Hydrol\u00e1t ylang-ylang lze pou\u017e\u00edt jako jemn\u00e9<strong> ple\u0165ov\u00e9 tonikum<\/strong>, kter\u00e9 po dlouh\u00e9m dni o\u017eiv\u00ed a obnov\u00ed rovnov\u00e1hu pleti. M\u016f\u017ee se tak\u00e9 pou\u017e\u00edvat jako <strong>slo\u017eka masek na<\/strong> podporu regenerace poko\u017eky a d\u00edky sv\u00fdm p\u0159irozen\u00fdm zklid\u0148uj\u00edc\u00edm vlastnostem je skv\u011bl\u00fdm dopl\u0148kem produkt\u016f ur\u010den\u00fdch pro citlivou a podr\u00e1\u017ed\u011bnou ple\u0165.<\/p>\n<p>P\u0159i ka\u017edodenn\u00edm pou\u017e\u00edv\u00e1n\u00ed nejen zlep\u0161uje stav poko\u017eky, ale tak\u00e9 vn\u00e1\u0161\u00ed do dom\u00e1c\u00edch l\u00e1zn\u00ed prvek aromaterapie a nab\u00edz\u00ed chv\u00edle relaxace a po\u017eitku. Hydrol\u00e1t ylang-ylang je v\u00edc ne\u017e jen p\u00e9\u010de o ple\u0165; je to z\u00e1\u017eitek, kter\u00fd zklid\u0148uje t\u011blo i du\u0161i.<\/p>\n","protected":false},"excerpt":{"rendered":"<p>Hydrol\u00e1t ylang-ylang se z\u00edsk\u00e1v\u00e1 destilac\u00ed s vodn\u00ed parou z kv\u011bt\u016f stromu ylang-ylang. M\u00e1 hlubokou exotickou v\u016fni, kter\u00e1 uvol\u0148uje stres a nap\u011bt\u00ed.<\/p>\n","protected":false},"featured_media":31697,"template":"","meta":{"_acf_changed":false},"product_brand":[],"product_cat":[3548],"product_tag":[],"class_list":{"0":"post-31866","1":"product","2":"type-product","3":"status-publish","4":"has-post-thumbnail","6":"product_cat-hydrolaty-cs","7":"pa_grupa-substancji-destilaty","9":"first","10":"instock","11":"shipping-taxable","12":"product-type-simple"},"acf":[],"yoast_head":"<!-- This site is optimized with the Yoast SEO plugin v27.5 - https:\/\/yoast.com\/product\/yoast-seo-wordpress\/ -->\n<title>Hydrol\u00e1t ylang-ylang - Velkoobchodn\u00ed distributor<\/title>\n<meta name=\"description\" content=\"Hydrol\u00e1t ylang-ylang, z\u00edsk\u00e1van\u00fd destilac\u00ed vodn\u00ed parou z kv\u011bt\u016f stromu ylang-ylang, je p\u0159\u00edrodn\u00edm prost\u0159edkem ke zlep\u0161en\u00ed pohody.\" \/>\n<meta name=\"robots\" content=\"index, follow, max-snippet:-1, max-image-preview:large, max-video-preview:-1\" \/>\n<link rel=\"canonical\" href=\"https:\/\/naturalpoland.com\/cs\/produkty\/produkty-pro-kosmeticky-prumysl\/hydrolaty-cs\/hydrolat-ylang-ylang\/\" \/>\n<meta property=\"og:locale\" content=\"cs_CZ\" \/>\n<meta property=\"og:type\" content=\"article\" \/>\n<meta property=\"og:title\" content=\"Hydrol\u00e1t ylang-ylang - Velkoobchodn\u00ed distributor\" \/>\n<meta property=\"og:description\" content=\"Hydrol\u00e1t ylang-ylang, z\u00edsk\u00e1van\u00fd destilac\u00ed vodn\u00ed parou z kv\u011bt\u016f stromu ylang-ylang, je p\u0159\u00edrodn\u00edm prost\u0159edkem ke zlep\u0161en\u00ed pohody.\" \/>\n<meta property=\"og:url\" content=\"https:\/\/naturalpoland.com\/cs\/produkty\/produkty-pro-kosmeticky-prumysl\/hydrolaty-cs\/hydrolat-ylang-ylang\/\" \/>\n<meta property=\"og:site_name\" content=\"NATURAL POLAND - Velkoobchodn\u00ed distributor surovin\" \/>\n<meta property=\"article:publisher\" content=\"https:\/\/www.facebook.com\/naturalpoland.b2b\" \/>\n<meta property=\"og:image\" content=\"https:\/\/naturalpoland.com\/wp-content\/uploads\/hydrolat_ylang-ylang.webp\" \/>\n\t<meta property=\"og:image:width\" content=\"614\" \/>\n\t<meta property=\"og:image:height\" content=\"614\" \/>\n\t<meta property=\"og:image:type\" content=\"image\/webp\" \/>\n<script type=\"application\/ld+json\" class=\"yoast-schema-graph\">{\"@context\":\"https:\\\/\\\/schema.org\",\"@graph\":[{\"@type\":\"WebPage\",\"@id\":\"https:\\\/\\\/naturalpoland.com\\\/cs\\\/produkty\\\/produkty-pro-kosmeticky-prumysl\\\/hydrolaty-cs\\\/hydrolat-ylang-ylang\\\/\",\"url\":\"https:\\\/\\\/naturalpoland.com\\\/cs\\\/produkty\\\/produkty-pro-kosmeticky-prumysl\\\/hydrolaty-cs\\\/hydrolat-ylang-ylang\\\/\",\"name\":\"Hydrol\u00e1t ylang-ylang - Velkoobchodn\u00ed distributor\",\"isPartOf\":{\"@id\":\"https:\\\/\\\/naturalpoland.com\\\/cs\\\/#website\"},\"primaryImageOfPage\":{\"@id\":\"https:\\\/\\\/naturalpoland.com\\\/cs\\\/produkty\\\/produkty-pro-kosmeticky-prumysl\\\/hydrolaty-cs\\\/hydrolat-ylang-ylang\\\/#primaryimage\"},\"image\":{\"@id\":\"https:\\\/\\\/naturalpoland.com\\\/cs\\\/produkty\\\/produkty-pro-kosmeticky-prumysl\\\/hydrolaty-cs\\\/hydrolat-ylang-ylang\\\/#primaryimage\"},\"thumbnailUrl\":\"https:\\\/\\\/naturalpoland.com\\\/wp-content\\\/uploads\\\/hydrolat_ylang-ylang.webp\",\"datePublished\":\"2024-05-13T11:33:37+00:00\",\"description\":\"Hydrol\u00e1t ylang-ylang, z\u00edsk\u00e1van\u00fd destilac\u00ed vodn\u00ed parou z kv\u011bt\u016f stromu ylang-ylang, je p\u0159\u00edrodn\u00edm prost\u0159edkem ke zlep\u0161en\u00ed pohody.\",\"breadcrumb\":{\"@id\":\"https:\\\/\\\/naturalpoland.com\\\/cs\\\/produkty\\\/produkty-pro-kosmeticky-prumysl\\\/hydrolaty-cs\\\/hydrolat-ylang-ylang\\\/#breadcrumb\"},\"inLanguage\":\"cs\",\"potentialAction\":[{\"@type\":\"ReadAction\",\"target\":[\"https:\\\/\\\/naturalpoland.com\\\/cs\\\/produkty\\\/produkty-pro-kosmeticky-prumysl\\\/hydrolaty-cs\\\/hydrolat-ylang-ylang\\\/\"]}]},{\"@type\":\"ImageObject\",\"inLanguage\":\"cs\",\"@id\":\"https:\\\/\\\/naturalpoland.com\\\/cs\\\/produkty\\\/produkty-pro-kosmeticky-prumysl\\\/hydrolaty-cs\\\/hydrolat-ylang-ylang\\\/#primaryimage\",\"url\":\"https:\\\/\\\/naturalpoland.com\\\/wp-content\\\/uploads\\\/hydrolat_ylang-ylang.webp\",\"contentUrl\":\"https:\\\/\\\/naturalpoland.com\\\/wp-content\\\/uploads\\\/hydrolat_ylang-ylang.webp\",\"width\":614,\"height\":614,\"caption\":\"Hydrolat ylang-ylang\"},{\"@type\":\"BreadcrumbList\",\"@id\":\"https:\\\/\\\/naturalpoland.com\\\/cs\\\/produkty\\\/produkty-pro-kosmeticky-prumysl\\\/hydrolaty-cs\\\/hydrolat-ylang-ylang\\\/#breadcrumb\",\"itemListElement\":[{\"@type\":\"ListItem\",\"position\":1,\"name\":\"Dom\u016f\",\"item\":\"https:\\\/\\\/naturalpoland.com\\\/cs\\\/\"},{\"@type\":\"ListItem\",\"position\":2,\"name\":\"Produkty\",\"item\":\"https:\\\/\\\/naturalpoland.com\\\/cs\\\/produkty\\\/\"},{\"@type\":\"ListItem\",\"position\":3,\"name\":\"Hydrol\u00e1t ylang-ylang\"}]},{\"@type\":\"WebSite\",\"@id\":\"https:\\\/\\\/naturalpoland.com\\\/cs\\\/#website\",\"url\":\"https:\\\/\\\/naturalpoland.com\\\/cs\\\/\",\"name\":\"NATURAL POLAND - Velkoobchodn\u00ed distributor surovin\",\"description\":\"Surowce dla przemys\u0142u spo\u017cywczego, kosmetycznego i farmaceutycznego\",\"publisher\":{\"@id\":\"https:\\\/\\\/naturalpoland.com\\\/cs\\\/#organization\"},\"potentialAction\":[{\"@type\":\"SearchAction\",\"target\":{\"@type\":\"EntryPoint\",\"urlTemplate\":\"https:\\\/\\\/naturalpoland.com\\\/cs\\\/?s={search_term_string}\"},\"query-input\":{\"@type\":\"PropertyValueSpecification\",\"valueRequired\":true,\"valueName\":\"search_term_string\"}}],\"inLanguage\":\"cs\"},{\"@type\":\"Organization\",\"@id\":\"https:\\\/\\\/naturalpoland.com\\\/cs\\\/#organization\",\"name\":\"Natural Poland\",\"url\":\"https:\\\/\\\/naturalpoland.com\\\/cs\\\/\",\"logo\":{\"@type\":\"ImageObject\",\"inLanguage\":\"cs\",\"@id\":\"https:\\\/\\\/naturalpoland.com\\\/cs\\\/#\\\/schema\\\/logo\\\/image\\\/\",\"url\":\"https:\\\/\\\/naturalpoland.com\\\/wp-content\\\/uploads\\\/2021\\\/05\\\/natural-poland-icon.png\",\"contentUrl\":\"https:\\\/\\\/naturalpoland.com\\\/wp-content\\\/uploads\\\/2021\\\/05\\\/natural-poland-icon.png\",\"width\":512,\"height\":512,\"caption\":\"Natural Poland\"},\"image\":{\"@id\":\"https:\\\/\\\/naturalpoland.com\\\/cs\\\/#\\\/schema\\\/logo\\\/image\\\/\"},\"sameAs\":[\"https:\\\/\\\/www.facebook.com\\\/naturalpoland.b2b\",\"https:\\\/\\\/pl.linkedin.com\\\/company\\\/natural-poland\",\"https:\\\/\\\/www.youtube.com\\\/channel\\\/UCgeGGkvOMahZo-xu_MSEWxg\"]}]}<\/script>\n<!-- \/ Yoast SEO plugin. -->","yoast_head_json":{"title":"Hydrol\u00e1t ylang-ylang - Velkoobchodn\u00ed distributor","description":"Hydrol\u00e1t ylang-ylang, z\u00edsk\u00e1van\u00fd destilac\u00ed vodn\u00ed parou z kv\u011bt\u016f stromu ylang-ylang, je p\u0159\u00edrodn\u00edm prost\u0159edkem ke zlep\u0161en\u00ed pohody.","robots":{"index":"index","follow":"follow","max-snippet":"max-snippet:-1","max-image-preview":"max-image-preview:large","max-video-preview":"max-video-preview:-1"},"canonical":"https:\/\/naturalpoland.com\/cs\/produkty\/produkty-pro-kosmeticky-prumysl\/hydrolaty-cs\/hydrolat-ylang-ylang\/","og_locale":"cs_CZ","og_type":"article","og_title":"Hydrol\u00e1t ylang-ylang - Velkoobchodn\u00ed distributor","og_description":"Hydrol\u00e1t ylang-ylang, z\u00edsk\u00e1van\u00fd destilac\u00ed vodn\u00ed parou z kv\u011bt\u016f stromu ylang-ylang, je p\u0159\u00edrodn\u00edm prost\u0159edkem ke zlep\u0161en\u00ed pohody.","og_url":"https:\/\/naturalpoland.com\/cs\/produkty\/produkty-pro-kosmeticky-prumysl\/hydrolaty-cs\/hydrolat-ylang-ylang\/","og_site_name":"NATURAL POLAND - Velkoobchodn\u00ed distributor surovin","article_publisher":"https:\/\/www.facebook.com\/naturalpoland.b2b","og_image":[{"width":614,"height":614,"url":"https:\/\/naturalpoland.com\/wp-content\/uploads\/hydrolat_ylang-ylang.webp","type":"image\/webp"}],"schema":{"@context":"https:\/\/schema.org","@graph":[{"@type":"WebPage","@id":"https:\/\/naturalpoland.com\/cs\/produkty\/produkty-pro-kosmeticky-prumysl\/hydrolaty-cs\/hydrolat-ylang-ylang\/","url":"https:\/\/naturalpoland.com\/cs\/produkty\/produkty-pro-kosmeticky-prumysl\/hydrolaty-cs\/hydrolat-ylang-ylang\/","name":"Hydrol\u00e1t ylang-ylang - Velkoobchodn\u00ed distributor","isPartOf":{"@id":"https:\/\/naturalpoland.com\/cs\/#website"},"primaryImageOfPage":{"@id":"https:\/\/naturalpoland.com\/cs\/produkty\/produkty-pro-kosmeticky-prumysl\/hydrolaty-cs\/hydrolat-ylang-ylang\/#primaryimage"},"image":{"@id":"https:\/\/naturalpoland.com\/cs\/produkty\/produkty-pro-kosmeticky-prumysl\/hydrolaty-cs\/hydrolat-ylang-ylang\/#primaryimage"},"thumbnailUrl":"https:\/\/naturalpoland.com\/wp-content\/uploads\/hydrolat_ylang-ylang.webp","datePublished":"2024-05-13T11:33:37+00:00","description":"Hydrol\u00e1t ylang-ylang, z\u00edsk\u00e1van\u00fd destilac\u00ed vodn\u00ed parou z kv\u011bt\u016f stromu ylang-ylang, je p\u0159\u00edrodn\u00edm prost\u0159edkem ke zlep\u0161en\u00ed pohody.","breadcrumb":{"@id":"https:\/\/naturalpoland.com\/cs\/produkty\/produkty-pro-kosmeticky-prumysl\/hydrolaty-cs\/hydrolat-ylang-ylang\/#breadcrumb"},"inLanguage":"cs","potentialAction":[{"@type":"ReadAction","target":["https:\/\/naturalpoland.com\/cs\/produkty\/produkty-pro-kosmeticky-prumysl\/hydrolaty-cs\/hydrolat-ylang-ylang\/"]}]},{"@type":"ImageObject","inLanguage":"cs","@id":"https:\/\/naturalpoland.com\/cs\/produkty\/produkty-pro-kosmeticky-prumysl\/hydrolaty-cs\/hydrolat-ylang-ylang\/#primaryimage","url":"https:\/\/naturalpoland.com\/wp-content\/uploads\/hydrolat_ylang-ylang.webp","contentUrl":"https:\/\/naturalpoland.com\/wp-content\/uploads\/hydrolat_ylang-ylang.webp","width":614,"height":614,"caption":"Hydrolat ylang-ylang"},{"@type":"BreadcrumbList","@id":"https:\/\/naturalpoland.com\/cs\/produkty\/produkty-pro-kosmeticky-prumysl\/hydrolaty-cs\/hydrolat-ylang-ylang\/#breadcrumb","itemListElement":[{"@type":"ListItem","position":1,"name":"Dom\u016f","item":"https:\/\/naturalpoland.com\/cs\/"},{"@type":"ListItem","position":2,"name":"Produkty","item":"https:\/\/naturalpoland.com\/cs\/produkty\/"},{"@type":"ListItem","position":3,"name":"Hydrol\u00e1t ylang-ylang"}]},{"@type":"WebSite","@id":"https:\/\/naturalpoland.com\/cs\/#website","url":"https:\/\/naturalpoland.com\/cs\/","name":"NATURAL POLAND - Velkoobchodn\u00ed distributor surovin","description":"Surowce dla przemys\u0142u spo\u017cywczego, kosmetycznego i farmaceutycznego","publisher":{"@id":"https:\/\/naturalpoland.com\/cs\/#organization"},"potentialAction":[{"@type":"SearchAction","target":{"@type":"EntryPoint","urlTemplate":"https:\/\/naturalpoland.com\/cs\/?s={search_term_string}"},"query-input":{"@type":"PropertyValueSpecification","valueRequired":true,"valueName":"search_term_string"}}],"inLanguage":"cs"},{"@type":"Organization","@id":"https:\/\/naturalpoland.com\/cs\/#organization","name":"Natural Poland","url":"https:\/\/naturalpoland.com\/cs\/","logo":{"@type":"ImageObject","inLanguage":"cs","@id":"https:\/\/naturalpoland.com\/cs\/#\/schema\/logo\/image\/","url":"https:\/\/naturalpoland.com\/wp-content\/uploads\/2021\/05\/natural-poland-icon.png","contentUrl":"https:\/\/naturalpoland.com\/wp-content\/uploads\/2021\/05\/natural-poland-icon.png","width":512,"height":512,"caption":"Natural Poland"},"image":{"@id":"https:\/\/naturalpoland.com\/cs\/#\/schema\/logo\/image\/"},"sameAs":["https:\/\/www.facebook.com\/naturalpoland.b2b","https:\/\/pl.linkedin.com\/company\/natural-poland","https:\/\/www.youtube.com\/channel\/UCgeGGkvOMahZo-xu_MSEWxg"]}]}},"_links":{"self":[{"href":"https:\/\/naturalpoland.com\/cs\/wp-json\/wp\/v2\/product\/31866","targetHints":{"allow":["GET"]}}],"collection":[{"href":"https:\/\/naturalpoland.com\/cs\/wp-json\/wp\/v2\/product"}],"about":[{"href":"https:\/\/naturalpoland.com\/cs\/wp-json\/wp\/v2\/types\/product"}],"wp:featuredmedia":[{"embeddable":true,"href":"https:\/\/naturalpoland.com\/cs\/wp-json\/wp\/v2\/media\/31697"}],"wp:attachment":[{"href":"https:\/\/naturalpoland.com\/cs\/wp-json\/wp\/v2\/media?parent=31866"}],"wp:term":[{"taxonomy":"product_brand","embeddable":true,"href":"https:\/\/naturalpoland.com\/cs\/wp-json\/wp\/v2\/product_brand?post=31866"},{"taxonomy":"product_cat","embeddable":true,"href":"https:\/\/naturalpoland.com\/cs\/wp-json\/wp\/v2\/product_cat?post=31866"},{"taxonomy":"product_tag","embeddable":true,"href":"https:\/\/naturalpoland.com\/cs\/wp-json\/wp\/v2\/product_tag?post=31866"}],"curies":[{"name":"wp","href":"https:\/\/api.w.org\/{rel}","templated":true}]}}