{"id":31867,"date":"2024-05-09T14:11:18","date_gmt":"2024-05-13T11:33:37","guid":{"rendered":"https:\/\/naturalpoland.com\/produkty\/neza\u0159azen\u00e9\/trezalkovy-hydrolat\/"},"modified":"2024-05-13T13:33:37","modified_gmt":"2024-05-13T11:33:37","slug":"trezalkovy-hydrolat","status":"publish","type":"product","link":"https:\/\/naturalpoland.com\/cs\/produkty\/produkty-pro-kosmeticky-prumysl\/hydrolaty-cs\/trezalkovy-hydrolat\/","title":{"rendered":"T\u0159ezalkov\u00fd hydrol\u00e1t"},"content":{"rendered":"<p>T\u0159ezalkov\u00fd hydrol\u00e1t je bohat\u00fd na p\u0159\u00edrodn\u00ed slou\u010deniny, kter\u00e9 maj\u00ed antibakteri\u00e1ln\u00ed a protiz\u00e1n\u011btliv\u00e9 vlastnosti, tak\u017ee \u00fa\u010dinn\u011b zm\u00edr\u0148uje z\u00e1n\u011bty k\u016f\u017ee. P\u0159\u00edtomnost <strong>hypericinu<\/strong>, jedn\u00e9 z hlavn\u00edch \u00fa\u010dinn\u00fdch l\u00e1tek t\u0159ezalky te\u010dkovan\u00e9, p\u0159isp\u00edv\u00e1 k jej\u00edmu regenera\u010dn\u00edmu a hojiv\u00e9mu \u00fa\u010dinku. Tento hydrol\u00e1t tak\u00e9 pom\u00e1h\u00e1 redukovat zarudnut\u00ed a zlep\u0161uje celkov\u00fd vzhled pleti, kter\u00e1 je zdrav\u011bj\u0161\u00ed a jednotn\u011bj\u0161\u00ed.<\/p>\n<h3>Kosmetick\u00e9 aplikace<\/h3>\n<p>T\u0159ezalkov\u00fd hydrol\u00e1t je ide\u00e1ln\u00ed pro poko\u017eku, kter\u00e1 pot\u0159ebuje regeneraci, zejm\u00e9na po vystaven\u00ed vn\u011bj\u0161\u00edm faktor\u016fm, kter\u00e9 mohou v\u00e9st k podr\u00e1\u017ed\u011bn\u00ed a z\u00e1n\u011btu. M\u016f\u017ee se pou\u017e\u00edvat jako slo\u017eka tonik, kr\u00e9m\u016f i emulz\u00ed, kde jeho zklid\u0148uj\u00edc\u00ed a regenera\u010dn\u00ed \u00fa\u010dinky mohou p\u016fsobit jako podpora p\u0159i ka\u017edodenn\u00ed p\u00e9\u010di.<\/p>\n<p>D\u00edky sv\u00fdm protiz\u00e1n\u011btliv\u00fdm vlastnostem se nav\u00edc t\u0159ezalkov\u00fd hydrol\u00e1t doporu\u010duje zejm\u00e9na osob\u00e1m s problematickou plet\u00ed, v\u010detn\u011b akn\u00e9. Jeho pravideln\u00e9 pou\u017e\u00edv\u00e1n\u00ed m\u016f\u017ee pomoci zm\u00edrnit z\u00e1n\u011bt spojen\u00fd s pup\u00ednky, urychlit jejich hojen\u00ed a zabr\u00e1nit vzniku nov\u00fdch.<\/p>\n","protected":false},"excerpt":{"rendered":"<p>T\u0159ezalkov\u00fd hydrol\u00e1t se z\u00edsk\u00e1v\u00e1 destilac\u00ed kv\u011bt\u016f t\u0159ezalky s vodn\u00ed parou. M\u00e1 siln\u00e9 protiz\u00e1n\u011btliv\u00e9 \u00fa\u010dinky a schopnost podporovat hojen\u00ed poko\u017eky. D\u00edky sv\u00fdm bioaktivn\u00edm slo\u017ek\u00e1m, jako jsou <a href=\"https:\/\/naturalpoland.com\/artykuly\/produkty-naturalne\/czym-sa-i-jak-dzialaja-flawonoidy\/\">flavonoidy<\/a> a t\u0159\u00edsloviny, je tento hydrol\u00e1t vynikaj\u00edc\u00ed volbou pro osoby s ko\u017en\u00edmi probl\u00e9my.<\/p>\n","protected":false},"featured_media":31671,"template":"","meta":{"_acf_changed":false},"product_brand":[],"product_cat":[3548],"product_tag":[],"class_list":{"0":"post-31867","1":"product","2":"type-product","3":"status-publish","4":"has-post-thumbnail","6":"product_cat-hydrolaty-cs","7":"pa_grupa-substancji-destilaty","9":"first","10":"instock","11":"shipping-taxable","12":"product-type-simple"},"acf":[],"yoast_head":"<!-- This site is optimized with the Yoast SEO plugin v27.4 - https:\/\/yoast.com\/product\/yoast-seo-wordpress\/ -->\n<title>T\u0159ezalkov\u00fd hydrol\u00e1t - NATURAL POLAND - Velkoobchodn\u00ed distributor surovin<\/title>\n<meta name=\"description\" content=\"T\u0159ezalkov\u00fd hydrol\u00e1t je v p\u0159\u00edrodn\u00ed kosmetice cen\u011bn pro sv\u00e9 siln\u00e9 protiz\u00e1n\u011btliv\u00e9 \u00fa\u010dinky a schopnost podporovat hojen\u00ed poko\u017eky.\" \/>\n<meta name=\"robots\" content=\"index, follow, max-snippet:-1, max-image-preview:large, max-video-preview:-1\" \/>\n<link rel=\"canonical\" href=\"https:\/\/naturalpoland.com\/cs\/produkty\/produkty-pro-kosmeticky-prumysl\/hydrolaty-cs\/trezalkovy-hydrolat\/\" \/>\n<meta property=\"og:locale\" content=\"cs_CZ\" \/>\n<meta property=\"og:type\" content=\"article\" \/>\n<meta property=\"og:title\" content=\"T\u0159ezalkov\u00fd hydrol\u00e1t - NATURAL POLAND - Velkoobchodn\u00ed distributor surovin\" \/>\n<meta property=\"og:description\" content=\"T\u0159ezalkov\u00fd hydrol\u00e1t je v p\u0159\u00edrodn\u00ed kosmetice cen\u011bn pro sv\u00e9 siln\u00e9 protiz\u00e1n\u011btliv\u00e9 \u00fa\u010dinky a schopnost podporovat hojen\u00ed poko\u017eky.\" \/>\n<meta property=\"og:url\" content=\"https:\/\/naturalpoland.com\/cs\/produkty\/produkty-pro-kosmeticky-prumysl\/hydrolaty-cs\/trezalkovy-hydrolat\/\" \/>\n<meta property=\"og:site_name\" content=\"NATURAL POLAND - Velkoobchodn\u00ed distributor surovin\" \/>\n<meta property=\"article:publisher\" content=\"https:\/\/www.facebook.com\/naturalpoland.b2b\" \/>\n<meta property=\"og:image\" content=\"https:\/\/naturalpoland.com\/wp-content\/uploads\/hydrolat-z-dziurawca.webp\" \/>\n\t<meta property=\"og:image:width\" content=\"614\" \/>\n\t<meta property=\"og:image:height\" content=\"614\" \/>\n\t<meta property=\"og:image:type\" content=\"image\/webp\" \/>\n<script type=\"application\/ld+json\" class=\"yoast-schema-graph\">{\"@context\":\"https:\\\/\\\/schema.org\",\"@graph\":[{\"@type\":\"WebPage\",\"@id\":\"https:\\\/\\\/naturalpoland.com\\\/cs\\\/produkty\\\/produkty-pro-kosmeticky-prumysl\\\/hydrolaty-cs\\\/trezalkovy-hydrolat\\\/\",\"url\":\"https:\\\/\\\/naturalpoland.com\\\/cs\\\/produkty\\\/produkty-pro-kosmeticky-prumysl\\\/hydrolaty-cs\\\/trezalkovy-hydrolat\\\/\",\"name\":\"T\u0159ezalkov\u00fd hydrol\u00e1t - NATURAL POLAND - Velkoobchodn\u00ed distributor surovin\",\"isPartOf\":{\"@id\":\"https:\\\/\\\/naturalpoland.com\\\/cs\\\/#website\"},\"primaryImageOfPage\":{\"@id\":\"https:\\\/\\\/naturalpoland.com\\\/cs\\\/produkty\\\/produkty-pro-kosmeticky-prumysl\\\/hydrolaty-cs\\\/trezalkovy-hydrolat\\\/#primaryimage\"},\"image\":{\"@id\":\"https:\\\/\\\/naturalpoland.com\\\/cs\\\/produkty\\\/produkty-pro-kosmeticky-prumysl\\\/hydrolaty-cs\\\/trezalkovy-hydrolat\\\/#primaryimage\"},\"thumbnailUrl\":\"https:\\\/\\\/naturalpoland.com\\\/wp-content\\\/uploads\\\/hydrolat-z-dziurawca.webp\",\"datePublished\":\"2024-05-13T11:33:37+00:00\",\"description\":\"T\u0159ezalkov\u00fd hydrol\u00e1t je v p\u0159\u00edrodn\u00ed kosmetice cen\u011bn pro sv\u00e9 siln\u00e9 protiz\u00e1n\u011btliv\u00e9 \u00fa\u010dinky a schopnost podporovat hojen\u00ed poko\u017eky.\",\"breadcrumb\":{\"@id\":\"https:\\\/\\\/naturalpoland.com\\\/cs\\\/produkty\\\/produkty-pro-kosmeticky-prumysl\\\/hydrolaty-cs\\\/trezalkovy-hydrolat\\\/#breadcrumb\"},\"inLanguage\":\"cs\",\"potentialAction\":[{\"@type\":\"ReadAction\",\"target\":[\"https:\\\/\\\/naturalpoland.com\\\/cs\\\/produkty\\\/produkty-pro-kosmeticky-prumysl\\\/hydrolaty-cs\\\/trezalkovy-hydrolat\\\/\"]}]},{\"@type\":\"ImageObject\",\"inLanguage\":\"cs\",\"@id\":\"https:\\\/\\\/naturalpoland.com\\\/cs\\\/produkty\\\/produkty-pro-kosmeticky-prumysl\\\/hydrolaty-cs\\\/trezalkovy-hydrolat\\\/#primaryimage\",\"url\":\"https:\\\/\\\/naturalpoland.com\\\/wp-content\\\/uploads\\\/hydrolat-z-dziurawca.webp\",\"contentUrl\":\"https:\\\/\\\/naturalpoland.com\\\/wp-content\\\/uploads\\\/hydrolat-z-dziurawca.webp\",\"width\":614,\"height\":614,\"caption\":\"hydrolat z dziurawca\"},{\"@type\":\"BreadcrumbList\",\"@id\":\"https:\\\/\\\/naturalpoland.com\\\/cs\\\/produkty\\\/produkty-pro-kosmeticky-prumysl\\\/hydrolaty-cs\\\/trezalkovy-hydrolat\\\/#breadcrumb\",\"itemListElement\":[{\"@type\":\"ListItem\",\"position\":1,\"name\":\"Dom\u016f\",\"item\":\"https:\\\/\\\/naturalpoland.com\\\/cs\\\/\"},{\"@type\":\"ListItem\",\"position\":2,\"name\":\"Produkty\",\"item\":\"https:\\\/\\\/naturalpoland.com\\\/cs\\\/produkty\\\/\"},{\"@type\":\"ListItem\",\"position\":3,\"name\":\"T\u0159ezalkov\u00fd hydrol\u00e1t\"}]},{\"@type\":\"WebSite\",\"@id\":\"https:\\\/\\\/naturalpoland.com\\\/cs\\\/#website\",\"url\":\"https:\\\/\\\/naturalpoland.com\\\/cs\\\/\",\"name\":\"NATURAL POLAND - Velkoobchodn\u00ed distributor surovin\",\"description\":\"Surowce dla przemys\u0142u spo\u017cywczego, kosmetycznego i farmaceutycznego\",\"publisher\":{\"@id\":\"https:\\\/\\\/naturalpoland.com\\\/cs\\\/#organization\"},\"potentialAction\":[{\"@type\":\"SearchAction\",\"target\":{\"@type\":\"EntryPoint\",\"urlTemplate\":\"https:\\\/\\\/naturalpoland.com\\\/cs\\\/?s={search_term_string}\"},\"query-input\":{\"@type\":\"PropertyValueSpecification\",\"valueRequired\":true,\"valueName\":\"search_term_string\"}}],\"inLanguage\":\"cs\"},{\"@type\":\"Organization\",\"@id\":\"https:\\\/\\\/naturalpoland.com\\\/cs\\\/#organization\",\"name\":\"Natural Poland\",\"url\":\"https:\\\/\\\/naturalpoland.com\\\/cs\\\/\",\"logo\":{\"@type\":\"ImageObject\",\"inLanguage\":\"cs\",\"@id\":\"https:\\\/\\\/naturalpoland.com\\\/cs\\\/#\\\/schema\\\/logo\\\/image\\\/\",\"url\":\"https:\\\/\\\/naturalpoland.com\\\/wp-content\\\/uploads\\\/2021\\\/05\\\/natural-poland-icon.png\",\"contentUrl\":\"https:\\\/\\\/naturalpoland.com\\\/wp-content\\\/uploads\\\/2021\\\/05\\\/natural-poland-icon.png\",\"width\":512,\"height\":512,\"caption\":\"Natural Poland\"},\"image\":{\"@id\":\"https:\\\/\\\/naturalpoland.com\\\/cs\\\/#\\\/schema\\\/logo\\\/image\\\/\"},\"sameAs\":[\"https:\\\/\\\/www.facebook.com\\\/naturalpoland.b2b\",\"https:\\\/\\\/pl.linkedin.com\\\/company\\\/natural-poland\",\"https:\\\/\\\/www.youtube.com\\\/channel\\\/UCgeGGkvOMahZo-xu_MSEWxg\"]}]}<\/script>\n<!-- \/ Yoast SEO plugin. -->","yoast_head_json":{"title":"T\u0159ezalkov\u00fd hydrol\u00e1t - NATURAL POLAND - Velkoobchodn\u00ed distributor surovin","description":"T\u0159ezalkov\u00fd hydrol\u00e1t je v p\u0159\u00edrodn\u00ed kosmetice cen\u011bn pro sv\u00e9 siln\u00e9 protiz\u00e1n\u011btliv\u00e9 \u00fa\u010dinky a schopnost podporovat hojen\u00ed poko\u017eky.","robots":{"index":"index","follow":"follow","max-snippet":"max-snippet:-1","max-image-preview":"max-image-preview:large","max-video-preview":"max-video-preview:-1"},"canonical":"https:\/\/naturalpoland.com\/cs\/produkty\/produkty-pro-kosmeticky-prumysl\/hydrolaty-cs\/trezalkovy-hydrolat\/","og_locale":"cs_CZ","og_type":"article","og_title":"T\u0159ezalkov\u00fd hydrol\u00e1t - NATURAL POLAND - Velkoobchodn\u00ed distributor surovin","og_description":"T\u0159ezalkov\u00fd hydrol\u00e1t je v p\u0159\u00edrodn\u00ed kosmetice cen\u011bn pro sv\u00e9 siln\u00e9 protiz\u00e1n\u011btliv\u00e9 \u00fa\u010dinky a schopnost podporovat hojen\u00ed poko\u017eky.","og_url":"https:\/\/naturalpoland.com\/cs\/produkty\/produkty-pro-kosmeticky-prumysl\/hydrolaty-cs\/trezalkovy-hydrolat\/","og_site_name":"NATURAL POLAND - Velkoobchodn\u00ed distributor surovin","article_publisher":"https:\/\/www.facebook.com\/naturalpoland.b2b","og_image":[{"width":614,"height":614,"url":"https:\/\/naturalpoland.com\/wp-content\/uploads\/hydrolat-z-dziurawca.webp","type":"image\/webp"}],"schema":{"@context":"https:\/\/schema.org","@graph":[{"@type":"WebPage","@id":"https:\/\/naturalpoland.com\/cs\/produkty\/produkty-pro-kosmeticky-prumysl\/hydrolaty-cs\/trezalkovy-hydrolat\/","url":"https:\/\/naturalpoland.com\/cs\/produkty\/produkty-pro-kosmeticky-prumysl\/hydrolaty-cs\/trezalkovy-hydrolat\/","name":"T\u0159ezalkov\u00fd hydrol\u00e1t - NATURAL POLAND - Velkoobchodn\u00ed distributor surovin","isPartOf":{"@id":"https:\/\/naturalpoland.com\/cs\/#website"},"primaryImageOfPage":{"@id":"https:\/\/naturalpoland.com\/cs\/produkty\/produkty-pro-kosmeticky-prumysl\/hydrolaty-cs\/trezalkovy-hydrolat\/#primaryimage"},"image":{"@id":"https:\/\/naturalpoland.com\/cs\/produkty\/produkty-pro-kosmeticky-prumysl\/hydrolaty-cs\/trezalkovy-hydrolat\/#primaryimage"},"thumbnailUrl":"https:\/\/naturalpoland.com\/wp-content\/uploads\/hydrolat-z-dziurawca.webp","datePublished":"2024-05-13T11:33:37+00:00","description":"T\u0159ezalkov\u00fd hydrol\u00e1t je v p\u0159\u00edrodn\u00ed kosmetice cen\u011bn pro sv\u00e9 siln\u00e9 protiz\u00e1n\u011btliv\u00e9 \u00fa\u010dinky a schopnost podporovat hojen\u00ed poko\u017eky.","breadcrumb":{"@id":"https:\/\/naturalpoland.com\/cs\/produkty\/produkty-pro-kosmeticky-prumysl\/hydrolaty-cs\/trezalkovy-hydrolat\/#breadcrumb"},"inLanguage":"cs","potentialAction":[{"@type":"ReadAction","target":["https:\/\/naturalpoland.com\/cs\/produkty\/produkty-pro-kosmeticky-prumysl\/hydrolaty-cs\/trezalkovy-hydrolat\/"]}]},{"@type":"ImageObject","inLanguage":"cs","@id":"https:\/\/naturalpoland.com\/cs\/produkty\/produkty-pro-kosmeticky-prumysl\/hydrolaty-cs\/trezalkovy-hydrolat\/#primaryimage","url":"https:\/\/naturalpoland.com\/wp-content\/uploads\/hydrolat-z-dziurawca.webp","contentUrl":"https:\/\/naturalpoland.com\/wp-content\/uploads\/hydrolat-z-dziurawca.webp","width":614,"height":614,"caption":"hydrolat z dziurawca"},{"@type":"BreadcrumbList","@id":"https:\/\/naturalpoland.com\/cs\/produkty\/produkty-pro-kosmeticky-prumysl\/hydrolaty-cs\/trezalkovy-hydrolat\/#breadcrumb","itemListElement":[{"@type":"ListItem","position":1,"name":"Dom\u016f","item":"https:\/\/naturalpoland.com\/cs\/"},{"@type":"ListItem","position":2,"name":"Produkty","item":"https:\/\/naturalpoland.com\/cs\/produkty\/"},{"@type":"ListItem","position":3,"name":"T\u0159ezalkov\u00fd hydrol\u00e1t"}]},{"@type":"WebSite","@id":"https:\/\/naturalpoland.com\/cs\/#website","url":"https:\/\/naturalpoland.com\/cs\/","name":"NATURAL POLAND - Velkoobchodn\u00ed distributor surovin","description":"Surowce dla przemys\u0142u spo\u017cywczego, kosmetycznego i farmaceutycznego","publisher":{"@id":"https:\/\/naturalpoland.com\/cs\/#organization"},"potentialAction":[{"@type":"SearchAction","target":{"@type":"EntryPoint","urlTemplate":"https:\/\/naturalpoland.com\/cs\/?s={search_term_string}"},"query-input":{"@type":"PropertyValueSpecification","valueRequired":true,"valueName":"search_term_string"}}],"inLanguage":"cs"},{"@type":"Organization","@id":"https:\/\/naturalpoland.com\/cs\/#organization","name":"Natural Poland","url":"https:\/\/naturalpoland.com\/cs\/","logo":{"@type":"ImageObject","inLanguage":"cs","@id":"https:\/\/naturalpoland.com\/cs\/#\/schema\/logo\/image\/","url":"https:\/\/naturalpoland.com\/wp-content\/uploads\/2021\/05\/natural-poland-icon.png","contentUrl":"https:\/\/naturalpoland.com\/wp-content\/uploads\/2021\/05\/natural-poland-icon.png","width":512,"height":512,"caption":"Natural Poland"},"image":{"@id":"https:\/\/naturalpoland.com\/cs\/#\/schema\/logo\/image\/"},"sameAs":["https:\/\/www.facebook.com\/naturalpoland.b2b","https:\/\/pl.linkedin.com\/company\/natural-poland","https:\/\/www.youtube.com\/channel\/UCgeGGkvOMahZo-xu_MSEWxg"]}]}},"_links":{"self":[{"href":"https:\/\/naturalpoland.com\/cs\/wp-json\/wp\/v2\/product\/31867","targetHints":{"allow":["GET"]}}],"collection":[{"href":"https:\/\/naturalpoland.com\/cs\/wp-json\/wp\/v2\/product"}],"about":[{"href":"https:\/\/naturalpoland.com\/cs\/wp-json\/wp\/v2\/types\/product"}],"wp:featuredmedia":[{"embeddable":true,"href":"https:\/\/naturalpoland.com\/cs\/wp-json\/wp\/v2\/media\/31671"}],"wp:attachment":[{"href":"https:\/\/naturalpoland.com\/cs\/wp-json\/wp\/v2\/media?parent=31867"}],"wp:term":[{"taxonomy":"product_brand","embeddable":true,"href":"https:\/\/naturalpoland.com\/cs\/wp-json\/wp\/v2\/product_brand?post=31867"},{"taxonomy":"product_cat","embeddable":true,"href":"https:\/\/naturalpoland.com\/cs\/wp-json\/wp\/v2\/product_cat?post=31867"},{"taxonomy":"product_tag","embeddable":true,"href":"https:\/\/naturalpoland.com\/cs\/wp-json\/wp\/v2\/product_tag?post=31867"}],"curies":[{"name":"wp","href":"https:\/\/api.w.org\/{rel}","templated":true}]}}