{"id":31898,"date":"2024-05-08T16:15:00","date_gmt":"2024-05-13T11:39:16","guid":{"rendered":"https:\/\/naturalpoland.com\/produkty\/neza\u0159azen\u00e9\/hydrolat-pomerancoveho-kvetu\/"},"modified":"2024-05-13T13:39:16","modified_gmt":"2024-05-13T11:39:16","slug":"hydrolat-pomerancoveho-kvetu","status":"publish","type":"product","link":"https:\/\/naturalpoland.com\/cs\/produkty\/produkty-pro-kosmeticky-prumysl\/hydrolaty-cs\/hydrolat-pomerancoveho-kvetu\/","title":{"rendered":"Hydrol\u00e1t pomeran\u010dov\u00e9ho kv\u011btu"},"content":{"rendered":"<h3>Vlastnosti a slo\u017een\u00ed<\/h3>\n<p>Hydrol\u00e1t z pomeran\u010dov\u00fdch kv\u011bt\u016f je bohat\u00fd na p\u0159\u00edrodn\u00ed \u00fa\u010dinn\u00e9 l\u00e1tky, jako jsou antioxidanty, kter\u00e9 pom\u00e1haj\u00ed chr\u00e1nit poko\u017eku p\u0159ed po\u0161kozen\u00edm zp\u016fsoben\u00fdm vn\u011bj\u0161\u00edmi vlivy a zne\u010di\u0161t\u011bn\u00edm. D\u00edky obsahu vitam\u00edn\u016f, v\u010detn\u011b vitam\u00ednu C, tento hydrol\u00e1t nav\u00edc ple\u0165 vy\u017eivuje, zlep\u0161uje jej\u00ed z\u00e1\u0159ivost a posiluje jej\u00ed ochrannou bari\u00e9ru.<\/p>\n<h3>Kosmetick\u00e9 aplikace<\/h3>\n<p>D\u00edky sv\u00fdm tonizuj\u00edc\u00edm vlastnostem je hydrol\u00e1t z pomeran\u010dov\u00fdch kv\u011bt\u016f ide\u00e1ln\u00ed pro osoby s unavenou, za\u0161edlou a nev\u00fdraznou plet\u00ed. Jeho pravideln\u00e9 pou\u017e\u00edv\u00e1n\u00ed pom\u00e1h\u00e1 obnovit pH rovnov\u00e1hu pleti, sni\u017euje v\u00fdskyt p\u00f3r\u016f a navrac\u00ed pleti zdrav\u00fd a z\u00e1\u0159iv\u00fd vzhled.<\/p>\n<p>Tento hydrol\u00e1t je tak\u00e9 vynikaj\u00edc\u00ed volbou pro osoby s citlivou a podr\u00e1\u017ed\u011bnou poko\u017ekou, proto\u017ee m\u00e1 zklid\u0148uj\u00edc\u00ed a uklid\u0148uj\u00edc\u00ed \u00fa\u010dinky a pom\u00e1h\u00e1 sni\u017eovat zarudnut\u00ed a podr\u00e1\u017ed\u011bn\u00ed. M\u016f\u017ee se pou\u017e\u00edvat jako tonikum po \u010di\u0161t\u011bn\u00ed obli\u010deje, jako osv\u011b\u017euj\u00edc\u00ed mlha b\u011bhem dne a jako sou\u010d\u00e1st masek a dal\u0161\u00edch produkt\u016f p\u00e9\u010de o ple\u0165.<\/p>\n<h3>P\u0159\u00ednosy pro poko\u017eku<\/h3>\n<ul>\n<li><strong>Tonizace<\/strong>: hydrol\u00e1t pom\u00e1h\u00e1 obnovit spr\u00e1vn\u00e9 pH pleti, co\u017e je kl\u00ed\u010dov\u00e9 pro udr\u017een\u00ed zdrav\u00e9 a spr\u00e1vn\u011b hydratovan\u00e9 pleti.<\/li>\n<li><strong>Ob\u010derstven\u00ed<\/strong>: M\u00e1 osv\u011b\u017euj\u00edc\u00ed \u00fa\u010dinek na ple\u0165, pom\u00e1h\u00e1 j\u00ed z\u00edskat zp\u011bt z\u00e1\u0159ivost a sv\u011b\u017eest.<\/li>\n<li><strong>V\u016fn\u011b<\/strong>: Jemn\u00e1 kv\u011btinov\u00e1 v\u016fn\u011b hydrol\u00e1tu m\u00e1 relaxa\u010dn\u00ed a n\u00e1ladotvorn\u00fd \u00fa\u010dinek a z\u00e1rove\u0148 jemn\u011b parf\u00e9muje poko\u017eku.<\/li>\n<\/ul>\n","protected":false},"excerpt":{"rendered":"<p>Hydrol\u00e1t pomeran\u010dov\u00fdch kv\u011bt\u016f, zn\u00e1m\u00fd tak\u00e9 jako <strong>kv\u011btov\u00e1 voda neroli<\/strong>, se z\u00edsk\u00e1v\u00e1 destilac\u00ed vodn\u00ed parou z jemn\u00fdch kv\u011bt\u016f ho\u0159k\u00e9ho pomeran\u010dovn\u00edku. M\u00e1 tonizuj\u00edc\u00ed a osv\u011b\u017euj\u00edc\u00ed \u00fa\u010dinky a tak\u00e9 schopnost dodat pleti jemn\u011b sladkou kv\u011btinovou v\u016fni.<\/p>\n","protected":false},"featured_media":31651,"template":"","meta":[],"product_brand":[],"product_cat":[3548],"product_tag":[],"class_list":{"0":"post-31898","1":"product","2":"type-product","3":"status-publish","4":"has-post-thumbnail","6":"product_cat-hydrolaty-cs","7":"pa_grupa-substancji-destilaty","9":"first","10":"instock","11":"shipping-taxable","12":"product-type-simple"},"yoast_head":"<!-- This site is optimized with the Yoast SEO plugin v27.4 - https:\/\/yoast.com\/product\/yoast-seo-wordpress\/ -->\n<title>Hydrol\u00e1t pomeran\u010dov\u00e9ho kv\u011btu - Velkoobchodn\u00ed distributor<\/title>\n<meta name=\"description\" content=\"Hydrol\u00e1t z pomeran\u010dov\u00fdch kv\u011bt\u016f, zn\u00e1m\u00fd tak\u00e9 jako kv\u011btov\u00e1 voda neroli, je cen\u011bn\u00fd pro sv\u00e9 tonizuj\u00edc\u00ed a osv\u011b\u017euj\u00edc\u00ed vlastnosti.\" \/>\n<meta name=\"robots\" content=\"index, follow, max-snippet:-1, max-image-preview:large, max-video-preview:-1\" \/>\n<link rel=\"canonical\" href=\"https:\/\/naturalpoland.com\/cs\/produkty\/produkty-pro-kosmeticky-prumysl\/hydrolaty-cs\/hydrolat-pomerancoveho-kvetu\/\" \/>\n<meta property=\"og:locale\" content=\"cs_CZ\" \/>\n<meta property=\"og:type\" content=\"article\" \/>\n<meta property=\"og:title\" content=\"Hydrol\u00e1t pomeran\u010dov\u00e9ho kv\u011btu - Velkoobchodn\u00ed distributor\" \/>\n<meta property=\"og:description\" content=\"Hydrol\u00e1t z pomeran\u010dov\u00fdch kv\u011bt\u016f, zn\u00e1m\u00fd tak\u00e9 jako kv\u011btov\u00e1 voda neroli, je cen\u011bn\u00fd pro sv\u00e9 tonizuj\u00edc\u00ed a osv\u011b\u017euj\u00edc\u00ed vlastnosti.\" \/>\n<meta property=\"og:url\" content=\"https:\/\/naturalpoland.com\/cs\/produkty\/produkty-pro-kosmeticky-prumysl\/hydrolaty-cs\/hydrolat-pomerancoveho-kvetu\/\" \/>\n<meta property=\"og:site_name\" content=\"NATURAL POLAND - Velkoobchodn\u00ed distributor surovin\" \/>\n<meta property=\"article:publisher\" content=\"https:\/\/www.facebook.com\/naturalpoland.b2b\" \/>\n<meta property=\"og:image\" content=\"https:\/\/naturalpoland.com\/wp-content\/uploads\/hydrolat-z-kwiatow-pomaranczy.webp\" \/>\n\t<meta property=\"og:image:width\" content=\"1024\" \/>\n\t<meta property=\"og:image:height\" content=\"1024\" \/>\n\t<meta property=\"og:image:type\" content=\"image\/webp\" \/>\n<script type=\"application\/ld+json\" class=\"yoast-schema-graph\">{\"@context\":\"https:\\\/\\\/schema.org\",\"@graph\":[{\"@type\":\"WebPage\",\"@id\":\"https:\\\/\\\/naturalpoland.com\\\/cs\\\/produkty\\\/produkty-pro-kosmeticky-prumysl\\\/hydrolaty-cs\\\/hydrolat-pomerancoveho-kvetu\\\/\",\"url\":\"https:\\\/\\\/naturalpoland.com\\\/cs\\\/produkty\\\/produkty-pro-kosmeticky-prumysl\\\/hydrolaty-cs\\\/hydrolat-pomerancoveho-kvetu\\\/\",\"name\":\"Hydrol\u00e1t pomeran\u010dov\u00e9ho kv\u011btu - Velkoobchodn\u00ed distributor\",\"isPartOf\":{\"@id\":\"https:\\\/\\\/naturalpoland.com\\\/cs\\\/#website\"},\"primaryImageOfPage\":{\"@id\":\"https:\\\/\\\/naturalpoland.com\\\/cs\\\/produkty\\\/produkty-pro-kosmeticky-prumysl\\\/hydrolaty-cs\\\/hydrolat-pomerancoveho-kvetu\\\/#primaryimage\"},\"image\":{\"@id\":\"https:\\\/\\\/naturalpoland.com\\\/cs\\\/produkty\\\/produkty-pro-kosmeticky-prumysl\\\/hydrolaty-cs\\\/hydrolat-pomerancoveho-kvetu\\\/#primaryimage\"},\"thumbnailUrl\":\"https:\\\/\\\/naturalpoland.com\\\/wp-content\\\/uploads\\\/hydrolat-z-kwiatow-pomaranczy.webp\",\"datePublished\":\"2024-05-13T11:39:16+00:00\",\"description\":\"Hydrol\u00e1t z pomeran\u010dov\u00fdch kv\u011bt\u016f, zn\u00e1m\u00fd tak\u00e9 jako kv\u011btov\u00e1 voda neroli, je cen\u011bn\u00fd pro sv\u00e9 tonizuj\u00edc\u00ed a osv\u011b\u017euj\u00edc\u00ed vlastnosti.\",\"breadcrumb\":{\"@id\":\"https:\\\/\\\/naturalpoland.com\\\/cs\\\/produkty\\\/produkty-pro-kosmeticky-prumysl\\\/hydrolaty-cs\\\/hydrolat-pomerancoveho-kvetu\\\/#breadcrumb\"},\"inLanguage\":\"cs\",\"potentialAction\":[{\"@type\":\"ReadAction\",\"target\":[\"https:\\\/\\\/naturalpoland.com\\\/cs\\\/produkty\\\/produkty-pro-kosmeticky-prumysl\\\/hydrolaty-cs\\\/hydrolat-pomerancoveho-kvetu\\\/\"]}]},{\"@type\":\"ImageObject\",\"inLanguage\":\"cs\",\"@id\":\"https:\\\/\\\/naturalpoland.com\\\/cs\\\/produkty\\\/produkty-pro-kosmeticky-prumysl\\\/hydrolaty-cs\\\/hydrolat-pomerancoveho-kvetu\\\/#primaryimage\",\"url\":\"https:\\\/\\\/naturalpoland.com\\\/wp-content\\\/uploads\\\/hydrolat-z-kwiatow-pomaranczy.webp\",\"contentUrl\":\"https:\\\/\\\/naturalpoland.com\\\/wp-content\\\/uploads\\\/hydrolat-z-kwiatow-pomaranczy.webp\",\"width\":1024,\"height\":1024,\"caption\":\"hydrolat z kwiat\u00f3w pomara\u0144czy\"},{\"@type\":\"BreadcrumbList\",\"@id\":\"https:\\\/\\\/naturalpoland.com\\\/cs\\\/produkty\\\/produkty-pro-kosmeticky-prumysl\\\/hydrolaty-cs\\\/hydrolat-pomerancoveho-kvetu\\\/#breadcrumb\",\"itemListElement\":[{\"@type\":\"ListItem\",\"position\":1,\"name\":\"Dom\u016f\",\"item\":\"https:\\\/\\\/naturalpoland.com\\\/cs\\\/\"},{\"@type\":\"ListItem\",\"position\":2,\"name\":\"Produkty\",\"item\":\"https:\\\/\\\/naturalpoland.com\\\/cs\\\/produkty\\\/\"},{\"@type\":\"ListItem\",\"position\":3,\"name\":\"Hydrol\u00e1t pomeran\u010dov\u00e9ho kv\u011btu\"}]},{\"@type\":\"WebSite\",\"@id\":\"https:\\\/\\\/naturalpoland.com\\\/cs\\\/#website\",\"url\":\"https:\\\/\\\/naturalpoland.com\\\/cs\\\/\",\"name\":\"NATURAL POLAND - Velkoobchodn\u00ed distributor surovin\",\"description\":\"Surowce dla przemys\u0142u spo\u017cywczego, kosmetycznego i farmaceutycznego\",\"publisher\":{\"@id\":\"https:\\\/\\\/naturalpoland.com\\\/cs\\\/#organization\"},\"potentialAction\":[{\"@type\":\"SearchAction\",\"target\":{\"@type\":\"EntryPoint\",\"urlTemplate\":\"https:\\\/\\\/naturalpoland.com\\\/cs\\\/?s={search_term_string}\"},\"query-input\":{\"@type\":\"PropertyValueSpecification\",\"valueRequired\":true,\"valueName\":\"search_term_string\"}}],\"inLanguage\":\"cs\"},{\"@type\":\"Organization\",\"@id\":\"https:\\\/\\\/naturalpoland.com\\\/cs\\\/#organization\",\"name\":\"Natural Poland\",\"url\":\"https:\\\/\\\/naturalpoland.com\\\/cs\\\/\",\"logo\":{\"@type\":\"ImageObject\",\"inLanguage\":\"cs\",\"@id\":\"https:\\\/\\\/naturalpoland.com\\\/cs\\\/#\\\/schema\\\/logo\\\/image\\\/\",\"url\":\"https:\\\/\\\/naturalpoland.com\\\/wp-content\\\/uploads\\\/2021\\\/05\\\/natural-poland-icon.png\",\"contentUrl\":\"https:\\\/\\\/naturalpoland.com\\\/wp-content\\\/uploads\\\/2021\\\/05\\\/natural-poland-icon.png\",\"width\":512,\"height\":512,\"caption\":\"Natural Poland\"},\"image\":{\"@id\":\"https:\\\/\\\/naturalpoland.com\\\/cs\\\/#\\\/schema\\\/logo\\\/image\\\/\"},\"sameAs\":[\"https:\\\/\\\/www.facebook.com\\\/naturalpoland.b2b\",\"https:\\\/\\\/pl.linkedin.com\\\/company\\\/natural-poland\",\"https:\\\/\\\/www.youtube.com\\\/channel\\\/UCgeGGkvOMahZo-xu_MSEWxg\"]}]}<\/script>\n<!-- \/ Yoast SEO plugin. -->","yoast_head_json":{"title":"Hydrol\u00e1t pomeran\u010dov\u00e9ho kv\u011btu - Velkoobchodn\u00ed distributor","description":"Hydrol\u00e1t z pomeran\u010dov\u00fdch kv\u011bt\u016f, zn\u00e1m\u00fd tak\u00e9 jako kv\u011btov\u00e1 voda neroli, je cen\u011bn\u00fd pro sv\u00e9 tonizuj\u00edc\u00ed a osv\u011b\u017euj\u00edc\u00ed vlastnosti.","robots":{"index":"index","follow":"follow","max-snippet":"max-snippet:-1","max-image-preview":"max-image-preview:large","max-video-preview":"max-video-preview:-1"},"canonical":"https:\/\/naturalpoland.com\/cs\/produkty\/produkty-pro-kosmeticky-prumysl\/hydrolaty-cs\/hydrolat-pomerancoveho-kvetu\/","og_locale":"cs_CZ","og_type":"article","og_title":"Hydrol\u00e1t pomeran\u010dov\u00e9ho kv\u011btu - Velkoobchodn\u00ed distributor","og_description":"Hydrol\u00e1t z pomeran\u010dov\u00fdch kv\u011bt\u016f, zn\u00e1m\u00fd tak\u00e9 jako kv\u011btov\u00e1 voda neroli, je cen\u011bn\u00fd pro sv\u00e9 tonizuj\u00edc\u00ed a osv\u011b\u017euj\u00edc\u00ed vlastnosti.","og_url":"https:\/\/naturalpoland.com\/cs\/produkty\/produkty-pro-kosmeticky-prumysl\/hydrolaty-cs\/hydrolat-pomerancoveho-kvetu\/","og_site_name":"NATURAL POLAND - Velkoobchodn\u00ed distributor surovin","article_publisher":"https:\/\/www.facebook.com\/naturalpoland.b2b","og_image":[{"width":1024,"height":1024,"url":"https:\/\/naturalpoland.com\/wp-content\/uploads\/hydrolat-z-kwiatow-pomaranczy.webp","type":"image\/webp"}],"schema":{"@context":"https:\/\/schema.org","@graph":[{"@type":"WebPage","@id":"https:\/\/naturalpoland.com\/cs\/produkty\/produkty-pro-kosmeticky-prumysl\/hydrolaty-cs\/hydrolat-pomerancoveho-kvetu\/","url":"https:\/\/naturalpoland.com\/cs\/produkty\/produkty-pro-kosmeticky-prumysl\/hydrolaty-cs\/hydrolat-pomerancoveho-kvetu\/","name":"Hydrol\u00e1t pomeran\u010dov\u00e9ho kv\u011btu - Velkoobchodn\u00ed distributor","isPartOf":{"@id":"https:\/\/naturalpoland.com\/cs\/#website"},"primaryImageOfPage":{"@id":"https:\/\/naturalpoland.com\/cs\/produkty\/produkty-pro-kosmeticky-prumysl\/hydrolaty-cs\/hydrolat-pomerancoveho-kvetu\/#primaryimage"},"image":{"@id":"https:\/\/naturalpoland.com\/cs\/produkty\/produkty-pro-kosmeticky-prumysl\/hydrolaty-cs\/hydrolat-pomerancoveho-kvetu\/#primaryimage"},"thumbnailUrl":"https:\/\/naturalpoland.com\/wp-content\/uploads\/hydrolat-z-kwiatow-pomaranczy.webp","datePublished":"2024-05-13T11:39:16+00:00","description":"Hydrol\u00e1t z pomeran\u010dov\u00fdch kv\u011bt\u016f, zn\u00e1m\u00fd tak\u00e9 jako kv\u011btov\u00e1 voda neroli, je cen\u011bn\u00fd pro sv\u00e9 tonizuj\u00edc\u00ed a osv\u011b\u017euj\u00edc\u00ed vlastnosti.","breadcrumb":{"@id":"https:\/\/naturalpoland.com\/cs\/produkty\/produkty-pro-kosmeticky-prumysl\/hydrolaty-cs\/hydrolat-pomerancoveho-kvetu\/#breadcrumb"},"inLanguage":"cs","potentialAction":[{"@type":"ReadAction","target":["https:\/\/naturalpoland.com\/cs\/produkty\/produkty-pro-kosmeticky-prumysl\/hydrolaty-cs\/hydrolat-pomerancoveho-kvetu\/"]}]},{"@type":"ImageObject","inLanguage":"cs","@id":"https:\/\/naturalpoland.com\/cs\/produkty\/produkty-pro-kosmeticky-prumysl\/hydrolaty-cs\/hydrolat-pomerancoveho-kvetu\/#primaryimage","url":"https:\/\/naturalpoland.com\/wp-content\/uploads\/hydrolat-z-kwiatow-pomaranczy.webp","contentUrl":"https:\/\/naturalpoland.com\/wp-content\/uploads\/hydrolat-z-kwiatow-pomaranczy.webp","width":1024,"height":1024,"caption":"hydrolat z kwiat\u00f3w pomara\u0144czy"},{"@type":"BreadcrumbList","@id":"https:\/\/naturalpoland.com\/cs\/produkty\/produkty-pro-kosmeticky-prumysl\/hydrolaty-cs\/hydrolat-pomerancoveho-kvetu\/#breadcrumb","itemListElement":[{"@type":"ListItem","position":1,"name":"Dom\u016f","item":"https:\/\/naturalpoland.com\/cs\/"},{"@type":"ListItem","position":2,"name":"Produkty","item":"https:\/\/naturalpoland.com\/cs\/produkty\/"},{"@type":"ListItem","position":3,"name":"Hydrol\u00e1t pomeran\u010dov\u00e9ho kv\u011btu"}]},{"@type":"WebSite","@id":"https:\/\/naturalpoland.com\/cs\/#website","url":"https:\/\/naturalpoland.com\/cs\/","name":"NATURAL POLAND - Velkoobchodn\u00ed distributor surovin","description":"Surowce dla przemys\u0142u spo\u017cywczego, kosmetycznego i farmaceutycznego","publisher":{"@id":"https:\/\/naturalpoland.com\/cs\/#organization"},"potentialAction":[{"@type":"SearchAction","target":{"@type":"EntryPoint","urlTemplate":"https:\/\/naturalpoland.com\/cs\/?s={search_term_string}"},"query-input":{"@type":"PropertyValueSpecification","valueRequired":true,"valueName":"search_term_string"}}],"inLanguage":"cs"},{"@type":"Organization","@id":"https:\/\/naturalpoland.com\/cs\/#organization","name":"Natural Poland","url":"https:\/\/naturalpoland.com\/cs\/","logo":{"@type":"ImageObject","inLanguage":"cs","@id":"https:\/\/naturalpoland.com\/cs\/#\/schema\/logo\/image\/","url":"https:\/\/naturalpoland.com\/wp-content\/uploads\/2021\/05\/natural-poland-icon.png","contentUrl":"https:\/\/naturalpoland.com\/wp-content\/uploads\/2021\/05\/natural-poland-icon.png","width":512,"height":512,"caption":"Natural Poland"},"image":{"@id":"https:\/\/naturalpoland.com\/cs\/#\/schema\/logo\/image\/"},"sameAs":["https:\/\/www.facebook.com\/naturalpoland.b2b","https:\/\/pl.linkedin.com\/company\/natural-poland","https:\/\/www.youtube.com\/channel\/UCgeGGkvOMahZo-xu_MSEWxg"]}]}},"_links":{"self":[{"href":"https:\/\/naturalpoland.com\/cs\/wp-json\/wp\/v2\/product\/31898","targetHints":{"allow":["GET"]}}],"collection":[{"href":"https:\/\/naturalpoland.com\/cs\/wp-json\/wp\/v2\/product"}],"about":[{"href":"https:\/\/naturalpoland.com\/cs\/wp-json\/wp\/v2\/types\/product"}],"wp:featuredmedia":[{"embeddable":true,"href":"https:\/\/naturalpoland.com\/cs\/wp-json\/wp\/v2\/media\/31651"}],"wp:attachment":[{"href":"https:\/\/naturalpoland.com\/cs\/wp-json\/wp\/v2\/media?parent=31898"}],"wp:term":[{"taxonomy":"product_brand","embeddable":true,"href":"https:\/\/naturalpoland.com\/cs\/wp-json\/wp\/v2\/product_brand?post=31898"},{"taxonomy":"product_cat","embeddable":true,"href":"https:\/\/naturalpoland.com\/cs\/wp-json\/wp\/v2\/product_cat?post=31898"},{"taxonomy":"product_tag","embeddable":true,"href":"https:\/\/naturalpoland.com\/cs\/wp-json\/wp\/v2\/product_tag?post=31898"}],"curies":[{"name":"wp","href":"https:\/\/api.w.org\/{rel}","templated":true}]}}