{"id":31909,"date":"2024-05-08T16:09:19","date_gmt":"2024-05-13T11:39:19","guid":{"rendered":"https:\/\/naturalpoland.com\/produkty\/neza\u0159azen\u00e9\/hydrolat-jasminu\/"},"modified":"2024-05-13T13:39:19","modified_gmt":"2024-05-13T11:39:19","slug":"hydrolat-jasminu","status":"publish","type":"product","link":"https:\/\/naturalpoland.com\/cs\/produkty\/produkty-pro-kosmeticky-prumysl\/hydrolaty-cs\/hydrolat-jasminu\/","title":{"rendered":"Hydrol\u00e1t jasm\u00ednu"},"content":{"rendered":"<h3>Vlastnosti a slo\u017een\u00ed<\/h3>\n<p>Jasm\u00ednov\u00fd hydrol\u00e1t m\u00e1 hlubokou, sladkou a intenzivn\u011b kv\u011btinovou v\u016fni, kter\u00e1 je zn\u00e1m\u00e1 sv\u00fdmi uklid\u0148uj\u00edc\u00edmi a n\u00e1ladu zlep\u0161uj\u00edc\u00edmi vlastnostmi. Slo\u017een\u00ed tohoto hydrol\u00e1tu obsahuje \u0159adu \u00fa\u010dinn\u00fdch l\u00e1tek, v\u010detn\u011b antioxidant\u016f, jako jsou <a href=\"https:\/\/naturalpoland.com\/artykuly\/produkty-naturalne\/czym-sa-i-jak-dzialaja-flawonoidy\/\">flavonoidy<\/a> a saponiny, kter\u00e9 p\u0159isp\u00edvaj\u00ed k jeho schopnosti neutralizovat voln\u00e9 radik\u00e1ly a chr\u00e1nit poko\u017eku p\u0159ed p\u0159ed\u010dasn\u00fdm st\u00e1rnut\u00edm.<\/p>\n<h3>Kosmetick\u00e9 aplikace<\/h3>\n<p>Jasm\u00ednov\u00fd hydrol\u00e1t se doporu\u010duje pro v\u0161echny typy pleti, zejm\u00e9na pro zralou, suchou a citlivou, proto\u017ee m\u00e1 intenzivn\u00ed hydrata\u010dn\u00ed a regenera\u010dn\u00ed \u00fa\u010dinky. Jeho zklid\u0148uj\u00edc\u00ed vlastnosti pom\u00e1haj\u00ed zklid\u0148ovat z\u00e1n\u011bty, sni\u017eovat zarudnut\u00ed a podporovat hojen\u00ed drobn\u00fdch po\u0161kozen\u00ed poko\u017eky, tak\u017ee je ide\u00e1ln\u00ed pro podr\u00e1\u017ed\u011bnou nebo dermatologicky posti\u017eenou poko\u017eku.<\/p>\n<p>Jasm\u00ednov\u00fd hydrol\u00e1t je tak\u00e9 ide\u00e1ln\u00ed jako p\u0159\u00edrodn\u00ed ple\u0165ov\u00e9 tonikum, kter\u00e9 osv\u011b\u017euje, tonizuje a obnovuje pH pleti a udr\u017euje jej\u00ed zdrav\u00fd a z\u00e1\u0159iv\u00fd vzhled. Lze jej pou\u017e\u00edvat r\u00e1no i ve\u010der k p\u0159\u00edprav\u011b pleti na dal\u0161\u00ed p\u00e9\u010di nebo jako osv\u011b\u017euj\u00edc\u00ed mlhu b\u011bhem dne.<\/p>\n<h3>P\u0159\u00ednosy pro poko\u017eku<\/h3>\n<ul>\n<li><strong>Antioxida\u010dn\u00ed \u00fa\u010dinky<\/strong>: Chr\u00e1n\u00ed ple\u0165 p\u0159ed po\u0161kozen\u00edm voln\u00fdmi radik\u00e1ly a zpomaluje proces st\u00e1rnut\u00ed.<\/li>\n<li>\u00daleva od <strong>z\u00e1n\u011btu<\/strong>: Pom\u00e1h\u00e1 zm\u00edr\u0148ovat z\u00e1n\u011bty k\u016f\u017ee, sni\u017euje zarudnut\u00ed a podr\u00e1\u017ed\u011bn\u00ed.<\/li>\n<li>Hydratace <strong>a regenerace<\/strong>: Intenzivn\u011b hydratuje, podporuje obnovu bun\u011bk a navrac\u00ed pleti jemnost a pru\u017enost.<\/li>\n<li><strong>Zlep\u0161en\u00ed n\u00e1lady a relaxace<\/strong>: Sladk\u00e1, p\u0159\u00edjemn\u00e1 v\u016fn\u011b hydrol\u00e1tu m\u00e1 uklid\u0148uj\u00edc\u00ed \u00fa\u010dinek na smysly, pom\u00e1h\u00e1 uvolnit a zlep\u0161it n\u00e1ladu.<\/li>\n<\/ul>\n","protected":false},"excerpt":{"rendered":"<p>Jasm\u00ednov\u00fd hydrol\u00e1t se z\u00edsk\u00e1v\u00e1 z kv\u011bt\u016f jasm\u00ednu destilac\u00ed s vodn\u00ed parou. Pou\u017e\u00edv\u00e1 se v kosmetice i aromaterapii a prosp\u00edv\u00e1 t\u011blu i mysli.<\/p>\n","protected":false},"featured_media":31638,"template":"","meta":[],"product_brand":[],"product_cat":[3548],"product_tag":[],"class_list":{"0":"post-31909","1":"product","2":"type-product","3":"status-publish","4":"has-post-thumbnail","6":"product_cat-hydrolaty-cs","7":"pa_grupa-substancji-destilaty","9":"first","10":"instock","11":"shipping-taxable","12":"product-type-simple"},"yoast_head":"<!-- This site is optimized with the Yoast SEO plugin v27.4 - https:\/\/yoast.com\/product\/yoast-seo-wordpress\/ -->\n<title>Hydrol\u00e1t jasm\u00ednu - Velkoobchodn\u00ed distributor<\/title>\n<meta name=\"description\" content=\"Jasm\u00ednov\u00fd hydrol\u00e1t je ide\u00e1ln\u00ed jako p\u0159\u00edsada do masek, kr\u00e9m\u016f nebo ple\u0165ov\u00fdch vod, obohacuje jejich pe\u010duj\u00edc\u00ed vlastnosti a dod\u00e1v\u00e1 kosmetice aroma.\" \/>\n<meta name=\"robots\" content=\"index, follow, max-snippet:-1, max-image-preview:large, max-video-preview:-1\" \/>\n<link rel=\"canonical\" href=\"https:\/\/naturalpoland.com\/cs\/produkty\/produkty-pro-kosmeticky-prumysl\/hydrolaty-cs\/hydrolat-jasminu\/\" \/>\n<meta property=\"og:locale\" content=\"cs_CZ\" \/>\n<meta property=\"og:type\" content=\"article\" \/>\n<meta property=\"og:title\" content=\"Hydrol\u00e1t jasm\u00ednu - Velkoobchodn\u00ed distributor\" \/>\n<meta property=\"og:description\" content=\"Jasm\u00ednov\u00fd hydrol\u00e1t je ide\u00e1ln\u00ed jako p\u0159\u00edsada do masek, kr\u00e9m\u016f nebo ple\u0165ov\u00fdch vod, obohacuje jejich pe\u010duj\u00edc\u00ed vlastnosti a dod\u00e1v\u00e1 kosmetice aroma.\" \/>\n<meta property=\"og:url\" content=\"https:\/\/naturalpoland.com\/cs\/produkty\/produkty-pro-kosmeticky-prumysl\/hydrolaty-cs\/hydrolat-jasminu\/\" \/>\n<meta property=\"og:site_name\" content=\"NATURAL POLAND - Velkoobchodn\u00ed distributor surovin\" \/>\n<meta property=\"article:publisher\" content=\"https:\/\/www.facebook.com\/naturalpoland.b2b\" \/>\n<meta property=\"og:image\" content=\"https:\/\/naturalpoland.com\/wp-content\/uploads\/hydrolat-jasminowy.webp\" \/>\n\t<meta property=\"og:image:width\" content=\"1024\" \/>\n\t<meta property=\"og:image:height\" content=\"1024\" \/>\n\t<meta property=\"og:image:type\" content=\"image\/webp\" \/>\n<script type=\"application\/ld+json\" class=\"yoast-schema-graph\">{\"@context\":\"https:\\\/\\\/schema.org\",\"@graph\":[{\"@type\":\"WebPage\",\"@id\":\"https:\\\/\\\/naturalpoland.com\\\/cs\\\/produkty\\\/produkty-pro-kosmeticky-prumysl\\\/hydrolaty-cs\\\/hydrolat-jasminu\\\/\",\"url\":\"https:\\\/\\\/naturalpoland.com\\\/cs\\\/produkty\\\/produkty-pro-kosmeticky-prumysl\\\/hydrolaty-cs\\\/hydrolat-jasminu\\\/\",\"name\":\"Hydrol\u00e1t jasm\u00ednu - Velkoobchodn\u00ed distributor\",\"isPartOf\":{\"@id\":\"https:\\\/\\\/naturalpoland.com\\\/cs\\\/#website\"},\"primaryImageOfPage\":{\"@id\":\"https:\\\/\\\/naturalpoland.com\\\/cs\\\/produkty\\\/produkty-pro-kosmeticky-prumysl\\\/hydrolaty-cs\\\/hydrolat-jasminu\\\/#primaryimage\"},\"image\":{\"@id\":\"https:\\\/\\\/naturalpoland.com\\\/cs\\\/produkty\\\/produkty-pro-kosmeticky-prumysl\\\/hydrolaty-cs\\\/hydrolat-jasminu\\\/#primaryimage\"},\"thumbnailUrl\":\"https:\\\/\\\/naturalpoland.com\\\/wp-content\\\/uploads\\\/hydrolat-jasminowy.webp\",\"datePublished\":\"2024-05-13T11:39:19+00:00\",\"description\":\"Jasm\u00ednov\u00fd hydrol\u00e1t je ide\u00e1ln\u00ed jako p\u0159\u00edsada do masek, kr\u00e9m\u016f nebo ple\u0165ov\u00fdch vod, obohacuje jejich pe\u010duj\u00edc\u00ed vlastnosti a dod\u00e1v\u00e1 kosmetice aroma.\",\"breadcrumb\":{\"@id\":\"https:\\\/\\\/naturalpoland.com\\\/cs\\\/produkty\\\/produkty-pro-kosmeticky-prumysl\\\/hydrolaty-cs\\\/hydrolat-jasminu\\\/#breadcrumb\"},\"inLanguage\":\"cs\",\"potentialAction\":[{\"@type\":\"ReadAction\",\"target\":[\"https:\\\/\\\/naturalpoland.com\\\/cs\\\/produkty\\\/produkty-pro-kosmeticky-prumysl\\\/hydrolaty-cs\\\/hydrolat-jasminu\\\/\"]}]},{\"@type\":\"ImageObject\",\"inLanguage\":\"cs\",\"@id\":\"https:\\\/\\\/naturalpoland.com\\\/cs\\\/produkty\\\/produkty-pro-kosmeticky-prumysl\\\/hydrolaty-cs\\\/hydrolat-jasminu\\\/#primaryimage\",\"url\":\"https:\\\/\\\/naturalpoland.com\\\/wp-content\\\/uploads\\\/hydrolat-jasminowy.webp\",\"contentUrl\":\"https:\\\/\\\/naturalpoland.com\\\/wp-content\\\/uploads\\\/hydrolat-jasminowy.webp\",\"width\":1024,\"height\":1024,\"caption\":\"hydrolat ja\u015bminowy\"},{\"@type\":\"BreadcrumbList\",\"@id\":\"https:\\\/\\\/naturalpoland.com\\\/cs\\\/produkty\\\/produkty-pro-kosmeticky-prumysl\\\/hydrolaty-cs\\\/hydrolat-jasminu\\\/#breadcrumb\",\"itemListElement\":[{\"@type\":\"ListItem\",\"position\":1,\"name\":\"Dom\u016f\",\"item\":\"https:\\\/\\\/naturalpoland.com\\\/cs\\\/\"},{\"@type\":\"ListItem\",\"position\":2,\"name\":\"Produkty\",\"item\":\"https:\\\/\\\/naturalpoland.com\\\/cs\\\/produkty\\\/\"},{\"@type\":\"ListItem\",\"position\":3,\"name\":\"Hydrol\u00e1t jasm\u00ednu\"}]},{\"@type\":\"WebSite\",\"@id\":\"https:\\\/\\\/naturalpoland.com\\\/cs\\\/#website\",\"url\":\"https:\\\/\\\/naturalpoland.com\\\/cs\\\/\",\"name\":\"NATURAL POLAND - Velkoobchodn\u00ed distributor surovin\",\"description\":\"Surowce dla przemys\u0142u spo\u017cywczego, kosmetycznego i farmaceutycznego\",\"publisher\":{\"@id\":\"https:\\\/\\\/naturalpoland.com\\\/cs\\\/#organization\"},\"potentialAction\":[{\"@type\":\"SearchAction\",\"target\":{\"@type\":\"EntryPoint\",\"urlTemplate\":\"https:\\\/\\\/naturalpoland.com\\\/cs\\\/?s={search_term_string}\"},\"query-input\":{\"@type\":\"PropertyValueSpecification\",\"valueRequired\":true,\"valueName\":\"search_term_string\"}}],\"inLanguage\":\"cs\"},{\"@type\":\"Organization\",\"@id\":\"https:\\\/\\\/naturalpoland.com\\\/cs\\\/#organization\",\"name\":\"Natural Poland\",\"url\":\"https:\\\/\\\/naturalpoland.com\\\/cs\\\/\",\"logo\":{\"@type\":\"ImageObject\",\"inLanguage\":\"cs\",\"@id\":\"https:\\\/\\\/naturalpoland.com\\\/cs\\\/#\\\/schema\\\/logo\\\/image\\\/\",\"url\":\"https:\\\/\\\/naturalpoland.com\\\/wp-content\\\/uploads\\\/2021\\\/05\\\/natural-poland-icon.png\",\"contentUrl\":\"https:\\\/\\\/naturalpoland.com\\\/wp-content\\\/uploads\\\/2021\\\/05\\\/natural-poland-icon.png\",\"width\":512,\"height\":512,\"caption\":\"Natural Poland\"},\"image\":{\"@id\":\"https:\\\/\\\/naturalpoland.com\\\/cs\\\/#\\\/schema\\\/logo\\\/image\\\/\"},\"sameAs\":[\"https:\\\/\\\/www.facebook.com\\\/naturalpoland.b2b\",\"https:\\\/\\\/pl.linkedin.com\\\/company\\\/natural-poland\",\"https:\\\/\\\/www.youtube.com\\\/channel\\\/UCgeGGkvOMahZo-xu_MSEWxg\"]}]}<\/script>\n<!-- \/ Yoast SEO plugin. -->","yoast_head_json":{"title":"Hydrol\u00e1t jasm\u00ednu - Velkoobchodn\u00ed distributor","description":"Jasm\u00ednov\u00fd hydrol\u00e1t je ide\u00e1ln\u00ed jako p\u0159\u00edsada do masek, kr\u00e9m\u016f nebo ple\u0165ov\u00fdch vod, obohacuje jejich pe\u010duj\u00edc\u00ed vlastnosti a dod\u00e1v\u00e1 kosmetice aroma.","robots":{"index":"index","follow":"follow","max-snippet":"max-snippet:-1","max-image-preview":"max-image-preview:large","max-video-preview":"max-video-preview:-1"},"canonical":"https:\/\/naturalpoland.com\/cs\/produkty\/produkty-pro-kosmeticky-prumysl\/hydrolaty-cs\/hydrolat-jasminu\/","og_locale":"cs_CZ","og_type":"article","og_title":"Hydrol\u00e1t jasm\u00ednu - Velkoobchodn\u00ed distributor","og_description":"Jasm\u00ednov\u00fd hydrol\u00e1t je ide\u00e1ln\u00ed jako p\u0159\u00edsada do masek, kr\u00e9m\u016f nebo ple\u0165ov\u00fdch vod, obohacuje jejich pe\u010duj\u00edc\u00ed vlastnosti a dod\u00e1v\u00e1 kosmetice aroma.","og_url":"https:\/\/naturalpoland.com\/cs\/produkty\/produkty-pro-kosmeticky-prumysl\/hydrolaty-cs\/hydrolat-jasminu\/","og_site_name":"NATURAL POLAND - Velkoobchodn\u00ed distributor surovin","article_publisher":"https:\/\/www.facebook.com\/naturalpoland.b2b","og_image":[{"width":1024,"height":1024,"url":"https:\/\/naturalpoland.com\/wp-content\/uploads\/hydrolat-jasminowy.webp","type":"image\/webp"}],"schema":{"@context":"https:\/\/schema.org","@graph":[{"@type":"WebPage","@id":"https:\/\/naturalpoland.com\/cs\/produkty\/produkty-pro-kosmeticky-prumysl\/hydrolaty-cs\/hydrolat-jasminu\/","url":"https:\/\/naturalpoland.com\/cs\/produkty\/produkty-pro-kosmeticky-prumysl\/hydrolaty-cs\/hydrolat-jasminu\/","name":"Hydrol\u00e1t jasm\u00ednu - Velkoobchodn\u00ed distributor","isPartOf":{"@id":"https:\/\/naturalpoland.com\/cs\/#website"},"primaryImageOfPage":{"@id":"https:\/\/naturalpoland.com\/cs\/produkty\/produkty-pro-kosmeticky-prumysl\/hydrolaty-cs\/hydrolat-jasminu\/#primaryimage"},"image":{"@id":"https:\/\/naturalpoland.com\/cs\/produkty\/produkty-pro-kosmeticky-prumysl\/hydrolaty-cs\/hydrolat-jasminu\/#primaryimage"},"thumbnailUrl":"https:\/\/naturalpoland.com\/wp-content\/uploads\/hydrolat-jasminowy.webp","datePublished":"2024-05-13T11:39:19+00:00","description":"Jasm\u00ednov\u00fd hydrol\u00e1t je ide\u00e1ln\u00ed jako p\u0159\u00edsada do masek, kr\u00e9m\u016f nebo ple\u0165ov\u00fdch vod, obohacuje jejich pe\u010duj\u00edc\u00ed vlastnosti a dod\u00e1v\u00e1 kosmetice aroma.","breadcrumb":{"@id":"https:\/\/naturalpoland.com\/cs\/produkty\/produkty-pro-kosmeticky-prumysl\/hydrolaty-cs\/hydrolat-jasminu\/#breadcrumb"},"inLanguage":"cs","potentialAction":[{"@type":"ReadAction","target":["https:\/\/naturalpoland.com\/cs\/produkty\/produkty-pro-kosmeticky-prumysl\/hydrolaty-cs\/hydrolat-jasminu\/"]}]},{"@type":"ImageObject","inLanguage":"cs","@id":"https:\/\/naturalpoland.com\/cs\/produkty\/produkty-pro-kosmeticky-prumysl\/hydrolaty-cs\/hydrolat-jasminu\/#primaryimage","url":"https:\/\/naturalpoland.com\/wp-content\/uploads\/hydrolat-jasminowy.webp","contentUrl":"https:\/\/naturalpoland.com\/wp-content\/uploads\/hydrolat-jasminowy.webp","width":1024,"height":1024,"caption":"hydrolat ja\u015bminowy"},{"@type":"BreadcrumbList","@id":"https:\/\/naturalpoland.com\/cs\/produkty\/produkty-pro-kosmeticky-prumysl\/hydrolaty-cs\/hydrolat-jasminu\/#breadcrumb","itemListElement":[{"@type":"ListItem","position":1,"name":"Dom\u016f","item":"https:\/\/naturalpoland.com\/cs\/"},{"@type":"ListItem","position":2,"name":"Produkty","item":"https:\/\/naturalpoland.com\/cs\/produkty\/"},{"@type":"ListItem","position":3,"name":"Hydrol\u00e1t jasm\u00ednu"}]},{"@type":"WebSite","@id":"https:\/\/naturalpoland.com\/cs\/#website","url":"https:\/\/naturalpoland.com\/cs\/","name":"NATURAL POLAND - Velkoobchodn\u00ed distributor surovin","description":"Surowce dla przemys\u0142u spo\u017cywczego, kosmetycznego i farmaceutycznego","publisher":{"@id":"https:\/\/naturalpoland.com\/cs\/#organization"},"potentialAction":[{"@type":"SearchAction","target":{"@type":"EntryPoint","urlTemplate":"https:\/\/naturalpoland.com\/cs\/?s={search_term_string}"},"query-input":{"@type":"PropertyValueSpecification","valueRequired":true,"valueName":"search_term_string"}}],"inLanguage":"cs"},{"@type":"Organization","@id":"https:\/\/naturalpoland.com\/cs\/#organization","name":"Natural Poland","url":"https:\/\/naturalpoland.com\/cs\/","logo":{"@type":"ImageObject","inLanguage":"cs","@id":"https:\/\/naturalpoland.com\/cs\/#\/schema\/logo\/image\/","url":"https:\/\/naturalpoland.com\/wp-content\/uploads\/2021\/05\/natural-poland-icon.png","contentUrl":"https:\/\/naturalpoland.com\/wp-content\/uploads\/2021\/05\/natural-poland-icon.png","width":512,"height":512,"caption":"Natural Poland"},"image":{"@id":"https:\/\/naturalpoland.com\/cs\/#\/schema\/logo\/image\/"},"sameAs":["https:\/\/www.facebook.com\/naturalpoland.b2b","https:\/\/pl.linkedin.com\/company\/natural-poland","https:\/\/www.youtube.com\/channel\/UCgeGGkvOMahZo-xu_MSEWxg"]}]}},"_links":{"self":[{"href":"https:\/\/naturalpoland.com\/cs\/wp-json\/wp\/v2\/product\/31909","targetHints":{"allow":["GET"]}}],"collection":[{"href":"https:\/\/naturalpoland.com\/cs\/wp-json\/wp\/v2\/product"}],"about":[{"href":"https:\/\/naturalpoland.com\/cs\/wp-json\/wp\/v2\/types\/product"}],"wp:featuredmedia":[{"embeddable":true,"href":"https:\/\/naturalpoland.com\/cs\/wp-json\/wp\/v2\/media\/31638"}],"wp:attachment":[{"href":"https:\/\/naturalpoland.com\/cs\/wp-json\/wp\/v2\/media?parent=31909"}],"wp:term":[{"taxonomy":"product_brand","embeddable":true,"href":"https:\/\/naturalpoland.com\/cs\/wp-json\/wp\/v2\/product_brand?post=31909"},{"taxonomy":"product_cat","embeddable":true,"href":"https:\/\/naturalpoland.com\/cs\/wp-json\/wp\/v2\/product_cat?post=31909"},{"taxonomy":"product_tag","embeddable":true,"href":"https:\/\/naturalpoland.com\/cs\/wp-json\/wp\/v2\/product_tag?post=31909"}],"curies":[{"name":"wp","href":"https:\/\/api.w.org\/{rel}","templated":true}]}}