{"id":31918,"date":"2024-05-08T16:02:30","date_gmt":"2024-05-13T11:39:24","guid":{"rendered":"https:\/\/naturalpoland.com\/produkty\/neza\u0159azen\u00e9\/hydrolat-citronu\/"},"modified":"2024-05-13T13:39:24","modified_gmt":"2024-05-13T11:39:24","slug":"hydrolat-citronu","status":"publish","type":"product","link":"https:\/\/naturalpoland.com\/cs\/produkty\/produkty-pro-kosmeticky-prumysl\/hydrolaty-cs\/hydrolat-citronu\/","title":{"rendered":"Hydrol\u00e1t citronu"},"content":{"rendered":"<h3>Vlastnosti a slo\u017een\u00ed<\/h3>\n<p>Citronov\u00fd hydrol\u00e1t se vyzna\u010duje lehkou vodnatou texturou a sv\u011b\u017e\u00ed citrusovou v\u016fn\u00ed, kter\u00e1 nav\u00edc p\u016fsob\u00ed osv\u011b\u017euj\u00edc\u00edm dojmem. Je bohat\u00fd na <a href=\"https:\/\/naturalpoland.com\/artykuly\/produkty-naturalne\/czym-sa-i-jak-dzialaja-flawonoidy\/\">bioflavonoidy<\/a>, vitamin C a ovocn\u00e9 kyseliny, kter\u00e9 p\u0159isp\u00edvaj\u00ed k jeho siln\u00fdm antioxida\u010dn\u00edm, rozjas\u0148uj\u00edc\u00edm a tonizuj\u00edc\u00edm \u00fa\u010dink\u016fm. Pravideln\u00e9 pou\u017e\u00edv\u00e1n\u00ed citronov\u00e9ho hydrol\u00e1tu m\u016f\u017ee pomoci potla\u010dit tvorbu melaninu, co\u017e m\u00e1 p\u0159\u00edm\u00fd vliv na sn\u00ed\u017een\u00ed a prevenci tvorby nov\u00fdch hyperpigmentac\u00ed.<\/p>\n<h3>Kosmetick\u00e9 aplikace<\/h3>\n<p>Citronov\u00fd hydrol\u00e1t se doporu\u010duje zejm\u00e9na pro mastnou a sm\u00ed\u0161enou ple\u0165 d\u00edky sv\u00fdm adstringentn\u00edm a antibakteri\u00e1ln\u00edm vlastnostem. Je ide\u00e1ln\u00ed jako ple\u0165ov\u00e9 tonikum, kter\u00e9 nejen osv\u011b\u017euje a tonizuje ple\u0165, ale tak\u00e9 pom\u00e1h\u00e1 uzav\u00edrat p\u00f3ry a regulovat vylu\u010dov\u00e1n\u00ed ko\u017en\u00edho mazu. Lze jej tak\u00e9 pou\u017e\u00edt jako slo\u017eku rozjas\u0148uj\u00edc\u00edch masek a s\u00e9r a jako jemn\u00fd dopln\u011bk denn\u00edch kr\u00e9m\u016f, kter\u00e9 poskytuj\u00ed ochranu p\u0159ed negativn\u00edmi vn\u011bj\u0161\u00edmi vlivy.<\/p>\n<h3>P\u0159\u00ednosy pro poko\u017eku<\/h3>\n<ul>\n<li><strong>Rozjasn\u011bn\u00ed hyperpigmentace<\/strong>: Kyselina citronov\u00e1, p\u0159irozen\u011b obsa\u017een\u00e1 v citronech, je zn\u00e1m\u00e1 sv\u00fdmi b\u011bl\u00edc\u00edmi vlastnostmi a \u00fa\u010dinn\u011b p\u016fsob\u00ed proti zm\u011bn\u011b barvy pleti.<\/li>\n<li><strong>Sjednocen\u00ed t\u00f3nu pleti<\/strong>: Pravideln\u00e9 pou\u017e\u00edv\u00e1n\u00ed citronov\u00e9ho hydrol\u00e1tu pom\u00e1h\u00e1 sjednotit t\u00f3n pleti a dod\u00e1v\u00e1 j\u00ed zdrav\u011bj\u0161\u00ed a z\u00e1\u0159iv\u011bj\u0161\u00ed vzhled.<\/li>\n<li><strong>Antioxida\u010dn\u00ed \u00fa\u010dinky<\/strong>: Vitam\u00edn C a dal\u0161\u00ed antioxidanty obsa\u017een\u00e9 v hydrol\u00e1tu chr\u00e1n\u00ed poko\u017eku p\u0159ed po\u0161kozen\u00edm zp\u016fsoben\u00fdm voln\u00fdmi radik\u00e1ly a UV z\u00e1\u0159en\u00edm.<\/li>\n<li><strong>Regulace ko\u017en\u00edho mazu<\/strong>: Ide\u00e1ln\u00ed pro osoby se sklonem k mastn\u00e9 pleti, reguluje vylu\u010dov\u00e1n\u00ed ko\u017en\u00edho mazu, \u010d\u00edm\u017e zabra\u0148uje vzniku nedokonalost\u00ed.<\/li>\n<\/ul>\n","protected":false},"excerpt":{"rendered":"<p>Citronov\u00fd hydrol\u00e1t, z\u00edskan\u00fd destilac\u00ed vodn\u00ed parou ze slupek a du\u017einy citron\u016f, m\u00e1 rozjas\u0148uj\u00edc\u00ed a sjednocuj\u00edc\u00ed \u00fa\u010dinky na ple\u0165. D\u00edky vysok\u00e9mu obsahu vitaminu C a organick\u00fdch kyselin je tento hydrol\u00e1t ide\u00e1ln\u00edm \u0159e\u0161en\u00edm pro ty, kte\u0159\u00ed se pot\u00fdkaj\u00ed se zm\u011bnou barvy, nerovnom\u011brn\u00fdm t\u00f3nem pleti nebo jin\u00fdmi pigmentov\u00fdmi vadami.<\/p>\n","protected":false},"featured_media":31625,"template":"","meta":[],"product_brand":[],"product_cat":[3548],"product_tag":[],"class_list":{"0":"post-31918","1":"product","2":"type-product","3":"status-publish","4":"has-post-thumbnail","6":"product_cat-hydrolaty-cs","7":"pa_grupa-substancji-destilaty","9":"first","10":"instock","11":"shipping-taxable","12":"product-type-simple"},"yoast_head":"<!-- This site is optimized with the Yoast SEO plugin v27.4 - https:\/\/yoast.com\/product\/yoast-seo-wordpress\/ -->\n<title>Hydrol\u00e1t citronu - Velkoobchodn\u00ed distributor<\/title>\n<meta name=\"description\" content=\"Citronov\u00fd hydrol\u00e1t je v\u0161estrann\u00fd a \u00fa\u010dinn\u00fd p\u0159\u00edpravek, kter\u00fd se doporu\u010duje t\u011bm, kdo maj\u00ed probl\u00e9my s nerovnom\u011brn\u00fdm t\u00f3nem pleti a hyperpigmentac\u00ed.\" \/>\n<meta name=\"robots\" content=\"index, follow, max-snippet:-1, max-image-preview:large, max-video-preview:-1\" \/>\n<link rel=\"canonical\" href=\"https:\/\/naturalpoland.com\/cs\/produkty\/produkty-pro-kosmeticky-prumysl\/hydrolaty-cs\/hydrolat-citronu\/\" \/>\n<meta property=\"og:locale\" content=\"cs_CZ\" \/>\n<meta property=\"og:type\" content=\"article\" \/>\n<meta property=\"og:title\" content=\"Hydrol\u00e1t citronu - Velkoobchodn\u00ed distributor\" \/>\n<meta property=\"og:description\" content=\"Citronov\u00fd hydrol\u00e1t je v\u0161estrann\u00fd a \u00fa\u010dinn\u00fd p\u0159\u00edpravek, kter\u00fd se doporu\u010duje t\u011bm, kdo maj\u00ed probl\u00e9my s nerovnom\u011brn\u00fdm t\u00f3nem pleti a hyperpigmentac\u00ed.\" \/>\n<meta property=\"og:url\" content=\"https:\/\/naturalpoland.com\/cs\/produkty\/produkty-pro-kosmeticky-prumysl\/hydrolaty-cs\/hydrolat-citronu\/\" \/>\n<meta property=\"og:site_name\" content=\"NATURAL POLAND - Velkoobchodn\u00ed distributor surovin\" \/>\n<meta property=\"article:publisher\" content=\"https:\/\/www.facebook.com\/naturalpoland.b2b\" \/>\n<meta property=\"og:image\" content=\"https:\/\/naturalpoland.com\/wp-content\/uploads\/hydrolat-cytrynowy.webp\" \/>\n\t<meta property=\"og:image:width\" content=\"1024\" \/>\n\t<meta property=\"og:image:height\" content=\"1024\" \/>\n\t<meta property=\"og:image:type\" content=\"image\/webp\" \/>\n<script type=\"application\/ld+json\" class=\"yoast-schema-graph\">{\"@context\":\"https:\\\/\\\/schema.org\",\"@graph\":[{\"@type\":\"WebPage\",\"@id\":\"https:\\\/\\\/naturalpoland.com\\\/cs\\\/produkty\\\/produkty-pro-kosmeticky-prumysl\\\/hydrolaty-cs\\\/hydrolat-citronu\\\/\",\"url\":\"https:\\\/\\\/naturalpoland.com\\\/cs\\\/produkty\\\/produkty-pro-kosmeticky-prumysl\\\/hydrolaty-cs\\\/hydrolat-citronu\\\/\",\"name\":\"Hydrol\u00e1t citronu - Velkoobchodn\u00ed distributor\",\"isPartOf\":{\"@id\":\"https:\\\/\\\/naturalpoland.com\\\/cs\\\/#website\"},\"primaryImageOfPage\":{\"@id\":\"https:\\\/\\\/naturalpoland.com\\\/cs\\\/produkty\\\/produkty-pro-kosmeticky-prumysl\\\/hydrolaty-cs\\\/hydrolat-citronu\\\/#primaryimage\"},\"image\":{\"@id\":\"https:\\\/\\\/naturalpoland.com\\\/cs\\\/produkty\\\/produkty-pro-kosmeticky-prumysl\\\/hydrolaty-cs\\\/hydrolat-citronu\\\/#primaryimage\"},\"thumbnailUrl\":\"https:\\\/\\\/naturalpoland.com\\\/wp-content\\\/uploads\\\/hydrolat-cytrynowy.webp\",\"datePublished\":\"2024-05-13T11:39:24+00:00\",\"description\":\"Citronov\u00fd hydrol\u00e1t je v\u0161estrann\u00fd a \u00fa\u010dinn\u00fd p\u0159\u00edpravek, kter\u00fd se doporu\u010duje t\u011bm, kdo maj\u00ed probl\u00e9my s nerovnom\u011brn\u00fdm t\u00f3nem pleti a hyperpigmentac\u00ed.\",\"breadcrumb\":{\"@id\":\"https:\\\/\\\/naturalpoland.com\\\/cs\\\/produkty\\\/produkty-pro-kosmeticky-prumysl\\\/hydrolaty-cs\\\/hydrolat-citronu\\\/#breadcrumb\"},\"inLanguage\":\"cs\",\"potentialAction\":[{\"@type\":\"ReadAction\",\"target\":[\"https:\\\/\\\/naturalpoland.com\\\/cs\\\/produkty\\\/produkty-pro-kosmeticky-prumysl\\\/hydrolaty-cs\\\/hydrolat-citronu\\\/\"]}]},{\"@type\":\"ImageObject\",\"inLanguage\":\"cs\",\"@id\":\"https:\\\/\\\/naturalpoland.com\\\/cs\\\/produkty\\\/produkty-pro-kosmeticky-prumysl\\\/hydrolaty-cs\\\/hydrolat-citronu\\\/#primaryimage\",\"url\":\"https:\\\/\\\/naturalpoland.com\\\/wp-content\\\/uploads\\\/hydrolat-cytrynowy.webp\",\"contentUrl\":\"https:\\\/\\\/naturalpoland.com\\\/wp-content\\\/uploads\\\/hydrolat-cytrynowy.webp\",\"width\":1024,\"height\":1024,\"caption\":\"hydrolat cytrynowy\"},{\"@type\":\"BreadcrumbList\",\"@id\":\"https:\\\/\\\/naturalpoland.com\\\/cs\\\/produkty\\\/produkty-pro-kosmeticky-prumysl\\\/hydrolaty-cs\\\/hydrolat-citronu\\\/#breadcrumb\",\"itemListElement\":[{\"@type\":\"ListItem\",\"position\":1,\"name\":\"Dom\u016f\",\"item\":\"https:\\\/\\\/naturalpoland.com\\\/cs\\\/\"},{\"@type\":\"ListItem\",\"position\":2,\"name\":\"Produkty\",\"item\":\"https:\\\/\\\/naturalpoland.com\\\/cs\\\/produkty\\\/\"},{\"@type\":\"ListItem\",\"position\":3,\"name\":\"Hydrol\u00e1t citronu\"}]},{\"@type\":\"WebSite\",\"@id\":\"https:\\\/\\\/naturalpoland.com\\\/cs\\\/#website\",\"url\":\"https:\\\/\\\/naturalpoland.com\\\/cs\\\/\",\"name\":\"NATURAL POLAND - Velkoobchodn\u00ed distributor surovin\",\"description\":\"Surowce dla przemys\u0142u spo\u017cywczego, kosmetycznego i farmaceutycznego\",\"publisher\":{\"@id\":\"https:\\\/\\\/naturalpoland.com\\\/cs\\\/#organization\"},\"potentialAction\":[{\"@type\":\"SearchAction\",\"target\":{\"@type\":\"EntryPoint\",\"urlTemplate\":\"https:\\\/\\\/naturalpoland.com\\\/cs\\\/?s={search_term_string}\"},\"query-input\":{\"@type\":\"PropertyValueSpecification\",\"valueRequired\":true,\"valueName\":\"search_term_string\"}}],\"inLanguage\":\"cs\"},{\"@type\":\"Organization\",\"@id\":\"https:\\\/\\\/naturalpoland.com\\\/cs\\\/#organization\",\"name\":\"Natural Poland\",\"url\":\"https:\\\/\\\/naturalpoland.com\\\/cs\\\/\",\"logo\":{\"@type\":\"ImageObject\",\"inLanguage\":\"cs\",\"@id\":\"https:\\\/\\\/naturalpoland.com\\\/cs\\\/#\\\/schema\\\/logo\\\/image\\\/\",\"url\":\"https:\\\/\\\/naturalpoland.com\\\/wp-content\\\/uploads\\\/2021\\\/05\\\/natural-poland-icon.png\",\"contentUrl\":\"https:\\\/\\\/naturalpoland.com\\\/wp-content\\\/uploads\\\/2021\\\/05\\\/natural-poland-icon.png\",\"width\":512,\"height\":512,\"caption\":\"Natural Poland\"},\"image\":{\"@id\":\"https:\\\/\\\/naturalpoland.com\\\/cs\\\/#\\\/schema\\\/logo\\\/image\\\/\"},\"sameAs\":[\"https:\\\/\\\/www.facebook.com\\\/naturalpoland.b2b\",\"https:\\\/\\\/pl.linkedin.com\\\/company\\\/natural-poland\",\"https:\\\/\\\/www.youtube.com\\\/channel\\\/UCgeGGkvOMahZo-xu_MSEWxg\"]}]}<\/script>\n<!-- \/ Yoast SEO plugin. -->","yoast_head_json":{"title":"Hydrol\u00e1t citronu - Velkoobchodn\u00ed distributor","description":"Citronov\u00fd hydrol\u00e1t je v\u0161estrann\u00fd a \u00fa\u010dinn\u00fd p\u0159\u00edpravek, kter\u00fd se doporu\u010duje t\u011bm, kdo maj\u00ed probl\u00e9my s nerovnom\u011brn\u00fdm t\u00f3nem pleti a hyperpigmentac\u00ed.","robots":{"index":"index","follow":"follow","max-snippet":"max-snippet:-1","max-image-preview":"max-image-preview:large","max-video-preview":"max-video-preview:-1"},"canonical":"https:\/\/naturalpoland.com\/cs\/produkty\/produkty-pro-kosmeticky-prumysl\/hydrolaty-cs\/hydrolat-citronu\/","og_locale":"cs_CZ","og_type":"article","og_title":"Hydrol\u00e1t citronu - Velkoobchodn\u00ed distributor","og_description":"Citronov\u00fd hydrol\u00e1t je v\u0161estrann\u00fd a \u00fa\u010dinn\u00fd p\u0159\u00edpravek, kter\u00fd se doporu\u010duje t\u011bm, kdo maj\u00ed probl\u00e9my s nerovnom\u011brn\u00fdm t\u00f3nem pleti a hyperpigmentac\u00ed.","og_url":"https:\/\/naturalpoland.com\/cs\/produkty\/produkty-pro-kosmeticky-prumysl\/hydrolaty-cs\/hydrolat-citronu\/","og_site_name":"NATURAL POLAND - Velkoobchodn\u00ed distributor surovin","article_publisher":"https:\/\/www.facebook.com\/naturalpoland.b2b","og_image":[{"width":1024,"height":1024,"url":"https:\/\/naturalpoland.com\/wp-content\/uploads\/hydrolat-cytrynowy.webp","type":"image\/webp"}],"schema":{"@context":"https:\/\/schema.org","@graph":[{"@type":"WebPage","@id":"https:\/\/naturalpoland.com\/cs\/produkty\/produkty-pro-kosmeticky-prumysl\/hydrolaty-cs\/hydrolat-citronu\/","url":"https:\/\/naturalpoland.com\/cs\/produkty\/produkty-pro-kosmeticky-prumysl\/hydrolaty-cs\/hydrolat-citronu\/","name":"Hydrol\u00e1t citronu - Velkoobchodn\u00ed distributor","isPartOf":{"@id":"https:\/\/naturalpoland.com\/cs\/#website"},"primaryImageOfPage":{"@id":"https:\/\/naturalpoland.com\/cs\/produkty\/produkty-pro-kosmeticky-prumysl\/hydrolaty-cs\/hydrolat-citronu\/#primaryimage"},"image":{"@id":"https:\/\/naturalpoland.com\/cs\/produkty\/produkty-pro-kosmeticky-prumysl\/hydrolaty-cs\/hydrolat-citronu\/#primaryimage"},"thumbnailUrl":"https:\/\/naturalpoland.com\/wp-content\/uploads\/hydrolat-cytrynowy.webp","datePublished":"2024-05-13T11:39:24+00:00","description":"Citronov\u00fd hydrol\u00e1t je v\u0161estrann\u00fd a \u00fa\u010dinn\u00fd p\u0159\u00edpravek, kter\u00fd se doporu\u010duje t\u011bm, kdo maj\u00ed probl\u00e9my s nerovnom\u011brn\u00fdm t\u00f3nem pleti a hyperpigmentac\u00ed.","breadcrumb":{"@id":"https:\/\/naturalpoland.com\/cs\/produkty\/produkty-pro-kosmeticky-prumysl\/hydrolaty-cs\/hydrolat-citronu\/#breadcrumb"},"inLanguage":"cs","potentialAction":[{"@type":"ReadAction","target":["https:\/\/naturalpoland.com\/cs\/produkty\/produkty-pro-kosmeticky-prumysl\/hydrolaty-cs\/hydrolat-citronu\/"]}]},{"@type":"ImageObject","inLanguage":"cs","@id":"https:\/\/naturalpoland.com\/cs\/produkty\/produkty-pro-kosmeticky-prumysl\/hydrolaty-cs\/hydrolat-citronu\/#primaryimage","url":"https:\/\/naturalpoland.com\/wp-content\/uploads\/hydrolat-cytrynowy.webp","contentUrl":"https:\/\/naturalpoland.com\/wp-content\/uploads\/hydrolat-cytrynowy.webp","width":1024,"height":1024,"caption":"hydrolat cytrynowy"},{"@type":"BreadcrumbList","@id":"https:\/\/naturalpoland.com\/cs\/produkty\/produkty-pro-kosmeticky-prumysl\/hydrolaty-cs\/hydrolat-citronu\/#breadcrumb","itemListElement":[{"@type":"ListItem","position":1,"name":"Dom\u016f","item":"https:\/\/naturalpoland.com\/cs\/"},{"@type":"ListItem","position":2,"name":"Produkty","item":"https:\/\/naturalpoland.com\/cs\/produkty\/"},{"@type":"ListItem","position":3,"name":"Hydrol\u00e1t citronu"}]},{"@type":"WebSite","@id":"https:\/\/naturalpoland.com\/cs\/#website","url":"https:\/\/naturalpoland.com\/cs\/","name":"NATURAL POLAND - Velkoobchodn\u00ed distributor surovin","description":"Surowce dla przemys\u0142u spo\u017cywczego, kosmetycznego i farmaceutycznego","publisher":{"@id":"https:\/\/naturalpoland.com\/cs\/#organization"},"potentialAction":[{"@type":"SearchAction","target":{"@type":"EntryPoint","urlTemplate":"https:\/\/naturalpoland.com\/cs\/?s={search_term_string}"},"query-input":{"@type":"PropertyValueSpecification","valueRequired":true,"valueName":"search_term_string"}}],"inLanguage":"cs"},{"@type":"Organization","@id":"https:\/\/naturalpoland.com\/cs\/#organization","name":"Natural Poland","url":"https:\/\/naturalpoland.com\/cs\/","logo":{"@type":"ImageObject","inLanguage":"cs","@id":"https:\/\/naturalpoland.com\/cs\/#\/schema\/logo\/image\/","url":"https:\/\/naturalpoland.com\/wp-content\/uploads\/2021\/05\/natural-poland-icon.png","contentUrl":"https:\/\/naturalpoland.com\/wp-content\/uploads\/2021\/05\/natural-poland-icon.png","width":512,"height":512,"caption":"Natural Poland"},"image":{"@id":"https:\/\/naturalpoland.com\/cs\/#\/schema\/logo\/image\/"},"sameAs":["https:\/\/www.facebook.com\/naturalpoland.b2b","https:\/\/pl.linkedin.com\/company\/natural-poland","https:\/\/www.youtube.com\/channel\/UCgeGGkvOMahZo-xu_MSEWxg"]}]}},"_links":{"self":[{"href":"https:\/\/naturalpoland.com\/cs\/wp-json\/wp\/v2\/product\/31918","targetHints":{"allow":["GET"]}}],"collection":[{"href":"https:\/\/naturalpoland.com\/cs\/wp-json\/wp\/v2\/product"}],"about":[{"href":"https:\/\/naturalpoland.com\/cs\/wp-json\/wp\/v2\/types\/product"}],"wp:featuredmedia":[{"embeddable":true,"href":"https:\/\/naturalpoland.com\/cs\/wp-json\/wp\/v2\/media\/31625"}],"wp:attachment":[{"href":"https:\/\/naturalpoland.com\/cs\/wp-json\/wp\/v2\/media?parent=31918"}],"wp:term":[{"taxonomy":"product_brand","embeddable":true,"href":"https:\/\/naturalpoland.com\/cs\/wp-json\/wp\/v2\/product_brand?post=31918"},{"taxonomy":"product_cat","embeddable":true,"href":"https:\/\/naturalpoland.com\/cs\/wp-json\/wp\/v2\/product_cat?post=31918"},{"taxonomy":"product_tag","embeddable":true,"href":"https:\/\/naturalpoland.com\/cs\/wp-json\/wp\/v2\/product_tag?post=31918"}],"curies":[{"name":"wp","href":"https:\/\/api.w.org\/{rel}","templated":true}]}}