{"id":32255,"date":"2024-05-17T11:26:28","date_gmt":"2024-05-17T12:45:34","guid":{"rendered":"https:\/\/naturalpoland.com\/produkty\/neza\u0159azen\u00e9\/vitamin-d3-cholekalciferol\/"},"modified":"2024-07-24T10:54:14","modified_gmt":"2024-07-24T08:54:14","slug":"vitamin-d3-cholekalciferol","status":"publish","type":"product","link":"https:\/\/naturalpoland.com\/cs\/produkty\/produkty-pro-farmaceuticky-a-zdravotnicky-prumysl\/vitaminy\/vitamin-d3-cholekalciferol\/","title":{"rendered":"Vitamin D3, cholekalciferol"},"content":{"rendered":"<p>Vitamin D3 se p\u0159irozen\u011b vytv\u00e1\u0159\u00ed v lidsk\u00e9 k\u016f\u017ei p\u0159i vystaven\u00ed slune\u010dn\u00edmu z\u00e1\u0159en\u00ed (UVB), ale vzhledem k omezen\u00e9mu slune\u010dn\u00edmu z\u00e1\u0159en\u00ed, zejm\u00e9na v m\u00edrn\u00e9m podneb\u00ed, je \u010dasto nutn\u00e1 jeho suplementace. <\/p>\n<h3>Charakteristika vitaminu D3<\/h3>\n<p> Vitamin D3 je surovina hojn\u011b vyu\u017e\u00edvan\u00e1 p\u0159i v\u00fdrob\u011b dopl\u0148k\u016f stravy a obohacen\u00fdch potravin\u00e1\u0159sk\u00fdch v\u00fdrobk\u016f, jako je ml\u00e9ko, jogurty a sn\u00edda\u0148ov\u00e9 cere\u00e1lie. Je \u00fa\u010dinn\u011bj\u0161\u00ed p\u0159i zvy\u0161ov\u00e1n\u00ed a udr\u017eov\u00e1n\u00ed hladiny vitaminu D v t\u011ble ne\u017e jeho rostlinn\u00fd prot\u011bj\u0161ek, vitamin D2 (ergokalciferol). <\/p>\n<h3>Vlastnosti a aplikace<\/h3>\n<ol>\n<li>Vitamin D3 je nezbytn\u00fd pro budov\u00e1n\u00ed a udr\u017eov\u00e1n\u00ed siln\u00fdch kost\u00ed a prevenci osteopor\u00f3zy, proto\u017ee reguluje vst\u0159eb\u00e1v\u00e1n\u00ed v\u00e1pn\u00edku a fosforu z tr\u00e1vic\u00edho traktu.<\/li>\n<li>Podporuje imunitn\u00ed syst\u00e9m a chr\u00e1n\u00ed t\u011blo p\u0159ed infekcemi. M\u00e1 potenci\u00e1l sn\u00ed\u017eit riziko n\u011bkter\u00fdch autoimunitn\u00edch onemocn\u011bn\u00ed.<\/li>\n<li>P\u016fsob\u00ed preventivn\u011b proti chronick\u00fdm onemocn\u011bn\u00edm, v\u010detn\u011b n\u011bkter\u00fdch typ\u016f rakoviny, srde\u010dn\u00edch chorob a cukrovky.<\/li>\n<li>Podporuje du\u0161evn\u00ed zdrav\u00ed. Jeho nedostatek m\u016f\u017ee souviset s vy\u0161\u0161\u00edm rizikem vzniku poruch n\u00e1lady, v\u010detn\u011b deprese.<\/li>\n<\/ol>\n<h3>Surov\u00e1 forma vitaminu D3<\/h3>\n<p> Surov\u00fd vitamin D3 je obvykle k dispozici v olejov\u00e9 form\u011b nebo ve form\u011b pr\u00e1\u0161ku, kter\u00fd lze snadno za\u010dlenit do slo\u017een\u00ed dopl\u0148k\u016f stravy, obohacen\u00fdch potravin a farmaceutick\u00fdch v\u00fdrobk\u016f. Olejov\u00e1 forma je vhodn\u00e1 zejm\u00e9na pro v\u00fdrobu m\u011bkk\u00fdch gelov\u00fdch kapsl\u00ed a tekut\u00fdch p\u0159\u00edpravk\u016f, kter\u00e9 usnad\u0148uj\u00ed vst\u0159eb\u00e1v\u00e1n\u00ed vitaminu D3.<\/p>\n","protected":false},"excerpt":{"rendered":"<p>Vitamin D3, zn\u00e1m\u00fd tak\u00e9 jako cholekalciferol, je forma vitaminu D, kter\u00e1 hraje kl\u00ed\u010dovou roli v mnoha zdravotn\u00edch procesech v lidsk\u00e9m t\u011ble, v\u010detn\u011b regulace hladiny v\u00e1pn\u00edku a fosforu. M\u00e1 z\u00e1sadn\u00ed v\u00fdznam pro zdrav\u00ed kost\u00ed a zub\u016f.<\/p>\n","protected":false},"featured_media":32120,"template":"","meta":[],"product_brand":[],"product_cat":[631],"product_tag":[],"class_list":{"0":"post-32255","1":"product","2":"type-product","3":"status-publish","4":"has-post-thumbnail","6":"product_cat-vitaminy","8":"first","9":"instock","10":"shipping-taxable","11":"product-type-simple"},"yoast_head":"<!-- This site is optimized with the Yoast SEO plugin v27.4 - https:\/\/yoast.com\/product\/yoast-seo-wordpress\/ -->\n<title>Vitamin D3, cholekalciferol - Velkoobchodn\u00ed distributor<\/title>\n<meta name=\"description\" content=\"Vitamin D3, zn\u00e1m\u00fd tak\u00e9 jako cholekalciferol, je forma vitaminu D, kter\u00e1 hraje kl\u00ed\u010dovou roli v mnoha zdravotn\u00edch procesech v lidsk\u00e9m t\u011ble.\" \/>\n<meta name=\"robots\" content=\"index, follow, max-snippet:-1, max-image-preview:large, max-video-preview:-1\" \/>\n<link rel=\"canonical\" href=\"https:\/\/naturalpoland.com\/cs\/produkty\/produkty-pro-farmaceuticky-a-zdravotnicky-prumysl\/vitaminy\/vitamin-d3-cholekalciferol\/\" \/>\n<meta property=\"og:locale\" content=\"cs_CZ\" \/>\n<meta property=\"og:type\" content=\"article\" \/>\n<meta property=\"og:title\" content=\"Vitamin D3, cholekalciferol - Velkoobchodn\u00ed distributor\" \/>\n<meta property=\"og:description\" content=\"Vitamin D3, zn\u00e1m\u00fd tak\u00e9 jako cholekalciferol, je forma vitaminu D, kter\u00e1 hraje kl\u00ed\u010dovou roli v mnoha zdravotn\u00edch procesech v lidsk\u00e9m t\u011ble.\" \/>\n<meta property=\"og:url\" content=\"https:\/\/naturalpoland.com\/cs\/produkty\/produkty-pro-farmaceuticky-a-zdravotnicky-prumysl\/vitaminy\/vitamin-d3-cholekalciferol\/\" \/>\n<meta property=\"og:site_name\" content=\"NATURAL POLAND - Velkoobchodn\u00ed distributor surovin\" \/>\n<meta property=\"article:publisher\" content=\"https:\/\/www.facebook.com\/naturalpoland.b2b\" \/>\n<meta property=\"article:modified_time\" content=\"2024-07-24T08:54:14+00:00\" \/>\n<meta property=\"og:image\" content=\"https:\/\/naturalpoland.com\/wp-content\/uploads\/witamina-d3.webp\" \/>\n\t<meta property=\"og:image:width\" content=\"616\" \/>\n\t<meta property=\"og:image:height\" content=\"616\" \/>\n\t<meta property=\"og:image:type\" content=\"image\/webp\" \/>\n<script type=\"application\/ld+json\" class=\"yoast-schema-graph\">{\"@context\":\"https:\\\/\\\/schema.org\",\"@graph\":[{\"@type\":\"WebPage\",\"@id\":\"https:\\\/\\\/naturalpoland.com\\\/cs\\\/produkty\\\/produkty-pro-farmaceuticky-a-zdravotnicky-prumysl\\\/vitaminy\\\/vitamin-d3-cholekalciferol\\\/\",\"url\":\"https:\\\/\\\/naturalpoland.com\\\/cs\\\/produkty\\\/produkty-pro-farmaceuticky-a-zdravotnicky-prumysl\\\/vitaminy\\\/vitamin-d3-cholekalciferol\\\/\",\"name\":\"Vitamin D3, cholekalciferol - Velkoobchodn\u00ed distributor\",\"isPartOf\":{\"@id\":\"https:\\\/\\\/naturalpoland.com\\\/cs\\\/#website\"},\"primaryImageOfPage\":{\"@id\":\"https:\\\/\\\/naturalpoland.com\\\/cs\\\/produkty\\\/produkty-pro-farmaceuticky-a-zdravotnicky-prumysl\\\/vitaminy\\\/vitamin-d3-cholekalciferol\\\/#primaryimage\"},\"image\":{\"@id\":\"https:\\\/\\\/naturalpoland.com\\\/cs\\\/produkty\\\/produkty-pro-farmaceuticky-a-zdravotnicky-prumysl\\\/vitaminy\\\/vitamin-d3-cholekalciferol\\\/#primaryimage\"},\"thumbnailUrl\":\"https:\\\/\\\/naturalpoland.com\\\/wp-content\\\/uploads\\\/witamina-d3.webp\",\"datePublished\":\"2024-05-17T12:45:34+00:00\",\"dateModified\":\"2024-07-24T08:54:14+00:00\",\"description\":\"Vitamin D3, zn\u00e1m\u00fd tak\u00e9 jako cholekalciferol, je forma vitaminu D, kter\u00e1 hraje kl\u00ed\u010dovou roli v mnoha zdravotn\u00edch procesech v lidsk\u00e9m t\u011ble.\",\"breadcrumb\":{\"@id\":\"https:\\\/\\\/naturalpoland.com\\\/cs\\\/produkty\\\/produkty-pro-farmaceuticky-a-zdravotnicky-prumysl\\\/vitaminy\\\/vitamin-d3-cholekalciferol\\\/#breadcrumb\"},\"inLanguage\":\"cs\",\"potentialAction\":[{\"@type\":\"ReadAction\",\"target\":[\"https:\\\/\\\/naturalpoland.com\\\/cs\\\/produkty\\\/produkty-pro-farmaceuticky-a-zdravotnicky-prumysl\\\/vitaminy\\\/vitamin-d3-cholekalciferol\\\/\"]}]},{\"@type\":\"ImageObject\",\"inLanguage\":\"cs\",\"@id\":\"https:\\\/\\\/naturalpoland.com\\\/cs\\\/produkty\\\/produkty-pro-farmaceuticky-a-zdravotnicky-prumysl\\\/vitaminy\\\/vitamin-d3-cholekalciferol\\\/#primaryimage\",\"url\":\"https:\\\/\\\/naturalpoland.com\\\/wp-content\\\/uploads\\\/witamina-d3.webp\",\"contentUrl\":\"https:\\\/\\\/naturalpoland.com\\\/wp-content\\\/uploads\\\/witamina-d3.webp\",\"width\":616,\"height\":616,\"caption\":\"witamina D3\"},{\"@type\":\"BreadcrumbList\",\"@id\":\"https:\\\/\\\/naturalpoland.com\\\/cs\\\/produkty\\\/produkty-pro-farmaceuticky-a-zdravotnicky-prumysl\\\/vitaminy\\\/vitamin-d3-cholekalciferol\\\/#breadcrumb\",\"itemListElement\":[{\"@type\":\"ListItem\",\"position\":1,\"name\":\"Dom\u016f\",\"item\":\"https:\\\/\\\/naturalpoland.com\\\/cs\\\/\"},{\"@type\":\"ListItem\",\"position\":2,\"name\":\"Produkty\",\"item\":\"https:\\\/\\\/naturalpoland.com\\\/cs\\\/produkty\\\/\"},{\"@type\":\"ListItem\",\"position\":3,\"name\":\"Vitamin D3, cholekalciferol\"}]},{\"@type\":\"WebSite\",\"@id\":\"https:\\\/\\\/naturalpoland.com\\\/cs\\\/#website\",\"url\":\"https:\\\/\\\/naturalpoland.com\\\/cs\\\/\",\"name\":\"NATURAL POLAND - Velkoobchodn\u00ed distributor surovin\",\"description\":\"Surowce dla przemys\u0142u spo\u017cywczego, kosmetycznego i farmaceutycznego\",\"publisher\":{\"@id\":\"https:\\\/\\\/naturalpoland.com\\\/cs\\\/#organization\"},\"potentialAction\":[{\"@type\":\"SearchAction\",\"target\":{\"@type\":\"EntryPoint\",\"urlTemplate\":\"https:\\\/\\\/naturalpoland.com\\\/cs\\\/?s={search_term_string}\"},\"query-input\":{\"@type\":\"PropertyValueSpecification\",\"valueRequired\":true,\"valueName\":\"search_term_string\"}}],\"inLanguage\":\"cs\"},{\"@type\":\"Organization\",\"@id\":\"https:\\\/\\\/naturalpoland.com\\\/cs\\\/#organization\",\"name\":\"Natural Poland\",\"url\":\"https:\\\/\\\/naturalpoland.com\\\/cs\\\/\",\"logo\":{\"@type\":\"ImageObject\",\"inLanguage\":\"cs\",\"@id\":\"https:\\\/\\\/naturalpoland.com\\\/cs\\\/#\\\/schema\\\/logo\\\/image\\\/\",\"url\":\"https:\\\/\\\/naturalpoland.com\\\/wp-content\\\/uploads\\\/2021\\\/05\\\/natural-poland-icon.png\",\"contentUrl\":\"https:\\\/\\\/naturalpoland.com\\\/wp-content\\\/uploads\\\/2021\\\/05\\\/natural-poland-icon.png\",\"width\":512,\"height\":512,\"caption\":\"Natural Poland\"},\"image\":{\"@id\":\"https:\\\/\\\/naturalpoland.com\\\/cs\\\/#\\\/schema\\\/logo\\\/image\\\/\"},\"sameAs\":[\"https:\\\/\\\/www.facebook.com\\\/naturalpoland.b2b\",\"https:\\\/\\\/pl.linkedin.com\\\/company\\\/natural-poland\",\"https:\\\/\\\/www.youtube.com\\\/channel\\\/UCgeGGkvOMahZo-xu_MSEWxg\"]}]}<\/script>\n<!-- \/ Yoast SEO plugin. -->","yoast_head_json":{"title":"Vitamin D3, cholekalciferol - Velkoobchodn\u00ed distributor","description":"Vitamin D3, zn\u00e1m\u00fd tak\u00e9 jako cholekalciferol, je forma vitaminu D, kter\u00e1 hraje kl\u00ed\u010dovou roli v mnoha zdravotn\u00edch procesech v lidsk\u00e9m t\u011ble.","robots":{"index":"index","follow":"follow","max-snippet":"max-snippet:-1","max-image-preview":"max-image-preview:large","max-video-preview":"max-video-preview:-1"},"canonical":"https:\/\/naturalpoland.com\/cs\/produkty\/produkty-pro-farmaceuticky-a-zdravotnicky-prumysl\/vitaminy\/vitamin-d3-cholekalciferol\/","og_locale":"cs_CZ","og_type":"article","og_title":"Vitamin D3, cholekalciferol - Velkoobchodn\u00ed distributor","og_description":"Vitamin D3, zn\u00e1m\u00fd tak\u00e9 jako cholekalciferol, je forma vitaminu D, kter\u00e1 hraje kl\u00ed\u010dovou roli v mnoha zdravotn\u00edch procesech v lidsk\u00e9m t\u011ble.","og_url":"https:\/\/naturalpoland.com\/cs\/produkty\/produkty-pro-farmaceuticky-a-zdravotnicky-prumysl\/vitaminy\/vitamin-d3-cholekalciferol\/","og_site_name":"NATURAL POLAND - Velkoobchodn\u00ed distributor surovin","article_publisher":"https:\/\/www.facebook.com\/naturalpoland.b2b","article_modified_time":"2024-07-24T08:54:14+00:00","og_image":[{"width":616,"height":616,"url":"https:\/\/naturalpoland.com\/wp-content\/uploads\/witamina-d3.webp","type":"image\/webp"}],"schema":{"@context":"https:\/\/schema.org","@graph":[{"@type":"WebPage","@id":"https:\/\/naturalpoland.com\/cs\/produkty\/produkty-pro-farmaceuticky-a-zdravotnicky-prumysl\/vitaminy\/vitamin-d3-cholekalciferol\/","url":"https:\/\/naturalpoland.com\/cs\/produkty\/produkty-pro-farmaceuticky-a-zdravotnicky-prumysl\/vitaminy\/vitamin-d3-cholekalciferol\/","name":"Vitamin D3, cholekalciferol - Velkoobchodn\u00ed distributor","isPartOf":{"@id":"https:\/\/naturalpoland.com\/cs\/#website"},"primaryImageOfPage":{"@id":"https:\/\/naturalpoland.com\/cs\/produkty\/produkty-pro-farmaceuticky-a-zdravotnicky-prumysl\/vitaminy\/vitamin-d3-cholekalciferol\/#primaryimage"},"image":{"@id":"https:\/\/naturalpoland.com\/cs\/produkty\/produkty-pro-farmaceuticky-a-zdravotnicky-prumysl\/vitaminy\/vitamin-d3-cholekalciferol\/#primaryimage"},"thumbnailUrl":"https:\/\/naturalpoland.com\/wp-content\/uploads\/witamina-d3.webp","datePublished":"2024-05-17T12:45:34+00:00","dateModified":"2024-07-24T08:54:14+00:00","description":"Vitamin D3, zn\u00e1m\u00fd tak\u00e9 jako cholekalciferol, je forma vitaminu D, kter\u00e1 hraje kl\u00ed\u010dovou roli v mnoha zdravotn\u00edch procesech v lidsk\u00e9m t\u011ble.","breadcrumb":{"@id":"https:\/\/naturalpoland.com\/cs\/produkty\/produkty-pro-farmaceuticky-a-zdravotnicky-prumysl\/vitaminy\/vitamin-d3-cholekalciferol\/#breadcrumb"},"inLanguage":"cs","potentialAction":[{"@type":"ReadAction","target":["https:\/\/naturalpoland.com\/cs\/produkty\/produkty-pro-farmaceuticky-a-zdravotnicky-prumysl\/vitaminy\/vitamin-d3-cholekalciferol\/"]}]},{"@type":"ImageObject","inLanguage":"cs","@id":"https:\/\/naturalpoland.com\/cs\/produkty\/produkty-pro-farmaceuticky-a-zdravotnicky-prumysl\/vitaminy\/vitamin-d3-cholekalciferol\/#primaryimage","url":"https:\/\/naturalpoland.com\/wp-content\/uploads\/witamina-d3.webp","contentUrl":"https:\/\/naturalpoland.com\/wp-content\/uploads\/witamina-d3.webp","width":616,"height":616,"caption":"witamina D3"},{"@type":"BreadcrumbList","@id":"https:\/\/naturalpoland.com\/cs\/produkty\/produkty-pro-farmaceuticky-a-zdravotnicky-prumysl\/vitaminy\/vitamin-d3-cholekalciferol\/#breadcrumb","itemListElement":[{"@type":"ListItem","position":1,"name":"Dom\u016f","item":"https:\/\/naturalpoland.com\/cs\/"},{"@type":"ListItem","position":2,"name":"Produkty","item":"https:\/\/naturalpoland.com\/cs\/produkty\/"},{"@type":"ListItem","position":3,"name":"Vitamin D3, cholekalciferol"}]},{"@type":"WebSite","@id":"https:\/\/naturalpoland.com\/cs\/#website","url":"https:\/\/naturalpoland.com\/cs\/","name":"NATURAL POLAND - Velkoobchodn\u00ed distributor surovin","description":"Surowce dla przemys\u0142u spo\u017cywczego, kosmetycznego i farmaceutycznego","publisher":{"@id":"https:\/\/naturalpoland.com\/cs\/#organization"},"potentialAction":[{"@type":"SearchAction","target":{"@type":"EntryPoint","urlTemplate":"https:\/\/naturalpoland.com\/cs\/?s={search_term_string}"},"query-input":{"@type":"PropertyValueSpecification","valueRequired":true,"valueName":"search_term_string"}}],"inLanguage":"cs"},{"@type":"Organization","@id":"https:\/\/naturalpoland.com\/cs\/#organization","name":"Natural Poland","url":"https:\/\/naturalpoland.com\/cs\/","logo":{"@type":"ImageObject","inLanguage":"cs","@id":"https:\/\/naturalpoland.com\/cs\/#\/schema\/logo\/image\/","url":"https:\/\/naturalpoland.com\/wp-content\/uploads\/2021\/05\/natural-poland-icon.png","contentUrl":"https:\/\/naturalpoland.com\/wp-content\/uploads\/2021\/05\/natural-poland-icon.png","width":512,"height":512,"caption":"Natural Poland"},"image":{"@id":"https:\/\/naturalpoland.com\/cs\/#\/schema\/logo\/image\/"},"sameAs":["https:\/\/www.facebook.com\/naturalpoland.b2b","https:\/\/pl.linkedin.com\/company\/natural-poland","https:\/\/www.youtube.com\/channel\/UCgeGGkvOMahZo-xu_MSEWxg"]}]}},"_links":{"self":[{"href":"https:\/\/naturalpoland.com\/cs\/wp-json\/wp\/v2\/product\/32255","targetHints":{"allow":["GET"]}}],"collection":[{"href":"https:\/\/naturalpoland.com\/cs\/wp-json\/wp\/v2\/product"}],"about":[{"href":"https:\/\/naturalpoland.com\/cs\/wp-json\/wp\/v2\/types\/product"}],"wp:featuredmedia":[{"embeddable":true,"href":"https:\/\/naturalpoland.com\/cs\/wp-json\/wp\/v2\/media\/32120"}],"wp:attachment":[{"href":"https:\/\/naturalpoland.com\/cs\/wp-json\/wp\/v2\/media?parent=32255"}],"wp:term":[{"taxonomy":"product_brand","embeddable":true,"href":"https:\/\/naturalpoland.com\/cs\/wp-json\/wp\/v2\/product_brand?post=32255"},{"taxonomy":"product_cat","embeddable":true,"href":"https:\/\/naturalpoland.com\/cs\/wp-json\/wp\/v2\/product_cat?post=32255"},{"taxonomy":"product_tag","embeddable":true,"href":"https:\/\/naturalpoland.com\/cs\/wp-json\/wp\/v2\/product_tag?post=32255"}],"curies":[{"name":"wp","href":"https:\/\/api.w.org\/{rel}","templated":true}]}}