{"id":32352,"date":"2024-05-20T13:51:41","date_gmt":"2024-05-20T13:25:41","guid":{"rendered":"https:\/\/naturalpoland.com\/produkty\/neza\u0159azen\u00e9\/hydrolat-z-lotosoveho-kvetu-a-listu\/"},"modified":"2024-05-20T15:25:41","modified_gmt":"2024-05-20T13:25:41","slug":"hydrolat-z-lotosoveho-kvetu-a-listu","status":"publish","type":"product","link":"https:\/\/naturalpoland.com\/cs\/produkty\/produkty-pro-kosmeticky-prumysl\/hydrolaty-cs\/hydrolat-z-lotosoveho-kvetu-a-listu\/","title":{"rendered":"Hydrol\u00e1t list\u016f lotosov\u00e9ho kv\u011btu"},"content":{"rendered":"<p>Hydrol\u00e1t z list\u016f lotosu je bohat\u00fd na p\u0159\u00edrodn\u00ed \u017eiviny, jako jsou vitaminy (zejm\u00e9na vitamin C), miner\u00e1ly, antioxidanty a dal\u0161\u00ed bioaktivn\u00ed l\u00e1tky, kter\u00e9 podporuj\u00ed zdrav\u00ed a vitalitu poko\u017eky. M\u00e1 lehkou, vodnatou texturu a je ide\u00e1ln\u00ed jako slo\u017eka hydrata\u010dn\u00edch a tonizuj\u00edc\u00edch produkt\u016f.<\/p>\n<h3>Vlastnosti hydrol\u00e1tu lotosov\u00fdch list\u016f<\/h3>\n<p>Hydrol\u00e1t z list\u016f lotosu intenzivn\u011b hydratuje poko\u017eku. Na jeho povrchu vytv\u00e1\u0159\u00ed m\u011bkkou ochrannou vrstvu, kter\u00e1 pom\u00e1h\u00e1 udr\u017eovat vlhkost.<\/p>\n<p>D\u00edky sv\u00fdm zklid\u0148uj\u00edc\u00edm vlastnostem je tento hydrol\u00e1t ide\u00e1ln\u00ed pro citlivou a podr\u00e1\u017ed\u011bnou poko\u017eku. M\u016f\u017ee pomoci zklidnit zarudnut\u00ed a podr\u00e1\u017ed\u011bn\u00ed.<\/p>\n<p>Hydrol\u00e1t z list\u016f lotosu osv\u011b\u017euje ple\u0165 a zanech\u00e1v\u00e1 ji \u010distou a lehkou. Dob\u0159e p\u016fsob\u00ed jako tonikum pro o\u017eiven\u00ed poko\u017eky, zejm\u00e9na v tepl\u00fdch letn\u00edch dnech.<\/p>\n<h3>Kosmetick\u00e9 aplikace<\/h3>\n<p>Hydrol\u00e1t list\u016f lotosu se pou\u017e\u00edv\u00e1 v \u0161irok\u00e9 \u0161k\u00e1le kosmetick\u00fdch v\u00fdrobk\u016f. M\u016f\u017ee se pou\u017e\u00edvat jako slo\u017eka tonik, ple\u0165ov\u00fdch mlh a hydrata\u010dn\u00edch s\u00e9r. V p\u0159\u00edpravc\u00edch po opalov\u00e1n\u00ed jsou obzvl\u00e1\u0161t\u011b cenn\u00e9 jeho zklid\u0148uj\u00edc\u00ed a osv\u011b\u017euj\u00edc\u00ed vlastnosti. Krom\u011b toho d\u00edky sv\u00fdm antioxida\u010dn\u00edm vlastnostem pom\u00e1h\u00e1 chr\u00e1nit poko\u017eku p\u0159ed p\u0159ed\u010dasn\u00fdm st\u00e1rnut\u00edm.<\/p>\n","protected":false},"excerpt":{"rendered":"<p>Hydrol\u00e1t z list\u016f lotosu je jemn\u00fd vodn\u00fd extrakt z\u00edskan\u00fd z list\u016f jedn\u00e9 z nejpoeti\u010dt\u011bj\u0161\u00edch a nejsymboli\u010dt\u011bj\u0161\u00edch rostlin v d\u011bjin\u00e1ch lidstva &#8211; lotosu, kter\u00fd je zn\u00e1m\u00fd sv\u00fdmi o\u010distn\u00fdmi a uklid\u0148uj\u00edc\u00edmi \u00fa\u010dinky.<\/p>\n","protected":false},"featured_media":32329,"template":"","meta":{"_acf_changed":false},"product_brand":[],"product_cat":[3548],"product_tag":[],"class_list":{"0":"post-32352","1":"product","2":"type-product","3":"status-publish","4":"has-post-thumbnail","6":"product_cat-hydrolaty-cs","7":"pa_grupa-substancji-destilaty","9":"first","10":"instock","11":"shipping-taxable","12":"product-type-simple"},"acf":[],"yoast_head":"<!-- This site is optimized with the Yoast SEO plugin v27.6 - https:\/\/yoast.com\/product\/yoast-seo-wordpress\/ -->\n<title>Hydrol\u00e1t list\u016f lotosov\u00e9ho kv\u011btu - NATURAL POLAND - Velkoobchodn\u00ed distributor surovin<\/title>\n<meta name=\"description\" content=\"Hydrol\u00e1t z list\u016f lotosu je v\u00fdjime\u010dn\u00e1 kosmetick\u00e1 surovina, cen\u011bn\u00e1 pro sv\u00e9 hydrata\u010dn\u00ed, zklid\u0148uj\u00edc\u00ed a osv\u011b\u017euj\u00edc\u00ed vlastnosti.\" \/>\n<meta name=\"robots\" content=\"index, follow, max-snippet:-1, max-image-preview:large, max-video-preview:-1\" \/>\n<link rel=\"canonical\" href=\"https:\/\/naturalpoland.com\/cs\/produkty\/produkty-pro-kosmeticky-prumysl\/hydrolaty-cs\/hydrolat-z-lotosoveho-kvetu-a-listu\/\" \/>\n<meta property=\"og:locale\" content=\"cs_CZ\" \/>\n<meta property=\"og:type\" content=\"article\" \/>\n<meta property=\"og:title\" content=\"Hydrol\u00e1t list\u016f lotosov\u00e9ho kv\u011btu - NATURAL POLAND - Velkoobchodn\u00ed distributor surovin\" \/>\n<meta property=\"og:description\" content=\"Hydrol\u00e1t z list\u016f lotosu je v\u00fdjime\u010dn\u00e1 kosmetick\u00e1 surovina, cen\u011bn\u00e1 pro sv\u00e9 hydrata\u010dn\u00ed, zklid\u0148uj\u00edc\u00ed a osv\u011b\u017euj\u00edc\u00ed vlastnosti.\" \/>\n<meta property=\"og:url\" content=\"https:\/\/naturalpoland.com\/cs\/produkty\/produkty-pro-kosmeticky-prumysl\/hydrolaty-cs\/hydrolat-z-lotosoveho-kvetu-a-listu\/\" \/>\n<meta property=\"og:site_name\" content=\"NATURAL POLAND - Velkoobchodn\u00ed distributor surovin\" \/>\n<meta property=\"article:publisher\" content=\"https:\/\/www.facebook.com\/naturalpoland.b2b\" \/>\n<meta property=\"og:image\" content=\"https:\/\/naturalpoland.com\/wp-content\/uploads\/hydrolat-z-lisci-lotosu.webp\" \/>\n\t<meta property=\"og:image:width\" content=\"611\" \/>\n\t<meta property=\"og:image:height\" content=\"611\" \/>\n\t<meta property=\"og:image:type\" content=\"image\/webp\" \/>\n<script type=\"application\/ld+json\" class=\"yoast-schema-graph\">{\"@context\":\"https:\\\/\\\/schema.org\",\"@graph\":[{\"@type\":\"WebPage\",\"@id\":\"https:\\\/\\\/naturalpoland.com\\\/cs\\\/produkty\\\/produkty-pro-kosmeticky-prumysl\\\/hydrolaty-cs\\\/hydrolat-z-lotosoveho-kvetu-a-listu\\\/\",\"url\":\"https:\\\/\\\/naturalpoland.com\\\/cs\\\/produkty\\\/produkty-pro-kosmeticky-prumysl\\\/hydrolaty-cs\\\/hydrolat-z-lotosoveho-kvetu-a-listu\\\/\",\"name\":\"Hydrol\u00e1t list\u016f lotosov\u00e9ho kv\u011btu - NATURAL POLAND - Velkoobchodn\u00ed distributor surovin\",\"isPartOf\":{\"@id\":\"https:\\\/\\\/naturalpoland.com\\\/cs\\\/#website\"},\"primaryImageOfPage\":{\"@id\":\"https:\\\/\\\/naturalpoland.com\\\/cs\\\/produkty\\\/produkty-pro-kosmeticky-prumysl\\\/hydrolaty-cs\\\/hydrolat-z-lotosoveho-kvetu-a-listu\\\/#primaryimage\"},\"image\":{\"@id\":\"https:\\\/\\\/naturalpoland.com\\\/cs\\\/produkty\\\/produkty-pro-kosmeticky-prumysl\\\/hydrolaty-cs\\\/hydrolat-z-lotosoveho-kvetu-a-listu\\\/#primaryimage\"},\"thumbnailUrl\":\"https:\\\/\\\/naturalpoland.com\\\/wp-content\\\/uploads\\\/hydrolat-z-lisci-lotosu.webp\",\"datePublished\":\"2024-05-20T13:25:41+00:00\",\"description\":\"Hydrol\u00e1t z list\u016f lotosu je v\u00fdjime\u010dn\u00e1 kosmetick\u00e1 surovina, cen\u011bn\u00e1 pro sv\u00e9 hydrata\u010dn\u00ed, zklid\u0148uj\u00edc\u00ed a osv\u011b\u017euj\u00edc\u00ed vlastnosti.\",\"breadcrumb\":{\"@id\":\"https:\\\/\\\/naturalpoland.com\\\/cs\\\/produkty\\\/produkty-pro-kosmeticky-prumysl\\\/hydrolaty-cs\\\/hydrolat-z-lotosoveho-kvetu-a-listu\\\/#breadcrumb\"},\"inLanguage\":\"cs\",\"potentialAction\":[{\"@type\":\"ReadAction\",\"target\":[\"https:\\\/\\\/naturalpoland.com\\\/cs\\\/produkty\\\/produkty-pro-kosmeticky-prumysl\\\/hydrolaty-cs\\\/hydrolat-z-lotosoveho-kvetu-a-listu\\\/\"]}]},{\"@type\":\"ImageObject\",\"inLanguage\":\"cs\",\"@id\":\"https:\\\/\\\/naturalpoland.com\\\/cs\\\/produkty\\\/produkty-pro-kosmeticky-prumysl\\\/hydrolaty-cs\\\/hydrolat-z-lotosoveho-kvetu-a-listu\\\/#primaryimage\",\"url\":\"https:\\\/\\\/naturalpoland.com\\\/wp-content\\\/uploads\\\/hydrolat-z-lisci-lotosu.webp\",\"contentUrl\":\"https:\\\/\\\/naturalpoland.com\\\/wp-content\\\/uploads\\\/hydrolat-z-lisci-lotosu.webp\",\"width\":611,\"height\":611,\"caption\":\"Hydrolat z li\u015bci kwiatu lotosu\"},{\"@type\":\"BreadcrumbList\",\"@id\":\"https:\\\/\\\/naturalpoland.com\\\/cs\\\/produkty\\\/produkty-pro-kosmeticky-prumysl\\\/hydrolaty-cs\\\/hydrolat-z-lotosoveho-kvetu-a-listu\\\/#breadcrumb\",\"itemListElement\":[{\"@type\":\"ListItem\",\"position\":1,\"name\":\"Dom\u016f\",\"item\":\"https:\\\/\\\/naturalpoland.com\\\/cs\\\/\"},{\"@type\":\"ListItem\",\"position\":2,\"name\":\"Produkty\",\"item\":\"https:\\\/\\\/naturalpoland.com\\\/cs\\\/produkty\\\/\"},{\"@type\":\"ListItem\",\"position\":3,\"name\":\"Hydrol\u00e1t list\u016f lotosov\u00e9ho kv\u011btu\"}]},{\"@type\":\"WebSite\",\"@id\":\"https:\\\/\\\/naturalpoland.com\\\/cs\\\/#website\",\"url\":\"https:\\\/\\\/naturalpoland.com\\\/cs\\\/\",\"name\":\"NATURAL POLAND - Velkoobchodn\u00ed distributor surovin\",\"description\":\"Surowce dla przemys\u0142u spo\u017cywczego, kosmetycznego i farmaceutycznego\",\"publisher\":{\"@id\":\"https:\\\/\\\/naturalpoland.com\\\/cs\\\/#organization\"},\"potentialAction\":[{\"@type\":\"SearchAction\",\"target\":{\"@type\":\"EntryPoint\",\"urlTemplate\":\"https:\\\/\\\/naturalpoland.com\\\/cs\\\/?s={search_term_string}\"},\"query-input\":{\"@type\":\"PropertyValueSpecification\",\"valueRequired\":true,\"valueName\":\"search_term_string\"}}],\"inLanguage\":\"cs\"},{\"@type\":\"Organization\",\"@id\":\"https:\\\/\\\/naturalpoland.com\\\/cs\\\/#organization\",\"name\":\"Natural Poland\",\"url\":\"https:\\\/\\\/naturalpoland.com\\\/cs\\\/\",\"logo\":{\"@type\":\"ImageObject\",\"inLanguage\":\"cs\",\"@id\":\"https:\\\/\\\/naturalpoland.com\\\/cs\\\/#\\\/schema\\\/logo\\\/image\\\/\",\"url\":\"https:\\\/\\\/naturalpoland.com\\\/wp-content\\\/uploads\\\/2021\\\/05\\\/natural-poland-icon.png\",\"contentUrl\":\"https:\\\/\\\/naturalpoland.com\\\/wp-content\\\/uploads\\\/2021\\\/05\\\/natural-poland-icon.png\",\"width\":512,\"height\":512,\"caption\":\"Natural Poland\"},\"image\":{\"@id\":\"https:\\\/\\\/naturalpoland.com\\\/cs\\\/#\\\/schema\\\/logo\\\/image\\\/\"},\"sameAs\":[\"https:\\\/\\\/www.facebook.com\\\/naturalpoland.b2b\",\"https:\\\/\\\/pl.linkedin.com\\\/company\\\/natural-poland\",\"https:\\\/\\\/www.youtube.com\\\/channel\\\/UCgeGGkvOMahZo-xu_MSEWxg\"]}]}<\/script>\n<!-- \/ Yoast SEO plugin. -->","yoast_head_json":{"title":"Hydrol\u00e1t list\u016f lotosov\u00e9ho kv\u011btu - NATURAL POLAND - Velkoobchodn\u00ed distributor surovin","description":"Hydrol\u00e1t z list\u016f lotosu je v\u00fdjime\u010dn\u00e1 kosmetick\u00e1 surovina, cen\u011bn\u00e1 pro sv\u00e9 hydrata\u010dn\u00ed, zklid\u0148uj\u00edc\u00ed a osv\u011b\u017euj\u00edc\u00ed vlastnosti.","robots":{"index":"index","follow":"follow","max-snippet":"max-snippet:-1","max-image-preview":"max-image-preview:large","max-video-preview":"max-video-preview:-1"},"canonical":"https:\/\/naturalpoland.com\/cs\/produkty\/produkty-pro-kosmeticky-prumysl\/hydrolaty-cs\/hydrolat-z-lotosoveho-kvetu-a-listu\/","og_locale":"cs_CZ","og_type":"article","og_title":"Hydrol\u00e1t list\u016f lotosov\u00e9ho kv\u011btu - NATURAL POLAND - Velkoobchodn\u00ed distributor surovin","og_description":"Hydrol\u00e1t z list\u016f lotosu je v\u00fdjime\u010dn\u00e1 kosmetick\u00e1 surovina, cen\u011bn\u00e1 pro sv\u00e9 hydrata\u010dn\u00ed, zklid\u0148uj\u00edc\u00ed a osv\u011b\u017euj\u00edc\u00ed vlastnosti.","og_url":"https:\/\/naturalpoland.com\/cs\/produkty\/produkty-pro-kosmeticky-prumysl\/hydrolaty-cs\/hydrolat-z-lotosoveho-kvetu-a-listu\/","og_site_name":"NATURAL POLAND - Velkoobchodn\u00ed distributor surovin","article_publisher":"https:\/\/www.facebook.com\/naturalpoland.b2b","og_image":[{"width":611,"height":611,"url":"https:\/\/naturalpoland.com\/wp-content\/uploads\/hydrolat-z-lisci-lotosu.webp","type":"image\/webp"}],"schema":{"@context":"https:\/\/schema.org","@graph":[{"@type":"WebPage","@id":"https:\/\/naturalpoland.com\/cs\/produkty\/produkty-pro-kosmeticky-prumysl\/hydrolaty-cs\/hydrolat-z-lotosoveho-kvetu-a-listu\/","url":"https:\/\/naturalpoland.com\/cs\/produkty\/produkty-pro-kosmeticky-prumysl\/hydrolaty-cs\/hydrolat-z-lotosoveho-kvetu-a-listu\/","name":"Hydrol\u00e1t list\u016f lotosov\u00e9ho kv\u011btu - NATURAL POLAND - Velkoobchodn\u00ed distributor surovin","isPartOf":{"@id":"https:\/\/naturalpoland.com\/cs\/#website"},"primaryImageOfPage":{"@id":"https:\/\/naturalpoland.com\/cs\/produkty\/produkty-pro-kosmeticky-prumysl\/hydrolaty-cs\/hydrolat-z-lotosoveho-kvetu-a-listu\/#primaryimage"},"image":{"@id":"https:\/\/naturalpoland.com\/cs\/produkty\/produkty-pro-kosmeticky-prumysl\/hydrolaty-cs\/hydrolat-z-lotosoveho-kvetu-a-listu\/#primaryimage"},"thumbnailUrl":"https:\/\/naturalpoland.com\/wp-content\/uploads\/hydrolat-z-lisci-lotosu.webp","datePublished":"2024-05-20T13:25:41+00:00","description":"Hydrol\u00e1t z list\u016f lotosu je v\u00fdjime\u010dn\u00e1 kosmetick\u00e1 surovina, cen\u011bn\u00e1 pro sv\u00e9 hydrata\u010dn\u00ed, zklid\u0148uj\u00edc\u00ed a osv\u011b\u017euj\u00edc\u00ed vlastnosti.","breadcrumb":{"@id":"https:\/\/naturalpoland.com\/cs\/produkty\/produkty-pro-kosmeticky-prumysl\/hydrolaty-cs\/hydrolat-z-lotosoveho-kvetu-a-listu\/#breadcrumb"},"inLanguage":"cs","potentialAction":[{"@type":"ReadAction","target":["https:\/\/naturalpoland.com\/cs\/produkty\/produkty-pro-kosmeticky-prumysl\/hydrolaty-cs\/hydrolat-z-lotosoveho-kvetu-a-listu\/"]}]},{"@type":"ImageObject","inLanguage":"cs","@id":"https:\/\/naturalpoland.com\/cs\/produkty\/produkty-pro-kosmeticky-prumysl\/hydrolaty-cs\/hydrolat-z-lotosoveho-kvetu-a-listu\/#primaryimage","url":"https:\/\/naturalpoland.com\/wp-content\/uploads\/hydrolat-z-lisci-lotosu.webp","contentUrl":"https:\/\/naturalpoland.com\/wp-content\/uploads\/hydrolat-z-lisci-lotosu.webp","width":611,"height":611,"caption":"Hydrolat z li\u015bci kwiatu lotosu"},{"@type":"BreadcrumbList","@id":"https:\/\/naturalpoland.com\/cs\/produkty\/produkty-pro-kosmeticky-prumysl\/hydrolaty-cs\/hydrolat-z-lotosoveho-kvetu-a-listu\/#breadcrumb","itemListElement":[{"@type":"ListItem","position":1,"name":"Dom\u016f","item":"https:\/\/naturalpoland.com\/cs\/"},{"@type":"ListItem","position":2,"name":"Produkty","item":"https:\/\/naturalpoland.com\/cs\/produkty\/"},{"@type":"ListItem","position":3,"name":"Hydrol\u00e1t list\u016f lotosov\u00e9ho kv\u011btu"}]},{"@type":"WebSite","@id":"https:\/\/naturalpoland.com\/cs\/#website","url":"https:\/\/naturalpoland.com\/cs\/","name":"NATURAL POLAND - Velkoobchodn\u00ed distributor surovin","description":"Surowce dla przemys\u0142u spo\u017cywczego, kosmetycznego i farmaceutycznego","publisher":{"@id":"https:\/\/naturalpoland.com\/cs\/#organization"},"potentialAction":[{"@type":"SearchAction","target":{"@type":"EntryPoint","urlTemplate":"https:\/\/naturalpoland.com\/cs\/?s={search_term_string}"},"query-input":{"@type":"PropertyValueSpecification","valueRequired":true,"valueName":"search_term_string"}}],"inLanguage":"cs"},{"@type":"Organization","@id":"https:\/\/naturalpoland.com\/cs\/#organization","name":"Natural Poland","url":"https:\/\/naturalpoland.com\/cs\/","logo":{"@type":"ImageObject","inLanguage":"cs","@id":"https:\/\/naturalpoland.com\/cs\/#\/schema\/logo\/image\/","url":"https:\/\/naturalpoland.com\/wp-content\/uploads\/2021\/05\/natural-poland-icon.png","contentUrl":"https:\/\/naturalpoland.com\/wp-content\/uploads\/2021\/05\/natural-poland-icon.png","width":512,"height":512,"caption":"Natural Poland"},"image":{"@id":"https:\/\/naturalpoland.com\/cs\/#\/schema\/logo\/image\/"},"sameAs":["https:\/\/www.facebook.com\/naturalpoland.b2b","https:\/\/pl.linkedin.com\/company\/natural-poland","https:\/\/www.youtube.com\/channel\/UCgeGGkvOMahZo-xu_MSEWxg"]}]}},"_links":{"self":[{"href":"https:\/\/naturalpoland.com\/cs\/wp-json\/wp\/v2\/product\/32352","targetHints":{"allow":["GET"]}}],"collection":[{"href":"https:\/\/naturalpoland.com\/cs\/wp-json\/wp\/v2\/product"}],"about":[{"href":"https:\/\/naturalpoland.com\/cs\/wp-json\/wp\/v2\/types\/product"}],"wp:featuredmedia":[{"embeddable":true,"href":"https:\/\/naturalpoland.com\/cs\/wp-json\/wp\/v2\/media\/32329"}],"wp:attachment":[{"href":"https:\/\/naturalpoland.com\/cs\/wp-json\/wp\/v2\/media?parent=32352"}],"wp:term":[{"taxonomy":"product_brand","embeddable":true,"href":"https:\/\/naturalpoland.com\/cs\/wp-json\/wp\/v2\/product_brand?post=32352"},{"taxonomy":"product_cat","embeddable":true,"href":"https:\/\/naturalpoland.com\/cs\/wp-json\/wp\/v2\/product_cat?post=32352"},{"taxonomy":"product_tag","embeddable":true,"href":"https:\/\/naturalpoland.com\/cs\/wp-json\/wp\/v2\/product_tag?post=32352"}],"curies":[{"name":"wp","href":"https:\/\/api.w.org\/{rel}","templated":true}]}}