{"id":32362,"date":"2024-05-20T13:40:12","date_gmt":"2024-05-20T13:25:45","guid":{"rendered":"https:\/\/naturalpoland.com\/produkty\/neza\u0159azen\u00e9\/hydrolatbergamotu\/"},"modified":"2024-05-20T15:25:45","modified_gmt":"2024-05-20T13:25:45","slug":"hydrolatbergamotu","status":"publish","type":"product","link":"https:\/\/naturalpoland.com\/cs\/produkty\/produkty-pro-kosmeticky-prumysl\/hydrolaty-cs\/hydrolatbergamotu\/","title":{"rendered":"Bergamotov\u00fd hydrol\u00e1t"},"content":{"rendered":"<p>Bergamotov\u00fd hydrol\u00e1t je bohat\u00fd na slou\u010deniny jako nap\u0159. <strong><br \/>\n  <a href=\"https:\/\/naturalpoland.com\/artykuly\/produkty-naturalne\/czym-sa-i-jak-dzialaja-flawonoidy\/\">flavonoidy<\/a><br \/>\n<\/strong> a furanokumariny, kter\u00e9 maj\u00ed antioxida\u010dn\u00ed, antibakteri\u00e1ln\u00ed a osv\u011b\u017euj\u00edc\u00ed \u00fa\u010dinky. D\u00edky t\u011bmto vlastnostem se tento hydrol\u00e1t doporu\u010duje zejm\u00e9na pro mastnou, sm\u00ed\u0161enou a ekz\u00e9movou ple\u0165, proto\u017ee m\u00e1 \u010distic\u00ed a normaliza\u010dn\u00ed \u00fa\u010dinek na tvorbu ko\u017en\u00edho mazu.<\/p>\n<h3>Vlastnosti bergamotov\u00e9ho hydrol\u00e1tu<\/h3>\n<p>Bergamotov\u00fd hydrol\u00e1t \u00fa\u010dinn\u011b pom\u00e1h\u00e1 odstra\u0148ovat p\u0159ebyte\u010dn\u00fd ko\u017en\u00ed maz a ne\u010distoty z povrchu pleti. Jeho pou\u017e\u00edv\u00e1n\u00ed pom\u00e1h\u00e1 sni\u017eovat v\u00fdskyt nedokonalost\u00ed a zlep\u0161ovat celkov\u00fd stav pleti. Jeho p\u0159irozen\u00e9 antibakteri\u00e1ln\u00ed vlastnosti podporuj\u00ed redukci bakteri\u00ed zodpov\u011bdn\u00fdch za tvorbu akn\u00e9.<\/p>\n<p>Hydrol\u00e1t z bergamotu jako p\u0159\u00edrodn\u00ed tonikum osv\u011b\u017euje ple\u0165 a zanech\u00e1v\u00e1 ji \u010distou a z\u00e1\u0159ivou. Lze ji pou\u017e\u00edvat po cel\u00fd den jako osv\u011b\u017euj\u00edc\u00ed mlhu, kter\u00e1 p\u0159in\u00e1\u0161\u00ed \u00falevu unaven\u00e9 a stresovan\u00e9 pleti.<\/p>\n<p>V\u016fn\u011b bergamotu je zn\u00e1m\u00e1 sv\u00fdmi relaxa\u010dn\u00edmi a n\u00e1ladotvorn\u00fdmi \u00fa\u010dinky. Pou\u017e\u00edv\u00e1n\u00ed bergamotov\u00e9ho hydrol\u00e1tu v ka\u017edodenn\u00ed p\u00e9\u010di o ple\u0165 m\u016f\u017ee prosp\u011bt nejen va\u0161\u00ed pleti, ale tak\u00e9 va\u0161\u00ed n\u00e1lad\u011b, proto\u017ee pom\u00e1h\u00e1 zm\u00edrnit nap\u011bt\u00ed a stres.<\/p>\n<h3>Kosmetick\u00e9 aplikace<\/h3>\n<p>Bergamotov\u00fd hydrol\u00e1t se hojn\u011b pou\u017e\u00edv\u00e1 v kosmetick\u00fdch p\u0159\u00edpravc\u00edch, od tonik p\u0159es \u010distic\u00ed gely a\u017e po kr\u00e9my a masky. Je cen\u011bn zejm\u00e9na v p\u0159\u00edpravc\u00edch pro problematickou ple\u0165, kde jeho antibakteri\u00e1ln\u00ed a ko\u017en\u00ed maz reguluj\u00edc\u00ed \u00fa\u010dinky mohou v\u00fdrazn\u011b zlep\u0161it vzhled a zdrav\u00ed pleti. D\u00edky sv\u00e9 p\u0159\u00edjemn\u00e9 v\u016fni je tak\u00e9 \u017e\u00e1danou slo\u017ekou aromaterapeutick\u00e9 kosmetiky a parf\u00e9movan\u00fdch produkt\u016f p\u00e9\u010de o ple\u0165.<\/p>\n","protected":false},"excerpt":{"rendered":"<p>Bergamotov\u00fd hydrol\u00e1t se z\u00edsk\u00e1v\u00e1 destilac\u00ed plod\u016f bergamotu vodn\u00ed parou. V kosmetick\u00e9m pr\u016fmyslu je cen\u011bn pro sv\u00e9 \u010distic\u00ed a osv\u011b\u017euj\u00edc\u00ed vlastnosti a jedine\u010dnou citronovou v\u016fni, kter\u00e1 je \u010dasto spojov\u00e1na s obl\u00edbenou v\u016fn\u00ed \u010daje Earl Grey.<\/p>\n","protected":false},"featured_media":32316,"template":"","meta":{"_acf_changed":false},"product_brand":[],"product_cat":[3548],"product_tag":[],"class_list":{"0":"post-32362","1":"product","2":"type-product","3":"status-publish","4":"has-post-thumbnail","6":"product_cat-hydrolaty-cs","7":"pa_grupa-substancji-destilaty","9":"first","10":"instock","11":"shipping-taxable","12":"product-type-simple"},"acf":[],"yoast_head":"<!-- This site is optimized with the Yoast SEO plugin v27.5 - https:\/\/yoast.com\/product\/yoast-seo-wordpress\/ -->\n<title>Bergamotov\u00fd hydrol\u00e1t - NATURAL POLAND - Velkoobchodn\u00ed distributor surovin<\/title>\n<meta name=\"description\" content=\"Bergamotov\u00fd hydrol\u00e1t se z\u00edsk\u00e1v\u00e1 destilac\u00ed plod\u016f bergamotu vodn\u00ed parou a je cen\u011bnou surovinou v p\u0159\u00edrodn\u00ed kosmetice.\" \/>\n<meta name=\"robots\" content=\"index, follow, max-snippet:-1, max-image-preview:large, max-video-preview:-1\" \/>\n<link rel=\"canonical\" href=\"https:\/\/naturalpoland.com\/cs\/produkty\/produkty-pro-kosmeticky-prumysl\/hydrolaty-cs\/hydrolatbergamotu\/\" \/>\n<meta property=\"og:locale\" content=\"cs_CZ\" \/>\n<meta property=\"og:type\" content=\"article\" \/>\n<meta property=\"og:title\" content=\"Bergamotov\u00fd hydrol\u00e1t - NATURAL POLAND - Velkoobchodn\u00ed distributor surovin\" \/>\n<meta property=\"og:description\" content=\"Bergamotov\u00fd hydrol\u00e1t se z\u00edsk\u00e1v\u00e1 destilac\u00ed plod\u016f bergamotu vodn\u00ed parou a je cen\u011bnou surovinou v p\u0159\u00edrodn\u00ed kosmetice.\" \/>\n<meta property=\"og:url\" content=\"https:\/\/naturalpoland.com\/cs\/produkty\/produkty-pro-kosmeticky-prumysl\/hydrolaty-cs\/hydrolatbergamotu\/\" \/>\n<meta property=\"og:site_name\" content=\"NATURAL POLAND - Velkoobchodn\u00ed distributor surovin\" \/>\n<meta property=\"article:publisher\" content=\"https:\/\/www.facebook.com\/naturalpoland.b2b\" \/>\n<meta property=\"og:image\" content=\"https:\/\/naturalpoland.com\/wp-content\/uploads\/hydrolat-z-bergamotki.webp\" \/>\n\t<meta property=\"og:image:width\" content=\"614\" \/>\n\t<meta property=\"og:image:height\" content=\"614\" \/>\n\t<meta property=\"og:image:type\" content=\"image\/webp\" \/>\n<script type=\"application\/ld+json\" class=\"yoast-schema-graph\">{\"@context\":\"https:\\\/\\\/schema.org\",\"@graph\":[{\"@type\":\"WebPage\",\"@id\":\"https:\\\/\\\/naturalpoland.com\\\/cs\\\/produkty\\\/produkty-pro-kosmeticky-prumysl\\\/hydrolaty-cs\\\/hydrolatbergamotu\\\/\",\"url\":\"https:\\\/\\\/naturalpoland.com\\\/cs\\\/produkty\\\/produkty-pro-kosmeticky-prumysl\\\/hydrolaty-cs\\\/hydrolatbergamotu\\\/\",\"name\":\"Bergamotov\u00fd hydrol\u00e1t - NATURAL POLAND - Velkoobchodn\u00ed distributor surovin\",\"isPartOf\":{\"@id\":\"https:\\\/\\\/naturalpoland.com\\\/cs\\\/#website\"},\"primaryImageOfPage\":{\"@id\":\"https:\\\/\\\/naturalpoland.com\\\/cs\\\/produkty\\\/produkty-pro-kosmeticky-prumysl\\\/hydrolaty-cs\\\/hydrolatbergamotu\\\/#primaryimage\"},\"image\":{\"@id\":\"https:\\\/\\\/naturalpoland.com\\\/cs\\\/produkty\\\/produkty-pro-kosmeticky-prumysl\\\/hydrolaty-cs\\\/hydrolatbergamotu\\\/#primaryimage\"},\"thumbnailUrl\":\"https:\\\/\\\/naturalpoland.com\\\/wp-content\\\/uploads\\\/hydrolat-z-bergamotki.webp\",\"datePublished\":\"2024-05-20T13:25:45+00:00\",\"description\":\"Bergamotov\u00fd hydrol\u00e1t se z\u00edsk\u00e1v\u00e1 destilac\u00ed plod\u016f bergamotu vodn\u00ed parou a je cen\u011bnou surovinou v p\u0159\u00edrodn\u00ed kosmetice.\",\"breadcrumb\":{\"@id\":\"https:\\\/\\\/naturalpoland.com\\\/cs\\\/produkty\\\/produkty-pro-kosmeticky-prumysl\\\/hydrolaty-cs\\\/hydrolatbergamotu\\\/#breadcrumb\"},\"inLanguage\":\"cs\",\"potentialAction\":[{\"@type\":\"ReadAction\",\"target\":[\"https:\\\/\\\/naturalpoland.com\\\/cs\\\/produkty\\\/produkty-pro-kosmeticky-prumysl\\\/hydrolaty-cs\\\/hydrolatbergamotu\\\/\"]}]},{\"@type\":\"ImageObject\",\"inLanguage\":\"cs\",\"@id\":\"https:\\\/\\\/naturalpoland.com\\\/cs\\\/produkty\\\/produkty-pro-kosmeticky-prumysl\\\/hydrolaty-cs\\\/hydrolatbergamotu\\\/#primaryimage\",\"url\":\"https:\\\/\\\/naturalpoland.com\\\/wp-content\\\/uploads\\\/hydrolat-z-bergamotki.webp\",\"contentUrl\":\"https:\\\/\\\/naturalpoland.com\\\/wp-content\\\/uploads\\\/hydrolat-z-bergamotki.webp\",\"width\":614,\"height\":614,\"caption\":\"hydrolat z bergamotki\"},{\"@type\":\"BreadcrumbList\",\"@id\":\"https:\\\/\\\/naturalpoland.com\\\/cs\\\/produkty\\\/produkty-pro-kosmeticky-prumysl\\\/hydrolaty-cs\\\/hydrolatbergamotu\\\/#breadcrumb\",\"itemListElement\":[{\"@type\":\"ListItem\",\"position\":1,\"name\":\"Dom\u016f\",\"item\":\"https:\\\/\\\/naturalpoland.com\\\/cs\\\/\"},{\"@type\":\"ListItem\",\"position\":2,\"name\":\"Produkty\",\"item\":\"https:\\\/\\\/naturalpoland.com\\\/cs\\\/produkty\\\/\"},{\"@type\":\"ListItem\",\"position\":3,\"name\":\"Bergamotov\u00fd hydrol\u00e1t\"}]},{\"@type\":\"WebSite\",\"@id\":\"https:\\\/\\\/naturalpoland.com\\\/cs\\\/#website\",\"url\":\"https:\\\/\\\/naturalpoland.com\\\/cs\\\/\",\"name\":\"NATURAL POLAND - Velkoobchodn\u00ed distributor surovin\",\"description\":\"Surowce dla przemys\u0142u spo\u017cywczego, kosmetycznego i farmaceutycznego\",\"publisher\":{\"@id\":\"https:\\\/\\\/naturalpoland.com\\\/cs\\\/#organization\"},\"potentialAction\":[{\"@type\":\"SearchAction\",\"target\":{\"@type\":\"EntryPoint\",\"urlTemplate\":\"https:\\\/\\\/naturalpoland.com\\\/cs\\\/?s={search_term_string}\"},\"query-input\":{\"@type\":\"PropertyValueSpecification\",\"valueRequired\":true,\"valueName\":\"search_term_string\"}}],\"inLanguage\":\"cs\"},{\"@type\":\"Organization\",\"@id\":\"https:\\\/\\\/naturalpoland.com\\\/cs\\\/#organization\",\"name\":\"Natural Poland\",\"url\":\"https:\\\/\\\/naturalpoland.com\\\/cs\\\/\",\"logo\":{\"@type\":\"ImageObject\",\"inLanguage\":\"cs\",\"@id\":\"https:\\\/\\\/naturalpoland.com\\\/cs\\\/#\\\/schema\\\/logo\\\/image\\\/\",\"url\":\"https:\\\/\\\/naturalpoland.com\\\/wp-content\\\/uploads\\\/2021\\\/05\\\/natural-poland-icon.png\",\"contentUrl\":\"https:\\\/\\\/naturalpoland.com\\\/wp-content\\\/uploads\\\/2021\\\/05\\\/natural-poland-icon.png\",\"width\":512,\"height\":512,\"caption\":\"Natural Poland\"},\"image\":{\"@id\":\"https:\\\/\\\/naturalpoland.com\\\/cs\\\/#\\\/schema\\\/logo\\\/image\\\/\"},\"sameAs\":[\"https:\\\/\\\/www.facebook.com\\\/naturalpoland.b2b\",\"https:\\\/\\\/pl.linkedin.com\\\/company\\\/natural-poland\",\"https:\\\/\\\/www.youtube.com\\\/channel\\\/UCgeGGkvOMahZo-xu_MSEWxg\"]}]}<\/script>\n<!-- \/ Yoast SEO plugin. -->","yoast_head_json":{"title":"Bergamotov\u00fd hydrol\u00e1t - NATURAL POLAND - Velkoobchodn\u00ed distributor surovin","description":"Bergamotov\u00fd hydrol\u00e1t se z\u00edsk\u00e1v\u00e1 destilac\u00ed plod\u016f bergamotu vodn\u00ed parou a je cen\u011bnou surovinou v p\u0159\u00edrodn\u00ed kosmetice.","robots":{"index":"index","follow":"follow","max-snippet":"max-snippet:-1","max-image-preview":"max-image-preview:large","max-video-preview":"max-video-preview:-1"},"canonical":"https:\/\/naturalpoland.com\/cs\/produkty\/produkty-pro-kosmeticky-prumysl\/hydrolaty-cs\/hydrolatbergamotu\/","og_locale":"cs_CZ","og_type":"article","og_title":"Bergamotov\u00fd hydrol\u00e1t - NATURAL POLAND - Velkoobchodn\u00ed distributor surovin","og_description":"Bergamotov\u00fd hydrol\u00e1t se z\u00edsk\u00e1v\u00e1 destilac\u00ed plod\u016f bergamotu vodn\u00ed parou a je cen\u011bnou surovinou v p\u0159\u00edrodn\u00ed kosmetice.","og_url":"https:\/\/naturalpoland.com\/cs\/produkty\/produkty-pro-kosmeticky-prumysl\/hydrolaty-cs\/hydrolatbergamotu\/","og_site_name":"NATURAL POLAND - Velkoobchodn\u00ed distributor surovin","article_publisher":"https:\/\/www.facebook.com\/naturalpoland.b2b","og_image":[{"width":614,"height":614,"url":"https:\/\/naturalpoland.com\/wp-content\/uploads\/hydrolat-z-bergamotki.webp","type":"image\/webp"}],"schema":{"@context":"https:\/\/schema.org","@graph":[{"@type":"WebPage","@id":"https:\/\/naturalpoland.com\/cs\/produkty\/produkty-pro-kosmeticky-prumysl\/hydrolaty-cs\/hydrolatbergamotu\/","url":"https:\/\/naturalpoland.com\/cs\/produkty\/produkty-pro-kosmeticky-prumysl\/hydrolaty-cs\/hydrolatbergamotu\/","name":"Bergamotov\u00fd hydrol\u00e1t - NATURAL POLAND - Velkoobchodn\u00ed distributor surovin","isPartOf":{"@id":"https:\/\/naturalpoland.com\/cs\/#website"},"primaryImageOfPage":{"@id":"https:\/\/naturalpoland.com\/cs\/produkty\/produkty-pro-kosmeticky-prumysl\/hydrolaty-cs\/hydrolatbergamotu\/#primaryimage"},"image":{"@id":"https:\/\/naturalpoland.com\/cs\/produkty\/produkty-pro-kosmeticky-prumysl\/hydrolaty-cs\/hydrolatbergamotu\/#primaryimage"},"thumbnailUrl":"https:\/\/naturalpoland.com\/wp-content\/uploads\/hydrolat-z-bergamotki.webp","datePublished":"2024-05-20T13:25:45+00:00","description":"Bergamotov\u00fd hydrol\u00e1t se z\u00edsk\u00e1v\u00e1 destilac\u00ed plod\u016f bergamotu vodn\u00ed parou a je cen\u011bnou surovinou v p\u0159\u00edrodn\u00ed kosmetice.","breadcrumb":{"@id":"https:\/\/naturalpoland.com\/cs\/produkty\/produkty-pro-kosmeticky-prumysl\/hydrolaty-cs\/hydrolatbergamotu\/#breadcrumb"},"inLanguage":"cs","potentialAction":[{"@type":"ReadAction","target":["https:\/\/naturalpoland.com\/cs\/produkty\/produkty-pro-kosmeticky-prumysl\/hydrolaty-cs\/hydrolatbergamotu\/"]}]},{"@type":"ImageObject","inLanguage":"cs","@id":"https:\/\/naturalpoland.com\/cs\/produkty\/produkty-pro-kosmeticky-prumysl\/hydrolaty-cs\/hydrolatbergamotu\/#primaryimage","url":"https:\/\/naturalpoland.com\/wp-content\/uploads\/hydrolat-z-bergamotki.webp","contentUrl":"https:\/\/naturalpoland.com\/wp-content\/uploads\/hydrolat-z-bergamotki.webp","width":614,"height":614,"caption":"hydrolat z bergamotki"},{"@type":"BreadcrumbList","@id":"https:\/\/naturalpoland.com\/cs\/produkty\/produkty-pro-kosmeticky-prumysl\/hydrolaty-cs\/hydrolatbergamotu\/#breadcrumb","itemListElement":[{"@type":"ListItem","position":1,"name":"Dom\u016f","item":"https:\/\/naturalpoland.com\/cs\/"},{"@type":"ListItem","position":2,"name":"Produkty","item":"https:\/\/naturalpoland.com\/cs\/produkty\/"},{"@type":"ListItem","position":3,"name":"Bergamotov\u00fd hydrol\u00e1t"}]},{"@type":"WebSite","@id":"https:\/\/naturalpoland.com\/cs\/#website","url":"https:\/\/naturalpoland.com\/cs\/","name":"NATURAL POLAND - Velkoobchodn\u00ed distributor surovin","description":"Surowce dla przemys\u0142u spo\u017cywczego, kosmetycznego i farmaceutycznego","publisher":{"@id":"https:\/\/naturalpoland.com\/cs\/#organization"},"potentialAction":[{"@type":"SearchAction","target":{"@type":"EntryPoint","urlTemplate":"https:\/\/naturalpoland.com\/cs\/?s={search_term_string}"},"query-input":{"@type":"PropertyValueSpecification","valueRequired":true,"valueName":"search_term_string"}}],"inLanguage":"cs"},{"@type":"Organization","@id":"https:\/\/naturalpoland.com\/cs\/#organization","name":"Natural Poland","url":"https:\/\/naturalpoland.com\/cs\/","logo":{"@type":"ImageObject","inLanguage":"cs","@id":"https:\/\/naturalpoland.com\/cs\/#\/schema\/logo\/image\/","url":"https:\/\/naturalpoland.com\/wp-content\/uploads\/2021\/05\/natural-poland-icon.png","contentUrl":"https:\/\/naturalpoland.com\/wp-content\/uploads\/2021\/05\/natural-poland-icon.png","width":512,"height":512,"caption":"Natural Poland"},"image":{"@id":"https:\/\/naturalpoland.com\/cs\/#\/schema\/logo\/image\/"},"sameAs":["https:\/\/www.facebook.com\/naturalpoland.b2b","https:\/\/pl.linkedin.com\/company\/natural-poland","https:\/\/www.youtube.com\/channel\/UCgeGGkvOMahZo-xu_MSEWxg"]}]}},"_links":{"self":[{"href":"https:\/\/naturalpoland.com\/cs\/wp-json\/wp\/v2\/product\/32362","targetHints":{"allow":["GET"]}}],"collection":[{"href":"https:\/\/naturalpoland.com\/cs\/wp-json\/wp\/v2\/product"}],"about":[{"href":"https:\/\/naturalpoland.com\/cs\/wp-json\/wp\/v2\/types\/product"}],"wp:featuredmedia":[{"embeddable":true,"href":"https:\/\/naturalpoland.com\/cs\/wp-json\/wp\/v2\/media\/32316"}],"wp:attachment":[{"href":"https:\/\/naturalpoland.com\/cs\/wp-json\/wp\/v2\/media?parent=32362"}],"wp:term":[{"taxonomy":"product_brand","embeddable":true,"href":"https:\/\/naturalpoland.com\/cs\/wp-json\/wp\/v2\/product_brand?post=32362"},{"taxonomy":"product_cat","embeddable":true,"href":"https:\/\/naturalpoland.com\/cs\/wp-json\/wp\/v2\/product_cat?post=32362"},{"taxonomy":"product_tag","embeddable":true,"href":"https:\/\/naturalpoland.com\/cs\/wp-json\/wp\/v2\/product_tag?post=32362"}],"curies":[{"name":"wp","href":"https:\/\/api.w.org\/{rel}","templated":true}]}}