{"id":32372,"date":"2024-05-20T13:21:50","date_gmt":"2024-05-20T13:25:51","guid":{"rendered":"https:\/\/naturalpoland.com\/produkty\/neza\u0159azen\u00e9\/hydrolat-chrpy\/"},"modified":"2024-05-20T15:25:51","modified_gmt":"2024-05-20T13:25:51","slug":"hydrolat-chrpy","status":"publish","type":"product","link":"https:\/\/naturalpoland.com\/cs\/produkty\/produkty-pro-kosmeticky-prumysl\/hydrolaty-cs\/hydrolat-chrpy\/","title":{"rendered":"Hydrol\u00e1t chrpy"},"content":{"rendered":"<p>Hydrol\u00e1t chrpy se vyzna\u010duje vysok\u00fdm obsahem \u00fa\u010dinn\u00fdch l\u00e1tek, jako jsou nap\u0159. <a href=\"https:\/\/naturalpoland.com\/artykuly\/produkty-naturalne\/czym-sa-i-jak-dzialaja-flawonoidy\/\"><br \/>\n  <strong>flavonoidy<\/strong><br \/>\n<\/a>antokyan\u016f a stopov\u00fdch mno\u017estv\u00ed <strong><br \/>\n  <a href=\"https:\/\/naturalpoland.com\/artykuly\/produkty-naturalne\/rola-olejkow-eterycznych-w-produktach-relaksujacych\/\">\u00e9terick\u00fdch olej\u016f<\/a><br \/>\n<\/strong>kter\u00e9 jsou zodpov\u011bdn\u00e9 za jeho l\u00e9\u010debn\u00fd \u00fa\u010dinek. Flavonoidy, kter\u00e9 jsou siln\u00fdmi antioxidanty, pom\u00e1haj\u00ed sni\u017eovat oxida\u010dn\u00ed stres v ko\u017en\u00edch bu\u0148k\u00e1ch, co\u017e m\u016f\u017ee zabr\u00e1nit p\u0159ed\u010dasn\u00e9mu st\u00e1rnut\u00ed pleti. Antokyany podporuj\u00ed mikrocirkulaci, co\u017e pom\u00e1h\u00e1 sni\u017eovat zarudnut\u00ed a zlep\u0161ovat t\u00f3n pleti.<\/p>\n<h3>Terapeutick\u00e9 vlastnosti hydrol\u00e1tu chrpy<\/h3>\n<p>Chrpov\u00fd hydrol\u00e1t se doporu\u010duje zejm\u00e9na osob\u00e1m s citlivou a podr\u00e1\u017ed\u011bnou poko\u017ekou a t\u011bm, kte\u0159\u00ed se pot\u00fdkaj\u00ed s ko\u017en\u00edmi probl\u00e9my, jako je r\u016f\u017eovka nebo ekz\u00e9m. M\u016f\u017ee p\u0159isp\u011bt ke zklidn\u011bn\u00ed poko\u017eky, zm\u00edrn\u011bn\u00ed z\u00e1n\u011btu a urychlen\u00ed regenerace epidermis.<\/p>\n<p>Hydrol\u00e1t chrpy lze pou\u017e\u00edt po intenzivn\u00edm slun\u011bn\u00ed nebo jin\u00fdch kosmetick\u00fdch procedur\u00e1ch, kter\u00e9 mohou v\u00e9st k podr\u00e1\u017ed\u011bn\u00ed. Jeho zklid\u0148uj\u00edc\u00ed \u00fa\u010dinky pom\u00e1haj\u00ed obnovit komfort a zdrav\u00fd vzhled poko\u017eky, sni\u017euj\u00ed zarudnut\u00ed i nep\u0159\u00edjemn\u00e9 pocity.<\/p>\n<h3>Kosmetick\u00e9 aplikace<\/h3>\n<p>V kosmetice se hydrol\u00e1t chrpy pou\u017e\u00edv\u00e1 jako slo\u017eka tonik, masek a kr\u00e9m\u016f na citlivou a problematickou ple\u0165. Lze jej pou\u017e\u00edt i v produktech ur\u010den\u00fdch na o\u010dn\u00ed okol\u00ed.<\/p>\n<p>D\u00edky sv\u00fdm tonizuj\u00edc\u00edm a osv\u011b\u017euj\u00edc\u00edm vlastnostem je vynikaj\u00edc\u00ed slo\u017ekou produkt\u016f ur\u010den\u00fdch ke zlep\u0161en\u00ed vzhledu a stavu pleti, kter\u00e9 dod\u00e1vaj\u00ed jednotn\u011bj\u0161\u00ed a zdrav\u011bj\u0161\u00ed vzhled. D\u00edky sv\u00fdm v\u0161estrann\u00fdm vlastnostem na\u0161el hydrol\u00e1t chrpy \u0161irok\u00e9 uplatn\u011bn\u00ed v produktech denn\u00ed p\u00e9\u010de.<\/p>\n","protected":false},"excerpt":{"rendered":"<p>Hydrol\u00e1t chrpy je tak\u00e9 zn\u00e1m\u00fd jako chrpov\u00e1 voda. M\u00e1 zklid\u0148uj\u00edc\u00ed a protiz\u00e1n\u011btliv\u00e9 \u00fa\u010dinky. Z\u00edsk\u00e1v\u00e1 se z parn\u00ed destilace chrpy.<\/p>\n","protected":false},"featured_media":32303,"template":"","meta":{"_acf_changed":false},"product_brand":[],"product_cat":[3548],"product_tag":[],"class_list":{"0":"post-32372","1":"product","2":"type-product","3":"status-publish","4":"has-post-thumbnail","6":"product_cat-hydrolaty-cs","8":"first","9":"instock","10":"shipping-taxable","11":"product-type-simple"},"acf":[],"yoast_head":"<!-- This site is optimized with the Yoast SEO plugin v27.5 - https:\/\/yoast.com\/product\/yoast-seo-wordpress\/ -->\n<title>Hydrol\u00e1t chrpy - Velkoobchodn\u00ed distributor<\/title>\n<meta name=\"description\" content=\"Hydrol\u00e1t chrpy, zn\u00e1m\u00fd tak\u00e9 jako chrpov\u00e1 voda, je cen\u011bn\u00fdm zdrojem v p\u0159\u00edrodn\u00ed kosmetice. M\u00e1 protiz\u00e1n\u011btliv\u00e9 \u00fa\u010dinky.\" \/>\n<meta name=\"robots\" content=\"index, follow, max-snippet:-1, max-image-preview:large, max-video-preview:-1\" \/>\n<link rel=\"canonical\" href=\"https:\/\/naturalpoland.com\/cs\/produkty\/produkty-pro-kosmeticky-prumysl\/hydrolaty-cs\/hydrolat-chrpy\/\" \/>\n<meta property=\"og:locale\" content=\"cs_CZ\" \/>\n<meta property=\"og:type\" content=\"article\" \/>\n<meta property=\"og:title\" content=\"Hydrol\u00e1t chrpy - Velkoobchodn\u00ed distributor\" \/>\n<meta property=\"og:description\" content=\"Hydrol\u00e1t chrpy, zn\u00e1m\u00fd tak\u00e9 jako chrpov\u00e1 voda, je cen\u011bn\u00fdm zdrojem v p\u0159\u00edrodn\u00ed kosmetice. M\u00e1 protiz\u00e1n\u011btliv\u00e9 \u00fa\u010dinky.\" \/>\n<meta property=\"og:url\" content=\"https:\/\/naturalpoland.com\/cs\/produkty\/produkty-pro-kosmeticky-prumysl\/hydrolaty-cs\/hydrolat-chrpy\/\" \/>\n<meta property=\"og:site_name\" content=\"NATURAL POLAND - Velkoobchodn\u00ed distributor surovin\" \/>\n<meta property=\"article:publisher\" content=\"https:\/\/www.facebook.com\/naturalpoland.b2b\" \/>\n<meta property=\"og:image\" content=\"https:\/\/naturalpoland.com\/wp-content\/uploads\/hydrolat-z-chabra.webp\" \/>\n\t<meta property=\"og:image:width\" content=\"614\" \/>\n\t<meta property=\"og:image:height\" content=\"614\" \/>\n\t<meta property=\"og:image:type\" content=\"image\/webp\" \/>\n<script type=\"application\/ld+json\" class=\"yoast-schema-graph\">{\"@context\":\"https:\\\/\\\/schema.org\",\"@graph\":[{\"@type\":\"WebPage\",\"@id\":\"https:\\\/\\\/naturalpoland.com\\\/cs\\\/produkty\\\/produkty-pro-kosmeticky-prumysl\\\/hydrolaty-cs\\\/hydrolat-chrpy\\\/\",\"url\":\"https:\\\/\\\/naturalpoland.com\\\/cs\\\/produkty\\\/produkty-pro-kosmeticky-prumysl\\\/hydrolaty-cs\\\/hydrolat-chrpy\\\/\",\"name\":\"Hydrol\u00e1t chrpy - Velkoobchodn\u00ed distributor\",\"isPartOf\":{\"@id\":\"https:\\\/\\\/naturalpoland.com\\\/cs\\\/#website\"},\"primaryImageOfPage\":{\"@id\":\"https:\\\/\\\/naturalpoland.com\\\/cs\\\/produkty\\\/produkty-pro-kosmeticky-prumysl\\\/hydrolaty-cs\\\/hydrolat-chrpy\\\/#primaryimage\"},\"image\":{\"@id\":\"https:\\\/\\\/naturalpoland.com\\\/cs\\\/produkty\\\/produkty-pro-kosmeticky-prumysl\\\/hydrolaty-cs\\\/hydrolat-chrpy\\\/#primaryimage\"},\"thumbnailUrl\":\"https:\\\/\\\/naturalpoland.com\\\/wp-content\\\/uploads\\\/hydrolat-z-chabra.webp\",\"datePublished\":\"2024-05-20T13:25:51+00:00\",\"description\":\"Hydrol\u00e1t chrpy, zn\u00e1m\u00fd tak\u00e9 jako chrpov\u00e1 voda, je cen\u011bn\u00fdm zdrojem v p\u0159\u00edrodn\u00ed kosmetice. M\u00e1 protiz\u00e1n\u011btliv\u00e9 \u00fa\u010dinky.\",\"breadcrumb\":{\"@id\":\"https:\\\/\\\/naturalpoland.com\\\/cs\\\/produkty\\\/produkty-pro-kosmeticky-prumysl\\\/hydrolaty-cs\\\/hydrolat-chrpy\\\/#breadcrumb\"},\"inLanguage\":\"cs\",\"potentialAction\":[{\"@type\":\"ReadAction\",\"target\":[\"https:\\\/\\\/naturalpoland.com\\\/cs\\\/produkty\\\/produkty-pro-kosmeticky-prumysl\\\/hydrolaty-cs\\\/hydrolat-chrpy\\\/\"]}]},{\"@type\":\"ImageObject\",\"inLanguage\":\"cs\",\"@id\":\"https:\\\/\\\/naturalpoland.com\\\/cs\\\/produkty\\\/produkty-pro-kosmeticky-prumysl\\\/hydrolaty-cs\\\/hydrolat-chrpy\\\/#primaryimage\",\"url\":\"https:\\\/\\\/naturalpoland.com\\\/wp-content\\\/uploads\\\/hydrolat-z-chabra.webp\",\"contentUrl\":\"https:\\\/\\\/naturalpoland.com\\\/wp-content\\\/uploads\\\/hydrolat-z-chabra.webp\",\"width\":614,\"height\":614,\"caption\":\"hydrolat z chabra\"},{\"@type\":\"BreadcrumbList\",\"@id\":\"https:\\\/\\\/naturalpoland.com\\\/cs\\\/produkty\\\/produkty-pro-kosmeticky-prumysl\\\/hydrolaty-cs\\\/hydrolat-chrpy\\\/#breadcrumb\",\"itemListElement\":[{\"@type\":\"ListItem\",\"position\":1,\"name\":\"Dom\u016f\",\"item\":\"https:\\\/\\\/naturalpoland.com\\\/cs\\\/\"},{\"@type\":\"ListItem\",\"position\":2,\"name\":\"Produkty\",\"item\":\"https:\\\/\\\/naturalpoland.com\\\/cs\\\/produkty\\\/\"},{\"@type\":\"ListItem\",\"position\":3,\"name\":\"Hydrol\u00e1t chrpy\"}]},{\"@type\":\"WebSite\",\"@id\":\"https:\\\/\\\/naturalpoland.com\\\/cs\\\/#website\",\"url\":\"https:\\\/\\\/naturalpoland.com\\\/cs\\\/\",\"name\":\"NATURAL POLAND - Velkoobchodn\u00ed distributor surovin\",\"description\":\"Surowce dla przemys\u0142u spo\u017cywczego, kosmetycznego i farmaceutycznego\",\"publisher\":{\"@id\":\"https:\\\/\\\/naturalpoland.com\\\/cs\\\/#organization\"},\"potentialAction\":[{\"@type\":\"SearchAction\",\"target\":{\"@type\":\"EntryPoint\",\"urlTemplate\":\"https:\\\/\\\/naturalpoland.com\\\/cs\\\/?s={search_term_string}\"},\"query-input\":{\"@type\":\"PropertyValueSpecification\",\"valueRequired\":true,\"valueName\":\"search_term_string\"}}],\"inLanguage\":\"cs\"},{\"@type\":\"Organization\",\"@id\":\"https:\\\/\\\/naturalpoland.com\\\/cs\\\/#organization\",\"name\":\"Natural Poland\",\"url\":\"https:\\\/\\\/naturalpoland.com\\\/cs\\\/\",\"logo\":{\"@type\":\"ImageObject\",\"inLanguage\":\"cs\",\"@id\":\"https:\\\/\\\/naturalpoland.com\\\/cs\\\/#\\\/schema\\\/logo\\\/image\\\/\",\"url\":\"https:\\\/\\\/naturalpoland.com\\\/wp-content\\\/uploads\\\/2021\\\/05\\\/natural-poland-icon.png\",\"contentUrl\":\"https:\\\/\\\/naturalpoland.com\\\/wp-content\\\/uploads\\\/2021\\\/05\\\/natural-poland-icon.png\",\"width\":512,\"height\":512,\"caption\":\"Natural Poland\"},\"image\":{\"@id\":\"https:\\\/\\\/naturalpoland.com\\\/cs\\\/#\\\/schema\\\/logo\\\/image\\\/\"},\"sameAs\":[\"https:\\\/\\\/www.facebook.com\\\/naturalpoland.b2b\",\"https:\\\/\\\/pl.linkedin.com\\\/company\\\/natural-poland\",\"https:\\\/\\\/www.youtube.com\\\/channel\\\/UCgeGGkvOMahZo-xu_MSEWxg\"]}]}<\/script>\n<!-- \/ Yoast SEO plugin. -->","yoast_head_json":{"title":"Hydrol\u00e1t chrpy - Velkoobchodn\u00ed distributor","description":"Hydrol\u00e1t chrpy, zn\u00e1m\u00fd tak\u00e9 jako chrpov\u00e1 voda, je cen\u011bn\u00fdm zdrojem v p\u0159\u00edrodn\u00ed kosmetice. M\u00e1 protiz\u00e1n\u011btliv\u00e9 \u00fa\u010dinky.","robots":{"index":"index","follow":"follow","max-snippet":"max-snippet:-1","max-image-preview":"max-image-preview:large","max-video-preview":"max-video-preview:-1"},"canonical":"https:\/\/naturalpoland.com\/cs\/produkty\/produkty-pro-kosmeticky-prumysl\/hydrolaty-cs\/hydrolat-chrpy\/","og_locale":"cs_CZ","og_type":"article","og_title":"Hydrol\u00e1t chrpy - Velkoobchodn\u00ed distributor","og_description":"Hydrol\u00e1t chrpy, zn\u00e1m\u00fd tak\u00e9 jako chrpov\u00e1 voda, je cen\u011bn\u00fdm zdrojem v p\u0159\u00edrodn\u00ed kosmetice. M\u00e1 protiz\u00e1n\u011btliv\u00e9 \u00fa\u010dinky.","og_url":"https:\/\/naturalpoland.com\/cs\/produkty\/produkty-pro-kosmeticky-prumysl\/hydrolaty-cs\/hydrolat-chrpy\/","og_site_name":"NATURAL POLAND - Velkoobchodn\u00ed distributor surovin","article_publisher":"https:\/\/www.facebook.com\/naturalpoland.b2b","og_image":[{"width":614,"height":614,"url":"https:\/\/naturalpoland.com\/wp-content\/uploads\/hydrolat-z-chabra.webp","type":"image\/webp"}],"schema":{"@context":"https:\/\/schema.org","@graph":[{"@type":"WebPage","@id":"https:\/\/naturalpoland.com\/cs\/produkty\/produkty-pro-kosmeticky-prumysl\/hydrolaty-cs\/hydrolat-chrpy\/","url":"https:\/\/naturalpoland.com\/cs\/produkty\/produkty-pro-kosmeticky-prumysl\/hydrolaty-cs\/hydrolat-chrpy\/","name":"Hydrol\u00e1t chrpy - Velkoobchodn\u00ed distributor","isPartOf":{"@id":"https:\/\/naturalpoland.com\/cs\/#website"},"primaryImageOfPage":{"@id":"https:\/\/naturalpoland.com\/cs\/produkty\/produkty-pro-kosmeticky-prumysl\/hydrolaty-cs\/hydrolat-chrpy\/#primaryimage"},"image":{"@id":"https:\/\/naturalpoland.com\/cs\/produkty\/produkty-pro-kosmeticky-prumysl\/hydrolaty-cs\/hydrolat-chrpy\/#primaryimage"},"thumbnailUrl":"https:\/\/naturalpoland.com\/wp-content\/uploads\/hydrolat-z-chabra.webp","datePublished":"2024-05-20T13:25:51+00:00","description":"Hydrol\u00e1t chrpy, zn\u00e1m\u00fd tak\u00e9 jako chrpov\u00e1 voda, je cen\u011bn\u00fdm zdrojem v p\u0159\u00edrodn\u00ed kosmetice. M\u00e1 protiz\u00e1n\u011btliv\u00e9 \u00fa\u010dinky.","breadcrumb":{"@id":"https:\/\/naturalpoland.com\/cs\/produkty\/produkty-pro-kosmeticky-prumysl\/hydrolaty-cs\/hydrolat-chrpy\/#breadcrumb"},"inLanguage":"cs","potentialAction":[{"@type":"ReadAction","target":["https:\/\/naturalpoland.com\/cs\/produkty\/produkty-pro-kosmeticky-prumysl\/hydrolaty-cs\/hydrolat-chrpy\/"]}]},{"@type":"ImageObject","inLanguage":"cs","@id":"https:\/\/naturalpoland.com\/cs\/produkty\/produkty-pro-kosmeticky-prumysl\/hydrolaty-cs\/hydrolat-chrpy\/#primaryimage","url":"https:\/\/naturalpoland.com\/wp-content\/uploads\/hydrolat-z-chabra.webp","contentUrl":"https:\/\/naturalpoland.com\/wp-content\/uploads\/hydrolat-z-chabra.webp","width":614,"height":614,"caption":"hydrolat z chabra"},{"@type":"BreadcrumbList","@id":"https:\/\/naturalpoland.com\/cs\/produkty\/produkty-pro-kosmeticky-prumysl\/hydrolaty-cs\/hydrolat-chrpy\/#breadcrumb","itemListElement":[{"@type":"ListItem","position":1,"name":"Dom\u016f","item":"https:\/\/naturalpoland.com\/cs\/"},{"@type":"ListItem","position":2,"name":"Produkty","item":"https:\/\/naturalpoland.com\/cs\/produkty\/"},{"@type":"ListItem","position":3,"name":"Hydrol\u00e1t chrpy"}]},{"@type":"WebSite","@id":"https:\/\/naturalpoland.com\/cs\/#website","url":"https:\/\/naturalpoland.com\/cs\/","name":"NATURAL POLAND - Velkoobchodn\u00ed distributor surovin","description":"Surowce dla przemys\u0142u spo\u017cywczego, kosmetycznego i farmaceutycznego","publisher":{"@id":"https:\/\/naturalpoland.com\/cs\/#organization"},"potentialAction":[{"@type":"SearchAction","target":{"@type":"EntryPoint","urlTemplate":"https:\/\/naturalpoland.com\/cs\/?s={search_term_string}"},"query-input":{"@type":"PropertyValueSpecification","valueRequired":true,"valueName":"search_term_string"}}],"inLanguage":"cs"},{"@type":"Organization","@id":"https:\/\/naturalpoland.com\/cs\/#organization","name":"Natural Poland","url":"https:\/\/naturalpoland.com\/cs\/","logo":{"@type":"ImageObject","inLanguage":"cs","@id":"https:\/\/naturalpoland.com\/cs\/#\/schema\/logo\/image\/","url":"https:\/\/naturalpoland.com\/wp-content\/uploads\/2021\/05\/natural-poland-icon.png","contentUrl":"https:\/\/naturalpoland.com\/wp-content\/uploads\/2021\/05\/natural-poland-icon.png","width":512,"height":512,"caption":"Natural Poland"},"image":{"@id":"https:\/\/naturalpoland.com\/cs\/#\/schema\/logo\/image\/"},"sameAs":["https:\/\/www.facebook.com\/naturalpoland.b2b","https:\/\/pl.linkedin.com\/company\/natural-poland","https:\/\/www.youtube.com\/channel\/UCgeGGkvOMahZo-xu_MSEWxg"]}]}},"_links":{"self":[{"href":"https:\/\/naturalpoland.com\/cs\/wp-json\/wp\/v2\/product\/32372","targetHints":{"allow":["GET"]}}],"collection":[{"href":"https:\/\/naturalpoland.com\/cs\/wp-json\/wp\/v2\/product"}],"about":[{"href":"https:\/\/naturalpoland.com\/cs\/wp-json\/wp\/v2\/types\/product"}],"wp:featuredmedia":[{"embeddable":true,"href":"https:\/\/naturalpoland.com\/cs\/wp-json\/wp\/v2\/media\/32303"}],"wp:attachment":[{"href":"https:\/\/naturalpoland.com\/cs\/wp-json\/wp\/v2\/media?parent=32372"}],"wp:term":[{"taxonomy":"product_brand","embeddable":true,"href":"https:\/\/naturalpoland.com\/cs\/wp-json\/wp\/v2\/product_brand?post=32372"},{"taxonomy":"product_cat","embeddable":true,"href":"https:\/\/naturalpoland.com\/cs\/wp-json\/wp\/v2\/product_cat?post=32372"},{"taxonomy":"product_tag","embeddable":true,"href":"https:\/\/naturalpoland.com\/cs\/wp-json\/wp\/v2\/product_tag?post=32372"}],"curies":[{"name":"wp","href":"https:\/\/api.w.org\/{rel}","templated":true}]}}