{"id":32642,"date":"2024-05-23T14:24:17","date_gmt":"2024-06-13T11:22:34","guid":{"rendered":"https:\/\/naturalpoland.com\/produkty\/neza\u0159azen\u00e9\/hydrolat-basil\/"},"modified":"2024-06-13T13:22:34","modified_gmt":"2024-06-13T11:22:34","slug":"hydrolat-basil","status":"publish","type":"product","link":"https:\/\/naturalpoland.com\/cs\/produkty\/produkty-pro-kosmeticky-prumysl\/hydrolaty-cs\/hydrolat-basil\/","title":{"rendered":"Hydrol\u00e1t bazalky"},"content":{"rendered":"<p>Bazalkov\u00fd hydrol\u00e1t obsahuje mno\u017estv\u00ed p\u0159\u00edrodn\u00edch slo\u017eek, jako jsou esenci\u00e1ln\u00ed oleje, antioxidanty a r\u016fzn\u00e9 fenolov\u00e9 slou\u010deniny, kter\u00e9 maj\u00ed tonizuj\u00edc\u00ed a antiseptick\u00e9 \u00fa\u010dinky. Jeho aktivn\u00ed slo\u017eky, v\u010detn\u011b eugenolu a cineolu, hraj\u00ed d\u016fle\u017eitou roli v p\u00e9\u010di o ple\u0165 a pom\u00e1haj\u00ed ji \u010distit a osv\u011b\u017eovat.<\/p>\n<h3>Vlastnosti hydrol\u00e1tu bazalky:<\/h3>\n<ol>\n<li>Hydrol\u00e1t bazalky m\u00e1 schopnost hloubkov\u011b \u010distit poko\u017eku. M\u00e1 antibakteri\u00e1ln\u00ed a antivirov\u00e9 \u00fa\u010dinky.<\/li>\n<li>Bazalkov\u00fd hydrol\u00e1t jako tonikum osv\u011b\u017euje poko\u017eku a zanech\u00e1v\u00e1 ji \u010distou a sv\u011b\u017e\u00ed. Lze ji pou\u017e\u00edvat po cel\u00fd den jako osv\u011b\u017euj\u00edc\u00ed mlhu.<\/li>\n<li>D\u00edky sv\u00fdm protiz\u00e1n\u011btliv\u00fdm vlastnostem pom\u00e1h\u00e1 tento hydrol\u00e1t zklidnit podr\u00e1\u017ed\u011bn\u00ed a zarudnut\u00ed, p\u0159in\u00e1\u0161\u00ed \u00falevu poko\u017ece a zlep\u0161uje jej\u00ed celkov\u00fd vzhled.<\/li>\n<\/ol>\n<h3>Kosmetick\u00e9 aplikace<\/h3>\n<p>Hydrol\u00e1t bazalky je univerz\u00e1ln\u00ed slo\u017eka, kterou lze nal\u00e9zt ve slo\u017een\u00ed tonik, masek, kr\u00e9m\u016f a p\u0159\u00edpravk\u016f pro p\u00e9\u010di o vlasy. D\u00edky sv\u00fdm \u010distic\u00edm vlastnostem se \u010dasto pou\u017e\u00edv\u00e1 v p\u0159\u00edpravc\u00edch pro mastnou, sm\u00ed\u0161enou a problematickou ple\u0165.<\/p>\n","protected":false},"excerpt":{"rendered":"<p>Hydrol\u00e1t bazalky se z\u00edsk\u00e1v\u00e1 destilac\u00ed bazalkov\u00fdch list\u016f vodn\u00ed parou. M\u00e1 osv\u011b\u017euj\u00edc\u00ed a \u010distic\u00ed \u00fa\u010dinky a bylinnou, lehce ko\u0159en\u011bnou v\u016fni.<\/p>\n","protected":false},"featured_media":32429,"template":"","meta":[],"product_brand":[],"product_cat":[3548],"product_tag":[],"class_list":{"0":"post-32642","1":"product","2":"type-product","3":"status-publish","4":"has-post-thumbnail","6":"product_cat-hydrolaty-cs","7":"pa_grupa-substancji-destilaty","9":"first","10":"instock","11":"shipping-taxable","12":"product-type-simple"},"yoast_head":"<!-- This site is optimized with the Yoast SEO plugin v27.4 - https:\/\/yoast.com\/product\/yoast-seo-wordpress\/ -->\n<title>Hydrol\u00e1t bazalky - NATURAL POLAND - Velkoobchodn\u00ed distributor surovin<\/title>\n<meta name=\"description\" content=\"Bazalkov\u00fd hydrol\u00e1t z\u00edskan\u00fd destilac\u00ed bazalkov\u00fdch list\u016f vodn\u00ed parou je zn\u00e1m\u00fd sv\u00fdmi osv\u011b\u017euj\u00edc\u00edmi a \u010distic\u00edmi \u00fa\u010dinky.\" \/>\n<meta name=\"robots\" content=\"index, follow, max-snippet:-1, max-image-preview:large, max-video-preview:-1\" \/>\n<link rel=\"canonical\" href=\"https:\/\/naturalpoland.com\/cs\/produkty\/produkty-pro-kosmeticky-prumysl\/hydrolaty-cs\/hydrolat-basil\/\" \/>\n<meta property=\"og:locale\" content=\"cs_CZ\" \/>\n<meta property=\"og:type\" content=\"article\" \/>\n<meta property=\"og:title\" content=\"Hydrol\u00e1t bazalky - NATURAL POLAND - Velkoobchodn\u00ed distributor surovin\" \/>\n<meta property=\"og:description\" content=\"Bazalkov\u00fd hydrol\u00e1t z\u00edskan\u00fd destilac\u00ed bazalkov\u00fdch list\u016f vodn\u00ed parou je zn\u00e1m\u00fd sv\u00fdmi osv\u011b\u017euj\u00edc\u00edmi a \u010distic\u00edmi \u00fa\u010dinky.\" \/>\n<meta property=\"og:url\" content=\"https:\/\/naturalpoland.com\/cs\/produkty\/produkty-pro-kosmeticky-prumysl\/hydrolaty-cs\/hydrolat-basil\/\" \/>\n<meta property=\"og:site_name\" content=\"NATURAL POLAND - Velkoobchodn\u00ed distributor surovin\" \/>\n<meta property=\"article:publisher\" content=\"https:\/\/www.facebook.com\/naturalpoland.b2b\" \/>\n<meta property=\"og:image\" content=\"https:\/\/naturalpoland.com\/wp-content\/uploads\/hydrolat-bazyliowy.webp\" \/>\n\t<meta property=\"og:image:width\" content=\"619\" \/>\n\t<meta property=\"og:image:height\" content=\"619\" \/>\n\t<meta property=\"og:image:type\" content=\"image\/webp\" \/>\n<script type=\"application\/ld+json\" class=\"yoast-schema-graph\">{\"@context\":\"https:\\\/\\\/schema.org\",\"@graph\":[{\"@type\":\"WebPage\",\"@id\":\"https:\\\/\\\/naturalpoland.com\\\/cs\\\/produkty\\\/produkty-pro-kosmeticky-prumysl\\\/hydrolaty-cs\\\/hydrolat-basil\\\/\",\"url\":\"https:\\\/\\\/naturalpoland.com\\\/cs\\\/produkty\\\/produkty-pro-kosmeticky-prumysl\\\/hydrolaty-cs\\\/hydrolat-basil\\\/\",\"name\":\"Hydrol\u00e1t bazalky - NATURAL POLAND - Velkoobchodn\u00ed distributor surovin\",\"isPartOf\":{\"@id\":\"https:\\\/\\\/naturalpoland.com\\\/cs\\\/#website\"},\"primaryImageOfPage\":{\"@id\":\"https:\\\/\\\/naturalpoland.com\\\/cs\\\/produkty\\\/produkty-pro-kosmeticky-prumysl\\\/hydrolaty-cs\\\/hydrolat-basil\\\/#primaryimage\"},\"image\":{\"@id\":\"https:\\\/\\\/naturalpoland.com\\\/cs\\\/produkty\\\/produkty-pro-kosmeticky-prumysl\\\/hydrolaty-cs\\\/hydrolat-basil\\\/#primaryimage\"},\"thumbnailUrl\":\"https:\\\/\\\/naturalpoland.com\\\/wp-content\\\/uploads\\\/hydrolat-bazyliowy.webp\",\"datePublished\":\"2024-06-13T11:22:34+00:00\",\"description\":\"Bazalkov\u00fd hydrol\u00e1t z\u00edskan\u00fd destilac\u00ed bazalkov\u00fdch list\u016f vodn\u00ed parou je zn\u00e1m\u00fd sv\u00fdmi osv\u011b\u017euj\u00edc\u00edmi a \u010distic\u00edmi \u00fa\u010dinky.\",\"breadcrumb\":{\"@id\":\"https:\\\/\\\/naturalpoland.com\\\/cs\\\/produkty\\\/produkty-pro-kosmeticky-prumysl\\\/hydrolaty-cs\\\/hydrolat-basil\\\/#breadcrumb\"},\"inLanguage\":\"cs\",\"potentialAction\":[{\"@type\":\"ReadAction\",\"target\":[\"https:\\\/\\\/naturalpoland.com\\\/cs\\\/produkty\\\/produkty-pro-kosmeticky-prumysl\\\/hydrolaty-cs\\\/hydrolat-basil\\\/\"]}]},{\"@type\":\"ImageObject\",\"inLanguage\":\"cs\",\"@id\":\"https:\\\/\\\/naturalpoland.com\\\/cs\\\/produkty\\\/produkty-pro-kosmeticky-prumysl\\\/hydrolaty-cs\\\/hydrolat-basil\\\/#primaryimage\",\"url\":\"https:\\\/\\\/naturalpoland.com\\\/wp-content\\\/uploads\\\/hydrolat-bazyliowy.webp\",\"contentUrl\":\"https:\\\/\\\/naturalpoland.com\\\/wp-content\\\/uploads\\\/hydrolat-bazyliowy.webp\",\"width\":619,\"height\":619,\"caption\":\"hydrolat bazyliowy\"},{\"@type\":\"BreadcrumbList\",\"@id\":\"https:\\\/\\\/naturalpoland.com\\\/cs\\\/produkty\\\/produkty-pro-kosmeticky-prumysl\\\/hydrolaty-cs\\\/hydrolat-basil\\\/#breadcrumb\",\"itemListElement\":[{\"@type\":\"ListItem\",\"position\":1,\"name\":\"Dom\u016f\",\"item\":\"https:\\\/\\\/naturalpoland.com\\\/cs\\\/\"},{\"@type\":\"ListItem\",\"position\":2,\"name\":\"Produkty\",\"item\":\"https:\\\/\\\/naturalpoland.com\\\/cs\\\/produkty\\\/\"},{\"@type\":\"ListItem\",\"position\":3,\"name\":\"Hydrol\u00e1t bazalky\"}]},{\"@type\":\"WebSite\",\"@id\":\"https:\\\/\\\/naturalpoland.com\\\/cs\\\/#website\",\"url\":\"https:\\\/\\\/naturalpoland.com\\\/cs\\\/\",\"name\":\"NATURAL POLAND - Velkoobchodn\u00ed distributor surovin\",\"description\":\"Surowce dla przemys\u0142u spo\u017cywczego, kosmetycznego i farmaceutycznego\",\"publisher\":{\"@id\":\"https:\\\/\\\/naturalpoland.com\\\/cs\\\/#organization\"},\"potentialAction\":[{\"@type\":\"SearchAction\",\"target\":{\"@type\":\"EntryPoint\",\"urlTemplate\":\"https:\\\/\\\/naturalpoland.com\\\/cs\\\/?s={search_term_string}\"},\"query-input\":{\"@type\":\"PropertyValueSpecification\",\"valueRequired\":true,\"valueName\":\"search_term_string\"}}],\"inLanguage\":\"cs\"},{\"@type\":\"Organization\",\"@id\":\"https:\\\/\\\/naturalpoland.com\\\/cs\\\/#organization\",\"name\":\"Natural Poland\",\"url\":\"https:\\\/\\\/naturalpoland.com\\\/cs\\\/\",\"logo\":{\"@type\":\"ImageObject\",\"inLanguage\":\"cs\",\"@id\":\"https:\\\/\\\/naturalpoland.com\\\/cs\\\/#\\\/schema\\\/logo\\\/image\\\/\",\"url\":\"https:\\\/\\\/naturalpoland.com\\\/wp-content\\\/uploads\\\/2021\\\/05\\\/natural-poland-icon.png\",\"contentUrl\":\"https:\\\/\\\/naturalpoland.com\\\/wp-content\\\/uploads\\\/2021\\\/05\\\/natural-poland-icon.png\",\"width\":512,\"height\":512,\"caption\":\"Natural Poland\"},\"image\":{\"@id\":\"https:\\\/\\\/naturalpoland.com\\\/cs\\\/#\\\/schema\\\/logo\\\/image\\\/\"},\"sameAs\":[\"https:\\\/\\\/www.facebook.com\\\/naturalpoland.b2b\",\"https:\\\/\\\/pl.linkedin.com\\\/company\\\/natural-poland\",\"https:\\\/\\\/www.youtube.com\\\/channel\\\/UCgeGGkvOMahZo-xu_MSEWxg\"]}]}<\/script>\n<!-- \/ Yoast SEO plugin. -->","yoast_head_json":{"title":"Hydrol\u00e1t bazalky - NATURAL POLAND - Velkoobchodn\u00ed distributor surovin","description":"Bazalkov\u00fd hydrol\u00e1t z\u00edskan\u00fd destilac\u00ed bazalkov\u00fdch list\u016f vodn\u00ed parou je zn\u00e1m\u00fd sv\u00fdmi osv\u011b\u017euj\u00edc\u00edmi a \u010distic\u00edmi \u00fa\u010dinky.","robots":{"index":"index","follow":"follow","max-snippet":"max-snippet:-1","max-image-preview":"max-image-preview:large","max-video-preview":"max-video-preview:-1"},"canonical":"https:\/\/naturalpoland.com\/cs\/produkty\/produkty-pro-kosmeticky-prumysl\/hydrolaty-cs\/hydrolat-basil\/","og_locale":"cs_CZ","og_type":"article","og_title":"Hydrol\u00e1t bazalky - NATURAL POLAND - Velkoobchodn\u00ed distributor surovin","og_description":"Bazalkov\u00fd hydrol\u00e1t z\u00edskan\u00fd destilac\u00ed bazalkov\u00fdch list\u016f vodn\u00ed parou je zn\u00e1m\u00fd sv\u00fdmi osv\u011b\u017euj\u00edc\u00edmi a \u010distic\u00edmi \u00fa\u010dinky.","og_url":"https:\/\/naturalpoland.com\/cs\/produkty\/produkty-pro-kosmeticky-prumysl\/hydrolaty-cs\/hydrolat-basil\/","og_site_name":"NATURAL POLAND - Velkoobchodn\u00ed distributor surovin","article_publisher":"https:\/\/www.facebook.com\/naturalpoland.b2b","og_image":[{"width":619,"height":619,"url":"https:\/\/naturalpoland.com\/wp-content\/uploads\/hydrolat-bazyliowy.webp","type":"image\/webp"}],"schema":{"@context":"https:\/\/schema.org","@graph":[{"@type":"WebPage","@id":"https:\/\/naturalpoland.com\/cs\/produkty\/produkty-pro-kosmeticky-prumysl\/hydrolaty-cs\/hydrolat-basil\/","url":"https:\/\/naturalpoland.com\/cs\/produkty\/produkty-pro-kosmeticky-prumysl\/hydrolaty-cs\/hydrolat-basil\/","name":"Hydrol\u00e1t bazalky - NATURAL POLAND - Velkoobchodn\u00ed distributor surovin","isPartOf":{"@id":"https:\/\/naturalpoland.com\/cs\/#website"},"primaryImageOfPage":{"@id":"https:\/\/naturalpoland.com\/cs\/produkty\/produkty-pro-kosmeticky-prumysl\/hydrolaty-cs\/hydrolat-basil\/#primaryimage"},"image":{"@id":"https:\/\/naturalpoland.com\/cs\/produkty\/produkty-pro-kosmeticky-prumysl\/hydrolaty-cs\/hydrolat-basil\/#primaryimage"},"thumbnailUrl":"https:\/\/naturalpoland.com\/wp-content\/uploads\/hydrolat-bazyliowy.webp","datePublished":"2024-06-13T11:22:34+00:00","description":"Bazalkov\u00fd hydrol\u00e1t z\u00edskan\u00fd destilac\u00ed bazalkov\u00fdch list\u016f vodn\u00ed parou je zn\u00e1m\u00fd sv\u00fdmi osv\u011b\u017euj\u00edc\u00edmi a \u010distic\u00edmi \u00fa\u010dinky.","breadcrumb":{"@id":"https:\/\/naturalpoland.com\/cs\/produkty\/produkty-pro-kosmeticky-prumysl\/hydrolaty-cs\/hydrolat-basil\/#breadcrumb"},"inLanguage":"cs","potentialAction":[{"@type":"ReadAction","target":["https:\/\/naturalpoland.com\/cs\/produkty\/produkty-pro-kosmeticky-prumysl\/hydrolaty-cs\/hydrolat-basil\/"]}]},{"@type":"ImageObject","inLanguage":"cs","@id":"https:\/\/naturalpoland.com\/cs\/produkty\/produkty-pro-kosmeticky-prumysl\/hydrolaty-cs\/hydrolat-basil\/#primaryimage","url":"https:\/\/naturalpoland.com\/wp-content\/uploads\/hydrolat-bazyliowy.webp","contentUrl":"https:\/\/naturalpoland.com\/wp-content\/uploads\/hydrolat-bazyliowy.webp","width":619,"height":619,"caption":"hydrolat bazyliowy"},{"@type":"BreadcrumbList","@id":"https:\/\/naturalpoland.com\/cs\/produkty\/produkty-pro-kosmeticky-prumysl\/hydrolaty-cs\/hydrolat-basil\/#breadcrumb","itemListElement":[{"@type":"ListItem","position":1,"name":"Dom\u016f","item":"https:\/\/naturalpoland.com\/cs\/"},{"@type":"ListItem","position":2,"name":"Produkty","item":"https:\/\/naturalpoland.com\/cs\/produkty\/"},{"@type":"ListItem","position":3,"name":"Hydrol\u00e1t bazalky"}]},{"@type":"WebSite","@id":"https:\/\/naturalpoland.com\/cs\/#website","url":"https:\/\/naturalpoland.com\/cs\/","name":"NATURAL POLAND - Velkoobchodn\u00ed distributor surovin","description":"Surowce dla przemys\u0142u spo\u017cywczego, kosmetycznego i farmaceutycznego","publisher":{"@id":"https:\/\/naturalpoland.com\/cs\/#organization"},"potentialAction":[{"@type":"SearchAction","target":{"@type":"EntryPoint","urlTemplate":"https:\/\/naturalpoland.com\/cs\/?s={search_term_string}"},"query-input":{"@type":"PropertyValueSpecification","valueRequired":true,"valueName":"search_term_string"}}],"inLanguage":"cs"},{"@type":"Organization","@id":"https:\/\/naturalpoland.com\/cs\/#organization","name":"Natural Poland","url":"https:\/\/naturalpoland.com\/cs\/","logo":{"@type":"ImageObject","inLanguage":"cs","@id":"https:\/\/naturalpoland.com\/cs\/#\/schema\/logo\/image\/","url":"https:\/\/naturalpoland.com\/wp-content\/uploads\/2021\/05\/natural-poland-icon.png","contentUrl":"https:\/\/naturalpoland.com\/wp-content\/uploads\/2021\/05\/natural-poland-icon.png","width":512,"height":512,"caption":"Natural Poland"},"image":{"@id":"https:\/\/naturalpoland.com\/cs\/#\/schema\/logo\/image\/"},"sameAs":["https:\/\/www.facebook.com\/naturalpoland.b2b","https:\/\/pl.linkedin.com\/company\/natural-poland","https:\/\/www.youtube.com\/channel\/UCgeGGkvOMahZo-xu_MSEWxg"]}]}},"_links":{"self":[{"href":"https:\/\/naturalpoland.com\/cs\/wp-json\/wp\/v2\/product\/32642","targetHints":{"allow":["GET"]}}],"collection":[{"href":"https:\/\/naturalpoland.com\/cs\/wp-json\/wp\/v2\/product"}],"about":[{"href":"https:\/\/naturalpoland.com\/cs\/wp-json\/wp\/v2\/types\/product"}],"wp:featuredmedia":[{"embeddable":true,"href":"https:\/\/naturalpoland.com\/cs\/wp-json\/wp\/v2\/media\/32429"}],"wp:attachment":[{"href":"https:\/\/naturalpoland.com\/cs\/wp-json\/wp\/v2\/media?parent=32642"}],"wp:term":[{"taxonomy":"product_brand","embeddable":true,"href":"https:\/\/naturalpoland.com\/cs\/wp-json\/wp\/v2\/product_brand?post=32642"},{"taxonomy":"product_cat","embeddable":true,"href":"https:\/\/naturalpoland.com\/cs\/wp-json\/wp\/v2\/product_cat?post=32642"},{"taxonomy":"product_tag","embeddable":true,"href":"https:\/\/naturalpoland.com\/cs\/wp-json\/wp\/v2\/product_tag?post=32642"}],"curies":[{"name":"wp","href":"https:\/\/api.w.org\/{rel}","templated":true}]}}