{"id":32797,"date":"2024-06-21T12:54:26","date_gmt":"2024-06-21T11:27:41","guid":{"rendered":"https:\/\/naturalpoland.com\/produkty\/neza\u0159azen\u00e9\/olej-z-melounovych-semen-kalahari\/"},"modified":"2024-06-21T13:27:41","modified_gmt":"2024-06-21T11:27:41","slug":"olej-z-melounovych-semen-kalahari","status":"publish","type":"product","link":"https:\/\/naturalpoland.com\/cs\/produkty\/produkty-pro-kosmeticky-prumysl\/kosmeticke-oleje\/olej-z-melounovych-semen-kalahari\/","title":{"rendered":"Olej ze semen melounu Kalahari"},"content":{"rendered":"<p>Olej ze semen melounu kalahari je univerz\u00e1ln\u00ed kosmetick\u00e1 slo\u017eka s vynikaj\u00edc\u00edmi hydrata\u010dn\u00edmi a regenera\u010dn\u00edmi vlastnostmi. M\u00e1 lehkou texturu a rychle se vst\u0159eb\u00e1v\u00e1.<\/p>\n<h2>Vlastnosti oleje ze semen melounu Kalahari<\/h2>\n<p>Olej ze semen melounu Kalahari je bohat\u00fd na esenci\u00e1ln\u00ed mastn\u00e9 kyseliny, v\u010detn\u011b <strong>kyseliny linolov\u00e9<\/strong> a <strong>olejov\u00e9<\/strong>. Jsou kl\u00ed\u010dem k udr\u017een\u00ed zdrav\u00ed poko\u017eky, pom\u00e1haj\u00ed ji <strong>hydratovat<\/strong> a <strong>vy\u017eivovat<\/strong> a zanech\u00e1vaj\u00ed ji hebkou a vl\u00e1\u010dnou. D\u00edky lehk\u00e9 textu\u0159e se tento olej rychle vst\u0159eb\u00e1v\u00e1 a nezanech\u00e1v\u00e1 na poko\u017ece mastn\u00fd film.<\/p>\n<p>D\u00edky sv\u00fdm <strong>regenera\u010dn\u00edm vlastnostem<\/strong> se doporu\u010duje zejm\u00e9na pro suchou, citlivou a zralou ple\u0165. Naproti tomu obsah antioxidant\u016f, jako nap\u0159. <strong><br \/>\n  <a href=\"https:\/\/naturalpoland.com\/produkty\/produkty-dla-przemyslu-kosmetycznego\/surowce-kosmetyczne\/witamina-e\/\">vitamin E<\/a><br \/>\n<\/strong>, chr\u00e1n\u00ed tento olej poko\u017eku p\u0159ed po\u0161kozen\u00edm zp\u016fsoben\u00fdm voln\u00fdmi radik\u00e1ly a UV z\u00e1\u0159en\u00edm. Podporuje tak\u00e9 p\u0159irozen\u00e9 regenera\u010dn\u00ed procesy poko\u017eky a urychluje hojen\u00ed drobn\u00fdch ran a podr\u00e1\u017ed\u011bn\u00ed.<\/p>\n<h2>Aplikace<\/h2>\n<p>Olej ze semen melounu kalahari se pou\u017e\u00edv\u00e1 do<strong> hydrata\u010dn\u00edch kr\u00e9m\u016f<\/strong>,<strong> t\u011blov\u00fdch ml\u00e9k<\/strong>, <strong>s\u00e9r<\/strong> a <strong>mas\u00e1\u017en\u00edch olej\u016f<\/strong>. Je tak\u00e9 vynikaj\u00edc\u00ed slo\u017ekou <strong>kondicion\u00e9r\u016f a masek na vlasy<\/strong>, proto\u017ee pom\u00e1h\u00e1 hydratovat a vy\u017eivovat such\u00e9 a po\u0161kozen\u00e9 vlasy.<\/p>\n","protected":false},"excerpt":{"rendered":"<p><em>Olej ze<\/em> semen melounu Kalahari<em>(Citrullus lanatus seed oil<\/em>) se z\u00edsk\u00e1v\u00e1 lisov\u00e1n\u00edm semen melounu Kalahari za studena. Olej se pou\u017e\u00edv\u00e1 v kosmetice a l\u00e9\u010divech. Je cen\u011bna pro svou lehkost a schopnost rychl\u00e9ho vst\u0159eb\u00e1v\u00e1n\u00ed.<\/p>\n<p>&nbsp;<\/p>\n","protected":false},"featured_media":32781,"template":"","meta":{"_acf_changed":false},"product_brand":[],"product_cat":[636],"product_tag":[],"class_list":{"0":"post-32797","1":"product","2":"type-product","3":"status-publish","4":"has-post-thumbnail","6":"product_cat-kosmeticke-oleje","7":"pa_grupa-substancji-zakladove-oleje","8":"pa_metoda-pozyskiwania-lisovani-za-studena","10":"first","11":"instock","12":"shipping-taxable","13":"product-type-simple"},"acf":[],"yoast_head":"<!-- This site is optimized with the Yoast SEO plugin v27.4 - https:\/\/yoast.com\/product\/yoast-seo-wordpress\/ -->\n<title>Olej ze semen melounu Kalahari - NATURAL POLAND - Velkoobchodn\u00ed distributor surovin<\/title>\n<meta name=\"description\" content=\"Olej ze semen melounu kalahari je univerz\u00e1ln\u00ed kosmetick\u00e1 slo\u017eka s vynikaj\u00edc\u00edmi hydrata\u010dn\u00edmi a regenera\u010dn\u00edmi vlastnostmi.\" \/>\n<meta name=\"robots\" content=\"index, follow, max-snippet:-1, max-image-preview:large, max-video-preview:-1\" \/>\n<link rel=\"canonical\" href=\"https:\/\/naturalpoland.com\/cs\/produkty\/produkty-pro-kosmeticky-prumysl\/kosmeticke-oleje\/olej-z-melounovych-semen-kalahari\/\" \/>\n<meta property=\"og:locale\" content=\"cs_CZ\" \/>\n<meta property=\"og:type\" content=\"article\" \/>\n<meta property=\"og:title\" content=\"Olej ze semen melounu Kalahari - NATURAL POLAND - Velkoobchodn\u00ed distributor surovin\" \/>\n<meta property=\"og:description\" content=\"Olej ze semen melounu kalahari je univerz\u00e1ln\u00ed kosmetick\u00e1 slo\u017eka s vynikaj\u00edc\u00edmi hydrata\u010dn\u00edmi a regenera\u010dn\u00edmi vlastnostmi.\" \/>\n<meta property=\"og:url\" content=\"https:\/\/naturalpoland.com\/cs\/produkty\/produkty-pro-kosmeticky-prumysl\/kosmeticke-oleje\/olej-z-melounovych-semen-kalahari\/\" \/>\n<meta property=\"og:site_name\" content=\"NATURAL POLAND - Velkoobchodn\u00ed distributor surovin\" \/>\n<meta property=\"article:publisher\" content=\"https:\/\/www.facebook.com\/naturalpoland.b2b\" \/>\n<meta property=\"og:image\" content=\"https:\/\/naturalpoland.com\/wp-content\/uploads\/olej-z-nasion-melona-kalahari.webp\" \/>\n\t<meta property=\"og:image:width\" content=\"609\" \/>\n\t<meta property=\"og:image:height\" content=\"609\" \/>\n\t<meta property=\"og:image:type\" content=\"image\/webp\" \/>\n<script type=\"application\/ld+json\" class=\"yoast-schema-graph\">{\"@context\":\"https:\\\/\\\/schema.org\",\"@graph\":[{\"@type\":\"WebPage\",\"@id\":\"https:\\\/\\\/naturalpoland.com\\\/cs\\\/produkty\\\/produkty-pro-kosmeticky-prumysl\\\/kosmeticke-oleje\\\/olej-z-melounovych-semen-kalahari\\\/\",\"url\":\"https:\\\/\\\/naturalpoland.com\\\/cs\\\/produkty\\\/produkty-pro-kosmeticky-prumysl\\\/kosmeticke-oleje\\\/olej-z-melounovych-semen-kalahari\\\/\",\"name\":\"Olej ze semen melounu Kalahari - NATURAL POLAND - Velkoobchodn\u00ed distributor surovin\",\"isPartOf\":{\"@id\":\"https:\\\/\\\/naturalpoland.com\\\/cs\\\/#website\"},\"primaryImageOfPage\":{\"@id\":\"https:\\\/\\\/naturalpoland.com\\\/cs\\\/produkty\\\/produkty-pro-kosmeticky-prumysl\\\/kosmeticke-oleje\\\/olej-z-melounovych-semen-kalahari\\\/#primaryimage\"},\"image\":{\"@id\":\"https:\\\/\\\/naturalpoland.com\\\/cs\\\/produkty\\\/produkty-pro-kosmeticky-prumysl\\\/kosmeticke-oleje\\\/olej-z-melounovych-semen-kalahari\\\/#primaryimage\"},\"thumbnailUrl\":\"https:\\\/\\\/naturalpoland.com\\\/wp-content\\\/uploads\\\/olej-z-nasion-melona-kalahari.webp\",\"datePublished\":\"2024-06-21T11:27:41+00:00\",\"description\":\"Olej ze semen melounu kalahari je univerz\u00e1ln\u00ed kosmetick\u00e1 slo\u017eka s vynikaj\u00edc\u00edmi hydrata\u010dn\u00edmi a regenera\u010dn\u00edmi vlastnostmi.\",\"breadcrumb\":{\"@id\":\"https:\\\/\\\/naturalpoland.com\\\/cs\\\/produkty\\\/produkty-pro-kosmeticky-prumysl\\\/kosmeticke-oleje\\\/olej-z-melounovych-semen-kalahari\\\/#breadcrumb\"},\"inLanguage\":\"cs\",\"potentialAction\":[{\"@type\":\"ReadAction\",\"target\":[\"https:\\\/\\\/naturalpoland.com\\\/cs\\\/produkty\\\/produkty-pro-kosmeticky-prumysl\\\/kosmeticke-oleje\\\/olej-z-melounovych-semen-kalahari\\\/\"]}]},{\"@type\":\"ImageObject\",\"inLanguage\":\"cs\",\"@id\":\"https:\\\/\\\/naturalpoland.com\\\/cs\\\/produkty\\\/produkty-pro-kosmeticky-prumysl\\\/kosmeticke-oleje\\\/olej-z-melounovych-semen-kalahari\\\/#primaryimage\",\"url\":\"https:\\\/\\\/naturalpoland.com\\\/wp-content\\\/uploads\\\/olej-z-nasion-melona-kalahari.webp\",\"contentUrl\":\"https:\\\/\\\/naturalpoland.com\\\/wp-content\\\/uploads\\\/olej-z-nasion-melona-kalahari.webp\",\"width\":609,\"height\":609,\"caption\":\"Olej z nasion melona Kalahari\"},{\"@type\":\"BreadcrumbList\",\"@id\":\"https:\\\/\\\/naturalpoland.com\\\/cs\\\/produkty\\\/produkty-pro-kosmeticky-prumysl\\\/kosmeticke-oleje\\\/olej-z-melounovych-semen-kalahari\\\/#breadcrumb\",\"itemListElement\":[{\"@type\":\"ListItem\",\"position\":1,\"name\":\"Dom\u016f\",\"item\":\"https:\\\/\\\/naturalpoland.com\\\/cs\\\/\"},{\"@type\":\"ListItem\",\"position\":2,\"name\":\"Produkty\",\"item\":\"https:\\\/\\\/naturalpoland.com\\\/cs\\\/produkty\\\/\"},{\"@type\":\"ListItem\",\"position\":3,\"name\":\"Olej ze semen melounu Kalahari\"}]},{\"@type\":\"WebSite\",\"@id\":\"https:\\\/\\\/naturalpoland.com\\\/cs\\\/#website\",\"url\":\"https:\\\/\\\/naturalpoland.com\\\/cs\\\/\",\"name\":\"NATURAL POLAND - Velkoobchodn\u00ed distributor surovin\",\"description\":\"Surowce dla przemys\u0142u spo\u017cywczego, kosmetycznego i farmaceutycznego\",\"publisher\":{\"@id\":\"https:\\\/\\\/naturalpoland.com\\\/cs\\\/#organization\"},\"potentialAction\":[{\"@type\":\"SearchAction\",\"target\":{\"@type\":\"EntryPoint\",\"urlTemplate\":\"https:\\\/\\\/naturalpoland.com\\\/cs\\\/?s={search_term_string}\"},\"query-input\":{\"@type\":\"PropertyValueSpecification\",\"valueRequired\":true,\"valueName\":\"search_term_string\"}}],\"inLanguage\":\"cs\"},{\"@type\":\"Organization\",\"@id\":\"https:\\\/\\\/naturalpoland.com\\\/cs\\\/#organization\",\"name\":\"Natural Poland\",\"url\":\"https:\\\/\\\/naturalpoland.com\\\/cs\\\/\",\"logo\":{\"@type\":\"ImageObject\",\"inLanguage\":\"cs\",\"@id\":\"https:\\\/\\\/naturalpoland.com\\\/cs\\\/#\\\/schema\\\/logo\\\/image\\\/\",\"url\":\"https:\\\/\\\/naturalpoland.com\\\/wp-content\\\/uploads\\\/2021\\\/05\\\/natural-poland-icon.png\",\"contentUrl\":\"https:\\\/\\\/naturalpoland.com\\\/wp-content\\\/uploads\\\/2021\\\/05\\\/natural-poland-icon.png\",\"width\":512,\"height\":512,\"caption\":\"Natural Poland\"},\"image\":{\"@id\":\"https:\\\/\\\/naturalpoland.com\\\/cs\\\/#\\\/schema\\\/logo\\\/image\\\/\"},\"sameAs\":[\"https:\\\/\\\/www.facebook.com\\\/naturalpoland.b2b\",\"https:\\\/\\\/pl.linkedin.com\\\/company\\\/natural-poland\",\"https:\\\/\\\/www.youtube.com\\\/channel\\\/UCgeGGkvOMahZo-xu_MSEWxg\"]}]}<\/script>\n<!-- \/ Yoast SEO plugin. -->","yoast_head_json":{"title":"Olej ze semen melounu Kalahari - NATURAL POLAND - Velkoobchodn\u00ed distributor surovin","description":"Olej ze semen melounu kalahari je univerz\u00e1ln\u00ed kosmetick\u00e1 slo\u017eka s vynikaj\u00edc\u00edmi hydrata\u010dn\u00edmi a regenera\u010dn\u00edmi vlastnostmi.","robots":{"index":"index","follow":"follow","max-snippet":"max-snippet:-1","max-image-preview":"max-image-preview:large","max-video-preview":"max-video-preview:-1"},"canonical":"https:\/\/naturalpoland.com\/cs\/produkty\/produkty-pro-kosmeticky-prumysl\/kosmeticke-oleje\/olej-z-melounovych-semen-kalahari\/","og_locale":"cs_CZ","og_type":"article","og_title":"Olej ze semen melounu Kalahari - NATURAL POLAND - Velkoobchodn\u00ed distributor surovin","og_description":"Olej ze semen melounu kalahari je univerz\u00e1ln\u00ed kosmetick\u00e1 slo\u017eka s vynikaj\u00edc\u00edmi hydrata\u010dn\u00edmi a regenera\u010dn\u00edmi vlastnostmi.","og_url":"https:\/\/naturalpoland.com\/cs\/produkty\/produkty-pro-kosmeticky-prumysl\/kosmeticke-oleje\/olej-z-melounovych-semen-kalahari\/","og_site_name":"NATURAL POLAND - Velkoobchodn\u00ed distributor surovin","article_publisher":"https:\/\/www.facebook.com\/naturalpoland.b2b","og_image":[{"width":609,"height":609,"url":"https:\/\/naturalpoland.com\/wp-content\/uploads\/olej-z-nasion-melona-kalahari.webp","type":"image\/webp"}],"schema":{"@context":"https:\/\/schema.org","@graph":[{"@type":"WebPage","@id":"https:\/\/naturalpoland.com\/cs\/produkty\/produkty-pro-kosmeticky-prumysl\/kosmeticke-oleje\/olej-z-melounovych-semen-kalahari\/","url":"https:\/\/naturalpoland.com\/cs\/produkty\/produkty-pro-kosmeticky-prumysl\/kosmeticke-oleje\/olej-z-melounovych-semen-kalahari\/","name":"Olej ze semen melounu Kalahari - NATURAL POLAND - Velkoobchodn\u00ed distributor surovin","isPartOf":{"@id":"https:\/\/naturalpoland.com\/cs\/#website"},"primaryImageOfPage":{"@id":"https:\/\/naturalpoland.com\/cs\/produkty\/produkty-pro-kosmeticky-prumysl\/kosmeticke-oleje\/olej-z-melounovych-semen-kalahari\/#primaryimage"},"image":{"@id":"https:\/\/naturalpoland.com\/cs\/produkty\/produkty-pro-kosmeticky-prumysl\/kosmeticke-oleje\/olej-z-melounovych-semen-kalahari\/#primaryimage"},"thumbnailUrl":"https:\/\/naturalpoland.com\/wp-content\/uploads\/olej-z-nasion-melona-kalahari.webp","datePublished":"2024-06-21T11:27:41+00:00","description":"Olej ze semen melounu kalahari je univerz\u00e1ln\u00ed kosmetick\u00e1 slo\u017eka s vynikaj\u00edc\u00edmi hydrata\u010dn\u00edmi a regenera\u010dn\u00edmi vlastnostmi.","breadcrumb":{"@id":"https:\/\/naturalpoland.com\/cs\/produkty\/produkty-pro-kosmeticky-prumysl\/kosmeticke-oleje\/olej-z-melounovych-semen-kalahari\/#breadcrumb"},"inLanguage":"cs","potentialAction":[{"@type":"ReadAction","target":["https:\/\/naturalpoland.com\/cs\/produkty\/produkty-pro-kosmeticky-prumysl\/kosmeticke-oleje\/olej-z-melounovych-semen-kalahari\/"]}]},{"@type":"ImageObject","inLanguage":"cs","@id":"https:\/\/naturalpoland.com\/cs\/produkty\/produkty-pro-kosmeticky-prumysl\/kosmeticke-oleje\/olej-z-melounovych-semen-kalahari\/#primaryimage","url":"https:\/\/naturalpoland.com\/wp-content\/uploads\/olej-z-nasion-melona-kalahari.webp","contentUrl":"https:\/\/naturalpoland.com\/wp-content\/uploads\/olej-z-nasion-melona-kalahari.webp","width":609,"height":609,"caption":"Olej z nasion melona Kalahari"},{"@type":"BreadcrumbList","@id":"https:\/\/naturalpoland.com\/cs\/produkty\/produkty-pro-kosmeticky-prumysl\/kosmeticke-oleje\/olej-z-melounovych-semen-kalahari\/#breadcrumb","itemListElement":[{"@type":"ListItem","position":1,"name":"Dom\u016f","item":"https:\/\/naturalpoland.com\/cs\/"},{"@type":"ListItem","position":2,"name":"Produkty","item":"https:\/\/naturalpoland.com\/cs\/produkty\/"},{"@type":"ListItem","position":3,"name":"Olej ze semen melounu Kalahari"}]},{"@type":"WebSite","@id":"https:\/\/naturalpoland.com\/cs\/#website","url":"https:\/\/naturalpoland.com\/cs\/","name":"NATURAL POLAND - Velkoobchodn\u00ed distributor surovin","description":"Surowce dla przemys\u0142u spo\u017cywczego, kosmetycznego i farmaceutycznego","publisher":{"@id":"https:\/\/naturalpoland.com\/cs\/#organization"},"potentialAction":[{"@type":"SearchAction","target":{"@type":"EntryPoint","urlTemplate":"https:\/\/naturalpoland.com\/cs\/?s={search_term_string}"},"query-input":{"@type":"PropertyValueSpecification","valueRequired":true,"valueName":"search_term_string"}}],"inLanguage":"cs"},{"@type":"Organization","@id":"https:\/\/naturalpoland.com\/cs\/#organization","name":"Natural Poland","url":"https:\/\/naturalpoland.com\/cs\/","logo":{"@type":"ImageObject","inLanguage":"cs","@id":"https:\/\/naturalpoland.com\/cs\/#\/schema\/logo\/image\/","url":"https:\/\/naturalpoland.com\/wp-content\/uploads\/2021\/05\/natural-poland-icon.png","contentUrl":"https:\/\/naturalpoland.com\/wp-content\/uploads\/2021\/05\/natural-poland-icon.png","width":512,"height":512,"caption":"Natural Poland"},"image":{"@id":"https:\/\/naturalpoland.com\/cs\/#\/schema\/logo\/image\/"},"sameAs":["https:\/\/www.facebook.com\/naturalpoland.b2b","https:\/\/pl.linkedin.com\/company\/natural-poland","https:\/\/www.youtube.com\/channel\/UCgeGGkvOMahZo-xu_MSEWxg"]}]}},"_links":{"self":[{"href":"https:\/\/naturalpoland.com\/cs\/wp-json\/wp\/v2\/product\/32797","targetHints":{"allow":["GET"]}}],"collection":[{"href":"https:\/\/naturalpoland.com\/cs\/wp-json\/wp\/v2\/product"}],"about":[{"href":"https:\/\/naturalpoland.com\/cs\/wp-json\/wp\/v2\/types\/product"}],"wp:featuredmedia":[{"embeddable":true,"href":"https:\/\/naturalpoland.com\/cs\/wp-json\/wp\/v2\/media\/32781"}],"wp:attachment":[{"href":"https:\/\/naturalpoland.com\/cs\/wp-json\/wp\/v2\/media?parent=32797"}],"wp:term":[{"taxonomy":"product_brand","embeddable":true,"href":"https:\/\/naturalpoland.com\/cs\/wp-json\/wp\/v2\/product_brand?post=32797"},{"taxonomy":"product_cat","embeddable":true,"href":"https:\/\/naturalpoland.com\/cs\/wp-json\/wp\/v2\/product_cat?post=32797"},{"taxonomy":"product_tag","embeddable":true,"href":"https:\/\/naturalpoland.com\/cs\/wp-json\/wp\/v2\/product_tag?post=32797"}],"curies":[{"name":"wp","href":"https:\/\/api.w.org\/{rel}","templated":true}]}}