{"id":33441,"date":"2024-07-09T14:06:44","date_gmt":"2024-07-10T08:26:20","guid":{"rendered":"https:\/\/naturalpoland.com\/produkty\/neza\u0159azen\u00e9\/rozmarynovy-listovy-hydrolat\/"},"modified":"2024-07-10T10:26:20","modified_gmt":"2024-07-10T08:26:20","slug":"rozmarynovy-listovy-hydrolat","status":"publish","type":"product","link":"https:\/\/naturalpoland.com\/cs\/produkty\/produkty-pro-kosmeticky-prumysl\/hydrolaty-cs\/rozmarynovy-listovy-hydrolat\/","title":{"rendered":"Hydrol\u00e1t list\u016f rozmar\u00fdnu"},"content":{"rendered":"<h2>Slo\u017een\u00ed a kvalita:<\/h2>\n<p>Hydrol\u00e1t se skl\u00e1d\u00e1 z 99,2-99,3 % rozmar\u00fdnov\u00e9 vody s p\u0159\u00eddavkem 0,4 % benzoanu sodn\u00e9ho, 0,2 % sorbanu draseln\u00e9ho a 0,1-0,2 % kyseliny citronov\u00e9, kter\u00e1 upravuje jeho pH na 4-6. Produkt je \u010dir\u00fd, m\u00e1 charakteristickou rozmar\u00fdnovou v\u016fni a je zcela rozpustn\u00fd ve vod\u011b.<\/p>\n<h2>Pou\u017eit\u00ed:<\/h2>\n<p>Hydrol\u00e1t z list\u016f rozmar\u00fdnu lze pou\u017e\u00edt jako ple\u0165ov\u00e9 tonikum, osv\u011b\u017euj\u00edc\u00ed mlhu nebo jako p\u0159\u00edsadu do masek a dal\u0161\u00edch kosmetick\u00fdch p\u0159\u00edpravk\u016f. M\u00e1 antiseptick\u00e9 a protiz\u00e1n\u011btliv\u00e9 \u00fa\u010dinky, tak\u017ee je ide\u00e1ln\u00ed pro p\u00e9\u010di o mastnou ple\u0165, akn\u00e9 a poko\u017eku hlavy. Rozmar\u00fdn je tak\u00e9 zn\u00e1m\u00fd sv\u00fdmi stimula\u010dn\u00edmi \u00fa\u010dinky a m\u016f\u017ee pomoci zlep\u0161it krevn\u00ed ob\u011bh a r\u016fst vlas\u016f.<\/p>\n<p>&nbsp;<\/p>\n<p>&nbsp;<\/p>\n","protected":false},"excerpt":{"rendered":"<p>Hydrol\u00e1t list\u016f rozmar\u00fdnu<em>(Rosmarinus Officinalis Leaf Water<\/em>) je p\u0159\u00edrodn\u00ed vodn\u00fd extrakt z\u00edskan\u00fd z list\u016f rozmar\u00fdnu. Je cen\u011bna pro sv\u00e9 tonizuj\u00edc\u00ed, osv\u011b\u017euj\u00edc\u00ed a protiz\u00e1n\u011btliv\u00e9 \u00fa\u010dinky.<\/p>\n","protected":false},"featured_media":33398,"template":"","meta":{"_acf_changed":false},"product_brand":[],"product_cat":[3548],"product_tag":[],"class_list":{"0":"post-33441","1":"product","2":"type-product","3":"status-publish","4":"has-post-thumbnail","6":"product_cat-hydrolaty-cs","8":"first","9":"instock","10":"shipping-taxable","11":"product-type-simple"},"acf":[],"yoast_head":"<!-- This site is optimized with the Yoast SEO plugin v27.4 - https:\/\/yoast.com\/product\/yoast-seo-wordpress\/ -->\n<title>Hydrol\u00e1t list\u016f rozmar\u00fdnu - NATURAL POLAND - Velkoobchodn\u00ed distributor surovin<\/title>\n<meta name=\"description\" content=\"Hydrol\u00e1t z list\u016f rozmar\u00fdnu m\u00e1 \u0161irok\u00e9 spektrum \u00fa\u010dink\u016f; je ide\u00e1ln\u00ed pro ty, kte\u0159\u00ed hledaj\u00ed p\u0159\u00edrodn\u00ed a \u00fa\u010dinn\u00e1 \u0159e\u0161en\u00ed v ka\u017edodenn\u00ed p\u00e9\u010di.\" \/>\n<meta name=\"robots\" content=\"index, follow, max-snippet:-1, max-image-preview:large, max-video-preview:-1\" \/>\n<link rel=\"canonical\" href=\"https:\/\/naturalpoland.com\/cs\/produkty\/produkty-pro-kosmeticky-prumysl\/hydrolaty-cs\/rozmarynovy-listovy-hydrolat\/\" \/>\n<meta property=\"og:locale\" content=\"cs_CZ\" \/>\n<meta property=\"og:type\" content=\"article\" \/>\n<meta property=\"og:title\" content=\"Hydrol\u00e1t list\u016f rozmar\u00fdnu - NATURAL POLAND - Velkoobchodn\u00ed distributor surovin\" \/>\n<meta property=\"og:description\" content=\"Hydrol\u00e1t z list\u016f rozmar\u00fdnu m\u00e1 \u0161irok\u00e9 spektrum \u00fa\u010dink\u016f; je ide\u00e1ln\u00ed pro ty, kte\u0159\u00ed hledaj\u00ed p\u0159\u00edrodn\u00ed a \u00fa\u010dinn\u00e1 \u0159e\u0161en\u00ed v ka\u017edodenn\u00ed p\u00e9\u010di.\" \/>\n<meta property=\"og:url\" content=\"https:\/\/naturalpoland.com\/cs\/produkty\/produkty-pro-kosmeticky-prumysl\/hydrolaty-cs\/rozmarynovy-listovy-hydrolat\/\" \/>\n<meta property=\"og:site_name\" content=\"NATURAL POLAND - Velkoobchodn\u00ed distributor surovin\" \/>\n<meta property=\"article:publisher\" content=\"https:\/\/www.facebook.com\/naturalpoland.b2b\" \/>\n<meta property=\"og:image\" content=\"https:\/\/naturalpoland.com\/wp-content\/uploads\/hydrolat-z-liscia-rozmarynu.webp\" \/>\n\t<meta property=\"og:image:width\" content=\"615\" \/>\n\t<meta property=\"og:image:height\" content=\"615\" \/>\n\t<meta property=\"og:image:type\" content=\"image\/webp\" \/>\n<script type=\"application\/ld+json\" class=\"yoast-schema-graph\">{\"@context\":\"https:\\\/\\\/schema.org\",\"@graph\":[{\"@type\":\"WebPage\",\"@id\":\"https:\\\/\\\/naturalpoland.com\\\/cs\\\/produkty\\\/produkty-pro-kosmeticky-prumysl\\\/hydrolaty-cs\\\/rozmarynovy-listovy-hydrolat\\\/\",\"url\":\"https:\\\/\\\/naturalpoland.com\\\/cs\\\/produkty\\\/produkty-pro-kosmeticky-prumysl\\\/hydrolaty-cs\\\/rozmarynovy-listovy-hydrolat\\\/\",\"name\":\"Hydrol\u00e1t list\u016f rozmar\u00fdnu - NATURAL POLAND - Velkoobchodn\u00ed distributor surovin\",\"isPartOf\":{\"@id\":\"https:\\\/\\\/naturalpoland.com\\\/cs\\\/#website\"},\"primaryImageOfPage\":{\"@id\":\"https:\\\/\\\/naturalpoland.com\\\/cs\\\/produkty\\\/produkty-pro-kosmeticky-prumysl\\\/hydrolaty-cs\\\/rozmarynovy-listovy-hydrolat\\\/#primaryimage\"},\"image\":{\"@id\":\"https:\\\/\\\/naturalpoland.com\\\/cs\\\/produkty\\\/produkty-pro-kosmeticky-prumysl\\\/hydrolaty-cs\\\/rozmarynovy-listovy-hydrolat\\\/#primaryimage\"},\"thumbnailUrl\":\"https:\\\/\\\/naturalpoland.com\\\/wp-content\\\/uploads\\\/hydrolat-z-liscia-rozmarynu.webp\",\"datePublished\":\"2024-07-10T08:26:20+00:00\",\"description\":\"Hydrol\u00e1t z list\u016f rozmar\u00fdnu m\u00e1 \u0161irok\u00e9 spektrum \u00fa\u010dink\u016f; je ide\u00e1ln\u00ed pro ty, kte\u0159\u00ed hledaj\u00ed p\u0159\u00edrodn\u00ed a \u00fa\u010dinn\u00e1 \u0159e\u0161en\u00ed v ka\u017edodenn\u00ed p\u00e9\u010di.\",\"breadcrumb\":{\"@id\":\"https:\\\/\\\/naturalpoland.com\\\/cs\\\/produkty\\\/produkty-pro-kosmeticky-prumysl\\\/hydrolaty-cs\\\/rozmarynovy-listovy-hydrolat\\\/#breadcrumb\"},\"inLanguage\":\"cs\",\"potentialAction\":[{\"@type\":\"ReadAction\",\"target\":[\"https:\\\/\\\/naturalpoland.com\\\/cs\\\/produkty\\\/produkty-pro-kosmeticky-prumysl\\\/hydrolaty-cs\\\/rozmarynovy-listovy-hydrolat\\\/\"]}]},{\"@type\":\"ImageObject\",\"inLanguage\":\"cs\",\"@id\":\"https:\\\/\\\/naturalpoland.com\\\/cs\\\/produkty\\\/produkty-pro-kosmeticky-prumysl\\\/hydrolaty-cs\\\/rozmarynovy-listovy-hydrolat\\\/#primaryimage\",\"url\":\"https:\\\/\\\/naturalpoland.com\\\/wp-content\\\/uploads\\\/hydrolat-z-liscia-rozmarynu.webp\",\"contentUrl\":\"https:\\\/\\\/naturalpoland.com\\\/wp-content\\\/uploads\\\/hydrolat-z-liscia-rozmarynu.webp\",\"width\":615,\"height\":615,\"caption\":\"hydrolat z li\u015bcia rozmarynu\"},{\"@type\":\"BreadcrumbList\",\"@id\":\"https:\\\/\\\/naturalpoland.com\\\/cs\\\/produkty\\\/produkty-pro-kosmeticky-prumysl\\\/hydrolaty-cs\\\/rozmarynovy-listovy-hydrolat\\\/#breadcrumb\",\"itemListElement\":[{\"@type\":\"ListItem\",\"position\":1,\"name\":\"Dom\u016f\",\"item\":\"https:\\\/\\\/naturalpoland.com\\\/cs\\\/\"},{\"@type\":\"ListItem\",\"position\":2,\"name\":\"Produkty\",\"item\":\"https:\\\/\\\/naturalpoland.com\\\/cs\\\/produkty\\\/\"},{\"@type\":\"ListItem\",\"position\":3,\"name\":\"Hydrol\u00e1t list\u016f rozmar\u00fdnu\"}]},{\"@type\":\"WebSite\",\"@id\":\"https:\\\/\\\/naturalpoland.com\\\/cs\\\/#website\",\"url\":\"https:\\\/\\\/naturalpoland.com\\\/cs\\\/\",\"name\":\"NATURAL POLAND - Velkoobchodn\u00ed distributor surovin\",\"description\":\"Surowce dla przemys\u0142u spo\u017cywczego, kosmetycznego i farmaceutycznego\",\"publisher\":{\"@id\":\"https:\\\/\\\/naturalpoland.com\\\/cs\\\/#organization\"},\"potentialAction\":[{\"@type\":\"SearchAction\",\"target\":{\"@type\":\"EntryPoint\",\"urlTemplate\":\"https:\\\/\\\/naturalpoland.com\\\/cs\\\/?s={search_term_string}\"},\"query-input\":{\"@type\":\"PropertyValueSpecification\",\"valueRequired\":true,\"valueName\":\"search_term_string\"}}],\"inLanguage\":\"cs\"},{\"@type\":\"Organization\",\"@id\":\"https:\\\/\\\/naturalpoland.com\\\/cs\\\/#organization\",\"name\":\"Natural Poland\",\"url\":\"https:\\\/\\\/naturalpoland.com\\\/cs\\\/\",\"logo\":{\"@type\":\"ImageObject\",\"inLanguage\":\"cs\",\"@id\":\"https:\\\/\\\/naturalpoland.com\\\/cs\\\/#\\\/schema\\\/logo\\\/image\\\/\",\"url\":\"https:\\\/\\\/naturalpoland.com\\\/wp-content\\\/uploads\\\/2021\\\/05\\\/natural-poland-icon.png\",\"contentUrl\":\"https:\\\/\\\/naturalpoland.com\\\/wp-content\\\/uploads\\\/2021\\\/05\\\/natural-poland-icon.png\",\"width\":512,\"height\":512,\"caption\":\"Natural Poland\"},\"image\":{\"@id\":\"https:\\\/\\\/naturalpoland.com\\\/cs\\\/#\\\/schema\\\/logo\\\/image\\\/\"},\"sameAs\":[\"https:\\\/\\\/www.facebook.com\\\/naturalpoland.b2b\",\"https:\\\/\\\/pl.linkedin.com\\\/company\\\/natural-poland\",\"https:\\\/\\\/www.youtube.com\\\/channel\\\/UCgeGGkvOMahZo-xu_MSEWxg\"]}]}<\/script>\n<!-- \/ Yoast SEO plugin. -->","yoast_head_json":{"title":"Hydrol\u00e1t list\u016f rozmar\u00fdnu - NATURAL POLAND - Velkoobchodn\u00ed distributor surovin","description":"Hydrol\u00e1t z list\u016f rozmar\u00fdnu m\u00e1 \u0161irok\u00e9 spektrum \u00fa\u010dink\u016f; je ide\u00e1ln\u00ed pro ty, kte\u0159\u00ed hledaj\u00ed p\u0159\u00edrodn\u00ed a \u00fa\u010dinn\u00e1 \u0159e\u0161en\u00ed v ka\u017edodenn\u00ed p\u00e9\u010di.","robots":{"index":"index","follow":"follow","max-snippet":"max-snippet:-1","max-image-preview":"max-image-preview:large","max-video-preview":"max-video-preview:-1"},"canonical":"https:\/\/naturalpoland.com\/cs\/produkty\/produkty-pro-kosmeticky-prumysl\/hydrolaty-cs\/rozmarynovy-listovy-hydrolat\/","og_locale":"cs_CZ","og_type":"article","og_title":"Hydrol\u00e1t list\u016f rozmar\u00fdnu - NATURAL POLAND - Velkoobchodn\u00ed distributor surovin","og_description":"Hydrol\u00e1t z list\u016f rozmar\u00fdnu m\u00e1 \u0161irok\u00e9 spektrum \u00fa\u010dink\u016f; je ide\u00e1ln\u00ed pro ty, kte\u0159\u00ed hledaj\u00ed p\u0159\u00edrodn\u00ed a \u00fa\u010dinn\u00e1 \u0159e\u0161en\u00ed v ka\u017edodenn\u00ed p\u00e9\u010di.","og_url":"https:\/\/naturalpoland.com\/cs\/produkty\/produkty-pro-kosmeticky-prumysl\/hydrolaty-cs\/rozmarynovy-listovy-hydrolat\/","og_site_name":"NATURAL POLAND - Velkoobchodn\u00ed distributor surovin","article_publisher":"https:\/\/www.facebook.com\/naturalpoland.b2b","og_image":[{"width":615,"height":615,"url":"https:\/\/naturalpoland.com\/wp-content\/uploads\/hydrolat-z-liscia-rozmarynu.webp","type":"image\/webp"}],"schema":{"@context":"https:\/\/schema.org","@graph":[{"@type":"WebPage","@id":"https:\/\/naturalpoland.com\/cs\/produkty\/produkty-pro-kosmeticky-prumysl\/hydrolaty-cs\/rozmarynovy-listovy-hydrolat\/","url":"https:\/\/naturalpoland.com\/cs\/produkty\/produkty-pro-kosmeticky-prumysl\/hydrolaty-cs\/rozmarynovy-listovy-hydrolat\/","name":"Hydrol\u00e1t list\u016f rozmar\u00fdnu - NATURAL POLAND - Velkoobchodn\u00ed distributor surovin","isPartOf":{"@id":"https:\/\/naturalpoland.com\/cs\/#website"},"primaryImageOfPage":{"@id":"https:\/\/naturalpoland.com\/cs\/produkty\/produkty-pro-kosmeticky-prumysl\/hydrolaty-cs\/rozmarynovy-listovy-hydrolat\/#primaryimage"},"image":{"@id":"https:\/\/naturalpoland.com\/cs\/produkty\/produkty-pro-kosmeticky-prumysl\/hydrolaty-cs\/rozmarynovy-listovy-hydrolat\/#primaryimage"},"thumbnailUrl":"https:\/\/naturalpoland.com\/wp-content\/uploads\/hydrolat-z-liscia-rozmarynu.webp","datePublished":"2024-07-10T08:26:20+00:00","description":"Hydrol\u00e1t z list\u016f rozmar\u00fdnu m\u00e1 \u0161irok\u00e9 spektrum \u00fa\u010dink\u016f; je ide\u00e1ln\u00ed pro ty, kte\u0159\u00ed hledaj\u00ed p\u0159\u00edrodn\u00ed a \u00fa\u010dinn\u00e1 \u0159e\u0161en\u00ed v ka\u017edodenn\u00ed p\u00e9\u010di.","breadcrumb":{"@id":"https:\/\/naturalpoland.com\/cs\/produkty\/produkty-pro-kosmeticky-prumysl\/hydrolaty-cs\/rozmarynovy-listovy-hydrolat\/#breadcrumb"},"inLanguage":"cs","potentialAction":[{"@type":"ReadAction","target":["https:\/\/naturalpoland.com\/cs\/produkty\/produkty-pro-kosmeticky-prumysl\/hydrolaty-cs\/rozmarynovy-listovy-hydrolat\/"]}]},{"@type":"ImageObject","inLanguage":"cs","@id":"https:\/\/naturalpoland.com\/cs\/produkty\/produkty-pro-kosmeticky-prumysl\/hydrolaty-cs\/rozmarynovy-listovy-hydrolat\/#primaryimage","url":"https:\/\/naturalpoland.com\/wp-content\/uploads\/hydrolat-z-liscia-rozmarynu.webp","contentUrl":"https:\/\/naturalpoland.com\/wp-content\/uploads\/hydrolat-z-liscia-rozmarynu.webp","width":615,"height":615,"caption":"hydrolat z li\u015bcia rozmarynu"},{"@type":"BreadcrumbList","@id":"https:\/\/naturalpoland.com\/cs\/produkty\/produkty-pro-kosmeticky-prumysl\/hydrolaty-cs\/rozmarynovy-listovy-hydrolat\/#breadcrumb","itemListElement":[{"@type":"ListItem","position":1,"name":"Dom\u016f","item":"https:\/\/naturalpoland.com\/cs\/"},{"@type":"ListItem","position":2,"name":"Produkty","item":"https:\/\/naturalpoland.com\/cs\/produkty\/"},{"@type":"ListItem","position":3,"name":"Hydrol\u00e1t list\u016f rozmar\u00fdnu"}]},{"@type":"WebSite","@id":"https:\/\/naturalpoland.com\/cs\/#website","url":"https:\/\/naturalpoland.com\/cs\/","name":"NATURAL POLAND - Velkoobchodn\u00ed distributor surovin","description":"Surowce dla przemys\u0142u spo\u017cywczego, kosmetycznego i farmaceutycznego","publisher":{"@id":"https:\/\/naturalpoland.com\/cs\/#organization"},"potentialAction":[{"@type":"SearchAction","target":{"@type":"EntryPoint","urlTemplate":"https:\/\/naturalpoland.com\/cs\/?s={search_term_string}"},"query-input":{"@type":"PropertyValueSpecification","valueRequired":true,"valueName":"search_term_string"}}],"inLanguage":"cs"},{"@type":"Organization","@id":"https:\/\/naturalpoland.com\/cs\/#organization","name":"Natural Poland","url":"https:\/\/naturalpoland.com\/cs\/","logo":{"@type":"ImageObject","inLanguage":"cs","@id":"https:\/\/naturalpoland.com\/cs\/#\/schema\/logo\/image\/","url":"https:\/\/naturalpoland.com\/wp-content\/uploads\/2021\/05\/natural-poland-icon.png","contentUrl":"https:\/\/naturalpoland.com\/wp-content\/uploads\/2021\/05\/natural-poland-icon.png","width":512,"height":512,"caption":"Natural Poland"},"image":{"@id":"https:\/\/naturalpoland.com\/cs\/#\/schema\/logo\/image\/"},"sameAs":["https:\/\/www.facebook.com\/naturalpoland.b2b","https:\/\/pl.linkedin.com\/company\/natural-poland","https:\/\/www.youtube.com\/channel\/UCgeGGkvOMahZo-xu_MSEWxg"]}]}},"_links":{"self":[{"href":"https:\/\/naturalpoland.com\/cs\/wp-json\/wp\/v2\/product\/33441","targetHints":{"allow":["GET"]}}],"collection":[{"href":"https:\/\/naturalpoland.com\/cs\/wp-json\/wp\/v2\/product"}],"about":[{"href":"https:\/\/naturalpoland.com\/cs\/wp-json\/wp\/v2\/types\/product"}],"wp:featuredmedia":[{"embeddable":true,"href":"https:\/\/naturalpoland.com\/cs\/wp-json\/wp\/v2\/media\/33398"}],"wp:attachment":[{"href":"https:\/\/naturalpoland.com\/cs\/wp-json\/wp\/v2\/media?parent=33441"}],"wp:term":[{"taxonomy":"product_brand","embeddable":true,"href":"https:\/\/naturalpoland.com\/cs\/wp-json\/wp\/v2\/product_brand?post=33441"},{"taxonomy":"product_cat","embeddable":true,"href":"https:\/\/naturalpoland.com\/cs\/wp-json\/wp\/v2\/product_cat?post=33441"},{"taxonomy":"product_tag","embeddable":true,"href":"https:\/\/naturalpoland.com\/cs\/wp-json\/wp\/v2\/product_tag?post=33441"}],"curies":[{"name":"wp","href":"https:\/\/api.w.org\/{rel}","templated":true}]}}