{"id":33463,"date":"2024-07-09T14:48:40","date_gmt":"2024-07-10T08:27:03","guid":{"rendered":"https:\/\/naturalpoland.com\/produkty\/neza\u0159azen\u00e9\/hydrolate-from-pure-medicine\/"},"modified":"2025-02-28T14:52:46","modified_gmt":"2025-02-28T13:52:46","slug":"hydrolate-from-pure-medicine","status":"publish","type":"product","link":"https:\/\/naturalpoland.com\/cs\/produkty\/produkty-pro-kosmeticky-prumysl\/hydrolaty-cs\/hydrolate-from-pure-medicine\/","title":{"rendered":"Hydrol\u00e1t z cistu"},"content":{"rendered":"<h2>Vlastnosti z cistu<\/h2>\n<p>Hydrolate z cistu je cen\u011bn pro sv\u00e9 siln\u00e9 antioxida\u010dn\u00ed a protiz\u00e1n\u011btliv\u00e9 vlastnosti. D\u00edky vysok\u00e9mu obsahu polyfenol\u016f pom\u00e1h\u00e1 neutralizovat voln\u00e9 radik\u00e1ly a podporuje obranyschopnost poko\u017eky proti \u0161kodliv\u00fdm vn\u011bj\u0161\u00edm vliv\u016fm. Doporu\u010duje se zejm\u00e9na pro akn\u00f3zn\u00ed, mastnou a problematickou ple\u0165, proto\u017ee pom\u00e1h\u00e1 regulovat vylu\u010dov\u00e1n\u00ed ko\u017en\u00edho mazu a zm\u00edr\u0148ovat z\u00e1n\u011bty.<\/p>\n<h2>Aplikace<\/h2>\n<p>Hydrol\u00e1t z cistu lze pou\u017e\u00edt jako ple\u0165ov\u00e9 tonikum, slo\u017eku masek a tak\u00e9 jako osv\u011b\u017euj\u00edc\u00ed mlhu b\u011bhem dne. D\u00edky sv\u00fdm zklid\u0148uj\u00edc\u00edm vlastnostem je ide\u00e1ln\u00ed pro zklidn\u011bn\u00ed podr\u00e1\u017ed\u011bn\u00ed po holen\u00ed, depilaci nebo intenzivn\u00edch kosmetick\u00fdch procedur\u00e1ch. M\u016f\u017ee se tak\u00e9 pou\u017e\u00edvat k om\u00fdv\u00e1n\u00ed ran a od\u0159enin, \u010d\u00edm\u017e podporuje jejich hojen\u00ed.<\/p>\n<p>&nbsp;<\/p>\n<p>&nbsp;<\/p>\n","protected":false},"excerpt":{"rendered":"<p>Hydrol\u00e1t z cistu ladanov\u00e9ho <em>(extrakt z Cistus Incanus<\/em>) je vysoce koncentrovan\u00fd vodn\u00fd extrakt vyroben\u00fd destilac\u00ed list\u016f cudn\u00e9 rostliny vodn\u00ed parou. Hydrol\u00e1t je konzervov\u00e1n mal\u00fdm mno\u017estv\u00edm benzoanu sodn\u00e9ho a sorbanu draseln\u00e9ho.<\/p>\n<p>&nbsp;<\/p>\n","protected":false},"featured_media":33425,"template":"","meta":{"_acf_changed":false},"product_brand":[],"product_cat":[3548],"product_tag":[],"class_list":{"0":"post-33463","1":"product","2":"type-product","3":"status-publish","4":"has-post-thumbnail","6":"product_cat-hydrolaty-cs","8":"first","9":"instock","10":"shipping-taxable","11":"product-type-simple"},"acf":[],"yoast_head":"<!-- This site is optimized with the Yoast SEO plugin v27.4 - https:\/\/yoast.com\/product\/yoast-seo-wordpress\/ -->\n<title>Hydrol\u00e1t z cistu - NATURAL POLAND - Velkoobchodn\u00ed distributor surovin<\/title>\n<meta name=\"description\" content=\"Hydrol\u00e1t z cistu (extrakt z Cistus Incanus) je vysoce koncentrovan\u00fd vodn\u00fd extrakt, kter\u00fd \u010derp\u00e1 sv\u00e9 vlastnosti z fialov\u00e9 rostliny.\" \/>\n<meta name=\"robots\" content=\"index, follow, max-snippet:-1, max-image-preview:large, max-video-preview:-1\" \/>\n<link rel=\"canonical\" href=\"https:\/\/naturalpoland.com\/cs\/produkty\/produkty-pro-kosmeticky-prumysl\/hydrolaty-cs\/hydrolate-from-pure-medicine\/\" \/>\n<meta property=\"og:locale\" content=\"cs_CZ\" \/>\n<meta property=\"og:type\" content=\"article\" \/>\n<meta property=\"og:title\" content=\"Hydrol\u00e1t z cistu - NATURAL POLAND - Velkoobchodn\u00ed distributor surovin\" \/>\n<meta property=\"og:description\" content=\"Hydrol\u00e1t z cistu (extrakt z Cistus Incanus) je vysoce koncentrovan\u00fd vodn\u00fd extrakt, kter\u00fd \u010derp\u00e1 sv\u00e9 vlastnosti z fialov\u00e9 rostliny.\" \/>\n<meta property=\"og:url\" content=\"https:\/\/naturalpoland.com\/cs\/produkty\/produkty-pro-kosmeticky-prumysl\/hydrolaty-cs\/hydrolate-from-pure-medicine\/\" \/>\n<meta property=\"og:site_name\" content=\"NATURAL POLAND - Velkoobchodn\u00ed distributor surovin\" \/>\n<meta property=\"article:publisher\" content=\"https:\/\/www.facebook.com\/naturalpoland.b2b\" \/>\n<meta property=\"article:modified_time\" content=\"2025-02-28T13:52:46+00:00\" \/>\n<meta property=\"og:image\" content=\"https:\/\/naturalpoland.com\/wp-content\/uploads\/hydrolat-z-czystka-lekarskiego.webp\" \/>\n\t<meta property=\"og:image:width\" content=\"615\" \/>\n\t<meta property=\"og:image:height\" content=\"615\" \/>\n\t<meta property=\"og:image:type\" content=\"image\/webp\" \/>\n<script type=\"application\/ld+json\" class=\"yoast-schema-graph\">{\"@context\":\"https:\\\/\\\/schema.org\",\"@graph\":[{\"@type\":\"WebPage\",\"@id\":\"https:\\\/\\\/naturalpoland.com\\\/cs\\\/produkty\\\/produkty-pro-kosmeticky-prumysl\\\/hydrolaty-cs\\\/hydrolate-from-pure-medicine\\\/\",\"url\":\"https:\\\/\\\/naturalpoland.com\\\/cs\\\/produkty\\\/produkty-pro-kosmeticky-prumysl\\\/hydrolaty-cs\\\/hydrolate-from-pure-medicine\\\/\",\"name\":\"Hydrol\u00e1t z cistu - NATURAL POLAND - Velkoobchodn\u00ed distributor surovin\",\"isPartOf\":{\"@id\":\"https:\\\/\\\/naturalpoland.com\\\/cs\\\/#website\"},\"primaryImageOfPage\":{\"@id\":\"https:\\\/\\\/naturalpoland.com\\\/cs\\\/produkty\\\/produkty-pro-kosmeticky-prumysl\\\/hydrolaty-cs\\\/hydrolate-from-pure-medicine\\\/#primaryimage\"},\"image\":{\"@id\":\"https:\\\/\\\/naturalpoland.com\\\/cs\\\/produkty\\\/produkty-pro-kosmeticky-prumysl\\\/hydrolaty-cs\\\/hydrolate-from-pure-medicine\\\/#primaryimage\"},\"thumbnailUrl\":\"https:\\\/\\\/naturalpoland.com\\\/wp-content\\\/uploads\\\/hydrolat-z-czystka-lekarskiego.webp\",\"datePublished\":\"2024-07-10T08:27:03+00:00\",\"dateModified\":\"2025-02-28T13:52:46+00:00\",\"description\":\"Hydrol\u00e1t z cistu (extrakt z Cistus Incanus) je vysoce koncentrovan\u00fd vodn\u00fd extrakt, kter\u00fd \u010derp\u00e1 sv\u00e9 vlastnosti z fialov\u00e9 rostliny.\",\"breadcrumb\":{\"@id\":\"https:\\\/\\\/naturalpoland.com\\\/cs\\\/produkty\\\/produkty-pro-kosmeticky-prumysl\\\/hydrolaty-cs\\\/hydrolate-from-pure-medicine\\\/#breadcrumb\"},\"inLanguage\":\"cs\",\"potentialAction\":[{\"@type\":\"ReadAction\",\"target\":[\"https:\\\/\\\/naturalpoland.com\\\/cs\\\/produkty\\\/produkty-pro-kosmeticky-prumysl\\\/hydrolaty-cs\\\/hydrolate-from-pure-medicine\\\/\"]}]},{\"@type\":\"ImageObject\",\"inLanguage\":\"cs\",\"@id\":\"https:\\\/\\\/naturalpoland.com\\\/cs\\\/produkty\\\/produkty-pro-kosmeticky-prumysl\\\/hydrolaty-cs\\\/hydrolate-from-pure-medicine\\\/#primaryimage\",\"url\":\"https:\\\/\\\/naturalpoland.com\\\/wp-content\\\/uploads\\\/hydrolat-z-czystka-lekarskiego.webp\",\"contentUrl\":\"https:\\\/\\\/naturalpoland.com\\\/wp-content\\\/uploads\\\/hydrolat-z-czystka-lekarskiego.webp\",\"width\":615,\"height\":615,\"caption\":\"hydrolat z czystka lekarskiego\"},{\"@type\":\"BreadcrumbList\",\"@id\":\"https:\\\/\\\/naturalpoland.com\\\/cs\\\/produkty\\\/produkty-pro-kosmeticky-prumysl\\\/hydrolaty-cs\\\/hydrolate-from-pure-medicine\\\/#breadcrumb\",\"itemListElement\":[{\"@type\":\"ListItem\",\"position\":1,\"name\":\"Dom\u016f\",\"item\":\"https:\\\/\\\/naturalpoland.com\\\/cs\\\/\"},{\"@type\":\"ListItem\",\"position\":2,\"name\":\"Produkty\",\"item\":\"https:\\\/\\\/naturalpoland.com\\\/cs\\\/produkty\\\/\"},{\"@type\":\"ListItem\",\"position\":3,\"name\":\"Hydrol\u00e1t z cistu\"}]},{\"@type\":\"WebSite\",\"@id\":\"https:\\\/\\\/naturalpoland.com\\\/cs\\\/#website\",\"url\":\"https:\\\/\\\/naturalpoland.com\\\/cs\\\/\",\"name\":\"NATURAL POLAND - Velkoobchodn\u00ed distributor surovin\",\"description\":\"Surowce dla przemys\u0142u spo\u017cywczego, kosmetycznego i farmaceutycznego\",\"publisher\":{\"@id\":\"https:\\\/\\\/naturalpoland.com\\\/cs\\\/#organization\"},\"potentialAction\":[{\"@type\":\"SearchAction\",\"target\":{\"@type\":\"EntryPoint\",\"urlTemplate\":\"https:\\\/\\\/naturalpoland.com\\\/cs\\\/?s={search_term_string}\"},\"query-input\":{\"@type\":\"PropertyValueSpecification\",\"valueRequired\":true,\"valueName\":\"search_term_string\"}}],\"inLanguage\":\"cs\"},{\"@type\":\"Organization\",\"@id\":\"https:\\\/\\\/naturalpoland.com\\\/cs\\\/#organization\",\"name\":\"Natural Poland\",\"url\":\"https:\\\/\\\/naturalpoland.com\\\/cs\\\/\",\"logo\":{\"@type\":\"ImageObject\",\"inLanguage\":\"cs\",\"@id\":\"https:\\\/\\\/naturalpoland.com\\\/cs\\\/#\\\/schema\\\/logo\\\/image\\\/\",\"url\":\"https:\\\/\\\/naturalpoland.com\\\/wp-content\\\/uploads\\\/2021\\\/05\\\/natural-poland-icon.png\",\"contentUrl\":\"https:\\\/\\\/naturalpoland.com\\\/wp-content\\\/uploads\\\/2021\\\/05\\\/natural-poland-icon.png\",\"width\":512,\"height\":512,\"caption\":\"Natural Poland\"},\"image\":{\"@id\":\"https:\\\/\\\/naturalpoland.com\\\/cs\\\/#\\\/schema\\\/logo\\\/image\\\/\"},\"sameAs\":[\"https:\\\/\\\/www.facebook.com\\\/naturalpoland.b2b\",\"https:\\\/\\\/pl.linkedin.com\\\/company\\\/natural-poland\",\"https:\\\/\\\/www.youtube.com\\\/channel\\\/UCgeGGkvOMahZo-xu_MSEWxg\"]}]}<\/script>\n<!-- \/ Yoast SEO plugin. -->","yoast_head_json":{"title":"Hydrol\u00e1t z cistu - NATURAL POLAND - Velkoobchodn\u00ed distributor surovin","description":"Hydrol\u00e1t z cistu (extrakt z Cistus Incanus) je vysoce koncentrovan\u00fd vodn\u00fd extrakt, kter\u00fd \u010derp\u00e1 sv\u00e9 vlastnosti z fialov\u00e9 rostliny.","robots":{"index":"index","follow":"follow","max-snippet":"max-snippet:-1","max-image-preview":"max-image-preview:large","max-video-preview":"max-video-preview:-1"},"canonical":"https:\/\/naturalpoland.com\/cs\/produkty\/produkty-pro-kosmeticky-prumysl\/hydrolaty-cs\/hydrolate-from-pure-medicine\/","og_locale":"cs_CZ","og_type":"article","og_title":"Hydrol\u00e1t z cistu - NATURAL POLAND - Velkoobchodn\u00ed distributor surovin","og_description":"Hydrol\u00e1t z cistu (extrakt z Cistus Incanus) je vysoce koncentrovan\u00fd vodn\u00fd extrakt, kter\u00fd \u010derp\u00e1 sv\u00e9 vlastnosti z fialov\u00e9 rostliny.","og_url":"https:\/\/naturalpoland.com\/cs\/produkty\/produkty-pro-kosmeticky-prumysl\/hydrolaty-cs\/hydrolate-from-pure-medicine\/","og_site_name":"NATURAL POLAND - Velkoobchodn\u00ed distributor surovin","article_publisher":"https:\/\/www.facebook.com\/naturalpoland.b2b","article_modified_time":"2025-02-28T13:52:46+00:00","og_image":[{"width":615,"height":615,"url":"https:\/\/naturalpoland.com\/wp-content\/uploads\/hydrolat-z-czystka-lekarskiego.webp","type":"image\/webp"}],"schema":{"@context":"https:\/\/schema.org","@graph":[{"@type":"WebPage","@id":"https:\/\/naturalpoland.com\/cs\/produkty\/produkty-pro-kosmeticky-prumysl\/hydrolaty-cs\/hydrolate-from-pure-medicine\/","url":"https:\/\/naturalpoland.com\/cs\/produkty\/produkty-pro-kosmeticky-prumysl\/hydrolaty-cs\/hydrolate-from-pure-medicine\/","name":"Hydrol\u00e1t z cistu - NATURAL POLAND - Velkoobchodn\u00ed distributor surovin","isPartOf":{"@id":"https:\/\/naturalpoland.com\/cs\/#website"},"primaryImageOfPage":{"@id":"https:\/\/naturalpoland.com\/cs\/produkty\/produkty-pro-kosmeticky-prumysl\/hydrolaty-cs\/hydrolate-from-pure-medicine\/#primaryimage"},"image":{"@id":"https:\/\/naturalpoland.com\/cs\/produkty\/produkty-pro-kosmeticky-prumysl\/hydrolaty-cs\/hydrolate-from-pure-medicine\/#primaryimage"},"thumbnailUrl":"https:\/\/naturalpoland.com\/wp-content\/uploads\/hydrolat-z-czystka-lekarskiego.webp","datePublished":"2024-07-10T08:27:03+00:00","dateModified":"2025-02-28T13:52:46+00:00","description":"Hydrol\u00e1t z cistu (extrakt z Cistus Incanus) je vysoce koncentrovan\u00fd vodn\u00fd extrakt, kter\u00fd \u010derp\u00e1 sv\u00e9 vlastnosti z fialov\u00e9 rostliny.","breadcrumb":{"@id":"https:\/\/naturalpoland.com\/cs\/produkty\/produkty-pro-kosmeticky-prumysl\/hydrolaty-cs\/hydrolate-from-pure-medicine\/#breadcrumb"},"inLanguage":"cs","potentialAction":[{"@type":"ReadAction","target":["https:\/\/naturalpoland.com\/cs\/produkty\/produkty-pro-kosmeticky-prumysl\/hydrolaty-cs\/hydrolate-from-pure-medicine\/"]}]},{"@type":"ImageObject","inLanguage":"cs","@id":"https:\/\/naturalpoland.com\/cs\/produkty\/produkty-pro-kosmeticky-prumysl\/hydrolaty-cs\/hydrolate-from-pure-medicine\/#primaryimage","url":"https:\/\/naturalpoland.com\/wp-content\/uploads\/hydrolat-z-czystka-lekarskiego.webp","contentUrl":"https:\/\/naturalpoland.com\/wp-content\/uploads\/hydrolat-z-czystka-lekarskiego.webp","width":615,"height":615,"caption":"hydrolat z czystka lekarskiego"},{"@type":"BreadcrumbList","@id":"https:\/\/naturalpoland.com\/cs\/produkty\/produkty-pro-kosmeticky-prumysl\/hydrolaty-cs\/hydrolate-from-pure-medicine\/#breadcrumb","itemListElement":[{"@type":"ListItem","position":1,"name":"Dom\u016f","item":"https:\/\/naturalpoland.com\/cs\/"},{"@type":"ListItem","position":2,"name":"Produkty","item":"https:\/\/naturalpoland.com\/cs\/produkty\/"},{"@type":"ListItem","position":3,"name":"Hydrol\u00e1t z cistu"}]},{"@type":"WebSite","@id":"https:\/\/naturalpoland.com\/cs\/#website","url":"https:\/\/naturalpoland.com\/cs\/","name":"NATURAL POLAND - Velkoobchodn\u00ed distributor surovin","description":"Surowce dla przemys\u0142u spo\u017cywczego, kosmetycznego i farmaceutycznego","publisher":{"@id":"https:\/\/naturalpoland.com\/cs\/#organization"},"potentialAction":[{"@type":"SearchAction","target":{"@type":"EntryPoint","urlTemplate":"https:\/\/naturalpoland.com\/cs\/?s={search_term_string}"},"query-input":{"@type":"PropertyValueSpecification","valueRequired":true,"valueName":"search_term_string"}}],"inLanguage":"cs"},{"@type":"Organization","@id":"https:\/\/naturalpoland.com\/cs\/#organization","name":"Natural Poland","url":"https:\/\/naturalpoland.com\/cs\/","logo":{"@type":"ImageObject","inLanguage":"cs","@id":"https:\/\/naturalpoland.com\/cs\/#\/schema\/logo\/image\/","url":"https:\/\/naturalpoland.com\/wp-content\/uploads\/2021\/05\/natural-poland-icon.png","contentUrl":"https:\/\/naturalpoland.com\/wp-content\/uploads\/2021\/05\/natural-poland-icon.png","width":512,"height":512,"caption":"Natural Poland"},"image":{"@id":"https:\/\/naturalpoland.com\/cs\/#\/schema\/logo\/image\/"},"sameAs":["https:\/\/www.facebook.com\/naturalpoland.b2b","https:\/\/pl.linkedin.com\/company\/natural-poland","https:\/\/www.youtube.com\/channel\/UCgeGGkvOMahZo-xu_MSEWxg"]}]}},"_links":{"self":[{"href":"https:\/\/naturalpoland.com\/cs\/wp-json\/wp\/v2\/product\/33463","targetHints":{"allow":["GET"]}}],"collection":[{"href":"https:\/\/naturalpoland.com\/cs\/wp-json\/wp\/v2\/product"}],"about":[{"href":"https:\/\/naturalpoland.com\/cs\/wp-json\/wp\/v2\/types\/product"}],"wp:featuredmedia":[{"embeddable":true,"href":"https:\/\/naturalpoland.com\/cs\/wp-json\/wp\/v2\/media\/33425"}],"wp:attachment":[{"href":"https:\/\/naturalpoland.com\/cs\/wp-json\/wp\/v2\/media?parent=33463"}],"wp:term":[{"taxonomy":"product_brand","embeddable":true,"href":"https:\/\/naturalpoland.com\/cs\/wp-json\/wp\/v2\/product_brand?post=33463"},{"taxonomy":"product_cat","embeddable":true,"href":"https:\/\/naturalpoland.com\/cs\/wp-json\/wp\/v2\/product_cat?post=33463"},{"taxonomy":"product_tag","embeddable":true,"href":"https:\/\/naturalpoland.com\/cs\/wp-json\/wp\/v2\/product_tag?post=33463"}],"curies":[{"name":"wp","href":"https:\/\/api.w.org\/{rel}","templated":true}]}}