{"id":33474,"date":"2024-07-09T13:12:18","date_gmt":"2024-07-10T08:29:20","guid":{"rendered":"https:\/\/naturalpoland.com\/produkty\/neza\u0159azen\u00e9\/vytazek-ze-semen-divoke-ruze\/"},"modified":"2024-07-10T10:29:20","modified_gmt":"2024-07-10T08:29:20","slug":"vytazek-ze-semen-divoke-ruze","status":"publish","type":"product","link":"https:\/\/naturalpoland.com\/cs\/produkty\/rostlinne-vytazky\/vytazek-ze-semen-divoke-ruze\/","title":{"rendered":"Extrakt ze semen \u0161\u00edpku"},"content":{"rendered":"<h2>Extrakt CO2<\/h2>\n<p>Nab\u00edz\u00edme extrakt CO2 z\u00edskan\u00fd modern\u00ed extrak\u010dn\u00ed metodou s pou\u017eit\u00edm oxidu uhli\u010dit\u00e9ho za nadkritick\u00fdch podm\u00ednek. V\u00fdsledkem je produkt s vysokou \u010distotou a koncentrovan\u00fdmi vlastnostmi, kter\u00fd si z\u00e1rove\u0148 zachov\u00e1v\u00e1 plnost p\u0159\u00edrodn\u00edch \u00fa\u010dinn\u00fdch l\u00e1tek rostliny.<\/p>\n<p>Extrakce CO2 je pokro\u010dil\u00e1 technologie, kter\u00e1 umo\u017e\u0148uje izolovat bioaktivn\u00ed slo\u017eky bez pou\u017eit\u00ed vysok\u00fdch teplot nebo chemick\u00fdch rozpou\u0161t\u011bdel, co\u017e zaru\u010duje plnou v\u00fd\u017eivovou hodnotu a \u010derstvost extraktu. Z ka\u017ed\u00fdch 12-15 kg su\u0161en\u00fdch semen se z\u00edsk\u00e1 1 kg tohoto cenn\u00e9ho produktu, co\u017e sv\u011bd\u010d\u00ed o jeho mimo\u0159\u00e1dn\u00e9 koncentraci.<\/p>\n<h2>Vlastnosti \u0161\u00edpkov\u00e9ho extraktu<\/h2>\n<p>Extrakt ze semen \u0161\u00edpku je bohat\u00fd na esenci\u00e1ln\u00ed mastn\u00e9 kyseliny, jako je kyselina linolov\u00e1 (omega-6) a kyselina alfa-linolenov\u00e1 (omega-3), kter\u00e9 jsou kl\u00ed\u010dov\u00e9 pro udr\u017een\u00ed zdrav\u00ed a pru\u017enosti poko\u017eky. Obsahuje tak\u00e9 p\u0159\u00edrodn\u00ed antioxidanty, v\u010detn\u011b vitaminu E a karotenoid\u016f, kter\u00e9 chr\u00e1n\u00ed poko\u017eku p\u0159ed voln\u00fdmi radik\u00e1ly a UV z\u00e1\u0159en\u00edm. P\u0159\u00edtomnost p\u0159\u00edrodn\u00edho rozmar\u00fdnov\u00e9ho extraktu nav\u00edc poskytuje dodate\u010dnou antioxida\u010dn\u00ed ochranu a prodlu\u017euje trvanlivost v\u00fdrobku.<\/p>\n<h2>Aplikace<\/h2>\n<p><strong>Kosmetika<\/strong><\/p>\n<p>Extrakt se hojn\u011b pou\u017e\u00edv\u00e1 v p\u0159\u00edpravc\u00edch p\u00e9\u010de o ple\u0165, zejm\u00e9na v kr\u00e9mech, s\u00e9rech a ple\u0165ov\u00fdch vod\u00e1ch pro suchou, zralou a problematickou ple\u0165. D\u00edky sv\u00fdm regenera\u010dn\u00edm a hydrata\u010dn\u00edm vlastnostem je ide\u00e1ln\u00ed v boji proti vr\u00e1sk\u00e1m, jizv\u00e1m a dal\u0161\u00edm ko\u017en\u00edm probl\u00e9m\u016fm.<\/p>\n<p><strong>Dopl\u0148ky stravy<\/strong><\/p>\n<p>D\u00edky sv\u00fdm zdrav\u00ed prosp\u011b\u0161n\u00fdm vlastnostem se extrakt m\u016f\u017ee pou\u017e\u00edvat tak\u00e9 jako slo\u017eka dopl\u0148k\u016f stravy na podporu zdrav\u00ed poko\u017eky, vlas\u016f a neht\u016f.<\/p>\n","protected":false},"excerpt":{"rendered":"<p>Extrakt ze semen r\u016f\u017ee \u0161\u00edpkov\u00e9<em>(Rosa canina<\/em>) se z\u00edsk\u00e1v\u00e1 ze su\u0161en\u00fdch semen r\u016f\u017ee z ekologick\u00e9ho p\u011bstov\u00e1n\u00ed.<\/p>\n","protected":false},"featured_media":33344,"template":"","meta":{"_acf_changed":false},"product_brand":[],"product_cat":[622],"product_tag":[],"class_list":{"0":"post-33474","1":"product","2":"type-product","3":"status-publish","4":"has-post-thumbnail","6":"product_cat-rostlinne-vytazky","7":"pa_czesc-rosliny-semena","8":"pa_metoda-pozyskiwania-extrakce-co2","10":"first","11":"instock","12":"shipping-taxable","13":"product-type-simple"},"acf":[],"yoast_head":"<!-- This site is optimized with the Yoast SEO plugin v27.4 - https:\/\/yoast.com\/product\/yoast-seo-wordpress\/ -->\n<title>Extrakt ze semen \u0161\u00edpku - NATURAL POLAND - Velkoobchodn\u00ed distributor surovin<\/title>\n<meta name=\"description\" content=\"Extrakt ze semen \u0161\u00edpku v sob\u011b spojuje nejen v\u00fdjime\u010dn\u00e9 \u00fa\u010dinky na poko\u017eku, ale tak\u00e9 z\u00e1vazek k ochran\u011b \u017eivotn\u00edho prost\u0159ed\u00ed a udr\u017eitelnosti.\" \/>\n<meta name=\"robots\" content=\"index, follow, max-snippet:-1, max-image-preview:large, max-video-preview:-1\" \/>\n<link rel=\"canonical\" href=\"https:\/\/naturalpoland.com\/cs\/produkty\/rostlinne-vytazky\/vytazek-ze-semen-divoke-ruze\/\" \/>\n<meta property=\"og:locale\" content=\"cs_CZ\" \/>\n<meta property=\"og:type\" content=\"article\" \/>\n<meta property=\"og:title\" content=\"Extrakt ze semen \u0161\u00edpku - NATURAL POLAND - Velkoobchodn\u00ed distributor surovin\" \/>\n<meta property=\"og:description\" content=\"Extrakt ze semen \u0161\u00edpku v sob\u011b spojuje nejen v\u00fdjime\u010dn\u00e9 \u00fa\u010dinky na poko\u017eku, ale tak\u00e9 z\u00e1vazek k ochran\u011b \u017eivotn\u00edho prost\u0159ed\u00ed a udr\u017eitelnosti.\" \/>\n<meta property=\"og:url\" content=\"https:\/\/naturalpoland.com\/cs\/produkty\/rostlinne-vytazky\/vytazek-ze-semen-divoke-ruze\/\" \/>\n<meta property=\"og:site_name\" content=\"NATURAL POLAND - Velkoobchodn\u00ed distributor surovin\" \/>\n<meta property=\"article:publisher\" content=\"https:\/\/www.facebook.com\/naturalpoland.b2b\" \/>\n<meta property=\"og:image\" content=\"https:\/\/naturalpoland.com\/wp-content\/uploads\/ekstrakt-z-nasion-dzikiej-rozy.webp\" \/>\n\t<meta property=\"og:image:width\" content=\"615\" \/>\n\t<meta property=\"og:image:height\" content=\"615\" \/>\n\t<meta property=\"og:image:type\" content=\"image\/webp\" \/>\n<script type=\"application\/ld+json\" class=\"yoast-schema-graph\">{\"@context\":\"https:\\\/\\\/schema.org\",\"@graph\":[{\"@type\":\"WebPage\",\"@id\":\"https:\\\/\\\/naturalpoland.com\\\/cs\\\/produkty\\\/rostlinne-vytazky\\\/vytazek-ze-semen-divoke-ruze\\\/\",\"url\":\"https:\\\/\\\/naturalpoland.com\\\/cs\\\/produkty\\\/rostlinne-vytazky\\\/vytazek-ze-semen-divoke-ruze\\\/\",\"name\":\"Extrakt ze semen \u0161\u00edpku - NATURAL POLAND - Velkoobchodn\u00ed distributor surovin\",\"isPartOf\":{\"@id\":\"https:\\\/\\\/naturalpoland.com\\\/cs\\\/#website\"},\"primaryImageOfPage\":{\"@id\":\"https:\\\/\\\/naturalpoland.com\\\/cs\\\/produkty\\\/rostlinne-vytazky\\\/vytazek-ze-semen-divoke-ruze\\\/#primaryimage\"},\"image\":{\"@id\":\"https:\\\/\\\/naturalpoland.com\\\/cs\\\/produkty\\\/rostlinne-vytazky\\\/vytazek-ze-semen-divoke-ruze\\\/#primaryimage\"},\"thumbnailUrl\":\"https:\\\/\\\/naturalpoland.com\\\/wp-content\\\/uploads\\\/ekstrakt-z-nasion-dzikiej-rozy.webp\",\"datePublished\":\"2024-07-10T08:29:20+00:00\",\"description\":\"Extrakt ze semen \u0161\u00edpku v sob\u011b spojuje nejen v\u00fdjime\u010dn\u00e9 \u00fa\u010dinky na poko\u017eku, ale tak\u00e9 z\u00e1vazek k ochran\u011b \u017eivotn\u00edho prost\u0159ed\u00ed a udr\u017eitelnosti.\",\"breadcrumb\":{\"@id\":\"https:\\\/\\\/naturalpoland.com\\\/cs\\\/produkty\\\/rostlinne-vytazky\\\/vytazek-ze-semen-divoke-ruze\\\/#breadcrumb\"},\"inLanguage\":\"cs\",\"potentialAction\":[{\"@type\":\"ReadAction\",\"target\":[\"https:\\\/\\\/naturalpoland.com\\\/cs\\\/produkty\\\/rostlinne-vytazky\\\/vytazek-ze-semen-divoke-ruze\\\/\"]}]},{\"@type\":\"ImageObject\",\"inLanguage\":\"cs\",\"@id\":\"https:\\\/\\\/naturalpoland.com\\\/cs\\\/produkty\\\/rostlinne-vytazky\\\/vytazek-ze-semen-divoke-ruze\\\/#primaryimage\",\"url\":\"https:\\\/\\\/naturalpoland.com\\\/wp-content\\\/uploads\\\/ekstrakt-z-nasion-dzikiej-rozy.webp\",\"contentUrl\":\"https:\\\/\\\/naturalpoland.com\\\/wp-content\\\/uploads\\\/ekstrakt-z-nasion-dzikiej-rozy.webp\",\"width\":615,\"height\":615,\"caption\":\"ekstrakt z nasion dzikiej r\u00f3\u017cy\"},{\"@type\":\"BreadcrumbList\",\"@id\":\"https:\\\/\\\/naturalpoland.com\\\/cs\\\/produkty\\\/rostlinne-vytazky\\\/vytazek-ze-semen-divoke-ruze\\\/#breadcrumb\",\"itemListElement\":[{\"@type\":\"ListItem\",\"position\":1,\"name\":\"Dom\u016f\",\"item\":\"https:\\\/\\\/naturalpoland.com\\\/cs\\\/\"},{\"@type\":\"ListItem\",\"position\":2,\"name\":\"Produkty\",\"item\":\"https:\\\/\\\/naturalpoland.com\\\/cs\\\/produkty\\\/\"},{\"@type\":\"ListItem\",\"position\":3,\"name\":\"Extrakt ze semen \u0161\u00edpku\"}]},{\"@type\":\"WebSite\",\"@id\":\"https:\\\/\\\/naturalpoland.com\\\/cs\\\/#website\",\"url\":\"https:\\\/\\\/naturalpoland.com\\\/cs\\\/\",\"name\":\"NATURAL POLAND - Velkoobchodn\u00ed distributor surovin\",\"description\":\"Surowce dla przemys\u0142u spo\u017cywczego, kosmetycznego i farmaceutycznego\",\"publisher\":{\"@id\":\"https:\\\/\\\/naturalpoland.com\\\/cs\\\/#organization\"},\"potentialAction\":[{\"@type\":\"SearchAction\",\"target\":{\"@type\":\"EntryPoint\",\"urlTemplate\":\"https:\\\/\\\/naturalpoland.com\\\/cs\\\/?s={search_term_string}\"},\"query-input\":{\"@type\":\"PropertyValueSpecification\",\"valueRequired\":true,\"valueName\":\"search_term_string\"}}],\"inLanguage\":\"cs\"},{\"@type\":\"Organization\",\"@id\":\"https:\\\/\\\/naturalpoland.com\\\/cs\\\/#organization\",\"name\":\"Natural Poland\",\"url\":\"https:\\\/\\\/naturalpoland.com\\\/cs\\\/\",\"logo\":{\"@type\":\"ImageObject\",\"inLanguage\":\"cs\",\"@id\":\"https:\\\/\\\/naturalpoland.com\\\/cs\\\/#\\\/schema\\\/logo\\\/image\\\/\",\"url\":\"https:\\\/\\\/naturalpoland.com\\\/wp-content\\\/uploads\\\/2021\\\/05\\\/natural-poland-icon.png\",\"contentUrl\":\"https:\\\/\\\/naturalpoland.com\\\/wp-content\\\/uploads\\\/2021\\\/05\\\/natural-poland-icon.png\",\"width\":512,\"height\":512,\"caption\":\"Natural Poland\"},\"image\":{\"@id\":\"https:\\\/\\\/naturalpoland.com\\\/cs\\\/#\\\/schema\\\/logo\\\/image\\\/\"},\"sameAs\":[\"https:\\\/\\\/www.facebook.com\\\/naturalpoland.b2b\",\"https:\\\/\\\/pl.linkedin.com\\\/company\\\/natural-poland\",\"https:\\\/\\\/www.youtube.com\\\/channel\\\/UCgeGGkvOMahZo-xu_MSEWxg\"]}]}<\/script>\n<!-- \/ Yoast SEO plugin. -->","yoast_head_json":{"title":"Extrakt ze semen \u0161\u00edpku - NATURAL POLAND - Velkoobchodn\u00ed distributor surovin","description":"Extrakt ze semen \u0161\u00edpku v sob\u011b spojuje nejen v\u00fdjime\u010dn\u00e9 \u00fa\u010dinky na poko\u017eku, ale tak\u00e9 z\u00e1vazek k ochran\u011b \u017eivotn\u00edho prost\u0159ed\u00ed a udr\u017eitelnosti.","robots":{"index":"index","follow":"follow","max-snippet":"max-snippet:-1","max-image-preview":"max-image-preview:large","max-video-preview":"max-video-preview:-1"},"canonical":"https:\/\/naturalpoland.com\/cs\/produkty\/rostlinne-vytazky\/vytazek-ze-semen-divoke-ruze\/","og_locale":"cs_CZ","og_type":"article","og_title":"Extrakt ze semen \u0161\u00edpku - NATURAL POLAND - Velkoobchodn\u00ed distributor surovin","og_description":"Extrakt ze semen \u0161\u00edpku v sob\u011b spojuje nejen v\u00fdjime\u010dn\u00e9 \u00fa\u010dinky na poko\u017eku, ale tak\u00e9 z\u00e1vazek k ochran\u011b \u017eivotn\u00edho prost\u0159ed\u00ed a udr\u017eitelnosti.","og_url":"https:\/\/naturalpoland.com\/cs\/produkty\/rostlinne-vytazky\/vytazek-ze-semen-divoke-ruze\/","og_site_name":"NATURAL POLAND - Velkoobchodn\u00ed distributor surovin","article_publisher":"https:\/\/www.facebook.com\/naturalpoland.b2b","og_image":[{"width":615,"height":615,"url":"https:\/\/naturalpoland.com\/wp-content\/uploads\/ekstrakt-z-nasion-dzikiej-rozy.webp","type":"image\/webp"}],"schema":{"@context":"https:\/\/schema.org","@graph":[{"@type":"WebPage","@id":"https:\/\/naturalpoland.com\/cs\/produkty\/rostlinne-vytazky\/vytazek-ze-semen-divoke-ruze\/","url":"https:\/\/naturalpoland.com\/cs\/produkty\/rostlinne-vytazky\/vytazek-ze-semen-divoke-ruze\/","name":"Extrakt ze semen \u0161\u00edpku - NATURAL POLAND - Velkoobchodn\u00ed distributor surovin","isPartOf":{"@id":"https:\/\/naturalpoland.com\/cs\/#website"},"primaryImageOfPage":{"@id":"https:\/\/naturalpoland.com\/cs\/produkty\/rostlinne-vytazky\/vytazek-ze-semen-divoke-ruze\/#primaryimage"},"image":{"@id":"https:\/\/naturalpoland.com\/cs\/produkty\/rostlinne-vytazky\/vytazek-ze-semen-divoke-ruze\/#primaryimage"},"thumbnailUrl":"https:\/\/naturalpoland.com\/wp-content\/uploads\/ekstrakt-z-nasion-dzikiej-rozy.webp","datePublished":"2024-07-10T08:29:20+00:00","description":"Extrakt ze semen \u0161\u00edpku v sob\u011b spojuje nejen v\u00fdjime\u010dn\u00e9 \u00fa\u010dinky na poko\u017eku, ale tak\u00e9 z\u00e1vazek k ochran\u011b \u017eivotn\u00edho prost\u0159ed\u00ed a udr\u017eitelnosti.","breadcrumb":{"@id":"https:\/\/naturalpoland.com\/cs\/produkty\/rostlinne-vytazky\/vytazek-ze-semen-divoke-ruze\/#breadcrumb"},"inLanguage":"cs","potentialAction":[{"@type":"ReadAction","target":["https:\/\/naturalpoland.com\/cs\/produkty\/rostlinne-vytazky\/vytazek-ze-semen-divoke-ruze\/"]}]},{"@type":"ImageObject","inLanguage":"cs","@id":"https:\/\/naturalpoland.com\/cs\/produkty\/rostlinne-vytazky\/vytazek-ze-semen-divoke-ruze\/#primaryimage","url":"https:\/\/naturalpoland.com\/wp-content\/uploads\/ekstrakt-z-nasion-dzikiej-rozy.webp","contentUrl":"https:\/\/naturalpoland.com\/wp-content\/uploads\/ekstrakt-z-nasion-dzikiej-rozy.webp","width":615,"height":615,"caption":"ekstrakt z nasion dzikiej r\u00f3\u017cy"},{"@type":"BreadcrumbList","@id":"https:\/\/naturalpoland.com\/cs\/produkty\/rostlinne-vytazky\/vytazek-ze-semen-divoke-ruze\/#breadcrumb","itemListElement":[{"@type":"ListItem","position":1,"name":"Dom\u016f","item":"https:\/\/naturalpoland.com\/cs\/"},{"@type":"ListItem","position":2,"name":"Produkty","item":"https:\/\/naturalpoland.com\/cs\/produkty\/"},{"@type":"ListItem","position":3,"name":"Extrakt ze semen \u0161\u00edpku"}]},{"@type":"WebSite","@id":"https:\/\/naturalpoland.com\/cs\/#website","url":"https:\/\/naturalpoland.com\/cs\/","name":"NATURAL POLAND - Velkoobchodn\u00ed distributor surovin","description":"Surowce dla przemys\u0142u spo\u017cywczego, kosmetycznego i farmaceutycznego","publisher":{"@id":"https:\/\/naturalpoland.com\/cs\/#organization"},"potentialAction":[{"@type":"SearchAction","target":{"@type":"EntryPoint","urlTemplate":"https:\/\/naturalpoland.com\/cs\/?s={search_term_string}"},"query-input":{"@type":"PropertyValueSpecification","valueRequired":true,"valueName":"search_term_string"}}],"inLanguage":"cs"},{"@type":"Organization","@id":"https:\/\/naturalpoland.com\/cs\/#organization","name":"Natural Poland","url":"https:\/\/naturalpoland.com\/cs\/","logo":{"@type":"ImageObject","inLanguage":"cs","@id":"https:\/\/naturalpoland.com\/cs\/#\/schema\/logo\/image\/","url":"https:\/\/naturalpoland.com\/wp-content\/uploads\/2021\/05\/natural-poland-icon.png","contentUrl":"https:\/\/naturalpoland.com\/wp-content\/uploads\/2021\/05\/natural-poland-icon.png","width":512,"height":512,"caption":"Natural Poland"},"image":{"@id":"https:\/\/naturalpoland.com\/cs\/#\/schema\/logo\/image\/"},"sameAs":["https:\/\/www.facebook.com\/naturalpoland.b2b","https:\/\/pl.linkedin.com\/company\/natural-poland","https:\/\/www.youtube.com\/channel\/UCgeGGkvOMahZo-xu_MSEWxg"]}]}},"_links":{"self":[{"href":"https:\/\/naturalpoland.com\/cs\/wp-json\/wp\/v2\/product\/33474","targetHints":{"allow":["GET"]}}],"collection":[{"href":"https:\/\/naturalpoland.com\/cs\/wp-json\/wp\/v2\/product"}],"about":[{"href":"https:\/\/naturalpoland.com\/cs\/wp-json\/wp\/v2\/types\/product"}],"wp:featuredmedia":[{"embeddable":true,"href":"https:\/\/naturalpoland.com\/cs\/wp-json\/wp\/v2\/media\/33344"}],"wp:attachment":[{"href":"https:\/\/naturalpoland.com\/cs\/wp-json\/wp\/v2\/media?parent=33474"}],"wp:term":[{"taxonomy":"product_brand","embeddable":true,"href":"https:\/\/naturalpoland.com\/cs\/wp-json\/wp\/v2\/product_brand?post=33474"},{"taxonomy":"product_cat","embeddable":true,"href":"https:\/\/naturalpoland.com\/cs\/wp-json\/wp\/v2\/product_cat?post=33474"},{"taxonomy":"product_tag","embeddable":true,"href":"https:\/\/naturalpoland.com\/cs\/wp-json\/wp\/v2\/product_tag?post=33474"}],"curies":[{"name":"wp","href":"https:\/\/api.w.org\/{rel}","templated":true}]}}