{"id":33486,"date":"2024-07-09T13:28:18","date_gmt":"2024-07-10T08:29:36","guid":{"rendered":"https:\/\/naturalpoland.com\/produkty\/neza\u0159azen\u00e9\/extrakt-ze-semen-rakytniku-resetlakoveho\/"},"modified":"2024-07-10T10:29:36","modified_gmt":"2024-07-10T08:29:36","slug":"extrakt-ze-semen-rakytniku-resetlakoveho","status":"publish","type":"product","link":"https:\/\/naturalpoland.com\/cs\/produkty\/rostlinne-vytazky\/extrakt-ze-semen-rakytniku-resetlakoveho\/","title":{"rendered":"Extrakt ze semen rakytn\u00edku \u0159e\u0161etl\u00e1kov\u00e9ho"},"content":{"rendered":"<h2>Extrakt CO2<\/h2>\n<p>Nab\u00edz\u00edme organick\u00fd extrakt ze semen rakytn\u00edku \u0159e\u0161etl\u00e1kov\u00e9ho CO2. Technika superkritick\u00e9 extrakce CO2 umo\u017e\u0148uje z\u00edskat vysoce koncentrovan\u00e9 extrakty bez pou\u017eit\u00ed tradi\u010dn\u00edch rozpou\u0161t\u011bdel. Tento proces zaru\u010duje \u010distotu a maxim\u00e1ln\u00ed aktivitu bioaktivn\u00edch slo\u017eek rakytn\u00edku \u0159e\u0161etl\u00e1kov\u00e9ho. K z\u00edsk\u00e1n\u00ed 1 kg extraktu je zapot\u0159eb\u00ed 11 a\u017e 17 kg su\u0161en\u00fdch semen, co\u017e ukazuje na intenzitu a hodnotu produktu.<\/p>\n<h2>Vlastnosti extraktu<\/h2>\n<p>Rakytn\u00edkov\u00fd extrakt obsahuje vysok\u00e9 procento mastn\u00fdch kyselin, jako jsou:<\/p>\n<ul>\n<li>Linolov\u00e1 (omega-6) &#8211; 40,7 %<\/li>\n<li>Kyselina alfa-linolenov\u00e1 (omega-3) &#8211; 28,4 %<\/li>\n<li>Oleinov\u00e1 (omega-9) &#8211; 18,1 %<\/li>\n<\/ul>\n<p>Tyto mastn\u00e9 kyseliny jsou kl\u00ed\u010dov\u00e9 pro udr\u017eov\u00e1n\u00ed ko\u017en\u00ed bari\u00e9ry, regulaci hydratace a pru\u017enosti. Krom\u011b toho extrakt obsahuje tokoferoly (vitamin E) a <a href=\"https:\/\/naturalpoland.com\/artykuly\/produkty-naturalne\/karotenoidy-skladniki-ktore-nadaja-olejowi-z-rokitnika-jego-charakterystyczny-blysk\/\">karotenoidy<\/a>, kter\u00e9 maj\u00ed siln\u00e9 antioxida\u010dn\u00ed vlastnosti a chr\u00e1n\u00ed poko\u017eku p\u0159ed p\u0159ed\u010dasn\u00fdm st\u00e1rnut\u00edm.<\/p>\n<h2>Kosmetick\u00e9 aplikace<\/h2>\n<p>D\u00edky sv\u00fdm regenera\u010dn\u00edm a vy\u017eivuj\u00edc\u00edm vlastnostem je v\u00fdta\u017eek ze semen rakytn\u00edku ide\u00e1ln\u00ed slo\u017ekou kr\u00e9m\u016f, s\u00e9r a ple\u0165ov\u00fdch vod pro suchou, zralou a po\u0161kozenou ple\u0165. Pom\u00e1h\u00e1 redukovat vr\u00e1sky, zlep\u0161uje pevnost poko\u017eky a podporuje hojen\u00ed drobn\u00fdch ran a podr\u00e1\u017ed\u011bn\u00ed.<\/p>\n<h2>Pou\u017eit\u00ed p\u0159i dopl\u0148ov\u00e1n\u00ed<\/h2>\n<p>Jako dopln\u011bk stravy m\u016f\u017ee extrakt z rakytn\u00edku \u0159e\u0161etl\u00e1kov\u00e9ho podpo\u0159it zdrav\u00ed kardiovaskul\u00e1rn\u00edho syst\u00e9mu, pos\u00edlit imunitn\u00ed syst\u00e9m a zlep\u0161it celkov\u00fd stav poko\u017eky, vlas\u016f a neht\u016f d\u00edky sv\u00fdm protiz\u00e1n\u011btliv\u00fdm a regenera\u010dn\u00edm vlastnostem.<\/p>\n<p>&nbsp;<\/p>\n","protected":false},"excerpt":{"rendered":"<p>Extrakt ze semen rakytn\u00edku \u0159e\u0161etl\u00e1kov\u00e9ho se z\u00edsk\u00e1v\u00e1 ze su\u0161en\u00fdch semen rakytn\u00edku \u0159e\u0161etl\u00e1kov\u00e9ho<em>(Hippophae rhamnoides)<\/em>. Je zn\u00e1m\u00fd vysok\u00fdm obsahem esenci\u00e1ln\u00edch mastn\u00fdch kyselin, antioxidant\u016f a dal\u0161\u00edch bioaktivn\u00edch l\u00e1tek.<\/p>\n","protected":false},"featured_media":33357,"template":"","meta":{"_acf_changed":false},"product_brand":[],"product_cat":[622],"product_tag":[],"class_list":{"0":"post-33486","1":"product","2":"type-product","3":"status-publish","4":"has-post-thumbnail","6":"product_cat-rostlinne-vytazky","8":"first","9":"instock","10":"shipping-taxable","11":"product-type-simple"},"acf":[],"yoast_head":"<!-- This site is optimized with the Yoast SEO plugin v27.4 - https:\/\/yoast.com\/product\/yoast-seo-wordpress\/ -->\n<title>Extrakt ze semen rakytn\u00edku \u0159e\u0161etl\u00e1kov\u00e9ho - NATURAL POLAND - Velkoobchodn\u00ed distributor surovin<\/title>\n<meta name=\"description\" content=\"V\u00fdta\u017eek ze semen rakytn\u00edku \u0159e\u0161etl\u00e1kov\u00e9ho je mimo\u0159\u00e1dn\u011b bohat\u00fdm zdrojem p\u0159\u00edrodn\u00edch \u017eivin, kter\u00e9 maj\u00ed v\u00fdznamn\u00fd p\u0159\u00ednos pro zdrav\u00ed a kr\u00e1su.\" \/>\n<meta name=\"robots\" content=\"index, follow, max-snippet:-1, max-image-preview:large, max-video-preview:-1\" \/>\n<link rel=\"canonical\" href=\"https:\/\/naturalpoland.com\/cs\/produkty\/rostlinne-vytazky\/extrakt-ze-semen-rakytniku-resetlakoveho\/\" \/>\n<meta property=\"og:locale\" content=\"cs_CZ\" \/>\n<meta property=\"og:type\" content=\"article\" \/>\n<meta property=\"og:title\" content=\"Extrakt ze semen rakytn\u00edku \u0159e\u0161etl\u00e1kov\u00e9ho - NATURAL POLAND - Velkoobchodn\u00ed distributor surovin\" \/>\n<meta property=\"og:description\" content=\"V\u00fdta\u017eek ze semen rakytn\u00edku \u0159e\u0161etl\u00e1kov\u00e9ho je mimo\u0159\u00e1dn\u011b bohat\u00fdm zdrojem p\u0159\u00edrodn\u00edch \u017eivin, kter\u00e9 maj\u00ed v\u00fdznamn\u00fd p\u0159\u00ednos pro zdrav\u00ed a kr\u00e1su.\" \/>\n<meta property=\"og:url\" content=\"https:\/\/naturalpoland.com\/cs\/produkty\/rostlinne-vytazky\/extrakt-ze-semen-rakytniku-resetlakoveho\/\" \/>\n<meta property=\"og:site_name\" content=\"NATURAL POLAND - Velkoobchodn\u00ed distributor surovin\" \/>\n<meta property=\"article:publisher\" content=\"https:\/\/www.facebook.com\/naturalpoland.b2b\" \/>\n<meta property=\"og:image\" content=\"https:\/\/naturalpoland.com\/wp-content\/uploads\/ekstrakt-z-rokitnika.webp\" \/>\n\t<meta property=\"og:image:width\" content=\"615\" \/>\n\t<meta property=\"og:image:height\" content=\"615\" \/>\n\t<meta property=\"og:image:type\" content=\"image\/webp\" \/>\n<script type=\"application\/ld+json\" class=\"yoast-schema-graph\">{\"@context\":\"https:\\\/\\\/schema.org\",\"@graph\":[{\"@type\":\"WebPage\",\"@id\":\"https:\\\/\\\/naturalpoland.com\\\/cs\\\/produkty\\\/rostlinne-vytazky\\\/extrakt-ze-semen-rakytniku-resetlakoveho\\\/\",\"url\":\"https:\\\/\\\/naturalpoland.com\\\/cs\\\/produkty\\\/rostlinne-vytazky\\\/extrakt-ze-semen-rakytniku-resetlakoveho\\\/\",\"name\":\"Extrakt ze semen rakytn\u00edku \u0159e\u0161etl\u00e1kov\u00e9ho - NATURAL POLAND - Velkoobchodn\u00ed distributor surovin\",\"isPartOf\":{\"@id\":\"https:\\\/\\\/naturalpoland.com\\\/cs\\\/#website\"},\"primaryImageOfPage\":{\"@id\":\"https:\\\/\\\/naturalpoland.com\\\/cs\\\/produkty\\\/rostlinne-vytazky\\\/extrakt-ze-semen-rakytniku-resetlakoveho\\\/#primaryimage\"},\"image\":{\"@id\":\"https:\\\/\\\/naturalpoland.com\\\/cs\\\/produkty\\\/rostlinne-vytazky\\\/extrakt-ze-semen-rakytniku-resetlakoveho\\\/#primaryimage\"},\"thumbnailUrl\":\"https:\\\/\\\/naturalpoland.com\\\/wp-content\\\/uploads\\\/ekstrakt-z-rokitnika.webp\",\"datePublished\":\"2024-07-10T08:29:36+00:00\",\"description\":\"V\u00fdta\u017eek ze semen rakytn\u00edku \u0159e\u0161etl\u00e1kov\u00e9ho je mimo\u0159\u00e1dn\u011b bohat\u00fdm zdrojem p\u0159\u00edrodn\u00edch \u017eivin, kter\u00e9 maj\u00ed v\u00fdznamn\u00fd p\u0159\u00ednos pro zdrav\u00ed a kr\u00e1su.\",\"breadcrumb\":{\"@id\":\"https:\\\/\\\/naturalpoland.com\\\/cs\\\/produkty\\\/rostlinne-vytazky\\\/extrakt-ze-semen-rakytniku-resetlakoveho\\\/#breadcrumb\"},\"inLanguage\":\"cs\",\"potentialAction\":[{\"@type\":\"ReadAction\",\"target\":[\"https:\\\/\\\/naturalpoland.com\\\/cs\\\/produkty\\\/rostlinne-vytazky\\\/extrakt-ze-semen-rakytniku-resetlakoveho\\\/\"]}]},{\"@type\":\"ImageObject\",\"inLanguage\":\"cs\",\"@id\":\"https:\\\/\\\/naturalpoland.com\\\/cs\\\/produkty\\\/rostlinne-vytazky\\\/extrakt-ze-semen-rakytniku-resetlakoveho\\\/#primaryimage\",\"url\":\"https:\\\/\\\/naturalpoland.com\\\/wp-content\\\/uploads\\\/ekstrakt-z-rokitnika.webp\",\"contentUrl\":\"https:\\\/\\\/naturalpoland.com\\\/wp-content\\\/uploads\\\/ekstrakt-z-rokitnika.webp\",\"width\":615,\"height\":615,\"caption\":\"ekstrakt z rokitnika\"},{\"@type\":\"BreadcrumbList\",\"@id\":\"https:\\\/\\\/naturalpoland.com\\\/cs\\\/produkty\\\/rostlinne-vytazky\\\/extrakt-ze-semen-rakytniku-resetlakoveho\\\/#breadcrumb\",\"itemListElement\":[{\"@type\":\"ListItem\",\"position\":1,\"name\":\"Dom\u016f\",\"item\":\"https:\\\/\\\/naturalpoland.com\\\/cs\\\/\"},{\"@type\":\"ListItem\",\"position\":2,\"name\":\"Produkty\",\"item\":\"https:\\\/\\\/naturalpoland.com\\\/cs\\\/produkty\\\/\"},{\"@type\":\"ListItem\",\"position\":3,\"name\":\"Extrakt ze semen rakytn\u00edku \u0159e\u0161etl\u00e1kov\u00e9ho\"}]},{\"@type\":\"WebSite\",\"@id\":\"https:\\\/\\\/naturalpoland.com\\\/cs\\\/#website\",\"url\":\"https:\\\/\\\/naturalpoland.com\\\/cs\\\/\",\"name\":\"NATURAL POLAND - Velkoobchodn\u00ed distributor surovin\",\"description\":\"Surowce dla przemys\u0142u spo\u017cywczego, kosmetycznego i farmaceutycznego\",\"publisher\":{\"@id\":\"https:\\\/\\\/naturalpoland.com\\\/cs\\\/#organization\"},\"potentialAction\":[{\"@type\":\"SearchAction\",\"target\":{\"@type\":\"EntryPoint\",\"urlTemplate\":\"https:\\\/\\\/naturalpoland.com\\\/cs\\\/?s={search_term_string}\"},\"query-input\":{\"@type\":\"PropertyValueSpecification\",\"valueRequired\":true,\"valueName\":\"search_term_string\"}}],\"inLanguage\":\"cs\"},{\"@type\":\"Organization\",\"@id\":\"https:\\\/\\\/naturalpoland.com\\\/cs\\\/#organization\",\"name\":\"Natural Poland\",\"url\":\"https:\\\/\\\/naturalpoland.com\\\/cs\\\/\",\"logo\":{\"@type\":\"ImageObject\",\"inLanguage\":\"cs\",\"@id\":\"https:\\\/\\\/naturalpoland.com\\\/cs\\\/#\\\/schema\\\/logo\\\/image\\\/\",\"url\":\"https:\\\/\\\/naturalpoland.com\\\/wp-content\\\/uploads\\\/2021\\\/05\\\/natural-poland-icon.png\",\"contentUrl\":\"https:\\\/\\\/naturalpoland.com\\\/wp-content\\\/uploads\\\/2021\\\/05\\\/natural-poland-icon.png\",\"width\":512,\"height\":512,\"caption\":\"Natural Poland\"},\"image\":{\"@id\":\"https:\\\/\\\/naturalpoland.com\\\/cs\\\/#\\\/schema\\\/logo\\\/image\\\/\"},\"sameAs\":[\"https:\\\/\\\/www.facebook.com\\\/naturalpoland.b2b\",\"https:\\\/\\\/pl.linkedin.com\\\/company\\\/natural-poland\",\"https:\\\/\\\/www.youtube.com\\\/channel\\\/UCgeGGkvOMahZo-xu_MSEWxg\"]}]}<\/script>\n<!-- \/ Yoast SEO plugin. -->","yoast_head_json":{"title":"Extrakt ze semen rakytn\u00edku \u0159e\u0161etl\u00e1kov\u00e9ho - NATURAL POLAND - Velkoobchodn\u00ed distributor surovin","description":"V\u00fdta\u017eek ze semen rakytn\u00edku \u0159e\u0161etl\u00e1kov\u00e9ho je mimo\u0159\u00e1dn\u011b bohat\u00fdm zdrojem p\u0159\u00edrodn\u00edch \u017eivin, kter\u00e9 maj\u00ed v\u00fdznamn\u00fd p\u0159\u00ednos pro zdrav\u00ed a kr\u00e1su.","robots":{"index":"index","follow":"follow","max-snippet":"max-snippet:-1","max-image-preview":"max-image-preview:large","max-video-preview":"max-video-preview:-1"},"canonical":"https:\/\/naturalpoland.com\/cs\/produkty\/rostlinne-vytazky\/extrakt-ze-semen-rakytniku-resetlakoveho\/","og_locale":"cs_CZ","og_type":"article","og_title":"Extrakt ze semen rakytn\u00edku \u0159e\u0161etl\u00e1kov\u00e9ho - NATURAL POLAND - Velkoobchodn\u00ed distributor surovin","og_description":"V\u00fdta\u017eek ze semen rakytn\u00edku \u0159e\u0161etl\u00e1kov\u00e9ho je mimo\u0159\u00e1dn\u011b bohat\u00fdm zdrojem p\u0159\u00edrodn\u00edch \u017eivin, kter\u00e9 maj\u00ed v\u00fdznamn\u00fd p\u0159\u00ednos pro zdrav\u00ed a kr\u00e1su.","og_url":"https:\/\/naturalpoland.com\/cs\/produkty\/rostlinne-vytazky\/extrakt-ze-semen-rakytniku-resetlakoveho\/","og_site_name":"NATURAL POLAND - Velkoobchodn\u00ed distributor surovin","article_publisher":"https:\/\/www.facebook.com\/naturalpoland.b2b","og_image":[{"width":615,"height":615,"url":"https:\/\/naturalpoland.com\/wp-content\/uploads\/ekstrakt-z-rokitnika.webp","type":"image\/webp"}],"schema":{"@context":"https:\/\/schema.org","@graph":[{"@type":"WebPage","@id":"https:\/\/naturalpoland.com\/cs\/produkty\/rostlinne-vytazky\/extrakt-ze-semen-rakytniku-resetlakoveho\/","url":"https:\/\/naturalpoland.com\/cs\/produkty\/rostlinne-vytazky\/extrakt-ze-semen-rakytniku-resetlakoveho\/","name":"Extrakt ze semen rakytn\u00edku \u0159e\u0161etl\u00e1kov\u00e9ho - NATURAL POLAND - Velkoobchodn\u00ed distributor surovin","isPartOf":{"@id":"https:\/\/naturalpoland.com\/cs\/#website"},"primaryImageOfPage":{"@id":"https:\/\/naturalpoland.com\/cs\/produkty\/rostlinne-vytazky\/extrakt-ze-semen-rakytniku-resetlakoveho\/#primaryimage"},"image":{"@id":"https:\/\/naturalpoland.com\/cs\/produkty\/rostlinne-vytazky\/extrakt-ze-semen-rakytniku-resetlakoveho\/#primaryimage"},"thumbnailUrl":"https:\/\/naturalpoland.com\/wp-content\/uploads\/ekstrakt-z-rokitnika.webp","datePublished":"2024-07-10T08:29:36+00:00","description":"V\u00fdta\u017eek ze semen rakytn\u00edku \u0159e\u0161etl\u00e1kov\u00e9ho je mimo\u0159\u00e1dn\u011b bohat\u00fdm zdrojem p\u0159\u00edrodn\u00edch \u017eivin, kter\u00e9 maj\u00ed v\u00fdznamn\u00fd p\u0159\u00ednos pro zdrav\u00ed a kr\u00e1su.","breadcrumb":{"@id":"https:\/\/naturalpoland.com\/cs\/produkty\/rostlinne-vytazky\/extrakt-ze-semen-rakytniku-resetlakoveho\/#breadcrumb"},"inLanguage":"cs","potentialAction":[{"@type":"ReadAction","target":["https:\/\/naturalpoland.com\/cs\/produkty\/rostlinne-vytazky\/extrakt-ze-semen-rakytniku-resetlakoveho\/"]}]},{"@type":"ImageObject","inLanguage":"cs","@id":"https:\/\/naturalpoland.com\/cs\/produkty\/rostlinne-vytazky\/extrakt-ze-semen-rakytniku-resetlakoveho\/#primaryimage","url":"https:\/\/naturalpoland.com\/wp-content\/uploads\/ekstrakt-z-rokitnika.webp","contentUrl":"https:\/\/naturalpoland.com\/wp-content\/uploads\/ekstrakt-z-rokitnika.webp","width":615,"height":615,"caption":"ekstrakt z rokitnika"},{"@type":"BreadcrumbList","@id":"https:\/\/naturalpoland.com\/cs\/produkty\/rostlinne-vytazky\/extrakt-ze-semen-rakytniku-resetlakoveho\/#breadcrumb","itemListElement":[{"@type":"ListItem","position":1,"name":"Dom\u016f","item":"https:\/\/naturalpoland.com\/cs\/"},{"@type":"ListItem","position":2,"name":"Produkty","item":"https:\/\/naturalpoland.com\/cs\/produkty\/"},{"@type":"ListItem","position":3,"name":"Extrakt ze semen rakytn\u00edku \u0159e\u0161etl\u00e1kov\u00e9ho"}]},{"@type":"WebSite","@id":"https:\/\/naturalpoland.com\/cs\/#website","url":"https:\/\/naturalpoland.com\/cs\/","name":"NATURAL POLAND - Velkoobchodn\u00ed distributor surovin","description":"Surowce dla przemys\u0142u spo\u017cywczego, kosmetycznego i farmaceutycznego","publisher":{"@id":"https:\/\/naturalpoland.com\/cs\/#organization"},"potentialAction":[{"@type":"SearchAction","target":{"@type":"EntryPoint","urlTemplate":"https:\/\/naturalpoland.com\/cs\/?s={search_term_string}"},"query-input":{"@type":"PropertyValueSpecification","valueRequired":true,"valueName":"search_term_string"}}],"inLanguage":"cs"},{"@type":"Organization","@id":"https:\/\/naturalpoland.com\/cs\/#organization","name":"Natural Poland","url":"https:\/\/naturalpoland.com\/cs\/","logo":{"@type":"ImageObject","inLanguage":"cs","@id":"https:\/\/naturalpoland.com\/cs\/#\/schema\/logo\/image\/","url":"https:\/\/naturalpoland.com\/wp-content\/uploads\/2021\/05\/natural-poland-icon.png","contentUrl":"https:\/\/naturalpoland.com\/wp-content\/uploads\/2021\/05\/natural-poland-icon.png","width":512,"height":512,"caption":"Natural Poland"},"image":{"@id":"https:\/\/naturalpoland.com\/cs\/#\/schema\/logo\/image\/"},"sameAs":["https:\/\/www.facebook.com\/naturalpoland.b2b","https:\/\/pl.linkedin.com\/company\/natural-poland","https:\/\/www.youtube.com\/channel\/UCgeGGkvOMahZo-xu_MSEWxg"]}]}},"_links":{"self":[{"href":"https:\/\/naturalpoland.com\/cs\/wp-json\/wp\/v2\/product\/33486","targetHints":{"allow":["GET"]}}],"collection":[{"href":"https:\/\/naturalpoland.com\/cs\/wp-json\/wp\/v2\/product"}],"about":[{"href":"https:\/\/naturalpoland.com\/cs\/wp-json\/wp\/v2\/types\/product"}],"wp:featuredmedia":[{"embeddable":true,"href":"https:\/\/naturalpoland.com\/cs\/wp-json\/wp\/v2\/media\/33357"}],"wp:attachment":[{"href":"https:\/\/naturalpoland.com\/cs\/wp-json\/wp\/v2\/media?parent=33486"}],"wp:term":[{"taxonomy":"product_brand","embeddable":true,"href":"https:\/\/naturalpoland.com\/cs\/wp-json\/wp\/v2\/product_brand?post=33486"},{"taxonomy":"product_cat","embeddable":true,"href":"https:\/\/naturalpoland.com\/cs\/wp-json\/wp\/v2\/product_cat?post=33486"},{"taxonomy":"product_tag","embeddable":true,"href":"https:\/\/naturalpoland.com\/cs\/wp-json\/wp\/v2\/product_tag?post=33486"}],"curies":[{"name":"wp","href":"https:\/\/api.w.org\/{rel}","templated":true}]}}