{"id":33530,"date":"2024-07-09T12:51:45","date_gmt":"2024-07-10T08:33:52","guid":{"rendered":"https:\/\/naturalpoland.com\/produkty\/neza\u0159azen\u00e9\/ground-morelli-pestle\/"},"modified":"2024-07-10T10:33:52","modified_gmt":"2024-07-10T08:33:52","slug":"ground-morelli-pestle","status":"publish","type":"product","link":"https:\/\/naturalpoland.com\/cs\/produkty\/produkty-pro-potravinarsky-prumysl\/rostlinne-bilkoviny\/ground-morelli-pestle\/","title":{"rendered":"Mlet\u00e1 meru\u0148kov\u00e1 j\u00e1dra"},"content":{"rendered":"<p>Mlet\u00e1 meru\u0148kov\u00e1 j\u00e1dra jsou bohat\u00e1 na pleti prosp\u011b\u0161n\u00e9 oleje, vitam\u00edny a miner\u00e1ly. Obsahuje vitamin E, zn\u00e1m\u00fd sv\u00fdmi antioxida\u010dn\u00edmi vlastnostmi, kter\u00fd pom\u00e1h\u00e1 chr\u00e1nit poko\u017eku p\u0159ed po\u0161kozen\u00edm voln\u00fdmi radik\u00e1ly a UV z\u00e1\u0159en\u00edm. P\u0159\u00edrodn\u00ed oleje obsa\u017een\u00e9 v meru\u0148kov\u00fdch j\u00e1drech nav\u00edc p\u0159isp\u00edvaj\u00ed k hydrataci a zvl\u00e1\u010dn\u011bn\u00ed poko\u017eky.<\/p>\n<h2>Kosmetick\u00e9 aplikace<\/h2>\n<p>Mlet\u00e1 meru\u0148kov\u00e1 j\u00e1dra jsou d\u00edky sv\u00e9 jemn\u00e9 struktu\u0159e a vy\u017eivuj\u00edc\u00edm vlastnostem vynikaj\u00edc\u00ed slo\u017ekou produkt\u016f p\u00e9\u010de o ple\u0165. \u010casto se pou\u017e\u00edv\u00e1 jako p\u0159\u00edrodn\u00ed peeling, kter\u00fd jemn\u011b odstra\u0148uje odum\u0159el\u00e9 ko\u017en\u00ed bu\u0148ky a zlep\u0161uje strukturu a vzhled poko\u017eky. M\u016f\u017ee se tak\u00e9 p\u0159id\u00e1vat do masek, kr\u00e9m\u016f nebo ple\u0165ov\u00fdch vod, kde p\u016fsob\u00ed jako zm\u011bk\u010dovadlo a zvy\u0161uje hydrataci poko\u017eky.<\/p>\n<h2>Pou\u017eit\u00ed ve strav\u011b<\/h2>\n<p>Mlet\u00e1 meru\u0148kov\u00e1 j\u00e1dra jsou nejen kosmetick\u00fdm, ale i cenn\u00fdm dopl\u0148kem stravy. Lze jej p\u0159id\u00e1vat do jogurt\u016f, koktejl\u016f nebo j\u00edm posypat sal\u00e1ty a dezerty, co\u017e je skv\u011bl\u00fd zp\u016fsob, jak obohatit sv\u016fj denn\u00ed j\u00eddeln\u00ed\u010dek o dal\u0161\u00ed vitaminy a miner\u00e1ly. D\u00edky vysok\u00e9mu obsahu vl\u00e1kniny m\u016f\u017ee tak\u00e9 podpo\u0159it tr\u00e1ven\u00ed a p\u0159isp\u011bt k lep\u0161\u00ed pohod\u011b.<\/p>\n<h2>Bezpe\u010dnostn\u00ed a kvalitativn\u00ed normy<\/h2>\n<p>Podle dostupn\u00fdch anal\u00fdz jsou mlet\u00e1 meru\u0148kov\u00e1 j\u00e1dra produktem s vysokou \u010distotou. Obsah vlhkosti je n\u00edzk\u00fd (m\u00e9n\u011b ne\u017e 12 %), aby byla zaru\u010dena \u010derstvost a trvanlivost. V\u00fdrobek rovn\u011b\u017e neobsahuje rostlinn\u00e9 a miner\u00e1ln\u00ed ne\u010distoty, co\u017e potvrzuje jeho vynikaj\u00edc\u00ed kvalitu a bezpe\u010dnost pro kosmetick\u00e9 i dietn\u00ed pou\u017eit\u00ed.<\/p>\n","protected":false},"excerpt":{"rendered":"<p><strong>Mlet\u00e1 meru\u0148kov\u00e1 j\u00e1dra<\/strong><em>(Prunus Armeniaca Seed Powder<\/em>) jsou v\u0161estrannou p\u0159\u00edsadou cen\u011bnou v kosmetice a gastronomii, z\u00edskanou z meru\u0148kov\u00fdch semen. Je bohat\u00e1 na \u017eiviny, kter\u00e9 se uplat\u0148uj\u00ed jak v produktech p\u00e9\u010de o ple\u0165, tak jako zdrav\u00fd dopln\u011bk stravy.<\/p>\n","protected":false},"featured_media":33330,"template":"","meta":{"_acf_changed":false},"product_brand":[],"product_cat":[637,629,2663],"product_tag":[],"class_list":{"0":"post-33530","1":"product","2":"type-product","3":"status-publish","4":"has-post-thumbnail","6":"product_cat-peelingy","7":"product_cat-pridavky-k-doplnkum-stravy","8":"product_cat-rostlinne-bilkoviny","10":"first","11":"instock","12":"shipping-taxable","13":"product-type-simple"},"acf":[],"yoast_head":"<!-- This site is optimized with the Yoast SEO plugin v27.4 - https:\/\/yoast.com\/product\/yoast-seo-wordpress\/ -->\n<title>Mlet\u00e1 meru\u0148kov\u00e1 j\u00e1dra - NATURAL POLAND - Velkoobchodn\u00ed distributor surovin<\/title>\n<meta name=\"description\" content=\"Mlet\u00e1 meru\u0148kov\u00e1 j\u00e1dra (Prunus Armeniaca Seed Powder) jsou v\u0161estrannou p\u0159\u00edsadou cen\u011bnou v kosmetice a gastronomii, z\u00edskanou z meru\u0148kov\u00fdch semen.\" \/>\n<meta name=\"robots\" content=\"index, follow, max-snippet:-1, max-image-preview:large, max-video-preview:-1\" \/>\n<link rel=\"canonical\" href=\"https:\/\/naturalpoland.com\/cs\/produkty\/produkty-pro-potravinarsky-prumysl\/rostlinne-bilkoviny\/ground-morelli-pestle\/\" \/>\n<meta property=\"og:locale\" content=\"cs_CZ\" \/>\n<meta property=\"og:type\" content=\"article\" \/>\n<meta property=\"og:title\" content=\"Mlet\u00e1 meru\u0148kov\u00e1 j\u00e1dra - NATURAL POLAND - Velkoobchodn\u00ed distributor surovin\" \/>\n<meta property=\"og:description\" content=\"Mlet\u00e1 meru\u0148kov\u00e1 j\u00e1dra (Prunus Armeniaca Seed Powder) jsou v\u0161estrannou p\u0159\u00edsadou cen\u011bnou v kosmetice a gastronomii, z\u00edskanou z meru\u0148kov\u00fdch semen.\" \/>\n<meta property=\"og:url\" content=\"https:\/\/naturalpoland.com\/cs\/produkty\/produkty-pro-potravinarsky-prumysl\/rostlinne-bilkoviny\/ground-morelli-pestle\/\" \/>\n<meta property=\"og:site_name\" content=\"NATURAL POLAND - Velkoobchodn\u00ed distributor surovin\" \/>\n<meta property=\"article:publisher\" content=\"https:\/\/www.facebook.com\/naturalpoland.b2b\" \/>\n<meta property=\"og:image\" content=\"https:\/\/naturalpoland.com\/wp-content\/uploads\/mielona-pestka-moreli.webp\" \/>\n\t<meta property=\"og:image:width\" content=\"615\" \/>\n\t<meta property=\"og:image:height\" content=\"615\" \/>\n\t<meta property=\"og:image:type\" content=\"image\/webp\" \/>\n<script type=\"application\/ld+json\" class=\"yoast-schema-graph\">{\"@context\":\"https:\\\/\\\/schema.org\",\"@graph\":[{\"@type\":\"WebPage\",\"@id\":\"https:\\\/\\\/naturalpoland.com\\\/cs\\\/produkty\\\/produkty-pro-potravinarsky-prumysl\\\/rostlinne-bilkoviny\\\/ground-morelli-pestle\\\/\",\"url\":\"https:\\\/\\\/naturalpoland.com\\\/cs\\\/produkty\\\/produkty-pro-potravinarsky-prumysl\\\/rostlinne-bilkoviny\\\/ground-morelli-pestle\\\/\",\"name\":\"Mlet\u00e1 meru\u0148kov\u00e1 j\u00e1dra - NATURAL POLAND - Velkoobchodn\u00ed distributor surovin\",\"isPartOf\":{\"@id\":\"https:\\\/\\\/naturalpoland.com\\\/cs\\\/#website\"},\"primaryImageOfPage\":{\"@id\":\"https:\\\/\\\/naturalpoland.com\\\/cs\\\/produkty\\\/produkty-pro-potravinarsky-prumysl\\\/rostlinne-bilkoviny\\\/ground-morelli-pestle\\\/#primaryimage\"},\"image\":{\"@id\":\"https:\\\/\\\/naturalpoland.com\\\/cs\\\/produkty\\\/produkty-pro-potravinarsky-prumysl\\\/rostlinne-bilkoviny\\\/ground-morelli-pestle\\\/#primaryimage\"},\"thumbnailUrl\":\"https:\\\/\\\/naturalpoland.com\\\/wp-content\\\/uploads\\\/mielona-pestka-moreli.webp\",\"datePublished\":\"2024-07-10T08:33:52+00:00\",\"description\":\"Mlet\u00e1 meru\u0148kov\u00e1 j\u00e1dra (Prunus Armeniaca Seed Powder) jsou v\u0161estrannou p\u0159\u00edsadou cen\u011bnou v kosmetice a gastronomii, z\u00edskanou z meru\u0148kov\u00fdch semen.\",\"breadcrumb\":{\"@id\":\"https:\\\/\\\/naturalpoland.com\\\/cs\\\/produkty\\\/produkty-pro-potravinarsky-prumysl\\\/rostlinne-bilkoviny\\\/ground-morelli-pestle\\\/#breadcrumb\"},\"inLanguage\":\"cs\",\"potentialAction\":[{\"@type\":\"ReadAction\",\"target\":[\"https:\\\/\\\/naturalpoland.com\\\/cs\\\/produkty\\\/produkty-pro-potravinarsky-prumysl\\\/rostlinne-bilkoviny\\\/ground-morelli-pestle\\\/\"]}]},{\"@type\":\"ImageObject\",\"inLanguage\":\"cs\",\"@id\":\"https:\\\/\\\/naturalpoland.com\\\/cs\\\/produkty\\\/produkty-pro-potravinarsky-prumysl\\\/rostlinne-bilkoviny\\\/ground-morelli-pestle\\\/#primaryimage\",\"url\":\"https:\\\/\\\/naturalpoland.com\\\/wp-content\\\/uploads\\\/mielona-pestka-moreli.webp\",\"contentUrl\":\"https:\\\/\\\/naturalpoland.com\\\/wp-content\\\/uploads\\\/mielona-pestka-moreli.webp\",\"width\":615,\"height\":615,\"caption\":\"mielona pestka moreli\"},{\"@type\":\"BreadcrumbList\",\"@id\":\"https:\\\/\\\/naturalpoland.com\\\/cs\\\/produkty\\\/produkty-pro-potravinarsky-prumysl\\\/rostlinne-bilkoviny\\\/ground-morelli-pestle\\\/#breadcrumb\",\"itemListElement\":[{\"@type\":\"ListItem\",\"position\":1,\"name\":\"Dom\u016f\",\"item\":\"https:\\\/\\\/naturalpoland.com\\\/cs\\\/\"},{\"@type\":\"ListItem\",\"position\":2,\"name\":\"Produkty\",\"item\":\"https:\\\/\\\/naturalpoland.com\\\/cs\\\/produkty\\\/\"},{\"@type\":\"ListItem\",\"position\":3,\"name\":\"Mlet\u00e1 meru\u0148kov\u00e1 j\u00e1dra\"}]},{\"@type\":\"WebSite\",\"@id\":\"https:\\\/\\\/naturalpoland.com\\\/cs\\\/#website\",\"url\":\"https:\\\/\\\/naturalpoland.com\\\/cs\\\/\",\"name\":\"NATURAL POLAND - Velkoobchodn\u00ed distributor surovin\",\"description\":\"Surowce dla przemys\u0142u spo\u017cywczego, kosmetycznego i farmaceutycznego\",\"publisher\":{\"@id\":\"https:\\\/\\\/naturalpoland.com\\\/cs\\\/#organization\"},\"potentialAction\":[{\"@type\":\"SearchAction\",\"target\":{\"@type\":\"EntryPoint\",\"urlTemplate\":\"https:\\\/\\\/naturalpoland.com\\\/cs\\\/?s={search_term_string}\"},\"query-input\":{\"@type\":\"PropertyValueSpecification\",\"valueRequired\":true,\"valueName\":\"search_term_string\"}}],\"inLanguage\":\"cs\"},{\"@type\":\"Organization\",\"@id\":\"https:\\\/\\\/naturalpoland.com\\\/cs\\\/#organization\",\"name\":\"Natural Poland\",\"url\":\"https:\\\/\\\/naturalpoland.com\\\/cs\\\/\",\"logo\":{\"@type\":\"ImageObject\",\"inLanguage\":\"cs\",\"@id\":\"https:\\\/\\\/naturalpoland.com\\\/cs\\\/#\\\/schema\\\/logo\\\/image\\\/\",\"url\":\"https:\\\/\\\/naturalpoland.com\\\/wp-content\\\/uploads\\\/2021\\\/05\\\/natural-poland-icon.png\",\"contentUrl\":\"https:\\\/\\\/naturalpoland.com\\\/wp-content\\\/uploads\\\/2021\\\/05\\\/natural-poland-icon.png\",\"width\":512,\"height\":512,\"caption\":\"Natural Poland\"},\"image\":{\"@id\":\"https:\\\/\\\/naturalpoland.com\\\/cs\\\/#\\\/schema\\\/logo\\\/image\\\/\"},\"sameAs\":[\"https:\\\/\\\/www.facebook.com\\\/naturalpoland.b2b\",\"https:\\\/\\\/pl.linkedin.com\\\/company\\\/natural-poland\",\"https:\\\/\\\/www.youtube.com\\\/channel\\\/UCgeGGkvOMahZo-xu_MSEWxg\"]}]}<\/script>\n<!-- \/ Yoast SEO plugin. -->","yoast_head_json":{"title":"Mlet\u00e1 meru\u0148kov\u00e1 j\u00e1dra - NATURAL POLAND - Velkoobchodn\u00ed distributor surovin","description":"Mlet\u00e1 meru\u0148kov\u00e1 j\u00e1dra (Prunus Armeniaca Seed Powder) jsou v\u0161estrannou p\u0159\u00edsadou cen\u011bnou v kosmetice a gastronomii, z\u00edskanou z meru\u0148kov\u00fdch semen.","robots":{"index":"index","follow":"follow","max-snippet":"max-snippet:-1","max-image-preview":"max-image-preview:large","max-video-preview":"max-video-preview:-1"},"canonical":"https:\/\/naturalpoland.com\/cs\/produkty\/produkty-pro-potravinarsky-prumysl\/rostlinne-bilkoviny\/ground-morelli-pestle\/","og_locale":"cs_CZ","og_type":"article","og_title":"Mlet\u00e1 meru\u0148kov\u00e1 j\u00e1dra - NATURAL POLAND - Velkoobchodn\u00ed distributor surovin","og_description":"Mlet\u00e1 meru\u0148kov\u00e1 j\u00e1dra (Prunus Armeniaca Seed Powder) jsou v\u0161estrannou p\u0159\u00edsadou cen\u011bnou v kosmetice a gastronomii, z\u00edskanou z meru\u0148kov\u00fdch semen.","og_url":"https:\/\/naturalpoland.com\/cs\/produkty\/produkty-pro-potravinarsky-prumysl\/rostlinne-bilkoviny\/ground-morelli-pestle\/","og_site_name":"NATURAL POLAND - Velkoobchodn\u00ed distributor surovin","article_publisher":"https:\/\/www.facebook.com\/naturalpoland.b2b","og_image":[{"width":615,"height":615,"url":"https:\/\/naturalpoland.com\/wp-content\/uploads\/mielona-pestka-moreli.webp","type":"image\/webp"}],"schema":{"@context":"https:\/\/schema.org","@graph":[{"@type":"WebPage","@id":"https:\/\/naturalpoland.com\/cs\/produkty\/produkty-pro-potravinarsky-prumysl\/rostlinne-bilkoviny\/ground-morelli-pestle\/","url":"https:\/\/naturalpoland.com\/cs\/produkty\/produkty-pro-potravinarsky-prumysl\/rostlinne-bilkoviny\/ground-morelli-pestle\/","name":"Mlet\u00e1 meru\u0148kov\u00e1 j\u00e1dra - NATURAL POLAND - Velkoobchodn\u00ed distributor surovin","isPartOf":{"@id":"https:\/\/naturalpoland.com\/cs\/#website"},"primaryImageOfPage":{"@id":"https:\/\/naturalpoland.com\/cs\/produkty\/produkty-pro-potravinarsky-prumysl\/rostlinne-bilkoviny\/ground-morelli-pestle\/#primaryimage"},"image":{"@id":"https:\/\/naturalpoland.com\/cs\/produkty\/produkty-pro-potravinarsky-prumysl\/rostlinne-bilkoviny\/ground-morelli-pestle\/#primaryimage"},"thumbnailUrl":"https:\/\/naturalpoland.com\/wp-content\/uploads\/mielona-pestka-moreli.webp","datePublished":"2024-07-10T08:33:52+00:00","description":"Mlet\u00e1 meru\u0148kov\u00e1 j\u00e1dra (Prunus Armeniaca Seed Powder) jsou v\u0161estrannou p\u0159\u00edsadou cen\u011bnou v kosmetice a gastronomii, z\u00edskanou z meru\u0148kov\u00fdch semen.","breadcrumb":{"@id":"https:\/\/naturalpoland.com\/cs\/produkty\/produkty-pro-potravinarsky-prumysl\/rostlinne-bilkoviny\/ground-morelli-pestle\/#breadcrumb"},"inLanguage":"cs","potentialAction":[{"@type":"ReadAction","target":["https:\/\/naturalpoland.com\/cs\/produkty\/produkty-pro-potravinarsky-prumysl\/rostlinne-bilkoviny\/ground-morelli-pestle\/"]}]},{"@type":"ImageObject","inLanguage":"cs","@id":"https:\/\/naturalpoland.com\/cs\/produkty\/produkty-pro-potravinarsky-prumysl\/rostlinne-bilkoviny\/ground-morelli-pestle\/#primaryimage","url":"https:\/\/naturalpoland.com\/wp-content\/uploads\/mielona-pestka-moreli.webp","contentUrl":"https:\/\/naturalpoland.com\/wp-content\/uploads\/mielona-pestka-moreli.webp","width":615,"height":615,"caption":"mielona pestka moreli"},{"@type":"BreadcrumbList","@id":"https:\/\/naturalpoland.com\/cs\/produkty\/produkty-pro-potravinarsky-prumysl\/rostlinne-bilkoviny\/ground-morelli-pestle\/#breadcrumb","itemListElement":[{"@type":"ListItem","position":1,"name":"Dom\u016f","item":"https:\/\/naturalpoland.com\/cs\/"},{"@type":"ListItem","position":2,"name":"Produkty","item":"https:\/\/naturalpoland.com\/cs\/produkty\/"},{"@type":"ListItem","position":3,"name":"Mlet\u00e1 meru\u0148kov\u00e1 j\u00e1dra"}]},{"@type":"WebSite","@id":"https:\/\/naturalpoland.com\/cs\/#website","url":"https:\/\/naturalpoland.com\/cs\/","name":"NATURAL POLAND - Velkoobchodn\u00ed distributor surovin","description":"Surowce dla przemys\u0142u spo\u017cywczego, kosmetycznego i farmaceutycznego","publisher":{"@id":"https:\/\/naturalpoland.com\/cs\/#organization"},"potentialAction":[{"@type":"SearchAction","target":{"@type":"EntryPoint","urlTemplate":"https:\/\/naturalpoland.com\/cs\/?s={search_term_string}"},"query-input":{"@type":"PropertyValueSpecification","valueRequired":true,"valueName":"search_term_string"}}],"inLanguage":"cs"},{"@type":"Organization","@id":"https:\/\/naturalpoland.com\/cs\/#organization","name":"Natural Poland","url":"https:\/\/naturalpoland.com\/cs\/","logo":{"@type":"ImageObject","inLanguage":"cs","@id":"https:\/\/naturalpoland.com\/cs\/#\/schema\/logo\/image\/","url":"https:\/\/naturalpoland.com\/wp-content\/uploads\/2021\/05\/natural-poland-icon.png","contentUrl":"https:\/\/naturalpoland.com\/wp-content\/uploads\/2021\/05\/natural-poland-icon.png","width":512,"height":512,"caption":"Natural Poland"},"image":{"@id":"https:\/\/naturalpoland.com\/cs\/#\/schema\/logo\/image\/"},"sameAs":["https:\/\/www.facebook.com\/naturalpoland.b2b","https:\/\/pl.linkedin.com\/company\/natural-poland","https:\/\/www.youtube.com\/channel\/UCgeGGkvOMahZo-xu_MSEWxg"]}]}},"_links":{"self":[{"href":"https:\/\/naturalpoland.com\/cs\/wp-json\/wp\/v2\/product\/33530","targetHints":{"allow":["GET"]}}],"collection":[{"href":"https:\/\/naturalpoland.com\/cs\/wp-json\/wp\/v2\/product"}],"about":[{"href":"https:\/\/naturalpoland.com\/cs\/wp-json\/wp\/v2\/types\/product"}],"wp:featuredmedia":[{"embeddable":true,"href":"https:\/\/naturalpoland.com\/cs\/wp-json\/wp\/v2\/media\/33330"}],"wp:attachment":[{"href":"https:\/\/naturalpoland.com\/cs\/wp-json\/wp\/v2\/media?parent=33530"}],"wp:term":[{"taxonomy":"product_brand","embeddable":true,"href":"https:\/\/naturalpoland.com\/cs\/wp-json\/wp\/v2\/product_brand?post=33530"},{"taxonomy":"product_cat","embeddable":true,"href":"https:\/\/naturalpoland.com\/cs\/wp-json\/wp\/v2\/product_cat?post=33530"},{"taxonomy":"product_tag","embeddable":true,"href":"https:\/\/naturalpoland.com\/cs\/wp-json\/wp\/v2\/product_tag?post=33530"}],"curies":[{"name":"wp","href":"https:\/\/api.w.org\/{rel}","templated":true}]}}