{"id":33537,"date":"2024-07-04T14:17:52","date_gmt":"2024-07-10T08:55:08","guid":{"rendered":"https:\/\/naturalpoland.com\/produkty\/neza\u0159azen\u00e9\/prolithin-a-lsme-urolithin-a\/"},"modified":"2024-08-29T13:08:55","modified_gmt":"2024-08-29T11:08:55","slug":"prolithin-a-lsme-urolithin-a","status":"publish","type":"product","link":"https:\/\/naturalpoland.com\/cs\/produkty\/produkty-pro-kosmeticky-prumysl\/kosmeticke-suroviny\/prolithin-a-lsme-urolithin-a\/","title":{"rendered":"Urolitin A"},"content":{"rendered":"<h2>Vlastnosti a pou\u017eit\u00ed:<\/h2>\n<p>  Urolitin A prok\u00e1zal schopnost prodlu\u017eovat \u017eivotnost bun\u011bk t\u00edm, \u017ee vyvol\u00e1v\u00e1 mitofagii, proces \u010di\u0161t\u011bn\u00ed po\u0161kozen\u00fdch mitochondri\u00ed.<br \/>\nStudie na my\u0161\u00edch uk\u00e1zaly, \u017ee dopl\u0148ov\u00e1n\u00ed Urolithinu A m\u016f\u017ee zlep\u0161it funkci sval\u016f.<br \/>\nP\u0159\u00edpravek se proto doporu\u010duje sportovc\u016fm a star\u0161\u00edm lidem, kte\u0159\u00ed cht\u011bj\u00ed zlep\u0161it svou v\u00fdkonnost a odd\u00e1lit st\u00e1rnut\u00ed sval\u016f.<br \/>\nP\u0159\u00edpravek m\u016f\u017ee tak\u00e9 podpo\u0159it imunitn\u00ed terapii prost\u0159ednictv\u00edm indukce mitochondri\u00e1ln\u00ed autofagie v T-lymfocytech, co\u017e vede ke zlep\u0161en\u00ed imunitn\u00ed odpov\u011bdi proti rakovin\u011b.<br \/>\nTo m\u00e1 v\u00fdznam zejm\u00e9na v souvislosti s modern\u00ed terapi\u00ed rakoviny, kdy Urolithin A m\u016f\u017ee zv\u00fd\u0161it \u00fa\u010dinnost l\u00e9\u010dby zv\u00fd\u0161en\u00edm po\u010dtu T bun\u011bk v mikroprost\u0159ed\u00ed n\u00e1doru.<br \/>\nSuplementace urolithinem A prok\u00e1zala schopnost zvr\u00e1tit st\u00e1rnut\u00ed krvetvorn\u00fdch kmenov\u00fdch bun\u011bk.<br \/>\nTo potvrzuj\u00ed i studie na my\u0161\u00edch, u kter\u00fdch bylo pozorov\u00e1no zv\u00fd\u0161en\u00ed po\u010dtu kmenov\u00fdch a progenitorov\u00fdch bun\u011bk.        <\/p>\n<h2>Uplatn\u011bn\u00ed na trhu:<\/h2>\n<p><strong>Dopl\u0148ky stravy<\/strong> Urolitin A se \u0161iroce pou\u017e\u00edv\u00e1 jako slo\u017eka dopl\u0148k\u016f stravy na podporu zdrav\u00ed sval\u016f, kognitivn\u00edch funkc\u00ed a celkov\u00e9 vitality.<br \/>\nObzvl\u00e1\u0161t\u011b obl\u00edben\u00fd je v USA, kde byl uzn\u00e1n jako bezpe\u010dn\u00e1 slo\u017eka ur\u010den\u00e1 ke konzumaci (GRAS).<br \/>\n<strong>Kosmetika<\/strong> V roce 2023 byl urolitin A v \u010c\u00edn\u011b registrov\u00e1n jako nov\u00e1 kosmetick\u00e1 surovina, zejm\u00e9na pro v\u00fdrobky proti st\u00e1rnut\u00ed.    <\/p>\n<hr>\n<h2>Tento produkt m\u00e1me v technologii BioSNEDS\u2122 ve form\u011b ProLithinu A\u2122.<\/h2>\n<ul>\n<li>ProLithin A\u2122 je 15kr\u00e1t biologicky dostupn\u011bj\u0161\u00ed ne\u017e b\u011b\u017en\u00fd urolithin A, co\u017e znamen\u00e1, \u017ee 1 mg aktivn\u00edho urolithinu A v p\u0159\u00edpravku BioSNEDS\u2122 je bioekvivalentn\u00ed 15 mg b\u011b\u017en\u00e9ho urolithinu A.<\/li>\n<li>V\u00edce d\u00e1vek na kilogram &#8211; 10 000 d\u00e1vek na kilogram ve srovn\u00e1n\u00ed s 5 000 d\u00e1vkami b\u011b\u017en\u00e9ho urolithinu A.<\/li>\n<li>Dostupn\u00e9 ve form\u011b pr\u00e1\u0161k\u016f a emulz\u00ed s neutr\u00e1ln\u00ed chut\u00ed a bez z\u00e1pachu.<\/li>\n<\/ul>\n<p>&nbsp;<\/p>\n","protected":false},"excerpt":{"rendered":"<p><strong>Urolitin A <\/strong>je p\u0159\u00edrodn\u00ed metabolit vznikaj\u00edc\u00ed z polyfenol\u016f p\u0159\u00edtomn\u00fdch v ovoci, kter\u00fd m\u00e1 siln\u00e9 antioxida\u010dn\u00ed vlastnosti a podporuje zdrav\u00ed mitochondri\u00ed. <strong>ProLithin A\u2122 <\/strong>je pokro\u010dil\u00fd produkt vyu\u017e\u00edvaj\u00edc\u00ed technologii BioSNEDS\u2122, kter\u00e1 v\u00fdrazn\u011b zvy\u0161uje biologickou dostupnost urolithinu A.<\/p>\n","protected":false},"featured_media":33225,"template":"","meta":{"_acf_changed":false},"product_brand":[],"product_cat":[638,629],"product_tag":[],"class_list":{"0":"post-33537","1":"product","2":"type-product","3":"status-publish","4":"has-post-thumbnail","6":"product_cat-kosmeticke-suroviny","7":"product_cat-pridavky-k-doplnkum-stravy","8":"pa_grupa-substancji-nutraceutika","10":"first","11":"instock","12":"shipping-taxable","13":"product-type-simple"},"acf":[],"yoast_head":"<!-- This site is optimized with the Yoast SEO plugin v27.4 - https:\/\/yoast.com\/product\/yoast-seo-wordpress\/ -->\n<title>Urolitin A - NATURAL POLAND - Velkoobchodn\u00ed distributor surovin<\/title>\n<meta name=\"description\" content=\"Urolitin A je inovativn\u00ed slo\u017eka, kter\u00e1 d\u00edky sv\u00fdm jedine\u010dn\u00fdm vlastnostem proti st\u00e1rnut\u00ed podporuje zdrav\u00ed sval\u016f a imunitn\u00ed syst\u00e9m.\" \/>\n<meta name=\"robots\" content=\"index, follow, max-snippet:-1, max-image-preview:large, max-video-preview:-1\" \/>\n<link rel=\"canonical\" href=\"https:\/\/naturalpoland.com\/cs\/produkty\/produkty-pro-kosmeticky-prumysl\/kosmeticke-suroviny\/prolithin-a-lsme-urolithin-a\/\" \/>\n<meta property=\"og:locale\" content=\"cs_CZ\" \/>\n<meta property=\"og:type\" content=\"article\" \/>\n<meta property=\"og:title\" content=\"Urolitin A - NATURAL POLAND - Velkoobchodn\u00ed distributor surovin\" \/>\n<meta property=\"og:description\" content=\"Urolitin A je inovativn\u00ed slo\u017eka, kter\u00e1 d\u00edky sv\u00fdm jedine\u010dn\u00fdm vlastnostem proti st\u00e1rnut\u00ed podporuje zdrav\u00ed sval\u016f a imunitn\u00ed syst\u00e9m.\" \/>\n<meta property=\"og:url\" content=\"https:\/\/naturalpoland.com\/cs\/produkty\/produkty-pro-kosmeticky-prumysl\/kosmeticke-suroviny\/prolithin-a-lsme-urolithin-a\/\" \/>\n<meta property=\"og:site_name\" content=\"NATURAL POLAND - Velkoobchodn\u00ed distributor surovin\" \/>\n<meta property=\"article:publisher\" content=\"https:\/\/www.facebook.com\/naturalpoland.b2b\" \/>\n<meta property=\"article:modified_time\" content=\"2024-08-29T11:08:55+00:00\" \/>\n<meta property=\"og:image\" content=\"https:\/\/naturalpoland.com\/wp-content\/uploads\/urolithin.webp\" \/>\n\t<meta property=\"og:image:width\" content=\"606\" \/>\n\t<meta property=\"og:image:height\" content=\"606\" \/>\n\t<meta property=\"og:image:type\" content=\"image\/webp\" \/>\n<script type=\"application\/ld+json\" class=\"yoast-schema-graph\">{\"@context\":\"https:\\\/\\\/schema.org\",\"@graph\":[{\"@type\":\"WebPage\",\"@id\":\"https:\\\/\\\/naturalpoland.com\\\/cs\\\/produkty\\\/produkty-pro-kosmeticky-prumysl\\\/kosmeticke-suroviny\\\/prolithin-a-lsme-urolithin-a\\\/\",\"url\":\"https:\\\/\\\/naturalpoland.com\\\/cs\\\/produkty\\\/produkty-pro-kosmeticky-prumysl\\\/kosmeticke-suroviny\\\/prolithin-a-lsme-urolithin-a\\\/\",\"name\":\"Urolitin A - NATURAL POLAND - Velkoobchodn\u00ed distributor surovin\",\"isPartOf\":{\"@id\":\"https:\\\/\\\/naturalpoland.com\\\/cs\\\/#website\"},\"primaryImageOfPage\":{\"@id\":\"https:\\\/\\\/naturalpoland.com\\\/cs\\\/produkty\\\/produkty-pro-kosmeticky-prumysl\\\/kosmeticke-suroviny\\\/prolithin-a-lsme-urolithin-a\\\/#primaryimage\"},\"image\":{\"@id\":\"https:\\\/\\\/naturalpoland.com\\\/cs\\\/produkty\\\/produkty-pro-kosmeticky-prumysl\\\/kosmeticke-suroviny\\\/prolithin-a-lsme-urolithin-a\\\/#primaryimage\"},\"thumbnailUrl\":\"https:\\\/\\\/naturalpoland.com\\\/wp-content\\\/uploads\\\/urolithin.webp\",\"datePublished\":\"2024-07-10T08:55:08+00:00\",\"dateModified\":\"2024-08-29T11:08:55+00:00\",\"description\":\"Urolitin A je inovativn\u00ed slo\u017eka, kter\u00e1 d\u00edky sv\u00fdm jedine\u010dn\u00fdm vlastnostem proti st\u00e1rnut\u00ed podporuje zdrav\u00ed sval\u016f a imunitn\u00ed syst\u00e9m.\",\"breadcrumb\":{\"@id\":\"https:\\\/\\\/naturalpoland.com\\\/cs\\\/produkty\\\/produkty-pro-kosmeticky-prumysl\\\/kosmeticke-suroviny\\\/prolithin-a-lsme-urolithin-a\\\/#breadcrumb\"},\"inLanguage\":\"cs\",\"potentialAction\":[{\"@type\":\"ReadAction\",\"target\":[\"https:\\\/\\\/naturalpoland.com\\\/cs\\\/produkty\\\/produkty-pro-kosmeticky-prumysl\\\/kosmeticke-suroviny\\\/prolithin-a-lsme-urolithin-a\\\/\"]}]},{\"@type\":\"ImageObject\",\"inLanguage\":\"cs\",\"@id\":\"https:\\\/\\\/naturalpoland.com\\\/cs\\\/produkty\\\/produkty-pro-kosmeticky-prumysl\\\/kosmeticke-suroviny\\\/prolithin-a-lsme-urolithin-a\\\/#primaryimage\",\"url\":\"https:\\\/\\\/naturalpoland.com\\\/wp-content\\\/uploads\\\/urolithin.webp\",\"contentUrl\":\"https:\\\/\\\/naturalpoland.com\\\/wp-content\\\/uploads\\\/urolithin.webp\",\"width\":606,\"height\":606,\"caption\":\"Urolityna A w postaci\"},{\"@type\":\"BreadcrumbList\",\"@id\":\"https:\\\/\\\/naturalpoland.com\\\/cs\\\/produkty\\\/produkty-pro-kosmeticky-prumysl\\\/kosmeticke-suroviny\\\/prolithin-a-lsme-urolithin-a\\\/#breadcrumb\",\"itemListElement\":[{\"@type\":\"ListItem\",\"position\":1,\"name\":\"Dom\u016f\",\"item\":\"https:\\\/\\\/naturalpoland.com\\\/cs\\\/\"},{\"@type\":\"ListItem\",\"position\":2,\"name\":\"Produkty\",\"item\":\"https:\\\/\\\/naturalpoland.com\\\/cs\\\/produkty\\\/\"},{\"@type\":\"ListItem\",\"position\":3,\"name\":\"Urolitin A\"}]},{\"@type\":\"WebSite\",\"@id\":\"https:\\\/\\\/naturalpoland.com\\\/cs\\\/#website\",\"url\":\"https:\\\/\\\/naturalpoland.com\\\/cs\\\/\",\"name\":\"NATURAL POLAND - Velkoobchodn\u00ed distributor surovin\",\"description\":\"Surowce dla przemys\u0142u spo\u017cywczego, kosmetycznego i farmaceutycznego\",\"publisher\":{\"@id\":\"https:\\\/\\\/naturalpoland.com\\\/cs\\\/#organization\"},\"potentialAction\":[{\"@type\":\"SearchAction\",\"target\":{\"@type\":\"EntryPoint\",\"urlTemplate\":\"https:\\\/\\\/naturalpoland.com\\\/cs\\\/?s={search_term_string}\"},\"query-input\":{\"@type\":\"PropertyValueSpecification\",\"valueRequired\":true,\"valueName\":\"search_term_string\"}}],\"inLanguage\":\"cs\"},{\"@type\":\"Organization\",\"@id\":\"https:\\\/\\\/naturalpoland.com\\\/cs\\\/#organization\",\"name\":\"Natural Poland\",\"url\":\"https:\\\/\\\/naturalpoland.com\\\/cs\\\/\",\"logo\":{\"@type\":\"ImageObject\",\"inLanguage\":\"cs\",\"@id\":\"https:\\\/\\\/naturalpoland.com\\\/cs\\\/#\\\/schema\\\/logo\\\/image\\\/\",\"url\":\"https:\\\/\\\/naturalpoland.com\\\/wp-content\\\/uploads\\\/2021\\\/05\\\/natural-poland-icon.png\",\"contentUrl\":\"https:\\\/\\\/naturalpoland.com\\\/wp-content\\\/uploads\\\/2021\\\/05\\\/natural-poland-icon.png\",\"width\":512,\"height\":512,\"caption\":\"Natural Poland\"},\"image\":{\"@id\":\"https:\\\/\\\/naturalpoland.com\\\/cs\\\/#\\\/schema\\\/logo\\\/image\\\/\"},\"sameAs\":[\"https:\\\/\\\/www.facebook.com\\\/naturalpoland.b2b\",\"https:\\\/\\\/pl.linkedin.com\\\/company\\\/natural-poland\",\"https:\\\/\\\/www.youtube.com\\\/channel\\\/UCgeGGkvOMahZo-xu_MSEWxg\"]}]}<\/script>\n<!-- \/ Yoast SEO plugin. -->","yoast_head_json":{"title":"Urolitin A - NATURAL POLAND - Velkoobchodn\u00ed distributor surovin","description":"Urolitin A je inovativn\u00ed slo\u017eka, kter\u00e1 d\u00edky sv\u00fdm jedine\u010dn\u00fdm vlastnostem proti st\u00e1rnut\u00ed podporuje zdrav\u00ed sval\u016f a imunitn\u00ed syst\u00e9m.","robots":{"index":"index","follow":"follow","max-snippet":"max-snippet:-1","max-image-preview":"max-image-preview:large","max-video-preview":"max-video-preview:-1"},"canonical":"https:\/\/naturalpoland.com\/cs\/produkty\/produkty-pro-kosmeticky-prumysl\/kosmeticke-suroviny\/prolithin-a-lsme-urolithin-a\/","og_locale":"cs_CZ","og_type":"article","og_title":"Urolitin A - NATURAL POLAND - Velkoobchodn\u00ed distributor surovin","og_description":"Urolitin A je inovativn\u00ed slo\u017eka, kter\u00e1 d\u00edky sv\u00fdm jedine\u010dn\u00fdm vlastnostem proti st\u00e1rnut\u00ed podporuje zdrav\u00ed sval\u016f a imunitn\u00ed syst\u00e9m.","og_url":"https:\/\/naturalpoland.com\/cs\/produkty\/produkty-pro-kosmeticky-prumysl\/kosmeticke-suroviny\/prolithin-a-lsme-urolithin-a\/","og_site_name":"NATURAL POLAND - Velkoobchodn\u00ed distributor surovin","article_publisher":"https:\/\/www.facebook.com\/naturalpoland.b2b","article_modified_time":"2024-08-29T11:08:55+00:00","og_image":[{"width":606,"height":606,"url":"https:\/\/naturalpoland.com\/wp-content\/uploads\/urolithin.webp","type":"image\/webp"}],"schema":{"@context":"https:\/\/schema.org","@graph":[{"@type":"WebPage","@id":"https:\/\/naturalpoland.com\/cs\/produkty\/produkty-pro-kosmeticky-prumysl\/kosmeticke-suroviny\/prolithin-a-lsme-urolithin-a\/","url":"https:\/\/naturalpoland.com\/cs\/produkty\/produkty-pro-kosmeticky-prumysl\/kosmeticke-suroviny\/prolithin-a-lsme-urolithin-a\/","name":"Urolitin A - NATURAL POLAND - Velkoobchodn\u00ed distributor surovin","isPartOf":{"@id":"https:\/\/naturalpoland.com\/cs\/#website"},"primaryImageOfPage":{"@id":"https:\/\/naturalpoland.com\/cs\/produkty\/produkty-pro-kosmeticky-prumysl\/kosmeticke-suroviny\/prolithin-a-lsme-urolithin-a\/#primaryimage"},"image":{"@id":"https:\/\/naturalpoland.com\/cs\/produkty\/produkty-pro-kosmeticky-prumysl\/kosmeticke-suroviny\/prolithin-a-lsme-urolithin-a\/#primaryimage"},"thumbnailUrl":"https:\/\/naturalpoland.com\/wp-content\/uploads\/urolithin.webp","datePublished":"2024-07-10T08:55:08+00:00","dateModified":"2024-08-29T11:08:55+00:00","description":"Urolitin A je inovativn\u00ed slo\u017eka, kter\u00e1 d\u00edky sv\u00fdm jedine\u010dn\u00fdm vlastnostem proti st\u00e1rnut\u00ed podporuje zdrav\u00ed sval\u016f a imunitn\u00ed syst\u00e9m.","breadcrumb":{"@id":"https:\/\/naturalpoland.com\/cs\/produkty\/produkty-pro-kosmeticky-prumysl\/kosmeticke-suroviny\/prolithin-a-lsme-urolithin-a\/#breadcrumb"},"inLanguage":"cs","potentialAction":[{"@type":"ReadAction","target":["https:\/\/naturalpoland.com\/cs\/produkty\/produkty-pro-kosmeticky-prumysl\/kosmeticke-suroviny\/prolithin-a-lsme-urolithin-a\/"]}]},{"@type":"ImageObject","inLanguage":"cs","@id":"https:\/\/naturalpoland.com\/cs\/produkty\/produkty-pro-kosmeticky-prumysl\/kosmeticke-suroviny\/prolithin-a-lsme-urolithin-a\/#primaryimage","url":"https:\/\/naturalpoland.com\/wp-content\/uploads\/urolithin.webp","contentUrl":"https:\/\/naturalpoland.com\/wp-content\/uploads\/urolithin.webp","width":606,"height":606,"caption":"Urolityna A w postaci"},{"@type":"BreadcrumbList","@id":"https:\/\/naturalpoland.com\/cs\/produkty\/produkty-pro-kosmeticky-prumysl\/kosmeticke-suroviny\/prolithin-a-lsme-urolithin-a\/#breadcrumb","itemListElement":[{"@type":"ListItem","position":1,"name":"Dom\u016f","item":"https:\/\/naturalpoland.com\/cs\/"},{"@type":"ListItem","position":2,"name":"Produkty","item":"https:\/\/naturalpoland.com\/cs\/produkty\/"},{"@type":"ListItem","position":3,"name":"Urolitin A"}]},{"@type":"WebSite","@id":"https:\/\/naturalpoland.com\/cs\/#website","url":"https:\/\/naturalpoland.com\/cs\/","name":"NATURAL POLAND - Velkoobchodn\u00ed distributor surovin","description":"Surowce dla przemys\u0142u spo\u017cywczego, kosmetycznego i farmaceutycznego","publisher":{"@id":"https:\/\/naturalpoland.com\/cs\/#organization"},"potentialAction":[{"@type":"SearchAction","target":{"@type":"EntryPoint","urlTemplate":"https:\/\/naturalpoland.com\/cs\/?s={search_term_string}"},"query-input":{"@type":"PropertyValueSpecification","valueRequired":true,"valueName":"search_term_string"}}],"inLanguage":"cs"},{"@type":"Organization","@id":"https:\/\/naturalpoland.com\/cs\/#organization","name":"Natural Poland","url":"https:\/\/naturalpoland.com\/cs\/","logo":{"@type":"ImageObject","inLanguage":"cs","@id":"https:\/\/naturalpoland.com\/cs\/#\/schema\/logo\/image\/","url":"https:\/\/naturalpoland.com\/wp-content\/uploads\/2021\/05\/natural-poland-icon.png","contentUrl":"https:\/\/naturalpoland.com\/wp-content\/uploads\/2021\/05\/natural-poland-icon.png","width":512,"height":512,"caption":"Natural Poland"},"image":{"@id":"https:\/\/naturalpoland.com\/cs\/#\/schema\/logo\/image\/"},"sameAs":["https:\/\/www.facebook.com\/naturalpoland.b2b","https:\/\/pl.linkedin.com\/company\/natural-poland","https:\/\/www.youtube.com\/channel\/UCgeGGkvOMahZo-xu_MSEWxg"]}]}},"_links":{"self":[{"href":"https:\/\/naturalpoland.com\/cs\/wp-json\/wp\/v2\/product\/33537","targetHints":{"allow":["GET"]}}],"collection":[{"href":"https:\/\/naturalpoland.com\/cs\/wp-json\/wp\/v2\/product"}],"about":[{"href":"https:\/\/naturalpoland.com\/cs\/wp-json\/wp\/v2\/types\/product"}],"wp:featuredmedia":[{"embeddable":true,"href":"https:\/\/naturalpoland.com\/cs\/wp-json\/wp\/v2\/media\/33225"}],"wp:attachment":[{"href":"https:\/\/naturalpoland.com\/cs\/wp-json\/wp\/v2\/media?parent=33537"}],"wp:term":[{"taxonomy":"product_brand","embeddable":true,"href":"https:\/\/naturalpoland.com\/cs\/wp-json\/wp\/v2\/product_brand?post=33537"},{"taxonomy":"product_cat","embeddable":true,"href":"https:\/\/naturalpoland.com\/cs\/wp-json\/wp\/v2\/product_cat?post=33537"},{"taxonomy":"product_tag","embeddable":true,"href":"https:\/\/naturalpoland.com\/cs\/wp-json\/wp\/v2\/product_tag?post=33537"}],"curies":[{"name":"wp","href":"https:\/\/api.w.org\/{rel}","templated":true}]}}