{"id":33819,"date":"2024-07-16T16:00:07","date_gmt":"2024-07-17T09:43:51","guid":{"rendered":"https:\/\/naturalpoland.com\/produkty\/neza\u0159azen\u00e9\/hydrolat-z-hibiscus-leaves\/"},"modified":"2024-07-17T11:43:51","modified_gmt":"2024-07-17T09:43:51","slug":"hydrolat-z-hibiscus-leaves","status":"publish","type":"product","link":"https:\/\/naturalpoland.com\/cs\/produkty\/produkty-pro-kosmeticky-prumysl\/hydrolaty-cs\/hydrolat-z-hibiscus-leaves\/","title":{"rendered":"Hydrol\u00e1t z list\u016f ibi\u0161ku"},"content":{"rendered":"<h2>Vlastnosti:<\/h2>\n<p>Hydrol\u00e1t z list\u016f ibi\u0161ku m\u00e1 vynikaj\u00edc\u00ed \u010distic\u00ed vlastnosti, kter\u00e9 pom\u00e1haj\u00ed odstra\u0148ovat ne\u010distoty, p\u0159ebyte\u010dn\u00fd ko\u017en\u00ed maz a zbytky make-upu z povrchu pleti. Jeho tonizuj\u00edc\u00ed \u00fa\u010dinky obnovuj\u00ed p\u0159irozen\u00e9 pH pleti po \u010di\u0161t\u011bn\u00ed a p\u0159ipravuj\u00ed ji na dal\u0161\u00ed kroky p\u00e9\u010de o ple\u0165.<\/p>\n<p>D\u00edky sv\u00fdm p\u0159irozen\u00fdm antibakteri\u00e1ln\u00edm a protiz\u00e1n\u011btliv\u00fdm vlastnostem hydrol\u00e1t z list\u016f ibi\u0161ku \u00fa\u010dinn\u011b p\u016fsob\u00ed proti tvorb\u011b \u010dern\u00fdch te\u010dek.<\/p>\n<p>Hydrol\u00e1t ibi\u0161ku m\u00e1 zklid\u0148uj\u00edc\u00ed \u00fa\u010dinek, sni\u017euje podr\u00e1\u017ed\u011bn\u00ed a zarudnut\u00ed poko\u017eky.<\/p>\n<h2>Pou\u017eit\u00ed:<\/h2>\n<ol>\n<li>Kosmetika pro p\u00e9\u010di o ple\u0165: jako ple\u0165ov\u00e9 tonikum, hydrata\u010dn\u00ed mlha nebo slo\u017eka kr\u00e9m\u016f, ple\u0165ov\u00fdch ml\u00e9k a s\u00e9r.<\/li>\n<li>Vlasov\u00e1 kosmetika<\/li>\n<li>Koupelnov\u00e9 produkty<\/li>\n<\/ol>\n","protected":false},"excerpt":{"rendered":"<p>Hydrol\u00e1t<em>ibi\u0161kov\u00fdch<\/em> list\u016f se z\u00edsk\u00e1v\u00e1 destilac\u00ed<em>ibi\u0161kov\u00fdch<\/em> list\u016f<em>(Hibiscus sabdariffa)<\/em> parou. M\u00e1 \u010distic\u00ed a toniza\u010dn\u00ed \u00fa\u010dinky. D\u00edky jemn\u00e9 kv\u011btinov\u00e9 v\u016fni a lehk\u00fdm nemastn\u00fdm vlastnostem je vynikaj\u00edc\u00ed volbou pro ka\u017edodenn\u00ed p\u00e9\u010di.<\/p>\n<p>&nbsp;<\/p>\n","protected":false},"featured_media":33779,"template":"","meta":{"_acf_changed":false},"product_brand":[],"product_cat":[3548],"product_tag":[],"class_list":{"0":"post-33819","1":"product","2":"type-product","3":"status-publish","4":"has-post-thumbnail","6":"product_cat-hydrolaty-cs","8":"first","9":"instock","10":"shipping-taxable","11":"product-type-simple"},"acf":[],"yoast_head":"<!-- This site is optimized with the Yoast SEO plugin v27.4 - https:\/\/yoast.com\/product\/yoast-seo-wordpress\/ -->\n<title>Hydrol\u00e1t z list\u016f ibi\u0161ku - NATURAL POLAND - Velkoobchodn\u00ed distributor surovin<\/title>\n<meta name=\"description\" content=\"Hydrol\u00e1t z list\u016f ibi\u0161ku je v\u0161estrann\u00fd a \u00fa\u010dinn\u00fd kosmetick\u00fd p\u0159\u00edpravek d\u00edky sv\u00fdm \u010distic\u00edm, tonizuj\u00edc\u00edm a antiseboroick\u00fdm vlastnostem.\" \/>\n<meta name=\"robots\" content=\"index, follow, max-snippet:-1, max-image-preview:large, max-video-preview:-1\" \/>\n<link rel=\"canonical\" href=\"https:\/\/naturalpoland.com\/cs\/produkty\/produkty-pro-kosmeticky-prumysl\/hydrolaty-cs\/hydrolat-z-hibiscus-leaves\/\" \/>\n<meta property=\"og:locale\" content=\"cs_CZ\" \/>\n<meta property=\"og:type\" content=\"article\" \/>\n<meta property=\"og:title\" content=\"Hydrol\u00e1t z list\u016f ibi\u0161ku - NATURAL POLAND - Velkoobchodn\u00ed distributor surovin\" \/>\n<meta property=\"og:description\" content=\"Hydrol\u00e1t z list\u016f ibi\u0161ku je v\u0161estrann\u00fd a \u00fa\u010dinn\u00fd kosmetick\u00fd p\u0159\u00edpravek d\u00edky sv\u00fdm \u010distic\u00edm, tonizuj\u00edc\u00edm a antiseboroick\u00fdm vlastnostem.\" \/>\n<meta property=\"og:url\" content=\"https:\/\/naturalpoland.com\/cs\/produkty\/produkty-pro-kosmeticky-prumysl\/hydrolaty-cs\/hydrolat-z-hibiscus-leaves\/\" \/>\n<meta property=\"og:site_name\" content=\"NATURAL POLAND - Velkoobchodn\u00ed distributor surovin\" \/>\n<meta property=\"article:publisher\" content=\"https:\/\/www.facebook.com\/naturalpoland.b2b\" \/>\n<meta property=\"og:image\" content=\"https:\/\/naturalpoland.com\/wp-content\/uploads\/hydrolat-z-lisci-hibiskusa.webp\" \/>\n\t<meta property=\"og:image:width\" content=\"608\" \/>\n\t<meta property=\"og:image:height\" content=\"608\" \/>\n\t<meta property=\"og:image:type\" content=\"image\/webp\" \/>\n<script type=\"application\/ld+json\" class=\"yoast-schema-graph\">{\"@context\":\"https:\\\/\\\/schema.org\",\"@graph\":[{\"@type\":\"WebPage\",\"@id\":\"https:\\\/\\\/naturalpoland.com\\\/cs\\\/produkty\\\/produkty-pro-kosmeticky-prumysl\\\/hydrolaty-cs\\\/hydrolat-z-hibiscus-leaves\\\/\",\"url\":\"https:\\\/\\\/naturalpoland.com\\\/cs\\\/produkty\\\/produkty-pro-kosmeticky-prumysl\\\/hydrolaty-cs\\\/hydrolat-z-hibiscus-leaves\\\/\",\"name\":\"Hydrol\u00e1t z list\u016f ibi\u0161ku - NATURAL POLAND - Velkoobchodn\u00ed distributor surovin\",\"isPartOf\":{\"@id\":\"https:\\\/\\\/naturalpoland.com\\\/cs\\\/#website\"},\"primaryImageOfPage\":{\"@id\":\"https:\\\/\\\/naturalpoland.com\\\/cs\\\/produkty\\\/produkty-pro-kosmeticky-prumysl\\\/hydrolaty-cs\\\/hydrolat-z-hibiscus-leaves\\\/#primaryimage\"},\"image\":{\"@id\":\"https:\\\/\\\/naturalpoland.com\\\/cs\\\/produkty\\\/produkty-pro-kosmeticky-prumysl\\\/hydrolaty-cs\\\/hydrolat-z-hibiscus-leaves\\\/#primaryimage\"},\"thumbnailUrl\":\"https:\\\/\\\/naturalpoland.com\\\/wp-content\\\/uploads\\\/hydrolat-z-lisci-hibiskusa.webp\",\"datePublished\":\"2024-07-17T09:43:51+00:00\",\"description\":\"Hydrol\u00e1t z list\u016f ibi\u0161ku je v\u0161estrann\u00fd a \u00fa\u010dinn\u00fd kosmetick\u00fd p\u0159\u00edpravek d\u00edky sv\u00fdm \u010distic\u00edm, tonizuj\u00edc\u00edm a antiseboroick\u00fdm vlastnostem.\",\"breadcrumb\":{\"@id\":\"https:\\\/\\\/naturalpoland.com\\\/cs\\\/produkty\\\/produkty-pro-kosmeticky-prumysl\\\/hydrolaty-cs\\\/hydrolat-z-hibiscus-leaves\\\/#breadcrumb\"},\"inLanguage\":\"cs\",\"potentialAction\":[{\"@type\":\"ReadAction\",\"target\":[\"https:\\\/\\\/naturalpoland.com\\\/cs\\\/produkty\\\/produkty-pro-kosmeticky-prumysl\\\/hydrolaty-cs\\\/hydrolat-z-hibiscus-leaves\\\/\"]}]},{\"@type\":\"ImageObject\",\"inLanguage\":\"cs\",\"@id\":\"https:\\\/\\\/naturalpoland.com\\\/cs\\\/produkty\\\/produkty-pro-kosmeticky-prumysl\\\/hydrolaty-cs\\\/hydrolat-z-hibiscus-leaves\\\/#primaryimage\",\"url\":\"https:\\\/\\\/naturalpoland.com\\\/wp-content\\\/uploads\\\/hydrolat-z-lisci-hibiskusa.webp\",\"contentUrl\":\"https:\\\/\\\/naturalpoland.com\\\/wp-content\\\/uploads\\\/hydrolat-z-lisci-hibiskusa.webp\",\"width\":608,\"height\":608,\"caption\":\"Hydrolat z li\u015bci hibiskusa\"},{\"@type\":\"BreadcrumbList\",\"@id\":\"https:\\\/\\\/naturalpoland.com\\\/cs\\\/produkty\\\/produkty-pro-kosmeticky-prumysl\\\/hydrolaty-cs\\\/hydrolat-z-hibiscus-leaves\\\/#breadcrumb\",\"itemListElement\":[{\"@type\":\"ListItem\",\"position\":1,\"name\":\"Dom\u016f\",\"item\":\"https:\\\/\\\/naturalpoland.com\\\/cs\\\/\"},{\"@type\":\"ListItem\",\"position\":2,\"name\":\"Produkty\",\"item\":\"https:\\\/\\\/naturalpoland.com\\\/cs\\\/produkty\\\/\"},{\"@type\":\"ListItem\",\"position\":3,\"name\":\"Hydrol\u00e1t z list\u016f ibi\u0161ku\"}]},{\"@type\":\"WebSite\",\"@id\":\"https:\\\/\\\/naturalpoland.com\\\/cs\\\/#website\",\"url\":\"https:\\\/\\\/naturalpoland.com\\\/cs\\\/\",\"name\":\"NATURAL POLAND - Velkoobchodn\u00ed distributor surovin\",\"description\":\"Surowce dla przemys\u0142u spo\u017cywczego, kosmetycznego i farmaceutycznego\",\"publisher\":{\"@id\":\"https:\\\/\\\/naturalpoland.com\\\/cs\\\/#organization\"},\"potentialAction\":[{\"@type\":\"SearchAction\",\"target\":{\"@type\":\"EntryPoint\",\"urlTemplate\":\"https:\\\/\\\/naturalpoland.com\\\/cs\\\/?s={search_term_string}\"},\"query-input\":{\"@type\":\"PropertyValueSpecification\",\"valueRequired\":true,\"valueName\":\"search_term_string\"}}],\"inLanguage\":\"cs\"},{\"@type\":\"Organization\",\"@id\":\"https:\\\/\\\/naturalpoland.com\\\/cs\\\/#organization\",\"name\":\"Natural Poland\",\"url\":\"https:\\\/\\\/naturalpoland.com\\\/cs\\\/\",\"logo\":{\"@type\":\"ImageObject\",\"inLanguage\":\"cs\",\"@id\":\"https:\\\/\\\/naturalpoland.com\\\/cs\\\/#\\\/schema\\\/logo\\\/image\\\/\",\"url\":\"https:\\\/\\\/naturalpoland.com\\\/wp-content\\\/uploads\\\/2021\\\/05\\\/natural-poland-icon.png\",\"contentUrl\":\"https:\\\/\\\/naturalpoland.com\\\/wp-content\\\/uploads\\\/2021\\\/05\\\/natural-poland-icon.png\",\"width\":512,\"height\":512,\"caption\":\"Natural Poland\"},\"image\":{\"@id\":\"https:\\\/\\\/naturalpoland.com\\\/cs\\\/#\\\/schema\\\/logo\\\/image\\\/\"},\"sameAs\":[\"https:\\\/\\\/www.facebook.com\\\/naturalpoland.b2b\",\"https:\\\/\\\/pl.linkedin.com\\\/company\\\/natural-poland\",\"https:\\\/\\\/www.youtube.com\\\/channel\\\/UCgeGGkvOMahZo-xu_MSEWxg\"]}]}<\/script>\n<!-- \/ Yoast SEO plugin. -->","yoast_head_json":{"title":"Hydrol\u00e1t z list\u016f ibi\u0161ku - NATURAL POLAND - Velkoobchodn\u00ed distributor surovin","description":"Hydrol\u00e1t z list\u016f ibi\u0161ku je v\u0161estrann\u00fd a \u00fa\u010dinn\u00fd kosmetick\u00fd p\u0159\u00edpravek d\u00edky sv\u00fdm \u010distic\u00edm, tonizuj\u00edc\u00edm a antiseboroick\u00fdm vlastnostem.","robots":{"index":"index","follow":"follow","max-snippet":"max-snippet:-1","max-image-preview":"max-image-preview:large","max-video-preview":"max-video-preview:-1"},"canonical":"https:\/\/naturalpoland.com\/cs\/produkty\/produkty-pro-kosmeticky-prumysl\/hydrolaty-cs\/hydrolat-z-hibiscus-leaves\/","og_locale":"cs_CZ","og_type":"article","og_title":"Hydrol\u00e1t z list\u016f ibi\u0161ku - NATURAL POLAND - Velkoobchodn\u00ed distributor surovin","og_description":"Hydrol\u00e1t z list\u016f ibi\u0161ku je v\u0161estrann\u00fd a \u00fa\u010dinn\u00fd kosmetick\u00fd p\u0159\u00edpravek d\u00edky sv\u00fdm \u010distic\u00edm, tonizuj\u00edc\u00edm a antiseboroick\u00fdm vlastnostem.","og_url":"https:\/\/naturalpoland.com\/cs\/produkty\/produkty-pro-kosmeticky-prumysl\/hydrolaty-cs\/hydrolat-z-hibiscus-leaves\/","og_site_name":"NATURAL POLAND - Velkoobchodn\u00ed distributor surovin","article_publisher":"https:\/\/www.facebook.com\/naturalpoland.b2b","og_image":[{"width":608,"height":608,"url":"https:\/\/naturalpoland.com\/wp-content\/uploads\/hydrolat-z-lisci-hibiskusa.webp","type":"image\/webp"}],"schema":{"@context":"https:\/\/schema.org","@graph":[{"@type":"WebPage","@id":"https:\/\/naturalpoland.com\/cs\/produkty\/produkty-pro-kosmeticky-prumysl\/hydrolaty-cs\/hydrolat-z-hibiscus-leaves\/","url":"https:\/\/naturalpoland.com\/cs\/produkty\/produkty-pro-kosmeticky-prumysl\/hydrolaty-cs\/hydrolat-z-hibiscus-leaves\/","name":"Hydrol\u00e1t z list\u016f ibi\u0161ku - NATURAL POLAND - Velkoobchodn\u00ed distributor surovin","isPartOf":{"@id":"https:\/\/naturalpoland.com\/cs\/#website"},"primaryImageOfPage":{"@id":"https:\/\/naturalpoland.com\/cs\/produkty\/produkty-pro-kosmeticky-prumysl\/hydrolaty-cs\/hydrolat-z-hibiscus-leaves\/#primaryimage"},"image":{"@id":"https:\/\/naturalpoland.com\/cs\/produkty\/produkty-pro-kosmeticky-prumysl\/hydrolaty-cs\/hydrolat-z-hibiscus-leaves\/#primaryimage"},"thumbnailUrl":"https:\/\/naturalpoland.com\/wp-content\/uploads\/hydrolat-z-lisci-hibiskusa.webp","datePublished":"2024-07-17T09:43:51+00:00","description":"Hydrol\u00e1t z list\u016f ibi\u0161ku je v\u0161estrann\u00fd a \u00fa\u010dinn\u00fd kosmetick\u00fd p\u0159\u00edpravek d\u00edky sv\u00fdm \u010distic\u00edm, tonizuj\u00edc\u00edm a antiseboroick\u00fdm vlastnostem.","breadcrumb":{"@id":"https:\/\/naturalpoland.com\/cs\/produkty\/produkty-pro-kosmeticky-prumysl\/hydrolaty-cs\/hydrolat-z-hibiscus-leaves\/#breadcrumb"},"inLanguage":"cs","potentialAction":[{"@type":"ReadAction","target":["https:\/\/naturalpoland.com\/cs\/produkty\/produkty-pro-kosmeticky-prumysl\/hydrolaty-cs\/hydrolat-z-hibiscus-leaves\/"]}]},{"@type":"ImageObject","inLanguage":"cs","@id":"https:\/\/naturalpoland.com\/cs\/produkty\/produkty-pro-kosmeticky-prumysl\/hydrolaty-cs\/hydrolat-z-hibiscus-leaves\/#primaryimage","url":"https:\/\/naturalpoland.com\/wp-content\/uploads\/hydrolat-z-lisci-hibiskusa.webp","contentUrl":"https:\/\/naturalpoland.com\/wp-content\/uploads\/hydrolat-z-lisci-hibiskusa.webp","width":608,"height":608,"caption":"Hydrolat z li\u015bci hibiskusa"},{"@type":"BreadcrumbList","@id":"https:\/\/naturalpoland.com\/cs\/produkty\/produkty-pro-kosmeticky-prumysl\/hydrolaty-cs\/hydrolat-z-hibiscus-leaves\/#breadcrumb","itemListElement":[{"@type":"ListItem","position":1,"name":"Dom\u016f","item":"https:\/\/naturalpoland.com\/cs\/"},{"@type":"ListItem","position":2,"name":"Produkty","item":"https:\/\/naturalpoland.com\/cs\/produkty\/"},{"@type":"ListItem","position":3,"name":"Hydrol\u00e1t z list\u016f ibi\u0161ku"}]},{"@type":"WebSite","@id":"https:\/\/naturalpoland.com\/cs\/#website","url":"https:\/\/naturalpoland.com\/cs\/","name":"NATURAL POLAND - Velkoobchodn\u00ed distributor surovin","description":"Surowce dla przemys\u0142u spo\u017cywczego, kosmetycznego i farmaceutycznego","publisher":{"@id":"https:\/\/naturalpoland.com\/cs\/#organization"},"potentialAction":[{"@type":"SearchAction","target":{"@type":"EntryPoint","urlTemplate":"https:\/\/naturalpoland.com\/cs\/?s={search_term_string}"},"query-input":{"@type":"PropertyValueSpecification","valueRequired":true,"valueName":"search_term_string"}}],"inLanguage":"cs"},{"@type":"Organization","@id":"https:\/\/naturalpoland.com\/cs\/#organization","name":"Natural Poland","url":"https:\/\/naturalpoland.com\/cs\/","logo":{"@type":"ImageObject","inLanguage":"cs","@id":"https:\/\/naturalpoland.com\/cs\/#\/schema\/logo\/image\/","url":"https:\/\/naturalpoland.com\/wp-content\/uploads\/2021\/05\/natural-poland-icon.png","contentUrl":"https:\/\/naturalpoland.com\/wp-content\/uploads\/2021\/05\/natural-poland-icon.png","width":512,"height":512,"caption":"Natural Poland"},"image":{"@id":"https:\/\/naturalpoland.com\/cs\/#\/schema\/logo\/image\/"},"sameAs":["https:\/\/www.facebook.com\/naturalpoland.b2b","https:\/\/pl.linkedin.com\/company\/natural-poland","https:\/\/www.youtube.com\/channel\/UCgeGGkvOMahZo-xu_MSEWxg"]}]}},"_links":{"self":[{"href":"https:\/\/naturalpoland.com\/cs\/wp-json\/wp\/v2\/product\/33819","targetHints":{"allow":["GET"]}}],"collection":[{"href":"https:\/\/naturalpoland.com\/cs\/wp-json\/wp\/v2\/product"}],"about":[{"href":"https:\/\/naturalpoland.com\/cs\/wp-json\/wp\/v2\/types\/product"}],"wp:featuredmedia":[{"embeddable":true,"href":"https:\/\/naturalpoland.com\/cs\/wp-json\/wp\/v2\/media\/33779"}],"wp:attachment":[{"href":"https:\/\/naturalpoland.com\/cs\/wp-json\/wp\/v2\/media?parent=33819"}],"wp:term":[{"taxonomy":"product_brand","embeddable":true,"href":"https:\/\/naturalpoland.com\/cs\/wp-json\/wp\/v2\/product_brand?post=33819"},{"taxonomy":"product_cat","embeddable":true,"href":"https:\/\/naturalpoland.com\/cs\/wp-json\/wp\/v2\/product_cat?post=33819"},{"taxonomy":"product_tag","embeddable":true,"href":"https:\/\/naturalpoland.com\/cs\/wp-json\/wp\/v2\/product_tag?post=33819"}],"curies":[{"name":"wp","href":"https:\/\/api.w.org\/{rel}","templated":true}]}}