{"id":33840,"date":"2024-07-16T15:41:05","date_gmt":"2024-07-17T09:45:36","guid":{"rendered":"https:\/\/naturalpoland.com\/produkty\/neza\u0159azen\u00e9\/hydrolat-z-grapefruit\/"},"modified":"2024-07-17T11:45:36","modified_gmt":"2024-07-17T09:45:36","slug":"hydrolat-z-grapefruit","status":"publish","type":"product","link":"https:\/\/naturalpoland.com\/cs\/produkty\/produkty-pro-kosmeticky-prumysl\/hydrolaty-cs\/hydrolat-z-grapefruit\/","title":{"rendered":"Grapefruitov\u00fd hydrol\u00e1t"},"content":{"rendered":"<h2>Vlastnosti:<\/h2>\n<p>Grapefruitov\u00fd hydrol\u00e1t je bohat\u00fd na vitamin C a p\u0159\u00edrodn\u00ed ovocn\u00e9 kyseliny, kter\u00e9 \u00fa\u010dinn\u011b rozjas\u0148uj\u00ed ple\u0165, sni\u017euj\u00ed jej\u00ed zabarven\u00ed a dod\u00e1vaj\u00ed j\u00ed zdrav\u00fd lesk. Pravideln\u00e9 pou\u017e\u00edv\u00e1n\u00ed hydrolitu pom\u00e1h\u00e1 vyrovn\u00e1vat t\u00f3n pleti a sni\u017eovat v\u00fdskyt tmav\u00fdch skvrn.<\/p>\n<p>D\u00edky sv\u00fdm detoxika\u010dn\u00edm vlastnostem pom\u00e1h\u00e1 tento hydrol\u00e1t odstra\u0148ovat toxiny z povrchu poko\u017eky a podporuje jej\u00ed p\u0159irozen\u00e9 \u010distic\u00ed procesy. M\u00e1 tak\u00e9 antibakteri\u00e1ln\u00ed \u00fa\u010dinek, kter\u00fd pom\u00e1h\u00e1 p\u0159edch\u00e1zet tvorb\u011b pup\u00ednk\u016f a dal\u0161\u00edch nedokonalost\u00ed.<\/p>\n<p>Krom\u011b toho grapefruitov\u00fd hydrol\u00e1t dokonale \u010dist\u00ed ple\u0165, odstra\u0148uje p\u0159ebyte\u010dn\u00fd ko\u017en\u00ed maz, ne\u010distoty a zbytky make-upu.<\/p>\n<h2>Pou\u017eit\u00ed:<\/h2>\n<ol>\n<li>Kosmetika pro p\u00e9\u010di o ple\u0165: ple\u0165ov\u00e1 tonika, t\u011blov\u00e9 mlhy<\/li>\n<li>Kr\u00e9my a ple\u0165ov\u00e9 vody pro mastnou, sm\u00ed\u0161enou a problematickou ple\u0165.<\/li>\n<li>Pro \u0161ampony a kondicion\u00e9ry na vlasy<\/li>\n<li>Slo\u017eky do koupele<\/li>\n<\/ol>\n<p>&nbsp;<\/p>\n","protected":false},"excerpt":{"rendered":"<p>Grapefruitov\u00fd hydrol\u00e1t se z\u00edsk\u00e1v\u00e1 destilac\u00ed plod\u016f grapefruitu<em>(Citrus paradisi<\/em>) vodn\u00ed parou. Je cen\u011bn\u00e1 pro sv\u00e9 siln\u00e9 rozjas\u0148uj\u00edc\u00ed, detoxika\u010dn\u00ed a \u010distic\u00ed \u00fa\u010dinky.<\/p>\n<p>&nbsp;<\/p>\n","protected":false},"featured_media":33727,"template":"","meta":{"_acf_changed":false},"product_brand":[],"product_cat":[3548],"product_tag":[],"class_list":{"0":"post-33840","1":"product","2":"type-product","3":"status-publish","4":"has-post-thumbnail","6":"product_cat-hydrolaty-cs","8":"first","9":"instock","10":"shipping-taxable","11":"product-type-simple"},"acf":[],"yoast_head":"<!-- This site is optimized with the Yoast SEO plugin v27.5 - https:\/\/yoast.com\/product\/yoast-seo-wordpress\/ -->\n<title>Grapefruitov\u00fd hydrol\u00e1t - NATURAL POLAND - Velkoobchodn\u00ed distributor surovin<\/title>\n<meta name=\"description\" content=\"Grapefruitov\u00fd hydrol\u00e1t je v\u0161estrann\u00fd a \u00fa\u010dinn\u00fd kosmetick\u00fd p\u0159\u00edpravek s rozjas\u0148uj\u00edc\u00edmi, detoxika\u010dn\u00edmi a \u010distic\u00edmi vlastnostmi.\" \/>\n<meta name=\"robots\" content=\"index, follow, max-snippet:-1, max-image-preview:large, max-video-preview:-1\" \/>\n<link rel=\"canonical\" href=\"https:\/\/naturalpoland.com\/cs\/produkty\/produkty-pro-kosmeticky-prumysl\/hydrolaty-cs\/hydrolat-z-grapefruit\/\" \/>\n<meta property=\"og:locale\" content=\"cs_CZ\" \/>\n<meta property=\"og:type\" content=\"article\" \/>\n<meta property=\"og:title\" content=\"Grapefruitov\u00fd hydrol\u00e1t - NATURAL POLAND - Velkoobchodn\u00ed distributor surovin\" \/>\n<meta property=\"og:description\" content=\"Grapefruitov\u00fd hydrol\u00e1t je v\u0161estrann\u00fd a \u00fa\u010dinn\u00fd kosmetick\u00fd p\u0159\u00edpravek s rozjas\u0148uj\u00edc\u00edmi, detoxika\u010dn\u00edmi a \u010distic\u00edmi vlastnostmi.\" \/>\n<meta property=\"og:url\" content=\"https:\/\/naturalpoland.com\/cs\/produkty\/produkty-pro-kosmeticky-prumysl\/hydrolaty-cs\/hydrolat-z-grapefruit\/\" \/>\n<meta property=\"og:site_name\" content=\"NATURAL POLAND - Velkoobchodn\u00ed distributor surovin\" \/>\n<meta property=\"article:publisher\" content=\"https:\/\/www.facebook.com\/naturalpoland.b2b\" \/>\n<meta property=\"og:image\" content=\"https:\/\/naturalpoland.com\/wp-content\/uploads\/hydrolat-z-grapefruita.webp\" \/>\n\t<meta property=\"og:image:width\" content=\"608\" \/>\n\t<meta property=\"og:image:height\" content=\"608\" \/>\n\t<meta property=\"og:image:type\" content=\"image\/webp\" \/>\n<script type=\"application\/ld+json\" class=\"yoast-schema-graph\">{\"@context\":\"https:\\\/\\\/schema.org\",\"@graph\":[{\"@type\":\"WebPage\",\"@id\":\"https:\\\/\\\/naturalpoland.com\\\/cs\\\/produkty\\\/produkty-pro-kosmeticky-prumysl\\\/hydrolaty-cs\\\/hydrolat-z-grapefruit\\\/\",\"url\":\"https:\\\/\\\/naturalpoland.com\\\/cs\\\/produkty\\\/produkty-pro-kosmeticky-prumysl\\\/hydrolaty-cs\\\/hydrolat-z-grapefruit\\\/\",\"name\":\"Grapefruitov\u00fd hydrol\u00e1t - NATURAL POLAND - Velkoobchodn\u00ed distributor surovin\",\"isPartOf\":{\"@id\":\"https:\\\/\\\/naturalpoland.com\\\/cs\\\/#website\"},\"primaryImageOfPage\":{\"@id\":\"https:\\\/\\\/naturalpoland.com\\\/cs\\\/produkty\\\/produkty-pro-kosmeticky-prumysl\\\/hydrolaty-cs\\\/hydrolat-z-grapefruit\\\/#primaryimage\"},\"image\":{\"@id\":\"https:\\\/\\\/naturalpoland.com\\\/cs\\\/produkty\\\/produkty-pro-kosmeticky-prumysl\\\/hydrolaty-cs\\\/hydrolat-z-grapefruit\\\/#primaryimage\"},\"thumbnailUrl\":\"https:\\\/\\\/naturalpoland.com\\\/wp-content\\\/uploads\\\/hydrolat-z-grapefruita.webp\",\"datePublished\":\"2024-07-17T09:45:36+00:00\",\"description\":\"Grapefruitov\u00fd hydrol\u00e1t je v\u0161estrann\u00fd a \u00fa\u010dinn\u00fd kosmetick\u00fd p\u0159\u00edpravek s rozjas\u0148uj\u00edc\u00edmi, detoxika\u010dn\u00edmi a \u010distic\u00edmi vlastnostmi.\",\"breadcrumb\":{\"@id\":\"https:\\\/\\\/naturalpoland.com\\\/cs\\\/produkty\\\/produkty-pro-kosmeticky-prumysl\\\/hydrolaty-cs\\\/hydrolat-z-grapefruit\\\/#breadcrumb\"},\"inLanguage\":\"cs\",\"potentialAction\":[{\"@type\":\"ReadAction\",\"target\":[\"https:\\\/\\\/naturalpoland.com\\\/cs\\\/produkty\\\/produkty-pro-kosmeticky-prumysl\\\/hydrolaty-cs\\\/hydrolat-z-grapefruit\\\/\"]}]},{\"@type\":\"ImageObject\",\"inLanguage\":\"cs\",\"@id\":\"https:\\\/\\\/naturalpoland.com\\\/cs\\\/produkty\\\/produkty-pro-kosmeticky-prumysl\\\/hydrolaty-cs\\\/hydrolat-z-grapefruit\\\/#primaryimage\",\"url\":\"https:\\\/\\\/naturalpoland.com\\\/wp-content\\\/uploads\\\/hydrolat-z-grapefruita.webp\",\"contentUrl\":\"https:\\\/\\\/naturalpoland.com\\\/wp-content\\\/uploads\\\/hydrolat-z-grapefruita.webp\",\"width\":608,\"height\":608,\"caption\":\"Hydrolat z grapefruita\"},{\"@type\":\"BreadcrumbList\",\"@id\":\"https:\\\/\\\/naturalpoland.com\\\/cs\\\/produkty\\\/produkty-pro-kosmeticky-prumysl\\\/hydrolaty-cs\\\/hydrolat-z-grapefruit\\\/#breadcrumb\",\"itemListElement\":[{\"@type\":\"ListItem\",\"position\":1,\"name\":\"Dom\u016f\",\"item\":\"https:\\\/\\\/naturalpoland.com\\\/cs\\\/\"},{\"@type\":\"ListItem\",\"position\":2,\"name\":\"Produkty\",\"item\":\"https:\\\/\\\/naturalpoland.com\\\/cs\\\/produkty\\\/\"},{\"@type\":\"ListItem\",\"position\":3,\"name\":\"Grapefruitov\u00fd hydrol\u00e1t\"}]},{\"@type\":\"WebSite\",\"@id\":\"https:\\\/\\\/naturalpoland.com\\\/cs\\\/#website\",\"url\":\"https:\\\/\\\/naturalpoland.com\\\/cs\\\/\",\"name\":\"NATURAL POLAND - Velkoobchodn\u00ed distributor surovin\",\"description\":\"Surowce dla przemys\u0142u spo\u017cywczego, kosmetycznego i farmaceutycznego\",\"publisher\":{\"@id\":\"https:\\\/\\\/naturalpoland.com\\\/cs\\\/#organization\"},\"potentialAction\":[{\"@type\":\"SearchAction\",\"target\":{\"@type\":\"EntryPoint\",\"urlTemplate\":\"https:\\\/\\\/naturalpoland.com\\\/cs\\\/?s={search_term_string}\"},\"query-input\":{\"@type\":\"PropertyValueSpecification\",\"valueRequired\":true,\"valueName\":\"search_term_string\"}}],\"inLanguage\":\"cs\"},{\"@type\":\"Organization\",\"@id\":\"https:\\\/\\\/naturalpoland.com\\\/cs\\\/#organization\",\"name\":\"Natural Poland\",\"url\":\"https:\\\/\\\/naturalpoland.com\\\/cs\\\/\",\"logo\":{\"@type\":\"ImageObject\",\"inLanguage\":\"cs\",\"@id\":\"https:\\\/\\\/naturalpoland.com\\\/cs\\\/#\\\/schema\\\/logo\\\/image\\\/\",\"url\":\"https:\\\/\\\/naturalpoland.com\\\/wp-content\\\/uploads\\\/2021\\\/05\\\/natural-poland-icon.png\",\"contentUrl\":\"https:\\\/\\\/naturalpoland.com\\\/wp-content\\\/uploads\\\/2021\\\/05\\\/natural-poland-icon.png\",\"width\":512,\"height\":512,\"caption\":\"Natural Poland\"},\"image\":{\"@id\":\"https:\\\/\\\/naturalpoland.com\\\/cs\\\/#\\\/schema\\\/logo\\\/image\\\/\"},\"sameAs\":[\"https:\\\/\\\/www.facebook.com\\\/naturalpoland.b2b\",\"https:\\\/\\\/pl.linkedin.com\\\/company\\\/natural-poland\",\"https:\\\/\\\/www.youtube.com\\\/channel\\\/UCgeGGkvOMahZo-xu_MSEWxg\"]}]}<\/script>\n<!-- \/ Yoast SEO plugin. -->","yoast_head_json":{"title":"Grapefruitov\u00fd hydrol\u00e1t - NATURAL POLAND - Velkoobchodn\u00ed distributor surovin","description":"Grapefruitov\u00fd hydrol\u00e1t je v\u0161estrann\u00fd a \u00fa\u010dinn\u00fd kosmetick\u00fd p\u0159\u00edpravek s rozjas\u0148uj\u00edc\u00edmi, detoxika\u010dn\u00edmi a \u010distic\u00edmi vlastnostmi.","robots":{"index":"index","follow":"follow","max-snippet":"max-snippet:-1","max-image-preview":"max-image-preview:large","max-video-preview":"max-video-preview:-1"},"canonical":"https:\/\/naturalpoland.com\/cs\/produkty\/produkty-pro-kosmeticky-prumysl\/hydrolaty-cs\/hydrolat-z-grapefruit\/","og_locale":"cs_CZ","og_type":"article","og_title":"Grapefruitov\u00fd hydrol\u00e1t - NATURAL POLAND - Velkoobchodn\u00ed distributor surovin","og_description":"Grapefruitov\u00fd hydrol\u00e1t je v\u0161estrann\u00fd a \u00fa\u010dinn\u00fd kosmetick\u00fd p\u0159\u00edpravek s rozjas\u0148uj\u00edc\u00edmi, detoxika\u010dn\u00edmi a \u010distic\u00edmi vlastnostmi.","og_url":"https:\/\/naturalpoland.com\/cs\/produkty\/produkty-pro-kosmeticky-prumysl\/hydrolaty-cs\/hydrolat-z-grapefruit\/","og_site_name":"NATURAL POLAND - Velkoobchodn\u00ed distributor surovin","article_publisher":"https:\/\/www.facebook.com\/naturalpoland.b2b","og_image":[{"width":608,"height":608,"url":"https:\/\/naturalpoland.com\/wp-content\/uploads\/hydrolat-z-grapefruita.webp","type":"image\/webp"}],"schema":{"@context":"https:\/\/schema.org","@graph":[{"@type":"WebPage","@id":"https:\/\/naturalpoland.com\/cs\/produkty\/produkty-pro-kosmeticky-prumysl\/hydrolaty-cs\/hydrolat-z-grapefruit\/","url":"https:\/\/naturalpoland.com\/cs\/produkty\/produkty-pro-kosmeticky-prumysl\/hydrolaty-cs\/hydrolat-z-grapefruit\/","name":"Grapefruitov\u00fd hydrol\u00e1t - NATURAL POLAND - Velkoobchodn\u00ed distributor surovin","isPartOf":{"@id":"https:\/\/naturalpoland.com\/cs\/#website"},"primaryImageOfPage":{"@id":"https:\/\/naturalpoland.com\/cs\/produkty\/produkty-pro-kosmeticky-prumysl\/hydrolaty-cs\/hydrolat-z-grapefruit\/#primaryimage"},"image":{"@id":"https:\/\/naturalpoland.com\/cs\/produkty\/produkty-pro-kosmeticky-prumysl\/hydrolaty-cs\/hydrolat-z-grapefruit\/#primaryimage"},"thumbnailUrl":"https:\/\/naturalpoland.com\/wp-content\/uploads\/hydrolat-z-grapefruita.webp","datePublished":"2024-07-17T09:45:36+00:00","description":"Grapefruitov\u00fd hydrol\u00e1t je v\u0161estrann\u00fd a \u00fa\u010dinn\u00fd kosmetick\u00fd p\u0159\u00edpravek s rozjas\u0148uj\u00edc\u00edmi, detoxika\u010dn\u00edmi a \u010distic\u00edmi vlastnostmi.","breadcrumb":{"@id":"https:\/\/naturalpoland.com\/cs\/produkty\/produkty-pro-kosmeticky-prumysl\/hydrolaty-cs\/hydrolat-z-grapefruit\/#breadcrumb"},"inLanguage":"cs","potentialAction":[{"@type":"ReadAction","target":["https:\/\/naturalpoland.com\/cs\/produkty\/produkty-pro-kosmeticky-prumysl\/hydrolaty-cs\/hydrolat-z-grapefruit\/"]}]},{"@type":"ImageObject","inLanguage":"cs","@id":"https:\/\/naturalpoland.com\/cs\/produkty\/produkty-pro-kosmeticky-prumysl\/hydrolaty-cs\/hydrolat-z-grapefruit\/#primaryimage","url":"https:\/\/naturalpoland.com\/wp-content\/uploads\/hydrolat-z-grapefruita.webp","contentUrl":"https:\/\/naturalpoland.com\/wp-content\/uploads\/hydrolat-z-grapefruita.webp","width":608,"height":608,"caption":"Hydrolat z grapefruita"},{"@type":"BreadcrumbList","@id":"https:\/\/naturalpoland.com\/cs\/produkty\/produkty-pro-kosmeticky-prumysl\/hydrolaty-cs\/hydrolat-z-grapefruit\/#breadcrumb","itemListElement":[{"@type":"ListItem","position":1,"name":"Dom\u016f","item":"https:\/\/naturalpoland.com\/cs\/"},{"@type":"ListItem","position":2,"name":"Produkty","item":"https:\/\/naturalpoland.com\/cs\/produkty\/"},{"@type":"ListItem","position":3,"name":"Grapefruitov\u00fd hydrol\u00e1t"}]},{"@type":"WebSite","@id":"https:\/\/naturalpoland.com\/cs\/#website","url":"https:\/\/naturalpoland.com\/cs\/","name":"NATURAL POLAND - Velkoobchodn\u00ed distributor surovin","description":"Surowce dla przemys\u0142u spo\u017cywczego, kosmetycznego i farmaceutycznego","publisher":{"@id":"https:\/\/naturalpoland.com\/cs\/#organization"},"potentialAction":[{"@type":"SearchAction","target":{"@type":"EntryPoint","urlTemplate":"https:\/\/naturalpoland.com\/cs\/?s={search_term_string}"},"query-input":{"@type":"PropertyValueSpecification","valueRequired":true,"valueName":"search_term_string"}}],"inLanguage":"cs"},{"@type":"Organization","@id":"https:\/\/naturalpoland.com\/cs\/#organization","name":"Natural Poland","url":"https:\/\/naturalpoland.com\/cs\/","logo":{"@type":"ImageObject","inLanguage":"cs","@id":"https:\/\/naturalpoland.com\/cs\/#\/schema\/logo\/image\/","url":"https:\/\/naturalpoland.com\/wp-content\/uploads\/2021\/05\/natural-poland-icon.png","contentUrl":"https:\/\/naturalpoland.com\/wp-content\/uploads\/2021\/05\/natural-poland-icon.png","width":512,"height":512,"caption":"Natural Poland"},"image":{"@id":"https:\/\/naturalpoland.com\/cs\/#\/schema\/logo\/image\/"},"sameAs":["https:\/\/www.facebook.com\/naturalpoland.b2b","https:\/\/pl.linkedin.com\/company\/natural-poland","https:\/\/www.youtube.com\/channel\/UCgeGGkvOMahZo-xu_MSEWxg"]}]}},"_links":{"self":[{"href":"https:\/\/naturalpoland.com\/cs\/wp-json\/wp\/v2\/product\/33840","targetHints":{"allow":["GET"]}}],"collection":[{"href":"https:\/\/naturalpoland.com\/cs\/wp-json\/wp\/v2\/product"}],"about":[{"href":"https:\/\/naturalpoland.com\/cs\/wp-json\/wp\/v2\/types\/product"}],"wp:featuredmedia":[{"embeddable":true,"href":"https:\/\/naturalpoland.com\/cs\/wp-json\/wp\/v2\/media\/33727"}],"wp:attachment":[{"href":"https:\/\/naturalpoland.com\/cs\/wp-json\/wp\/v2\/media?parent=33840"}],"wp:term":[{"taxonomy":"product_brand","embeddable":true,"href":"https:\/\/naturalpoland.com\/cs\/wp-json\/wp\/v2\/product_brand?post=33840"},{"taxonomy":"product_cat","embeddable":true,"href":"https:\/\/naturalpoland.com\/cs\/wp-json\/wp\/v2\/product_cat?post=33840"},{"taxonomy":"product_tag","embeddable":true,"href":"https:\/\/naturalpoland.com\/cs\/wp-json\/wp\/v2\/product_tag?post=33840"}],"curies":[{"name":"wp","href":"https:\/\/api.w.org\/{rel}","templated":true}]}}