{"id":33939,"date":"2024-07-04T11:56:50","date_gmt":"2024-07-17T10:31:54","guid":{"rendered":"https:\/\/naturalpoland.com\/produkty\/neza\u0159azen\u00e9\/kurkumol-lsme-kurkumin\/"},"modified":"2024-07-17T12:31:54","modified_gmt":"2024-07-17T10:31:54","slug":"kurkumol-lsme-kurkumin","status":"publish","type":"product","link":"https:\/\/naturalpoland.com\/cs\/produkty\/produkty-pro-farmaceuticky-a-zdravotnicky-prumysl\/pridavky-k-doplnkum-stravy\/kurkumol-lsme-kurkumin\/","title":{"rendered":"CurcuSol\u2122 (kurkumin)"},"content":{"rendered":"<p>Jedn\u00e1 se o produkt, kter\u00fd podporuje imunitn\u00ed syst\u00e9m, tr\u00e1ven\u00ed, neurologick\u00e9 funkce a mnoho dal\u0161\u00edch aspekt\u016f zdrav\u00ed, co\u017e z n\u011bj \u010din\u00ed \u00fa\u010dinn\u00fd dopln\u011bk dopl\u0148k\u016f stravy a funk\u010dn\u00edch potravin.<\/p>\n<h2>V\u00fdhody technologie BioSNEDS\u2122<\/h2>\n<ul>\n<li>CurcuSol\u2122 je 40kr\u00e1t biologicky dostupn\u011bj\u0161\u00ed ne\u017e b\u011b\u017en\u00fd kurkumin, co\u017e znamen\u00e1, \u017ee 38 mg aktivn\u00edho kurkuminu v p\u0159\u00edpravku BioSNEDS\u2122 je bioekvivalentn\u00ed 1 500 mg b\u011b\u017en\u00e9ho kurkuminu.<\/li>\n<li>V\u00edce d\u00e1vek na kilogram &#8211; 2 631 d\u00e1vek na kilogram ve srovn\u00e1n\u00ed s 633 d\u00e1vkami b\u011b\u017en\u00e9ho kurkuminu.<\/li>\n<li>Dostupn\u00e9 ve form\u011b pr\u00e1\u0161k\u016f a emulz\u00ed s neutr\u00e1ln\u00ed chut\u00ed a bez z\u00e1pachu.<\/li>\n<\/ul>\n<h2>Pou\u017eit\u00ed:<\/h2>\n<p>Dopl\u0148ky stravy, funk\u010dn\u00ed potraviny, lok\u00e1ln\u00ed kosmetika, v\u00fd\u017eiva zv\u00ed\u0159at.<\/p>\n<h2>Zdravotn\u00ed v\u00fdhody<\/h2>\n<ul>\n<li>Posiluje obranyschopnost organismu.<\/li>\n<li>Podporuje zdrav\u00e9 tr\u00e1ven\u00ed a funkci mikrobiomu.<\/li>\n<li>Pom\u00e1h\u00e1 udr\u017eovat zdravou hladinu cukru v krvi.<\/li>\n<li>Podporuje zdrav\u00ed mozku a neurologick\u00e9 funkce.<\/li>\n<li>Sni\u017euje z\u00e1n\u011bt v t\u011ble.<\/li>\n<li>Podporuje kardiovaskul\u00e1rn\u00ed zdrav\u00ed.<\/li>\n<li>Pom\u00e1h\u00e1 p\u0159i regeneraci po cvi\u010den\u00ed.<\/li>\n<li>Chr\u00e1n\u00ed bu\u0148ky p\u0159ed oxida\u010dn\u00edm stresem, kter\u00fd m\u016f\u017ee zabr\u00e1nit st\u00e1rnut\u00ed.<\/li>\n<li>M\u016f\u017ee se pou\u017e\u00edvat v p\u0159\u00edpravc\u00edch pro p\u00e9\u010di o ple\u0165.<\/li>\n<\/ul>\n","protected":false},"excerpt":{"rendered":"<p><strong>CurcuSol\u2122 <\/strong>je pokro\u010dil\u00fd produkt vyu\u017e\u00edvaj\u00edc\u00ed technologii BioSNEDS\u2122, kter\u00e1 v\u00fdrazn\u011b zvy\u0161uje biologickou dostupnost kurkuminu, hlavn\u00ed \u00fa\u010dinn\u00e9 slo\u017eky kurkumy, zn\u00e1m\u00e9 sv\u00fdmi protiz\u00e1n\u011btliv\u00fdmi a antioxida\u010dn\u00edmi vlastnostmi.<\/p>\n","protected":false},"featured_media":33173,"template":"","meta":{"_acf_changed":false},"product_brand":[],"product_cat":[629],"product_tag":[],"class_list":{"0":"post-33939","1":"product","2":"type-product","3":"status-publish","4":"has-post-thumbnail","6":"product_cat-pridavky-k-doplnkum-stravy","7":"pa_grupa-substancji-nutraceutika","8":"pa_technologia-technologie-biosneds","10":"first","11":"instock","12":"shipping-taxable","13":"product-type-simple"},"acf":[],"yoast_head":"<!-- This site is optimized with the Yoast SEO plugin v27.4 - https:\/\/yoast.com\/product\/yoast-seo-wordpress\/ -->\n<title>CurcuSol\u2122 (kurkumin) - NATURAL POLAND - Velkoobchodn\u00ed distributor surovin<\/title>\n<meta name=\"description\" content=\"CurcuSol\u2122 LSMe je pokro\u010dil\u00fd produkt vyu\u017e\u00edvaj\u00edc\u00ed technologii BioSNEDS\u2122, kter\u00e1 v\u00fdrazn\u011b zvy\u0161uje biologickou dostupnost kurkuminu.\" \/>\n<meta name=\"robots\" content=\"index, follow, max-snippet:-1, max-image-preview:large, max-video-preview:-1\" \/>\n<link rel=\"canonical\" href=\"https:\/\/naturalpoland.com\/cs\/produkty\/produkty-pro-farmaceuticky-a-zdravotnicky-prumysl\/pridavky-k-doplnkum-stravy\/kurkumol-lsme-kurkumin\/\" \/>\n<meta property=\"og:locale\" content=\"cs_CZ\" \/>\n<meta property=\"og:type\" content=\"article\" \/>\n<meta property=\"og:title\" content=\"CurcuSol\u2122 (kurkumin) - NATURAL POLAND - Velkoobchodn\u00ed distributor surovin\" \/>\n<meta property=\"og:description\" content=\"CurcuSol\u2122 LSMe je pokro\u010dil\u00fd produkt vyu\u017e\u00edvaj\u00edc\u00ed technologii BioSNEDS\u2122, kter\u00e1 v\u00fdrazn\u011b zvy\u0161uje biologickou dostupnost kurkuminu.\" \/>\n<meta property=\"og:url\" content=\"https:\/\/naturalpoland.com\/cs\/produkty\/produkty-pro-farmaceuticky-a-zdravotnicky-prumysl\/pridavky-k-doplnkum-stravy\/kurkumol-lsme-kurkumin\/\" \/>\n<meta property=\"og:site_name\" content=\"NATURAL POLAND - Velkoobchodn\u00ed distributor surovin\" \/>\n<meta property=\"article:publisher\" content=\"https:\/\/www.facebook.com\/naturalpoland.b2b\" \/>\n<meta property=\"og:image\" content=\"https:\/\/naturalpoland.com\/wp-content\/uploads\/kurkumina.webp\" \/>\n\t<meta property=\"og:image:width\" content=\"614\" \/>\n\t<meta property=\"og:image:height\" content=\"614\" \/>\n\t<meta property=\"og:image:type\" content=\"image\/webp\" \/>\n<script type=\"application\/ld+json\" class=\"yoast-schema-graph\">{\"@context\":\"https:\\\/\\\/schema.org\",\"@graph\":[{\"@type\":\"WebPage\",\"@id\":\"https:\\\/\\\/naturalpoland.com\\\/cs\\\/produkty\\\/produkty-pro-farmaceuticky-a-zdravotnicky-prumysl\\\/pridavky-k-doplnkum-stravy\\\/kurkumol-lsme-kurkumin\\\/\",\"url\":\"https:\\\/\\\/naturalpoland.com\\\/cs\\\/produkty\\\/produkty-pro-farmaceuticky-a-zdravotnicky-prumysl\\\/pridavky-k-doplnkum-stravy\\\/kurkumol-lsme-kurkumin\\\/\",\"name\":\"CurcuSol\u2122 (kurkumin) - NATURAL POLAND - Velkoobchodn\u00ed distributor surovin\",\"isPartOf\":{\"@id\":\"https:\\\/\\\/naturalpoland.com\\\/cs\\\/#website\"},\"primaryImageOfPage\":{\"@id\":\"https:\\\/\\\/naturalpoland.com\\\/cs\\\/produkty\\\/produkty-pro-farmaceuticky-a-zdravotnicky-prumysl\\\/pridavky-k-doplnkum-stravy\\\/kurkumol-lsme-kurkumin\\\/#primaryimage\"},\"image\":{\"@id\":\"https:\\\/\\\/naturalpoland.com\\\/cs\\\/produkty\\\/produkty-pro-farmaceuticky-a-zdravotnicky-prumysl\\\/pridavky-k-doplnkum-stravy\\\/kurkumol-lsme-kurkumin\\\/#primaryimage\"},\"thumbnailUrl\":\"https:\\\/\\\/naturalpoland.com\\\/wp-content\\\/uploads\\\/kurkumina.webp\",\"datePublished\":\"2024-07-17T10:31:54+00:00\",\"description\":\"CurcuSol\u2122 LSMe je pokro\u010dil\u00fd produkt vyu\u017e\u00edvaj\u00edc\u00ed technologii BioSNEDS\u2122, kter\u00e1 v\u00fdrazn\u011b zvy\u0161uje biologickou dostupnost kurkuminu.\",\"breadcrumb\":{\"@id\":\"https:\\\/\\\/naturalpoland.com\\\/cs\\\/produkty\\\/produkty-pro-farmaceuticky-a-zdravotnicky-prumysl\\\/pridavky-k-doplnkum-stravy\\\/kurkumol-lsme-kurkumin\\\/#breadcrumb\"},\"inLanguage\":\"cs\",\"potentialAction\":[{\"@type\":\"ReadAction\",\"target\":[\"https:\\\/\\\/naturalpoland.com\\\/cs\\\/produkty\\\/produkty-pro-farmaceuticky-a-zdravotnicky-prumysl\\\/pridavky-k-doplnkum-stravy\\\/kurkumol-lsme-kurkumin\\\/\"]}]},{\"@type\":\"ImageObject\",\"inLanguage\":\"cs\",\"@id\":\"https:\\\/\\\/naturalpoland.com\\\/cs\\\/produkty\\\/produkty-pro-farmaceuticky-a-zdravotnicky-prumysl\\\/pridavky-k-doplnkum-stravy\\\/kurkumol-lsme-kurkumin\\\/#primaryimage\",\"url\":\"https:\\\/\\\/naturalpoland.com\\\/wp-content\\\/uploads\\\/kurkumina.webp\",\"contentUrl\":\"https:\\\/\\\/naturalpoland.com\\\/wp-content\\\/uploads\\\/kurkumina.webp\",\"width\":614,\"height\":614,\"caption\":\"kurkumina\"},{\"@type\":\"BreadcrumbList\",\"@id\":\"https:\\\/\\\/naturalpoland.com\\\/cs\\\/produkty\\\/produkty-pro-farmaceuticky-a-zdravotnicky-prumysl\\\/pridavky-k-doplnkum-stravy\\\/kurkumol-lsme-kurkumin\\\/#breadcrumb\",\"itemListElement\":[{\"@type\":\"ListItem\",\"position\":1,\"name\":\"Dom\u016f\",\"item\":\"https:\\\/\\\/naturalpoland.com\\\/cs\\\/\"},{\"@type\":\"ListItem\",\"position\":2,\"name\":\"Produkty\",\"item\":\"https:\\\/\\\/naturalpoland.com\\\/cs\\\/produkty\\\/\"},{\"@type\":\"ListItem\",\"position\":3,\"name\":\"CurcuSol\u2122 (kurkumin)\"}]},{\"@type\":\"WebSite\",\"@id\":\"https:\\\/\\\/naturalpoland.com\\\/cs\\\/#website\",\"url\":\"https:\\\/\\\/naturalpoland.com\\\/cs\\\/\",\"name\":\"NATURAL POLAND - Velkoobchodn\u00ed distributor surovin\",\"description\":\"Surowce dla przemys\u0142u spo\u017cywczego, kosmetycznego i farmaceutycznego\",\"publisher\":{\"@id\":\"https:\\\/\\\/naturalpoland.com\\\/cs\\\/#organization\"},\"potentialAction\":[{\"@type\":\"SearchAction\",\"target\":{\"@type\":\"EntryPoint\",\"urlTemplate\":\"https:\\\/\\\/naturalpoland.com\\\/cs\\\/?s={search_term_string}\"},\"query-input\":{\"@type\":\"PropertyValueSpecification\",\"valueRequired\":true,\"valueName\":\"search_term_string\"}}],\"inLanguage\":\"cs\"},{\"@type\":\"Organization\",\"@id\":\"https:\\\/\\\/naturalpoland.com\\\/cs\\\/#organization\",\"name\":\"Natural Poland\",\"url\":\"https:\\\/\\\/naturalpoland.com\\\/cs\\\/\",\"logo\":{\"@type\":\"ImageObject\",\"inLanguage\":\"cs\",\"@id\":\"https:\\\/\\\/naturalpoland.com\\\/cs\\\/#\\\/schema\\\/logo\\\/image\\\/\",\"url\":\"https:\\\/\\\/naturalpoland.com\\\/wp-content\\\/uploads\\\/2021\\\/05\\\/natural-poland-icon.png\",\"contentUrl\":\"https:\\\/\\\/naturalpoland.com\\\/wp-content\\\/uploads\\\/2021\\\/05\\\/natural-poland-icon.png\",\"width\":512,\"height\":512,\"caption\":\"Natural Poland\"},\"image\":{\"@id\":\"https:\\\/\\\/naturalpoland.com\\\/cs\\\/#\\\/schema\\\/logo\\\/image\\\/\"},\"sameAs\":[\"https:\\\/\\\/www.facebook.com\\\/naturalpoland.b2b\",\"https:\\\/\\\/pl.linkedin.com\\\/company\\\/natural-poland\",\"https:\\\/\\\/www.youtube.com\\\/channel\\\/UCgeGGkvOMahZo-xu_MSEWxg\"]}]}<\/script>\n<!-- \/ Yoast SEO plugin. -->","yoast_head_json":{"title":"CurcuSol\u2122 (kurkumin) - NATURAL POLAND - Velkoobchodn\u00ed distributor surovin","description":"CurcuSol\u2122 LSMe je pokro\u010dil\u00fd produkt vyu\u017e\u00edvaj\u00edc\u00ed technologii BioSNEDS\u2122, kter\u00e1 v\u00fdrazn\u011b zvy\u0161uje biologickou dostupnost kurkuminu.","robots":{"index":"index","follow":"follow","max-snippet":"max-snippet:-1","max-image-preview":"max-image-preview:large","max-video-preview":"max-video-preview:-1"},"canonical":"https:\/\/naturalpoland.com\/cs\/produkty\/produkty-pro-farmaceuticky-a-zdravotnicky-prumysl\/pridavky-k-doplnkum-stravy\/kurkumol-lsme-kurkumin\/","og_locale":"cs_CZ","og_type":"article","og_title":"CurcuSol\u2122 (kurkumin) - NATURAL POLAND - Velkoobchodn\u00ed distributor surovin","og_description":"CurcuSol\u2122 LSMe je pokro\u010dil\u00fd produkt vyu\u017e\u00edvaj\u00edc\u00ed technologii BioSNEDS\u2122, kter\u00e1 v\u00fdrazn\u011b zvy\u0161uje biologickou dostupnost kurkuminu.","og_url":"https:\/\/naturalpoland.com\/cs\/produkty\/produkty-pro-farmaceuticky-a-zdravotnicky-prumysl\/pridavky-k-doplnkum-stravy\/kurkumol-lsme-kurkumin\/","og_site_name":"NATURAL POLAND - Velkoobchodn\u00ed distributor surovin","article_publisher":"https:\/\/www.facebook.com\/naturalpoland.b2b","og_image":[{"width":614,"height":614,"url":"https:\/\/naturalpoland.com\/wp-content\/uploads\/kurkumina.webp","type":"image\/webp"}],"schema":{"@context":"https:\/\/schema.org","@graph":[{"@type":"WebPage","@id":"https:\/\/naturalpoland.com\/cs\/produkty\/produkty-pro-farmaceuticky-a-zdravotnicky-prumysl\/pridavky-k-doplnkum-stravy\/kurkumol-lsme-kurkumin\/","url":"https:\/\/naturalpoland.com\/cs\/produkty\/produkty-pro-farmaceuticky-a-zdravotnicky-prumysl\/pridavky-k-doplnkum-stravy\/kurkumol-lsme-kurkumin\/","name":"CurcuSol\u2122 (kurkumin) - NATURAL POLAND - Velkoobchodn\u00ed distributor surovin","isPartOf":{"@id":"https:\/\/naturalpoland.com\/cs\/#website"},"primaryImageOfPage":{"@id":"https:\/\/naturalpoland.com\/cs\/produkty\/produkty-pro-farmaceuticky-a-zdravotnicky-prumysl\/pridavky-k-doplnkum-stravy\/kurkumol-lsme-kurkumin\/#primaryimage"},"image":{"@id":"https:\/\/naturalpoland.com\/cs\/produkty\/produkty-pro-farmaceuticky-a-zdravotnicky-prumysl\/pridavky-k-doplnkum-stravy\/kurkumol-lsme-kurkumin\/#primaryimage"},"thumbnailUrl":"https:\/\/naturalpoland.com\/wp-content\/uploads\/kurkumina.webp","datePublished":"2024-07-17T10:31:54+00:00","description":"CurcuSol\u2122 LSMe je pokro\u010dil\u00fd produkt vyu\u017e\u00edvaj\u00edc\u00ed technologii BioSNEDS\u2122, kter\u00e1 v\u00fdrazn\u011b zvy\u0161uje biologickou dostupnost kurkuminu.","breadcrumb":{"@id":"https:\/\/naturalpoland.com\/cs\/produkty\/produkty-pro-farmaceuticky-a-zdravotnicky-prumysl\/pridavky-k-doplnkum-stravy\/kurkumol-lsme-kurkumin\/#breadcrumb"},"inLanguage":"cs","potentialAction":[{"@type":"ReadAction","target":["https:\/\/naturalpoland.com\/cs\/produkty\/produkty-pro-farmaceuticky-a-zdravotnicky-prumysl\/pridavky-k-doplnkum-stravy\/kurkumol-lsme-kurkumin\/"]}]},{"@type":"ImageObject","inLanguage":"cs","@id":"https:\/\/naturalpoland.com\/cs\/produkty\/produkty-pro-farmaceuticky-a-zdravotnicky-prumysl\/pridavky-k-doplnkum-stravy\/kurkumol-lsme-kurkumin\/#primaryimage","url":"https:\/\/naturalpoland.com\/wp-content\/uploads\/kurkumina.webp","contentUrl":"https:\/\/naturalpoland.com\/wp-content\/uploads\/kurkumina.webp","width":614,"height":614,"caption":"kurkumina"},{"@type":"BreadcrumbList","@id":"https:\/\/naturalpoland.com\/cs\/produkty\/produkty-pro-farmaceuticky-a-zdravotnicky-prumysl\/pridavky-k-doplnkum-stravy\/kurkumol-lsme-kurkumin\/#breadcrumb","itemListElement":[{"@type":"ListItem","position":1,"name":"Dom\u016f","item":"https:\/\/naturalpoland.com\/cs\/"},{"@type":"ListItem","position":2,"name":"Produkty","item":"https:\/\/naturalpoland.com\/cs\/produkty\/"},{"@type":"ListItem","position":3,"name":"CurcuSol\u2122 (kurkumin)"}]},{"@type":"WebSite","@id":"https:\/\/naturalpoland.com\/cs\/#website","url":"https:\/\/naturalpoland.com\/cs\/","name":"NATURAL POLAND - Velkoobchodn\u00ed distributor surovin","description":"Surowce dla przemys\u0142u spo\u017cywczego, kosmetycznego i farmaceutycznego","publisher":{"@id":"https:\/\/naturalpoland.com\/cs\/#organization"},"potentialAction":[{"@type":"SearchAction","target":{"@type":"EntryPoint","urlTemplate":"https:\/\/naturalpoland.com\/cs\/?s={search_term_string}"},"query-input":{"@type":"PropertyValueSpecification","valueRequired":true,"valueName":"search_term_string"}}],"inLanguage":"cs"},{"@type":"Organization","@id":"https:\/\/naturalpoland.com\/cs\/#organization","name":"Natural Poland","url":"https:\/\/naturalpoland.com\/cs\/","logo":{"@type":"ImageObject","inLanguage":"cs","@id":"https:\/\/naturalpoland.com\/cs\/#\/schema\/logo\/image\/","url":"https:\/\/naturalpoland.com\/wp-content\/uploads\/2021\/05\/natural-poland-icon.png","contentUrl":"https:\/\/naturalpoland.com\/wp-content\/uploads\/2021\/05\/natural-poland-icon.png","width":512,"height":512,"caption":"Natural Poland"},"image":{"@id":"https:\/\/naturalpoland.com\/cs\/#\/schema\/logo\/image\/"},"sameAs":["https:\/\/www.facebook.com\/naturalpoland.b2b","https:\/\/pl.linkedin.com\/company\/natural-poland","https:\/\/www.youtube.com\/channel\/UCgeGGkvOMahZo-xu_MSEWxg"]}]}},"_links":{"self":[{"href":"https:\/\/naturalpoland.com\/cs\/wp-json\/wp\/v2\/product\/33939","targetHints":{"allow":["GET"]}}],"collection":[{"href":"https:\/\/naturalpoland.com\/cs\/wp-json\/wp\/v2\/product"}],"about":[{"href":"https:\/\/naturalpoland.com\/cs\/wp-json\/wp\/v2\/types\/product"}],"wp:featuredmedia":[{"embeddable":true,"href":"https:\/\/naturalpoland.com\/cs\/wp-json\/wp\/v2\/media\/33173"}],"wp:attachment":[{"href":"https:\/\/naturalpoland.com\/cs\/wp-json\/wp\/v2\/media?parent=33939"}],"wp:term":[{"taxonomy":"product_brand","embeddable":true,"href":"https:\/\/naturalpoland.com\/cs\/wp-json\/wp\/v2\/product_brand?post=33939"},{"taxonomy":"product_cat","embeddable":true,"href":"https:\/\/naturalpoland.com\/cs\/wp-json\/wp\/v2\/product_cat?post=33939"},{"taxonomy":"product_tag","embeddable":true,"href":"https:\/\/naturalpoland.com\/cs\/wp-json\/wp\/v2\/product_tag?post=33939"}],"curies":[{"name":"wp","href":"https:\/\/api.w.org\/{rel}","templated":true}]}}