{"id":33942,"date":"2024-07-02T14:41:05","date_gmt":"2024-07-17T10:32:12","guid":{"rendered":"https:\/\/naturalpoland.com\/produkty\/neza\u0159azen\u00e9\/biobutyrin-tribrin\/"},"modified":"2024-07-17T12:32:12","modified_gmt":"2024-07-17T10:32:12","slug":"biobutyrin-tribrin","status":"publish","type":"product","link":"https:\/\/naturalpoland.com\/cs\/produkty\/produkty-pro-farmaceuticky-a-zdravotnicky-prumysl\/pridavky-k-doplnkum-stravy\/biobutyrin-tribrin\/","title":{"rendered":"BioButyrin\u2122 (tributyrin)"},"content":{"rendered":"<ul>\n<li>BioButyrin\u2122 je 30kr\u00e1t biologicky dostupn\u011bj\u0161\u00ed ne\u017e konven\u010dn\u00ed tributyrin, co\u017e znamen\u00e1, \u017ee 17 mg tributyrinu v p\u0159\u00edpravku BioSNEDS\u2122 je bioekvivalentn\u00ed 500 mg konven\u010dn\u00edho tributyrinu.<\/li>\n<li>V\u00edce d\u00e1vek na kilogram &#8211; 5 882 d\u00e1vek na kilogram ve srovn\u00e1n\u00ed s 600 d\u00e1vkami konven\u010dn\u00edho tributyrinu.<\/li>\n<li>Dostupn\u00e9 ve form\u011b pr\u00e1\u0161k\u016f a emulz\u00ed s neutr\u00e1ln\u00ed chut\u00ed a bez z\u00e1pachu.<\/li>\n<\/ul>\n<h2>Pou\u017eit\u00ed:<\/h2>\n<p>Dopl\u0148ky stravy, funk\u010dn\u00ed potraviny, lok\u00e1ln\u00ed kosmetika, v\u00fd\u017eiva zv\u00ed\u0159at.<\/p>\n<h2>Zdravotn\u00ed v\u00fdhody:<\/h2>\n<ul>\n<li>BioButyrin\u2122 poskytuje tributyrin, co\u017e je d\u016fle\u017eit\u00e9 postbiotikum, kter\u00e9 podporuje zdrav\u00ed st\u0159ev, funkci st\u0159evn\u00ed bari\u00e9ry a zdrav\u00fd mikrobiom.<\/li>\n<li>Studie nazna\u010duj\u00ed potenci\u00e1ln\u00ed protiz\u00e1n\u011btliv\u00e9 a protirakovinn\u00e9 \u00fa\u010dinky.<\/li>\n<li>M\u016f\u017ee regulovat imunitn\u00ed funkce a zlep\u0161ovat metabolick\u00e9 zdrav\u00ed.<\/li>\n<li>Zlep\u0161uje tr\u00e1ven\u00ed a vst\u0159eb\u00e1v\u00e1n\u00ed \u017eivin.<\/li>\n<li>Pom\u00e1h\u00e1 udr\u017eovat zdravou hladinu cukru v krvi.<\/li>\n<li>M\u016f\u017ee podporovat zdrav\u00ed mozku a neurologick\u00e9 funkce.<\/li>\n<li>Pom\u00e1h\u00e1 p\u0159i kontrole hmotnosti a sportovn\u00ed v\u00fd\u017eiv\u011b.<\/li>\n<\/ul>\n","protected":false},"excerpt":{"rendered":"<p><strong>BioButyrin\u2122 <\/strong>je pokro\u010dil\u00fd produkt, kter\u00fd vyu\u017e\u00edv\u00e1 technologii BioSNEDS\u2122 k v\u00fdrazn\u00e9mu zv\u00fd\u0161en\u00ed biologick\u00e9 dostupnosti <strong>tributyrinu <\/strong>, kl\u00ed\u010dov\u00e9 slo\u017eky pro zlep\u0161en\u00ed zdrav\u00ed st\u0159ev a celkov\u00e9 pohody.<\/p>\n","protected":false},"featured_media":32969,"template":"","meta":{"_acf_changed":false},"product_brand":[],"product_cat":[629],"product_tag":[],"class_list":{"0":"post-33942","1":"product","2":"type-product","3":"status-publish","4":"has-post-thumbnail","6":"product_cat-pridavky-k-doplnkum-stravy","7":"pa_grupa-substancji-nutraceutika","8":"pa_technologia-technologie-biosneds","10":"first","11":"instock","12":"shipping-taxable","13":"product-type-simple"},"acf":[],"yoast_head":"<!-- This site is optimized with the Yoast SEO plugin v27.4 - https:\/\/yoast.com\/product\/yoast-seo-wordpress\/ -->\n<title>BioButyrin\u2122 (tributyrin) - NATURAL POLAND - Velkoobchodn\u00ed distributor surovin<\/title>\n<meta name=\"description\" content=\"BioButyrin\u2122 je pokro\u010dil\u00fd produkt, kter\u00fd vyu\u017e\u00edv\u00e1 technologii BioSNEDS\u2122 k v\u00fdrazn\u00e9mu zv\u00fd\u0161en\u00ed biologick\u00e9 dostupnosti tributyrinu.\" \/>\n<meta name=\"robots\" content=\"index, follow, max-snippet:-1, max-image-preview:large, max-video-preview:-1\" \/>\n<link rel=\"canonical\" href=\"https:\/\/naturalpoland.com\/cs\/produkty\/produkty-pro-farmaceuticky-a-zdravotnicky-prumysl\/pridavky-k-doplnkum-stravy\/biobutyrin-tribrin\/\" \/>\n<meta property=\"og:locale\" content=\"cs_CZ\" \/>\n<meta property=\"og:type\" content=\"article\" \/>\n<meta property=\"og:title\" content=\"BioButyrin\u2122 (tributyrin) - NATURAL POLAND - Velkoobchodn\u00ed distributor surovin\" \/>\n<meta property=\"og:description\" content=\"BioButyrin\u2122 je pokro\u010dil\u00fd produkt, kter\u00fd vyu\u017e\u00edv\u00e1 technologii BioSNEDS\u2122 k v\u00fdrazn\u00e9mu zv\u00fd\u0161en\u00ed biologick\u00e9 dostupnosti tributyrinu.\" \/>\n<meta property=\"og:url\" content=\"https:\/\/naturalpoland.com\/cs\/produkty\/produkty-pro-farmaceuticky-a-zdravotnicky-prumysl\/pridavky-k-doplnkum-stravy\/biobutyrin-tribrin\/\" \/>\n<meta property=\"og:site_name\" content=\"NATURAL POLAND - Velkoobchodn\u00ed distributor surovin\" \/>\n<meta property=\"article:publisher\" content=\"https:\/\/www.facebook.com\/naturalpoland.b2b\" \/>\n<meta property=\"og:image\" content=\"https:\/\/naturalpoland.com\/wp-content\/uploads\/tributyrin_powder.webp\" \/>\n\t<meta property=\"og:image:width\" content=\"618\" \/>\n\t<meta property=\"og:image:height\" content=\"618\" \/>\n\t<meta property=\"og:image:type\" content=\"image\/webp\" \/>\n<script type=\"application\/ld+json\" class=\"yoast-schema-graph\">{\"@context\":\"https:\\\/\\\/schema.org\",\"@graph\":[{\"@type\":\"WebPage\",\"@id\":\"https:\\\/\\\/naturalpoland.com\\\/cs\\\/produkty\\\/produkty-pro-farmaceuticky-a-zdravotnicky-prumysl\\\/pridavky-k-doplnkum-stravy\\\/biobutyrin-tribrin\\\/\",\"url\":\"https:\\\/\\\/naturalpoland.com\\\/cs\\\/produkty\\\/produkty-pro-farmaceuticky-a-zdravotnicky-prumysl\\\/pridavky-k-doplnkum-stravy\\\/biobutyrin-tribrin\\\/\",\"name\":\"BioButyrin\u2122 (tributyrin) - NATURAL POLAND - Velkoobchodn\u00ed distributor surovin\",\"isPartOf\":{\"@id\":\"https:\\\/\\\/naturalpoland.com\\\/cs\\\/#website\"},\"primaryImageOfPage\":{\"@id\":\"https:\\\/\\\/naturalpoland.com\\\/cs\\\/produkty\\\/produkty-pro-farmaceuticky-a-zdravotnicky-prumysl\\\/pridavky-k-doplnkum-stravy\\\/biobutyrin-tribrin\\\/#primaryimage\"},\"image\":{\"@id\":\"https:\\\/\\\/naturalpoland.com\\\/cs\\\/produkty\\\/produkty-pro-farmaceuticky-a-zdravotnicky-prumysl\\\/pridavky-k-doplnkum-stravy\\\/biobutyrin-tribrin\\\/#primaryimage\"},\"thumbnailUrl\":\"https:\\\/\\\/naturalpoland.com\\\/wp-content\\\/uploads\\\/tributyrin_powder.webp\",\"datePublished\":\"2024-07-17T10:32:12+00:00\",\"description\":\"BioButyrin\u2122 je pokro\u010dil\u00fd produkt, kter\u00fd vyu\u017e\u00edv\u00e1 technologii BioSNEDS\u2122 k v\u00fdrazn\u00e9mu zv\u00fd\u0161en\u00ed biologick\u00e9 dostupnosti tributyrinu.\",\"breadcrumb\":{\"@id\":\"https:\\\/\\\/naturalpoland.com\\\/cs\\\/produkty\\\/produkty-pro-farmaceuticky-a-zdravotnicky-prumysl\\\/pridavky-k-doplnkum-stravy\\\/biobutyrin-tribrin\\\/#breadcrumb\"},\"inLanguage\":\"cs\",\"potentialAction\":[{\"@type\":\"ReadAction\",\"target\":[\"https:\\\/\\\/naturalpoland.com\\\/cs\\\/produkty\\\/produkty-pro-farmaceuticky-a-zdravotnicky-prumysl\\\/pridavky-k-doplnkum-stravy\\\/biobutyrin-tribrin\\\/\"]}]},{\"@type\":\"ImageObject\",\"inLanguage\":\"cs\",\"@id\":\"https:\\\/\\\/naturalpoland.com\\\/cs\\\/produkty\\\/produkty-pro-farmaceuticky-a-zdravotnicky-prumysl\\\/pridavky-k-doplnkum-stravy\\\/biobutyrin-tribrin\\\/#primaryimage\",\"url\":\"https:\\\/\\\/naturalpoland.com\\\/wp-content\\\/uploads\\\/tributyrin_powder.webp\",\"contentUrl\":\"https:\\\/\\\/naturalpoland.com\\\/wp-content\\\/uploads\\\/tributyrin_powder.webp\",\"width\":618,\"height\":618,\"caption\":\"tribu\"},{\"@type\":\"BreadcrumbList\",\"@id\":\"https:\\\/\\\/naturalpoland.com\\\/cs\\\/produkty\\\/produkty-pro-farmaceuticky-a-zdravotnicky-prumysl\\\/pridavky-k-doplnkum-stravy\\\/biobutyrin-tribrin\\\/#breadcrumb\",\"itemListElement\":[{\"@type\":\"ListItem\",\"position\":1,\"name\":\"Dom\u016f\",\"item\":\"https:\\\/\\\/naturalpoland.com\\\/cs\\\/\"},{\"@type\":\"ListItem\",\"position\":2,\"name\":\"Produkty\",\"item\":\"https:\\\/\\\/naturalpoland.com\\\/cs\\\/produkty\\\/\"},{\"@type\":\"ListItem\",\"position\":3,\"name\":\"BioButyrin\u2122 (tributyrin)\"}]},{\"@type\":\"WebSite\",\"@id\":\"https:\\\/\\\/naturalpoland.com\\\/cs\\\/#website\",\"url\":\"https:\\\/\\\/naturalpoland.com\\\/cs\\\/\",\"name\":\"NATURAL POLAND - Velkoobchodn\u00ed distributor surovin\",\"description\":\"Surowce dla przemys\u0142u spo\u017cywczego, kosmetycznego i farmaceutycznego\",\"publisher\":{\"@id\":\"https:\\\/\\\/naturalpoland.com\\\/cs\\\/#organization\"},\"potentialAction\":[{\"@type\":\"SearchAction\",\"target\":{\"@type\":\"EntryPoint\",\"urlTemplate\":\"https:\\\/\\\/naturalpoland.com\\\/cs\\\/?s={search_term_string}\"},\"query-input\":{\"@type\":\"PropertyValueSpecification\",\"valueRequired\":true,\"valueName\":\"search_term_string\"}}],\"inLanguage\":\"cs\"},{\"@type\":\"Organization\",\"@id\":\"https:\\\/\\\/naturalpoland.com\\\/cs\\\/#organization\",\"name\":\"Natural Poland\",\"url\":\"https:\\\/\\\/naturalpoland.com\\\/cs\\\/\",\"logo\":{\"@type\":\"ImageObject\",\"inLanguage\":\"cs\",\"@id\":\"https:\\\/\\\/naturalpoland.com\\\/cs\\\/#\\\/schema\\\/logo\\\/image\\\/\",\"url\":\"https:\\\/\\\/naturalpoland.com\\\/wp-content\\\/uploads\\\/2021\\\/05\\\/natural-poland-icon.png\",\"contentUrl\":\"https:\\\/\\\/naturalpoland.com\\\/wp-content\\\/uploads\\\/2021\\\/05\\\/natural-poland-icon.png\",\"width\":512,\"height\":512,\"caption\":\"Natural Poland\"},\"image\":{\"@id\":\"https:\\\/\\\/naturalpoland.com\\\/cs\\\/#\\\/schema\\\/logo\\\/image\\\/\"},\"sameAs\":[\"https:\\\/\\\/www.facebook.com\\\/naturalpoland.b2b\",\"https:\\\/\\\/pl.linkedin.com\\\/company\\\/natural-poland\",\"https:\\\/\\\/www.youtube.com\\\/channel\\\/UCgeGGkvOMahZo-xu_MSEWxg\"]}]}<\/script>\n<!-- \/ Yoast SEO plugin. -->","yoast_head_json":{"title":"BioButyrin\u2122 (tributyrin) - NATURAL POLAND - Velkoobchodn\u00ed distributor surovin","description":"BioButyrin\u2122 je pokro\u010dil\u00fd produkt, kter\u00fd vyu\u017e\u00edv\u00e1 technologii BioSNEDS\u2122 k v\u00fdrazn\u00e9mu zv\u00fd\u0161en\u00ed biologick\u00e9 dostupnosti tributyrinu.","robots":{"index":"index","follow":"follow","max-snippet":"max-snippet:-1","max-image-preview":"max-image-preview:large","max-video-preview":"max-video-preview:-1"},"canonical":"https:\/\/naturalpoland.com\/cs\/produkty\/produkty-pro-farmaceuticky-a-zdravotnicky-prumysl\/pridavky-k-doplnkum-stravy\/biobutyrin-tribrin\/","og_locale":"cs_CZ","og_type":"article","og_title":"BioButyrin\u2122 (tributyrin) - NATURAL POLAND - Velkoobchodn\u00ed distributor surovin","og_description":"BioButyrin\u2122 je pokro\u010dil\u00fd produkt, kter\u00fd vyu\u017e\u00edv\u00e1 technologii BioSNEDS\u2122 k v\u00fdrazn\u00e9mu zv\u00fd\u0161en\u00ed biologick\u00e9 dostupnosti tributyrinu.","og_url":"https:\/\/naturalpoland.com\/cs\/produkty\/produkty-pro-farmaceuticky-a-zdravotnicky-prumysl\/pridavky-k-doplnkum-stravy\/biobutyrin-tribrin\/","og_site_name":"NATURAL POLAND - Velkoobchodn\u00ed distributor surovin","article_publisher":"https:\/\/www.facebook.com\/naturalpoland.b2b","og_image":[{"width":618,"height":618,"url":"https:\/\/naturalpoland.com\/wp-content\/uploads\/tributyrin_powder.webp","type":"image\/webp"}],"schema":{"@context":"https:\/\/schema.org","@graph":[{"@type":"WebPage","@id":"https:\/\/naturalpoland.com\/cs\/produkty\/produkty-pro-farmaceuticky-a-zdravotnicky-prumysl\/pridavky-k-doplnkum-stravy\/biobutyrin-tribrin\/","url":"https:\/\/naturalpoland.com\/cs\/produkty\/produkty-pro-farmaceuticky-a-zdravotnicky-prumysl\/pridavky-k-doplnkum-stravy\/biobutyrin-tribrin\/","name":"BioButyrin\u2122 (tributyrin) - NATURAL POLAND - Velkoobchodn\u00ed distributor surovin","isPartOf":{"@id":"https:\/\/naturalpoland.com\/cs\/#website"},"primaryImageOfPage":{"@id":"https:\/\/naturalpoland.com\/cs\/produkty\/produkty-pro-farmaceuticky-a-zdravotnicky-prumysl\/pridavky-k-doplnkum-stravy\/biobutyrin-tribrin\/#primaryimage"},"image":{"@id":"https:\/\/naturalpoland.com\/cs\/produkty\/produkty-pro-farmaceuticky-a-zdravotnicky-prumysl\/pridavky-k-doplnkum-stravy\/biobutyrin-tribrin\/#primaryimage"},"thumbnailUrl":"https:\/\/naturalpoland.com\/wp-content\/uploads\/tributyrin_powder.webp","datePublished":"2024-07-17T10:32:12+00:00","description":"BioButyrin\u2122 je pokro\u010dil\u00fd produkt, kter\u00fd vyu\u017e\u00edv\u00e1 technologii BioSNEDS\u2122 k v\u00fdrazn\u00e9mu zv\u00fd\u0161en\u00ed biologick\u00e9 dostupnosti tributyrinu.","breadcrumb":{"@id":"https:\/\/naturalpoland.com\/cs\/produkty\/produkty-pro-farmaceuticky-a-zdravotnicky-prumysl\/pridavky-k-doplnkum-stravy\/biobutyrin-tribrin\/#breadcrumb"},"inLanguage":"cs","potentialAction":[{"@type":"ReadAction","target":["https:\/\/naturalpoland.com\/cs\/produkty\/produkty-pro-farmaceuticky-a-zdravotnicky-prumysl\/pridavky-k-doplnkum-stravy\/biobutyrin-tribrin\/"]}]},{"@type":"ImageObject","inLanguage":"cs","@id":"https:\/\/naturalpoland.com\/cs\/produkty\/produkty-pro-farmaceuticky-a-zdravotnicky-prumysl\/pridavky-k-doplnkum-stravy\/biobutyrin-tribrin\/#primaryimage","url":"https:\/\/naturalpoland.com\/wp-content\/uploads\/tributyrin_powder.webp","contentUrl":"https:\/\/naturalpoland.com\/wp-content\/uploads\/tributyrin_powder.webp","width":618,"height":618,"caption":"tribu"},{"@type":"BreadcrumbList","@id":"https:\/\/naturalpoland.com\/cs\/produkty\/produkty-pro-farmaceuticky-a-zdravotnicky-prumysl\/pridavky-k-doplnkum-stravy\/biobutyrin-tribrin\/#breadcrumb","itemListElement":[{"@type":"ListItem","position":1,"name":"Dom\u016f","item":"https:\/\/naturalpoland.com\/cs\/"},{"@type":"ListItem","position":2,"name":"Produkty","item":"https:\/\/naturalpoland.com\/cs\/produkty\/"},{"@type":"ListItem","position":3,"name":"BioButyrin\u2122 (tributyrin)"}]},{"@type":"WebSite","@id":"https:\/\/naturalpoland.com\/cs\/#website","url":"https:\/\/naturalpoland.com\/cs\/","name":"NATURAL POLAND - Velkoobchodn\u00ed distributor surovin","description":"Surowce dla przemys\u0142u spo\u017cywczego, kosmetycznego i farmaceutycznego","publisher":{"@id":"https:\/\/naturalpoland.com\/cs\/#organization"},"potentialAction":[{"@type":"SearchAction","target":{"@type":"EntryPoint","urlTemplate":"https:\/\/naturalpoland.com\/cs\/?s={search_term_string}"},"query-input":{"@type":"PropertyValueSpecification","valueRequired":true,"valueName":"search_term_string"}}],"inLanguage":"cs"},{"@type":"Organization","@id":"https:\/\/naturalpoland.com\/cs\/#organization","name":"Natural Poland","url":"https:\/\/naturalpoland.com\/cs\/","logo":{"@type":"ImageObject","inLanguage":"cs","@id":"https:\/\/naturalpoland.com\/cs\/#\/schema\/logo\/image\/","url":"https:\/\/naturalpoland.com\/wp-content\/uploads\/2021\/05\/natural-poland-icon.png","contentUrl":"https:\/\/naturalpoland.com\/wp-content\/uploads\/2021\/05\/natural-poland-icon.png","width":512,"height":512,"caption":"Natural Poland"},"image":{"@id":"https:\/\/naturalpoland.com\/cs\/#\/schema\/logo\/image\/"},"sameAs":["https:\/\/www.facebook.com\/naturalpoland.b2b","https:\/\/pl.linkedin.com\/company\/natural-poland","https:\/\/www.youtube.com\/channel\/UCgeGGkvOMahZo-xu_MSEWxg"]}]}},"_links":{"self":[{"href":"https:\/\/naturalpoland.com\/cs\/wp-json\/wp\/v2\/product\/33942","targetHints":{"allow":["GET"]}}],"collection":[{"href":"https:\/\/naturalpoland.com\/cs\/wp-json\/wp\/v2\/product"}],"about":[{"href":"https:\/\/naturalpoland.com\/cs\/wp-json\/wp\/v2\/types\/product"}],"wp:featuredmedia":[{"embeddable":true,"href":"https:\/\/naturalpoland.com\/cs\/wp-json\/wp\/v2\/media\/32969"}],"wp:attachment":[{"href":"https:\/\/naturalpoland.com\/cs\/wp-json\/wp\/v2\/media?parent=33942"}],"wp:term":[{"taxonomy":"product_brand","embeddable":true,"href":"https:\/\/naturalpoland.com\/cs\/wp-json\/wp\/v2\/product_brand?post=33942"},{"taxonomy":"product_cat","embeddable":true,"href":"https:\/\/naturalpoland.com\/cs\/wp-json\/wp\/v2\/product_cat?post=33942"},{"taxonomy":"product_tag","embeddable":true,"href":"https:\/\/naturalpoland.com\/cs\/wp-json\/wp\/v2\/product_tag?post=33942"}],"curies":[{"name":"wp","href":"https:\/\/api.w.org\/{rel}","templated":true}]}}