{"id":34104,"date":"2024-07-23T15:07:26","date_gmt":"2024-07-24T08:39:54","guid":{"rendered":"https:\/\/naturalpoland.com\/produkty\/neza\u0159azen\u00e9\/alfa-gpc\/"},"modified":"2024-07-24T10:39:54","modified_gmt":"2024-07-24T08:39:54","slug":"alfa-gpc","status":"publish","type":"product","link":"https:\/\/naturalpoland.com\/cs\/produkty\/produkty-pro-farmaceuticky-a-zdravotnicky-prumysl\/pridavky-k-doplnkum-stravy\/alfa-gpc\/","title":{"rendered":"Alfa GPC"},"content":{"rendered":"<h2>Vlastnosti alfa GPC:<\/h2>\n<ol>\n<li>Alfa GPC je vysoce cen\u011bn\u00e9 nootropikum, kter\u00e9 <strong>podporuje kognitivn\u00ed funkce<\/strong> t\u00edm, \u017ee zlep\u0161uje pam\u011b\u0165, koncentraci a schopnost u\u010den\u00ed.<br \/>\nP\u016fsob\u00ed tak, \u017ee zvy\u0161uje hladinu acetylcholinu v mozku, neurotransmiteru, kter\u00fd je pro pam\u011b\u0165ov\u00e9 procesy kl\u00ed\u010dov\u00fd. <\/li>\n<li>Studie ukazuj\u00ed, \u017ee p\u0159\u00edpravek m\u016f\u017ee <strong>podporovat regeneraci nervov\u00fdch bun\u011bk<\/strong> a chr\u00e1nit je p\u0159ed po\u0161kozen\u00edm, co\u017e je zvl\u00e1\u0161t\u011b prosp\u011b\u0161n\u00e9 pro osoby s neurodegenerativn\u00edmi onemocn\u011bn\u00edmi, jako je Alzheimerova choroba.<\/li>\n<li>Alfa GPC pou\u017e\u00edvaj\u00ed tak\u00e9 sportovci jako <strong>dopln\u011bk na podporu fyzick\u00e9 v\u00fdkonnosti a regenerace sval\u016f<\/strong>.<br \/>\nM\u016f\u017ee pomoci zv\u00fd\u0161it produkci r\u016fstov\u00e9ho hormonu a podpo\u0159it svalovou s\u00edlu. <\/li>\n<\/ol>\n<h2>Pou\u017eit\u00ed:<\/h2>\n<p>  Alfa GPC se b\u011b\u017en\u011b pou\u017e\u00edv\u00e1 v <strong>dopl\u0148c\u00edch stravy<\/strong> ur\u010den\u00fdch ke zlep\u0161en\u00ed kognitivn\u00edch funkc\u00ed, pam\u011bti a zdrav\u00ed mozku.<br \/>\nP\u0159id\u00e1v\u00e1 se do kapsl\u00ed, tablet a nootropn\u00edch pr\u00e1\u0161k\u016f.<br \/>\nM\u016f\u017ee b\u00fdt tak\u00e9 slo\u017ekou l\u00e9k\u016f, kter\u00e9 pom\u00e1haj\u00ed l\u00e9\u010dit neurodegenerativn\u00ed onemocn\u011bn\u00ed a zlep\u0161uj\u00ed kognitivn\u00ed funkce u star\u0161\u00edch pacient\u016f.  <\/p>\n","protected":false},"excerpt":{"rendered":"<p>Alfa GPC (L-alfa-glycerylfosforylcholin) je p\u0159\u00edrodn\u00ed chemick\u00e1 slou\u010denina pat\u0159\u00edc\u00ed do skupiny fosfolipid\u016f, kter\u00e1 hraje d\u016fle\u017eitou roli v mozkov\u00e9 \u010dinnosti.<br \/>\nJe \u0161iroce pou\u017e\u00edv\u00e1n v dopl\u0148c\u00edch stravy a farmaceutick\u00fdch v\u00fdrobc\u00edch.<br \/>\nTento produkt je vysoce hygroskopick\u00fd, co\u017e znamen\u00e1, \u017ee snadno absorbuje vlhkost z prost\u0159ed\u00ed.  <\/p>\n","protected":false},"featured_media":34061,"template":"","meta":{"_acf_changed":false},"product_brand":[],"product_cat":[629],"product_tag":[],"class_list":{"0":"post-34104","1":"product","2":"type-product","3":"status-publish","4":"has-post-thumbnail","6":"product_cat-pridavky-k-doplnkum-stravy","7":"pa_grupa-substancji-fosfolipidy-cs","9":"first","10":"instock","11":"shipping-taxable","12":"product-type-simple"},"acf":[],"yoast_head":"<!-- This site is optimized with the Yoast SEO plugin v27.4 - https:\/\/yoast.com\/product\/yoast-seo-wordpress\/ -->\n<title>Alfa GPC - NATURAL POLAND - Velkoobchodn\u00ed distributor surovin<\/title>\n<meta name=\"description\" content=\"Alpha GPC 99% Powder je vysoce kvalitn\u00ed nootropn\u00ed produkt, kter\u00fd nab\u00edz\u00ed \u0161irokou \u0161k\u00e1lu v\u00fdhod pro kognitivn\u00ed, neurologick\u00e9 a fyzick\u00e9 zdrav\u00ed.\" \/>\n<meta name=\"robots\" content=\"index, follow, max-snippet:-1, max-image-preview:large, max-video-preview:-1\" \/>\n<link rel=\"canonical\" href=\"https:\/\/naturalpoland.com\/cs\/produkty\/produkty-pro-farmaceuticky-a-zdravotnicky-prumysl\/pridavky-k-doplnkum-stravy\/alfa-gpc\/\" \/>\n<meta property=\"og:locale\" content=\"cs_CZ\" \/>\n<meta property=\"og:type\" content=\"article\" \/>\n<meta property=\"og:title\" content=\"Alfa GPC - NATURAL POLAND - Velkoobchodn\u00ed distributor surovin\" \/>\n<meta property=\"og:description\" content=\"Alpha GPC 99% Powder je vysoce kvalitn\u00ed nootropn\u00ed produkt, kter\u00fd nab\u00edz\u00ed \u0161irokou \u0161k\u00e1lu v\u00fdhod pro kognitivn\u00ed, neurologick\u00e9 a fyzick\u00e9 zdrav\u00ed.\" \/>\n<meta property=\"og:url\" content=\"https:\/\/naturalpoland.com\/cs\/produkty\/produkty-pro-farmaceuticky-a-zdravotnicky-prumysl\/pridavky-k-doplnkum-stravy\/alfa-gpc\/\" \/>\n<meta property=\"og:site_name\" content=\"NATURAL POLAND - Velkoobchodn\u00ed distributor surovin\" \/>\n<meta property=\"article:publisher\" content=\"https:\/\/www.facebook.com\/naturalpoland.b2b\" \/>\n<meta property=\"og:image\" content=\"https:\/\/naturalpoland.com\/wp-content\/uploads\/l-alpha-glycerylphosphorylcholine.webp\" \/>\n\t<meta property=\"og:image:width\" content=\"615\" \/>\n\t<meta property=\"og:image:height\" content=\"615\" \/>\n\t<meta property=\"og:image:type\" content=\"image\/webp\" \/>\n<script type=\"application\/ld+json\" class=\"yoast-schema-graph\">{\"@context\":\"https:\\\/\\\/schema.org\",\"@graph\":[{\"@type\":\"WebPage\",\"@id\":\"https:\\\/\\\/naturalpoland.com\\\/cs\\\/produkty\\\/produkty-pro-farmaceuticky-a-zdravotnicky-prumysl\\\/pridavky-k-doplnkum-stravy\\\/alfa-gpc\\\/\",\"url\":\"https:\\\/\\\/naturalpoland.com\\\/cs\\\/produkty\\\/produkty-pro-farmaceuticky-a-zdravotnicky-prumysl\\\/pridavky-k-doplnkum-stravy\\\/alfa-gpc\\\/\",\"name\":\"Alfa GPC - NATURAL POLAND - Velkoobchodn\u00ed distributor surovin\",\"isPartOf\":{\"@id\":\"https:\\\/\\\/naturalpoland.com\\\/cs\\\/#website\"},\"primaryImageOfPage\":{\"@id\":\"https:\\\/\\\/naturalpoland.com\\\/cs\\\/produkty\\\/produkty-pro-farmaceuticky-a-zdravotnicky-prumysl\\\/pridavky-k-doplnkum-stravy\\\/alfa-gpc\\\/#primaryimage\"},\"image\":{\"@id\":\"https:\\\/\\\/naturalpoland.com\\\/cs\\\/produkty\\\/produkty-pro-farmaceuticky-a-zdravotnicky-prumysl\\\/pridavky-k-doplnkum-stravy\\\/alfa-gpc\\\/#primaryimage\"},\"thumbnailUrl\":\"https:\\\/\\\/naturalpoland.com\\\/wp-content\\\/uploads\\\/l-alpha-glycerylphosphorylcholine.webp\",\"datePublished\":\"2024-07-24T08:39:54+00:00\",\"description\":\"Alpha GPC 99% Powder je vysoce kvalitn\u00ed nootropn\u00ed produkt, kter\u00fd nab\u00edz\u00ed \u0161irokou \u0161k\u00e1lu v\u00fdhod pro kognitivn\u00ed, neurologick\u00e9 a fyzick\u00e9 zdrav\u00ed.\",\"breadcrumb\":{\"@id\":\"https:\\\/\\\/naturalpoland.com\\\/cs\\\/produkty\\\/produkty-pro-farmaceuticky-a-zdravotnicky-prumysl\\\/pridavky-k-doplnkum-stravy\\\/alfa-gpc\\\/#breadcrumb\"},\"inLanguage\":\"cs\",\"potentialAction\":[{\"@type\":\"ReadAction\",\"target\":[\"https:\\\/\\\/naturalpoland.com\\\/cs\\\/produkty\\\/produkty-pro-farmaceuticky-a-zdravotnicky-prumysl\\\/pridavky-k-doplnkum-stravy\\\/alfa-gpc\\\/\"]}]},{\"@type\":\"ImageObject\",\"inLanguage\":\"cs\",\"@id\":\"https:\\\/\\\/naturalpoland.com\\\/cs\\\/produkty\\\/produkty-pro-farmaceuticky-a-zdravotnicky-prumysl\\\/pridavky-k-doplnkum-stravy\\\/alfa-gpc\\\/#primaryimage\",\"url\":\"https:\\\/\\\/naturalpoland.com\\\/wp-content\\\/uploads\\\/l-alpha-glycerylphosphorylcholine.webp\",\"contentUrl\":\"https:\\\/\\\/naturalpoland.com\\\/wp-content\\\/uploads\\\/l-alpha-glycerylphosphorylcholine.webp\",\"width\":615,\"height\":615,\"caption\":\"Alpha GPC\"},{\"@type\":\"BreadcrumbList\",\"@id\":\"https:\\\/\\\/naturalpoland.com\\\/cs\\\/produkty\\\/produkty-pro-farmaceuticky-a-zdravotnicky-prumysl\\\/pridavky-k-doplnkum-stravy\\\/alfa-gpc\\\/#breadcrumb\",\"itemListElement\":[{\"@type\":\"ListItem\",\"position\":1,\"name\":\"Dom\u016f\",\"item\":\"https:\\\/\\\/naturalpoland.com\\\/cs\\\/\"},{\"@type\":\"ListItem\",\"position\":2,\"name\":\"Produkty\",\"item\":\"https:\\\/\\\/naturalpoland.com\\\/cs\\\/produkty\\\/\"},{\"@type\":\"ListItem\",\"position\":3,\"name\":\"Alfa GPC\"}]},{\"@type\":\"WebSite\",\"@id\":\"https:\\\/\\\/naturalpoland.com\\\/cs\\\/#website\",\"url\":\"https:\\\/\\\/naturalpoland.com\\\/cs\\\/\",\"name\":\"NATURAL POLAND - Velkoobchodn\u00ed distributor surovin\",\"description\":\"Surowce dla przemys\u0142u spo\u017cywczego, kosmetycznego i farmaceutycznego\",\"publisher\":{\"@id\":\"https:\\\/\\\/naturalpoland.com\\\/cs\\\/#organization\"},\"potentialAction\":[{\"@type\":\"SearchAction\",\"target\":{\"@type\":\"EntryPoint\",\"urlTemplate\":\"https:\\\/\\\/naturalpoland.com\\\/cs\\\/?s={search_term_string}\"},\"query-input\":{\"@type\":\"PropertyValueSpecification\",\"valueRequired\":true,\"valueName\":\"search_term_string\"}}],\"inLanguage\":\"cs\"},{\"@type\":\"Organization\",\"@id\":\"https:\\\/\\\/naturalpoland.com\\\/cs\\\/#organization\",\"name\":\"Natural Poland\",\"url\":\"https:\\\/\\\/naturalpoland.com\\\/cs\\\/\",\"logo\":{\"@type\":\"ImageObject\",\"inLanguage\":\"cs\",\"@id\":\"https:\\\/\\\/naturalpoland.com\\\/cs\\\/#\\\/schema\\\/logo\\\/image\\\/\",\"url\":\"https:\\\/\\\/naturalpoland.com\\\/wp-content\\\/uploads\\\/2021\\\/05\\\/natural-poland-icon.png\",\"contentUrl\":\"https:\\\/\\\/naturalpoland.com\\\/wp-content\\\/uploads\\\/2021\\\/05\\\/natural-poland-icon.png\",\"width\":512,\"height\":512,\"caption\":\"Natural Poland\"},\"image\":{\"@id\":\"https:\\\/\\\/naturalpoland.com\\\/cs\\\/#\\\/schema\\\/logo\\\/image\\\/\"},\"sameAs\":[\"https:\\\/\\\/www.facebook.com\\\/naturalpoland.b2b\",\"https:\\\/\\\/pl.linkedin.com\\\/company\\\/natural-poland\",\"https:\\\/\\\/www.youtube.com\\\/channel\\\/UCgeGGkvOMahZo-xu_MSEWxg\"]}]}<\/script>\n<!-- \/ Yoast SEO plugin. -->","yoast_head_json":{"title":"Alfa GPC - NATURAL POLAND - Velkoobchodn\u00ed distributor surovin","description":"Alpha GPC 99% Powder je vysoce kvalitn\u00ed nootropn\u00ed produkt, kter\u00fd nab\u00edz\u00ed \u0161irokou \u0161k\u00e1lu v\u00fdhod pro kognitivn\u00ed, neurologick\u00e9 a fyzick\u00e9 zdrav\u00ed.","robots":{"index":"index","follow":"follow","max-snippet":"max-snippet:-1","max-image-preview":"max-image-preview:large","max-video-preview":"max-video-preview:-1"},"canonical":"https:\/\/naturalpoland.com\/cs\/produkty\/produkty-pro-farmaceuticky-a-zdravotnicky-prumysl\/pridavky-k-doplnkum-stravy\/alfa-gpc\/","og_locale":"cs_CZ","og_type":"article","og_title":"Alfa GPC - NATURAL POLAND - Velkoobchodn\u00ed distributor surovin","og_description":"Alpha GPC 99% Powder je vysoce kvalitn\u00ed nootropn\u00ed produkt, kter\u00fd nab\u00edz\u00ed \u0161irokou \u0161k\u00e1lu v\u00fdhod pro kognitivn\u00ed, neurologick\u00e9 a fyzick\u00e9 zdrav\u00ed.","og_url":"https:\/\/naturalpoland.com\/cs\/produkty\/produkty-pro-farmaceuticky-a-zdravotnicky-prumysl\/pridavky-k-doplnkum-stravy\/alfa-gpc\/","og_site_name":"NATURAL POLAND - Velkoobchodn\u00ed distributor surovin","article_publisher":"https:\/\/www.facebook.com\/naturalpoland.b2b","og_image":[{"width":615,"height":615,"url":"https:\/\/naturalpoland.com\/wp-content\/uploads\/l-alpha-glycerylphosphorylcholine.webp","type":"image\/webp"}],"schema":{"@context":"https:\/\/schema.org","@graph":[{"@type":"WebPage","@id":"https:\/\/naturalpoland.com\/cs\/produkty\/produkty-pro-farmaceuticky-a-zdravotnicky-prumysl\/pridavky-k-doplnkum-stravy\/alfa-gpc\/","url":"https:\/\/naturalpoland.com\/cs\/produkty\/produkty-pro-farmaceuticky-a-zdravotnicky-prumysl\/pridavky-k-doplnkum-stravy\/alfa-gpc\/","name":"Alfa GPC - NATURAL POLAND - Velkoobchodn\u00ed distributor surovin","isPartOf":{"@id":"https:\/\/naturalpoland.com\/cs\/#website"},"primaryImageOfPage":{"@id":"https:\/\/naturalpoland.com\/cs\/produkty\/produkty-pro-farmaceuticky-a-zdravotnicky-prumysl\/pridavky-k-doplnkum-stravy\/alfa-gpc\/#primaryimage"},"image":{"@id":"https:\/\/naturalpoland.com\/cs\/produkty\/produkty-pro-farmaceuticky-a-zdravotnicky-prumysl\/pridavky-k-doplnkum-stravy\/alfa-gpc\/#primaryimage"},"thumbnailUrl":"https:\/\/naturalpoland.com\/wp-content\/uploads\/l-alpha-glycerylphosphorylcholine.webp","datePublished":"2024-07-24T08:39:54+00:00","description":"Alpha GPC 99% Powder je vysoce kvalitn\u00ed nootropn\u00ed produkt, kter\u00fd nab\u00edz\u00ed \u0161irokou \u0161k\u00e1lu v\u00fdhod pro kognitivn\u00ed, neurologick\u00e9 a fyzick\u00e9 zdrav\u00ed.","breadcrumb":{"@id":"https:\/\/naturalpoland.com\/cs\/produkty\/produkty-pro-farmaceuticky-a-zdravotnicky-prumysl\/pridavky-k-doplnkum-stravy\/alfa-gpc\/#breadcrumb"},"inLanguage":"cs","potentialAction":[{"@type":"ReadAction","target":["https:\/\/naturalpoland.com\/cs\/produkty\/produkty-pro-farmaceuticky-a-zdravotnicky-prumysl\/pridavky-k-doplnkum-stravy\/alfa-gpc\/"]}]},{"@type":"ImageObject","inLanguage":"cs","@id":"https:\/\/naturalpoland.com\/cs\/produkty\/produkty-pro-farmaceuticky-a-zdravotnicky-prumysl\/pridavky-k-doplnkum-stravy\/alfa-gpc\/#primaryimage","url":"https:\/\/naturalpoland.com\/wp-content\/uploads\/l-alpha-glycerylphosphorylcholine.webp","contentUrl":"https:\/\/naturalpoland.com\/wp-content\/uploads\/l-alpha-glycerylphosphorylcholine.webp","width":615,"height":615,"caption":"Alpha GPC"},{"@type":"BreadcrumbList","@id":"https:\/\/naturalpoland.com\/cs\/produkty\/produkty-pro-farmaceuticky-a-zdravotnicky-prumysl\/pridavky-k-doplnkum-stravy\/alfa-gpc\/#breadcrumb","itemListElement":[{"@type":"ListItem","position":1,"name":"Dom\u016f","item":"https:\/\/naturalpoland.com\/cs\/"},{"@type":"ListItem","position":2,"name":"Produkty","item":"https:\/\/naturalpoland.com\/cs\/produkty\/"},{"@type":"ListItem","position":3,"name":"Alfa GPC"}]},{"@type":"WebSite","@id":"https:\/\/naturalpoland.com\/cs\/#website","url":"https:\/\/naturalpoland.com\/cs\/","name":"NATURAL POLAND - Velkoobchodn\u00ed distributor surovin","description":"Surowce dla przemys\u0142u spo\u017cywczego, kosmetycznego i farmaceutycznego","publisher":{"@id":"https:\/\/naturalpoland.com\/cs\/#organization"},"potentialAction":[{"@type":"SearchAction","target":{"@type":"EntryPoint","urlTemplate":"https:\/\/naturalpoland.com\/cs\/?s={search_term_string}"},"query-input":{"@type":"PropertyValueSpecification","valueRequired":true,"valueName":"search_term_string"}}],"inLanguage":"cs"},{"@type":"Organization","@id":"https:\/\/naturalpoland.com\/cs\/#organization","name":"Natural Poland","url":"https:\/\/naturalpoland.com\/cs\/","logo":{"@type":"ImageObject","inLanguage":"cs","@id":"https:\/\/naturalpoland.com\/cs\/#\/schema\/logo\/image\/","url":"https:\/\/naturalpoland.com\/wp-content\/uploads\/2021\/05\/natural-poland-icon.png","contentUrl":"https:\/\/naturalpoland.com\/wp-content\/uploads\/2021\/05\/natural-poland-icon.png","width":512,"height":512,"caption":"Natural Poland"},"image":{"@id":"https:\/\/naturalpoland.com\/cs\/#\/schema\/logo\/image\/"},"sameAs":["https:\/\/www.facebook.com\/naturalpoland.b2b","https:\/\/pl.linkedin.com\/company\/natural-poland","https:\/\/www.youtube.com\/channel\/UCgeGGkvOMahZo-xu_MSEWxg"]}]}},"_links":{"self":[{"href":"https:\/\/naturalpoland.com\/cs\/wp-json\/wp\/v2\/product\/34104","targetHints":{"allow":["GET"]}}],"collection":[{"href":"https:\/\/naturalpoland.com\/cs\/wp-json\/wp\/v2\/product"}],"about":[{"href":"https:\/\/naturalpoland.com\/cs\/wp-json\/wp\/v2\/types\/product"}],"wp:featuredmedia":[{"embeddable":true,"href":"https:\/\/naturalpoland.com\/cs\/wp-json\/wp\/v2\/media\/34061"}],"wp:attachment":[{"href":"https:\/\/naturalpoland.com\/cs\/wp-json\/wp\/v2\/media?parent=34104"}],"wp:term":[{"taxonomy":"product_brand","embeddable":true,"href":"https:\/\/naturalpoland.com\/cs\/wp-json\/wp\/v2\/product_brand?post=34104"},{"taxonomy":"product_cat","embeddable":true,"href":"https:\/\/naturalpoland.com\/cs\/wp-json\/wp\/v2\/product_cat?post=34104"},{"taxonomy":"product_tag","embeddable":true,"href":"https:\/\/naturalpoland.com\/cs\/wp-json\/wp\/v2\/product_tag?post=34104"}],"curies":[{"name":"wp","href":"https:\/\/api.w.org\/{rel}","templated":true}]}}