{"id":34115,"date":"2024-07-23T15:29:01","date_gmt":"2024-07-24T08:40:14","guid":{"rendered":"https:\/\/naturalpoland.com\/produkty\/neza\u0159azen\u00e9\/glukonat-zinecnaty\/"},"modified":"2024-07-24T10:40:14","modified_gmt":"2024-07-24T08:40:14","slug":"glukonat-zinecnaty","status":"publish","type":"product","link":"https:\/\/naturalpoland.com\/cs\/produkty\/produkty-pro-farmaceuticky-a-zdravotnicky-prumysl\/pridavky-k-doplnkum-stravy\/glukonat-zinecnaty\/","title":{"rendered":"Glukon\u00e1t zine\u010dnat\u00fd"},"content":{"rendered":"<h2>Vlastnosti glukon\u00e1tu zine\u010dnat\u00e9ho<\/h2>\n<p>  Glukon\u00e1t zine\u010dnat\u00fd m\u00e1 pozitivn\u00ed vliv na imunitn\u00ed syst\u00e9m &#8211; pom\u00e1h\u00e1 t\u011blu bojovat s infekcemi a podporuje fungov\u00e1n\u00ed b\u00edl\u00fdch krvinek.<br \/>\nJe nezbytn\u00fd pro spr\u00e1vnou funkci enzym\u016f zodpov\u011bdn\u00fdch za imunitn\u00ed reakce.<br \/>\nProto\u017ee zinek hraje d\u016fle\u017eitou roli p\u0159i udr\u017eov\u00e1n\u00ed zdrav\u00e9 poko\u017eky, vlas\u016f a neht\u016f, glukon\u00e1t zine\u010dnat\u00fd se \u010dasto pou\u017e\u00edv\u00e1 v dermatologick\u00fdch p\u0159\u00edpravc\u00edch k l\u00e9\u010db\u011b akn\u00e9, seborey a dal\u0161\u00edch ko\u017en\u00edch probl\u00e9m\u016f.<br \/>\nP\u0159\u00edpravek m\u00e1 protiz\u00e1n\u011btliv\u00e9 a antibakteri\u00e1ln\u00ed vlastnosti.<br \/>\nPou\u017eit\u00ed: Glukon\u00e1t zine\u010dnat\u00fd se b\u011b\u017en\u011b pou\u017e\u00edv\u00e1 jako dopln\u011bk stravy ve form\u011b tablet, kapsl\u00ed a pr\u00e1\u0161ku.<br \/>\nPom\u00e1h\u00e1 dopl\u0148ovat nedostatek zinku v organismu, podporuje celkov\u00e9 zdrav\u00ed a funkci imunitn\u00edho syst\u00e9mu.<br \/>\nTento produkt lze tak\u00e9 pou\u017e\u00edt v kosmetice pro problematickou a citlivou ple\u0165.<br \/>\nM\u00e1 protiz\u00e1n\u011btliv\u00e9 a antibakteri\u00e1ln\u00ed \u00fa\u010dinky.         &nbsp;<\/p>\n","protected":false},"excerpt":{"rendered":"<p>Glukon\u00e1t zine\u010dnat\u00fd je organick\u00e1 chemick\u00e1 slou\u010denina, kter\u00e1 je sol\u00ed zinku a kyseliny glukonov\u00e9, b\u011b\u017en\u011b pou\u017e\u00edvan\u00e1 jako dopln\u011bk stravy a jako slo\u017eka r\u016fzn\u00fdch farmaceutick\u00fdch a kosmetick\u00fdch v\u00fdrobk\u016f.<br \/>\nTento v\u00fdrobek se dod\u00e1v\u00e1 jako b\u00edl\u00fd krystalick\u00fd pr\u00e1\u0161ek, kter\u00fd je dob\u0159e rozpustn\u00fd ve vod\u011b. <\/p>\n","protected":false},"featured_media":34075,"template":"","meta":{"_acf_changed":false},"product_brand":[],"product_cat":[629],"product_tag":[],"class_list":{"0":"post-34115","1":"product","2":"type-product","3":"status-publish","4":"has-post-thumbnail","6":"product_cat-pridavky-k-doplnkum-stravy","7":"pa_grupa-substancji-organicke-soli","9":"first","10":"instock","11":"shipping-taxable","12":"product-type-simple"},"acf":[],"yoast_head":"<!-- This site is optimized with the Yoast SEO plugin v27.5 - https:\/\/yoast.com\/product\/yoast-seo-wordpress\/ -->\n<title>Glukon\u00e1t zine\u010dnat\u00fd - NATURAL POLAND - Velkoobchodn\u00ed distributor surovin<\/title>\n<meta name=\"description\" content=\"Glukon\u00e1t podporuje zdrav\u00ed imunitn\u00edho syst\u00e9mu, k\u016f\u017ee a metabolick\u00fdch funkc\u00ed t\u011bla. Pou\u017e\u00edv\u00e1 se jako dopln\u011bk stravy.\" \/>\n<meta name=\"robots\" content=\"index, follow, max-snippet:-1, max-image-preview:large, max-video-preview:-1\" \/>\n<link rel=\"canonical\" href=\"https:\/\/naturalpoland.com\/cs\/produkty\/produkty-pro-farmaceuticky-a-zdravotnicky-prumysl\/pridavky-k-doplnkum-stravy\/glukonat-zinecnaty\/\" \/>\n<meta property=\"og:locale\" content=\"cs_CZ\" \/>\n<meta property=\"og:type\" content=\"article\" \/>\n<meta property=\"og:title\" content=\"Glukon\u00e1t zine\u010dnat\u00fd - NATURAL POLAND - Velkoobchodn\u00ed distributor surovin\" \/>\n<meta property=\"og:description\" content=\"Glukon\u00e1t podporuje zdrav\u00ed imunitn\u00edho syst\u00e9mu, k\u016f\u017ee a metabolick\u00fdch funkc\u00ed t\u011bla. Pou\u017e\u00edv\u00e1 se jako dopln\u011bk stravy.\" \/>\n<meta property=\"og:url\" content=\"https:\/\/naturalpoland.com\/cs\/produkty\/produkty-pro-farmaceuticky-a-zdravotnicky-prumysl\/pridavky-k-doplnkum-stravy\/glukonat-zinecnaty\/\" \/>\n<meta property=\"og:site_name\" content=\"NATURAL POLAND - Velkoobchodn\u00ed distributor surovin\" \/>\n<meta property=\"article:publisher\" content=\"https:\/\/www.facebook.com\/naturalpoland.b2b\" \/>\n<meta property=\"og:image\" content=\"https:\/\/naturalpoland.com\/wp-content\/uploads\/glukonian-cynku.webp\" \/>\n\t<meta property=\"og:image:width\" content=\"615\" \/>\n\t<meta property=\"og:image:height\" content=\"615\" \/>\n\t<meta property=\"og:image:type\" content=\"image\/webp\" \/>\n<script type=\"application\/ld+json\" class=\"yoast-schema-graph\">{\"@context\":\"https:\\\/\\\/schema.org\",\"@graph\":[{\"@type\":\"WebPage\",\"@id\":\"https:\\\/\\\/naturalpoland.com\\\/cs\\\/produkty\\\/produkty-pro-farmaceuticky-a-zdravotnicky-prumysl\\\/pridavky-k-doplnkum-stravy\\\/glukonat-zinecnaty\\\/\",\"url\":\"https:\\\/\\\/naturalpoland.com\\\/cs\\\/produkty\\\/produkty-pro-farmaceuticky-a-zdravotnicky-prumysl\\\/pridavky-k-doplnkum-stravy\\\/glukonat-zinecnaty\\\/\",\"name\":\"Glukon\u00e1t zine\u010dnat\u00fd - NATURAL POLAND - Velkoobchodn\u00ed distributor surovin\",\"isPartOf\":{\"@id\":\"https:\\\/\\\/naturalpoland.com\\\/cs\\\/#website\"},\"primaryImageOfPage\":{\"@id\":\"https:\\\/\\\/naturalpoland.com\\\/cs\\\/produkty\\\/produkty-pro-farmaceuticky-a-zdravotnicky-prumysl\\\/pridavky-k-doplnkum-stravy\\\/glukonat-zinecnaty\\\/#primaryimage\"},\"image\":{\"@id\":\"https:\\\/\\\/naturalpoland.com\\\/cs\\\/produkty\\\/produkty-pro-farmaceuticky-a-zdravotnicky-prumysl\\\/pridavky-k-doplnkum-stravy\\\/glukonat-zinecnaty\\\/#primaryimage\"},\"thumbnailUrl\":\"https:\\\/\\\/naturalpoland.com\\\/wp-content\\\/uploads\\\/glukonian-cynku.webp\",\"datePublished\":\"2024-07-24T08:40:14+00:00\",\"description\":\"Glukon\u00e1t podporuje zdrav\u00ed imunitn\u00edho syst\u00e9mu, k\u016f\u017ee a metabolick\u00fdch funkc\u00ed t\u011bla. Pou\u017e\u00edv\u00e1 se jako dopln\u011bk stravy.\",\"breadcrumb\":{\"@id\":\"https:\\\/\\\/naturalpoland.com\\\/cs\\\/produkty\\\/produkty-pro-farmaceuticky-a-zdravotnicky-prumysl\\\/pridavky-k-doplnkum-stravy\\\/glukonat-zinecnaty\\\/#breadcrumb\"},\"inLanguage\":\"cs\",\"potentialAction\":[{\"@type\":\"ReadAction\",\"target\":[\"https:\\\/\\\/naturalpoland.com\\\/cs\\\/produkty\\\/produkty-pro-farmaceuticky-a-zdravotnicky-prumysl\\\/pridavky-k-doplnkum-stravy\\\/glukonat-zinecnaty\\\/\"]}]},{\"@type\":\"ImageObject\",\"inLanguage\":\"cs\",\"@id\":\"https:\\\/\\\/naturalpoland.com\\\/cs\\\/produkty\\\/produkty-pro-farmaceuticky-a-zdravotnicky-prumysl\\\/pridavky-k-doplnkum-stravy\\\/glukonat-zinecnaty\\\/#primaryimage\",\"url\":\"https:\\\/\\\/naturalpoland.com\\\/wp-content\\\/uploads\\\/glukonian-cynku.webp\",\"contentUrl\":\"https:\\\/\\\/naturalpoland.com\\\/wp-content\\\/uploads\\\/glukonian-cynku.webp\",\"width\":615,\"height\":615,\"caption\":\"glukonian cynku\"},{\"@type\":\"BreadcrumbList\",\"@id\":\"https:\\\/\\\/naturalpoland.com\\\/cs\\\/produkty\\\/produkty-pro-farmaceuticky-a-zdravotnicky-prumysl\\\/pridavky-k-doplnkum-stravy\\\/glukonat-zinecnaty\\\/#breadcrumb\",\"itemListElement\":[{\"@type\":\"ListItem\",\"position\":1,\"name\":\"Dom\u016f\",\"item\":\"https:\\\/\\\/naturalpoland.com\\\/cs\\\/\"},{\"@type\":\"ListItem\",\"position\":2,\"name\":\"Produkty\",\"item\":\"https:\\\/\\\/naturalpoland.com\\\/cs\\\/produkty\\\/\"},{\"@type\":\"ListItem\",\"position\":3,\"name\":\"Glukon\u00e1t zine\u010dnat\u00fd\"}]},{\"@type\":\"WebSite\",\"@id\":\"https:\\\/\\\/naturalpoland.com\\\/cs\\\/#website\",\"url\":\"https:\\\/\\\/naturalpoland.com\\\/cs\\\/\",\"name\":\"NATURAL POLAND - Velkoobchodn\u00ed distributor surovin\",\"description\":\"Surowce dla przemys\u0142u spo\u017cywczego, kosmetycznego i farmaceutycznego\",\"publisher\":{\"@id\":\"https:\\\/\\\/naturalpoland.com\\\/cs\\\/#organization\"},\"potentialAction\":[{\"@type\":\"SearchAction\",\"target\":{\"@type\":\"EntryPoint\",\"urlTemplate\":\"https:\\\/\\\/naturalpoland.com\\\/cs\\\/?s={search_term_string}\"},\"query-input\":{\"@type\":\"PropertyValueSpecification\",\"valueRequired\":true,\"valueName\":\"search_term_string\"}}],\"inLanguage\":\"cs\"},{\"@type\":\"Organization\",\"@id\":\"https:\\\/\\\/naturalpoland.com\\\/cs\\\/#organization\",\"name\":\"Natural Poland\",\"url\":\"https:\\\/\\\/naturalpoland.com\\\/cs\\\/\",\"logo\":{\"@type\":\"ImageObject\",\"inLanguage\":\"cs\",\"@id\":\"https:\\\/\\\/naturalpoland.com\\\/cs\\\/#\\\/schema\\\/logo\\\/image\\\/\",\"url\":\"https:\\\/\\\/naturalpoland.com\\\/wp-content\\\/uploads\\\/2021\\\/05\\\/natural-poland-icon.png\",\"contentUrl\":\"https:\\\/\\\/naturalpoland.com\\\/wp-content\\\/uploads\\\/2021\\\/05\\\/natural-poland-icon.png\",\"width\":512,\"height\":512,\"caption\":\"Natural Poland\"},\"image\":{\"@id\":\"https:\\\/\\\/naturalpoland.com\\\/cs\\\/#\\\/schema\\\/logo\\\/image\\\/\"},\"sameAs\":[\"https:\\\/\\\/www.facebook.com\\\/naturalpoland.b2b\",\"https:\\\/\\\/pl.linkedin.com\\\/company\\\/natural-poland\",\"https:\\\/\\\/www.youtube.com\\\/channel\\\/UCgeGGkvOMahZo-xu_MSEWxg\"]}]}<\/script>\n<!-- \/ Yoast SEO plugin. -->","yoast_head_json":{"title":"Glukon\u00e1t zine\u010dnat\u00fd - NATURAL POLAND - Velkoobchodn\u00ed distributor surovin","description":"Glukon\u00e1t podporuje zdrav\u00ed imunitn\u00edho syst\u00e9mu, k\u016f\u017ee a metabolick\u00fdch funkc\u00ed t\u011bla. Pou\u017e\u00edv\u00e1 se jako dopln\u011bk stravy.","robots":{"index":"index","follow":"follow","max-snippet":"max-snippet:-1","max-image-preview":"max-image-preview:large","max-video-preview":"max-video-preview:-1"},"canonical":"https:\/\/naturalpoland.com\/cs\/produkty\/produkty-pro-farmaceuticky-a-zdravotnicky-prumysl\/pridavky-k-doplnkum-stravy\/glukonat-zinecnaty\/","og_locale":"cs_CZ","og_type":"article","og_title":"Glukon\u00e1t zine\u010dnat\u00fd - NATURAL POLAND - Velkoobchodn\u00ed distributor surovin","og_description":"Glukon\u00e1t podporuje zdrav\u00ed imunitn\u00edho syst\u00e9mu, k\u016f\u017ee a metabolick\u00fdch funkc\u00ed t\u011bla. Pou\u017e\u00edv\u00e1 se jako dopln\u011bk stravy.","og_url":"https:\/\/naturalpoland.com\/cs\/produkty\/produkty-pro-farmaceuticky-a-zdravotnicky-prumysl\/pridavky-k-doplnkum-stravy\/glukonat-zinecnaty\/","og_site_name":"NATURAL POLAND - Velkoobchodn\u00ed distributor surovin","article_publisher":"https:\/\/www.facebook.com\/naturalpoland.b2b","og_image":[{"width":615,"height":615,"url":"https:\/\/naturalpoland.com\/wp-content\/uploads\/glukonian-cynku.webp","type":"image\/webp"}],"schema":{"@context":"https:\/\/schema.org","@graph":[{"@type":"WebPage","@id":"https:\/\/naturalpoland.com\/cs\/produkty\/produkty-pro-farmaceuticky-a-zdravotnicky-prumysl\/pridavky-k-doplnkum-stravy\/glukonat-zinecnaty\/","url":"https:\/\/naturalpoland.com\/cs\/produkty\/produkty-pro-farmaceuticky-a-zdravotnicky-prumysl\/pridavky-k-doplnkum-stravy\/glukonat-zinecnaty\/","name":"Glukon\u00e1t zine\u010dnat\u00fd - NATURAL POLAND - Velkoobchodn\u00ed distributor surovin","isPartOf":{"@id":"https:\/\/naturalpoland.com\/cs\/#website"},"primaryImageOfPage":{"@id":"https:\/\/naturalpoland.com\/cs\/produkty\/produkty-pro-farmaceuticky-a-zdravotnicky-prumysl\/pridavky-k-doplnkum-stravy\/glukonat-zinecnaty\/#primaryimage"},"image":{"@id":"https:\/\/naturalpoland.com\/cs\/produkty\/produkty-pro-farmaceuticky-a-zdravotnicky-prumysl\/pridavky-k-doplnkum-stravy\/glukonat-zinecnaty\/#primaryimage"},"thumbnailUrl":"https:\/\/naturalpoland.com\/wp-content\/uploads\/glukonian-cynku.webp","datePublished":"2024-07-24T08:40:14+00:00","description":"Glukon\u00e1t podporuje zdrav\u00ed imunitn\u00edho syst\u00e9mu, k\u016f\u017ee a metabolick\u00fdch funkc\u00ed t\u011bla. Pou\u017e\u00edv\u00e1 se jako dopln\u011bk stravy.","breadcrumb":{"@id":"https:\/\/naturalpoland.com\/cs\/produkty\/produkty-pro-farmaceuticky-a-zdravotnicky-prumysl\/pridavky-k-doplnkum-stravy\/glukonat-zinecnaty\/#breadcrumb"},"inLanguage":"cs","potentialAction":[{"@type":"ReadAction","target":["https:\/\/naturalpoland.com\/cs\/produkty\/produkty-pro-farmaceuticky-a-zdravotnicky-prumysl\/pridavky-k-doplnkum-stravy\/glukonat-zinecnaty\/"]}]},{"@type":"ImageObject","inLanguage":"cs","@id":"https:\/\/naturalpoland.com\/cs\/produkty\/produkty-pro-farmaceuticky-a-zdravotnicky-prumysl\/pridavky-k-doplnkum-stravy\/glukonat-zinecnaty\/#primaryimage","url":"https:\/\/naturalpoland.com\/wp-content\/uploads\/glukonian-cynku.webp","contentUrl":"https:\/\/naturalpoland.com\/wp-content\/uploads\/glukonian-cynku.webp","width":615,"height":615,"caption":"glukonian cynku"},{"@type":"BreadcrumbList","@id":"https:\/\/naturalpoland.com\/cs\/produkty\/produkty-pro-farmaceuticky-a-zdravotnicky-prumysl\/pridavky-k-doplnkum-stravy\/glukonat-zinecnaty\/#breadcrumb","itemListElement":[{"@type":"ListItem","position":1,"name":"Dom\u016f","item":"https:\/\/naturalpoland.com\/cs\/"},{"@type":"ListItem","position":2,"name":"Produkty","item":"https:\/\/naturalpoland.com\/cs\/produkty\/"},{"@type":"ListItem","position":3,"name":"Glukon\u00e1t zine\u010dnat\u00fd"}]},{"@type":"WebSite","@id":"https:\/\/naturalpoland.com\/cs\/#website","url":"https:\/\/naturalpoland.com\/cs\/","name":"NATURAL POLAND - Velkoobchodn\u00ed distributor surovin","description":"Surowce dla przemys\u0142u spo\u017cywczego, kosmetycznego i farmaceutycznego","publisher":{"@id":"https:\/\/naturalpoland.com\/cs\/#organization"},"potentialAction":[{"@type":"SearchAction","target":{"@type":"EntryPoint","urlTemplate":"https:\/\/naturalpoland.com\/cs\/?s={search_term_string}"},"query-input":{"@type":"PropertyValueSpecification","valueRequired":true,"valueName":"search_term_string"}}],"inLanguage":"cs"},{"@type":"Organization","@id":"https:\/\/naturalpoland.com\/cs\/#organization","name":"Natural Poland","url":"https:\/\/naturalpoland.com\/cs\/","logo":{"@type":"ImageObject","inLanguage":"cs","@id":"https:\/\/naturalpoland.com\/cs\/#\/schema\/logo\/image\/","url":"https:\/\/naturalpoland.com\/wp-content\/uploads\/2021\/05\/natural-poland-icon.png","contentUrl":"https:\/\/naturalpoland.com\/wp-content\/uploads\/2021\/05\/natural-poland-icon.png","width":512,"height":512,"caption":"Natural Poland"},"image":{"@id":"https:\/\/naturalpoland.com\/cs\/#\/schema\/logo\/image\/"},"sameAs":["https:\/\/www.facebook.com\/naturalpoland.b2b","https:\/\/pl.linkedin.com\/company\/natural-poland","https:\/\/www.youtube.com\/channel\/UCgeGGkvOMahZo-xu_MSEWxg"]}]}},"_links":{"self":[{"href":"https:\/\/naturalpoland.com\/cs\/wp-json\/wp\/v2\/product\/34115","targetHints":{"allow":["GET"]}}],"collection":[{"href":"https:\/\/naturalpoland.com\/cs\/wp-json\/wp\/v2\/product"}],"about":[{"href":"https:\/\/naturalpoland.com\/cs\/wp-json\/wp\/v2\/types\/product"}],"wp:featuredmedia":[{"embeddable":true,"href":"https:\/\/naturalpoland.com\/cs\/wp-json\/wp\/v2\/media\/34075"}],"wp:attachment":[{"href":"https:\/\/naturalpoland.com\/cs\/wp-json\/wp\/v2\/media?parent=34115"}],"wp:term":[{"taxonomy":"product_brand","embeddable":true,"href":"https:\/\/naturalpoland.com\/cs\/wp-json\/wp\/v2\/product_brand?post=34115"},{"taxonomy":"product_cat","embeddable":true,"href":"https:\/\/naturalpoland.com\/cs\/wp-json\/wp\/v2\/product_cat?post=34115"},{"taxonomy":"product_tag","embeddable":true,"href":"https:\/\/naturalpoland.com\/cs\/wp-json\/wp\/v2\/product_tag?post=34115"}],"curies":[{"name":"wp","href":"https:\/\/api.w.org\/{rel}","templated":true}]}}