{"id":34127,"date":"2024-07-23T15:47:36","date_gmt":"2024-07-24T08:40:38","guid":{"rendered":"https:\/\/naturalpoland.com\/produkty\/neza\u0159azen\u00e9\/hydrolat-listu-cerneho-rybizu\/"},"modified":"2024-07-24T10:40:38","modified_gmt":"2024-07-24T08:40:38","slug":"hydrolat-listu-cerneho-rybizu","status":"publish","type":"product","link":"https:\/\/naturalpoland.com\/cs\/produkty\/produkty-pro-kosmeticky-prumysl\/hydrolaty-cs\/hydrolat-listu-cerneho-rybizu\/","title":{"rendered":"Hydrol\u00e1t z list\u016f \u010dern\u00e9ho ryb\u00edzu"},"content":{"rendered":"<h2>Vlastnosti<\/h2>\n<p>  Hydrol\u00e1t z list\u016f \u010dern\u00e9ho ryb\u00edzu m\u00e1 \u010distic\u00ed a tonizuj\u00edc\u00ed \u00fa\u010dinky.<br \/>\nDokonale hydratuje poko\u017eku a zlep\u0161uje jej\u00ed pru\u017enost.<br \/>\nJe nejvhodn\u011bj\u0161\u00ed pro suchou, citlivou a zralou ple\u0165.<br \/>\nDoporu\u010duje se zejm\u00e9na pro ple\u0165 se sklonem k alergick\u00fdm reakc\u00edm, proto\u017ee m\u00e1 zklid\u0148uj\u00edc\u00ed \u00fa\u010dinek na podr\u00e1\u017ed\u011bn\u00ed a zarudnut\u00ed.     <\/p>\n<h2>Aplikace<\/h2>\n<p>  Hydrol\u00e1t z list\u016f \u010dern\u00e9ho ryb\u00edzu lze pou\u017e\u00edt jako ple\u0165ov\u00e9 tonikum, hydrata\u010dn\u00ed mlhu nebo jako slo\u017eku kr\u00e9m\u016f, ple\u0165ov\u00fdch vod a s\u00e9r.<br \/>\nTento hydrol\u00e1t je tak\u00e9 ide\u00e1ln\u00ed slo\u017ekou koupelov\u00fdch p\u0159\u00edpravk\u016f, masek a obklad\u016f. <\/p>\n","protected":false},"excerpt":{"rendered":"<p>Hydrol\u00e1t z list\u016f \u010dern\u00e9ho ryb\u00edzu se z\u00edsk\u00e1v\u00e1 destilac\u00ed list\u016f \u010dern\u00e9ho ryb\u00edzu<em>(Ribes nigrum)<\/em> vodn\u00ed parou.<\/p>\n","protected":false},"featured_media":34088,"template":"","meta":{"_acf_changed":false},"product_brand":[],"product_cat":[3548],"product_tag":[],"class_list":{"0":"post-34127","1":"product","2":"type-product","3":"status-publish","4":"has-post-thumbnail","6":"product_cat-hydrolaty-cs","8":"first","9":"instock","10":"shipping-taxable","11":"product-type-simple"},"acf":[],"yoast_head":"<!-- This site is optimized with the Yoast SEO plugin v27.5 - https:\/\/yoast.com\/product\/yoast-seo-wordpress\/ -->\n<title>Hydrol\u00e1t z list\u016f \u010dern\u00e9ho ryb\u00edzu - NATURAL POLAND - Velkoobchodn\u00ed distributor surovin<\/title>\n<meta name=\"description\" content=\"Hydrol\u00e1t z list\u016f \u010dern\u00e9ho ryb\u00edzu je vysoce kvalitn\u00ed p\u0159\u00edrodn\u00ed produkt z\u00edskan\u00fd destilac\u00ed list\u016f \u010dern\u00e9ho ryb\u00edzu (Ribes nigrum) vodn\u00ed parou.\" \/>\n<meta name=\"robots\" content=\"index, follow, max-snippet:-1, max-image-preview:large, max-video-preview:-1\" \/>\n<link rel=\"canonical\" href=\"https:\/\/naturalpoland.com\/cs\/produkty\/produkty-pro-kosmeticky-prumysl\/hydrolaty-cs\/hydrolat-listu-cerneho-rybizu\/\" \/>\n<meta property=\"og:locale\" content=\"cs_CZ\" \/>\n<meta property=\"og:type\" content=\"article\" \/>\n<meta property=\"og:title\" content=\"Hydrol\u00e1t z list\u016f \u010dern\u00e9ho ryb\u00edzu - NATURAL POLAND - Velkoobchodn\u00ed distributor surovin\" \/>\n<meta property=\"og:description\" content=\"Hydrol\u00e1t z list\u016f \u010dern\u00e9ho ryb\u00edzu je vysoce kvalitn\u00ed p\u0159\u00edrodn\u00ed produkt z\u00edskan\u00fd destilac\u00ed list\u016f \u010dern\u00e9ho ryb\u00edzu (Ribes nigrum) vodn\u00ed parou.\" \/>\n<meta property=\"og:url\" content=\"https:\/\/naturalpoland.com\/cs\/produkty\/produkty-pro-kosmeticky-prumysl\/hydrolaty-cs\/hydrolat-listu-cerneho-rybizu\/\" \/>\n<meta property=\"og:site_name\" content=\"NATURAL POLAND - Velkoobchodn\u00ed distributor surovin\" \/>\n<meta property=\"article:publisher\" content=\"https:\/\/www.facebook.com\/naturalpoland.b2b\" \/>\n<meta property=\"og:image\" content=\"https:\/\/naturalpoland.com\/wp-content\/uploads\/hydrolat-z-lisci-czarnej-porzeczki.webp\" \/>\n\t<meta property=\"og:image:width\" content=\"615\" \/>\n\t<meta property=\"og:image:height\" content=\"615\" \/>\n\t<meta property=\"og:image:type\" content=\"image\/webp\" \/>\n<script type=\"application\/ld+json\" class=\"yoast-schema-graph\">{\"@context\":\"https:\\\/\\\/schema.org\",\"@graph\":[{\"@type\":\"WebPage\",\"@id\":\"https:\\\/\\\/naturalpoland.com\\\/cs\\\/produkty\\\/produkty-pro-kosmeticky-prumysl\\\/hydrolaty-cs\\\/hydrolat-listu-cerneho-rybizu\\\/\",\"url\":\"https:\\\/\\\/naturalpoland.com\\\/cs\\\/produkty\\\/produkty-pro-kosmeticky-prumysl\\\/hydrolaty-cs\\\/hydrolat-listu-cerneho-rybizu\\\/\",\"name\":\"Hydrol\u00e1t z list\u016f \u010dern\u00e9ho ryb\u00edzu - NATURAL POLAND - Velkoobchodn\u00ed distributor surovin\",\"isPartOf\":{\"@id\":\"https:\\\/\\\/naturalpoland.com\\\/cs\\\/#website\"},\"primaryImageOfPage\":{\"@id\":\"https:\\\/\\\/naturalpoland.com\\\/cs\\\/produkty\\\/produkty-pro-kosmeticky-prumysl\\\/hydrolaty-cs\\\/hydrolat-listu-cerneho-rybizu\\\/#primaryimage\"},\"image\":{\"@id\":\"https:\\\/\\\/naturalpoland.com\\\/cs\\\/produkty\\\/produkty-pro-kosmeticky-prumysl\\\/hydrolaty-cs\\\/hydrolat-listu-cerneho-rybizu\\\/#primaryimage\"},\"thumbnailUrl\":\"https:\\\/\\\/naturalpoland.com\\\/wp-content\\\/uploads\\\/hydrolat-z-lisci-czarnej-porzeczki.webp\",\"datePublished\":\"2024-07-24T08:40:38+00:00\",\"description\":\"Hydrol\u00e1t z list\u016f \u010dern\u00e9ho ryb\u00edzu je vysoce kvalitn\u00ed p\u0159\u00edrodn\u00ed produkt z\u00edskan\u00fd destilac\u00ed list\u016f \u010dern\u00e9ho ryb\u00edzu (Ribes nigrum) vodn\u00ed parou.\",\"breadcrumb\":{\"@id\":\"https:\\\/\\\/naturalpoland.com\\\/cs\\\/produkty\\\/produkty-pro-kosmeticky-prumysl\\\/hydrolaty-cs\\\/hydrolat-listu-cerneho-rybizu\\\/#breadcrumb\"},\"inLanguage\":\"cs\",\"potentialAction\":[{\"@type\":\"ReadAction\",\"target\":[\"https:\\\/\\\/naturalpoland.com\\\/cs\\\/produkty\\\/produkty-pro-kosmeticky-prumysl\\\/hydrolaty-cs\\\/hydrolat-listu-cerneho-rybizu\\\/\"]}]},{\"@type\":\"ImageObject\",\"inLanguage\":\"cs\",\"@id\":\"https:\\\/\\\/naturalpoland.com\\\/cs\\\/produkty\\\/produkty-pro-kosmeticky-prumysl\\\/hydrolaty-cs\\\/hydrolat-listu-cerneho-rybizu\\\/#primaryimage\",\"url\":\"https:\\\/\\\/naturalpoland.com\\\/wp-content\\\/uploads\\\/hydrolat-z-lisci-czarnej-porzeczki.webp\",\"contentUrl\":\"https:\\\/\\\/naturalpoland.com\\\/wp-content\\\/uploads\\\/hydrolat-z-lisci-czarnej-porzeczki.webp\",\"width\":615,\"height\":615,\"caption\":\"Hydrolat z li\u015bcia czarnej porzeczki\"},{\"@type\":\"BreadcrumbList\",\"@id\":\"https:\\\/\\\/naturalpoland.com\\\/cs\\\/produkty\\\/produkty-pro-kosmeticky-prumysl\\\/hydrolaty-cs\\\/hydrolat-listu-cerneho-rybizu\\\/#breadcrumb\",\"itemListElement\":[{\"@type\":\"ListItem\",\"position\":1,\"name\":\"Dom\u016f\",\"item\":\"https:\\\/\\\/naturalpoland.com\\\/cs\\\/\"},{\"@type\":\"ListItem\",\"position\":2,\"name\":\"Produkty\",\"item\":\"https:\\\/\\\/naturalpoland.com\\\/cs\\\/produkty\\\/\"},{\"@type\":\"ListItem\",\"position\":3,\"name\":\"Hydrol\u00e1t z list\u016f \u010dern\u00e9ho ryb\u00edzu\"}]},{\"@type\":\"WebSite\",\"@id\":\"https:\\\/\\\/naturalpoland.com\\\/cs\\\/#website\",\"url\":\"https:\\\/\\\/naturalpoland.com\\\/cs\\\/\",\"name\":\"NATURAL POLAND - Velkoobchodn\u00ed distributor surovin\",\"description\":\"Surowce dla przemys\u0142u spo\u017cywczego, kosmetycznego i farmaceutycznego\",\"publisher\":{\"@id\":\"https:\\\/\\\/naturalpoland.com\\\/cs\\\/#organization\"},\"potentialAction\":[{\"@type\":\"SearchAction\",\"target\":{\"@type\":\"EntryPoint\",\"urlTemplate\":\"https:\\\/\\\/naturalpoland.com\\\/cs\\\/?s={search_term_string}\"},\"query-input\":{\"@type\":\"PropertyValueSpecification\",\"valueRequired\":true,\"valueName\":\"search_term_string\"}}],\"inLanguage\":\"cs\"},{\"@type\":\"Organization\",\"@id\":\"https:\\\/\\\/naturalpoland.com\\\/cs\\\/#organization\",\"name\":\"Natural Poland\",\"url\":\"https:\\\/\\\/naturalpoland.com\\\/cs\\\/\",\"logo\":{\"@type\":\"ImageObject\",\"inLanguage\":\"cs\",\"@id\":\"https:\\\/\\\/naturalpoland.com\\\/cs\\\/#\\\/schema\\\/logo\\\/image\\\/\",\"url\":\"https:\\\/\\\/naturalpoland.com\\\/wp-content\\\/uploads\\\/2021\\\/05\\\/natural-poland-icon.png\",\"contentUrl\":\"https:\\\/\\\/naturalpoland.com\\\/wp-content\\\/uploads\\\/2021\\\/05\\\/natural-poland-icon.png\",\"width\":512,\"height\":512,\"caption\":\"Natural Poland\"},\"image\":{\"@id\":\"https:\\\/\\\/naturalpoland.com\\\/cs\\\/#\\\/schema\\\/logo\\\/image\\\/\"},\"sameAs\":[\"https:\\\/\\\/www.facebook.com\\\/naturalpoland.b2b\",\"https:\\\/\\\/pl.linkedin.com\\\/company\\\/natural-poland\",\"https:\\\/\\\/www.youtube.com\\\/channel\\\/UCgeGGkvOMahZo-xu_MSEWxg\"]}]}<\/script>\n<!-- \/ Yoast SEO plugin. -->","yoast_head_json":{"title":"Hydrol\u00e1t z list\u016f \u010dern\u00e9ho ryb\u00edzu - NATURAL POLAND - Velkoobchodn\u00ed distributor surovin","description":"Hydrol\u00e1t z list\u016f \u010dern\u00e9ho ryb\u00edzu je vysoce kvalitn\u00ed p\u0159\u00edrodn\u00ed produkt z\u00edskan\u00fd destilac\u00ed list\u016f \u010dern\u00e9ho ryb\u00edzu (Ribes nigrum) vodn\u00ed parou.","robots":{"index":"index","follow":"follow","max-snippet":"max-snippet:-1","max-image-preview":"max-image-preview:large","max-video-preview":"max-video-preview:-1"},"canonical":"https:\/\/naturalpoland.com\/cs\/produkty\/produkty-pro-kosmeticky-prumysl\/hydrolaty-cs\/hydrolat-listu-cerneho-rybizu\/","og_locale":"cs_CZ","og_type":"article","og_title":"Hydrol\u00e1t z list\u016f \u010dern\u00e9ho ryb\u00edzu - NATURAL POLAND - Velkoobchodn\u00ed distributor surovin","og_description":"Hydrol\u00e1t z list\u016f \u010dern\u00e9ho ryb\u00edzu je vysoce kvalitn\u00ed p\u0159\u00edrodn\u00ed produkt z\u00edskan\u00fd destilac\u00ed list\u016f \u010dern\u00e9ho ryb\u00edzu (Ribes nigrum) vodn\u00ed parou.","og_url":"https:\/\/naturalpoland.com\/cs\/produkty\/produkty-pro-kosmeticky-prumysl\/hydrolaty-cs\/hydrolat-listu-cerneho-rybizu\/","og_site_name":"NATURAL POLAND - Velkoobchodn\u00ed distributor surovin","article_publisher":"https:\/\/www.facebook.com\/naturalpoland.b2b","og_image":[{"width":615,"height":615,"url":"https:\/\/naturalpoland.com\/wp-content\/uploads\/hydrolat-z-lisci-czarnej-porzeczki.webp","type":"image\/webp"}],"schema":{"@context":"https:\/\/schema.org","@graph":[{"@type":"WebPage","@id":"https:\/\/naturalpoland.com\/cs\/produkty\/produkty-pro-kosmeticky-prumysl\/hydrolaty-cs\/hydrolat-listu-cerneho-rybizu\/","url":"https:\/\/naturalpoland.com\/cs\/produkty\/produkty-pro-kosmeticky-prumysl\/hydrolaty-cs\/hydrolat-listu-cerneho-rybizu\/","name":"Hydrol\u00e1t z list\u016f \u010dern\u00e9ho ryb\u00edzu - NATURAL POLAND - Velkoobchodn\u00ed distributor surovin","isPartOf":{"@id":"https:\/\/naturalpoland.com\/cs\/#website"},"primaryImageOfPage":{"@id":"https:\/\/naturalpoland.com\/cs\/produkty\/produkty-pro-kosmeticky-prumysl\/hydrolaty-cs\/hydrolat-listu-cerneho-rybizu\/#primaryimage"},"image":{"@id":"https:\/\/naturalpoland.com\/cs\/produkty\/produkty-pro-kosmeticky-prumysl\/hydrolaty-cs\/hydrolat-listu-cerneho-rybizu\/#primaryimage"},"thumbnailUrl":"https:\/\/naturalpoland.com\/wp-content\/uploads\/hydrolat-z-lisci-czarnej-porzeczki.webp","datePublished":"2024-07-24T08:40:38+00:00","description":"Hydrol\u00e1t z list\u016f \u010dern\u00e9ho ryb\u00edzu je vysoce kvalitn\u00ed p\u0159\u00edrodn\u00ed produkt z\u00edskan\u00fd destilac\u00ed list\u016f \u010dern\u00e9ho ryb\u00edzu (Ribes nigrum) vodn\u00ed parou.","breadcrumb":{"@id":"https:\/\/naturalpoland.com\/cs\/produkty\/produkty-pro-kosmeticky-prumysl\/hydrolaty-cs\/hydrolat-listu-cerneho-rybizu\/#breadcrumb"},"inLanguage":"cs","potentialAction":[{"@type":"ReadAction","target":["https:\/\/naturalpoland.com\/cs\/produkty\/produkty-pro-kosmeticky-prumysl\/hydrolaty-cs\/hydrolat-listu-cerneho-rybizu\/"]}]},{"@type":"ImageObject","inLanguage":"cs","@id":"https:\/\/naturalpoland.com\/cs\/produkty\/produkty-pro-kosmeticky-prumysl\/hydrolaty-cs\/hydrolat-listu-cerneho-rybizu\/#primaryimage","url":"https:\/\/naturalpoland.com\/wp-content\/uploads\/hydrolat-z-lisci-czarnej-porzeczki.webp","contentUrl":"https:\/\/naturalpoland.com\/wp-content\/uploads\/hydrolat-z-lisci-czarnej-porzeczki.webp","width":615,"height":615,"caption":"Hydrolat z li\u015bcia czarnej porzeczki"},{"@type":"BreadcrumbList","@id":"https:\/\/naturalpoland.com\/cs\/produkty\/produkty-pro-kosmeticky-prumysl\/hydrolaty-cs\/hydrolat-listu-cerneho-rybizu\/#breadcrumb","itemListElement":[{"@type":"ListItem","position":1,"name":"Dom\u016f","item":"https:\/\/naturalpoland.com\/cs\/"},{"@type":"ListItem","position":2,"name":"Produkty","item":"https:\/\/naturalpoland.com\/cs\/produkty\/"},{"@type":"ListItem","position":3,"name":"Hydrol\u00e1t z list\u016f \u010dern\u00e9ho ryb\u00edzu"}]},{"@type":"WebSite","@id":"https:\/\/naturalpoland.com\/cs\/#website","url":"https:\/\/naturalpoland.com\/cs\/","name":"NATURAL POLAND - Velkoobchodn\u00ed distributor surovin","description":"Surowce dla przemys\u0142u spo\u017cywczego, kosmetycznego i farmaceutycznego","publisher":{"@id":"https:\/\/naturalpoland.com\/cs\/#organization"},"potentialAction":[{"@type":"SearchAction","target":{"@type":"EntryPoint","urlTemplate":"https:\/\/naturalpoland.com\/cs\/?s={search_term_string}"},"query-input":{"@type":"PropertyValueSpecification","valueRequired":true,"valueName":"search_term_string"}}],"inLanguage":"cs"},{"@type":"Organization","@id":"https:\/\/naturalpoland.com\/cs\/#organization","name":"Natural Poland","url":"https:\/\/naturalpoland.com\/cs\/","logo":{"@type":"ImageObject","inLanguage":"cs","@id":"https:\/\/naturalpoland.com\/cs\/#\/schema\/logo\/image\/","url":"https:\/\/naturalpoland.com\/wp-content\/uploads\/2021\/05\/natural-poland-icon.png","contentUrl":"https:\/\/naturalpoland.com\/wp-content\/uploads\/2021\/05\/natural-poland-icon.png","width":512,"height":512,"caption":"Natural Poland"},"image":{"@id":"https:\/\/naturalpoland.com\/cs\/#\/schema\/logo\/image\/"},"sameAs":["https:\/\/www.facebook.com\/naturalpoland.b2b","https:\/\/pl.linkedin.com\/company\/natural-poland","https:\/\/www.youtube.com\/channel\/UCgeGGkvOMahZo-xu_MSEWxg"]}]}},"_links":{"self":[{"href":"https:\/\/naturalpoland.com\/cs\/wp-json\/wp\/v2\/product\/34127","targetHints":{"allow":["GET"]}}],"collection":[{"href":"https:\/\/naturalpoland.com\/cs\/wp-json\/wp\/v2\/product"}],"about":[{"href":"https:\/\/naturalpoland.com\/cs\/wp-json\/wp\/v2\/types\/product"}],"wp:featuredmedia":[{"embeddable":true,"href":"https:\/\/naturalpoland.com\/cs\/wp-json\/wp\/v2\/media\/34088"}],"wp:attachment":[{"href":"https:\/\/naturalpoland.com\/cs\/wp-json\/wp\/v2\/media?parent=34127"}],"wp:term":[{"taxonomy":"product_brand","embeddable":true,"href":"https:\/\/naturalpoland.com\/cs\/wp-json\/wp\/v2\/product_brand?post=34127"},{"taxonomy":"product_cat","embeddable":true,"href":"https:\/\/naturalpoland.com\/cs\/wp-json\/wp\/v2\/product_cat?post=34127"},{"taxonomy":"product_tag","embeddable":true,"href":"https:\/\/naturalpoland.com\/cs\/wp-json\/wp\/v2\/product_tag?post=34127"}],"curies":[{"name":"wp","href":"https:\/\/api.w.org\/{rel}","templated":true}]}}