{"id":34160,"date":"2024-07-23T14:20:50","date_gmt":"2024-07-24T08:46:01","guid":{"rendered":"https:\/\/naturalpoland.com\/produkty\/neza\u0159azen\u00e9\/extrakt-z-haematococcus-pluvialis\/"},"modified":"2024-07-24T10:46:01","modified_gmt":"2024-07-24T08:46:01","slug":"extrakt-z-haematococcus-pluvialis","status":"publish","type":"product","link":"https:\/\/naturalpoland.com\/cs\/produkty\/produkty-pro-farmaceuticky-a-zdravotnicky-prumysl\/pridavky-k-doplnkum-stravy\/extrakt-z-haematococcus-pluvialis\/","title":{"rendered":"Extrakt z Haematococcus Pluvialis"},"content":{"rendered":"<h2>Vlastnosti a v\u00fdhody<\/h2>\n<ul>\n<li>chr\u00e1n\u00ed bu\u0148ky p\u0159ed po\u0161kozen\u00edm voln\u00fdmi radik\u00e1ly,<\/li>\n<li>podporuj\u00ed imunitn\u00ed syst\u00e9m a pom\u00e1haj\u00ed t\u011blu bojovat s infekcemi a nemocemi.<\/li>\n<\/ul>\n<p>  Studie nav\u00edc nazna\u010duj\u00ed, \u017ee astaxanthin m\u016f\u017ee zlep\u0161it fyzickou v\u00fdkonnost a sn\u00ed\u017eit svalovou \u00fanavu.  <\/p>\n<h3>Aplikace<\/h3>\n<p>  Extrakt z Haematococcus Pluvialis se b\u011b\u017en\u011b pou\u017e\u00edv\u00e1 jako <strong>slo\u017eka dopl\u0148k\u016f stravy<\/strong>, kter\u00e9 podporuj\u00ed zdrav\u00ed a vitalitu.<br \/>\nM\u016f\u017ee se p\u0159id\u00e1vat do kapsl\u00ed, tablet, pr\u00e1\u0161k\u016f a funk\u010dn\u00edch n\u00e1poj\u016f. <b>V kosmetick\u00e9m pr\u016fmyslu<\/b> se extrakt pou\u017e\u00edv\u00e1 v kosmetick\u00fdch p\u0159\u00edpravc\u00edch, jako jsou kr\u00e9my, s\u00e9ra, masky a ple\u0165ov\u00e9 vody, a pom\u00e1h\u00e1 chr\u00e1nit poko\u017eku p\u0159ed st\u00e1rnut\u00edm a \u0161kodliv\u00fdmi vlivy prost\u0159ed\u00ed.<br \/>\nExtrakt z Haematococcus Pluvialis se pou\u017e\u00edv\u00e1 tak\u00e9 ve <strong>farmaceutick\u00fdch v\u00fdrobc\u00edch. <\/strong>D\u00edky sv\u00fdm antioxida\u010dn\u00edm a protiz\u00e1n\u011btliv\u00fdm vlastnostem podporuje l\u00e9\u010dbu a prevenci r\u016fzn\u00fdch onemocn\u011bn\u00ed.  <\/p>\n","protected":false},"excerpt":{"rendered":"<p><strong>Extrakt z Haematococcus pluvialis<\/strong> je dopln\u011bk stravy z\u00edskan\u00fd z mikro\u0159asy Haematococcus pluvialis, kter\u00e1 je zn\u00e1m\u00e1 sv\u00fdm obsahem astaxanthinu. <strong>Astaxanthin<\/strong> je jedn\u00edm z nejsiln\u011bj\u0161\u00edch zn\u00e1m\u00fdch antioxidant\u016f.<br \/>\nTento produkt je k dispozici ve form\u011b jemn\u00e9ho, \u010dervenotmav\u00e9ho pr\u00e1\u0161ku. <\/p>\n","protected":false},"featured_media":34047,"template":"","meta":{"_acf_changed":false},"product_brand":[],"product_cat":[629],"product_tag":[],"class_list":{"0":"post-34160","1":"product","2":"type-product","3":"status-publish","4":"has-post-thumbnail","6":"product_cat-pridavky-k-doplnkum-stravy","8":"first","9":"instock","10":"shipping-taxable","11":"product-type-simple"},"acf":[],"yoast_head":"<!-- This site is optimized with the Yoast SEO plugin v27.4 - https:\/\/yoast.com\/product\/yoast-seo-wordpress\/ -->\n<title>Extrakt z Haematococcus Pluvialis - NATURAL POLAND - Velkoobchodn\u00ed distributor surovin<\/title>\n<meta name=\"description\" content=\"Extrakt Haematococcus pluvialis je vysoce kvalitn\u00ed dopln\u011bk stravy z\u00edskan\u00fd z mikro\u0159asy Haematococcus pluvialis, kter\u00e1 je zn\u00e1m\u00e1 sv\u00fdm obsahem astaxanthinu.\" \/>\n<meta name=\"robots\" content=\"index, follow, max-snippet:-1, max-image-preview:large, max-video-preview:-1\" \/>\n<link rel=\"canonical\" href=\"https:\/\/naturalpoland.com\/cs\/produkty\/produkty-pro-farmaceuticky-a-zdravotnicky-prumysl\/pridavky-k-doplnkum-stravy\/extrakt-z-haematococcus-pluvialis\/\" \/>\n<meta property=\"og:locale\" content=\"cs_CZ\" \/>\n<meta property=\"og:type\" content=\"article\" \/>\n<meta property=\"og:title\" content=\"Extrakt z Haematococcus Pluvialis - NATURAL POLAND - Velkoobchodn\u00ed distributor surovin\" \/>\n<meta property=\"og:description\" content=\"Extrakt Haematococcus pluvialis je vysoce kvalitn\u00ed dopln\u011bk stravy z\u00edskan\u00fd z mikro\u0159asy Haematococcus pluvialis, kter\u00e1 je zn\u00e1m\u00e1 sv\u00fdm obsahem astaxanthinu.\" \/>\n<meta property=\"og:url\" content=\"https:\/\/naturalpoland.com\/cs\/produkty\/produkty-pro-farmaceuticky-a-zdravotnicky-prumysl\/pridavky-k-doplnkum-stravy\/extrakt-z-haematococcus-pluvialis\/\" \/>\n<meta property=\"og:site_name\" content=\"NATURAL POLAND - Velkoobchodn\u00ed distributor surovin\" \/>\n<meta property=\"article:publisher\" content=\"https:\/\/www.facebook.com\/naturalpoland.b2b\" \/>\n<meta property=\"og:image\" content=\"https:\/\/naturalpoland.com\/wp-content\/uploads\/haematococcus_pluvialis_extract.webp\" \/>\n\t<meta property=\"og:image:width\" content=\"615\" \/>\n\t<meta property=\"og:image:height\" content=\"615\" \/>\n\t<meta property=\"og:image:type\" content=\"image\/webp\" \/>\n<script type=\"application\/ld+json\" class=\"yoast-schema-graph\">{\"@context\":\"https:\\\/\\\/schema.org\",\"@graph\":[{\"@type\":\"WebPage\",\"@id\":\"https:\\\/\\\/naturalpoland.com\\\/cs\\\/produkty\\\/produkty-pro-farmaceuticky-a-zdravotnicky-prumysl\\\/pridavky-k-doplnkum-stravy\\\/extrakt-z-haematococcus-pluvialis\\\/\",\"url\":\"https:\\\/\\\/naturalpoland.com\\\/cs\\\/produkty\\\/produkty-pro-farmaceuticky-a-zdravotnicky-prumysl\\\/pridavky-k-doplnkum-stravy\\\/extrakt-z-haematococcus-pluvialis\\\/\",\"name\":\"Extrakt z Haematococcus Pluvialis - NATURAL POLAND - Velkoobchodn\u00ed distributor surovin\",\"isPartOf\":{\"@id\":\"https:\\\/\\\/naturalpoland.com\\\/cs\\\/#website\"},\"primaryImageOfPage\":{\"@id\":\"https:\\\/\\\/naturalpoland.com\\\/cs\\\/produkty\\\/produkty-pro-farmaceuticky-a-zdravotnicky-prumysl\\\/pridavky-k-doplnkum-stravy\\\/extrakt-z-haematococcus-pluvialis\\\/#primaryimage\"},\"image\":{\"@id\":\"https:\\\/\\\/naturalpoland.com\\\/cs\\\/produkty\\\/produkty-pro-farmaceuticky-a-zdravotnicky-prumysl\\\/pridavky-k-doplnkum-stravy\\\/extrakt-z-haematococcus-pluvialis\\\/#primaryimage\"},\"thumbnailUrl\":\"https:\\\/\\\/naturalpoland.com\\\/wp-content\\\/uploads\\\/haematococcus_pluvialis_extract.webp\",\"datePublished\":\"2024-07-24T08:46:01+00:00\",\"description\":\"Extrakt Haematococcus pluvialis je vysoce kvalitn\u00ed dopln\u011bk stravy z\u00edskan\u00fd z mikro\u0159asy Haematococcus pluvialis, kter\u00e1 je zn\u00e1m\u00e1 sv\u00fdm obsahem astaxanthinu.\",\"breadcrumb\":{\"@id\":\"https:\\\/\\\/naturalpoland.com\\\/cs\\\/produkty\\\/produkty-pro-farmaceuticky-a-zdravotnicky-prumysl\\\/pridavky-k-doplnkum-stravy\\\/extrakt-z-haematococcus-pluvialis\\\/#breadcrumb\"},\"inLanguage\":\"cs\",\"potentialAction\":[{\"@type\":\"ReadAction\",\"target\":[\"https:\\\/\\\/naturalpoland.com\\\/cs\\\/produkty\\\/produkty-pro-farmaceuticky-a-zdravotnicky-prumysl\\\/pridavky-k-doplnkum-stravy\\\/extrakt-z-haematococcus-pluvialis\\\/\"]}]},{\"@type\":\"ImageObject\",\"inLanguage\":\"cs\",\"@id\":\"https:\\\/\\\/naturalpoland.com\\\/cs\\\/produkty\\\/produkty-pro-farmaceuticky-a-zdravotnicky-prumysl\\\/pridavky-k-doplnkum-stravy\\\/extrakt-z-haematococcus-pluvialis\\\/#primaryimage\",\"url\":\"https:\\\/\\\/naturalpoland.com\\\/wp-content\\\/uploads\\\/haematococcus_pluvialis_extract.webp\",\"contentUrl\":\"https:\\\/\\\/naturalpoland.com\\\/wp-content\\\/uploads\\\/haematococcus_pluvialis_extract.webp\",\"width\":615,\"height\":615,\"caption\":\"Ekstrakt z Haematococcus Pluvialis\"},{\"@type\":\"BreadcrumbList\",\"@id\":\"https:\\\/\\\/naturalpoland.com\\\/cs\\\/produkty\\\/produkty-pro-farmaceuticky-a-zdravotnicky-prumysl\\\/pridavky-k-doplnkum-stravy\\\/extrakt-z-haematococcus-pluvialis\\\/#breadcrumb\",\"itemListElement\":[{\"@type\":\"ListItem\",\"position\":1,\"name\":\"Dom\u016f\",\"item\":\"https:\\\/\\\/naturalpoland.com\\\/cs\\\/\"},{\"@type\":\"ListItem\",\"position\":2,\"name\":\"Produkty\",\"item\":\"https:\\\/\\\/naturalpoland.com\\\/cs\\\/produkty\\\/\"},{\"@type\":\"ListItem\",\"position\":3,\"name\":\"Extrakt z Haematococcus Pluvialis\"}]},{\"@type\":\"WebSite\",\"@id\":\"https:\\\/\\\/naturalpoland.com\\\/cs\\\/#website\",\"url\":\"https:\\\/\\\/naturalpoland.com\\\/cs\\\/\",\"name\":\"NATURAL POLAND - Velkoobchodn\u00ed distributor surovin\",\"description\":\"Surowce dla przemys\u0142u spo\u017cywczego, kosmetycznego i farmaceutycznego\",\"publisher\":{\"@id\":\"https:\\\/\\\/naturalpoland.com\\\/cs\\\/#organization\"},\"potentialAction\":[{\"@type\":\"SearchAction\",\"target\":{\"@type\":\"EntryPoint\",\"urlTemplate\":\"https:\\\/\\\/naturalpoland.com\\\/cs\\\/?s={search_term_string}\"},\"query-input\":{\"@type\":\"PropertyValueSpecification\",\"valueRequired\":true,\"valueName\":\"search_term_string\"}}],\"inLanguage\":\"cs\"},{\"@type\":\"Organization\",\"@id\":\"https:\\\/\\\/naturalpoland.com\\\/cs\\\/#organization\",\"name\":\"Natural Poland\",\"url\":\"https:\\\/\\\/naturalpoland.com\\\/cs\\\/\",\"logo\":{\"@type\":\"ImageObject\",\"inLanguage\":\"cs\",\"@id\":\"https:\\\/\\\/naturalpoland.com\\\/cs\\\/#\\\/schema\\\/logo\\\/image\\\/\",\"url\":\"https:\\\/\\\/naturalpoland.com\\\/wp-content\\\/uploads\\\/2021\\\/05\\\/natural-poland-icon.png\",\"contentUrl\":\"https:\\\/\\\/naturalpoland.com\\\/wp-content\\\/uploads\\\/2021\\\/05\\\/natural-poland-icon.png\",\"width\":512,\"height\":512,\"caption\":\"Natural Poland\"},\"image\":{\"@id\":\"https:\\\/\\\/naturalpoland.com\\\/cs\\\/#\\\/schema\\\/logo\\\/image\\\/\"},\"sameAs\":[\"https:\\\/\\\/www.facebook.com\\\/naturalpoland.b2b\",\"https:\\\/\\\/pl.linkedin.com\\\/company\\\/natural-poland\",\"https:\\\/\\\/www.youtube.com\\\/channel\\\/UCgeGGkvOMahZo-xu_MSEWxg\"]}]}<\/script>\n<!-- \/ Yoast SEO plugin. -->","yoast_head_json":{"title":"Extrakt z Haematococcus Pluvialis - NATURAL POLAND - Velkoobchodn\u00ed distributor surovin","description":"Extrakt Haematococcus pluvialis je vysoce kvalitn\u00ed dopln\u011bk stravy z\u00edskan\u00fd z mikro\u0159asy Haematococcus pluvialis, kter\u00e1 je zn\u00e1m\u00e1 sv\u00fdm obsahem astaxanthinu.","robots":{"index":"index","follow":"follow","max-snippet":"max-snippet:-1","max-image-preview":"max-image-preview:large","max-video-preview":"max-video-preview:-1"},"canonical":"https:\/\/naturalpoland.com\/cs\/produkty\/produkty-pro-farmaceuticky-a-zdravotnicky-prumysl\/pridavky-k-doplnkum-stravy\/extrakt-z-haematococcus-pluvialis\/","og_locale":"cs_CZ","og_type":"article","og_title":"Extrakt z Haematococcus Pluvialis - NATURAL POLAND - Velkoobchodn\u00ed distributor surovin","og_description":"Extrakt Haematococcus pluvialis je vysoce kvalitn\u00ed dopln\u011bk stravy z\u00edskan\u00fd z mikro\u0159asy Haematococcus pluvialis, kter\u00e1 je zn\u00e1m\u00e1 sv\u00fdm obsahem astaxanthinu.","og_url":"https:\/\/naturalpoland.com\/cs\/produkty\/produkty-pro-farmaceuticky-a-zdravotnicky-prumysl\/pridavky-k-doplnkum-stravy\/extrakt-z-haematococcus-pluvialis\/","og_site_name":"NATURAL POLAND - Velkoobchodn\u00ed distributor surovin","article_publisher":"https:\/\/www.facebook.com\/naturalpoland.b2b","og_image":[{"width":615,"height":615,"url":"https:\/\/naturalpoland.com\/wp-content\/uploads\/haematococcus_pluvialis_extract.webp","type":"image\/webp"}],"schema":{"@context":"https:\/\/schema.org","@graph":[{"@type":"WebPage","@id":"https:\/\/naturalpoland.com\/cs\/produkty\/produkty-pro-farmaceuticky-a-zdravotnicky-prumysl\/pridavky-k-doplnkum-stravy\/extrakt-z-haematococcus-pluvialis\/","url":"https:\/\/naturalpoland.com\/cs\/produkty\/produkty-pro-farmaceuticky-a-zdravotnicky-prumysl\/pridavky-k-doplnkum-stravy\/extrakt-z-haematococcus-pluvialis\/","name":"Extrakt z Haematococcus Pluvialis - NATURAL POLAND - Velkoobchodn\u00ed distributor surovin","isPartOf":{"@id":"https:\/\/naturalpoland.com\/cs\/#website"},"primaryImageOfPage":{"@id":"https:\/\/naturalpoland.com\/cs\/produkty\/produkty-pro-farmaceuticky-a-zdravotnicky-prumysl\/pridavky-k-doplnkum-stravy\/extrakt-z-haematococcus-pluvialis\/#primaryimage"},"image":{"@id":"https:\/\/naturalpoland.com\/cs\/produkty\/produkty-pro-farmaceuticky-a-zdravotnicky-prumysl\/pridavky-k-doplnkum-stravy\/extrakt-z-haematococcus-pluvialis\/#primaryimage"},"thumbnailUrl":"https:\/\/naturalpoland.com\/wp-content\/uploads\/haematococcus_pluvialis_extract.webp","datePublished":"2024-07-24T08:46:01+00:00","description":"Extrakt Haematococcus pluvialis je vysoce kvalitn\u00ed dopln\u011bk stravy z\u00edskan\u00fd z mikro\u0159asy Haematococcus pluvialis, kter\u00e1 je zn\u00e1m\u00e1 sv\u00fdm obsahem astaxanthinu.","breadcrumb":{"@id":"https:\/\/naturalpoland.com\/cs\/produkty\/produkty-pro-farmaceuticky-a-zdravotnicky-prumysl\/pridavky-k-doplnkum-stravy\/extrakt-z-haematococcus-pluvialis\/#breadcrumb"},"inLanguage":"cs","potentialAction":[{"@type":"ReadAction","target":["https:\/\/naturalpoland.com\/cs\/produkty\/produkty-pro-farmaceuticky-a-zdravotnicky-prumysl\/pridavky-k-doplnkum-stravy\/extrakt-z-haematococcus-pluvialis\/"]}]},{"@type":"ImageObject","inLanguage":"cs","@id":"https:\/\/naturalpoland.com\/cs\/produkty\/produkty-pro-farmaceuticky-a-zdravotnicky-prumysl\/pridavky-k-doplnkum-stravy\/extrakt-z-haematococcus-pluvialis\/#primaryimage","url":"https:\/\/naturalpoland.com\/wp-content\/uploads\/haematococcus_pluvialis_extract.webp","contentUrl":"https:\/\/naturalpoland.com\/wp-content\/uploads\/haematococcus_pluvialis_extract.webp","width":615,"height":615,"caption":"Ekstrakt z Haematococcus Pluvialis"},{"@type":"BreadcrumbList","@id":"https:\/\/naturalpoland.com\/cs\/produkty\/produkty-pro-farmaceuticky-a-zdravotnicky-prumysl\/pridavky-k-doplnkum-stravy\/extrakt-z-haematococcus-pluvialis\/#breadcrumb","itemListElement":[{"@type":"ListItem","position":1,"name":"Dom\u016f","item":"https:\/\/naturalpoland.com\/cs\/"},{"@type":"ListItem","position":2,"name":"Produkty","item":"https:\/\/naturalpoland.com\/cs\/produkty\/"},{"@type":"ListItem","position":3,"name":"Extrakt z Haematococcus Pluvialis"}]},{"@type":"WebSite","@id":"https:\/\/naturalpoland.com\/cs\/#website","url":"https:\/\/naturalpoland.com\/cs\/","name":"NATURAL POLAND - Velkoobchodn\u00ed distributor surovin","description":"Surowce dla przemys\u0142u spo\u017cywczego, kosmetycznego i farmaceutycznego","publisher":{"@id":"https:\/\/naturalpoland.com\/cs\/#organization"},"potentialAction":[{"@type":"SearchAction","target":{"@type":"EntryPoint","urlTemplate":"https:\/\/naturalpoland.com\/cs\/?s={search_term_string}"},"query-input":{"@type":"PropertyValueSpecification","valueRequired":true,"valueName":"search_term_string"}}],"inLanguage":"cs"},{"@type":"Organization","@id":"https:\/\/naturalpoland.com\/cs\/#organization","name":"Natural Poland","url":"https:\/\/naturalpoland.com\/cs\/","logo":{"@type":"ImageObject","inLanguage":"cs","@id":"https:\/\/naturalpoland.com\/cs\/#\/schema\/logo\/image\/","url":"https:\/\/naturalpoland.com\/wp-content\/uploads\/2021\/05\/natural-poland-icon.png","contentUrl":"https:\/\/naturalpoland.com\/wp-content\/uploads\/2021\/05\/natural-poland-icon.png","width":512,"height":512,"caption":"Natural Poland"},"image":{"@id":"https:\/\/naturalpoland.com\/cs\/#\/schema\/logo\/image\/"},"sameAs":["https:\/\/www.facebook.com\/naturalpoland.b2b","https:\/\/pl.linkedin.com\/company\/natural-poland","https:\/\/www.youtube.com\/channel\/UCgeGGkvOMahZo-xu_MSEWxg"]}]}},"_links":{"self":[{"href":"https:\/\/naturalpoland.com\/cs\/wp-json\/wp\/v2\/product\/34160","targetHints":{"allow":["GET"]}}],"collection":[{"href":"https:\/\/naturalpoland.com\/cs\/wp-json\/wp\/v2\/product"}],"about":[{"href":"https:\/\/naturalpoland.com\/cs\/wp-json\/wp\/v2\/types\/product"}],"wp:featuredmedia":[{"embeddable":true,"href":"https:\/\/naturalpoland.com\/cs\/wp-json\/wp\/v2\/media\/34047"}],"wp:attachment":[{"href":"https:\/\/naturalpoland.com\/cs\/wp-json\/wp\/v2\/media?parent=34160"}],"wp:term":[{"taxonomy":"product_brand","embeddable":true,"href":"https:\/\/naturalpoland.com\/cs\/wp-json\/wp\/v2\/product_brand?post=34160"},{"taxonomy":"product_cat","embeddable":true,"href":"https:\/\/naturalpoland.com\/cs\/wp-json\/wp\/v2\/product_cat?post=34160"},{"taxonomy":"product_tag","embeddable":true,"href":"https:\/\/naturalpoland.com\/cs\/wp-json\/wp\/v2\/product_tag?post=34160"}],"curies":[{"name":"wp","href":"https:\/\/api.w.org\/{rel}","templated":true}]}}