{"id":34795,"date":"2024-08-08T13:28:14","date_gmt":"2024-08-08T12:50:36","guid":{"rendered":"https:\/\/naturalpoland.com\/produkty\/neza\u0159azen\u00e9\/vytazek-z-kostalovych-korenu\/"},"modified":"2024-08-08T14:50:36","modified_gmt":"2024-08-08T12:50:36","slug":"vytazek-z-kostalovych-korenu","status":"publish","type":"product","link":"https:\/\/naturalpoland.com\/cs\/produkty\/rostlinne-vytazky\/vytazek-z-kostalovych-korenu\/","title":{"rendered":"Extrakt z ko\u0159ene Ruscus"},"content":{"rendered":"<h2>Vlastnosti:<\/h2>\n<p>  Extrakt z ko\u0159ene ruscus je bohat\u00fd na <strong>steroidn\u00ed saponiny,<\/strong> v\u010detn\u011b <strong>ruscinu<\/strong> a <strong>ruskogeninu,<\/strong> kter\u00e9 maj\u00ed posiluj\u00edc\u00ed \u00fa\u010dinek na c\u00e9vy a kapil\u00e1ry.<br \/>\nPou\u017e\u00edv\u00e1n\u00ed extraktu pom\u00e1h\u00e1 sni\u017eovat v\u00fdskyt pavou\u010d\u00edch \u017eilek a zlep\u0161ovat mikrocirkulaci krve.<br \/>\nV\u00fdta\u017eek se pou\u017e\u00edv\u00e1 u poko\u017eky se sklonem k zarudnut\u00ed, otok\u016fm a u zral\u00e9 poko\u017eky, kter\u00e1 pot\u0159ebuje pos\u00edlit.<br \/>\nP\u0159\u00edpravek je ve form\u011b bezbarv\u00e9 a\u017e \u017elut\u00e9 tekutiny s charakteristickou rostlinnou v\u016fn\u00ed.<br \/>\nJe zcela rozpustn\u00fd ve vod\u011b.      <\/p>\n<h2>Pou\u017eit\u00ed:<\/h2>\n<ul>\n<li>Kr\u00e9my a ple\u0165ov\u00e9 vody pro c\u00e9vn\u00ed, citlivou a podr\u00e1\u017ed\u011bnou poko\u017eku.<\/li>\n<li>V\u00fdrobky pro p\u00e9\u010di o o\u010di.<\/li>\n<li>Produkty proti celulitid\u011b.<\/li>\n<\/ul>\n","protected":false},"excerpt":{"rendered":"<p><strong>Extrakt z ko\u0159ene<\/strong><em>Ruscus aculeatus<\/em> je zn\u00e1m\u00fd sv\u00fdmi posiluj\u00edc\u00edmi, protiz\u00e1n\u011btliv\u00fdmi a protied\u00e9mov\u00fdmi \u00fa\u010dinky.<\/p>\n","protected":false},"featured_media":34679,"template":"","meta":{"_acf_changed":false},"product_brand":[],"product_cat":[622],"product_tag":[],"class_list":{"0":"post-34795","1":"product","2":"type-product","3":"status-publish","4":"has-post-thumbnail","6":"product_cat-rostlinne-vytazky","8":"first","9":"instock","10":"shipping-taxable","11":"product-type-simple"},"acf":[],"yoast_head":"<!-- This site is optimized with the Yoast SEO plugin v27.5 - https:\/\/yoast.com\/product\/yoast-seo-wordpress\/ -->\n<title>Extrakt z ko\u0159ene Ruscus - NATURAL POLAND - Velkoobchodn\u00ed distributor surovin<\/title>\n<meta name=\"description\" content=\"D\u00edky sv\u00fdm posiluj\u00edc\u00edm a protied\u00e9mov\u00fdm vlastnostem lze extrakt z ko\u0159ene ruscusu pou\u017e\u00edt v \u0159ad\u011b produkt\u016f p\u00e9\u010de o ple\u0165.\" \/>\n<meta name=\"robots\" content=\"index, follow, max-snippet:-1, max-image-preview:large, max-video-preview:-1\" \/>\n<link rel=\"canonical\" href=\"https:\/\/naturalpoland.com\/cs\/produkty\/rostlinne-vytazky\/vytazek-z-kostalovych-korenu\/\" \/>\n<meta property=\"og:locale\" content=\"cs_CZ\" \/>\n<meta property=\"og:type\" content=\"article\" \/>\n<meta property=\"og:title\" content=\"Extrakt z ko\u0159ene Ruscus - NATURAL POLAND - Velkoobchodn\u00ed distributor surovin\" \/>\n<meta property=\"og:description\" content=\"D\u00edky sv\u00fdm posiluj\u00edc\u00edm a protied\u00e9mov\u00fdm vlastnostem lze extrakt z ko\u0159ene ruscusu pou\u017e\u00edt v \u0159ad\u011b produkt\u016f p\u00e9\u010de o ple\u0165.\" \/>\n<meta property=\"og:url\" content=\"https:\/\/naturalpoland.com\/cs\/produkty\/rostlinne-vytazky\/vytazek-z-kostalovych-korenu\/\" \/>\n<meta property=\"og:site_name\" content=\"NATURAL POLAND - Velkoobchodn\u00ed distributor surovin\" \/>\n<meta property=\"article:publisher\" content=\"https:\/\/www.facebook.com\/naturalpoland.b2b\" \/>\n<meta property=\"og:image\" content=\"https:\/\/naturalpoland.com\/wp-content\/uploads\/ekstrakt-z-korzenia-ruszczyka.webp\" \/>\n\t<meta property=\"og:image:width\" content=\"614\" \/>\n\t<meta property=\"og:image:height\" content=\"614\" \/>\n\t<meta property=\"og:image:type\" content=\"image\/webp\" \/>\n<script type=\"application\/ld+json\" class=\"yoast-schema-graph\">{\"@context\":\"https:\\\/\\\/schema.org\",\"@graph\":[{\"@type\":\"WebPage\",\"@id\":\"https:\\\/\\\/naturalpoland.com\\\/cs\\\/produkty\\\/rostlinne-vytazky\\\/vytazek-z-kostalovych-korenu\\\/\",\"url\":\"https:\\\/\\\/naturalpoland.com\\\/cs\\\/produkty\\\/rostlinne-vytazky\\\/vytazek-z-kostalovych-korenu\\\/\",\"name\":\"Extrakt z ko\u0159ene Ruscus - NATURAL POLAND - Velkoobchodn\u00ed distributor surovin\",\"isPartOf\":{\"@id\":\"https:\\\/\\\/naturalpoland.com\\\/cs\\\/#website\"},\"primaryImageOfPage\":{\"@id\":\"https:\\\/\\\/naturalpoland.com\\\/cs\\\/produkty\\\/rostlinne-vytazky\\\/vytazek-z-kostalovych-korenu\\\/#primaryimage\"},\"image\":{\"@id\":\"https:\\\/\\\/naturalpoland.com\\\/cs\\\/produkty\\\/rostlinne-vytazky\\\/vytazek-z-kostalovych-korenu\\\/#primaryimage\"},\"thumbnailUrl\":\"https:\\\/\\\/naturalpoland.com\\\/wp-content\\\/uploads\\\/ekstrakt-z-korzenia-ruszczyka.webp\",\"datePublished\":\"2024-08-08T12:50:36+00:00\",\"description\":\"D\u00edky sv\u00fdm posiluj\u00edc\u00edm a protied\u00e9mov\u00fdm vlastnostem lze extrakt z ko\u0159ene ruscusu pou\u017e\u00edt v \u0159ad\u011b produkt\u016f p\u00e9\u010de o ple\u0165.\",\"breadcrumb\":{\"@id\":\"https:\\\/\\\/naturalpoland.com\\\/cs\\\/produkty\\\/rostlinne-vytazky\\\/vytazek-z-kostalovych-korenu\\\/#breadcrumb\"},\"inLanguage\":\"cs\",\"potentialAction\":[{\"@type\":\"ReadAction\",\"target\":[\"https:\\\/\\\/naturalpoland.com\\\/cs\\\/produkty\\\/rostlinne-vytazky\\\/vytazek-z-kostalovych-korenu\\\/\"]}]},{\"@type\":\"ImageObject\",\"inLanguage\":\"cs\",\"@id\":\"https:\\\/\\\/naturalpoland.com\\\/cs\\\/produkty\\\/rostlinne-vytazky\\\/vytazek-z-kostalovych-korenu\\\/#primaryimage\",\"url\":\"https:\\\/\\\/naturalpoland.com\\\/wp-content\\\/uploads\\\/ekstrakt-z-korzenia-ruszczyka.webp\",\"contentUrl\":\"https:\\\/\\\/naturalpoland.com\\\/wp-content\\\/uploads\\\/ekstrakt-z-korzenia-ruszczyka.webp\",\"width\":614,\"height\":614,\"caption\":\"Ekstrakt z korzenia ruszczyka\"},{\"@type\":\"BreadcrumbList\",\"@id\":\"https:\\\/\\\/naturalpoland.com\\\/cs\\\/produkty\\\/rostlinne-vytazky\\\/vytazek-z-kostalovych-korenu\\\/#breadcrumb\",\"itemListElement\":[{\"@type\":\"ListItem\",\"position\":1,\"name\":\"Dom\u016f\",\"item\":\"https:\\\/\\\/naturalpoland.com\\\/cs\\\/\"},{\"@type\":\"ListItem\",\"position\":2,\"name\":\"Produkty\",\"item\":\"https:\\\/\\\/naturalpoland.com\\\/cs\\\/produkty\\\/\"},{\"@type\":\"ListItem\",\"position\":3,\"name\":\"Extrakt z ko\u0159ene Ruscus\"}]},{\"@type\":\"WebSite\",\"@id\":\"https:\\\/\\\/naturalpoland.com\\\/cs\\\/#website\",\"url\":\"https:\\\/\\\/naturalpoland.com\\\/cs\\\/\",\"name\":\"NATURAL POLAND - Velkoobchodn\u00ed distributor surovin\",\"description\":\"Surowce dla przemys\u0142u spo\u017cywczego, kosmetycznego i farmaceutycznego\",\"publisher\":{\"@id\":\"https:\\\/\\\/naturalpoland.com\\\/cs\\\/#organization\"},\"potentialAction\":[{\"@type\":\"SearchAction\",\"target\":{\"@type\":\"EntryPoint\",\"urlTemplate\":\"https:\\\/\\\/naturalpoland.com\\\/cs\\\/?s={search_term_string}\"},\"query-input\":{\"@type\":\"PropertyValueSpecification\",\"valueRequired\":true,\"valueName\":\"search_term_string\"}}],\"inLanguage\":\"cs\"},{\"@type\":\"Organization\",\"@id\":\"https:\\\/\\\/naturalpoland.com\\\/cs\\\/#organization\",\"name\":\"Natural Poland\",\"url\":\"https:\\\/\\\/naturalpoland.com\\\/cs\\\/\",\"logo\":{\"@type\":\"ImageObject\",\"inLanguage\":\"cs\",\"@id\":\"https:\\\/\\\/naturalpoland.com\\\/cs\\\/#\\\/schema\\\/logo\\\/image\\\/\",\"url\":\"https:\\\/\\\/naturalpoland.com\\\/wp-content\\\/uploads\\\/2021\\\/05\\\/natural-poland-icon.png\",\"contentUrl\":\"https:\\\/\\\/naturalpoland.com\\\/wp-content\\\/uploads\\\/2021\\\/05\\\/natural-poland-icon.png\",\"width\":512,\"height\":512,\"caption\":\"Natural Poland\"},\"image\":{\"@id\":\"https:\\\/\\\/naturalpoland.com\\\/cs\\\/#\\\/schema\\\/logo\\\/image\\\/\"},\"sameAs\":[\"https:\\\/\\\/www.facebook.com\\\/naturalpoland.b2b\",\"https:\\\/\\\/pl.linkedin.com\\\/company\\\/natural-poland\",\"https:\\\/\\\/www.youtube.com\\\/channel\\\/UCgeGGkvOMahZo-xu_MSEWxg\"]}]}<\/script>\n<!-- \/ Yoast SEO plugin. -->","yoast_head_json":{"title":"Extrakt z ko\u0159ene Ruscus - NATURAL POLAND - Velkoobchodn\u00ed distributor surovin","description":"D\u00edky sv\u00fdm posiluj\u00edc\u00edm a protied\u00e9mov\u00fdm vlastnostem lze extrakt z ko\u0159ene ruscusu pou\u017e\u00edt v \u0159ad\u011b produkt\u016f p\u00e9\u010de o ple\u0165.","robots":{"index":"index","follow":"follow","max-snippet":"max-snippet:-1","max-image-preview":"max-image-preview:large","max-video-preview":"max-video-preview:-1"},"canonical":"https:\/\/naturalpoland.com\/cs\/produkty\/rostlinne-vytazky\/vytazek-z-kostalovych-korenu\/","og_locale":"cs_CZ","og_type":"article","og_title":"Extrakt z ko\u0159ene Ruscus - NATURAL POLAND - Velkoobchodn\u00ed distributor surovin","og_description":"D\u00edky sv\u00fdm posiluj\u00edc\u00edm a protied\u00e9mov\u00fdm vlastnostem lze extrakt z ko\u0159ene ruscusu pou\u017e\u00edt v \u0159ad\u011b produkt\u016f p\u00e9\u010de o ple\u0165.","og_url":"https:\/\/naturalpoland.com\/cs\/produkty\/rostlinne-vytazky\/vytazek-z-kostalovych-korenu\/","og_site_name":"NATURAL POLAND - Velkoobchodn\u00ed distributor surovin","article_publisher":"https:\/\/www.facebook.com\/naturalpoland.b2b","og_image":[{"width":614,"height":614,"url":"https:\/\/naturalpoland.com\/wp-content\/uploads\/ekstrakt-z-korzenia-ruszczyka.webp","type":"image\/webp"}],"schema":{"@context":"https:\/\/schema.org","@graph":[{"@type":"WebPage","@id":"https:\/\/naturalpoland.com\/cs\/produkty\/rostlinne-vytazky\/vytazek-z-kostalovych-korenu\/","url":"https:\/\/naturalpoland.com\/cs\/produkty\/rostlinne-vytazky\/vytazek-z-kostalovych-korenu\/","name":"Extrakt z ko\u0159ene Ruscus - NATURAL POLAND - Velkoobchodn\u00ed distributor surovin","isPartOf":{"@id":"https:\/\/naturalpoland.com\/cs\/#website"},"primaryImageOfPage":{"@id":"https:\/\/naturalpoland.com\/cs\/produkty\/rostlinne-vytazky\/vytazek-z-kostalovych-korenu\/#primaryimage"},"image":{"@id":"https:\/\/naturalpoland.com\/cs\/produkty\/rostlinne-vytazky\/vytazek-z-kostalovych-korenu\/#primaryimage"},"thumbnailUrl":"https:\/\/naturalpoland.com\/wp-content\/uploads\/ekstrakt-z-korzenia-ruszczyka.webp","datePublished":"2024-08-08T12:50:36+00:00","description":"D\u00edky sv\u00fdm posiluj\u00edc\u00edm a protied\u00e9mov\u00fdm vlastnostem lze extrakt z ko\u0159ene ruscusu pou\u017e\u00edt v \u0159ad\u011b produkt\u016f p\u00e9\u010de o ple\u0165.","breadcrumb":{"@id":"https:\/\/naturalpoland.com\/cs\/produkty\/rostlinne-vytazky\/vytazek-z-kostalovych-korenu\/#breadcrumb"},"inLanguage":"cs","potentialAction":[{"@type":"ReadAction","target":["https:\/\/naturalpoland.com\/cs\/produkty\/rostlinne-vytazky\/vytazek-z-kostalovych-korenu\/"]}]},{"@type":"ImageObject","inLanguage":"cs","@id":"https:\/\/naturalpoland.com\/cs\/produkty\/rostlinne-vytazky\/vytazek-z-kostalovych-korenu\/#primaryimage","url":"https:\/\/naturalpoland.com\/wp-content\/uploads\/ekstrakt-z-korzenia-ruszczyka.webp","contentUrl":"https:\/\/naturalpoland.com\/wp-content\/uploads\/ekstrakt-z-korzenia-ruszczyka.webp","width":614,"height":614,"caption":"Ekstrakt z korzenia ruszczyka"},{"@type":"BreadcrumbList","@id":"https:\/\/naturalpoland.com\/cs\/produkty\/rostlinne-vytazky\/vytazek-z-kostalovych-korenu\/#breadcrumb","itemListElement":[{"@type":"ListItem","position":1,"name":"Dom\u016f","item":"https:\/\/naturalpoland.com\/cs\/"},{"@type":"ListItem","position":2,"name":"Produkty","item":"https:\/\/naturalpoland.com\/cs\/produkty\/"},{"@type":"ListItem","position":3,"name":"Extrakt z ko\u0159ene Ruscus"}]},{"@type":"WebSite","@id":"https:\/\/naturalpoland.com\/cs\/#website","url":"https:\/\/naturalpoland.com\/cs\/","name":"NATURAL POLAND - Velkoobchodn\u00ed distributor surovin","description":"Surowce dla przemys\u0142u spo\u017cywczego, kosmetycznego i farmaceutycznego","publisher":{"@id":"https:\/\/naturalpoland.com\/cs\/#organization"},"potentialAction":[{"@type":"SearchAction","target":{"@type":"EntryPoint","urlTemplate":"https:\/\/naturalpoland.com\/cs\/?s={search_term_string}"},"query-input":{"@type":"PropertyValueSpecification","valueRequired":true,"valueName":"search_term_string"}}],"inLanguage":"cs"},{"@type":"Organization","@id":"https:\/\/naturalpoland.com\/cs\/#organization","name":"Natural Poland","url":"https:\/\/naturalpoland.com\/cs\/","logo":{"@type":"ImageObject","inLanguage":"cs","@id":"https:\/\/naturalpoland.com\/cs\/#\/schema\/logo\/image\/","url":"https:\/\/naturalpoland.com\/wp-content\/uploads\/2021\/05\/natural-poland-icon.png","contentUrl":"https:\/\/naturalpoland.com\/wp-content\/uploads\/2021\/05\/natural-poland-icon.png","width":512,"height":512,"caption":"Natural Poland"},"image":{"@id":"https:\/\/naturalpoland.com\/cs\/#\/schema\/logo\/image\/"},"sameAs":["https:\/\/www.facebook.com\/naturalpoland.b2b","https:\/\/pl.linkedin.com\/company\/natural-poland","https:\/\/www.youtube.com\/channel\/UCgeGGkvOMahZo-xu_MSEWxg"]}]}},"_links":{"self":[{"href":"https:\/\/naturalpoland.com\/cs\/wp-json\/wp\/v2\/product\/34795","targetHints":{"allow":["GET"]}}],"collection":[{"href":"https:\/\/naturalpoland.com\/cs\/wp-json\/wp\/v2\/product"}],"about":[{"href":"https:\/\/naturalpoland.com\/cs\/wp-json\/wp\/v2\/types\/product"}],"wp:featuredmedia":[{"embeddable":true,"href":"https:\/\/naturalpoland.com\/cs\/wp-json\/wp\/v2\/media\/34679"}],"wp:attachment":[{"href":"https:\/\/naturalpoland.com\/cs\/wp-json\/wp\/v2\/media?parent=34795"}],"wp:term":[{"taxonomy":"product_brand","embeddable":true,"href":"https:\/\/naturalpoland.com\/cs\/wp-json\/wp\/v2\/product_brand?post=34795"},{"taxonomy":"product_cat","embeddable":true,"href":"https:\/\/naturalpoland.com\/cs\/wp-json\/wp\/v2\/product_cat?post=34795"},{"taxonomy":"product_tag","embeddable":true,"href":"https:\/\/naturalpoland.com\/cs\/wp-json\/wp\/v2\/product_tag?post=34795"}],"curies":[{"name":"wp","href":"https:\/\/api.w.org\/{rel}","templated":true}]}}