{"id":34908,"date":"2024-08-29T13:30:40","date_gmt":"2024-08-29T11:37:30","guid":{"rendered":"https:\/\/naturalpoland.com\/produkty\/neza\u0159azen\u00e9\/bisglycinat-zelezity\/"},"modified":"2024-08-29T13:37:30","modified_gmt":"2024-08-29T11:37:30","slug":"bisglycinat-zelezity","status":"publish","type":"product","link":"https:\/\/naturalpoland.com\/cs\/produkty\/produkty-pro-farmaceuticky-a-zdravotnicky-prumysl\/pridavky-k-doplnkum-stravy\/bisglycinat-zelezity\/","title":{"rendered":"Bisglycin\u00e1t \u017eelezit\u00fd"},"content":{"rendered":"<h2>Vlastnosti a pou\u017eit\u00ed bisglycin\u00e1tu \u017eelezit\u00e9ho:<\/h2>\n<p>  Bisglycin\u00e1t \u017eeleza se pou\u017e\u00edv\u00e1 p\u0159i dopl\u0148ov\u00e1n\u00ed \u017eeleza, zejm\u00e9na u osob s jeho nedostatkem, d\u00e1le u t\u011bhotn\u00fdch \u017een, sportovc\u016f a star\u0161\u00edch osob.<br \/>\nD\u00edky sv\u00e9 chel\u00e1tov\u00e9 form\u011b se \u017eelezo l\u00e9pe vst\u0159eb\u00e1v\u00e1 do organismu, co\u017e umo\u017e\u0148uje \u00fa\u010dinn\u011bj\u0161\u00ed suplementaci \u017eeleza.<br \/>\nP\u0159edev\u0161\u00edm se p\u0159\u00edpravek pou\u017e\u00edv\u00e1 v dopl\u0148c\u00edch stravy &#8211; prepar\u00e1tech \u017eeleza p\u0159i an\u00e9mii.<br \/>\nM\u00e1 vynikaj\u00edc\u00ed biologickou dostupnost a men\u0161\u00ed riziko vyvol\u00e1n\u00ed \u017ealude\u010dn\u00edch pot\u00ed\u017e\u00ed.<br \/>\nKrom\u011b toho se bisglycin\u00e1t \u017eeleza d\u00edky sv\u00e9 vysok\u00e9 biologick\u00e9 dostupnosti pou\u017e\u00edv\u00e1 k obohacen\u00ed potravin zam\u011b\u0159en\u00fdch na skupiny ohro\u017een\u00e9 nedostatkem \u017eeleza, jako jsou d\u011bti, t\u011bhotn\u00e9 \u017eeny a vegetari\u00e1ni a vegani.<br \/>\nBisglycin\u00e1t \u017eeleza lze tak\u00e9 pou\u017e\u00edt v kosmetick\u00fdch p\u0159\u00edpravc\u00edch pro zlep\u0161en\u00ed tonusu pleti a podporu zdrav\u00ed vlas\u016f a neht\u016f.       &nbsp;<\/p>\n","protected":false},"excerpt":{"rendered":"<p><strong>Bisglycin\u00e1t \u017eeleza<\/strong> je chel\u00e1tov\u00e1 slou\u010denina, kter\u00e1 je vysoce biologicky dostupn\u00e1 a \u00fa\u010dinn\u00e1 pro dopl\u0148ov\u00e1n\u00ed <strong>\u017eeleza<\/strong>.<br \/>\nTento v\u00fdrobek obsahuje \u017eelezo ve form\u011b <strong>bisglycin\u00e1tu<\/strong>, slou\u010deniny, v n\u00ed\u017e je \u017eelezo v\u00e1z\u00e1no na aminokyselinu glycin.<br \/>\nD\u00edky tomu je jeho vst\u0159eb\u00e1v\u00e1n\u00ed \u00fa\u010dinn\u011bj\u0161\u00ed a v\u00fdrazn\u011b se sni\u017euje riziko podr\u00e1\u017ed\u011bn\u00ed \u017ealudku a dal\u0161\u00edch ne\u017e\u00e1douc\u00edch \u00fa\u010dink\u016f charakteristick\u00fdch pro jin\u00e9 formy \u017eeleza.  <\/p>\n","protected":false},"featured_media":34892,"template":"","meta":{"_acf_changed":false},"product_brand":[],"product_cat":[629],"product_tag":[],"class_list":{"0":"post-34908","1":"product","2":"type-product","3":"status-publish","4":"has-post-thumbnail","6":"product_cat-pridavky-k-doplnkum-stravy","7":"pa_grupa-substancji-chelaty-cs","9":"first","10":"instock","11":"shipping-taxable","12":"product-type-simple"},"acf":[],"yoast_head":"<!-- This site is optimized with the Yoast SEO plugin v27.4 - https:\/\/yoast.com\/product\/yoast-seo-wordpress\/ -->\n<title>Bisglycin\u00e1t \u017eelezit\u00fd - NATURAL POLAND - Velkoobchodn\u00ed distributor surovin<\/title>\n<meta name=\"description\" content=\"Bisglycin\u00e1t \u017eeleza je \u00fa\u010dinn\u00fd a dob\u0159e sn\u00e1\u0161en\u00fd dopln\u011bk \u017eeleza, kter\u00fd m\u00e1 d\u00edky sv\u00e9 chel\u00e1tov\u00e9 form\u011b vysokou biologickou dostupnost.\" \/>\n<meta name=\"robots\" content=\"index, follow, max-snippet:-1, max-image-preview:large, max-video-preview:-1\" \/>\n<link rel=\"canonical\" href=\"https:\/\/naturalpoland.com\/cs\/produkty\/produkty-pro-farmaceuticky-a-zdravotnicky-prumysl\/pridavky-k-doplnkum-stravy\/bisglycinat-zelezity\/\" \/>\n<meta property=\"og:locale\" content=\"cs_CZ\" \/>\n<meta property=\"og:type\" content=\"article\" \/>\n<meta property=\"og:title\" content=\"Bisglycin\u00e1t \u017eelezit\u00fd - NATURAL POLAND - Velkoobchodn\u00ed distributor surovin\" \/>\n<meta property=\"og:description\" content=\"Bisglycin\u00e1t \u017eeleza je \u00fa\u010dinn\u00fd a dob\u0159e sn\u00e1\u0161en\u00fd dopln\u011bk \u017eeleza, kter\u00fd m\u00e1 d\u00edky sv\u00e9 chel\u00e1tov\u00e9 form\u011b vysokou biologickou dostupnost.\" \/>\n<meta property=\"og:url\" content=\"https:\/\/naturalpoland.com\/cs\/produkty\/produkty-pro-farmaceuticky-a-zdravotnicky-prumysl\/pridavky-k-doplnkum-stravy\/bisglycinat-zelezity\/\" \/>\n<meta property=\"og:site_name\" content=\"NATURAL POLAND - Velkoobchodn\u00ed distributor surovin\" \/>\n<meta property=\"article:publisher\" content=\"https:\/\/www.facebook.com\/naturalpoland.b2b\" \/>\n<meta property=\"og:image\" content=\"https:\/\/naturalpoland.com\/wp-content\/uploads\/bisglicynian-zelaza.webp\" \/>\n\t<meta property=\"og:image:width\" content=\"618\" \/>\n\t<meta property=\"og:image:height\" content=\"618\" \/>\n\t<meta property=\"og:image:type\" content=\"image\/webp\" \/>\n<script type=\"application\/ld+json\" class=\"yoast-schema-graph\">{\"@context\":\"https:\\\/\\\/schema.org\",\"@graph\":[{\"@type\":\"WebPage\",\"@id\":\"https:\\\/\\\/naturalpoland.com\\\/cs\\\/produkty\\\/produkty-pro-farmaceuticky-a-zdravotnicky-prumysl\\\/pridavky-k-doplnkum-stravy\\\/bisglycinat-zelezity\\\/\",\"url\":\"https:\\\/\\\/naturalpoland.com\\\/cs\\\/produkty\\\/produkty-pro-farmaceuticky-a-zdravotnicky-prumysl\\\/pridavky-k-doplnkum-stravy\\\/bisglycinat-zelezity\\\/\",\"name\":\"Bisglycin\u00e1t \u017eelezit\u00fd - NATURAL POLAND - Velkoobchodn\u00ed distributor surovin\",\"isPartOf\":{\"@id\":\"https:\\\/\\\/naturalpoland.com\\\/cs\\\/#website\"},\"primaryImageOfPage\":{\"@id\":\"https:\\\/\\\/naturalpoland.com\\\/cs\\\/produkty\\\/produkty-pro-farmaceuticky-a-zdravotnicky-prumysl\\\/pridavky-k-doplnkum-stravy\\\/bisglycinat-zelezity\\\/#primaryimage\"},\"image\":{\"@id\":\"https:\\\/\\\/naturalpoland.com\\\/cs\\\/produkty\\\/produkty-pro-farmaceuticky-a-zdravotnicky-prumysl\\\/pridavky-k-doplnkum-stravy\\\/bisglycinat-zelezity\\\/#primaryimage\"},\"thumbnailUrl\":\"https:\\\/\\\/naturalpoland.com\\\/wp-content\\\/uploads\\\/bisglicynian-zelaza.webp\",\"datePublished\":\"2024-08-29T11:37:30+00:00\",\"description\":\"Bisglycin\u00e1t \u017eeleza je \u00fa\u010dinn\u00fd a dob\u0159e sn\u00e1\u0161en\u00fd dopln\u011bk \u017eeleza, kter\u00fd m\u00e1 d\u00edky sv\u00e9 chel\u00e1tov\u00e9 form\u011b vysokou biologickou dostupnost.\",\"breadcrumb\":{\"@id\":\"https:\\\/\\\/naturalpoland.com\\\/cs\\\/produkty\\\/produkty-pro-farmaceuticky-a-zdravotnicky-prumysl\\\/pridavky-k-doplnkum-stravy\\\/bisglycinat-zelezity\\\/#breadcrumb\"},\"inLanguage\":\"cs\",\"potentialAction\":[{\"@type\":\"ReadAction\",\"target\":[\"https:\\\/\\\/naturalpoland.com\\\/cs\\\/produkty\\\/produkty-pro-farmaceuticky-a-zdravotnicky-prumysl\\\/pridavky-k-doplnkum-stravy\\\/bisglycinat-zelezity\\\/\"]}]},{\"@type\":\"ImageObject\",\"inLanguage\":\"cs\",\"@id\":\"https:\\\/\\\/naturalpoland.com\\\/cs\\\/produkty\\\/produkty-pro-farmaceuticky-a-zdravotnicky-prumysl\\\/pridavky-k-doplnkum-stravy\\\/bisglycinat-zelezity\\\/#primaryimage\",\"url\":\"https:\\\/\\\/naturalpoland.com\\\/wp-content\\\/uploads\\\/bisglicynian-zelaza.webp\",\"contentUrl\":\"https:\\\/\\\/naturalpoland.com\\\/wp-content\\\/uploads\\\/bisglicynian-zelaza.webp\",\"width\":618,\"height\":618,\"caption\":\"Bisglicynian \u017celaza\"},{\"@type\":\"BreadcrumbList\",\"@id\":\"https:\\\/\\\/naturalpoland.com\\\/cs\\\/produkty\\\/produkty-pro-farmaceuticky-a-zdravotnicky-prumysl\\\/pridavky-k-doplnkum-stravy\\\/bisglycinat-zelezity\\\/#breadcrumb\",\"itemListElement\":[{\"@type\":\"ListItem\",\"position\":1,\"name\":\"Dom\u016f\",\"item\":\"https:\\\/\\\/naturalpoland.com\\\/cs\\\/\"},{\"@type\":\"ListItem\",\"position\":2,\"name\":\"Produkty\",\"item\":\"https:\\\/\\\/naturalpoland.com\\\/cs\\\/produkty\\\/\"},{\"@type\":\"ListItem\",\"position\":3,\"name\":\"Bisglycin\u00e1t \u017eelezit\u00fd\"}]},{\"@type\":\"WebSite\",\"@id\":\"https:\\\/\\\/naturalpoland.com\\\/cs\\\/#website\",\"url\":\"https:\\\/\\\/naturalpoland.com\\\/cs\\\/\",\"name\":\"NATURAL POLAND - Velkoobchodn\u00ed distributor surovin\",\"description\":\"Surowce dla przemys\u0142u spo\u017cywczego, kosmetycznego i farmaceutycznego\",\"publisher\":{\"@id\":\"https:\\\/\\\/naturalpoland.com\\\/cs\\\/#organization\"},\"potentialAction\":[{\"@type\":\"SearchAction\",\"target\":{\"@type\":\"EntryPoint\",\"urlTemplate\":\"https:\\\/\\\/naturalpoland.com\\\/cs\\\/?s={search_term_string}\"},\"query-input\":{\"@type\":\"PropertyValueSpecification\",\"valueRequired\":true,\"valueName\":\"search_term_string\"}}],\"inLanguage\":\"cs\"},{\"@type\":\"Organization\",\"@id\":\"https:\\\/\\\/naturalpoland.com\\\/cs\\\/#organization\",\"name\":\"Natural Poland\",\"url\":\"https:\\\/\\\/naturalpoland.com\\\/cs\\\/\",\"logo\":{\"@type\":\"ImageObject\",\"inLanguage\":\"cs\",\"@id\":\"https:\\\/\\\/naturalpoland.com\\\/cs\\\/#\\\/schema\\\/logo\\\/image\\\/\",\"url\":\"https:\\\/\\\/naturalpoland.com\\\/wp-content\\\/uploads\\\/2021\\\/05\\\/natural-poland-icon.png\",\"contentUrl\":\"https:\\\/\\\/naturalpoland.com\\\/wp-content\\\/uploads\\\/2021\\\/05\\\/natural-poland-icon.png\",\"width\":512,\"height\":512,\"caption\":\"Natural Poland\"},\"image\":{\"@id\":\"https:\\\/\\\/naturalpoland.com\\\/cs\\\/#\\\/schema\\\/logo\\\/image\\\/\"},\"sameAs\":[\"https:\\\/\\\/www.facebook.com\\\/naturalpoland.b2b\",\"https:\\\/\\\/pl.linkedin.com\\\/company\\\/natural-poland\",\"https:\\\/\\\/www.youtube.com\\\/channel\\\/UCgeGGkvOMahZo-xu_MSEWxg\"]}]}<\/script>\n<!-- \/ Yoast SEO plugin. -->","yoast_head_json":{"title":"Bisglycin\u00e1t \u017eelezit\u00fd - NATURAL POLAND - Velkoobchodn\u00ed distributor surovin","description":"Bisglycin\u00e1t \u017eeleza je \u00fa\u010dinn\u00fd a dob\u0159e sn\u00e1\u0161en\u00fd dopln\u011bk \u017eeleza, kter\u00fd m\u00e1 d\u00edky sv\u00e9 chel\u00e1tov\u00e9 form\u011b vysokou biologickou dostupnost.","robots":{"index":"index","follow":"follow","max-snippet":"max-snippet:-1","max-image-preview":"max-image-preview:large","max-video-preview":"max-video-preview:-1"},"canonical":"https:\/\/naturalpoland.com\/cs\/produkty\/produkty-pro-farmaceuticky-a-zdravotnicky-prumysl\/pridavky-k-doplnkum-stravy\/bisglycinat-zelezity\/","og_locale":"cs_CZ","og_type":"article","og_title":"Bisglycin\u00e1t \u017eelezit\u00fd - NATURAL POLAND - Velkoobchodn\u00ed distributor surovin","og_description":"Bisglycin\u00e1t \u017eeleza je \u00fa\u010dinn\u00fd a dob\u0159e sn\u00e1\u0161en\u00fd dopln\u011bk \u017eeleza, kter\u00fd m\u00e1 d\u00edky sv\u00e9 chel\u00e1tov\u00e9 form\u011b vysokou biologickou dostupnost.","og_url":"https:\/\/naturalpoland.com\/cs\/produkty\/produkty-pro-farmaceuticky-a-zdravotnicky-prumysl\/pridavky-k-doplnkum-stravy\/bisglycinat-zelezity\/","og_site_name":"NATURAL POLAND - Velkoobchodn\u00ed distributor surovin","article_publisher":"https:\/\/www.facebook.com\/naturalpoland.b2b","og_image":[{"width":618,"height":618,"url":"https:\/\/naturalpoland.com\/wp-content\/uploads\/bisglicynian-zelaza.webp","type":"image\/webp"}],"schema":{"@context":"https:\/\/schema.org","@graph":[{"@type":"WebPage","@id":"https:\/\/naturalpoland.com\/cs\/produkty\/produkty-pro-farmaceuticky-a-zdravotnicky-prumysl\/pridavky-k-doplnkum-stravy\/bisglycinat-zelezity\/","url":"https:\/\/naturalpoland.com\/cs\/produkty\/produkty-pro-farmaceuticky-a-zdravotnicky-prumysl\/pridavky-k-doplnkum-stravy\/bisglycinat-zelezity\/","name":"Bisglycin\u00e1t \u017eelezit\u00fd - NATURAL POLAND - Velkoobchodn\u00ed distributor surovin","isPartOf":{"@id":"https:\/\/naturalpoland.com\/cs\/#website"},"primaryImageOfPage":{"@id":"https:\/\/naturalpoland.com\/cs\/produkty\/produkty-pro-farmaceuticky-a-zdravotnicky-prumysl\/pridavky-k-doplnkum-stravy\/bisglycinat-zelezity\/#primaryimage"},"image":{"@id":"https:\/\/naturalpoland.com\/cs\/produkty\/produkty-pro-farmaceuticky-a-zdravotnicky-prumysl\/pridavky-k-doplnkum-stravy\/bisglycinat-zelezity\/#primaryimage"},"thumbnailUrl":"https:\/\/naturalpoland.com\/wp-content\/uploads\/bisglicynian-zelaza.webp","datePublished":"2024-08-29T11:37:30+00:00","description":"Bisglycin\u00e1t \u017eeleza je \u00fa\u010dinn\u00fd a dob\u0159e sn\u00e1\u0161en\u00fd dopln\u011bk \u017eeleza, kter\u00fd m\u00e1 d\u00edky sv\u00e9 chel\u00e1tov\u00e9 form\u011b vysokou biologickou dostupnost.","breadcrumb":{"@id":"https:\/\/naturalpoland.com\/cs\/produkty\/produkty-pro-farmaceuticky-a-zdravotnicky-prumysl\/pridavky-k-doplnkum-stravy\/bisglycinat-zelezity\/#breadcrumb"},"inLanguage":"cs","potentialAction":[{"@type":"ReadAction","target":["https:\/\/naturalpoland.com\/cs\/produkty\/produkty-pro-farmaceuticky-a-zdravotnicky-prumysl\/pridavky-k-doplnkum-stravy\/bisglycinat-zelezity\/"]}]},{"@type":"ImageObject","inLanguage":"cs","@id":"https:\/\/naturalpoland.com\/cs\/produkty\/produkty-pro-farmaceuticky-a-zdravotnicky-prumysl\/pridavky-k-doplnkum-stravy\/bisglycinat-zelezity\/#primaryimage","url":"https:\/\/naturalpoland.com\/wp-content\/uploads\/bisglicynian-zelaza.webp","contentUrl":"https:\/\/naturalpoland.com\/wp-content\/uploads\/bisglicynian-zelaza.webp","width":618,"height":618,"caption":"Bisglicynian \u017celaza"},{"@type":"BreadcrumbList","@id":"https:\/\/naturalpoland.com\/cs\/produkty\/produkty-pro-farmaceuticky-a-zdravotnicky-prumysl\/pridavky-k-doplnkum-stravy\/bisglycinat-zelezity\/#breadcrumb","itemListElement":[{"@type":"ListItem","position":1,"name":"Dom\u016f","item":"https:\/\/naturalpoland.com\/cs\/"},{"@type":"ListItem","position":2,"name":"Produkty","item":"https:\/\/naturalpoland.com\/cs\/produkty\/"},{"@type":"ListItem","position":3,"name":"Bisglycin\u00e1t \u017eelezit\u00fd"}]},{"@type":"WebSite","@id":"https:\/\/naturalpoland.com\/cs\/#website","url":"https:\/\/naturalpoland.com\/cs\/","name":"NATURAL POLAND - Velkoobchodn\u00ed distributor surovin","description":"Surowce dla przemys\u0142u spo\u017cywczego, kosmetycznego i farmaceutycznego","publisher":{"@id":"https:\/\/naturalpoland.com\/cs\/#organization"},"potentialAction":[{"@type":"SearchAction","target":{"@type":"EntryPoint","urlTemplate":"https:\/\/naturalpoland.com\/cs\/?s={search_term_string}"},"query-input":{"@type":"PropertyValueSpecification","valueRequired":true,"valueName":"search_term_string"}}],"inLanguage":"cs"},{"@type":"Organization","@id":"https:\/\/naturalpoland.com\/cs\/#organization","name":"Natural Poland","url":"https:\/\/naturalpoland.com\/cs\/","logo":{"@type":"ImageObject","inLanguage":"cs","@id":"https:\/\/naturalpoland.com\/cs\/#\/schema\/logo\/image\/","url":"https:\/\/naturalpoland.com\/wp-content\/uploads\/2021\/05\/natural-poland-icon.png","contentUrl":"https:\/\/naturalpoland.com\/wp-content\/uploads\/2021\/05\/natural-poland-icon.png","width":512,"height":512,"caption":"Natural Poland"},"image":{"@id":"https:\/\/naturalpoland.com\/cs\/#\/schema\/logo\/image\/"},"sameAs":["https:\/\/www.facebook.com\/naturalpoland.b2b","https:\/\/pl.linkedin.com\/company\/natural-poland","https:\/\/www.youtube.com\/channel\/UCgeGGkvOMahZo-xu_MSEWxg"]}]}},"_links":{"self":[{"href":"https:\/\/naturalpoland.com\/cs\/wp-json\/wp\/v2\/product\/34908","targetHints":{"allow":["GET"]}}],"collection":[{"href":"https:\/\/naturalpoland.com\/cs\/wp-json\/wp\/v2\/product"}],"about":[{"href":"https:\/\/naturalpoland.com\/cs\/wp-json\/wp\/v2\/types\/product"}],"wp:featuredmedia":[{"embeddable":true,"href":"https:\/\/naturalpoland.com\/cs\/wp-json\/wp\/v2\/media\/34892"}],"wp:attachment":[{"href":"https:\/\/naturalpoland.com\/cs\/wp-json\/wp\/v2\/media?parent=34908"}],"wp:term":[{"taxonomy":"product_brand","embeddable":true,"href":"https:\/\/naturalpoland.com\/cs\/wp-json\/wp\/v2\/product_brand?post=34908"},{"taxonomy":"product_cat","embeddable":true,"href":"https:\/\/naturalpoland.com\/cs\/wp-json\/wp\/v2\/product_cat?post=34908"},{"taxonomy":"product_tag","embeddable":true,"href":"https:\/\/naturalpoland.com\/cs\/wp-json\/wp\/v2\/product_tag?post=34908"}],"curies":[{"name":"wp","href":"https:\/\/api.w.org\/{rel}","templated":true}]}}