{"id":34995,"date":"2024-08-30T11:45:49","date_gmt":"2024-08-30T10:02:19","guid":{"rendered":"https:\/\/naturalpoland.com\/produkty\/neza\u0159azen\u00e9\/sol-dinatrium-chinon-pyrrochinolin-pqq\/"},"modified":"2024-08-30T12:02:19","modified_gmt":"2024-08-30T10:02:19","slug":"sol-dinatrium-chinon-pyrrochinolin-pqq","status":"publish","type":"product","link":"https:\/\/naturalpoland.com\/cs\/produkty\/produkty-pro-farmaceuticky-a-zdravotnicky-prumysl\/pridavky-k-doplnkum-stravy\/sol-dinatrium-chinon-pyrrochinolin-pqq\/","title":{"rendered":"Pyrrochinolinov\u00e1 disodn\u00e1 s\u016fl (PQQ)"},"content":{"rendered":"<p>PQQ se p\u0159irozen\u011b vyskytuje v mnoha potravin\u00e1ch, nap\u0159\u00edklad v kva\u0161en\u00fdch produktech, zelenin\u011b a ovoci, ale jeho koncentrace v n\u011bkter\u00fdch potravin\u00e1ch m\u016f\u017ee b\u00fdt p\u0159\u00edli\u0161 n\u00edzk\u00e1.  <\/p>\n<h2>Vlastnosti PQQ:<\/h2>\n<p>  PQQ vykazuje mimo\u0159\u00e1dn\u011b silnou <strong>antioxida\u010dn\u00ed aktivitu<\/strong>, katalyzuje \u010detn\u00e9 redoxn\u00ed reakce a neutralizuje voln\u00e9 radik\u00e1ly, kter\u00e9 po\u0161kozuj\u00ed bu\u0148ky.<br \/>\nPQQ je schopen prov\u00e1d\u011bt p\u0159ibli\u017en\u011b 20 000 katalytick\u00fdch reakc\u00ed ve srovn\u00e1n\u00ed s pouh\u00fdmi \u010dty\u0159mi reakcemi, kter\u00e9 za stejn\u00fdch podm\u00ednek prov\u00e1d\u00ed vitamin C.<br \/>\nStudie prok\u00e1zaly, \u017ee PQQ <strong>podporuje v\u00fdvoj nervov\u00fdch bun\u011bk,<\/strong> co\u017e m\u016f\u017ee b\u00fdt prosp\u011b\u0161n\u00e9 p\u0159i l\u00e9\u010db\u011b kognitivn\u00edch poruch a demence.<br \/>\nPQQ stimuluje r\u016fst neuron\u016f a zvy\u0161uje jejich synt\u00e9zu a\u017e 40kr\u00e1t.<br \/>\nPQQ tak\u00e9 p\u016fsob\u00ed jako kofaktor p\u0159i <strong>regeneraci mitochondri\u00ed<\/strong> ve st\u00e1rnouc\u00edch bu\u0148k\u00e1ch, zvy\u0161uje aktivitu enzym\u016f souvisej\u00edc\u00edch s mitochondriemi a stimuluje jejich r\u016fst.<br \/>\nStudie ukazuj\u00ed, \u017ee suplementace PQQ m\u016f\u017ee zv\u00fd\u0161it po\u010det mitochondri\u00ed v j\u00e1trech o 20-30 %.       <\/p>\n<h2>Aplikace PQQ:<\/h2>\n<p>  Pyrrochinolin disodn\u00e1 s\u016fl je obl\u00edbenou slo\u017ekou dopl\u0148k\u016f stravy na podporu zdrav\u00ed srdce, kognitivn\u00edch funkc\u00ed, zlep\u0161en\u00ed kvality sp\u00e1nku a sn\u00ed\u017een\u00ed \u00fanavy.<br \/>\nV USA se pou\u017e\u00edv\u00e1 jako slo\u017eka energetick\u00fdch n\u00e1poj\u016f, sportovn\u00edch n\u00e1poj\u016f, elektrolytov\u00fdch n\u00e1poj\u016f a balen\u00e9 vody.<br \/>\nV Evropsk\u00e9 unii a Kanad\u011b je k dispozici jako dopln\u011bk stravy nebo p\u0159\u00edrodn\u00ed zdravotn\u00ed p\u0159\u00edpravek.    &nbsp;<\/p>\n","protected":false},"excerpt":{"rendered":"<p><strong>Pyrrochinolinchinon disodn\u00e1 s\u016fl (PQQ) <\/strong>je modern\u00ed chemick\u00e1 slou\u010denina se siln\u00fdmi antioxida\u010dn\u00edmi vlastnostmi.<br \/>\nJe to redoxn\u00ed kofaktor, kter\u00fd podporuje metabolick\u00e9 procesy a chr\u00e1n\u00ed bu\u0148ky p\u0159ed oxida\u010dn\u00edm po\u0161kozen\u00edm. <\/p>\n","protected":false},"featured_media":34955,"template":"","meta":{"_acf_changed":false},"product_brand":[],"product_cat":[629],"product_tag":[],"class_list":{"0":"post-34995","1":"product","2":"type-product","3":"status-publish","4":"has-post-thumbnail","6":"product_cat-pridavky-k-doplnkum-stravy","7":"pa_grupa-substancji-antioxidanty","9":"first","10":"instock","11":"shipping-taxable","12":"product-type-simple"},"acf":[],"yoast_head":"<!-- This site is optimized with the Yoast SEO plugin v27.4 - https:\/\/yoast.com\/product\/yoast-seo-wordpress\/ -->\n<title>Pyrrochinolinov\u00e1 disodn\u00e1 s\u016fl (PQQ) - NATURAL POLAND - Velkoobchodn\u00ed distributor surovin<\/title>\n<meta name=\"description\" content=\"Pyrrochinolin disodn\u00e1 s\u016fl (PQQ) je siln\u00fd antioxidant, kter\u00fd podporuje zdrav\u00ed bun\u011bk, kognitivn\u00ed funkce a zdrav\u00ed srdce.\" \/>\n<meta name=\"robots\" content=\"index, follow, max-snippet:-1, max-image-preview:large, max-video-preview:-1\" \/>\n<link rel=\"canonical\" href=\"https:\/\/naturalpoland.com\/cs\/produkty\/produkty-pro-farmaceuticky-a-zdravotnicky-prumysl\/pridavky-k-doplnkum-stravy\/sol-dinatrium-chinon-pyrrochinolin-pqq\/\" \/>\n<meta property=\"og:locale\" content=\"cs_CZ\" \/>\n<meta property=\"og:type\" content=\"article\" \/>\n<meta property=\"og:title\" content=\"Pyrrochinolinov\u00e1 disodn\u00e1 s\u016fl (PQQ) - NATURAL POLAND - Velkoobchodn\u00ed distributor surovin\" \/>\n<meta property=\"og:description\" content=\"Pyrrochinolin disodn\u00e1 s\u016fl (PQQ) je siln\u00fd antioxidant, kter\u00fd podporuje zdrav\u00ed bun\u011bk, kognitivn\u00ed funkce a zdrav\u00ed srdce.\" \/>\n<meta property=\"og:url\" content=\"https:\/\/naturalpoland.com\/cs\/produkty\/produkty-pro-farmaceuticky-a-zdravotnicky-prumysl\/pridavky-k-doplnkum-stravy\/sol-dinatrium-chinon-pyrrochinolin-pqq\/\" \/>\n<meta property=\"og:site_name\" content=\"NATURAL POLAND - Velkoobchodn\u00ed distributor surovin\" \/>\n<meta property=\"article:publisher\" content=\"https:\/\/www.facebook.com\/naturalpoland.b2b\" \/>\n<meta property=\"og:image\" content=\"https:\/\/naturalpoland.com\/wp-content\/uploads\/pqq.webp\" \/>\n\t<meta property=\"og:image:width\" content=\"618\" \/>\n\t<meta property=\"og:image:height\" content=\"618\" \/>\n\t<meta property=\"og:image:type\" content=\"image\/webp\" \/>\n<script type=\"application\/ld+json\" class=\"yoast-schema-graph\">{\"@context\":\"https:\\\/\\\/schema.org\",\"@graph\":[{\"@type\":\"WebPage\",\"@id\":\"https:\\\/\\\/naturalpoland.com\\\/cs\\\/produkty\\\/produkty-pro-farmaceuticky-a-zdravotnicky-prumysl\\\/pridavky-k-doplnkum-stravy\\\/sol-dinatrium-chinon-pyrrochinolin-pqq\\\/\",\"url\":\"https:\\\/\\\/naturalpoland.com\\\/cs\\\/produkty\\\/produkty-pro-farmaceuticky-a-zdravotnicky-prumysl\\\/pridavky-k-doplnkum-stravy\\\/sol-dinatrium-chinon-pyrrochinolin-pqq\\\/\",\"name\":\"Pyrrochinolinov\u00e1 disodn\u00e1 s\u016fl (PQQ) - NATURAL POLAND - Velkoobchodn\u00ed distributor surovin\",\"isPartOf\":{\"@id\":\"https:\\\/\\\/naturalpoland.com\\\/cs\\\/#website\"},\"primaryImageOfPage\":{\"@id\":\"https:\\\/\\\/naturalpoland.com\\\/cs\\\/produkty\\\/produkty-pro-farmaceuticky-a-zdravotnicky-prumysl\\\/pridavky-k-doplnkum-stravy\\\/sol-dinatrium-chinon-pyrrochinolin-pqq\\\/#primaryimage\"},\"image\":{\"@id\":\"https:\\\/\\\/naturalpoland.com\\\/cs\\\/produkty\\\/produkty-pro-farmaceuticky-a-zdravotnicky-prumysl\\\/pridavky-k-doplnkum-stravy\\\/sol-dinatrium-chinon-pyrrochinolin-pqq\\\/#primaryimage\"},\"thumbnailUrl\":\"https:\\\/\\\/naturalpoland.com\\\/wp-content\\\/uploads\\\/pqq.webp\",\"datePublished\":\"2024-08-30T10:02:19+00:00\",\"description\":\"Pyrrochinolin disodn\u00e1 s\u016fl (PQQ) je siln\u00fd antioxidant, kter\u00fd podporuje zdrav\u00ed bun\u011bk, kognitivn\u00ed funkce a zdrav\u00ed srdce.\",\"breadcrumb\":{\"@id\":\"https:\\\/\\\/naturalpoland.com\\\/cs\\\/produkty\\\/produkty-pro-farmaceuticky-a-zdravotnicky-prumysl\\\/pridavky-k-doplnkum-stravy\\\/sol-dinatrium-chinon-pyrrochinolin-pqq\\\/#breadcrumb\"},\"inLanguage\":\"cs\",\"potentialAction\":[{\"@type\":\"ReadAction\",\"target\":[\"https:\\\/\\\/naturalpoland.com\\\/cs\\\/produkty\\\/produkty-pro-farmaceuticky-a-zdravotnicky-prumysl\\\/pridavky-k-doplnkum-stravy\\\/sol-dinatrium-chinon-pyrrochinolin-pqq\\\/\"]}]},{\"@type\":\"ImageObject\",\"inLanguage\":\"cs\",\"@id\":\"https:\\\/\\\/naturalpoland.com\\\/cs\\\/produkty\\\/produkty-pro-farmaceuticky-a-zdravotnicky-prumysl\\\/pridavky-k-doplnkum-stravy\\\/sol-dinatrium-chinon-pyrrochinolin-pqq\\\/#primaryimage\",\"url\":\"https:\\\/\\\/naturalpoland.com\\\/wp-content\\\/uploads\\\/pqq.webp\",\"contentUrl\":\"https:\\\/\\\/naturalpoland.com\\\/wp-content\\\/uploads\\\/pqq.webp\",\"width\":618,\"height\":618,\"caption\":\"S\u00f3l disodowa chinonu pirolochinoliny\"},{\"@type\":\"BreadcrumbList\",\"@id\":\"https:\\\/\\\/naturalpoland.com\\\/cs\\\/produkty\\\/produkty-pro-farmaceuticky-a-zdravotnicky-prumysl\\\/pridavky-k-doplnkum-stravy\\\/sol-dinatrium-chinon-pyrrochinolin-pqq\\\/#breadcrumb\",\"itemListElement\":[{\"@type\":\"ListItem\",\"position\":1,\"name\":\"Dom\u016f\",\"item\":\"https:\\\/\\\/naturalpoland.com\\\/cs\\\/\"},{\"@type\":\"ListItem\",\"position\":2,\"name\":\"Produkty\",\"item\":\"https:\\\/\\\/naturalpoland.com\\\/cs\\\/produkty\\\/\"},{\"@type\":\"ListItem\",\"position\":3,\"name\":\"Pyrrochinolinov\u00e1 disodn\u00e1 s\u016fl (PQQ)\"}]},{\"@type\":\"WebSite\",\"@id\":\"https:\\\/\\\/naturalpoland.com\\\/cs\\\/#website\",\"url\":\"https:\\\/\\\/naturalpoland.com\\\/cs\\\/\",\"name\":\"NATURAL POLAND - Velkoobchodn\u00ed distributor surovin\",\"description\":\"Surowce dla przemys\u0142u spo\u017cywczego, kosmetycznego i farmaceutycznego\",\"publisher\":{\"@id\":\"https:\\\/\\\/naturalpoland.com\\\/cs\\\/#organization\"},\"potentialAction\":[{\"@type\":\"SearchAction\",\"target\":{\"@type\":\"EntryPoint\",\"urlTemplate\":\"https:\\\/\\\/naturalpoland.com\\\/cs\\\/?s={search_term_string}\"},\"query-input\":{\"@type\":\"PropertyValueSpecification\",\"valueRequired\":true,\"valueName\":\"search_term_string\"}}],\"inLanguage\":\"cs\"},{\"@type\":\"Organization\",\"@id\":\"https:\\\/\\\/naturalpoland.com\\\/cs\\\/#organization\",\"name\":\"Natural Poland\",\"url\":\"https:\\\/\\\/naturalpoland.com\\\/cs\\\/\",\"logo\":{\"@type\":\"ImageObject\",\"inLanguage\":\"cs\",\"@id\":\"https:\\\/\\\/naturalpoland.com\\\/cs\\\/#\\\/schema\\\/logo\\\/image\\\/\",\"url\":\"https:\\\/\\\/naturalpoland.com\\\/wp-content\\\/uploads\\\/2021\\\/05\\\/natural-poland-icon.png\",\"contentUrl\":\"https:\\\/\\\/naturalpoland.com\\\/wp-content\\\/uploads\\\/2021\\\/05\\\/natural-poland-icon.png\",\"width\":512,\"height\":512,\"caption\":\"Natural Poland\"},\"image\":{\"@id\":\"https:\\\/\\\/naturalpoland.com\\\/cs\\\/#\\\/schema\\\/logo\\\/image\\\/\"},\"sameAs\":[\"https:\\\/\\\/www.facebook.com\\\/naturalpoland.b2b\",\"https:\\\/\\\/pl.linkedin.com\\\/company\\\/natural-poland\",\"https:\\\/\\\/www.youtube.com\\\/channel\\\/UCgeGGkvOMahZo-xu_MSEWxg\"]}]}<\/script>\n<!-- \/ Yoast SEO plugin. -->","yoast_head_json":{"title":"Pyrrochinolinov\u00e1 disodn\u00e1 s\u016fl (PQQ) - NATURAL POLAND - Velkoobchodn\u00ed distributor surovin","description":"Pyrrochinolin disodn\u00e1 s\u016fl (PQQ) je siln\u00fd antioxidant, kter\u00fd podporuje zdrav\u00ed bun\u011bk, kognitivn\u00ed funkce a zdrav\u00ed srdce.","robots":{"index":"index","follow":"follow","max-snippet":"max-snippet:-1","max-image-preview":"max-image-preview:large","max-video-preview":"max-video-preview:-1"},"canonical":"https:\/\/naturalpoland.com\/cs\/produkty\/produkty-pro-farmaceuticky-a-zdravotnicky-prumysl\/pridavky-k-doplnkum-stravy\/sol-dinatrium-chinon-pyrrochinolin-pqq\/","og_locale":"cs_CZ","og_type":"article","og_title":"Pyrrochinolinov\u00e1 disodn\u00e1 s\u016fl (PQQ) - NATURAL POLAND - Velkoobchodn\u00ed distributor surovin","og_description":"Pyrrochinolin disodn\u00e1 s\u016fl (PQQ) je siln\u00fd antioxidant, kter\u00fd podporuje zdrav\u00ed bun\u011bk, kognitivn\u00ed funkce a zdrav\u00ed srdce.","og_url":"https:\/\/naturalpoland.com\/cs\/produkty\/produkty-pro-farmaceuticky-a-zdravotnicky-prumysl\/pridavky-k-doplnkum-stravy\/sol-dinatrium-chinon-pyrrochinolin-pqq\/","og_site_name":"NATURAL POLAND - Velkoobchodn\u00ed distributor surovin","article_publisher":"https:\/\/www.facebook.com\/naturalpoland.b2b","og_image":[{"width":618,"height":618,"url":"https:\/\/naturalpoland.com\/wp-content\/uploads\/pqq.webp","type":"image\/webp"}],"schema":{"@context":"https:\/\/schema.org","@graph":[{"@type":"WebPage","@id":"https:\/\/naturalpoland.com\/cs\/produkty\/produkty-pro-farmaceuticky-a-zdravotnicky-prumysl\/pridavky-k-doplnkum-stravy\/sol-dinatrium-chinon-pyrrochinolin-pqq\/","url":"https:\/\/naturalpoland.com\/cs\/produkty\/produkty-pro-farmaceuticky-a-zdravotnicky-prumysl\/pridavky-k-doplnkum-stravy\/sol-dinatrium-chinon-pyrrochinolin-pqq\/","name":"Pyrrochinolinov\u00e1 disodn\u00e1 s\u016fl (PQQ) - NATURAL POLAND - Velkoobchodn\u00ed distributor surovin","isPartOf":{"@id":"https:\/\/naturalpoland.com\/cs\/#website"},"primaryImageOfPage":{"@id":"https:\/\/naturalpoland.com\/cs\/produkty\/produkty-pro-farmaceuticky-a-zdravotnicky-prumysl\/pridavky-k-doplnkum-stravy\/sol-dinatrium-chinon-pyrrochinolin-pqq\/#primaryimage"},"image":{"@id":"https:\/\/naturalpoland.com\/cs\/produkty\/produkty-pro-farmaceuticky-a-zdravotnicky-prumysl\/pridavky-k-doplnkum-stravy\/sol-dinatrium-chinon-pyrrochinolin-pqq\/#primaryimage"},"thumbnailUrl":"https:\/\/naturalpoland.com\/wp-content\/uploads\/pqq.webp","datePublished":"2024-08-30T10:02:19+00:00","description":"Pyrrochinolin disodn\u00e1 s\u016fl (PQQ) je siln\u00fd antioxidant, kter\u00fd podporuje zdrav\u00ed bun\u011bk, kognitivn\u00ed funkce a zdrav\u00ed srdce.","breadcrumb":{"@id":"https:\/\/naturalpoland.com\/cs\/produkty\/produkty-pro-farmaceuticky-a-zdravotnicky-prumysl\/pridavky-k-doplnkum-stravy\/sol-dinatrium-chinon-pyrrochinolin-pqq\/#breadcrumb"},"inLanguage":"cs","potentialAction":[{"@type":"ReadAction","target":["https:\/\/naturalpoland.com\/cs\/produkty\/produkty-pro-farmaceuticky-a-zdravotnicky-prumysl\/pridavky-k-doplnkum-stravy\/sol-dinatrium-chinon-pyrrochinolin-pqq\/"]}]},{"@type":"ImageObject","inLanguage":"cs","@id":"https:\/\/naturalpoland.com\/cs\/produkty\/produkty-pro-farmaceuticky-a-zdravotnicky-prumysl\/pridavky-k-doplnkum-stravy\/sol-dinatrium-chinon-pyrrochinolin-pqq\/#primaryimage","url":"https:\/\/naturalpoland.com\/wp-content\/uploads\/pqq.webp","contentUrl":"https:\/\/naturalpoland.com\/wp-content\/uploads\/pqq.webp","width":618,"height":618,"caption":"S\u00f3l disodowa chinonu pirolochinoliny"},{"@type":"BreadcrumbList","@id":"https:\/\/naturalpoland.com\/cs\/produkty\/produkty-pro-farmaceuticky-a-zdravotnicky-prumysl\/pridavky-k-doplnkum-stravy\/sol-dinatrium-chinon-pyrrochinolin-pqq\/#breadcrumb","itemListElement":[{"@type":"ListItem","position":1,"name":"Dom\u016f","item":"https:\/\/naturalpoland.com\/cs\/"},{"@type":"ListItem","position":2,"name":"Produkty","item":"https:\/\/naturalpoland.com\/cs\/produkty\/"},{"@type":"ListItem","position":3,"name":"Pyrrochinolinov\u00e1 disodn\u00e1 s\u016fl (PQQ)"}]},{"@type":"WebSite","@id":"https:\/\/naturalpoland.com\/cs\/#website","url":"https:\/\/naturalpoland.com\/cs\/","name":"NATURAL POLAND - Velkoobchodn\u00ed distributor surovin","description":"Surowce dla przemys\u0142u spo\u017cywczego, kosmetycznego i farmaceutycznego","publisher":{"@id":"https:\/\/naturalpoland.com\/cs\/#organization"},"potentialAction":[{"@type":"SearchAction","target":{"@type":"EntryPoint","urlTemplate":"https:\/\/naturalpoland.com\/cs\/?s={search_term_string}"},"query-input":{"@type":"PropertyValueSpecification","valueRequired":true,"valueName":"search_term_string"}}],"inLanguage":"cs"},{"@type":"Organization","@id":"https:\/\/naturalpoland.com\/cs\/#organization","name":"Natural Poland","url":"https:\/\/naturalpoland.com\/cs\/","logo":{"@type":"ImageObject","inLanguage":"cs","@id":"https:\/\/naturalpoland.com\/cs\/#\/schema\/logo\/image\/","url":"https:\/\/naturalpoland.com\/wp-content\/uploads\/2021\/05\/natural-poland-icon.png","contentUrl":"https:\/\/naturalpoland.com\/wp-content\/uploads\/2021\/05\/natural-poland-icon.png","width":512,"height":512,"caption":"Natural Poland"},"image":{"@id":"https:\/\/naturalpoland.com\/cs\/#\/schema\/logo\/image\/"},"sameAs":["https:\/\/www.facebook.com\/naturalpoland.b2b","https:\/\/pl.linkedin.com\/company\/natural-poland","https:\/\/www.youtube.com\/channel\/UCgeGGkvOMahZo-xu_MSEWxg"]}]}},"_links":{"self":[{"href":"https:\/\/naturalpoland.com\/cs\/wp-json\/wp\/v2\/product\/34995","targetHints":{"allow":["GET"]}}],"collection":[{"href":"https:\/\/naturalpoland.com\/cs\/wp-json\/wp\/v2\/product"}],"about":[{"href":"https:\/\/naturalpoland.com\/cs\/wp-json\/wp\/v2\/types\/product"}],"wp:featuredmedia":[{"embeddable":true,"href":"https:\/\/naturalpoland.com\/cs\/wp-json\/wp\/v2\/media\/34955"}],"wp:attachment":[{"href":"https:\/\/naturalpoland.com\/cs\/wp-json\/wp\/v2\/media?parent=34995"}],"wp:term":[{"taxonomy":"product_brand","embeddable":true,"href":"https:\/\/naturalpoland.com\/cs\/wp-json\/wp\/v2\/product_brand?post=34995"},{"taxonomy":"product_cat","embeddable":true,"href":"https:\/\/naturalpoland.com\/cs\/wp-json\/wp\/v2\/product_cat?post=34995"},{"taxonomy":"product_tag","embeddable":true,"href":"https:\/\/naturalpoland.com\/cs\/wp-json\/wp\/v2\/product_tag?post=34995"}],"curies":[{"name":"wp","href":"https:\/\/api.w.org\/{rel}","templated":true}]}}