{"id":35348,"date":"2024-09-10T12:41:03","date_gmt":"2024-09-10T11:11:21","guid":{"rendered":"https:\/\/naturalpoland.com\/produkty\/neza\u0159azen\u00e9\/acid-coffee\/"},"modified":"2024-09-10T13:11:21","modified_gmt":"2024-09-10T11:11:21","slug":"acid-coffee","status":"publish","type":"product","link":"https:\/\/naturalpoland.com\/cs\/produkty\/produkty-pro-kosmeticky-prumysl\/kyseliny\/acid-coffee\/","title":{"rendered":"Kyselina k\u00e1vov\u00e1"},"content":{"rendered":"<h2>Vlastnosti a \u00fa\u010dinky kyseliny k\u00e1vov\u00e9<\/h2>\n<p><strong>Antioxida\u010dn\u00ed \u00fa\u010dinky<\/strong> K\u00e1vov\u00e1 kyselina neutralizuje reaktivn\u00ed formy kysl\u00edku (ROS) a zabra\u0148uje oxida\u010dn\u00edmu po\u0161kozen\u00ed bun\u011bk.<br \/>\nM\u00e1 schopnost blokovat karcinogenn\u00ed slou\u010deniny vznikaj\u00edc\u00ed p\u0159i metabolick\u00e9 p\u0159em\u011bn\u011b n\u011bkter\u00fdch karcinogenn\u00edch l\u00e1tek, jako jsou nitrosaminy a 4-nitrochinolin-1-oxid.<br \/>\nKrom\u011b toho chr\u00e1n\u00ed frakci LDL cholesterolu p\u0159ed oxidac\u00ed, \u010d\u00edm\u017e inhibuje aterogenezi.<br \/>\nK\u00e1vov\u00e1 kyselina tak\u00e9 podporuje recirkulaci \u03b1-tokoferolu (vitaminu E) do jeho aktivn\u00ed formy a vykazuje v\u011bt\u0161\u00ed antiradik\u00e1lovou aktivitu ne\u017e \u03b1-tokoferol. <strong><a href=\"https:\/\/naturalpoland.com\/produkty\/produkty-dla-przemyslu-farmaceutycznego-i-medycznego\/witaminy\/witamina-e\/\">vitamin E<\/a><\/strong>. <strong>Protiz\u00e1n\u011btliv\u00e1 a antimikrobi\u00e1ln\u00ed aktivita<\/strong> Kyselina k\u00e1vov\u00e1 je zn\u00e1m\u00e1 svou protiz\u00e1n\u011btlivou aktivitou, kter\u00e1 pom\u00e1h\u00e1 sni\u017eovat z\u00e1n\u011bty p\u0159i r\u016fzn\u00fdch ko\u017en\u00edch onemocn\u011bn\u00edch.<br \/>\nKrom\u011b toho m\u00e1 antimikrobi\u00e1ln\u00ed vlastnosti, kter\u00e9 chr\u00e1n\u00ed p\u0159ed mnoha mikrobi\u00e1ln\u00edmi hrozbami.<br \/>\nD\u00edky t\u011bmto vlastnostem je kyselina k\u00e1vov\u00e1 \u00fa\u010dinn\u00e1 p\u0159i l\u00e9\u010db\u011b dermat\u00f3z, nap\u0159. svrabu, a dal\u0161\u00edch ko\u017en\u00edch onemocn\u011bn\u00ed, p\u0159i nich\u017e je p\u0159\u00edtomen z\u00e1n\u011bt.<br \/>\nChr\u00e1n\u00ed poko\u017eku p\u0159ed \u0161kodliv\u00fdmi \u00fa\u010dinky UV z\u00e1\u0159en\u00ed t\u00edm, \u017ee zabra\u0148uje degradaci kolagenov\u00fdch a elastinov\u00fdch vl\u00e1ken, kter\u00e1 jsou kl\u00ed\u010dov\u00e1 pro udr\u017een\u00ed pru\u017enosti a pevnosti poko\u017eky. \u00da\u010dinky <strong>proti st\u00e1rnut\u00ed<\/strong> pleti Jedn\u00edm z kl\u00ed\u010dov\u00fdch p\u0159\u00ednos\u016f kyseliny k\u00e1vov\u00e9 je jej\u00ed schopnost p\u0159edch\u00e1zet vzniku vr\u00e1sek.<br \/>\nT\u00edm, \u017ee bojuje proti voln\u00fdm radik\u00e1l\u016fm a potla\u010duje oxida\u010dn\u00ed stres, pom\u00e1h\u00e1 zpomalovat proces st\u00e1rnut\u00ed pleti.<br \/>\nMezi ochrann\u00e9 \u00fa\u010dinky kyseliny k\u00e1vov\u00e9 pat\u0159\u00ed tak\u00e9 ochrana kolagenov\u00fdch a elastinov\u00fdch vl\u00e1ken p\u0159ed degradac\u00ed, co\u017e pom\u00e1h\u00e1 udr\u017eovat struktur\u00e1ln\u00ed integritu a pru\u017enost poko\u017eky. <strong>Depigmenta\u010dn\u00ed \u00fa\u010dinky<\/strong> Kyselina k\u00e1vov\u00e1 p\u016fsob\u00ed tak, \u017ee inhibuje enzym tyrozin\u00e1zu, kter\u00fd je zodpov\u011bdn\u00fd za tvorbu melaninu, co\u017e pom\u00e1h\u00e1 p\u0159edch\u00e1zet vzniku nov\u00fdch sta\u0159eck\u00fdch a slune\u010dn\u00edch skvrn.<br \/>\nZ tohoto d\u016fvodu je vynikaj\u00edc\u00ed slo\u017ekou p\u0159\u00edpravk\u016f p\u00e9\u010de o ple\u0165 s probl\u00e9my s hyperpigmentac\u00ed, v\u010detn\u011b t\u011bch zp\u016fsoben\u00fdch po\u0161kozen\u00edm sluncem nebo st\u00e1rnut\u00edm.           <\/p>\n<h2>Pou\u017eit\u00ed kyseliny k\u00e1vov\u00e9<\/h2>\n<p>  Kyselina k\u00e1vov\u00e1 se obvykle pou\u017e\u00edv\u00e1 v produktech p\u00e9\u010de o ple\u0165 v koncentraci do 2 %.<br \/>\nDoporu\u010duje se pro p\u00e9\u010di o zralou ple\u0165, ochranu p\u0159ed po\u0161kozen\u00edm sluncem a p\u0159i prevenci zn\u00e1mek fotost\u00e1rnut\u00ed.<br \/>\nPo o\u0161et\u0159en\u00ed kyselinou k\u00e1vovou je ple\u0165 jasn\u011bj\u0161\u00ed, hydratovan\u011bj\u0161\u00ed, okysli\u010den\u00e1 a z\u00e1\u0159iv\u011bj\u0161\u00ed, s viditeln\u011b m\u011bl\u010d\u00edmi vr\u00e1skami a zlep\u0161enou elasticitou.    &nbsp;<\/p>\n","protected":false},"excerpt":{"rendered":"<p><strong>Kyselina k\u00e1vov\u00e1<\/strong>, zn\u00e1m\u00e1 tak\u00e9 jako kyselina 3,4-dihydroxycinnamov\u00e1, je organick\u00e1 chemick\u00e1 slou\u010denina klasifikovan\u00e1 jako fenolov\u00e1 kyselina.<br \/>\nP\u0159irozen\u011b se z\u00edsk\u00e1v\u00e1 z r\u016fzn\u00fdch rostlin, v nich\u017e p\u016fsob\u00ed jako sekund\u00e1rn\u00ed metabolit.<br \/>\nJe to kl\u00ed\u010dov\u00e1 fenolick\u00e1 slou\u010denina p\u0159\u00edtomn\u00e1 v ovoci, zelenin\u011b, obilovin\u00e1ch a n\u011bkter\u00fdch bylin\u00e1ch a jej\u00edm hlavn\u00edm zdrojem v lidsk\u00e9 strav\u011b je k\u00e1va.    &nbsp;<\/p>\n","protected":false},"featured_media":35308,"template":"","meta":{"_acf_changed":false},"product_brand":[],"product_cat":[5448],"product_tag":[],"class_list":{"0":"post-35348","1":"product","2":"type-product","3":"status-publish","4":"has-post-thumbnail","6":"product_cat-kyseliny","8":"first","9":"instock","10":"shipping-taxable","11":"product-type-simple"},"acf":[],"yoast_head":"<!-- This site is optimized with the Yoast SEO plugin v27.4 - https:\/\/yoast.com\/product\/yoast-seo-wordpress\/ -->\n<title>Kyselina k\u00e1vov\u00e1 - NATURAL POLAND - Velkoobchodn\u00ed distributor surovin<\/title>\n<meta name=\"description\" content=\"Kyselina k\u00e1vov\u00e1 je slo\u017eka s mnoha p\u0159\u00ednosy pro zdrav\u00ed poko\u017eky, zejm\u00e9na p\u0159i prevenci a zvr\u00e1cen\u00ed \u00fa\u010dink\u016f st\u00e1rnut\u00ed a oxida\u010dn\u00edho stresu.\" \/>\n<meta name=\"robots\" content=\"index, follow, max-snippet:-1, max-image-preview:large, max-video-preview:-1\" \/>\n<link rel=\"canonical\" href=\"https:\/\/naturalpoland.com\/cs\/produkty\/produkty-pro-kosmeticky-prumysl\/kyseliny\/acid-coffee\/\" \/>\n<meta property=\"og:locale\" content=\"cs_CZ\" \/>\n<meta property=\"og:type\" content=\"article\" \/>\n<meta property=\"og:title\" content=\"Kyselina k\u00e1vov\u00e1 - NATURAL POLAND - Velkoobchodn\u00ed distributor surovin\" \/>\n<meta property=\"og:description\" content=\"Kyselina k\u00e1vov\u00e1 je slo\u017eka s mnoha p\u0159\u00ednosy pro zdrav\u00ed poko\u017eky, zejm\u00e9na p\u0159i prevenci a zvr\u00e1cen\u00ed \u00fa\u010dink\u016f st\u00e1rnut\u00ed a oxida\u010dn\u00edho stresu.\" \/>\n<meta property=\"og:url\" content=\"https:\/\/naturalpoland.com\/cs\/produkty\/produkty-pro-kosmeticky-prumysl\/kyseliny\/acid-coffee\/\" \/>\n<meta property=\"og:site_name\" content=\"NATURAL POLAND - Velkoobchodn\u00ed distributor surovin\" \/>\n<meta property=\"article:publisher\" content=\"https:\/\/www.facebook.com\/naturalpoland.b2b\" \/>\n<meta property=\"og:image\" content=\"https:\/\/naturalpoland.com\/wp-content\/uploads\/kwas-kawowy.webp\" \/>\n\t<meta property=\"og:image:width\" content=\"615\" \/>\n\t<meta property=\"og:image:height\" content=\"615\" \/>\n\t<meta property=\"og:image:type\" content=\"image\/webp\" \/>\n<script type=\"application\/ld+json\" class=\"yoast-schema-graph\">{\"@context\":\"https:\\\/\\\/schema.org\",\"@graph\":[{\"@type\":\"WebPage\",\"@id\":\"https:\\\/\\\/naturalpoland.com\\\/cs\\\/produkty\\\/produkty-pro-kosmeticky-prumysl\\\/kyseliny\\\/acid-coffee\\\/\",\"url\":\"https:\\\/\\\/naturalpoland.com\\\/cs\\\/produkty\\\/produkty-pro-kosmeticky-prumysl\\\/kyseliny\\\/acid-coffee\\\/\",\"name\":\"Kyselina k\u00e1vov\u00e1 - NATURAL POLAND - Velkoobchodn\u00ed distributor surovin\",\"isPartOf\":{\"@id\":\"https:\\\/\\\/naturalpoland.com\\\/cs\\\/#website\"},\"primaryImageOfPage\":{\"@id\":\"https:\\\/\\\/naturalpoland.com\\\/cs\\\/produkty\\\/produkty-pro-kosmeticky-prumysl\\\/kyseliny\\\/acid-coffee\\\/#primaryimage\"},\"image\":{\"@id\":\"https:\\\/\\\/naturalpoland.com\\\/cs\\\/produkty\\\/produkty-pro-kosmeticky-prumysl\\\/kyseliny\\\/acid-coffee\\\/#primaryimage\"},\"thumbnailUrl\":\"https:\\\/\\\/naturalpoland.com\\\/wp-content\\\/uploads\\\/kwas-kawowy.webp\",\"datePublished\":\"2024-09-10T11:11:21+00:00\",\"description\":\"Kyselina k\u00e1vov\u00e1 je slo\u017eka s mnoha p\u0159\u00ednosy pro zdrav\u00ed poko\u017eky, zejm\u00e9na p\u0159i prevenci a zvr\u00e1cen\u00ed \u00fa\u010dink\u016f st\u00e1rnut\u00ed a oxida\u010dn\u00edho stresu.\",\"breadcrumb\":{\"@id\":\"https:\\\/\\\/naturalpoland.com\\\/cs\\\/produkty\\\/produkty-pro-kosmeticky-prumysl\\\/kyseliny\\\/acid-coffee\\\/#breadcrumb\"},\"inLanguage\":\"cs\",\"potentialAction\":[{\"@type\":\"ReadAction\",\"target\":[\"https:\\\/\\\/naturalpoland.com\\\/cs\\\/produkty\\\/produkty-pro-kosmeticky-prumysl\\\/kyseliny\\\/acid-coffee\\\/\"]}]},{\"@type\":\"ImageObject\",\"inLanguage\":\"cs\",\"@id\":\"https:\\\/\\\/naturalpoland.com\\\/cs\\\/produkty\\\/produkty-pro-kosmeticky-prumysl\\\/kyseliny\\\/acid-coffee\\\/#primaryimage\",\"url\":\"https:\\\/\\\/naturalpoland.com\\\/wp-content\\\/uploads\\\/kwas-kawowy.webp\",\"contentUrl\":\"https:\\\/\\\/naturalpoland.com\\\/wp-content\\\/uploads\\\/kwas-kawowy.webp\",\"width\":615,\"height\":615,\"caption\":\"kwas kawowy\"},{\"@type\":\"BreadcrumbList\",\"@id\":\"https:\\\/\\\/naturalpoland.com\\\/cs\\\/produkty\\\/produkty-pro-kosmeticky-prumysl\\\/kyseliny\\\/acid-coffee\\\/#breadcrumb\",\"itemListElement\":[{\"@type\":\"ListItem\",\"position\":1,\"name\":\"Dom\u016f\",\"item\":\"https:\\\/\\\/naturalpoland.com\\\/cs\\\/\"},{\"@type\":\"ListItem\",\"position\":2,\"name\":\"Produkty\",\"item\":\"https:\\\/\\\/naturalpoland.com\\\/cs\\\/produkty\\\/\"},{\"@type\":\"ListItem\",\"position\":3,\"name\":\"Kyselina k\u00e1vov\u00e1\"}]},{\"@type\":\"WebSite\",\"@id\":\"https:\\\/\\\/naturalpoland.com\\\/cs\\\/#website\",\"url\":\"https:\\\/\\\/naturalpoland.com\\\/cs\\\/\",\"name\":\"NATURAL POLAND - Velkoobchodn\u00ed distributor surovin\",\"description\":\"Surowce dla przemys\u0142u spo\u017cywczego, kosmetycznego i farmaceutycznego\",\"publisher\":{\"@id\":\"https:\\\/\\\/naturalpoland.com\\\/cs\\\/#organization\"},\"potentialAction\":[{\"@type\":\"SearchAction\",\"target\":{\"@type\":\"EntryPoint\",\"urlTemplate\":\"https:\\\/\\\/naturalpoland.com\\\/cs\\\/?s={search_term_string}\"},\"query-input\":{\"@type\":\"PropertyValueSpecification\",\"valueRequired\":true,\"valueName\":\"search_term_string\"}}],\"inLanguage\":\"cs\"},{\"@type\":\"Organization\",\"@id\":\"https:\\\/\\\/naturalpoland.com\\\/cs\\\/#organization\",\"name\":\"Natural Poland\",\"url\":\"https:\\\/\\\/naturalpoland.com\\\/cs\\\/\",\"logo\":{\"@type\":\"ImageObject\",\"inLanguage\":\"cs\",\"@id\":\"https:\\\/\\\/naturalpoland.com\\\/cs\\\/#\\\/schema\\\/logo\\\/image\\\/\",\"url\":\"https:\\\/\\\/naturalpoland.com\\\/wp-content\\\/uploads\\\/2021\\\/05\\\/natural-poland-icon.png\",\"contentUrl\":\"https:\\\/\\\/naturalpoland.com\\\/wp-content\\\/uploads\\\/2021\\\/05\\\/natural-poland-icon.png\",\"width\":512,\"height\":512,\"caption\":\"Natural Poland\"},\"image\":{\"@id\":\"https:\\\/\\\/naturalpoland.com\\\/cs\\\/#\\\/schema\\\/logo\\\/image\\\/\"},\"sameAs\":[\"https:\\\/\\\/www.facebook.com\\\/naturalpoland.b2b\",\"https:\\\/\\\/pl.linkedin.com\\\/company\\\/natural-poland\",\"https:\\\/\\\/www.youtube.com\\\/channel\\\/UCgeGGkvOMahZo-xu_MSEWxg\"]}]}<\/script>\n<!-- \/ Yoast SEO plugin. -->","yoast_head_json":{"title":"Kyselina k\u00e1vov\u00e1 - NATURAL POLAND - Velkoobchodn\u00ed distributor surovin","description":"Kyselina k\u00e1vov\u00e1 je slo\u017eka s mnoha p\u0159\u00ednosy pro zdrav\u00ed poko\u017eky, zejm\u00e9na p\u0159i prevenci a zvr\u00e1cen\u00ed \u00fa\u010dink\u016f st\u00e1rnut\u00ed a oxida\u010dn\u00edho stresu.","robots":{"index":"index","follow":"follow","max-snippet":"max-snippet:-1","max-image-preview":"max-image-preview:large","max-video-preview":"max-video-preview:-1"},"canonical":"https:\/\/naturalpoland.com\/cs\/produkty\/produkty-pro-kosmeticky-prumysl\/kyseliny\/acid-coffee\/","og_locale":"cs_CZ","og_type":"article","og_title":"Kyselina k\u00e1vov\u00e1 - NATURAL POLAND - Velkoobchodn\u00ed distributor surovin","og_description":"Kyselina k\u00e1vov\u00e1 je slo\u017eka s mnoha p\u0159\u00ednosy pro zdrav\u00ed poko\u017eky, zejm\u00e9na p\u0159i prevenci a zvr\u00e1cen\u00ed \u00fa\u010dink\u016f st\u00e1rnut\u00ed a oxida\u010dn\u00edho stresu.","og_url":"https:\/\/naturalpoland.com\/cs\/produkty\/produkty-pro-kosmeticky-prumysl\/kyseliny\/acid-coffee\/","og_site_name":"NATURAL POLAND - Velkoobchodn\u00ed distributor surovin","article_publisher":"https:\/\/www.facebook.com\/naturalpoland.b2b","og_image":[{"width":615,"height":615,"url":"https:\/\/naturalpoland.com\/wp-content\/uploads\/kwas-kawowy.webp","type":"image\/webp"}],"schema":{"@context":"https:\/\/schema.org","@graph":[{"@type":"WebPage","@id":"https:\/\/naturalpoland.com\/cs\/produkty\/produkty-pro-kosmeticky-prumysl\/kyseliny\/acid-coffee\/","url":"https:\/\/naturalpoland.com\/cs\/produkty\/produkty-pro-kosmeticky-prumysl\/kyseliny\/acid-coffee\/","name":"Kyselina k\u00e1vov\u00e1 - NATURAL POLAND - Velkoobchodn\u00ed distributor surovin","isPartOf":{"@id":"https:\/\/naturalpoland.com\/cs\/#website"},"primaryImageOfPage":{"@id":"https:\/\/naturalpoland.com\/cs\/produkty\/produkty-pro-kosmeticky-prumysl\/kyseliny\/acid-coffee\/#primaryimage"},"image":{"@id":"https:\/\/naturalpoland.com\/cs\/produkty\/produkty-pro-kosmeticky-prumysl\/kyseliny\/acid-coffee\/#primaryimage"},"thumbnailUrl":"https:\/\/naturalpoland.com\/wp-content\/uploads\/kwas-kawowy.webp","datePublished":"2024-09-10T11:11:21+00:00","description":"Kyselina k\u00e1vov\u00e1 je slo\u017eka s mnoha p\u0159\u00ednosy pro zdrav\u00ed poko\u017eky, zejm\u00e9na p\u0159i prevenci a zvr\u00e1cen\u00ed \u00fa\u010dink\u016f st\u00e1rnut\u00ed a oxida\u010dn\u00edho stresu.","breadcrumb":{"@id":"https:\/\/naturalpoland.com\/cs\/produkty\/produkty-pro-kosmeticky-prumysl\/kyseliny\/acid-coffee\/#breadcrumb"},"inLanguage":"cs","potentialAction":[{"@type":"ReadAction","target":["https:\/\/naturalpoland.com\/cs\/produkty\/produkty-pro-kosmeticky-prumysl\/kyseliny\/acid-coffee\/"]}]},{"@type":"ImageObject","inLanguage":"cs","@id":"https:\/\/naturalpoland.com\/cs\/produkty\/produkty-pro-kosmeticky-prumysl\/kyseliny\/acid-coffee\/#primaryimage","url":"https:\/\/naturalpoland.com\/wp-content\/uploads\/kwas-kawowy.webp","contentUrl":"https:\/\/naturalpoland.com\/wp-content\/uploads\/kwas-kawowy.webp","width":615,"height":615,"caption":"kwas kawowy"},{"@type":"BreadcrumbList","@id":"https:\/\/naturalpoland.com\/cs\/produkty\/produkty-pro-kosmeticky-prumysl\/kyseliny\/acid-coffee\/#breadcrumb","itemListElement":[{"@type":"ListItem","position":1,"name":"Dom\u016f","item":"https:\/\/naturalpoland.com\/cs\/"},{"@type":"ListItem","position":2,"name":"Produkty","item":"https:\/\/naturalpoland.com\/cs\/produkty\/"},{"@type":"ListItem","position":3,"name":"Kyselina k\u00e1vov\u00e1"}]},{"@type":"WebSite","@id":"https:\/\/naturalpoland.com\/cs\/#website","url":"https:\/\/naturalpoland.com\/cs\/","name":"NATURAL POLAND - Velkoobchodn\u00ed distributor surovin","description":"Surowce dla przemys\u0142u spo\u017cywczego, kosmetycznego i farmaceutycznego","publisher":{"@id":"https:\/\/naturalpoland.com\/cs\/#organization"},"potentialAction":[{"@type":"SearchAction","target":{"@type":"EntryPoint","urlTemplate":"https:\/\/naturalpoland.com\/cs\/?s={search_term_string}"},"query-input":{"@type":"PropertyValueSpecification","valueRequired":true,"valueName":"search_term_string"}}],"inLanguage":"cs"},{"@type":"Organization","@id":"https:\/\/naturalpoland.com\/cs\/#organization","name":"Natural Poland","url":"https:\/\/naturalpoland.com\/cs\/","logo":{"@type":"ImageObject","inLanguage":"cs","@id":"https:\/\/naturalpoland.com\/cs\/#\/schema\/logo\/image\/","url":"https:\/\/naturalpoland.com\/wp-content\/uploads\/2021\/05\/natural-poland-icon.png","contentUrl":"https:\/\/naturalpoland.com\/wp-content\/uploads\/2021\/05\/natural-poland-icon.png","width":512,"height":512,"caption":"Natural Poland"},"image":{"@id":"https:\/\/naturalpoland.com\/cs\/#\/schema\/logo\/image\/"},"sameAs":["https:\/\/www.facebook.com\/naturalpoland.b2b","https:\/\/pl.linkedin.com\/company\/natural-poland","https:\/\/www.youtube.com\/channel\/UCgeGGkvOMahZo-xu_MSEWxg"]}]}},"_links":{"self":[{"href":"https:\/\/naturalpoland.com\/cs\/wp-json\/wp\/v2\/product\/35348","targetHints":{"allow":["GET"]}}],"collection":[{"href":"https:\/\/naturalpoland.com\/cs\/wp-json\/wp\/v2\/product"}],"about":[{"href":"https:\/\/naturalpoland.com\/cs\/wp-json\/wp\/v2\/types\/product"}],"wp:featuredmedia":[{"embeddable":true,"href":"https:\/\/naturalpoland.com\/cs\/wp-json\/wp\/v2\/media\/35308"}],"wp:attachment":[{"href":"https:\/\/naturalpoland.com\/cs\/wp-json\/wp\/v2\/media?parent=35348"}],"wp:term":[{"taxonomy":"product_brand","embeddable":true,"href":"https:\/\/naturalpoland.com\/cs\/wp-json\/wp\/v2\/product_brand?post=35348"},{"taxonomy":"product_cat","embeddable":true,"href":"https:\/\/naturalpoland.com\/cs\/wp-json\/wp\/v2\/product_cat?post=35348"},{"taxonomy":"product_tag","embeddable":true,"href":"https:\/\/naturalpoland.com\/cs\/wp-json\/wp\/v2\/product_tag?post=35348"}],"curies":[{"name":"wp","href":"https:\/\/api.w.org\/{rel}","templated":true}]}}