{"id":35360,"date":"2024-09-10T13:08:24","date_gmt":"2024-09-10T11:11:44","guid":{"rendered":"https:\/\/naturalpoland.com\/produkty\/neza\u0159azen\u00e9\/acid-coyote\/"},"modified":"2024-09-10T13:11:44","modified_gmt":"2024-09-10T11:11:44","slug":"acid-coyote","status":"publish","type":"product","link":"https:\/\/naturalpoland.com\/cs\/produkty\/produkty-pro-kosmeticky-prumysl\/kyseliny\/acid-coyote\/","title":{"rendered":"Kyselina kojov\u00e1"},"content":{"rendered":"<h2>Vlastnosti a \u00fa\u010dinky kyseliny kojov\u00e9:<\/h2>\n<p><strong>Rozjas\u0148uj\u00edc\u00ed \u00fa\u010dinek a redukce hyperpigmentace<\/strong> Hlavn\u00edm mechanismem \u00fa\u010dinku kyseliny kojov\u00e9 je blokov\u00e1n\u00ed aktivity tyrozin\u00e1zy &#8211; kl\u00ed\u010dov\u00e9ho enzymu zapojen\u00e9ho do melanogeneze, kter\u00fd je zodpov\u011bdn\u00fd za produkci melaninu, ko\u017en\u00edho pigmentu.<br \/>\nKojinov\u00e1 kyselina vykazuje schopnost vytv\u00e1\u0159et komplexy s ionty zinku a m\u011bdi, kter\u00e9 jsou pro \u010dinnost tyrosin\u00e1zy nezbytn\u00e9 D\u00edky tomu je kyselina kojov\u00e1 u\u017eite\u010dn\u00e1 p\u0159i redukci pigmentov\u00fdch skvrn a vyrovn\u00e1v\u00e1n\u00ed t\u00f3nu pleti. <strong>Protiz\u00e1n\u011btliv\u00e9 p\u016fsoben\u00ed<\/strong> Kyselina kojov\u00e1 m\u00e1 tak\u00e9 protiz\u00e1n\u011btliv\u00e9 \u00fa\u010dinky.<br \/>\nM\u00e1 antibakteri\u00e1ln\u00ed vlastnosti a doporu\u010duje se p\u0159i l\u00e9z\u00edch akn\u00e9.    <\/p>\n<h2>Kosmetick\u00e9 pou\u017eit\u00ed:<\/h2>\n<p>  Kyselinu kojovou lze pou\u017e\u00edt v kosmetick\u00fdch p\u0159\u00edpravc\u00edch, jako jsou kr\u00e9my, s\u00fdry, tonika a obli\u010dejov\u00e9 gely, a tak\u00e9 v profesion\u00e1ln\u00edch chemick\u00fdch peelingu pou\u017e\u00edvan\u00fdch v kosmetick\u00fdch ordinac\u00edch.<br \/>\nPou\u017e\u00edv\u00e1 se tak\u00e9 v kosmetice proti st\u00e1rnut\u00ed a v p\u0159\u00edpravc\u00edch na ple\u0165 s hyperpigmentac\u00ed a akn\u00e9.<br \/>\nKyselinu kojovou lze kombinovat s dal\u0161\u00edmi slo\u017ekami s rozjas\u0148uj\u00edc\u00edmi a antioxida\u010dn\u00edmi \u00fa\u010dinky, jako je vitamin C, <strong><a href=\"https:\/\/naturalpoland.com\/produkty\/produkty-dla-przemyslu-kosmetycznego\/surowce-kosmetyczne\/alfa-arbutyna\/\">arbutin<\/a><\/strong>nebo alfa- a beta-hydroxykyseliny, co\u017e zvy\u0161uje jej\u00ed \u00fa\u010dinnost.<br \/>\nKyselina kojov\u00e1 se obvykle pou\u017e\u00edv\u00e1 v koncentraci do 1 % v kosmetick\u00fdch p\u0159\u00edpravc\u00edch ur\u010den\u00fdch pro ka\u017edodenn\u00ed p\u00e9\u010di o ple\u0165.<br \/>\nPou\u017e\u00edv\u00e1n\u00ed vy\u0161\u0161\u00edch koncentrac\u00ed (nad 1 %) se doporu\u010duje pouze pod dohledem odborn\u00edka jako sou\u010d\u00e1st profesion\u00e1ln\u00edho o\u0161et\u0159en\u00ed.<br \/>\nPou\u017e\u00edv\u00e1n\u00ed p\u0159\u00edpravk\u016f obsahuj\u00edc\u00edch kyselinu kojovou se nedoporu\u010duje osob\u00e1m s alergi\u00ed na tuto slo\u017eku nebo u po\u0161kozen\u00e9 poko\u017eky s otev\u0159en\u00fdmi ranami nebo aktivn\u00edmi z\u00e1n\u011bty.     <\/p>\n","protected":false},"excerpt":{"rendered":"<p>Kyselina kojov\u00e1 je chemick\u00e1 slou\u010denina p\u0159\u00edrodn\u00edho p\u016fvodu, kter\u00e1 se vyr\u00e1b\u00ed biotechnologicky, p\u0159edev\u0161\u00edm houbami rodu <em>Aspergillus<\/em>.<br \/>\nM\u00e1 zesv\u011btluj\u00edc\u00ed, hyperpigmenta\u010dn\u00ed a protiz\u00e1n\u011btliv\u00e9 \u00fa\u010dinky. <\/p>\n","protected":false},"featured_media":35321,"template":"","meta":{"_acf_changed":false},"product_brand":[],"product_cat":[5448],"product_tag":[],"class_list":{"0":"post-35360","1":"product","2":"type-product","3":"status-publish","4":"has-post-thumbnail","6":"product_cat-kyseliny","8":"first","9":"instock","10":"shipping-taxable","11":"product-type-simple"},"acf":[],"yoast_head":"<!-- This site is optimized with the Yoast SEO plugin v27.4 - https:\/\/yoast.com\/product\/yoast-seo-wordpress\/ -->\n<title>Kyselina kojov\u00e1 - NATURAL POLAND - Velkoobchodn\u00ed distributor surovin<\/title>\n<meta name=\"description\" content=\"Kyselina kojov\u00e1 je cen\u011bnou slo\u017ekou v kosmetice, zejm\u00e9na v souvislosti s rozjas\u0148ov\u00e1n\u00edm pleti a redukc\u00ed hyperpigmentace.\" \/>\n<meta name=\"robots\" content=\"index, follow, max-snippet:-1, max-image-preview:large, max-video-preview:-1\" \/>\n<link rel=\"canonical\" href=\"https:\/\/naturalpoland.com\/cs\/produkty\/produkty-pro-kosmeticky-prumysl\/kyseliny\/acid-coyote\/\" \/>\n<meta property=\"og:locale\" content=\"cs_CZ\" \/>\n<meta property=\"og:type\" content=\"article\" \/>\n<meta property=\"og:title\" content=\"Kyselina kojov\u00e1 - NATURAL POLAND - Velkoobchodn\u00ed distributor surovin\" \/>\n<meta property=\"og:description\" content=\"Kyselina kojov\u00e1 je cen\u011bnou slo\u017ekou v kosmetice, zejm\u00e9na v souvislosti s rozjas\u0148ov\u00e1n\u00edm pleti a redukc\u00ed hyperpigmentace.\" \/>\n<meta property=\"og:url\" content=\"https:\/\/naturalpoland.com\/cs\/produkty\/produkty-pro-kosmeticky-prumysl\/kyseliny\/acid-coyote\/\" \/>\n<meta property=\"og:site_name\" content=\"NATURAL POLAND - Velkoobchodn\u00ed distributor surovin\" \/>\n<meta property=\"article:publisher\" content=\"https:\/\/www.facebook.com\/naturalpoland.b2b\" \/>\n<meta property=\"og:image\" content=\"https:\/\/naturalpoland.com\/wp-content\/uploads\/kwas-kojowy.webp\" \/>\n\t<meta property=\"og:image:width\" content=\"615\" \/>\n\t<meta property=\"og:image:height\" content=\"615\" \/>\n\t<meta property=\"og:image:type\" content=\"image\/webp\" \/>\n<script type=\"application\/ld+json\" class=\"yoast-schema-graph\">{\"@context\":\"https:\\\/\\\/schema.org\",\"@graph\":[{\"@type\":\"WebPage\",\"@id\":\"https:\\\/\\\/naturalpoland.com\\\/cs\\\/produkty\\\/produkty-pro-kosmeticky-prumysl\\\/kyseliny\\\/acid-coyote\\\/\",\"url\":\"https:\\\/\\\/naturalpoland.com\\\/cs\\\/produkty\\\/produkty-pro-kosmeticky-prumysl\\\/kyseliny\\\/acid-coyote\\\/\",\"name\":\"Kyselina kojov\u00e1 - NATURAL POLAND - Velkoobchodn\u00ed distributor surovin\",\"isPartOf\":{\"@id\":\"https:\\\/\\\/naturalpoland.com\\\/cs\\\/#website\"},\"primaryImageOfPage\":{\"@id\":\"https:\\\/\\\/naturalpoland.com\\\/cs\\\/produkty\\\/produkty-pro-kosmeticky-prumysl\\\/kyseliny\\\/acid-coyote\\\/#primaryimage\"},\"image\":{\"@id\":\"https:\\\/\\\/naturalpoland.com\\\/cs\\\/produkty\\\/produkty-pro-kosmeticky-prumysl\\\/kyseliny\\\/acid-coyote\\\/#primaryimage\"},\"thumbnailUrl\":\"https:\\\/\\\/naturalpoland.com\\\/wp-content\\\/uploads\\\/kwas-kojowy.webp\",\"datePublished\":\"2024-09-10T11:11:44+00:00\",\"description\":\"Kyselina kojov\u00e1 je cen\u011bnou slo\u017ekou v kosmetice, zejm\u00e9na v souvislosti s rozjas\u0148ov\u00e1n\u00edm pleti a redukc\u00ed hyperpigmentace.\",\"breadcrumb\":{\"@id\":\"https:\\\/\\\/naturalpoland.com\\\/cs\\\/produkty\\\/produkty-pro-kosmeticky-prumysl\\\/kyseliny\\\/acid-coyote\\\/#breadcrumb\"},\"inLanguage\":\"cs\",\"potentialAction\":[{\"@type\":\"ReadAction\",\"target\":[\"https:\\\/\\\/naturalpoland.com\\\/cs\\\/produkty\\\/produkty-pro-kosmeticky-prumysl\\\/kyseliny\\\/acid-coyote\\\/\"]}]},{\"@type\":\"ImageObject\",\"inLanguage\":\"cs\",\"@id\":\"https:\\\/\\\/naturalpoland.com\\\/cs\\\/produkty\\\/produkty-pro-kosmeticky-prumysl\\\/kyseliny\\\/acid-coyote\\\/#primaryimage\",\"url\":\"https:\\\/\\\/naturalpoland.com\\\/wp-content\\\/uploads\\\/kwas-kojowy.webp\",\"contentUrl\":\"https:\\\/\\\/naturalpoland.com\\\/wp-content\\\/uploads\\\/kwas-kojowy.webp\",\"width\":615,\"height\":615,\"caption\":\"kwas kojowy\"},{\"@type\":\"BreadcrumbList\",\"@id\":\"https:\\\/\\\/naturalpoland.com\\\/cs\\\/produkty\\\/produkty-pro-kosmeticky-prumysl\\\/kyseliny\\\/acid-coyote\\\/#breadcrumb\",\"itemListElement\":[{\"@type\":\"ListItem\",\"position\":1,\"name\":\"Dom\u016f\",\"item\":\"https:\\\/\\\/naturalpoland.com\\\/cs\\\/\"},{\"@type\":\"ListItem\",\"position\":2,\"name\":\"Produkty\",\"item\":\"https:\\\/\\\/naturalpoland.com\\\/cs\\\/produkty\\\/\"},{\"@type\":\"ListItem\",\"position\":3,\"name\":\"Kyselina kojov\u00e1\"}]},{\"@type\":\"WebSite\",\"@id\":\"https:\\\/\\\/naturalpoland.com\\\/cs\\\/#website\",\"url\":\"https:\\\/\\\/naturalpoland.com\\\/cs\\\/\",\"name\":\"NATURAL POLAND - Velkoobchodn\u00ed distributor surovin\",\"description\":\"Surowce dla przemys\u0142u spo\u017cywczego, kosmetycznego i farmaceutycznego\",\"publisher\":{\"@id\":\"https:\\\/\\\/naturalpoland.com\\\/cs\\\/#organization\"},\"potentialAction\":[{\"@type\":\"SearchAction\",\"target\":{\"@type\":\"EntryPoint\",\"urlTemplate\":\"https:\\\/\\\/naturalpoland.com\\\/cs\\\/?s={search_term_string}\"},\"query-input\":{\"@type\":\"PropertyValueSpecification\",\"valueRequired\":true,\"valueName\":\"search_term_string\"}}],\"inLanguage\":\"cs\"},{\"@type\":\"Organization\",\"@id\":\"https:\\\/\\\/naturalpoland.com\\\/cs\\\/#organization\",\"name\":\"Natural Poland\",\"url\":\"https:\\\/\\\/naturalpoland.com\\\/cs\\\/\",\"logo\":{\"@type\":\"ImageObject\",\"inLanguage\":\"cs\",\"@id\":\"https:\\\/\\\/naturalpoland.com\\\/cs\\\/#\\\/schema\\\/logo\\\/image\\\/\",\"url\":\"https:\\\/\\\/naturalpoland.com\\\/wp-content\\\/uploads\\\/2021\\\/05\\\/natural-poland-icon.png\",\"contentUrl\":\"https:\\\/\\\/naturalpoland.com\\\/wp-content\\\/uploads\\\/2021\\\/05\\\/natural-poland-icon.png\",\"width\":512,\"height\":512,\"caption\":\"Natural Poland\"},\"image\":{\"@id\":\"https:\\\/\\\/naturalpoland.com\\\/cs\\\/#\\\/schema\\\/logo\\\/image\\\/\"},\"sameAs\":[\"https:\\\/\\\/www.facebook.com\\\/naturalpoland.b2b\",\"https:\\\/\\\/pl.linkedin.com\\\/company\\\/natural-poland\",\"https:\\\/\\\/www.youtube.com\\\/channel\\\/UCgeGGkvOMahZo-xu_MSEWxg\"]}]}<\/script>\n<!-- \/ Yoast SEO plugin. -->","yoast_head_json":{"title":"Kyselina kojov\u00e1 - NATURAL POLAND - Velkoobchodn\u00ed distributor surovin","description":"Kyselina kojov\u00e1 je cen\u011bnou slo\u017ekou v kosmetice, zejm\u00e9na v souvislosti s rozjas\u0148ov\u00e1n\u00edm pleti a redukc\u00ed hyperpigmentace.","robots":{"index":"index","follow":"follow","max-snippet":"max-snippet:-1","max-image-preview":"max-image-preview:large","max-video-preview":"max-video-preview:-1"},"canonical":"https:\/\/naturalpoland.com\/cs\/produkty\/produkty-pro-kosmeticky-prumysl\/kyseliny\/acid-coyote\/","og_locale":"cs_CZ","og_type":"article","og_title":"Kyselina kojov\u00e1 - NATURAL POLAND - Velkoobchodn\u00ed distributor surovin","og_description":"Kyselina kojov\u00e1 je cen\u011bnou slo\u017ekou v kosmetice, zejm\u00e9na v souvislosti s rozjas\u0148ov\u00e1n\u00edm pleti a redukc\u00ed hyperpigmentace.","og_url":"https:\/\/naturalpoland.com\/cs\/produkty\/produkty-pro-kosmeticky-prumysl\/kyseliny\/acid-coyote\/","og_site_name":"NATURAL POLAND - Velkoobchodn\u00ed distributor surovin","article_publisher":"https:\/\/www.facebook.com\/naturalpoland.b2b","og_image":[{"width":615,"height":615,"url":"https:\/\/naturalpoland.com\/wp-content\/uploads\/kwas-kojowy.webp","type":"image\/webp"}],"schema":{"@context":"https:\/\/schema.org","@graph":[{"@type":"WebPage","@id":"https:\/\/naturalpoland.com\/cs\/produkty\/produkty-pro-kosmeticky-prumysl\/kyseliny\/acid-coyote\/","url":"https:\/\/naturalpoland.com\/cs\/produkty\/produkty-pro-kosmeticky-prumysl\/kyseliny\/acid-coyote\/","name":"Kyselina kojov\u00e1 - NATURAL POLAND - Velkoobchodn\u00ed distributor surovin","isPartOf":{"@id":"https:\/\/naturalpoland.com\/cs\/#website"},"primaryImageOfPage":{"@id":"https:\/\/naturalpoland.com\/cs\/produkty\/produkty-pro-kosmeticky-prumysl\/kyseliny\/acid-coyote\/#primaryimage"},"image":{"@id":"https:\/\/naturalpoland.com\/cs\/produkty\/produkty-pro-kosmeticky-prumysl\/kyseliny\/acid-coyote\/#primaryimage"},"thumbnailUrl":"https:\/\/naturalpoland.com\/wp-content\/uploads\/kwas-kojowy.webp","datePublished":"2024-09-10T11:11:44+00:00","description":"Kyselina kojov\u00e1 je cen\u011bnou slo\u017ekou v kosmetice, zejm\u00e9na v souvislosti s rozjas\u0148ov\u00e1n\u00edm pleti a redukc\u00ed hyperpigmentace.","breadcrumb":{"@id":"https:\/\/naturalpoland.com\/cs\/produkty\/produkty-pro-kosmeticky-prumysl\/kyseliny\/acid-coyote\/#breadcrumb"},"inLanguage":"cs","potentialAction":[{"@type":"ReadAction","target":["https:\/\/naturalpoland.com\/cs\/produkty\/produkty-pro-kosmeticky-prumysl\/kyseliny\/acid-coyote\/"]}]},{"@type":"ImageObject","inLanguage":"cs","@id":"https:\/\/naturalpoland.com\/cs\/produkty\/produkty-pro-kosmeticky-prumysl\/kyseliny\/acid-coyote\/#primaryimage","url":"https:\/\/naturalpoland.com\/wp-content\/uploads\/kwas-kojowy.webp","contentUrl":"https:\/\/naturalpoland.com\/wp-content\/uploads\/kwas-kojowy.webp","width":615,"height":615,"caption":"kwas kojowy"},{"@type":"BreadcrumbList","@id":"https:\/\/naturalpoland.com\/cs\/produkty\/produkty-pro-kosmeticky-prumysl\/kyseliny\/acid-coyote\/#breadcrumb","itemListElement":[{"@type":"ListItem","position":1,"name":"Dom\u016f","item":"https:\/\/naturalpoland.com\/cs\/"},{"@type":"ListItem","position":2,"name":"Produkty","item":"https:\/\/naturalpoland.com\/cs\/produkty\/"},{"@type":"ListItem","position":3,"name":"Kyselina kojov\u00e1"}]},{"@type":"WebSite","@id":"https:\/\/naturalpoland.com\/cs\/#website","url":"https:\/\/naturalpoland.com\/cs\/","name":"NATURAL POLAND - Velkoobchodn\u00ed distributor surovin","description":"Surowce dla przemys\u0142u spo\u017cywczego, kosmetycznego i farmaceutycznego","publisher":{"@id":"https:\/\/naturalpoland.com\/cs\/#organization"},"potentialAction":[{"@type":"SearchAction","target":{"@type":"EntryPoint","urlTemplate":"https:\/\/naturalpoland.com\/cs\/?s={search_term_string}"},"query-input":{"@type":"PropertyValueSpecification","valueRequired":true,"valueName":"search_term_string"}}],"inLanguage":"cs"},{"@type":"Organization","@id":"https:\/\/naturalpoland.com\/cs\/#organization","name":"Natural Poland","url":"https:\/\/naturalpoland.com\/cs\/","logo":{"@type":"ImageObject","inLanguage":"cs","@id":"https:\/\/naturalpoland.com\/cs\/#\/schema\/logo\/image\/","url":"https:\/\/naturalpoland.com\/wp-content\/uploads\/2021\/05\/natural-poland-icon.png","contentUrl":"https:\/\/naturalpoland.com\/wp-content\/uploads\/2021\/05\/natural-poland-icon.png","width":512,"height":512,"caption":"Natural Poland"},"image":{"@id":"https:\/\/naturalpoland.com\/cs\/#\/schema\/logo\/image\/"},"sameAs":["https:\/\/www.facebook.com\/naturalpoland.b2b","https:\/\/pl.linkedin.com\/company\/natural-poland","https:\/\/www.youtube.com\/channel\/UCgeGGkvOMahZo-xu_MSEWxg"]}]}},"_links":{"self":[{"href":"https:\/\/naturalpoland.com\/cs\/wp-json\/wp\/v2\/product\/35360","targetHints":{"allow":["GET"]}}],"collection":[{"href":"https:\/\/naturalpoland.com\/cs\/wp-json\/wp\/v2\/product"}],"about":[{"href":"https:\/\/naturalpoland.com\/cs\/wp-json\/wp\/v2\/types\/product"}],"wp:featuredmedia":[{"embeddable":true,"href":"https:\/\/naturalpoland.com\/cs\/wp-json\/wp\/v2\/media\/35321"}],"wp:attachment":[{"href":"https:\/\/naturalpoland.com\/cs\/wp-json\/wp\/v2\/media?parent=35360"}],"wp:term":[{"taxonomy":"product_brand","embeddable":true,"href":"https:\/\/naturalpoland.com\/cs\/wp-json\/wp\/v2\/product_brand?post=35360"},{"taxonomy":"product_cat","embeddable":true,"href":"https:\/\/naturalpoland.com\/cs\/wp-json\/wp\/v2\/product_cat?post=35360"},{"taxonomy":"product_tag","embeddable":true,"href":"https:\/\/naturalpoland.com\/cs\/wp-json\/wp\/v2\/product_tag?post=35360"}],"curies":[{"name":"wp","href":"https:\/\/api.w.org\/{rel}","templated":true}]}}