{"id":35370,"date":"2024-09-09T16:09:46","date_gmt":"2024-09-10T11:12:52","guid":{"rendered":"https:\/\/naturalpoland.com\/produkty\/neza\u0159azen\u00e9\/kyselina-pyrohroznova\/"},"modified":"2024-09-10T13:12:52","modified_gmt":"2024-09-10T11:12:52","slug":"kyselina-pyrohroznova","status":"publish","type":"product","link":"https:\/\/naturalpoland.com\/cs\/produkty\/produkty-pro-kosmeticky-prumysl\/kyseliny\/kyselina-pyrohroznova\/","title":{"rendered":"Kyselina pyrohroznov\u00e1"},"content":{"rendered":"<p>Kyselina pyrohroznov\u00e1 se p\u0159irozen\u011b vyskytuje v mnoha potravin\u00e1ch, jako jsou jablka, med a ocet, a tak\u00e9 v kva\u0161en\u00e9m ovoci, tmav\u00e9m v\u00edn\u011b a pivu.<br \/>\nV \u017eiv\u00fdch organismech je kyselina pyrohroznov\u00e1 kl\u00ed\u010dov\u00fdm metabolitem v procesu glykol\u00fdzy &#8211; p\u0159em\u011bny gluk\u00f3zy na energii &#8211; a p\u0159edstavuje mezikrok p\u0159i alkoholov\u00e9m kva\u0161en\u00ed sacharid\u016f.   <\/p>\n<h2>Vlastnosti kyseliny pyrohroznov\u00e9<\/h2>\n<p>  Kyselina pyrohroznov\u00e1 se vyzna\u010duje malou velikost\u00ed \u010d\u00e1stic, kter\u00e1 j\u00ed umo\u017e\u0148uje proniknout hluboko do poko\u017eky.<br \/>\nM\u00e1 karboxylovou i karbonylovou skupinu, d\u00edky \u010demu\u017e je \u00fa\u010dinn\u011bj\u0161\u00ed ne\u017e jin\u00e9 kyseliny, nap\u0159\u00edklad kyselina ml\u00e9\u010dn\u00e1.<br \/>\nV koncentrac\u00edch nad 50 % je schopna rychle a hluboko proniknout do poko\u017eky, exfoliovat a stimulovat ko\u017en\u00ed bu\u0148ky.    <strong>\u00da\u010dinek kyseliny pyrohroznov\u00e9:<\/strong><\/p>\n<ul>\n<li>m\u00e1 siln\u00e9 exfolia\u010dn\u00ed \u00fa\u010dinky &#8211; odlupuje odum\u0159el\u00e9 ko\u017en\u00ed bu\u0148ky,<\/li>\n<li>m\u00e1 seboregula\u010dn\u00ed \u00fa\u010dinek, sni\u017euje mazovou sekreci,<\/li>\n<li>m\u00e1 schopnost stimulovat fibroblasty &#8211; podporuje tvorbu kolagenu a elastinu,<\/li>\n<li>m\u00e1 antibakteri\u00e1ln\u00ed a protiz\u00e1n\u011btliv\u00fd \u00fa\u010dinek,<\/li>\n<li>m\u00e1 rozjas\u0148uj\u00edc\u00ed \u00fa\u010dinky,<\/li>\n<li>je p\u0159irozen\u00fdm inhibitorem enzym\u016f zodpov\u011bdn\u00fdch za z\u00e1n\u011bt, jako je cyklooxygen\u00e1za (COX) a lipoxygen\u00e1za (LOX) &#8211; sni\u017euje synt\u00e9zu z\u00e1n\u011btliv\u00fdch medi\u00e1tor\u016f, jako jsou prostaglandiny a leukotrieny, \u010d\u00edm\u017e sni\u017euje z\u00e1n\u011bt a podr\u00e1\u017ed\u011bn\u00ed,<\/li>\n<li>m\u00e1 antioxida\u010dn\u00ed \u00fa\u010dinky.<\/li>\n<\/ul>\n<h2>Aplikace<\/h2>\n<p>  Kyselina pyrohroznov\u00e1 se v dermatologii pou\u017e\u00edv\u00e1 k l\u00e9\u010db\u011b akn\u00e9, zejm\u00e9na u lid\u00ed s mastnou plet\u00ed a plet\u00ed n\u00e1chylnou k tvorb\u011b \u010dern\u00fdch te\u010dek.<br \/>\nPeelingy s kyselinou pyrohroznovou lze tak\u00e9 pou\u017e\u00edt k redukci povrchov\u00fdch jizev po akn\u00e9 a vr\u00e1sek.<br \/>\nKyselina se pou\u017e\u00edv\u00e1 tak\u00e9 p\u0159i o\u0161et\u0159en\u00ed proti st\u00e1rnut\u00ed.<br \/>\nVzhledem k jej\u00edmu intenzivn\u00edmu p\u016fsoben\u00ed mus\u00ed pou\u017eit\u00ed kyseliny pyrohroznov\u00e9 ve vysok\u00fdch koncentrac\u00edch (nad 50 %) prov\u00e1d\u011bt pouze kvalifikovan\u00ed odborn\u00edci.<br \/>\nV p\u0159\u00edpad\u011b ni\u017e\u0161\u00edch koncentrac\u00ed lze kyselinu pou\u017e\u00edvat doma, ale v\u017edy pod dohledem odborn\u00edka.    <\/p>\n","protected":false},"excerpt":{"rendered":"<p>Kyselina pyrohroznov\u00e1 (CAS: 127-17-3) je organick\u00e1 chemick\u00e1 slou\u010denina pat\u0159\u00edc\u00ed do skupiny alfa-ketokyselin.<\/p>\n","protected":false},"featured_media":35256,"template":"","meta":{"_acf_changed":false},"product_brand":[],"product_cat":[5448],"product_tag":[],"class_list":{"0":"post-35370","1":"product","2":"type-product","3":"status-publish","4":"has-post-thumbnail","6":"product_cat-kyseliny","8":"first","9":"instock","10":"shipping-taxable","11":"product-type-simple"},"acf":[],"yoast_head":"<!-- This site is optimized with the Yoast SEO plugin v27.4 - https:\/\/yoast.com\/product\/yoast-seo-wordpress\/ -->\n<title>Kyselina pyrohroznov\u00e1 - NATURAL POLAND - Velkoobchodn\u00ed distributor surovin<\/title>\n<meta name=\"description\" content=\"Kyselina pyrohroznov\u00e1 je univerz\u00e1ln\u00ed \u00fa\u010dinn\u00e1 l\u00e1tka, kter\u00e1 se pou\u017e\u00edv\u00e1 v mnoha dermatologick\u00fdch a kosmetick\u00fdch postupech.\" \/>\n<meta name=\"robots\" content=\"index, follow, max-snippet:-1, max-image-preview:large, max-video-preview:-1\" \/>\n<link rel=\"canonical\" href=\"https:\/\/naturalpoland.com\/cs\/produkty\/produkty-pro-kosmeticky-prumysl\/kyseliny\/kyselina-pyrohroznova\/\" \/>\n<meta property=\"og:locale\" content=\"cs_CZ\" \/>\n<meta property=\"og:type\" content=\"article\" \/>\n<meta property=\"og:title\" content=\"Kyselina pyrohroznov\u00e1 - NATURAL POLAND - Velkoobchodn\u00ed distributor surovin\" \/>\n<meta property=\"og:description\" content=\"Kyselina pyrohroznov\u00e1 je univerz\u00e1ln\u00ed \u00fa\u010dinn\u00e1 l\u00e1tka, kter\u00e1 se pou\u017e\u00edv\u00e1 v mnoha dermatologick\u00fdch a kosmetick\u00fdch postupech.\" \/>\n<meta property=\"og:url\" content=\"https:\/\/naturalpoland.com\/cs\/produkty\/produkty-pro-kosmeticky-prumysl\/kyseliny\/kyselina-pyrohroznova\/\" \/>\n<meta property=\"og:site_name\" content=\"NATURAL POLAND - Velkoobchodn\u00ed distributor surovin\" \/>\n<meta property=\"article:publisher\" content=\"https:\/\/www.facebook.com\/naturalpoland.b2b\" \/>\n<meta property=\"og:image\" content=\"https:\/\/naturalpoland.com\/wp-content\/uploads\/kwas-pirogronowy.webp\" \/>\n\t<meta property=\"og:image:width\" content=\"615\" \/>\n\t<meta property=\"og:image:height\" content=\"615\" \/>\n\t<meta property=\"og:image:type\" content=\"image\/webp\" \/>\n<script type=\"application\/ld+json\" class=\"yoast-schema-graph\">{\"@context\":\"https:\\\/\\\/schema.org\",\"@graph\":[{\"@type\":\"WebPage\",\"@id\":\"https:\\\/\\\/naturalpoland.com\\\/cs\\\/produkty\\\/produkty-pro-kosmeticky-prumysl\\\/kyseliny\\\/kyselina-pyrohroznova\\\/\",\"url\":\"https:\\\/\\\/naturalpoland.com\\\/cs\\\/produkty\\\/produkty-pro-kosmeticky-prumysl\\\/kyseliny\\\/kyselina-pyrohroznova\\\/\",\"name\":\"Kyselina pyrohroznov\u00e1 - NATURAL POLAND - Velkoobchodn\u00ed distributor surovin\",\"isPartOf\":{\"@id\":\"https:\\\/\\\/naturalpoland.com\\\/cs\\\/#website\"},\"primaryImageOfPage\":{\"@id\":\"https:\\\/\\\/naturalpoland.com\\\/cs\\\/produkty\\\/produkty-pro-kosmeticky-prumysl\\\/kyseliny\\\/kyselina-pyrohroznova\\\/#primaryimage\"},\"image\":{\"@id\":\"https:\\\/\\\/naturalpoland.com\\\/cs\\\/produkty\\\/produkty-pro-kosmeticky-prumysl\\\/kyseliny\\\/kyselina-pyrohroznova\\\/#primaryimage\"},\"thumbnailUrl\":\"https:\\\/\\\/naturalpoland.com\\\/wp-content\\\/uploads\\\/kwas-pirogronowy.webp\",\"datePublished\":\"2024-09-10T11:12:52+00:00\",\"description\":\"Kyselina pyrohroznov\u00e1 je univerz\u00e1ln\u00ed \u00fa\u010dinn\u00e1 l\u00e1tka, kter\u00e1 se pou\u017e\u00edv\u00e1 v mnoha dermatologick\u00fdch a kosmetick\u00fdch postupech.\",\"breadcrumb\":{\"@id\":\"https:\\\/\\\/naturalpoland.com\\\/cs\\\/produkty\\\/produkty-pro-kosmeticky-prumysl\\\/kyseliny\\\/kyselina-pyrohroznova\\\/#breadcrumb\"},\"inLanguage\":\"cs\",\"potentialAction\":[{\"@type\":\"ReadAction\",\"target\":[\"https:\\\/\\\/naturalpoland.com\\\/cs\\\/produkty\\\/produkty-pro-kosmeticky-prumysl\\\/kyseliny\\\/kyselina-pyrohroznova\\\/\"]}]},{\"@type\":\"ImageObject\",\"inLanguage\":\"cs\",\"@id\":\"https:\\\/\\\/naturalpoland.com\\\/cs\\\/produkty\\\/produkty-pro-kosmeticky-prumysl\\\/kyseliny\\\/kyselina-pyrohroznova\\\/#primaryimage\",\"url\":\"https:\\\/\\\/naturalpoland.com\\\/wp-content\\\/uploads\\\/kwas-pirogronowy.webp\",\"contentUrl\":\"https:\\\/\\\/naturalpoland.com\\\/wp-content\\\/uploads\\\/kwas-pirogronowy.webp\",\"width\":615,\"height\":615,\"caption\":\"kwas pirogronowy\"},{\"@type\":\"BreadcrumbList\",\"@id\":\"https:\\\/\\\/naturalpoland.com\\\/cs\\\/produkty\\\/produkty-pro-kosmeticky-prumysl\\\/kyseliny\\\/kyselina-pyrohroznova\\\/#breadcrumb\",\"itemListElement\":[{\"@type\":\"ListItem\",\"position\":1,\"name\":\"Dom\u016f\",\"item\":\"https:\\\/\\\/naturalpoland.com\\\/cs\\\/\"},{\"@type\":\"ListItem\",\"position\":2,\"name\":\"Produkty\",\"item\":\"https:\\\/\\\/naturalpoland.com\\\/cs\\\/produkty\\\/\"},{\"@type\":\"ListItem\",\"position\":3,\"name\":\"Kyselina pyrohroznov\u00e1\"}]},{\"@type\":\"WebSite\",\"@id\":\"https:\\\/\\\/naturalpoland.com\\\/cs\\\/#website\",\"url\":\"https:\\\/\\\/naturalpoland.com\\\/cs\\\/\",\"name\":\"NATURAL POLAND - Velkoobchodn\u00ed distributor surovin\",\"description\":\"Surowce dla przemys\u0142u spo\u017cywczego, kosmetycznego i farmaceutycznego\",\"publisher\":{\"@id\":\"https:\\\/\\\/naturalpoland.com\\\/cs\\\/#organization\"},\"potentialAction\":[{\"@type\":\"SearchAction\",\"target\":{\"@type\":\"EntryPoint\",\"urlTemplate\":\"https:\\\/\\\/naturalpoland.com\\\/cs\\\/?s={search_term_string}\"},\"query-input\":{\"@type\":\"PropertyValueSpecification\",\"valueRequired\":true,\"valueName\":\"search_term_string\"}}],\"inLanguage\":\"cs\"},{\"@type\":\"Organization\",\"@id\":\"https:\\\/\\\/naturalpoland.com\\\/cs\\\/#organization\",\"name\":\"Natural Poland\",\"url\":\"https:\\\/\\\/naturalpoland.com\\\/cs\\\/\",\"logo\":{\"@type\":\"ImageObject\",\"inLanguage\":\"cs\",\"@id\":\"https:\\\/\\\/naturalpoland.com\\\/cs\\\/#\\\/schema\\\/logo\\\/image\\\/\",\"url\":\"https:\\\/\\\/naturalpoland.com\\\/wp-content\\\/uploads\\\/2021\\\/05\\\/natural-poland-icon.png\",\"contentUrl\":\"https:\\\/\\\/naturalpoland.com\\\/wp-content\\\/uploads\\\/2021\\\/05\\\/natural-poland-icon.png\",\"width\":512,\"height\":512,\"caption\":\"Natural Poland\"},\"image\":{\"@id\":\"https:\\\/\\\/naturalpoland.com\\\/cs\\\/#\\\/schema\\\/logo\\\/image\\\/\"},\"sameAs\":[\"https:\\\/\\\/www.facebook.com\\\/naturalpoland.b2b\",\"https:\\\/\\\/pl.linkedin.com\\\/company\\\/natural-poland\",\"https:\\\/\\\/www.youtube.com\\\/channel\\\/UCgeGGkvOMahZo-xu_MSEWxg\"]}]}<\/script>\n<!-- \/ Yoast SEO plugin. -->","yoast_head_json":{"title":"Kyselina pyrohroznov\u00e1 - NATURAL POLAND - Velkoobchodn\u00ed distributor surovin","description":"Kyselina pyrohroznov\u00e1 je univerz\u00e1ln\u00ed \u00fa\u010dinn\u00e1 l\u00e1tka, kter\u00e1 se pou\u017e\u00edv\u00e1 v mnoha dermatologick\u00fdch a kosmetick\u00fdch postupech.","robots":{"index":"index","follow":"follow","max-snippet":"max-snippet:-1","max-image-preview":"max-image-preview:large","max-video-preview":"max-video-preview:-1"},"canonical":"https:\/\/naturalpoland.com\/cs\/produkty\/produkty-pro-kosmeticky-prumysl\/kyseliny\/kyselina-pyrohroznova\/","og_locale":"cs_CZ","og_type":"article","og_title":"Kyselina pyrohroznov\u00e1 - NATURAL POLAND - Velkoobchodn\u00ed distributor surovin","og_description":"Kyselina pyrohroznov\u00e1 je univerz\u00e1ln\u00ed \u00fa\u010dinn\u00e1 l\u00e1tka, kter\u00e1 se pou\u017e\u00edv\u00e1 v mnoha dermatologick\u00fdch a kosmetick\u00fdch postupech.","og_url":"https:\/\/naturalpoland.com\/cs\/produkty\/produkty-pro-kosmeticky-prumysl\/kyseliny\/kyselina-pyrohroznova\/","og_site_name":"NATURAL POLAND - Velkoobchodn\u00ed distributor surovin","article_publisher":"https:\/\/www.facebook.com\/naturalpoland.b2b","og_image":[{"width":615,"height":615,"url":"https:\/\/naturalpoland.com\/wp-content\/uploads\/kwas-pirogronowy.webp","type":"image\/webp"}],"schema":{"@context":"https:\/\/schema.org","@graph":[{"@type":"WebPage","@id":"https:\/\/naturalpoland.com\/cs\/produkty\/produkty-pro-kosmeticky-prumysl\/kyseliny\/kyselina-pyrohroznova\/","url":"https:\/\/naturalpoland.com\/cs\/produkty\/produkty-pro-kosmeticky-prumysl\/kyseliny\/kyselina-pyrohroznova\/","name":"Kyselina pyrohroznov\u00e1 - NATURAL POLAND - Velkoobchodn\u00ed distributor surovin","isPartOf":{"@id":"https:\/\/naturalpoland.com\/cs\/#website"},"primaryImageOfPage":{"@id":"https:\/\/naturalpoland.com\/cs\/produkty\/produkty-pro-kosmeticky-prumysl\/kyseliny\/kyselina-pyrohroznova\/#primaryimage"},"image":{"@id":"https:\/\/naturalpoland.com\/cs\/produkty\/produkty-pro-kosmeticky-prumysl\/kyseliny\/kyselina-pyrohroznova\/#primaryimage"},"thumbnailUrl":"https:\/\/naturalpoland.com\/wp-content\/uploads\/kwas-pirogronowy.webp","datePublished":"2024-09-10T11:12:52+00:00","description":"Kyselina pyrohroznov\u00e1 je univerz\u00e1ln\u00ed \u00fa\u010dinn\u00e1 l\u00e1tka, kter\u00e1 se pou\u017e\u00edv\u00e1 v mnoha dermatologick\u00fdch a kosmetick\u00fdch postupech.","breadcrumb":{"@id":"https:\/\/naturalpoland.com\/cs\/produkty\/produkty-pro-kosmeticky-prumysl\/kyseliny\/kyselina-pyrohroznova\/#breadcrumb"},"inLanguage":"cs","potentialAction":[{"@type":"ReadAction","target":["https:\/\/naturalpoland.com\/cs\/produkty\/produkty-pro-kosmeticky-prumysl\/kyseliny\/kyselina-pyrohroznova\/"]}]},{"@type":"ImageObject","inLanguage":"cs","@id":"https:\/\/naturalpoland.com\/cs\/produkty\/produkty-pro-kosmeticky-prumysl\/kyseliny\/kyselina-pyrohroznova\/#primaryimage","url":"https:\/\/naturalpoland.com\/wp-content\/uploads\/kwas-pirogronowy.webp","contentUrl":"https:\/\/naturalpoland.com\/wp-content\/uploads\/kwas-pirogronowy.webp","width":615,"height":615,"caption":"kwas pirogronowy"},{"@type":"BreadcrumbList","@id":"https:\/\/naturalpoland.com\/cs\/produkty\/produkty-pro-kosmeticky-prumysl\/kyseliny\/kyselina-pyrohroznova\/#breadcrumb","itemListElement":[{"@type":"ListItem","position":1,"name":"Dom\u016f","item":"https:\/\/naturalpoland.com\/cs\/"},{"@type":"ListItem","position":2,"name":"Produkty","item":"https:\/\/naturalpoland.com\/cs\/produkty\/"},{"@type":"ListItem","position":3,"name":"Kyselina pyrohroznov\u00e1"}]},{"@type":"WebSite","@id":"https:\/\/naturalpoland.com\/cs\/#website","url":"https:\/\/naturalpoland.com\/cs\/","name":"NATURAL POLAND - Velkoobchodn\u00ed distributor surovin","description":"Surowce dla przemys\u0142u spo\u017cywczego, kosmetycznego i farmaceutycznego","publisher":{"@id":"https:\/\/naturalpoland.com\/cs\/#organization"},"potentialAction":[{"@type":"SearchAction","target":{"@type":"EntryPoint","urlTemplate":"https:\/\/naturalpoland.com\/cs\/?s={search_term_string}"},"query-input":{"@type":"PropertyValueSpecification","valueRequired":true,"valueName":"search_term_string"}}],"inLanguage":"cs"},{"@type":"Organization","@id":"https:\/\/naturalpoland.com\/cs\/#organization","name":"Natural Poland","url":"https:\/\/naturalpoland.com\/cs\/","logo":{"@type":"ImageObject","inLanguage":"cs","@id":"https:\/\/naturalpoland.com\/cs\/#\/schema\/logo\/image\/","url":"https:\/\/naturalpoland.com\/wp-content\/uploads\/2021\/05\/natural-poland-icon.png","contentUrl":"https:\/\/naturalpoland.com\/wp-content\/uploads\/2021\/05\/natural-poland-icon.png","width":512,"height":512,"caption":"Natural Poland"},"image":{"@id":"https:\/\/naturalpoland.com\/cs\/#\/schema\/logo\/image\/"},"sameAs":["https:\/\/www.facebook.com\/naturalpoland.b2b","https:\/\/pl.linkedin.com\/company\/natural-poland","https:\/\/www.youtube.com\/channel\/UCgeGGkvOMahZo-xu_MSEWxg"]}]}},"_links":{"self":[{"href":"https:\/\/naturalpoland.com\/cs\/wp-json\/wp\/v2\/product\/35370","targetHints":{"allow":["GET"]}}],"collection":[{"href":"https:\/\/naturalpoland.com\/cs\/wp-json\/wp\/v2\/product"}],"about":[{"href":"https:\/\/naturalpoland.com\/cs\/wp-json\/wp\/v2\/types\/product"}],"wp:featuredmedia":[{"embeddable":true,"href":"https:\/\/naturalpoland.com\/cs\/wp-json\/wp\/v2\/media\/35256"}],"wp:attachment":[{"href":"https:\/\/naturalpoland.com\/cs\/wp-json\/wp\/v2\/media?parent=35370"}],"wp:term":[{"taxonomy":"product_brand","embeddable":true,"href":"https:\/\/naturalpoland.com\/cs\/wp-json\/wp\/v2\/product_brand?post=35370"},{"taxonomy":"product_cat","embeddable":true,"href":"https:\/\/naturalpoland.com\/cs\/wp-json\/wp\/v2\/product_cat?post=35370"},{"taxonomy":"product_tag","embeddable":true,"href":"https:\/\/naturalpoland.com\/cs\/wp-json\/wp\/v2\/product_tag?post=35370"}],"curies":[{"name":"wp","href":"https:\/\/api.w.org\/{rel}","templated":true}]}}