{"id":35381,"date":"2024-09-10T11:38:47","date_gmt":"2024-09-10T11:13:08","guid":{"rendered":"https:\/\/naturalpoland.com\/produkty\/neza\u0159azen\u00e9\/kyselina-mandlova\/"},"modified":"2024-09-10T13:13:50","modified_gmt":"2024-09-10T11:13:50","slug":"kyselina-mandlova","status":"publish","type":"product","link":"https:\/\/naturalpoland.com\/cs\/produkty\/produkty-pro-kosmeticky-prumysl\/kyseliny\/kyselina-mandlova\/","title":{"rendered":"Kyselina mandlov\u00e1"},"content":{"rendered":"<h2>Vlastnosti a \u00fa\u010dinky kyseliny mandlov\u00e9:<\/h2>\n<p><strong>Redukce zabarven\u00ed<\/strong> &#8211; kyselina mandlov\u00e1 zesv\u011btluje r\u016fzn\u00e9 typy zabarven\u00ed, nap\u0159. zp\u016fsoben\u00e9 sluncem (slune\u010dn\u00ed skvrny), hormon\u00e1ln\u00edmi zm\u011bnami, akn\u00e9, procesy st\u00e1rnut\u00ed.<br \/>\nJej\u00ed zesv\u011btluj\u00edc\u00ed \u00fa\u010dinek je zalo\u017een na inhibici aktivity tyrozin\u00e1zy, co\u017e je kl\u00ed\u010dov\u00fd enzym p\u0159i tvorb\u011b melaninu (melanogeneze). <strong>Vyhlazuj\u00edc\u00ed \u00fa\u010dinek<\/strong> &#8211; kyselina mandlov\u00e1 m\u00e1 schopnost stimulovat synt\u00e9zu glykosaminoglykan\u016f (GAG) a podporovat tvorbu kolagenu a elastinu.<br \/>\nTo m\u00e1 za n\u00e1sledek vyhlazen\u00ed poko\u017eky a sn\u00ed\u017een\u00ed v\u00fdskytu vr\u00e1sek. <strong>Exfoliace poko\u017eky<\/strong> &#8211; kyselina mandlov\u00e1 pat\u0159\u00ed do skupiny AHA, tak\u017ee m\u00e1 keratolytick\u00fd \u00fa\u010dinek &#8211; odlupuje odum\u0159el\u00e9 epiderm\u00e1ln\u00ed bu\u0148ky, uvol\u0148uje vazby mezi nimi a mezibun\u011b\u010dn\u00fd cement.<br \/>\nTento proces podporuje obnovu bun\u011bk, odblokov\u00e1v\u00e1 v\u00fdvody mazov\u00fdch \u017el\u00e1z, a t\u00edm zabra\u0148uje tvorb\u011b \u010dern\u00fdch te\u010dek a z\u00e1n\u011bt\u016f.<br \/>\nD\u00edky sv\u00fdm velk\u00fdm molekul\u00e1m pronik\u00e1 do poko\u017eky postupn\u011b a p\u016fsob\u00ed jemn\u011bji ne\u017e jin\u00e9 AHA kyseliny, tak\u017ee dob\u0159e funguje i na citlivou ple\u0165. Vyrovn\u00e1n\u00ed <strong>t\u00f3nu pleti<\/strong> &#8211; jemn\u00e1 exfoliace epidermis vede k odstran\u011bn\u00ed odum\u0159el\u00fdch bun\u011bk, kter\u00e9 mohou zp\u016fsobit nerovnom\u011brn\u00fd t\u00f3n pleti.<br \/>\nPravideln\u00e9 pou\u017e\u00edv\u00e1n\u00ed kyseliny mandlov\u00e9 vyrovn\u00e1v\u00e1 t\u00f3n pleti v p\u0159\u00edpadech poz\u00e1n\u011btliv\u00e9 hyperpigmentace, pih a chloasmy.       <\/p>\n<h2>Aplikace<\/h2>\n<p>  V\u00fdrobky s kyselinou mandlovou se doporu\u010duj\u00ed zejm\u00e9na pro problematickou ple\u0165, mastnou, sm\u00ed\u0161enou ple\u0165, ple\u0165 se sklonem k akn\u00e9 a tak\u00e9 pro zralou, suchou a unavenou ple\u0165.<br \/>\nJedn\u00e1 se o m\u00edrnou kyselinu, kterou mohou pou\u017e\u00edvat lid\u00e9 s citlivou a c\u00e9vn\u00ed plet\u00ed i v t\u011bhotenstv\u00ed, pokud koncentrace kyseliny nep\u0159es\u00e1hne 10-15 %.<br \/>\nKyselinu mandlovou se doporu\u010duje aplikovat ve\u010der po d\u016fkladn\u00e9m vy\u010di\u0161t\u011bn\u00ed pleti, a to kv\u016fli jej\u00edm fotosenzibilizuj\u00edc\u00edm vlastnostem.<br \/>\nJe d\u016fle\u017eit\u00e9 nezapom\u00ednat na ochranu poko\u017eky p\u0159ed UV z\u00e1\u0159en\u00edm b\u011bhem dne, a to pomoc\u00ed kr\u00e9m\u016f s vysok\u00fdm obsahem slune\u010dn\u00edho filtru.<br \/>\nKyselina mandlov\u00e1 pat\u0159\u00ed mezi m\u00edrn\u011bj\u0161\u00ed AHA, ale jej\u00ed pou\u017eit\u00ed m\u016f\u017ee u lid\u00ed s citlivou poko\u017ekou nebo p\u0159i nespr\u00e1vn\u00e9m pou\u017eit\u00ed zp\u016fsobit podr\u00e1\u017ed\u011bn\u00ed.    <\/p>\n","protected":false},"excerpt":{"rendered":"<p><strong>Kyselina mandlov\u00e1<\/strong> (CAS: 90-64-2), zn\u00e1m\u00e1 tak\u00e9 jako <em><strong>kyselina mandlov\u00e1<\/strong><\/em>je organick\u00e1 chemick\u00e1 slou\u010denina pat\u0159\u00edc\u00ed do skupiny alfa-hydroxykyselin (AHA).<br \/>\nVyzna\u010duje se strukturou C\u2088H\u2088O\u2083 a v \u010dist\u00e9 form\u011b se vyskytuje ve form\u011b b\u00edl\u00fdch krystalick\u00fdch vlo\u010dek.<br \/>\nKyselina mandlov\u00e1 se p\u0159irozen\u011b z\u00edsk\u00e1v\u00e1 z ho\u0159k\u00fdch mandl\u00ed.  <\/p>\n","protected":false},"featured_media":35269,"template":"","meta":{"_acf_changed":false},"product_brand":[],"product_cat":[5448],"product_tag":[],"class_list":{"0":"post-35381","1":"product","2":"type-product","3":"status-publish","4":"has-post-thumbnail","6":"product_cat-kyseliny","8":"first","9":"instock","10":"shipping-taxable","11":"product-type-simple"},"acf":[],"yoast_head":"<!-- This site is optimized with the Yoast SEO plugin v27.4 - https:\/\/yoast.com\/product\/yoast-seo-wordpress\/ -->\n<title>Kyselina mandlov\u00e1 - NATURAL POLAND - Velkoobchodn\u00ed distributor surovin<\/title>\n<meta name=\"description\" content=\"Kyselina mandlov\u00e1 prok\u00e1zala \u00fa\u010dinnost p\u0159i redukci hyperpigmentace, vyhlazen\u00ed pleti, exfoliaci odum\u0159el\u00e9 k\u016f\u017ee a vyrovn\u00e1n\u00ed t\u00f3nu pleti.\" \/>\n<meta name=\"robots\" content=\"index, follow, max-snippet:-1, max-image-preview:large, max-video-preview:-1\" \/>\n<link rel=\"canonical\" href=\"https:\/\/naturalpoland.com\/cs\/produkty\/produkty-pro-kosmeticky-prumysl\/kyseliny\/kyselina-mandlova\/\" \/>\n<meta property=\"og:locale\" content=\"cs_CZ\" \/>\n<meta property=\"og:type\" content=\"article\" \/>\n<meta property=\"og:title\" content=\"Kyselina mandlov\u00e1 - NATURAL POLAND - Velkoobchodn\u00ed distributor surovin\" \/>\n<meta property=\"og:description\" content=\"Kyselina mandlov\u00e1 prok\u00e1zala \u00fa\u010dinnost p\u0159i redukci hyperpigmentace, vyhlazen\u00ed pleti, exfoliaci odum\u0159el\u00e9 k\u016f\u017ee a vyrovn\u00e1n\u00ed t\u00f3nu pleti.\" \/>\n<meta property=\"og:url\" content=\"https:\/\/naturalpoland.com\/cs\/produkty\/produkty-pro-kosmeticky-prumysl\/kyseliny\/kyselina-mandlova\/\" \/>\n<meta property=\"og:site_name\" content=\"NATURAL POLAND - Velkoobchodn\u00ed distributor surovin\" \/>\n<meta property=\"article:publisher\" content=\"https:\/\/www.facebook.com\/naturalpoland.b2b\" \/>\n<meta property=\"article:modified_time\" content=\"2024-09-10T11:13:50+00:00\" \/>\n<meta property=\"og:image\" content=\"https:\/\/naturalpoland.com\/wp-content\/uploads\/kwas-migdalowy.webp\" \/>\n\t<meta property=\"og:image:width\" content=\"615\" \/>\n\t<meta property=\"og:image:height\" content=\"615\" \/>\n\t<meta property=\"og:image:type\" content=\"image\/webp\" \/>\n<script type=\"application\/ld+json\" class=\"yoast-schema-graph\">{\"@context\":\"https:\\\/\\\/schema.org\",\"@graph\":[{\"@type\":\"WebPage\",\"@id\":\"https:\\\/\\\/naturalpoland.com\\\/cs\\\/produkty\\\/produkty-pro-kosmeticky-prumysl\\\/kyseliny\\\/kyselina-mandlova\\\/\",\"url\":\"https:\\\/\\\/naturalpoland.com\\\/cs\\\/produkty\\\/produkty-pro-kosmeticky-prumysl\\\/kyseliny\\\/kyselina-mandlova\\\/\",\"name\":\"Kyselina mandlov\u00e1 - NATURAL POLAND - Velkoobchodn\u00ed distributor surovin\",\"isPartOf\":{\"@id\":\"https:\\\/\\\/naturalpoland.com\\\/cs\\\/#website\"},\"primaryImageOfPage\":{\"@id\":\"https:\\\/\\\/naturalpoland.com\\\/cs\\\/produkty\\\/produkty-pro-kosmeticky-prumysl\\\/kyseliny\\\/kyselina-mandlova\\\/#primaryimage\"},\"image\":{\"@id\":\"https:\\\/\\\/naturalpoland.com\\\/cs\\\/produkty\\\/produkty-pro-kosmeticky-prumysl\\\/kyseliny\\\/kyselina-mandlova\\\/#primaryimage\"},\"thumbnailUrl\":\"https:\\\/\\\/naturalpoland.com\\\/wp-content\\\/uploads\\\/kwas-migdalowy.webp\",\"datePublished\":\"2024-09-10T11:13:08+00:00\",\"dateModified\":\"2024-09-10T11:13:50+00:00\",\"description\":\"Kyselina mandlov\u00e1 prok\u00e1zala \u00fa\u010dinnost p\u0159i redukci hyperpigmentace, vyhlazen\u00ed pleti, exfoliaci odum\u0159el\u00e9 k\u016f\u017ee a vyrovn\u00e1n\u00ed t\u00f3nu pleti.\",\"breadcrumb\":{\"@id\":\"https:\\\/\\\/naturalpoland.com\\\/cs\\\/produkty\\\/produkty-pro-kosmeticky-prumysl\\\/kyseliny\\\/kyselina-mandlova\\\/#breadcrumb\"},\"inLanguage\":\"cs\",\"potentialAction\":[{\"@type\":\"ReadAction\",\"target\":[\"https:\\\/\\\/naturalpoland.com\\\/cs\\\/produkty\\\/produkty-pro-kosmeticky-prumysl\\\/kyseliny\\\/kyselina-mandlova\\\/\"]}]},{\"@type\":\"ImageObject\",\"inLanguage\":\"cs\",\"@id\":\"https:\\\/\\\/naturalpoland.com\\\/cs\\\/produkty\\\/produkty-pro-kosmeticky-prumysl\\\/kyseliny\\\/kyselina-mandlova\\\/#primaryimage\",\"url\":\"https:\\\/\\\/naturalpoland.com\\\/wp-content\\\/uploads\\\/kwas-migdalowy.webp\",\"contentUrl\":\"https:\\\/\\\/naturalpoland.com\\\/wp-content\\\/uploads\\\/kwas-migdalowy.webp\",\"width\":615,\"height\":615,\"caption\":\"kwas migda\u0142owy\"},{\"@type\":\"BreadcrumbList\",\"@id\":\"https:\\\/\\\/naturalpoland.com\\\/cs\\\/produkty\\\/produkty-pro-kosmeticky-prumysl\\\/kyseliny\\\/kyselina-mandlova\\\/#breadcrumb\",\"itemListElement\":[{\"@type\":\"ListItem\",\"position\":1,\"name\":\"Dom\u016f\",\"item\":\"https:\\\/\\\/naturalpoland.com\\\/cs\\\/\"},{\"@type\":\"ListItem\",\"position\":2,\"name\":\"Produkty\",\"item\":\"https:\\\/\\\/naturalpoland.com\\\/cs\\\/produkty\\\/\"},{\"@type\":\"ListItem\",\"position\":3,\"name\":\"Kyselina mandlov\u00e1\"}]},{\"@type\":\"WebSite\",\"@id\":\"https:\\\/\\\/naturalpoland.com\\\/cs\\\/#website\",\"url\":\"https:\\\/\\\/naturalpoland.com\\\/cs\\\/\",\"name\":\"NATURAL POLAND - Velkoobchodn\u00ed distributor surovin\",\"description\":\"Surowce dla przemys\u0142u spo\u017cywczego, kosmetycznego i farmaceutycznego\",\"publisher\":{\"@id\":\"https:\\\/\\\/naturalpoland.com\\\/cs\\\/#organization\"},\"potentialAction\":[{\"@type\":\"SearchAction\",\"target\":{\"@type\":\"EntryPoint\",\"urlTemplate\":\"https:\\\/\\\/naturalpoland.com\\\/cs\\\/?s={search_term_string}\"},\"query-input\":{\"@type\":\"PropertyValueSpecification\",\"valueRequired\":true,\"valueName\":\"search_term_string\"}}],\"inLanguage\":\"cs\"},{\"@type\":\"Organization\",\"@id\":\"https:\\\/\\\/naturalpoland.com\\\/cs\\\/#organization\",\"name\":\"Natural Poland\",\"url\":\"https:\\\/\\\/naturalpoland.com\\\/cs\\\/\",\"logo\":{\"@type\":\"ImageObject\",\"inLanguage\":\"cs\",\"@id\":\"https:\\\/\\\/naturalpoland.com\\\/cs\\\/#\\\/schema\\\/logo\\\/image\\\/\",\"url\":\"https:\\\/\\\/naturalpoland.com\\\/wp-content\\\/uploads\\\/2021\\\/05\\\/natural-poland-icon.png\",\"contentUrl\":\"https:\\\/\\\/naturalpoland.com\\\/wp-content\\\/uploads\\\/2021\\\/05\\\/natural-poland-icon.png\",\"width\":512,\"height\":512,\"caption\":\"Natural Poland\"},\"image\":{\"@id\":\"https:\\\/\\\/naturalpoland.com\\\/cs\\\/#\\\/schema\\\/logo\\\/image\\\/\"},\"sameAs\":[\"https:\\\/\\\/www.facebook.com\\\/naturalpoland.b2b\",\"https:\\\/\\\/pl.linkedin.com\\\/company\\\/natural-poland\",\"https:\\\/\\\/www.youtube.com\\\/channel\\\/UCgeGGkvOMahZo-xu_MSEWxg\"]}]}<\/script>\n<!-- \/ Yoast SEO plugin. -->","yoast_head_json":{"title":"Kyselina mandlov\u00e1 - NATURAL POLAND - Velkoobchodn\u00ed distributor surovin","description":"Kyselina mandlov\u00e1 prok\u00e1zala \u00fa\u010dinnost p\u0159i redukci hyperpigmentace, vyhlazen\u00ed pleti, exfoliaci odum\u0159el\u00e9 k\u016f\u017ee a vyrovn\u00e1n\u00ed t\u00f3nu pleti.","robots":{"index":"index","follow":"follow","max-snippet":"max-snippet:-1","max-image-preview":"max-image-preview:large","max-video-preview":"max-video-preview:-1"},"canonical":"https:\/\/naturalpoland.com\/cs\/produkty\/produkty-pro-kosmeticky-prumysl\/kyseliny\/kyselina-mandlova\/","og_locale":"cs_CZ","og_type":"article","og_title":"Kyselina mandlov\u00e1 - NATURAL POLAND - Velkoobchodn\u00ed distributor surovin","og_description":"Kyselina mandlov\u00e1 prok\u00e1zala \u00fa\u010dinnost p\u0159i redukci hyperpigmentace, vyhlazen\u00ed pleti, exfoliaci odum\u0159el\u00e9 k\u016f\u017ee a vyrovn\u00e1n\u00ed t\u00f3nu pleti.","og_url":"https:\/\/naturalpoland.com\/cs\/produkty\/produkty-pro-kosmeticky-prumysl\/kyseliny\/kyselina-mandlova\/","og_site_name":"NATURAL POLAND - Velkoobchodn\u00ed distributor surovin","article_publisher":"https:\/\/www.facebook.com\/naturalpoland.b2b","article_modified_time":"2024-09-10T11:13:50+00:00","og_image":[{"width":615,"height":615,"url":"https:\/\/naturalpoland.com\/wp-content\/uploads\/kwas-migdalowy.webp","type":"image\/webp"}],"schema":{"@context":"https:\/\/schema.org","@graph":[{"@type":"WebPage","@id":"https:\/\/naturalpoland.com\/cs\/produkty\/produkty-pro-kosmeticky-prumysl\/kyseliny\/kyselina-mandlova\/","url":"https:\/\/naturalpoland.com\/cs\/produkty\/produkty-pro-kosmeticky-prumysl\/kyseliny\/kyselina-mandlova\/","name":"Kyselina mandlov\u00e1 - NATURAL POLAND - Velkoobchodn\u00ed distributor surovin","isPartOf":{"@id":"https:\/\/naturalpoland.com\/cs\/#website"},"primaryImageOfPage":{"@id":"https:\/\/naturalpoland.com\/cs\/produkty\/produkty-pro-kosmeticky-prumysl\/kyseliny\/kyselina-mandlova\/#primaryimage"},"image":{"@id":"https:\/\/naturalpoland.com\/cs\/produkty\/produkty-pro-kosmeticky-prumysl\/kyseliny\/kyselina-mandlova\/#primaryimage"},"thumbnailUrl":"https:\/\/naturalpoland.com\/wp-content\/uploads\/kwas-migdalowy.webp","datePublished":"2024-09-10T11:13:08+00:00","dateModified":"2024-09-10T11:13:50+00:00","description":"Kyselina mandlov\u00e1 prok\u00e1zala \u00fa\u010dinnost p\u0159i redukci hyperpigmentace, vyhlazen\u00ed pleti, exfoliaci odum\u0159el\u00e9 k\u016f\u017ee a vyrovn\u00e1n\u00ed t\u00f3nu pleti.","breadcrumb":{"@id":"https:\/\/naturalpoland.com\/cs\/produkty\/produkty-pro-kosmeticky-prumysl\/kyseliny\/kyselina-mandlova\/#breadcrumb"},"inLanguage":"cs","potentialAction":[{"@type":"ReadAction","target":["https:\/\/naturalpoland.com\/cs\/produkty\/produkty-pro-kosmeticky-prumysl\/kyseliny\/kyselina-mandlova\/"]}]},{"@type":"ImageObject","inLanguage":"cs","@id":"https:\/\/naturalpoland.com\/cs\/produkty\/produkty-pro-kosmeticky-prumysl\/kyseliny\/kyselina-mandlova\/#primaryimage","url":"https:\/\/naturalpoland.com\/wp-content\/uploads\/kwas-migdalowy.webp","contentUrl":"https:\/\/naturalpoland.com\/wp-content\/uploads\/kwas-migdalowy.webp","width":615,"height":615,"caption":"kwas migda\u0142owy"},{"@type":"BreadcrumbList","@id":"https:\/\/naturalpoland.com\/cs\/produkty\/produkty-pro-kosmeticky-prumysl\/kyseliny\/kyselina-mandlova\/#breadcrumb","itemListElement":[{"@type":"ListItem","position":1,"name":"Dom\u016f","item":"https:\/\/naturalpoland.com\/cs\/"},{"@type":"ListItem","position":2,"name":"Produkty","item":"https:\/\/naturalpoland.com\/cs\/produkty\/"},{"@type":"ListItem","position":3,"name":"Kyselina mandlov\u00e1"}]},{"@type":"WebSite","@id":"https:\/\/naturalpoland.com\/cs\/#website","url":"https:\/\/naturalpoland.com\/cs\/","name":"NATURAL POLAND - Velkoobchodn\u00ed distributor surovin","description":"Surowce dla przemys\u0142u spo\u017cywczego, kosmetycznego i farmaceutycznego","publisher":{"@id":"https:\/\/naturalpoland.com\/cs\/#organization"},"potentialAction":[{"@type":"SearchAction","target":{"@type":"EntryPoint","urlTemplate":"https:\/\/naturalpoland.com\/cs\/?s={search_term_string}"},"query-input":{"@type":"PropertyValueSpecification","valueRequired":true,"valueName":"search_term_string"}}],"inLanguage":"cs"},{"@type":"Organization","@id":"https:\/\/naturalpoland.com\/cs\/#organization","name":"Natural Poland","url":"https:\/\/naturalpoland.com\/cs\/","logo":{"@type":"ImageObject","inLanguage":"cs","@id":"https:\/\/naturalpoland.com\/cs\/#\/schema\/logo\/image\/","url":"https:\/\/naturalpoland.com\/wp-content\/uploads\/2021\/05\/natural-poland-icon.png","contentUrl":"https:\/\/naturalpoland.com\/wp-content\/uploads\/2021\/05\/natural-poland-icon.png","width":512,"height":512,"caption":"Natural Poland"},"image":{"@id":"https:\/\/naturalpoland.com\/cs\/#\/schema\/logo\/image\/"},"sameAs":["https:\/\/www.facebook.com\/naturalpoland.b2b","https:\/\/pl.linkedin.com\/company\/natural-poland","https:\/\/www.youtube.com\/channel\/UCgeGGkvOMahZo-xu_MSEWxg"]}]}},"_links":{"self":[{"href":"https:\/\/naturalpoland.com\/cs\/wp-json\/wp\/v2\/product\/35381","targetHints":{"allow":["GET"]}}],"collection":[{"href":"https:\/\/naturalpoland.com\/cs\/wp-json\/wp\/v2\/product"}],"about":[{"href":"https:\/\/naturalpoland.com\/cs\/wp-json\/wp\/v2\/types\/product"}],"wp:featuredmedia":[{"embeddable":true,"href":"https:\/\/naturalpoland.com\/cs\/wp-json\/wp\/v2\/media\/35269"}],"wp:attachment":[{"href":"https:\/\/naturalpoland.com\/cs\/wp-json\/wp\/v2\/media?parent=35381"}],"wp:term":[{"taxonomy":"product_brand","embeddable":true,"href":"https:\/\/naturalpoland.com\/cs\/wp-json\/wp\/v2\/product_brand?post=35381"},{"taxonomy":"product_cat","embeddable":true,"href":"https:\/\/naturalpoland.com\/cs\/wp-json\/wp\/v2\/product_cat?post=35381"},{"taxonomy":"product_tag","embeddable":true,"href":"https:\/\/naturalpoland.com\/cs\/wp-json\/wp\/v2\/product_tag?post=35381"}],"curies":[{"name":"wp","href":"https:\/\/api.w.org\/{rel}","templated":true}]}}