{"id":35393,"date":"2024-09-10T12:10:10","date_gmt":"2024-09-10T11:13:31","guid":{"rendered":"https:\/\/naturalpoland.com\/produkty\/neza\u0159azen\u00e9\/kyselina-sikimova\/"},"modified":"2024-09-10T13:13:31","modified_gmt":"2024-09-10T11:13:31","slug":"kyselina-sikimova","status":"publish","type":"product","link":"https:\/\/naturalpoland.com\/cs\/produkty\/produkty-pro-kosmeticky-prumysl\/kyseliny\/kyselina-sikimova\/","title":{"rendered":"Kyselina \u0161ikimov\u00e1"},"content":{"rendered":"<h2>Vlastnosti a \u00fa\u010dinky kyseliny \u0161ikimov\u00e9<\/h2>\n<p><strong>Vyhlazuj\u00edc\u00ed vlastnosti<\/strong> &#8211; kyselina \u0161ikimov\u00e1 jemn\u011b odlupuje odum\u0159el\u00e9 ko\u017en\u00ed bu\u0148ky, tak\u017ee poko\u017eka je hladk\u00e1, jemn\u00e1 a p\u0159ipraven\u00e1 p\u0159ijmout dal\u0161\u00ed \u00fa\u010dinn\u00e9 l\u00e1tky.<br \/>\n<strong>Zlep\u0161en\u00ed pru\u017enosti pleti<\/strong> &#8211; p\u0159\u00edpravek podporuje synt\u00e9zu kolagenu a elastinu, co\u017e zlep\u0161uje pru\u017enost pleti.<br \/>\nD\u00edky jeho posiluj\u00edc\u00edmu \u00fa\u010dinku vypad\u00e1 ple\u0165 mlad\u0161\u00ed a zdrav\u011bj\u0161\u00ed, s viditeln\u00fdm zlep\u0161en\u00edm kontur obli\u010deje.<br \/>\n<strong>P\u016fsoben\u00ed proti akn\u00e9<\/strong> &#8211; kyselina \u0161ikimov\u00e1 m\u00e1 antibakteri\u00e1ln\u00ed \u00fa\u010dinek, potla\u010duje r\u016fst bakteri\u00ed zodpov\u011bdn\u00fdch za z\u00e1n\u011bty pleti a tak\u00e9 reguluje sekreci ko\u017en\u00edho mazu, \u010d\u00edm\u017e sni\u017euje riziko ucp\u00e1n\u00ed p\u00f3r\u016f.<br \/>\n<strong>Rozjas\u0148uj\u00edc\u00ed \u00fa\u010dinek<\/strong> &#8211; kyselina m\u00e1 schopnost inhibovat aktivitu tyrosin\u00e1zy &#8211; enzymu zodpov\u011bdn\u00e9ho za tvorbu melaninu.      <\/p>\n<h2>Aplikace<\/h2>\n<p>  Kyselina \u0161ikimov\u00e1 je vhodn\u00e1 pro v\u0161echny typy pleti, v\u010detn\u011b citliv\u00e9, mastn\u00e9, sm\u00ed\u0161en\u00e9 a akn\u00f3zn\u00ed.<br \/>\nLze ji pou\u017e\u00edvat jak v ka\u017edodenn\u00ed p\u00e9\u010di o ple\u0165, tak p\u0159i profesion\u00e1ln\u00edch kosmetick\u00fdch o\u0161et\u0159en\u00edch, kter\u00e1 vy\u017eaduj\u00ed vy\u0161\u0161\u00ed koncentrace kyseliny.<br \/>\nPou\u017eit\u00ed kyseliny shikimov\u00e9 z\u00e1vis\u00ed na form\u011b kosmetick\u00e9ho p\u0159\u00edpravku a koncentraci l\u00e1tky.<br \/>\nV\u00fdrobky s ni\u017e\u0161\u00ed koncentrac\u00ed (do 2-5 %) jsou ur\u010deny pro ka\u017edodenn\u00ed pou\u017eit\u00ed, zat\u00edmco vy\u0161\u0161\u00ed koncentrace se doporu\u010duj\u00ed pro profesion\u00e1ln\u00ed kosmetick\u00e1 o\u0161et\u0159en\u00ed.<br \/>\nKyselinu \u0161ikimovou lze pou\u017e\u00edvat r\u00e1no i ve\u010der s t\u00edm, \u017ee b\u011bhem dne je nutn\u00e9 pou\u017e\u00edvat kr\u00e9my s SPF, kter\u00e9 chr\u00e1n\u00ed poko\u017eku p\u0159ed UV z\u00e1\u0159en\u00edm.<br \/>\nMezi kontraindikace pou\u017eit\u00ed kyseliny \u0161ikimov\u00e9 pat\u0159\u00ed.<br \/>\nT\u011bhotenstv\u00ed, kojen\u00ed, aktivn\u00ed ko\u017en\u00ed infekce, sp\u00e1len\u00ed od slunce, l\u00e9\u010dba antibiotiky a ko\u017en\u00ed onemocn\u011bn\u00ed, jako je lup\u00e9nka nebo ekz\u00e9m.      <\/p>\n","protected":false},"excerpt":{"rendered":"<p><strong>Kyselina \u0161ikimov\u00e1<\/strong> (CAS: 138-59-0) je p\u0159\u00edrodn\u00ed chemick\u00e1 slou\u010denina ze skupiny alfa-hydroxykyselin (AHA), z\u00edsk\u00e1van\u00e1 z hv\u011bzdicov\u00e9ho an\u00fdzu (\u0161ikimi).<\/p>\n","protected":false},"featured_media":35282,"template":"","meta":{"_acf_changed":false},"product_brand":[],"product_cat":[5448],"product_tag":[],"class_list":{"0":"post-35393","1":"product","2":"type-product","3":"status-publish","4":"has-post-thumbnail","6":"product_cat-kyseliny","8":"first","9":"instock","10":"shipping-taxable","11":"product-type-simple"},"acf":[],"yoast_head":"<!-- This site is optimized with the Yoast SEO plugin v27.5 - https:\/\/yoast.com\/product\/yoast-seo-wordpress\/ -->\n<title>Kyselina \u0161ikimov\u00e1 - NATURAL POLAND - Velkoobchodn\u00ed distributor surovin<\/title>\n<meta name=\"description\" content=\"Kyselina \u0161ikimov\u00e1 m\u00e1 schopnost vyhlazovat, zpev\u0148ovat, rozjas\u0148ovat a p\u016fsobit proti akn\u00e9.\" \/>\n<meta name=\"robots\" content=\"index, follow, max-snippet:-1, max-image-preview:large, max-video-preview:-1\" \/>\n<link rel=\"canonical\" href=\"https:\/\/naturalpoland.com\/cs\/produkty\/produkty-pro-kosmeticky-prumysl\/kyseliny\/kyselina-sikimova\/\" \/>\n<meta property=\"og:locale\" content=\"cs_CZ\" \/>\n<meta property=\"og:type\" content=\"article\" \/>\n<meta property=\"og:title\" content=\"Kyselina \u0161ikimov\u00e1 - NATURAL POLAND - Velkoobchodn\u00ed distributor surovin\" \/>\n<meta property=\"og:description\" content=\"Kyselina \u0161ikimov\u00e1 m\u00e1 schopnost vyhlazovat, zpev\u0148ovat, rozjas\u0148ovat a p\u016fsobit proti akn\u00e9.\" \/>\n<meta property=\"og:url\" content=\"https:\/\/naturalpoland.com\/cs\/produkty\/produkty-pro-kosmeticky-prumysl\/kyseliny\/kyselina-sikimova\/\" \/>\n<meta property=\"og:site_name\" content=\"NATURAL POLAND - Velkoobchodn\u00ed distributor surovin\" \/>\n<meta property=\"article:publisher\" content=\"https:\/\/www.facebook.com\/naturalpoland.b2b\" \/>\n<meta property=\"og:image\" content=\"https:\/\/naturalpoland.com\/wp-content\/uploads\/kwas-szikimowy.webp\" \/>\n\t<meta property=\"og:image:width\" content=\"615\" \/>\n\t<meta property=\"og:image:height\" content=\"615\" \/>\n\t<meta property=\"og:image:type\" content=\"image\/webp\" \/>\n<script type=\"application\/ld+json\" class=\"yoast-schema-graph\">{\"@context\":\"https:\\\/\\\/schema.org\",\"@graph\":[{\"@type\":\"WebPage\",\"@id\":\"https:\\\/\\\/naturalpoland.com\\\/cs\\\/produkty\\\/produkty-pro-kosmeticky-prumysl\\\/kyseliny\\\/kyselina-sikimova\\\/\",\"url\":\"https:\\\/\\\/naturalpoland.com\\\/cs\\\/produkty\\\/produkty-pro-kosmeticky-prumysl\\\/kyseliny\\\/kyselina-sikimova\\\/\",\"name\":\"Kyselina \u0161ikimov\u00e1 - NATURAL POLAND - Velkoobchodn\u00ed distributor surovin\",\"isPartOf\":{\"@id\":\"https:\\\/\\\/naturalpoland.com\\\/cs\\\/#website\"},\"primaryImageOfPage\":{\"@id\":\"https:\\\/\\\/naturalpoland.com\\\/cs\\\/produkty\\\/produkty-pro-kosmeticky-prumysl\\\/kyseliny\\\/kyselina-sikimova\\\/#primaryimage\"},\"image\":{\"@id\":\"https:\\\/\\\/naturalpoland.com\\\/cs\\\/produkty\\\/produkty-pro-kosmeticky-prumysl\\\/kyseliny\\\/kyselina-sikimova\\\/#primaryimage\"},\"thumbnailUrl\":\"https:\\\/\\\/naturalpoland.com\\\/wp-content\\\/uploads\\\/kwas-szikimowy.webp\",\"datePublished\":\"2024-09-10T11:13:31+00:00\",\"description\":\"Kyselina \u0161ikimov\u00e1 m\u00e1 schopnost vyhlazovat, zpev\u0148ovat, rozjas\u0148ovat a p\u016fsobit proti akn\u00e9.\",\"breadcrumb\":{\"@id\":\"https:\\\/\\\/naturalpoland.com\\\/cs\\\/produkty\\\/produkty-pro-kosmeticky-prumysl\\\/kyseliny\\\/kyselina-sikimova\\\/#breadcrumb\"},\"inLanguage\":\"cs\",\"potentialAction\":[{\"@type\":\"ReadAction\",\"target\":[\"https:\\\/\\\/naturalpoland.com\\\/cs\\\/produkty\\\/produkty-pro-kosmeticky-prumysl\\\/kyseliny\\\/kyselina-sikimova\\\/\"]}]},{\"@type\":\"ImageObject\",\"inLanguage\":\"cs\",\"@id\":\"https:\\\/\\\/naturalpoland.com\\\/cs\\\/produkty\\\/produkty-pro-kosmeticky-prumysl\\\/kyseliny\\\/kyselina-sikimova\\\/#primaryimage\",\"url\":\"https:\\\/\\\/naturalpoland.com\\\/wp-content\\\/uploads\\\/kwas-szikimowy.webp\",\"contentUrl\":\"https:\\\/\\\/naturalpoland.com\\\/wp-content\\\/uploads\\\/kwas-szikimowy.webp\",\"width\":615,\"height\":615,\"caption\":\"kwas szikimowy\"},{\"@type\":\"BreadcrumbList\",\"@id\":\"https:\\\/\\\/naturalpoland.com\\\/cs\\\/produkty\\\/produkty-pro-kosmeticky-prumysl\\\/kyseliny\\\/kyselina-sikimova\\\/#breadcrumb\",\"itemListElement\":[{\"@type\":\"ListItem\",\"position\":1,\"name\":\"Dom\u016f\",\"item\":\"https:\\\/\\\/naturalpoland.com\\\/cs\\\/\"},{\"@type\":\"ListItem\",\"position\":2,\"name\":\"Produkty\",\"item\":\"https:\\\/\\\/naturalpoland.com\\\/cs\\\/produkty\\\/\"},{\"@type\":\"ListItem\",\"position\":3,\"name\":\"Kyselina \u0161ikimov\u00e1\"}]},{\"@type\":\"WebSite\",\"@id\":\"https:\\\/\\\/naturalpoland.com\\\/cs\\\/#website\",\"url\":\"https:\\\/\\\/naturalpoland.com\\\/cs\\\/\",\"name\":\"NATURAL POLAND - Velkoobchodn\u00ed distributor surovin\",\"description\":\"Surowce dla przemys\u0142u spo\u017cywczego, kosmetycznego i farmaceutycznego\",\"publisher\":{\"@id\":\"https:\\\/\\\/naturalpoland.com\\\/cs\\\/#organization\"},\"potentialAction\":[{\"@type\":\"SearchAction\",\"target\":{\"@type\":\"EntryPoint\",\"urlTemplate\":\"https:\\\/\\\/naturalpoland.com\\\/cs\\\/?s={search_term_string}\"},\"query-input\":{\"@type\":\"PropertyValueSpecification\",\"valueRequired\":true,\"valueName\":\"search_term_string\"}}],\"inLanguage\":\"cs\"},{\"@type\":\"Organization\",\"@id\":\"https:\\\/\\\/naturalpoland.com\\\/cs\\\/#organization\",\"name\":\"Natural Poland\",\"url\":\"https:\\\/\\\/naturalpoland.com\\\/cs\\\/\",\"logo\":{\"@type\":\"ImageObject\",\"inLanguage\":\"cs\",\"@id\":\"https:\\\/\\\/naturalpoland.com\\\/cs\\\/#\\\/schema\\\/logo\\\/image\\\/\",\"url\":\"https:\\\/\\\/naturalpoland.com\\\/wp-content\\\/uploads\\\/2021\\\/05\\\/natural-poland-icon.png\",\"contentUrl\":\"https:\\\/\\\/naturalpoland.com\\\/wp-content\\\/uploads\\\/2021\\\/05\\\/natural-poland-icon.png\",\"width\":512,\"height\":512,\"caption\":\"Natural Poland\"},\"image\":{\"@id\":\"https:\\\/\\\/naturalpoland.com\\\/cs\\\/#\\\/schema\\\/logo\\\/image\\\/\"},\"sameAs\":[\"https:\\\/\\\/www.facebook.com\\\/naturalpoland.b2b\",\"https:\\\/\\\/pl.linkedin.com\\\/company\\\/natural-poland\",\"https:\\\/\\\/www.youtube.com\\\/channel\\\/UCgeGGkvOMahZo-xu_MSEWxg\"]}]}<\/script>\n<!-- \/ Yoast SEO plugin. -->","yoast_head_json":{"title":"Kyselina \u0161ikimov\u00e1 - NATURAL POLAND - Velkoobchodn\u00ed distributor surovin","description":"Kyselina \u0161ikimov\u00e1 m\u00e1 schopnost vyhlazovat, zpev\u0148ovat, rozjas\u0148ovat a p\u016fsobit proti akn\u00e9.","robots":{"index":"index","follow":"follow","max-snippet":"max-snippet:-1","max-image-preview":"max-image-preview:large","max-video-preview":"max-video-preview:-1"},"canonical":"https:\/\/naturalpoland.com\/cs\/produkty\/produkty-pro-kosmeticky-prumysl\/kyseliny\/kyselina-sikimova\/","og_locale":"cs_CZ","og_type":"article","og_title":"Kyselina \u0161ikimov\u00e1 - NATURAL POLAND - Velkoobchodn\u00ed distributor surovin","og_description":"Kyselina \u0161ikimov\u00e1 m\u00e1 schopnost vyhlazovat, zpev\u0148ovat, rozjas\u0148ovat a p\u016fsobit proti akn\u00e9.","og_url":"https:\/\/naturalpoland.com\/cs\/produkty\/produkty-pro-kosmeticky-prumysl\/kyseliny\/kyselina-sikimova\/","og_site_name":"NATURAL POLAND - Velkoobchodn\u00ed distributor surovin","article_publisher":"https:\/\/www.facebook.com\/naturalpoland.b2b","og_image":[{"width":615,"height":615,"url":"https:\/\/naturalpoland.com\/wp-content\/uploads\/kwas-szikimowy.webp","type":"image\/webp"}],"schema":{"@context":"https:\/\/schema.org","@graph":[{"@type":"WebPage","@id":"https:\/\/naturalpoland.com\/cs\/produkty\/produkty-pro-kosmeticky-prumysl\/kyseliny\/kyselina-sikimova\/","url":"https:\/\/naturalpoland.com\/cs\/produkty\/produkty-pro-kosmeticky-prumysl\/kyseliny\/kyselina-sikimova\/","name":"Kyselina \u0161ikimov\u00e1 - NATURAL POLAND - Velkoobchodn\u00ed distributor surovin","isPartOf":{"@id":"https:\/\/naturalpoland.com\/cs\/#website"},"primaryImageOfPage":{"@id":"https:\/\/naturalpoland.com\/cs\/produkty\/produkty-pro-kosmeticky-prumysl\/kyseliny\/kyselina-sikimova\/#primaryimage"},"image":{"@id":"https:\/\/naturalpoland.com\/cs\/produkty\/produkty-pro-kosmeticky-prumysl\/kyseliny\/kyselina-sikimova\/#primaryimage"},"thumbnailUrl":"https:\/\/naturalpoland.com\/wp-content\/uploads\/kwas-szikimowy.webp","datePublished":"2024-09-10T11:13:31+00:00","description":"Kyselina \u0161ikimov\u00e1 m\u00e1 schopnost vyhlazovat, zpev\u0148ovat, rozjas\u0148ovat a p\u016fsobit proti akn\u00e9.","breadcrumb":{"@id":"https:\/\/naturalpoland.com\/cs\/produkty\/produkty-pro-kosmeticky-prumysl\/kyseliny\/kyselina-sikimova\/#breadcrumb"},"inLanguage":"cs","potentialAction":[{"@type":"ReadAction","target":["https:\/\/naturalpoland.com\/cs\/produkty\/produkty-pro-kosmeticky-prumysl\/kyseliny\/kyselina-sikimova\/"]}]},{"@type":"ImageObject","inLanguage":"cs","@id":"https:\/\/naturalpoland.com\/cs\/produkty\/produkty-pro-kosmeticky-prumysl\/kyseliny\/kyselina-sikimova\/#primaryimage","url":"https:\/\/naturalpoland.com\/wp-content\/uploads\/kwas-szikimowy.webp","contentUrl":"https:\/\/naturalpoland.com\/wp-content\/uploads\/kwas-szikimowy.webp","width":615,"height":615,"caption":"kwas szikimowy"},{"@type":"BreadcrumbList","@id":"https:\/\/naturalpoland.com\/cs\/produkty\/produkty-pro-kosmeticky-prumysl\/kyseliny\/kyselina-sikimova\/#breadcrumb","itemListElement":[{"@type":"ListItem","position":1,"name":"Dom\u016f","item":"https:\/\/naturalpoland.com\/cs\/"},{"@type":"ListItem","position":2,"name":"Produkty","item":"https:\/\/naturalpoland.com\/cs\/produkty\/"},{"@type":"ListItem","position":3,"name":"Kyselina \u0161ikimov\u00e1"}]},{"@type":"WebSite","@id":"https:\/\/naturalpoland.com\/cs\/#website","url":"https:\/\/naturalpoland.com\/cs\/","name":"NATURAL POLAND - Velkoobchodn\u00ed distributor surovin","description":"Surowce dla przemys\u0142u spo\u017cywczego, kosmetycznego i farmaceutycznego","publisher":{"@id":"https:\/\/naturalpoland.com\/cs\/#organization"},"potentialAction":[{"@type":"SearchAction","target":{"@type":"EntryPoint","urlTemplate":"https:\/\/naturalpoland.com\/cs\/?s={search_term_string}"},"query-input":{"@type":"PropertyValueSpecification","valueRequired":true,"valueName":"search_term_string"}}],"inLanguage":"cs"},{"@type":"Organization","@id":"https:\/\/naturalpoland.com\/cs\/#organization","name":"Natural Poland","url":"https:\/\/naturalpoland.com\/cs\/","logo":{"@type":"ImageObject","inLanguage":"cs","@id":"https:\/\/naturalpoland.com\/cs\/#\/schema\/logo\/image\/","url":"https:\/\/naturalpoland.com\/wp-content\/uploads\/2021\/05\/natural-poland-icon.png","contentUrl":"https:\/\/naturalpoland.com\/wp-content\/uploads\/2021\/05\/natural-poland-icon.png","width":512,"height":512,"caption":"Natural Poland"},"image":{"@id":"https:\/\/naturalpoland.com\/cs\/#\/schema\/logo\/image\/"},"sameAs":["https:\/\/www.facebook.com\/naturalpoland.b2b","https:\/\/pl.linkedin.com\/company\/natural-poland","https:\/\/www.youtube.com\/channel\/UCgeGGkvOMahZo-xu_MSEWxg"]}]}},"_links":{"self":[{"href":"https:\/\/naturalpoland.com\/cs\/wp-json\/wp\/v2\/product\/35393","targetHints":{"allow":["GET"]}}],"collection":[{"href":"https:\/\/naturalpoland.com\/cs\/wp-json\/wp\/v2\/product"}],"about":[{"href":"https:\/\/naturalpoland.com\/cs\/wp-json\/wp\/v2\/types\/product"}],"wp:featuredmedia":[{"embeddable":true,"href":"https:\/\/naturalpoland.com\/cs\/wp-json\/wp\/v2\/media\/35282"}],"wp:attachment":[{"href":"https:\/\/naturalpoland.com\/cs\/wp-json\/wp\/v2\/media?parent=35393"}],"wp:term":[{"taxonomy":"product_brand","embeddable":true,"href":"https:\/\/naturalpoland.com\/cs\/wp-json\/wp\/v2\/product_brand?post=35393"},{"taxonomy":"product_cat","embeddable":true,"href":"https:\/\/naturalpoland.com\/cs\/wp-json\/wp\/v2\/product_cat?post=35393"},{"taxonomy":"product_tag","embeddable":true,"href":"https:\/\/naturalpoland.com\/cs\/wp-json\/wp\/v2\/product_tag?post=35393"}],"curies":[{"name":"wp","href":"https:\/\/api.w.org\/{rel}","templated":true}]}}