{"id":35399,"date":"2024-09-09T15:29:52","date_gmt":"2024-09-10T11:54:53","guid":{"rendered":"https:\/\/naturalpoland.com\/produkty\/neza\u0159azen\u00e9\/kyselina-laktobionova\/"},"modified":"2024-09-10T13:54:53","modified_gmt":"2024-09-10T11:54:53","slug":"kyselina-laktobionova","status":"publish","type":"product","link":"https:\/\/naturalpoland.com\/cs\/produkty\/produkty-pro-kosmeticky-prumysl\/kyseliny\/kyselina-laktobionova\/","title":{"rendered":"Kyselina laktobionov\u00e1"},"content":{"rendered":"<h2>Vlastnosti kyseliny laktobionov\u00e9<\/h2>\n<p>  P\u0159\u00edpravek je ve form\u011b b\u00edl\u00e9ho pr\u00e1\u0161ku bez z\u00e1pachu.<br \/>\nM\u00e1 vlastnosti, kter\u00e9 stimuluj\u00ed tvorbu kolagenu a elastinu.<br \/>\nD\u00edky sv\u00e9 schopnosti v\u00e1zat vodu m\u00e1 siln\u00e9 hydrata\u010dn\u00ed vlastnosti.    <\/p>\n<h2>Kosmetick\u00e9 aplikace<\/h2>\n<p>  Kyselina laktobionov\u00e1 se pou\u017e\u00edv\u00e1 v kosmetice pro suchou, citlivou a c\u00e9vn\u00ed poko\u017eku.<br \/>\nNajdeme ji v p\u0159\u00edpravc\u00edch na ple\u0165 s r\u016f\u017eovkou.<br \/>\nDal\u0161\u00ed pou\u017eit\u00ed zahrnuj\u00ed kr\u00e9my na redukci vr\u00e1sek, zklidn\u011bn\u00ed z\u00e1n\u011bt\u016f, zesv\u011btlen\u00ed barevn\u00fdch zm\u011bn a urychlen\u00ed hojen\u00ed poko\u017eky po kosmetick\u00fdch z\u00e1kroc\u00edch.<br \/>\nV kosmetice pro dom\u00e1c\u00ed pou\u017eit\u00ed se pou\u017e\u00edv\u00e1 a\u017e 10% koncentrace, zat\u00edmco ve specializovan\u00fdch ordinac\u00edch se pou\u017e\u00edv\u00e1 a\u017e 50% koncentrace.<br \/>\nKyselina laktobionov\u00e1 z\u0159\u00eddkakdy zp\u016fsobuje podr\u00e1\u017ed\u011bn\u00ed a lze ji pou\u017e\u00edvat po cel\u00fd rok.<br \/>\nPro vylou\u010den\u00ed alergick\u00fdch reakc\u00ed se v\u0161ak doporu\u010duje prov\u00e9st ko\u017en\u00ed test.<br \/>\nKrom\u011b toho by se v l\u00e9t\u011b m\u011bla spole\u010dn\u011b s kyselinou laktobionovou pou\u017e\u00edvat kosmetika s UV filtry.      <\/p>\n","protected":false},"excerpt":{"rendered":"<p>Kyselina laktobionov\u00e1 je polyhydroxykyselina (PHA) z\u00edskan\u00e1 oxidac\u00ed lakt\u00f3zy.<\/p>\n","protected":false},"featured_media":35229,"template":"","meta":{"_acf_changed":false},"product_brand":[],"product_cat":[5448],"product_tag":[],"class_list":{"0":"post-35399","1":"product","2":"type-product","3":"status-publish","4":"has-post-thumbnail","6":"product_cat-kyseliny","8":"first","9":"instock","10":"shipping-taxable","11":"product-type-simple"},"acf":[],"yoast_head":"<!-- This site is optimized with the Yoast SEO plugin v27.5 - https:\/\/yoast.com\/product\/yoast-seo-wordpress\/ -->\n<title>Kyselina laktobionov\u00e1 - NATURAL POLAND - Velkoobchodn\u00ed distributor surovin<\/title>\n<meta name=\"description\" content=\"Kyselina laktobionov\u00e1 zlep\u0161uje stav poko\u017eky, zesv\u011btluje zabarven\u00ed, podporuje hydrataci a regeneraci a p\u016fsob\u00ed proti st\u00e1rnut\u00ed.\" \/>\n<meta name=\"robots\" content=\"index, follow, max-snippet:-1, max-image-preview:large, max-video-preview:-1\" \/>\n<link rel=\"canonical\" href=\"https:\/\/naturalpoland.com\/cs\/produkty\/produkty-pro-kosmeticky-prumysl\/kyseliny\/kyselina-laktobionova\/\" \/>\n<meta property=\"og:locale\" content=\"cs_CZ\" \/>\n<meta property=\"og:type\" content=\"article\" \/>\n<meta property=\"og:title\" content=\"Kyselina laktobionov\u00e1 - NATURAL POLAND - Velkoobchodn\u00ed distributor surovin\" \/>\n<meta property=\"og:description\" content=\"Kyselina laktobionov\u00e1 zlep\u0161uje stav poko\u017eky, zesv\u011btluje zabarven\u00ed, podporuje hydrataci a regeneraci a p\u016fsob\u00ed proti st\u00e1rnut\u00ed.\" \/>\n<meta property=\"og:url\" content=\"https:\/\/naturalpoland.com\/cs\/produkty\/produkty-pro-kosmeticky-prumysl\/kyseliny\/kyselina-laktobionova\/\" \/>\n<meta property=\"og:site_name\" content=\"NATURAL POLAND - Velkoobchodn\u00ed distributor surovin\" \/>\n<meta property=\"article:publisher\" content=\"https:\/\/www.facebook.com\/naturalpoland.b2b\" \/>\n<meta property=\"og:image\" content=\"https:\/\/naturalpoland.com\/wp-content\/uploads\/kwas-laktobionowy.webp\" \/>\n\t<meta property=\"og:image:width\" content=\"618\" \/>\n\t<meta property=\"og:image:height\" content=\"618\" \/>\n\t<meta property=\"og:image:type\" content=\"image\/webp\" \/>\n<script type=\"application\/ld+json\" class=\"yoast-schema-graph\">{\"@context\":\"https:\\\/\\\/schema.org\",\"@graph\":[{\"@type\":\"WebPage\",\"@id\":\"https:\\\/\\\/naturalpoland.com\\\/cs\\\/produkty\\\/produkty-pro-kosmeticky-prumysl\\\/kyseliny\\\/kyselina-laktobionova\\\/\",\"url\":\"https:\\\/\\\/naturalpoland.com\\\/cs\\\/produkty\\\/produkty-pro-kosmeticky-prumysl\\\/kyseliny\\\/kyselina-laktobionova\\\/\",\"name\":\"Kyselina laktobionov\u00e1 - NATURAL POLAND - Velkoobchodn\u00ed distributor surovin\",\"isPartOf\":{\"@id\":\"https:\\\/\\\/naturalpoland.com\\\/cs\\\/#website\"},\"primaryImageOfPage\":{\"@id\":\"https:\\\/\\\/naturalpoland.com\\\/cs\\\/produkty\\\/produkty-pro-kosmeticky-prumysl\\\/kyseliny\\\/kyselina-laktobionova\\\/#primaryimage\"},\"image\":{\"@id\":\"https:\\\/\\\/naturalpoland.com\\\/cs\\\/produkty\\\/produkty-pro-kosmeticky-prumysl\\\/kyseliny\\\/kyselina-laktobionova\\\/#primaryimage\"},\"thumbnailUrl\":\"https:\\\/\\\/naturalpoland.com\\\/wp-content\\\/uploads\\\/kwas-laktobionowy.webp\",\"datePublished\":\"2024-09-10T11:54:53+00:00\",\"description\":\"Kyselina laktobionov\u00e1 zlep\u0161uje stav poko\u017eky, zesv\u011btluje zabarven\u00ed, podporuje hydrataci a regeneraci a p\u016fsob\u00ed proti st\u00e1rnut\u00ed.\",\"breadcrumb\":{\"@id\":\"https:\\\/\\\/naturalpoland.com\\\/cs\\\/produkty\\\/produkty-pro-kosmeticky-prumysl\\\/kyseliny\\\/kyselina-laktobionova\\\/#breadcrumb\"},\"inLanguage\":\"cs\",\"potentialAction\":[{\"@type\":\"ReadAction\",\"target\":[\"https:\\\/\\\/naturalpoland.com\\\/cs\\\/produkty\\\/produkty-pro-kosmeticky-prumysl\\\/kyseliny\\\/kyselina-laktobionova\\\/\"]}]},{\"@type\":\"ImageObject\",\"inLanguage\":\"cs\",\"@id\":\"https:\\\/\\\/naturalpoland.com\\\/cs\\\/produkty\\\/produkty-pro-kosmeticky-prumysl\\\/kyseliny\\\/kyselina-laktobionova\\\/#primaryimage\",\"url\":\"https:\\\/\\\/naturalpoland.com\\\/wp-content\\\/uploads\\\/kwas-laktobionowy.webp\",\"contentUrl\":\"https:\\\/\\\/naturalpoland.com\\\/wp-content\\\/uploads\\\/kwas-laktobionowy.webp\",\"width\":618,\"height\":618,\"caption\":\"Kwas laktobionowy\"},{\"@type\":\"BreadcrumbList\",\"@id\":\"https:\\\/\\\/naturalpoland.com\\\/cs\\\/produkty\\\/produkty-pro-kosmeticky-prumysl\\\/kyseliny\\\/kyselina-laktobionova\\\/#breadcrumb\",\"itemListElement\":[{\"@type\":\"ListItem\",\"position\":1,\"name\":\"Dom\u016f\",\"item\":\"https:\\\/\\\/naturalpoland.com\\\/cs\\\/\"},{\"@type\":\"ListItem\",\"position\":2,\"name\":\"Produkty\",\"item\":\"https:\\\/\\\/naturalpoland.com\\\/cs\\\/produkty\\\/\"},{\"@type\":\"ListItem\",\"position\":3,\"name\":\"Kyselina laktobionov\u00e1\"}]},{\"@type\":\"WebSite\",\"@id\":\"https:\\\/\\\/naturalpoland.com\\\/cs\\\/#website\",\"url\":\"https:\\\/\\\/naturalpoland.com\\\/cs\\\/\",\"name\":\"NATURAL POLAND - Velkoobchodn\u00ed distributor surovin\",\"description\":\"Surowce dla przemys\u0142u spo\u017cywczego, kosmetycznego i farmaceutycznego\",\"publisher\":{\"@id\":\"https:\\\/\\\/naturalpoland.com\\\/cs\\\/#organization\"},\"potentialAction\":[{\"@type\":\"SearchAction\",\"target\":{\"@type\":\"EntryPoint\",\"urlTemplate\":\"https:\\\/\\\/naturalpoland.com\\\/cs\\\/?s={search_term_string}\"},\"query-input\":{\"@type\":\"PropertyValueSpecification\",\"valueRequired\":true,\"valueName\":\"search_term_string\"}}],\"inLanguage\":\"cs\"},{\"@type\":\"Organization\",\"@id\":\"https:\\\/\\\/naturalpoland.com\\\/cs\\\/#organization\",\"name\":\"Natural Poland\",\"url\":\"https:\\\/\\\/naturalpoland.com\\\/cs\\\/\",\"logo\":{\"@type\":\"ImageObject\",\"inLanguage\":\"cs\",\"@id\":\"https:\\\/\\\/naturalpoland.com\\\/cs\\\/#\\\/schema\\\/logo\\\/image\\\/\",\"url\":\"https:\\\/\\\/naturalpoland.com\\\/wp-content\\\/uploads\\\/2021\\\/05\\\/natural-poland-icon.png\",\"contentUrl\":\"https:\\\/\\\/naturalpoland.com\\\/wp-content\\\/uploads\\\/2021\\\/05\\\/natural-poland-icon.png\",\"width\":512,\"height\":512,\"caption\":\"Natural Poland\"},\"image\":{\"@id\":\"https:\\\/\\\/naturalpoland.com\\\/cs\\\/#\\\/schema\\\/logo\\\/image\\\/\"},\"sameAs\":[\"https:\\\/\\\/www.facebook.com\\\/naturalpoland.b2b\",\"https:\\\/\\\/pl.linkedin.com\\\/company\\\/natural-poland\",\"https:\\\/\\\/www.youtube.com\\\/channel\\\/UCgeGGkvOMahZo-xu_MSEWxg\"]}]}<\/script>\n<!-- \/ Yoast SEO plugin. -->","yoast_head_json":{"title":"Kyselina laktobionov\u00e1 - NATURAL POLAND - Velkoobchodn\u00ed distributor surovin","description":"Kyselina laktobionov\u00e1 zlep\u0161uje stav poko\u017eky, zesv\u011btluje zabarven\u00ed, podporuje hydrataci a regeneraci a p\u016fsob\u00ed proti st\u00e1rnut\u00ed.","robots":{"index":"index","follow":"follow","max-snippet":"max-snippet:-1","max-image-preview":"max-image-preview:large","max-video-preview":"max-video-preview:-1"},"canonical":"https:\/\/naturalpoland.com\/cs\/produkty\/produkty-pro-kosmeticky-prumysl\/kyseliny\/kyselina-laktobionova\/","og_locale":"cs_CZ","og_type":"article","og_title":"Kyselina laktobionov\u00e1 - NATURAL POLAND - Velkoobchodn\u00ed distributor surovin","og_description":"Kyselina laktobionov\u00e1 zlep\u0161uje stav poko\u017eky, zesv\u011btluje zabarven\u00ed, podporuje hydrataci a regeneraci a p\u016fsob\u00ed proti st\u00e1rnut\u00ed.","og_url":"https:\/\/naturalpoland.com\/cs\/produkty\/produkty-pro-kosmeticky-prumysl\/kyseliny\/kyselina-laktobionova\/","og_site_name":"NATURAL POLAND - Velkoobchodn\u00ed distributor surovin","article_publisher":"https:\/\/www.facebook.com\/naturalpoland.b2b","og_image":[{"width":618,"height":618,"url":"https:\/\/naturalpoland.com\/wp-content\/uploads\/kwas-laktobionowy.webp","type":"image\/webp"}],"schema":{"@context":"https:\/\/schema.org","@graph":[{"@type":"WebPage","@id":"https:\/\/naturalpoland.com\/cs\/produkty\/produkty-pro-kosmeticky-prumysl\/kyseliny\/kyselina-laktobionova\/","url":"https:\/\/naturalpoland.com\/cs\/produkty\/produkty-pro-kosmeticky-prumysl\/kyseliny\/kyselina-laktobionova\/","name":"Kyselina laktobionov\u00e1 - NATURAL POLAND - Velkoobchodn\u00ed distributor surovin","isPartOf":{"@id":"https:\/\/naturalpoland.com\/cs\/#website"},"primaryImageOfPage":{"@id":"https:\/\/naturalpoland.com\/cs\/produkty\/produkty-pro-kosmeticky-prumysl\/kyseliny\/kyselina-laktobionova\/#primaryimage"},"image":{"@id":"https:\/\/naturalpoland.com\/cs\/produkty\/produkty-pro-kosmeticky-prumysl\/kyseliny\/kyselina-laktobionova\/#primaryimage"},"thumbnailUrl":"https:\/\/naturalpoland.com\/wp-content\/uploads\/kwas-laktobionowy.webp","datePublished":"2024-09-10T11:54:53+00:00","description":"Kyselina laktobionov\u00e1 zlep\u0161uje stav poko\u017eky, zesv\u011btluje zabarven\u00ed, podporuje hydrataci a regeneraci a p\u016fsob\u00ed proti st\u00e1rnut\u00ed.","breadcrumb":{"@id":"https:\/\/naturalpoland.com\/cs\/produkty\/produkty-pro-kosmeticky-prumysl\/kyseliny\/kyselina-laktobionova\/#breadcrumb"},"inLanguage":"cs","potentialAction":[{"@type":"ReadAction","target":["https:\/\/naturalpoland.com\/cs\/produkty\/produkty-pro-kosmeticky-prumysl\/kyseliny\/kyselina-laktobionova\/"]}]},{"@type":"ImageObject","inLanguage":"cs","@id":"https:\/\/naturalpoland.com\/cs\/produkty\/produkty-pro-kosmeticky-prumysl\/kyseliny\/kyselina-laktobionova\/#primaryimage","url":"https:\/\/naturalpoland.com\/wp-content\/uploads\/kwas-laktobionowy.webp","contentUrl":"https:\/\/naturalpoland.com\/wp-content\/uploads\/kwas-laktobionowy.webp","width":618,"height":618,"caption":"Kwas laktobionowy"},{"@type":"BreadcrumbList","@id":"https:\/\/naturalpoland.com\/cs\/produkty\/produkty-pro-kosmeticky-prumysl\/kyseliny\/kyselina-laktobionova\/#breadcrumb","itemListElement":[{"@type":"ListItem","position":1,"name":"Dom\u016f","item":"https:\/\/naturalpoland.com\/cs\/"},{"@type":"ListItem","position":2,"name":"Produkty","item":"https:\/\/naturalpoland.com\/cs\/produkty\/"},{"@type":"ListItem","position":3,"name":"Kyselina laktobionov\u00e1"}]},{"@type":"WebSite","@id":"https:\/\/naturalpoland.com\/cs\/#website","url":"https:\/\/naturalpoland.com\/cs\/","name":"NATURAL POLAND - Velkoobchodn\u00ed distributor surovin","description":"Surowce dla przemys\u0142u spo\u017cywczego, kosmetycznego i farmaceutycznego","publisher":{"@id":"https:\/\/naturalpoland.com\/cs\/#organization"},"potentialAction":[{"@type":"SearchAction","target":{"@type":"EntryPoint","urlTemplate":"https:\/\/naturalpoland.com\/cs\/?s={search_term_string}"},"query-input":{"@type":"PropertyValueSpecification","valueRequired":true,"valueName":"search_term_string"}}],"inLanguage":"cs"},{"@type":"Organization","@id":"https:\/\/naturalpoland.com\/cs\/#organization","name":"Natural Poland","url":"https:\/\/naturalpoland.com\/cs\/","logo":{"@type":"ImageObject","inLanguage":"cs","@id":"https:\/\/naturalpoland.com\/cs\/#\/schema\/logo\/image\/","url":"https:\/\/naturalpoland.com\/wp-content\/uploads\/2021\/05\/natural-poland-icon.png","contentUrl":"https:\/\/naturalpoland.com\/wp-content\/uploads\/2021\/05\/natural-poland-icon.png","width":512,"height":512,"caption":"Natural Poland"},"image":{"@id":"https:\/\/naturalpoland.com\/cs\/#\/schema\/logo\/image\/"},"sameAs":["https:\/\/www.facebook.com\/naturalpoland.b2b","https:\/\/pl.linkedin.com\/company\/natural-poland","https:\/\/www.youtube.com\/channel\/UCgeGGkvOMahZo-xu_MSEWxg"]}]}},"_links":{"self":[{"href":"https:\/\/naturalpoland.com\/cs\/wp-json\/wp\/v2\/product\/35399","targetHints":{"allow":["GET"]}}],"collection":[{"href":"https:\/\/naturalpoland.com\/cs\/wp-json\/wp\/v2\/product"}],"about":[{"href":"https:\/\/naturalpoland.com\/cs\/wp-json\/wp\/v2\/types\/product"}],"wp:featuredmedia":[{"embeddable":true,"href":"https:\/\/naturalpoland.com\/cs\/wp-json\/wp\/v2\/media\/35229"}],"wp:attachment":[{"href":"https:\/\/naturalpoland.com\/cs\/wp-json\/wp\/v2\/media?parent=35399"}],"wp:term":[{"taxonomy":"product_brand","embeddable":true,"href":"https:\/\/naturalpoland.com\/cs\/wp-json\/wp\/v2\/product_brand?post=35399"},{"taxonomy":"product_cat","embeddable":true,"href":"https:\/\/naturalpoland.com\/cs\/wp-json\/wp\/v2\/product_cat?post=35399"},{"taxonomy":"product_tag","embeddable":true,"href":"https:\/\/naturalpoland.com\/cs\/wp-json\/wp\/v2\/product_tag?post=35399"}],"curies":[{"name":"wp","href":"https:\/\/api.w.org\/{rel}","templated":true}]}}