{"id":35403,"date":"2024-09-09T15:47:49","date_gmt":"2024-09-10T11:55:05","guid":{"rendered":"https:\/\/naturalpoland.com\/produkty\/neza\u0159azen\u00e9\/kyselina-rozmarynova\/"},"modified":"2024-09-10T13:55:05","modified_gmt":"2024-09-10T11:55:05","slug":"kyselina-rozmarynova","status":"publish","type":"product","link":"https:\/\/naturalpoland.com\/cs\/produkty\/produkty-pro-kosmeticky-prumysl\/kyseliny\/kyselina-rozmarynova\/","title":{"rendered":"Kyselina rozmar\u00fdnov\u00e1"},"content":{"rendered":"<h2>\u00da\u010dinek kyseliny rozmar\u00fdnov\u00e9<\/h2>\n<p>  V klinick\u00fdch studi\u00edch bylo prok\u00e1z\u00e1no, \u017ee kyselina rozmar\u00fdnov\u00e1 p\u016fsob\u00ed jako p\u0159\u00edrodn\u00ed inhibitor enzym\u016f zodpov\u011bdn\u00fdch za z\u00e1n\u011bt, jako je cyklooxygen\u00e1za (COX) a lipoxygen\u00e1za (LOX).<br \/>\nSni\u017euje produkci leukotrien\u016f a prostaglandin\u016f, kter\u00e9 jsou medi\u00e1tory z\u00e1n\u011btu, a je proto \u00fa\u010dinn\u00fdm protiz\u00e1n\u011btliv\u00fdm prost\u0159edkem.<br \/>\nKrom\u011b toho m\u00e1 antiproliferativn\u00ed a antivirov\u00e9 \u00fa\u010dinky a inhibuje r\u016fst grampozitivn\u00edch bakteri\u00ed, jako jsou <em>stafylokoky<\/em> a <em>listerie<\/em>.    <\/p>\n<h2>Kosmetick\u00e9 aplikace<\/h2>\n<p>  Kyselina rozmar\u00fdnov\u00e1 se pou\u017e\u00edv\u00e1 v kosmetice jako protiz\u00e1n\u011btliv\u00e1, antioxida\u010dn\u00ed a UV ochrann\u00e1 slo\u017eka.<br \/>\nNajdete ji v p\u0159\u00edpravc\u00edch pro p\u00e9\u010di o ple\u0165 se sklonem k akn\u00e9 a v opalovac\u00edch kr\u00e9mech.<br \/>\nKrom\u011b toho vykazuje antiseptick\u00e9 a antibakteri\u00e1ln\u00ed \u00fa\u010dinky a sni\u017euje z\u00e1n\u011bty k\u016f\u017ee.<br \/>\nD\u00edky sv\u00fdm vlastnostem stimuluje vlasov\u00e9 ko\u0159\u00ednky a zlep\u0161uje jejich stav.     <\/p>\n<h2>Aplikace v jin\u00fdch odv\u011btv\u00edch<\/h2>\n<p>  Kyselina rozmar\u00fdnov\u00e1 se pou\u017e\u00edv\u00e1 tak\u00e9 ve farmaceutick\u00e9m a v\u00fd\u017eivov\u00e9m pr\u016fmyslu, kde se jej\u00ed antioxida\u010dn\u00ed, protiz\u00e1n\u011btliv\u00e9 a protivirov\u00e9 \u00fa\u010dinky vyu\u017e\u00edvaj\u00ed v dopl\u0148c\u00edch stravy a jako funk\u010dn\u00ed slo\u017eka potravin.<br \/>\nLze ji tak\u00e9 pou\u017e\u00edt k l\u00e9\u010db\u011b herpes labialis a dal\u0161\u00edch z\u00e1n\u011btliv\u00fdch ko\u017en\u00edch onemocn\u011bn\u00ed.<br \/>\nSurovina je pova\u017eov\u00e1na za slibnou slo\u017eku p\u0159i prevenci a l\u00e9\u010db\u011b z\u00e1n\u011btliv\u00fdch onemocn\u011bn\u00ed, jako je astma, ateroskler\u00f3za, \u017ealude\u010dn\u00ed v\u0159edy a ischemick\u00e1 choroba srde\u010dn\u00ed.  <\/p>\n","protected":false},"excerpt":{"rendered":"<p>Kyselina rozmar\u00fdnov\u00e1 je polyfenol pat\u0159\u00edc\u00ed do skupiny depsid\u016f.<br \/>\nNach\u00e1z\u00ed se v listech rozmar\u00fdnu a v dal\u0161\u00edch rostlin\u00e1ch z \u010deledi <em>Lamiaceae<\/em>, jako je medu\u0148ka, \u0161alv\u011bj, tymi\u00e1n a m\u00e1ta. <\/p>\n","protected":false},"featured_media":35243,"template":"","meta":{"_acf_changed":false},"product_brand":[],"product_cat":[5448],"product_tag":[],"class_list":{"0":"post-35403","1":"product","2":"type-product","3":"status-publish","4":"has-post-thumbnail","6":"product_cat-kyseliny","8":"first","9":"instock","10":"shipping-taxable","11":"product-type-simple"},"acf":[],"yoast_head":"<!-- This site is optimized with the Yoast SEO plugin v27.6 - https:\/\/yoast.com\/product\/yoast-seo-wordpress\/ -->\n<title>Kyselina rozmar\u00fdnov\u00e1 - NATURAL POLAND - Velkoobchodn\u00ed distributor surovin<\/title>\n<meta name=\"description\" content=\"Vzhledem k vysok\u00e9 biologick\u00e9 dostupnosti a v\u0161estrann\u00fdm terapeutick\u00fdm vlastnostem je o kyselinu rozmar\u00fdnovou velk\u00fd z\u00e1jem v kosmetice a farmacii.\" \/>\n<meta name=\"robots\" content=\"index, follow, max-snippet:-1, max-image-preview:large, max-video-preview:-1\" \/>\n<link rel=\"canonical\" href=\"https:\/\/naturalpoland.com\/cs\/produkty\/produkty-pro-kosmeticky-prumysl\/kyseliny\/kyselina-rozmarynova\/\" \/>\n<meta property=\"og:locale\" content=\"cs_CZ\" \/>\n<meta property=\"og:type\" content=\"article\" \/>\n<meta property=\"og:title\" content=\"Kyselina rozmar\u00fdnov\u00e1 - NATURAL POLAND - Velkoobchodn\u00ed distributor surovin\" \/>\n<meta property=\"og:description\" content=\"Vzhledem k vysok\u00e9 biologick\u00e9 dostupnosti a v\u0161estrann\u00fdm terapeutick\u00fdm vlastnostem je o kyselinu rozmar\u00fdnovou velk\u00fd z\u00e1jem v kosmetice a farmacii.\" \/>\n<meta property=\"og:url\" content=\"https:\/\/naturalpoland.com\/cs\/produkty\/produkty-pro-kosmeticky-prumysl\/kyseliny\/kyselina-rozmarynova\/\" \/>\n<meta property=\"og:site_name\" content=\"NATURAL POLAND - Velkoobchodn\u00ed distributor surovin\" \/>\n<meta property=\"article:publisher\" content=\"https:\/\/www.facebook.com\/naturalpoland.b2b\" \/>\n<meta property=\"og:image\" content=\"https:\/\/naturalpoland.com\/wp-content\/uploads\/kwas-rozmarynowy.webp\" \/>\n\t<meta property=\"og:image:width\" content=\"615\" \/>\n\t<meta property=\"og:image:height\" content=\"615\" \/>\n\t<meta property=\"og:image:type\" content=\"image\/webp\" \/>\n<script type=\"application\/ld+json\" class=\"yoast-schema-graph\">{\"@context\":\"https:\\\/\\\/schema.org\",\"@graph\":[{\"@type\":\"WebPage\",\"@id\":\"https:\\\/\\\/naturalpoland.com\\\/cs\\\/produkty\\\/produkty-pro-kosmeticky-prumysl\\\/kyseliny\\\/kyselina-rozmarynova\\\/\",\"url\":\"https:\\\/\\\/naturalpoland.com\\\/cs\\\/produkty\\\/produkty-pro-kosmeticky-prumysl\\\/kyseliny\\\/kyselina-rozmarynova\\\/\",\"name\":\"Kyselina rozmar\u00fdnov\u00e1 - NATURAL POLAND - Velkoobchodn\u00ed distributor surovin\",\"isPartOf\":{\"@id\":\"https:\\\/\\\/naturalpoland.com\\\/cs\\\/#website\"},\"primaryImageOfPage\":{\"@id\":\"https:\\\/\\\/naturalpoland.com\\\/cs\\\/produkty\\\/produkty-pro-kosmeticky-prumysl\\\/kyseliny\\\/kyselina-rozmarynova\\\/#primaryimage\"},\"image\":{\"@id\":\"https:\\\/\\\/naturalpoland.com\\\/cs\\\/produkty\\\/produkty-pro-kosmeticky-prumysl\\\/kyseliny\\\/kyselina-rozmarynova\\\/#primaryimage\"},\"thumbnailUrl\":\"https:\\\/\\\/naturalpoland.com\\\/wp-content\\\/uploads\\\/kwas-rozmarynowy.webp\",\"datePublished\":\"2024-09-10T11:55:05+00:00\",\"description\":\"Vzhledem k vysok\u00e9 biologick\u00e9 dostupnosti a v\u0161estrann\u00fdm terapeutick\u00fdm vlastnostem je o kyselinu rozmar\u00fdnovou velk\u00fd z\u00e1jem v kosmetice a farmacii.\",\"breadcrumb\":{\"@id\":\"https:\\\/\\\/naturalpoland.com\\\/cs\\\/produkty\\\/produkty-pro-kosmeticky-prumysl\\\/kyseliny\\\/kyselina-rozmarynova\\\/#breadcrumb\"},\"inLanguage\":\"cs\",\"potentialAction\":[{\"@type\":\"ReadAction\",\"target\":[\"https:\\\/\\\/naturalpoland.com\\\/cs\\\/produkty\\\/produkty-pro-kosmeticky-prumysl\\\/kyseliny\\\/kyselina-rozmarynova\\\/\"]}]},{\"@type\":\"ImageObject\",\"inLanguage\":\"cs\",\"@id\":\"https:\\\/\\\/naturalpoland.com\\\/cs\\\/produkty\\\/produkty-pro-kosmeticky-prumysl\\\/kyseliny\\\/kyselina-rozmarynova\\\/#primaryimage\",\"url\":\"https:\\\/\\\/naturalpoland.com\\\/wp-content\\\/uploads\\\/kwas-rozmarynowy.webp\",\"contentUrl\":\"https:\\\/\\\/naturalpoland.com\\\/wp-content\\\/uploads\\\/kwas-rozmarynowy.webp\",\"width\":615,\"height\":615,\"caption\":\"kwas rozmarynowy\"},{\"@type\":\"BreadcrumbList\",\"@id\":\"https:\\\/\\\/naturalpoland.com\\\/cs\\\/produkty\\\/produkty-pro-kosmeticky-prumysl\\\/kyseliny\\\/kyselina-rozmarynova\\\/#breadcrumb\",\"itemListElement\":[{\"@type\":\"ListItem\",\"position\":1,\"name\":\"Dom\u016f\",\"item\":\"https:\\\/\\\/naturalpoland.com\\\/cs\\\/\"},{\"@type\":\"ListItem\",\"position\":2,\"name\":\"Produkty\",\"item\":\"https:\\\/\\\/naturalpoland.com\\\/cs\\\/produkty\\\/\"},{\"@type\":\"ListItem\",\"position\":3,\"name\":\"Kyselina rozmar\u00fdnov\u00e1\"}]},{\"@type\":\"WebSite\",\"@id\":\"https:\\\/\\\/naturalpoland.com\\\/cs\\\/#website\",\"url\":\"https:\\\/\\\/naturalpoland.com\\\/cs\\\/\",\"name\":\"NATURAL POLAND - Velkoobchodn\u00ed distributor surovin\",\"description\":\"Surowce dla przemys\u0142u spo\u017cywczego, kosmetycznego i farmaceutycznego\",\"publisher\":{\"@id\":\"https:\\\/\\\/naturalpoland.com\\\/cs\\\/#organization\"},\"potentialAction\":[{\"@type\":\"SearchAction\",\"target\":{\"@type\":\"EntryPoint\",\"urlTemplate\":\"https:\\\/\\\/naturalpoland.com\\\/cs\\\/?s={search_term_string}\"},\"query-input\":{\"@type\":\"PropertyValueSpecification\",\"valueRequired\":true,\"valueName\":\"search_term_string\"}}],\"inLanguage\":\"cs\"},{\"@type\":\"Organization\",\"@id\":\"https:\\\/\\\/naturalpoland.com\\\/cs\\\/#organization\",\"name\":\"Natural Poland\",\"url\":\"https:\\\/\\\/naturalpoland.com\\\/cs\\\/\",\"logo\":{\"@type\":\"ImageObject\",\"inLanguage\":\"cs\",\"@id\":\"https:\\\/\\\/naturalpoland.com\\\/cs\\\/#\\\/schema\\\/logo\\\/image\\\/\",\"url\":\"https:\\\/\\\/naturalpoland.com\\\/wp-content\\\/uploads\\\/2021\\\/05\\\/natural-poland-icon.png\",\"contentUrl\":\"https:\\\/\\\/naturalpoland.com\\\/wp-content\\\/uploads\\\/2021\\\/05\\\/natural-poland-icon.png\",\"width\":512,\"height\":512,\"caption\":\"Natural Poland\"},\"image\":{\"@id\":\"https:\\\/\\\/naturalpoland.com\\\/cs\\\/#\\\/schema\\\/logo\\\/image\\\/\"},\"sameAs\":[\"https:\\\/\\\/www.facebook.com\\\/naturalpoland.b2b\",\"https:\\\/\\\/pl.linkedin.com\\\/company\\\/natural-poland\",\"https:\\\/\\\/www.youtube.com\\\/channel\\\/UCgeGGkvOMahZo-xu_MSEWxg\"]}]}<\/script>\n<!-- \/ Yoast SEO plugin. -->","yoast_head_json":{"title":"Kyselina rozmar\u00fdnov\u00e1 - NATURAL POLAND - Velkoobchodn\u00ed distributor surovin","description":"Vzhledem k vysok\u00e9 biologick\u00e9 dostupnosti a v\u0161estrann\u00fdm terapeutick\u00fdm vlastnostem je o kyselinu rozmar\u00fdnovou velk\u00fd z\u00e1jem v kosmetice a farmacii.","robots":{"index":"index","follow":"follow","max-snippet":"max-snippet:-1","max-image-preview":"max-image-preview:large","max-video-preview":"max-video-preview:-1"},"canonical":"https:\/\/naturalpoland.com\/cs\/produkty\/produkty-pro-kosmeticky-prumysl\/kyseliny\/kyselina-rozmarynova\/","og_locale":"cs_CZ","og_type":"article","og_title":"Kyselina rozmar\u00fdnov\u00e1 - NATURAL POLAND - Velkoobchodn\u00ed distributor surovin","og_description":"Vzhledem k vysok\u00e9 biologick\u00e9 dostupnosti a v\u0161estrann\u00fdm terapeutick\u00fdm vlastnostem je o kyselinu rozmar\u00fdnovou velk\u00fd z\u00e1jem v kosmetice a farmacii.","og_url":"https:\/\/naturalpoland.com\/cs\/produkty\/produkty-pro-kosmeticky-prumysl\/kyseliny\/kyselina-rozmarynova\/","og_site_name":"NATURAL POLAND - Velkoobchodn\u00ed distributor surovin","article_publisher":"https:\/\/www.facebook.com\/naturalpoland.b2b","og_image":[{"width":615,"height":615,"url":"https:\/\/naturalpoland.com\/wp-content\/uploads\/kwas-rozmarynowy.webp","type":"image\/webp"}],"schema":{"@context":"https:\/\/schema.org","@graph":[{"@type":"WebPage","@id":"https:\/\/naturalpoland.com\/cs\/produkty\/produkty-pro-kosmeticky-prumysl\/kyseliny\/kyselina-rozmarynova\/","url":"https:\/\/naturalpoland.com\/cs\/produkty\/produkty-pro-kosmeticky-prumysl\/kyseliny\/kyselina-rozmarynova\/","name":"Kyselina rozmar\u00fdnov\u00e1 - NATURAL POLAND - Velkoobchodn\u00ed distributor surovin","isPartOf":{"@id":"https:\/\/naturalpoland.com\/cs\/#website"},"primaryImageOfPage":{"@id":"https:\/\/naturalpoland.com\/cs\/produkty\/produkty-pro-kosmeticky-prumysl\/kyseliny\/kyselina-rozmarynova\/#primaryimage"},"image":{"@id":"https:\/\/naturalpoland.com\/cs\/produkty\/produkty-pro-kosmeticky-prumysl\/kyseliny\/kyselina-rozmarynova\/#primaryimage"},"thumbnailUrl":"https:\/\/naturalpoland.com\/wp-content\/uploads\/kwas-rozmarynowy.webp","datePublished":"2024-09-10T11:55:05+00:00","description":"Vzhledem k vysok\u00e9 biologick\u00e9 dostupnosti a v\u0161estrann\u00fdm terapeutick\u00fdm vlastnostem je o kyselinu rozmar\u00fdnovou velk\u00fd z\u00e1jem v kosmetice a farmacii.","breadcrumb":{"@id":"https:\/\/naturalpoland.com\/cs\/produkty\/produkty-pro-kosmeticky-prumysl\/kyseliny\/kyselina-rozmarynova\/#breadcrumb"},"inLanguage":"cs","potentialAction":[{"@type":"ReadAction","target":["https:\/\/naturalpoland.com\/cs\/produkty\/produkty-pro-kosmeticky-prumysl\/kyseliny\/kyselina-rozmarynova\/"]}]},{"@type":"ImageObject","inLanguage":"cs","@id":"https:\/\/naturalpoland.com\/cs\/produkty\/produkty-pro-kosmeticky-prumysl\/kyseliny\/kyselina-rozmarynova\/#primaryimage","url":"https:\/\/naturalpoland.com\/wp-content\/uploads\/kwas-rozmarynowy.webp","contentUrl":"https:\/\/naturalpoland.com\/wp-content\/uploads\/kwas-rozmarynowy.webp","width":615,"height":615,"caption":"kwas rozmarynowy"},{"@type":"BreadcrumbList","@id":"https:\/\/naturalpoland.com\/cs\/produkty\/produkty-pro-kosmeticky-prumysl\/kyseliny\/kyselina-rozmarynova\/#breadcrumb","itemListElement":[{"@type":"ListItem","position":1,"name":"Dom\u016f","item":"https:\/\/naturalpoland.com\/cs\/"},{"@type":"ListItem","position":2,"name":"Produkty","item":"https:\/\/naturalpoland.com\/cs\/produkty\/"},{"@type":"ListItem","position":3,"name":"Kyselina rozmar\u00fdnov\u00e1"}]},{"@type":"WebSite","@id":"https:\/\/naturalpoland.com\/cs\/#website","url":"https:\/\/naturalpoland.com\/cs\/","name":"NATURAL POLAND - Velkoobchodn\u00ed distributor surovin","description":"Surowce dla przemys\u0142u spo\u017cywczego, kosmetycznego i farmaceutycznego","publisher":{"@id":"https:\/\/naturalpoland.com\/cs\/#organization"},"potentialAction":[{"@type":"SearchAction","target":{"@type":"EntryPoint","urlTemplate":"https:\/\/naturalpoland.com\/cs\/?s={search_term_string}"},"query-input":{"@type":"PropertyValueSpecification","valueRequired":true,"valueName":"search_term_string"}}],"inLanguage":"cs"},{"@type":"Organization","@id":"https:\/\/naturalpoland.com\/cs\/#organization","name":"Natural Poland","url":"https:\/\/naturalpoland.com\/cs\/","logo":{"@type":"ImageObject","inLanguage":"cs","@id":"https:\/\/naturalpoland.com\/cs\/#\/schema\/logo\/image\/","url":"https:\/\/naturalpoland.com\/wp-content\/uploads\/2021\/05\/natural-poland-icon.png","contentUrl":"https:\/\/naturalpoland.com\/wp-content\/uploads\/2021\/05\/natural-poland-icon.png","width":512,"height":512,"caption":"Natural Poland"},"image":{"@id":"https:\/\/naturalpoland.com\/cs\/#\/schema\/logo\/image\/"},"sameAs":["https:\/\/www.facebook.com\/naturalpoland.b2b","https:\/\/pl.linkedin.com\/company\/natural-poland","https:\/\/www.youtube.com\/channel\/UCgeGGkvOMahZo-xu_MSEWxg"]}]}},"_links":{"self":[{"href":"https:\/\/naturalpoland.com\/cs\/wp-json\/wp\/v2\/product\/35403","targetHints":{"allow":["GET"]}}],"collection":[{"href":"https:\/\/naturalpoland.com\/cs\/wp-json\/wp\/v2\/product"}],"about":[{"href":"https:\/\/naturalpoland.com\/cs\/wp-json\/wp\/v2\/types\/product"}],"wp:featuredmedia":[{"embeddable":true,"href":"https:\/\/naturalpoland.com\/cs\/wp-json\/wp\/v2\/media\/35243"}],"wp:attachment":[{"href":"https:\/\/naturalpoland.com\/cs\/wp-json\/wp\/v2\/media?parent=35403"}],"wp:term":[{"taxonomy":"product_brand","embeddable":true,"href":"https:\/\/naturalpoland.com\/cs\/wp-json\/wp\/v2\/product_brand?post=35403"},{"taxonomy":"product_cat","embeddable":true,"href":"https:\/\/naturalpoland.com\/cs\/wp-json\/wp\/v2\/product_cat?post=35403"},{"taxonomy":"product_tag","embeddable":true,"href":"https:\/\/naturalpoland.com\/cs\/wp-json\/wp\/v2\/product_tag?post=35403"}],"curies":[{"name":"wp","href":"https:\/\/api.w.org\/{rel}","templated":true}]}}