{"id":35560,"date":"2024-09-12T11:53:39","date_gmt":"2024-09-12T13:32:41","guid":{"rendered":"https:\/\/naturalpoland.com\/produkty\/neza\u0159azen\u00e9\/extrakt-z-msice-obecne\/"},"modified":"2025-06-30T14:43:31","modified_gmt":"2025-06-30T12:43:31","slug":"extrakt-z-msice-obecne","status":"publish","type":"product","link":"https:\/\/naturalpoland.com\/cs\/produkty\/rostlinne-vytazky\/extrakt-z-msice-obecne\/","title":{"rendered":"Extrakt z koko\u0161ky pastu\u0161\u00ed tobolky"},"content":{"rendered":"<h2>\u00da\u010dinek extraktu ze zlatob\u00fdlu obecn\u00e9ho<\/h2>\n<p>Aphanomyces m\u00e1 hemostatick\u00e9 vlastnosti, kter\u00e9 pom\u00e1haj\u00ed <strong>tlumit krv\u00e1cen\u00ed,<\/strong> v\u010detn\u011b krv\u00e1cen\u00ed z nosu, d\u011blo\u017en\u00edho krv\u00e1cen\u00ed a nadm\u011brn\u00e9ho menstrua\u010dn\u00edho krv\u00e1cen\u00ed.<br \/>\nExtrakt se pou\u017e\u00edv\u00e1 tak\u00e9 p\u0159i poran\u011bn\u00ed k\u016f\u017ee, pop\u00e1lenin\u00e1ch, k\u0159e\u010dov\u00fdch \u017eil\u00e1ch, v\u0159edech a lok\u00e1ln\u00edm krv\u00e1cen\u00ed.<br \/>\nJe v\u0161eobecn\u011b zn\u00e1mo, \u017ee <strong>zm\u00edr\u0148uje p\u0159\u00edznaky premenstrua\u010dn\u00edho syndromu<\/strong>(PMS), upravuje nepravidelnou menstruaci a pom\u00e1h\u00e1 p\u0159i l\u00e9\u010db\u011b z\u00e1n\u011bt\u016f mo\u010dov\u00e9ho m\u011bch\u00fd\u0159e a prostaty.<br \/>\nKrom\u011b toho se bylina \u010deme\u0159ice pou\u017e\u00edv\u00e1 v homeopatii k <strong>l\u00e9\u010db\u011b krv\u00e1cen\u00ed ze sliznic<\/strong>.<br \/>\nExperiment\u00e1ln\u00ed studie potvrzuj\u00ed jej\u00ed p\u016fsoben\u00ed p\u0159i <strong>normalizaci krevn\u00edho tlaku<\/strong> a zvy\u0161ov\u00e1n\u00ed koron\u00e1rn\u00edho pr\u016ftoku.<\/p>\n<h2>Vlastnosti<\/h2>\n<p>Extrakt obsahuje mnoho \u00fa\u010dinn\u00fdch l\u00e1tek, jako jsou:<\/p>\n<ul>\n<li><strong>aminy<\/strong> (cholin, acetylcholin, tyramin, histamin),<\/li>\n<li><strong>aminokyseliny<\/strong> (valin, ornitin, prolin),<\/li>\n<li><a href=\"https:\/\/naturalpoland.com\/artykuly\/produkty-naturalne\/czym-sa-i-jak-dzialaja-flawonoidy\/\"><strong>Flavonoidy<\/strong><\/a> (flavonoly, flavony),<\/li>\n<li><strong>organick\u00e9 kyseliny (kyselina<\/strong> fumarov\u00e1),<\/li>\n<li><strong>vitam\u00edny<\/strong> (A, C, K).<\/li>\n<\/ul>\n<h2>Aplikace<\/h2>\n<p>V\u00fdta\u017eek z Aphanomyces je slo\u017ekou kosmetick\u00fdch p\u0159\u00edpravk\u016f a p\u0159\u00edpravk\u016f p\u00e9\u010de o ple\u0165, zejm\u00e9na v podzimn\u00edm a zimn\u00edm obdob\u00ed, kdy ple\u0165 pot\u0159ebuje podpo\u0159it regeneraci a chr\u00e1nit p\u0159ed \u0161kodliv\u00fdmi vn\u011bj\u0161\u00edmi vlivy.<br \/>\nV\u00fdrobek neobsahuje GMO, pesticidy a aflatoxiny ani polycyklick\u00e9 aromatick\u00e9 uhlovod\u00edky.<\/p>\n","protected":false},"excerpt":{"rendered":"<p><strong>Extrakt z koko\u0161ky pastu\u0161\u00ed tobolky<\/strong><em> (Capsella bursa-pastoris)<\/em> se z\u00edsk\u00e1v\u00e1 z ko\u0159ene t\u00e9to rostliny. P\u0159\u00edpravek je ve form\u011b jemn\u00e9ho pr\u00e1\u0161ku charakteristick\u00e9 v\u016fn\u011b a chuti, hn\u011bdozelen\u00e9 barvy, s p\u0159\u00eddavkem maltodextrinu jako pomocn\u00e9 l\u00e1tky.<\/p>\n","protected":false},"featured_media":35510,"template":"","meta":[],"product_brand":[],"product_cat":[622],"product_tag":[],"class_list":{"0":"post-35560","1":"product","2":"type-product","3":"status-publish","4":"has-post-thumbnail","6":"product_cat-rostlinne-vytazky","7":"pa_czesc-rosliny-root","9":"first","10":"instock","11":"shipping-taxable","12":"product-type-simple"},"yoast_head":"<!-- This site is optimized with the Yoast SEO plugin v27.4 - https:\/\/yoast.com\/product\/yoast-seo-wordpress\/ -->\n<title>Extrakt z koko\u0161ky pastu\u0161\u00ed tobolky - NATURAL POLAND - Velkoobchodn\u00ed distributor surovin<\/title>\n<meta name=\"description\" content=\"Vysoce kvalitn\u00ed surovinou z\u00edsk\u00e1vanou z ko\u0159ene rostliny je Capsella bursa-pastoris.\" \/>\n<meta name=\"robots\" content=\"index, follow, max-snippet:-1, max-image-preview:large, max-video-preview:-1\" \/>\n<link rel=\"canonical\" href=\"https:\/\/naturalpoland.com\/cs\/produkty\/rostlinne-vytazky\/extrakt-z-msice-obecne\/\" \/>\n<meta property=\"og:locale\" content=\"cs_CZ\" \/>\n<meta property=\"og:type\" content=\"article\" \/>\n<meta property=\"og:title\" content=\"Extrakt z koko\u0161ky pastu\u0161\u00ed tobolky - NATURAL POLAND - Velkoobchodn\u00ed distributor surovin\" \/>\n<meta property=\"og:description\" content=\"Vysoce kvalitn\u00ed surovinou z\u00edsk\u00e1vanou z ko\u0159ene rostliny je Capsella bursa-pastoris.\" \/>\n<meta property=\"og:url\" content=\"https:\/\/naturalpoland.com\/cs\/produkty\/rostlinne-vytazky\/extrakt-z-msice-obecne\/\" \/>\n<meta property=\"og:site_name\" content=\"NATURAL POLAND - Velkoobchodn\u00ed distributor surovin\" \/>\n<meta property=\"article:publisher\" content=\"https:\/\/www.facebook.com\/naturalpoland.b2b\" \/>\n<meta property=\"article:modified_time\" content=\"2025-06-30T12:43:31+00:00\" \/>\n<meta property=\"og:image\" content=\"https:\/\/naturalpoland.com\/wp-content\/uploads\/ekstrakt-z-tasznika-pospolitego.webp\" \/>\n\t<meta property=\"og:image:width\" content=\"619\" \/>\n\t<meta property=\"og:image:height\" content=\"619\" \/>\n\t<meta property=\"og:image:type\" content=\"image\/webp\" \/>\n<script type=\"application\/ld+json\" class=\"yoast-schema-graph\">{\"@context\":\"https:\\\/\\\/schema.org\",\"@graph\":[{\"@type\":\"WebPage\",\"@id\":\"https:\\\/\\\/naturalpoland.com\\\/cs\\\/produkty\\\/rostlinne-vytazky\\\/extrakt-z-msice-obecne\\\/\",\"url\":\"https:\\\/\\\/naturalpoland.com\\\/cs\\\/produkty\\\/rostlinne-vytazky\\\/extrakt-z-msice-obecne\\\/\",\"name\":\"Extrakt z koko\u0161ky pastu\u0161\u00ed tobolky - NATURAL POLAND - Velkoobchodn\u00ed distributor surovin\",\"isPartOf\":{\"@id\":\"https:\\\/\\\/naturalpoland.com\\\/cs\\\/#website\"},\"primaryImageOfPage\":{\"@id\":\"https:\\\/\\\/naturalpoland.com\\\/cs\\\/produkty\\\/rostlinne-vytazky\\\/extrakt-z-msice-obecne\\\/#primaryimage\"},\"image\":{\"@id\":\"https:\\\/\\\/naturalpoland.com\\\/cs\\\/produkty\\\/rostlinne-vytazky\\\/extrakt-z-msice-obecne\\\/#primaryimage\"},\"thumbnailUrl\":\"https:\\\/\\\/naturalpoland.com\\\/wp-content\\\/uploads\\\/ekstrakt-z-tasznika-pospolitego.webp\",\"datePublished\":\"2024-09-12T13:32:41+00:00\",\"dateModified\":\"2025-06-30T12:43:31+00:00\",\"description\":\"Vysoce kvalitn\u00ed surovinou z\u00edsk\u00e1vanou z ko\u0159ene rostliny je Capsella bursa-pastoris.\",\"breadcrumb\":{\"@id\":\"https:\\\/\\\/naturalpoland.com\\\/cs\\\/produkty\\\/rostlinne-vytazky\\\/extrakt-z-msice-obecne\\\/#breadcrumb\"},\"inLanguage\":\"cs\",\"potentialAction\":[{\"@type\":\"ReadAction\",\"target\":[\"https:\\\/\\\/naturalpoland.com\\\/cs\\\/produkty\\\/rostlinne-vytazky\\\/extrakt-z-msice-obecne\\\/\"]}]},{\"@type\":\"ImageObject\",\"inLanguage\":\"cs\",\"@id\":\"https:\\\/\\\/naturalpoland.com\\\/cs\\\/produkty\\\/rostlinne-vytazky\\\/extrakt-z-msice-obecne\\\/#primaryimage\",\"url\":\"https:\\\/\\\/naturalpoland.com\\\/wp-content\\\/uploads\\\/ekstrakt-z-tasznika-pospolitego.webp\",\"contentUrl\":\"https:\\\/\\\/naturalpoland.com\\\/wp-content\\\/uploads\\\/ekstrakt-z-tasznika-pospolitego.webp\",\"width\":619,\"height\":619,\"caption\":\"ekstrakt z tasznika pospolitego\"},{\"@type\":\"BreadcrumbList\",\"@id\":\"https:\\\/\\\/naturalpoland.com\\\/cs\\\/produkty\\\/rostlinne-vytazky\\\/extrakt-z-msice-obecne\\\/#breadcrumb\",\"itemListElement\":[{\"@type\":\"ListItem\",\"position\":1,\"name\":\"Dom\u016f\",\"item\":\"https:\\\/\\\/naturalpoland.com\\\/cs\\\/\"},{\"@type\":\"ListItem\",\"position\":2,\"name\":\"Produkty\",\"item\":\"https:\\\/\\\/naturalpoland.com\\\/cs\\\/produkty\\\/\"},{\"@type\":\"ListItem\",\"position\":3,\"name\":\"Extrakt z koko\u0161ky pastu\u0161\u00ed tobolky\"}]},{\"@type\":\"WebSite\",\"@id\":\"https:\\\/\\\/naturalpoland.com\\\/cs\\\/#website\",\"url\":\"https:\\\/\\\/naturalpoland.com\\\/cs\\\/\",\"name\":\"NATURAL POLAND - Velkoobchodn\u00ed distributor surovin\",\"description\":\"Surowce dla przemys\u0142u spo\u017cywczego, kosmetycznego i farmaceutycznego\",\"publisher\":{\"@id\":\"https:\\\/\\\/naturalpoland.com\\\/cs\\\/#organization\"},\"potentialAction\":[{\"@type\":\"SearchAction\",\"target\":{\"@type\":\"EntryPoint\",\"urlTemplate\":\"https:\\\/\\\/naturalpoland.com\\\/cs\\\/?s={search_term_string}\"},\"query-input\":{\"@type\":\"PropertyValueSpecification\",\"valueRequired\":true,\"valueName\":\"search_term_string\"}}],\"inLanguage\":\"cs\"},{\"@type\":\"Organization\",\"@id\":\"https:\\\/\\\/naturalpoland.com\\\/cs\\\/#organization\",\"name\":\"Natural Poland\",\"url\":\"https:\\\/\\\/naturalpoland.com\\\/cs\\\/\",\"logo\":{\"@type\":\"ImageObject\",\"inLanguage\":\"cs\",\"@id\":\"https:\\\/\\\/naturalpoland.com\\\/cs\\\/#\\\/schema\\\/logo\\\/image\\\/\",\"url\":\"https:\\\/\\\/naturalpoland.com\\\/wp-content\\\/uploads\\\/2021\\\/05\\\/natural-poland-icon.png\",\"contentUrl\":\"https:\\\/\\\/naturalpoland.com\\\/wp-content\\\/uploads\\\/2021\\\/05\\\/natural-poland-icon.png\",\"width\":512,\"height\":512,\"caption\":\"Natural Poland\"},\"image\":{\"@id\":\"https:\\\/\\\/naturalpoland.com\\\/cs\\\/#\\\/schema\\\/logo\\\/image\\\/\"},\"sameAs\":[\"https:\\\/\\\/www.facebook.com\\\/naturalpoland.b2b\",\"https:\\\/\\\/pl.linkedin.com\\\/company\\\/natural-poland\",\"https:\\\/\\\/www.youtube.com\\\/channel\\\/UCgeGGkvOMahZo-xu_MSEWxg\"]}]}<\/script>\n<!-- \/ Yoast SEO plugin. -->","yoast_head_json":{"title":"Extrakt z koko\u0161ky pastu\u0161\u00ed tobolky - NATURAL POLAND - Velkoobchodn\u00ed distributor surovin","description":"Vysoce kvalitn\u00ed surovinou z\u00edsk\u00e1vanou z ko\u0159ene rostliny je Capsella bursa-pastoris.","robots":{"index":"index","follow":"follow","max-snippet":"max-snippet:-1","max-image-preview":"max-image-preview:large","max-video-preview":"max-video-preview:-1"},"canonical":"https:\/\/naturalpoland.com\/cs\/produkty\/rostlinne-vytazky\/extrakt-z-msice-obecne\/","og_locale":"cs_CZ","og_type":"article","og_title":"Extrakt z koko\u0161ky pastu\u0161\u00ed tobolky - NATURAL POLAND - Velkoobchodn\u00ed distributor surovin","og_description":"Vysoce kvalitn\u00ed surovinou z\u00edsk\u00e1vanou z ko\u0159ene rostliny je Capsella bursa-pastoris.","og_url":"https:\/\/naturalpoland.com\/cs\/produkty\/rostlinne-vytazky\/extrakt-z-msice-obecne\/","og_site_name":"NATURAL POLAND - Velkoobchodn\u00ed distributor surovin","article_publisher":"https:\/\/www.facebook.com\/naturalpoland.b2b","article_modified_time":"2025-06-30T12:43:31+00:00","og_image":[{"width":619,"height":619,"url":"https:\/\/naturalpoland.com\/wp-content\/uploads\/ekstrakt-z-tasznika-pospolitego.webp","type":"image\/webp"}],"schema":{"@context":"https:\/\/schema.org","@graph":[{"@type":"WebPage","@id":"https:\/\/naturalpoland.com\/cs\/produkty\/rostlinne-vytazky\/extrakt-z-msice-obecne\/","url":"https:\/\/naturalpoland.com\/cs\/produkty\/rostlinne-vytazky\/extrakt-z-msice-obecne\/","name":"Extrakt z koko\u0161ky pastu\u0161\u00ed tobolky - NATURAL POLAND - Velkoobchodn\u00ed distributor surovin","isPartOf":{"@id":"https:\/\/naturalpoland.com\/cs\/#website"},"primaryImageOfPage":{"@id":"https:\/\/naturalpoland.com\/cs\/produkty\/rostlinne-vytazky\/extrakt-z-msice-obecne\/#primaryimage"},"image":{"@id":"https:\/\/naturalpoland.com\/cs\/produkty\/rostlinne-vytazky\/extrakt-z-msice-obecne\/#primaryimage"},"thumbnailUrl":"https:\/\/naturalpoland.com\/wp-content\/uploads\/ekstrakt-z-tasznika-pospolitego.webp","datePublished":"2024-09-12T13:32:41+00:00","dateModified":"2025-06-30T12:43:31+00:00","description":"Vysoce kvalitn\u00ed surovinou z\u00edsk\u00e1vanou z ko\u0159ene rostliny je Capsella bursa-pastoris.","breadcrumb":{"@id":"https:\/\/naturalpoland.com\/cs\/produkty\/rostlinne-vytazky\/extrakt-z-msice-obecne\/#breadcrumb"},"inLanguage":"cs","potentialAction":[{"@type":"ReadAction","target":["https:\/\/naturalpoland.com\/cs\/produkty\/rostlinne-vytazky\/extrakt-z-msice-obecne\/"]}]},{"@type":"ImageObject","inLanguage":"cs","@id":"https:\/\/naturalpoland.com\/cs\/produkty\/rostlinne-vytazky\/extrakt-z-msice-obecne\/#primaryimage","url":"https:\/\/naturalpoland.com\/wp-content\/uploads\/ekstrakt-z-tasznika-pospolitego.webp","contentUrl":"https:\/\/naturalpoland.com\/wp-content\/uploads\/ekstrakt-z-tasznika-pospolitego.webp","width":619,"height":619,"caption":"ekstrakt z tasznika pospolitego"},{"@type":"BreadcrumbList","@id":"https:\/\/naturalpoland.com\/cs\/produkty\/rostlinne-vytazky\/extrakt-z-msice-obecne\/#breadcrumb","itemListElement":[{"@type":"ListItem","position":1,"name":"Dom\u016f","item":"https:\/\/naturalpoland.com\/cs\/"},{"@type":"ListItem","position":2,"name":"Produkty","item":"https:\/\/naturalpoland.com\/cs\/produkty\/"},{"@type":"ListItem","position":3,"name":"Extrakt z koko\u0161ky pastu\u0161\u00ed tobolky"}]},{"@type":"WebSite","@id":"https:\/\/naturalpoland.com\/cs\/#website","url":"https:\/\/naturalpoland.com\/cs\/","name":"NATURAL POLAND - Velkoobchodn\u00ed distributor surovin","description":"Surowce dla przemys\u0142u spo\u017cywczego, kosmetycznego i farmaceutycznego","publisher":{"@id":"https:\/\/naturalpoland.com\/cs\/#organization"},"potentialAction":[{"@type":"SearchAction","target":{"@type":"EntryPoint","urlTemplate":"https:\/\/naturalpoland.com\/cs\/?s={search_term_string}"},"query-input":{"@type":"PropertyValueSpecification","valueRequired":true,"valueName":"search_term_string"}}],"inLanguage":"cs"},{"@type":"Organization","@id":"https:\/\/naturalpoland.com\/cs\/#organization","name":"Natural Poland","url":"https:\/\/naturalpoland.com\/cs\/","logo":{"@type":"ImageObject","inLanguage":"cs","@id":"https:\/\/naturalpoland.com\/cs\/#\/schema\/logo\/image\/","url":"https:\/\/naturalpoland.com\/wp-content\/uploads\/2021\/05\/natural-poland-icon.png","contentUrl":"https:\/\/naturalpoland.com\/wp-content\/uploads\/2021\/05\/natural-poland-icon.png","width":512,"height":512,"caption":"Natural Poland"},"image":{"@id":"https:\/\/naturalpoland.com\/cs\/#\/schema\/logo\/image\/"},"sameAs":["https:\/\/www.facebook.com\/naturalpoland.b2b","https:\/\/pl.linkedin.com\/company\/natural-poland","https:\/\/www.youtube.com\/channel\/UCgeGGkvOMahZo-xu_MSEWxg"]}]}},"_links":{"self":[{"href":"https:\/\/naturalpoland.com\/cs\/wp-json\/wp\/v2\/product\/35560","targetHints":{"allow":["GET"]}}],"collection":[{"href":"https:\/\/naturalpoland.com\/cs\/wp-json\/wp\/v2\/product"}],"about":[{"href":"https:\/\/naturalpoland.com\/cs\/wp-json\/wp\/v2\/types\/product"}],"wp:featuredmedia":[{"embeddable":true,"href":"https:\/\/naturalpoland.com\/cs\/wp-json\/wp\/v2\/media\/35510"}],"wp:attachment":[{"href":"https:\/\/naturalpoland.com\/cs\/wp-json\/wp\/v2\/media?parent=35560"}],"wp:term":[{"taxonomy":"product_brand","embeddable":true,"href":"https:\/\/naturalpoland.com\/cs\/wp-json\/wp\/v2\/product_brand?post=35560"},{"taxonomy":"product_cat","embeddable":true,"href":"https:\/\/naturalpoland.com\/cs\/wp-json\/wp\/v2\/product_cat?post=35560"},{"taxonomy":"product_tag","embeddable":true,"href":"https:\/\/naturalpoland.com\/cs\/wp-json\/wp\/v2\/product_tag?post=35560"}],"curies":[{"name":"wp","href":"https:\/\/api.w.org\/{rel}","templated":true}]}}