{"id":35985,"date":"2024-10-03T13:42:52","date_gmt":"2024-10-03T13:13:13","guid":{"rendered":"https:\/\/naturalpoland.com\/produkty\/neza\u0159azen\u00e9\/extrakt-z-kasie-nomame\/"},"modified":"2024-10-03T15:13:13","modified_gmt":"2024-10-03T13:13:13","slug":"extrakt-z-kasie-nomame","status":"publish","type":"product","link":"https:\/\/naturalpoland.com\/cs\/produkty\/rostlinne-vytazky\/extrakt-z-kasie-nomame\/","title":{"rendered":"V\u00fdta\u017eek z Cassia Nomame"},"content":{"rendered":"<h2>Vlastnosti<\/h2>\n<p>  Extrakt Cassia Nomame obsahuje p\u0159\u00edrodn\u00ed l\u00e1tky, <strong>kter\u00e9 inhibuj\u00ed lip\u00e1zu<\/strong>, enzym zodpov\u011bdn\u00fd za \u0161t\u011bpen\u00ed tuk\u016f v t\u011ble.<br \/>\nV d\u016fsledku toho se tuky p\u0159ijat\u00e9 ve strav\u011b nevst\u0159eb\u00e1vaj\u00ed, ale proch\u00e1zej\u00ed tr\u00e1vic\u00edm traktem, co\u017e vede k jejich vylou\u010den\u00ed, m\u00edsto aby se ukl\u00e1daly v t\u011ble.<br \/>\nTo je kl\u00ed\u010dov\u00fd mechanismus \u00fa\u010dinku tohoto extraktu p\u0159i sni\u017eov\u00e1n\u00ed hmotnosti.<br \/>\nExtrakt <strong>stimuluje termogenezi<\/strong>, proces tvorby tepla v t\u011ble, co\u017e zvy\u0161uje spalov\u00e1n\u00ed tuk\u016f.<br \/>\nT\u00edmto zp\u016fsobem podporuje p\u0159irozen\u00e9 metabolick\u00e9 procesy, \u010d\u00edm\u017e pom\u00e1h\u00e1 sni\u017eovat mno\u017estv\u00ed t\u011blesn\u00e9ho tuku.<br \/>\nKrom\u011b lipolytick\u00e9ho \u00fa\u010dinku m\u00e1 Cassia Nomame tak\u00e9 vlastnosti <strong>potla\u010duj\u00edc\u00ed chu\u0165 k j\u00eddlu<\/strong>.<br \/>\nT\u00edm usnad\u0148uje budov\u00e1n\u00ed svalov\u00e9 hmoty a podporuje procesy hubnut\u00ed.<br \/>\nCassia Nomame je p\u0159\u00edrodn\u00ed <strong>diuretikum<\/strong>, kter\u00e9 podporuje odstra\u0148ov\u00e1n\u00ed p\u0159ebyte\u010dn\u00e9 vody z t\u011bla, co\u017e napom\u00e1h\u00e1 sni\u017eov\u00e1n\u00ed otok\u016f a detoxikaci.<br \/>\nV tradi\u010dn\u00ed \u010d\u00ednsk\u00e9 medic\u00edn\u011b se pou\u017e\u00edvala tak\u00e9 jako proj\u00edmadlo, ale modern\u00ed v\u00fdzkumy ukazuj\u00ed, \u017ee redukce hmotnosti nen\u00ed prim\u00e1rn\u011b zp\u016fsobena t\u011bmito vlastnostmi, ale jej\u00edm p\u016fsoben\u00edm na metabolismus tuk\u016f.          <\/p>\n<h2>Aplikace<\/h2>\n<p>  Extrakt z <em>Cassia Nomame<\/em> se hojn\u011b pou\u017e\u00edv\u00e1 v dopl\u0148c\u00edch stravy na podporu regulace hmotnosti a hubnut\u00ed.<br \/>\nJako p\u0159\u00edrodn\u00ed spalova\u010d tuk\u016f a inhibitor lip\u00e1zy je ide\u00e1ln\u00ed slo\u017ekou produkt\u016f, kter\u00e9 podporuj\u00ed redukci tuk\u016f, kontrolu chuti k j\u00eddlu a o\u010distu organismu. <\/p>\n","protected":false},"excerpt":{"rendered":"<p>V\u00fdta\u017eek z Cassia nomame, botanicky zn\u00e1m\u00fd jako <em>Cassia nomame (Sieb.) K.<\/em>, je p\u0159\u00edrodn\u00ed produkt z\u00edskan\u00fd z cel\u00e9 rostliny.<br \/>\nExtrakt se z\u00edsk\u00e1v\u00e1 za pou\u017eit\u00ed vody jako rozpou\u0161t\u011bdla. <\/p>\n","protected":false},"featured_media":35939,"template":"","meta":{"_acf_changed":false},"product_brand":[],"product_cat":[622],"product_tag":[],"class_list":{"0":"post-35985","1":"product","2":"type-product","3":"status-publish","4":"has-post-thumbnail","6":"product_cat-rostlinne-vytazky","7":"pa_czesc-rosliny-cela-rostlina","9":"first","10":"instock","11":"shipping-taxable","12":"product-type-simple"},"acf":[],"yoast_head":"<!-- This site is optimized with the Yoast SEO plugin v27.4 - https:\/\/yoast.com\/product\/yoast-seo-wordpress\/ -->\n<title>V\u00fdta\u017eek z Cassia Nomame - NATURAL POLAND - Velkoobchodn\u00ed distributor surovin<\/title>\n<meta name=\"description\" content=\"V\u00fdta\u017eek z Cassia Nomame je inovativn\u00ed p\u0159\u00edrodn\u00ed slo\u017eka, kter\u00e1 podporuje hubnut\u00ed, kontrolu hmotnosti a termogenezi a zlep\u0161uje metabolismus.\" \/>\n<meta name=\"robots\" content=\"index, follow, max-snippet:-1, max-image-preview:large, max-video-preview:-1\" \/>\n<link rel=\"canonical\" href=\"https:\/\/naturalpoland.com\/cs\/produkty\/rostlinne-vytazky\/extrakt-z-kasie-nomame\/\" \/>\n<meta property=\"og:locale\" content=\"cs_CZ\" \/>\n<meta property=\"og:type\" content=\"article\" \/>\n<meta property=\"og:title\" content=\"V\u00fdta\u017eek z Cassia Nomame - NATURAL POLAND - Velkoobchodn\u00ed distributor surovin\" \/>\n<meta property=\"og:description\" content=\"V\u00fdta\u017eek z Cassia Nomame je inovativn\u00ed p\u0159\u00edrodn\u00ed slo\u017eka, kter\u00e1 podporuje hubnut\u00ed, kontrolu hmotnosti a termogenezi a zlep\u0161uje metabolismus.\" \/>\n<meta property=\"og:url\" content=\"https:\/\/naturalpoland.com\/cs\/produkty\/rostlinne-vytazky\/extrakt-z-kasie-nomame\/\" \/>\n<meta property=\"og:site_name\" content=\"NATURAL POLAND - Velkoobchodn\u00ed distributor surovin\" \/>\n<meta property=\"article:publisher\" content=\"https:\/\/www.facebook.com\/naturalpoland.b2b\" \/>\n<meta property=\"og:image\" content=\"https:\/\/naturalpoland.com\/wp-content\/uploads\/ekstrakt-z-cassia-nomame.webp\" \/>\n\t<meta property=\"og:image:width\" content=\"350\" \/>\n\t<meta property=\"og:image:height\" content=\"350\" \/>\n\t<meta property=\"og:image:type\" content=\"image\/webp\" \/>\n<script type=\"application\/ld+json\" class=\"yoast-schema-graph\">{\"@context\":\"https:\\\/\\\/schema.org\",\"@graph\":[{\"@type\":\"WebPage\",\"@id\":\"https:\\\/\\\/naturalpoland.com\\\/cs\\\/produkty\\\/rostlinne-vytazky\\\/extrakt-z-kasie-nomame\\\/\",\"url\":\"https:\\\/\\\/naturalpoland.com\\\/cs\\\/produkty\\\/rostlinne-vytazky\\\/extrakt-z-kasie-nomame\\\/\",\"name\":\"V\u00fdta\u017eek z Cassia Nomame - NATURAL POLAND - Velkoobchodn\u00ed distributor surovin\",\"isPartOf\":{\"@id\":\"https:\\\/\\\/naturalpoland.com\\\/cs\\\/#website\"},\"primaryImageOfPage\":{\"@id\":\"https:\\\/\\\/naturalpoland.com\\\/cs\\\/produkty\\\/rostlinne-vytazky\\\/extrakt-z-kasie-nomame\\\/#primaryimage\"},\"image\":{\"@id\":\"https:\\\/\\\/naturalpoland.com\\\/cs\\\/produkty\\\/rostlinne-vytazky\\\/extrakt-z-kasie-nomame\\\/#primaryimage\"},\"thumbnailUrl\":\"https:\\\/\\\/naturalpoland.com\\\/wp-content\\\/uploads\\\/ekstrakt-z-cassia-nomame.webp\",\"datePublished\":\"2024-10-03T13:13:13+00:00\",\"description\":\"V\u00fdta\u017eek z Cassia Nomame je inovativn\u00ed p\u0159\u00edrodn\u00ed slo\u017eka, kter\u00e1 podporuje hubnut\u00ed, kontrolu hmotnosti a termogenezi a zlep\u0161uje metabolismus.\",\"breadcrumb\":{\"@id\":\"https:\\\/\\\/naturalpoland.com\\\/cs\\\/produkty\\\/rostlinne-vytazky\\\/extrakt-z-kasie-nomame\\\/#breadcrumb\"},\"inLanguage\":\"cs\",\"potentialAction\":[{\"@type\":\"ReadAction\",\"target\":[\"https:\\\/\\\/naturalpoland.com\\\/cs\\\/produkty\\\/rostlinne-vytazky\\\/extrakt-z-kasie-nomame\\\/\"]}]},{\"@type\":\"ImageObject\",\"inLanguage\":\"cs\",\"@id\":\"https:\\\/\\\/naturalpoland.com\\\/cs\\\/produkty\\\/rostlinne-vytazky\\\/extrakt-z-kasie-nomame\\\/#primaryimage\",\"url\":\"https:\\\/\\\/naturalpoland.com\\\/wp-content\\\/uploads\\\/ekstrakt-z-cassia-nomame.webp\",\"contentUrl\":\"https:\\\/\\\/naturalpoland.com\\\/wp-content\\\/uploads\\\/ekstrakt-z-cassia-nomame.webp\",\"width\":350,\"height\":350,\"caption\":\"Ekstrakt z Cassia Nomame\"},{\"@type\":\"BreadcrumbList\",\"@id\":\"https:\\\/\\\/naturalpoland.com\\\/cs\\\/produkty\\\/rostlinne-vytazky\\\/extrakt-z-kasie-nomame\\\/#breadcrumb\",\"itemListElement\":[{\"@type\":\"ListItem\",\"position\":1,\"name\":\"Dom\u016f\",\"item\":\"https:\\\/\\\/naturalpoland.com\\\/cs\\\/\"},{\"@type\":\"ListItem\",\"position\":2,\"name\":\"Produkty\",\"item\":\"https:\\\/\\\/naturalpoland.com\\\/cs\\\/produkty\\\/\"},{\"@type\":\"ListItem\",\"position\":3,\"name\":\"V\u00fdta\u017eek z Cassia Nomame\"}]},{\"@type\":\"WebSite\",\"@id\":\"https:\\\/\\\/naturalpoland.com\\\/cs\\\/#website\",\"url\":\"https:\\\/\\\/naturalpoland.com\\\/cs\\\/\",\"name\":\"NATURAL POLAND - Velkoobchodn\u00ed distributor surovin\",\"description\":\"Surowce dla przemys\u0142u spo\u017cywczego, kosmetycznego i farmaceutycznego\",\"publisher\":{\"@id\":\"https:\\\/\\\/naturalpoland.com\\\/cs\\\/#organization\"},\"potentialAction\":[{\"@type\":\"SearchAction\",\"target\":{\"@type\":\"EntryPoint\",\"urlTemplate\":\"https:\\\/\\\/naturalpoland.com\\\/cs\\\/?s={search_term_string}\"},\"query-input\":{\"@type\":\"PropertyValueSpecification\",\"valueRequired\":true,\"valueName\":\"search_term_string\"}}],\"inLanguage\":\"cs\"},{\"@type\":\"Organization\",\"@id\":\"https:\\\/\\\/naturalpoland.com\\\/cs\\\/#organization\",\"name\":\"Natural Poland\",\"url\":\"https:\\\/\\\/naturalpoland.com\\\/cs\\\/\",\"logo\":{\"@type\":\"ImageObject\",\"inLanguage\":\"cs\",\"@id\":\"https:\\\/\\\/naturalpoland.com\\\/cs\\\/#\\\/schema\\\/logo\\\/image\\\/\",\"url\":\"https:\\\/\\\/naturalpoland.com\\\/wp-content\\\/uploads\\\/2021\\\/05\\\/natural-poland-icon.png\",\"contentUrl\":\"https:\\\/\\\/naturalpoland.com\\\/wp-content\\\/uploads\\\/2021\\\/05\\\/natural-poland-icon.png\",\"width\":512,\"height\":512,\"caption\":\"Natural Poland\"},\"image\":{\"@id\":\"https:\\\/\\\/naturalpoland.com\\\/cs\\\/#\\\/schema\\\/logo\\\/image\\\/\"},\"sameAs\":[\"https:\\\/\\\/www.facebook.com\\\/naturalpoland.b2b\",\"https:\\\/\\\/pl.linkedin.com\\\/company\\\/natural-poland\",\"https:\\\/\\\/www.youtube.com\\\/channel\\\/UCgeGGkvOMahZo-xu_MSEWxg\"]}]}<\/script>\n<!-- \/ Yoast SEO plugin. -->","yoast_head_json":{"title":"V\u00fdta\u017eek z Cassia Nomame - NATURAL POLAND - Velkoobchodn\u00ed distributor surovin","description":"V\u00fdta\u017eek z Cassia Nomame je inovativn\u00ed p\u0159\u00edrodn\u00ed slo\u017eka, kter\u00e1 podporuje hubnut\u00ed, kontrolu hmotnosti a termogenezi a zlep\u0161uje metabolismus.","robots":{"index":"index","follow":"follow","max-snippet":"max-snippet:-1","max-image-preview":"max-image-preview:large","max-video-preview":"max-video-preview:-1"},"canonical":"https:\/\/naturalpoland.com\/cs\/produkty\/rostlinne-vytazky\/extrakt-z-kasie-nomame\/","og_locale":"cs_CZ","og_type":"article","og_title":"V\u00fdta\u017eek z Cassia Nomame - NATURAL POLAND - Velkoobchodn\u00ed distributor surovin","og_description":"V\u00fdta\u017eek z Cassia Nomame je inovativn\u00ed p\u0159\u00edrodn\u00ed slo\u017eka, kter\u00e1 podporuje hubnut\u00ed, kontrolu hmotnosti a termogenezi a zlep\u0161uje metabolismus.","og_url":"https:\/\/naturalpoland.com\/cs\/produkty\/rostlinne-vytazky\/extrakt-z-kasie-nomame\/","og_site_name":"NATURAL POLAND - Velkoobchodn\u00ed distributor surovin","article_publisher":"https:\/\/www.facebook.com\/naturalpoland.b2b","og_image":[{"width":350,"height":350,"url":"https:\/\/naturalpoland.com\/wp-content\/uploads\/ekstrakt-z-cassia-nomame.webp","type":"image\/webp"}],"schema":{"@context":"https:\/\/schema.org","@graph":[{"@type":"WebPage","@id":"https:\/\/naturalpoland.com\/cs\/produkty\/rostlinne-vytazky\/extrakt-z-kasie-nomame\/","url":"https:\/\/naturalpoland.com\/cs\/produkty\/rostlinne-vytazky\/extrakt-z-kasie-nomame\/","name":"V\u00fdta\u017eek z Cassia Nomame - NATURAL POLAND - Velkoobchodn\u00ed distributor surovin","isPartOf":{"@id":"https:\/\/naturalpoland.com\/cs\/#website"},"primaryImageOfPage":{"@id":"https:\/\/naturalpoland.com\/cs\/produkty\/rostlinne-vytazky\/extrakt-z-kasie-nomame\/#primaryimage"},"image":{"@id":"https:\/\/naturalpoland.com\/cs\/produkty\/rostlinne-vytazky\/extrakt-z-kasie-nomame\/#primaryimage"},"thumbnailUrl":"https:\/\/naturalpoland.com\/wp-content\/uploads\/ekstrakt-z-cassia-nomame.webp","datePublished":"2024-10-03T13:13:13+00:00","description":"V\u00fdta\u017eek z Cassia Nomame je inovativn\u00ed p\u0159\u00edrodn\u00ed slo\u017eka, kter\u00e1 podporuje hubnut\u00ed, kontrolu hmotnosti a termogenezi a zlep\u0161uje metabolismus.","breadcrumb":{"@id":"https:\/\/naturalpoland.com\/cs\/produkty\/rostlinne-vytazky\/extrakt-z-kasie-nomame\/#breadcrumb"},"inLanguage":"cs","potentialAction":[{"@type":"ReadAction","target":["https:\/\/naturalpoland.com\/cs\/produkty\/rostlinne-vytazky\/extrakt-z-kasie-nomame\/"]}]},{"@type":"ImageObject","inLanguage":"cs","@id":"https:\/\/naturalpoland.com\/cs\/produkty\/rostlinne-vytazky\/extrakt-z-kasie-nomame\/#primaryimage","url":"https:\/\/naturalpoland.com\/wp-content\/uploads\/ekstrakt-z-cassia-nomame.webp","contentUrl":"https:\/\/naturalpoland.com\/wp-content\/uploads\/ekstrakt-z-cassia-nomame.webp","width":350,"height":350,"caption":"Ekstrakt z Cassia Nomame"},{"@type":"BreadcrumbList","@id":"https:\/\/naturalpoland.com\/cs\/produkty\/rostlinne-vytazky\/extrakt-z-kasie-nomame\/#breadcrumb","itemListElement":[{"@type":"ListItem","position":1,"name":"Dom\u016f","item":"https:\/\/naturalpoland.com\/cs\/"},{"@type":"ListItem","position":2,"name":"Produkty","item":"https:\/\/naturalpoland.com\/cs\/produkty\/"},{"@type":"ListItem","position":3,"name":"V\u00fdta\u017eek z Cassia Nomame"}]},{"@type":"WebSite","@id":"https:\/\/naturalpoland.com\/cs\/#website","url":"https:\/\/naturalpoland.com\/cs\/","name":"NATURAL POLAND - Velkoobchodn\u00ed distributor surovin","description":"Surowce dla przemys\u0142u spo\u017cywczego, kosmetycznego i farmaceutycznego","publisher":{"@id":"https:\/\/naturalpoland.com\/cs\/#organization"},"potentialAction":[{"@type":"SearchAction","target":{"@type":"EntryPoint","urlTemplate":"https:\/\/naturalpoland.com\/cs\/?s={search_term_string}"},"query-input":{"@type":"PropertyValueSpecification","valueRequired":true,"valueName":"search_term_string"}}],"inLanguage":"cs"},{"@type":"Organization","@id":"https:\/\/naturalpoland.com\/cs\/#organization","name":"Natural Poland","url":"https:\/\/naturalpoland.com\/cs\/","logo":{"@type":"ImageObject","inLanguage":"cs","@id":"https:\/\/naturalpoland.com\/cs\/#\/schema\/logo\/image\/","url":"https:\/\/naturalpoland.com\/wp-content\/uploads\/2021\/05\/natural-poland-icon.png","contentUrl":"https:\/\/naturalpoland.com\/wp-content\/uploads\/2021\/05\/natural-poland-icon.png","width":512,"height":512,"caption":"Natural Poland"},"image":{"@id":"https:\/\/naturalpoland.com\/cs\/#\/schema\/logo\/image\/"},"sameAs":["https:\/\/www.facebook.com\/naturalpoland.b2b","https:\/\/pl.linkedin.com\/company\/natural-poland","https:\/\/www.youtube.com\/channel\/UCgeGGkvOMahZo-xu_MSEWxg"]}]}},"_links":{"self":[{"href":"https:\/\/naturalpoland.com\/cs\/wp-json\/wp\/v2\/product\/35985","targetHints":{"allow":["GET"]}}],"collection":[{"href":"https:\/\/naturalpoland.com\/cs\/wp-json\/wp\/v2\/product"}],"about":[{"href":"https:\/\/naturalpoland.com\/cs\/wp-json\/wp\/v2\/types\/product"}],"wp:featuredmedia":[{"embeddable":true,"href":"https:\/\/naturalpoland.com\/cs\/wp-json\/wp\/v2\/media\/35939"}],"wp:attachment":[{"href":"https:\/\/naturalpoland.com\/cs\/wp-json\/wp\/v2\/media?parent=35985"}],"wp:term":[{"taxonomy":"product_brand","embeddable":true,"href":"https:\/\/naturalpoland.com\/cs\/wp-json\/wp\/v2\/product_brand?post=35985"},{"taxonomy":"product_cat","embeddable":true,"href":"https:\/\/naturalpoland.com\/cs\/wp-json\/wp\/v2\/product_cat?post=35985"},{"taxonomy":"product_tag","embeddable":true,"href":"https:\/\/naturalpoland.com\/cs\/wp-json\/wp\/v2\/product_tag?post=35985"}],"curies":[{"name":"wp","href":"https:\/\/api.w.org\/{rel}","templated":true}]}}