{"id":36304,"date":"2024-10-08T15:03:54","date_gmt":"2024-10-09T11:13:19","guid":{"rendered":"https:\/\/naturalpoland.com\/produkty\/neza\u0159azen\u00e9\/oil-blue-tansy\/"},"modified":"2024-10-09T13:13:19","modified_gmt":"2024-10-09T11:13:19","slug":"oil-blue-tansy","status":"publish","type":"product","link":"https:\/\/naturalpoland.com\/cs\/produkty\/produkty-pro-kosmeticky-prumysl\/esencialni-oleje\/oil-blue-tansy\/","title":{"rendered":"Olej z modr\u00e9 tansy"},"content":{"rendered":"<h2>Vlastnosti oleje z modr\u00e9 tansy<\/h2>\n<p>D\u00edky p\u0159\u00edtomnosti chamazulenu a dal\u0161\u00edch antihistaminick\u00fdch l\u00e1tek m\u00e1 olej z modr\u00e9 tansy protiz\u00e1n\u011btliv\u00e9 a protialergick\u00e9 \u00fa\u010dinky. Pom\u00e1h\u00e1 zklidnit zarudnut\u00ed, vyr\u00e1\u017eky a je vhodn\u00fd pro poko\u017eku s ekz\u00e9my nebo sp\u00e1leninami od slunce. Olej m\u00e1 tak\u00e9 aromaterapeutick\u00e9 vlastnosti. M\u00e1 intenzivn\u00ed bylinnou v\u016fni s jemn\u00fdmi, sladk\u00fdmi t\u00f3ny jablka. Pom\u00e1h\u00e1 uvol\u0148ovat emo\u010dn\u00ed nap\u011bt\u00ed a podporuje du\u0161evn\u00ed rovnov\u00e1hu; sni\u017euje stres, podr\u00e1\u017ed\u011bnost a zlep\u0161uje koncentraci. Jeho pou\u017eit\u00ed se doporu\u010duje v produktech ur\u010den\u00fdch k relaxaci a emocion\u00e1ln\u00ed podpo\u0159e, jako jsou ple\u0165ov\u00e9 vody, vonn\u00e9 sv\u00ed\u010dky a sm\u011bsi do difuz\u00e9r\u016f. <\/p>\n<h2>Aplikace<\/h2>\n<p>P\u0159\u00edpravek je vynikaj\u00edc\u00edm dopl\u0148kem kr\u00e9m\u016f, ple\u0165ov\u00fdch s\u00e9r, masek a p\u0159\u00edpravk\u016f na \u010di\u0161t\u011bn\u00ed pleti. Dob\u0159e se uplat\u0148uje v kosmetice pro problematickou ple\u0165, v\u010detn\u011b p\u0159\u00edpravk\u016f proti zarudnut\u00ed a podr\u00e1\u017ed\u011bn\u00ed. Lze jej tak\u00e9 pou\u017e\u00edt do hydrata\u010dn\u00edch ple\u0165ov\u00fdch kr\u00e9m\u016f, p\u0159\u00edpravk\u016f proti st\u00e1rnut\u00ed a do kosmetiky po opalov\u00e1n\u00ed ke zklidn\u011bn\u00ed sp\u00e1lenin. Vzhledem k intenzit\u011b oleje se doporu\u010duje p\u0159ed pou\u017eit\u00edm na ple\u0165 na\u0159edit v z\u00e1kladn\u00edm oleji, nap\u0159\u00edklad jojobov\u00e9m nebo sladk\u00fdch mandl\u00edch. Modrou tansy lze pou\u017e\u00edvat denn\u011b v mal\u00e9m mno\u017estv\u00ed, ale v\u017edy s opatrnost\u00ed &#8211; p\u0159\u00edli\u0161n\u00e9 mno\u017estv\u00ed m\u016f\u017ee v\u00e9st k podr\u00e1\u017ed\u011bn\u00ed.  <\/p>\n<h3><\/h3>\n","protected":false},"excerpt":{"rendered":"<p><strong>Esenci\u00e1ln\u00ed olej Blue Tansy<\/strong> je tak\u00e9 zn\u00e1m\u00fd jako <strong>marock\u00fd vetiverov\u00fd olej<\/strong>. M\u00e1 \u010dirou, tmav\u011b modrou barvu a vysok\u00fd obsah <strong>chamazulenu<\/strong> &#8211; s protiz\u00e1n\u011btliv\u00fdmi a zklid\u0148uj\u00edc\u00edmi \u00fa\u010dinky. Z\u00edsk\u00e1v\u00e1 se z kv\u011bt\u016f dev\u011btsilu modr\u00e9ho, kter\u00fd roste v Maroku a je bl\u00edzk\u00fdm p\u0159\u00edbuzn\u00fdm he\u0159m\u00e1nku.  <\/p>\n","protected":false},"featured_media":36229,"template":"","meta":{"_acf_changed":false},"product_brand":[],"product_cat":[6262],"product_tag":[],"class_list":{"0":"post-36304","1":"product","2":"type-product","3":"status-publish","4":"has-post-thumbnail","6":"product_cat-esencialni-oleje","8":"first","9":"instock","10":"shipping-taxable","11":"product-type-simple"},"acf":[],"yoast_head":"<!-- This site is optimized with the Yoast SEO plugin v27.4 - https:\/\/yoast.com\/product\/yoast-seo-wordpress\/ -->\n<title>Olej z modr\u00e9 tansy - NATURAL POLAND - Velkoobchodn\u00ed distributor surovin<\/title>\n<meta name=\"description\" content=\"Olej z modr\u00e9 tansy je ide\u00e1ln\u00ed volbou pro profesion\u00e1ly v oblasti kr\u00e1sy a wellness, kte\u0159\u00ed hledaj\u00ed jedine\u010dn\u00e9 ingredience s osv\u011bd\u010denou \u00fa\u010dinnost\u00ed.\" \/>\n<meta name=\"robots\" content=\"index, follow, max-snippet:-1, max-image-preview:large, max-video-preview:-1\" \/>\n<link rel=\"canonical\" href=\"https:\/\/naturalpoland.com\/cs\/produkty\/produkty-pro-kosmeticky-prumysl\/esencialni-oleje\/oil-blue-tansy\/\" \/>\n<meta property=\"og:locale\" content=\"cs_CZ\" \/>\n<meta property=\"og:type\" content=\"article\" \/>\n<meta property=\"og:title\" content=\"Olej z modr\u00e9 tansy - NATURAL POLAND - Velkoobchodn\u00ed distributor surovin\" \/>\n<meta property=\"og:description\" content=\"Olej z modr\u00e9 tansy je ide\u00e1ln\u00ed volbou pro profesion\u00e1ly v oblasti kr\u00e1sy a wellness, kte\u0159\u00ed hledaj\u00ed jedine\u010dn\u00e9 ingredience s osv\u011bd\u010denou \u00fa\u010dinnost\u00ed.\" \/>\n<meta property=\"og:url\" content=\"https:\/\/naturalpoland.com\/cs\/produkty\/produkty-pro-kosmeticky-prumysl\/esencialni-oleje\/oil-blue-tansy\/\" \/>\n<meta property=\"og:site_name\" content=\"NATURAL POLAND - Velkoobchodn\u00ed distributor surovin\" \/>\n<meta property=\"article:publisher\" content=\"https:\/\/www.facebook.com\/naturalpoland.b2b\" \/>\n<meta property=\"og:image\" content=\"https:\/\/naturalpoland.com\/wp-content\/uploads\/olejek-blue-tansy.webp\" \/>\n\t<meta property=\"og:image:width\" content=\"1024\" \/>\n\t<meta property=\"og:image:height\" content=\"1024\" \/>\n\t<meta property=\"og:image:type\" content=\"image\/webp\" \/>\n<script type=\"application\/ld+json\" class=\"yoast-schema-graph\">{\"@context\":\"https:\\\/\\\/schema.org\",\"@graph\":[{\"@type\":\"WebPage\",\"@id\":\"https:\\\/\\\/naturalpoland.com\\\/cs\\\/produkty\\\/produkty-pro-kosmeticky-prumysl\\\/esencialni-oleje\\\/oil-blue-tansy\\\/\",\"url\":\"https:\\\/\\\/naturalpoland.com\\\/cs\\\/produkty\\\/produkty-pro-kosmeticky-prumysl\\\/esencialni-oleje\\\/oil-blue-tansy\\\/\",\"name\":\"Olej z modr\u00e9 tansy - NATURAL POLAND - Velkoobchodn\u00ed distributor surovin\",\"isPartOf\":{\"@id\":\"https:\\\/\\\/naturalpoland.com\\\/cs\\\/#website\"},\"primaryImageOfPage\":{\"@id\":\"https:\\\/\\\/naturalpoland.com\\\/cs\\\/produkty\\\/produkty-pro-kosmeticky-prumysl\\\/esencialni-oleje\\\/oil-blue-tansy\\\/#primaryimage\"},\"image\":{\"@id\":\"https:\\\/\\\/naturalpoland.com\\\/cs\\\/produkty\\\/produkty-pro-kosmeticky-prumysl\\\/esencialni-oleje\\\/oil-blue-tansy\\\/#primaryimage\"},\"thumbnailUrl\":\"https:\\\/\\\/naturalpoland.com\\\/wp-content\\\/uploads\\\/olejek-blue-tansy.webp\",\"datePublished\":\"2024-10-09T11:13:19+00:00\",\"description\":\"Olej z modr\u00e9 tansy je ide\u00e1ln\u00ed volbou pro profesion\u00e1ly v oblasti kr\u00e1sy a wellness, kte\u0159\u00ed hledaj\u00ed jedine\u010dn\u00e9 ingredience s osv\u011bd\u010denou \u00fa\u010dinnost\u00ed.\",\"breadcrumb\":{\"@id\":\"https:\\\/\\\/naturalpoland.com\\\/cs\\\/produkty\\\/produkty-pro-kosmeticky-prumysl\\\/esencialni-oleje\\\/oil-blue-tansy\\\/#breadcrumb\"},\"inLanguage\":\"cs\",\"potentialAction\":[{\"@type\":\"ReadAction\",\"target\":[\"https:\\\/\\\/naturalpoland.com\\\/cs\\\/produkty\\\/produkty-pro-kosmeticky-prumysl\\\/esencialni-oleje\\\/oil-blue-tansy\\\/\"]}]},{\"@type\":\"ImageObject\",\"inLanguage\":\"cs\",\"@id\":\"https:\\\/\\\/naturalpoland.com\\\/cs\\\/produkty\\\/produkty-pro-kosmeticky-prumysl\\\/esencialni-oleje\\\/oil-blue-tansy\\\/#primaryimage\",\"url\":\"https:\\\/\\\/naturalpoland.com\\\/wp-content\\\/uploads\\\/olejek-blue-tansy.webp\",\"contentUrl\":\"https:\\\/\\\/naturalpoland.com\\\/wp-content\\\/uploads\\\/olejek-blue-tansy.webp\",\"width\":1024,\"height\":1024,\"caption\":\"Olejek Blue Tansy\"},{\"@type\":\"BreadcrumbList\",\"@id\":\"https:\\\/\\\/naturalpoland.com\\\/cs\\\/produkty\\\/produkty-pro-kosmeticky-prumysl\\\/esencialni-oleje\\\/oil-blue-tansy\\\/#breadcrumb\",\"itemListElement\":[{\"@type\":\"ListItem\",\"position\":1,\"name\":\"Dom\u016f\",\"item\":\"https:\\\/\\\/naturalpoland.com\\\/cs\\\/\"},{\"@type\":\"ListItem\",\"position\":2,\"name\":\"Produkty\",\"item\":\"https:\\\/\\\/naturalpoland.com\\\/cs\\\/produkty\\\/\"},{\"@type\":\"ListItem\",\"position\":3,\"name\":\"Olej z modr\u00e9 tansy\"}]},{\"@type\":\"WebSite\",\"@id\":\"https:\\\/\\\/naturalpoland.com\\\/cs\\\/#website\",\"url\":\"https:\\\/\\\/naturalpoland.com\\\/cs\\\/\",\"name\":\"NATURAL POLAND - Velkoobchodn\u00ed distributor surovin\",\"description\":\"Surowce dla przemys\u0142u spo\u017cywczego, kosmetycznego i farmaceutycznego\",\"publisher\":{\"@id\":\"https:\\\/\\\/naturalpoland.com\\\/cs\\\/#organization\"},\"potentialAction\":[{\"@type\":\"SearchAction\",\"target\":{\"@type\":\"EntryPoint\",\"urlTemplate\":\"https:\\\/\\\/naturalpoland.com\\\/cs\\\/?s={search_term_string}\"},\"query-input\":{\"@type\":\"PropertyValueSpecification\",\"valueRequired\":true,\"valueName\":\"search_term_string\"}}],\"inLanguage\":\"cs\"},{\"@type\":\"Organization\",\"@id\":\"https:\\\/\\\/naturalpoland.com\\\/cs\\\/#organization\",\"name\":\"Natural Poland\",\"url\":\"https:\\\/\\\/naturalpoland.com\\\/cs\\\/\",\"logo\":{\"@type\":\"ImageObject\",\"inLanguage\":\"cs\",\"@id\":\"https:\\\/\\\/naturalpoland.com\\\/cs\\\/#\\\/schema\\\/logo\\\/image\\\/\",\"url\":\"https:\\\/\\\/naturalpoland.com\\\/wp-content\\\/uploads\\\/2021\\\/05\\\/natural-poland-icon.png\",\"contentUrl\":\"https:\\\/\\\/naturalpoland.com\\\/wp-content\\\/uploads\\\/2021\\\/05\\\/natural-poland-icon.png\",\"width\":512,\"height\":512,\"caption\":\"Natural Poland\"},\"image\":{\"@id\":\"https:\\\/\\\/naturalpoland.com\\\/cs\\\/#\\\/schema\\\/logo\\\/image\\\/\"},\"sameAs\":[\"https:\\\/\\\/www.facebook.com\\\/naturalpoland.b2b\",\"https:\\\/\\\/pl.linkedin.com\\\/company\\\/natural-poland\",\"https:\\\/\\\/www.youtube.com\\\/channel\\\/UCgeGGkvOMahZo-xu_MSEWxg\"]}]}<\/script>\n<!-- \/ Yoast SEO plugin. -->","yoast_head_json":{"title":"Olej z modr\u00e9 tansy - NATURAL POLAND - Velkoobchodn\u00ed distributor surovin","description":"Olej z modr\u00e9 tansy je ide\u00e1ln\u00ed volbou pro profesion\u00e1ly v oblasti kr\u00e1sy a wellness, kte\u0159\u00ed hledaj\u00ed jedine\u010dn\u00e9 ingredience s osv\u011bd\u010denou \u00fa\u010dinnost\u00ed.","robots":{"index":"index","follow":"follow","max-snippet":"max-snippet:-1","max-image-preview":"max-image-preview:large","max-video-preview":"max-video-preview:-1"},"canonical":"https:\/\/naturalpoland.com\/cs\/produkty\/produkty-pro-kosmeticky-prumysl\/esencialni-oleje\/oil-blue-tansy\/","og_locale":"cs_CZ","og_type":"article","og_title":"Olej z modr\u00e9 tansy - NATURAL POLAND - Velkoobchodn\u00ed distributor surovin","og_description":"Olej z modr\u00e9 tansy je ide\u00e1ln\u00ed volbou pro profesion\u00e1ly v oblasti kr\u00e1sy a wellness, kte\u0159\u00ed hledaj\u00ed jedine\u010dn\u00e9 ingredience s osv\u011bd\u010denou \u00fa\u010dinnost\u00ed.","og_url":"https:\/\/naturalpoland.com\/cs\/produkty\/produkty-pro-kosmeticky-prumysl\/esencialni-oleje\/oil-blue-tansy\/","og_site_name":"NATURAL POLAND - Velkoobchodn\u00ed distributor surovin","article_publisher":"https:\/\/www.facebook.com\/naturalpoland.b2b","og_image":[{"width":1024,"height":1024,"url":"https:\/\/naturalpoland.com\/wp-content\/uploads\/olejek-blue-tansy.webp","type":"image\/webp"}],"schema":{"@context":"https:\/\/schema.org","@graph":[{"@type":"WebPage","@id":"https:\/\/naturalpoland.com\/cs\/produkty\/produkty-pro-kosmeticky-prumysl\/esencialni-oleje\/oil-blue-tansy\/","url":"https:\/\/naturalpoland.com\/cs\/produkty\/produkty-pro-kosmeticky-prumysl\/esencialni-oleje\/oil-blue-tansy\/","name":"Olej z modr\u00e9 tansy - NATURAL POLAND - Velkoobchodn\u00ed distributor surovin","isPartOf":{"@id":"https:\/\/naturalpoland.com\/cs\/#website"},"primaryImageOfPage":{"@id":"https:\/\/naturalpoland.com\/cs\/produkty\/produkty-pro-kosmeticky-prumysl\/esencialni-oleje\/oil-blue-tansy\/#primaryimage"},"image":{"@id":"https:\/\/naturalpoland.com\/cs\/produkty\/produkty-pro-kosmeticky-prumysl\/esencialni-oleje\/oil-blue-tansy\/#primaryimage"},"thumbnailUrl":"https:\/\/naturalpoland.com\/wp-content\/uploads\/olejek-blue-tansy.webp","datePublished":"2024-10-09T11:13:19+00:00","description":"Olej z modr\u00e9 tansy je ide\u00e1ln\u00ed volbou pro profesion\u00e1ly v oblasti kr\u00e1sy a wellness, kte\u0159\u00ed hledaj\u00ed jedine\u010dn\u00e9 ingredience s osv\u011bd\u010denou \u00fa\u010dinnost\u00ed.","breadcrumb":{"@id":"https:\/\/naturalpoland.com\/cs\/produkty\/produkty-pro-kosmeticky-prumysl\/esencialni-oleje\/oil-blue-tansy\/#breadcrumb"},"inLanguage":"cs","potentialAction":[{"@type":"ReadAction","target":["https:\/\/naturalpoland.com\/cs\/produkty\/produkty-pro-kosmeticky-prumysl\/esencialni-oleje\/oil-blue-tansy\/"]}]},{"@type":"ImageObject","inLanguage":"cs","@id":"https:\/\/naturalpoland.com\/cs\/produkty\/produkty-pro-kosmeticky-prumysl\/esencialni-oleje\/oil-blue-tansy\/#primaryimage","url":"https:\/\/naturalpoland.com\/wp-content\/uploads\/olejek-blue-tansy.webp","contentUrl":"https:\/\/naturalpoland.com\/wp-content\/uploads\/olejek-blue-tansy.webp","width":1024,"height":1024,"caption":"Olejek Blue Tansy"},{"@type":"BreadcrumbList","@id":"https:\/\/naturalpoland.com\/cs\/produkty\/produkty-pro-kosmeticky-prumysl\/esencialni-oleje\/oil-blue-tansy\/#breadcrumb","itemListElement":[{"@type":"ListItem","position":1,"name":"Dom\u016f","item":"https:\/\/naturalpoland.com\/cs\/"},{"@type":"ListItem","position":2,"name":"Produkty","item":"https:\/\/naturalpoland.com\/cs\/produkty\/"},{"@type":"ListItem","position":3,"name":"Olej z modr\u00e9 tansy"}]},{"@type":"WebSite","@id":"https:\/\/naturalpoland.com\/cs\/#website","url":"https:\/\/naturalpoland.com\/cs\/","name":"NATURAL POLAND - Velkoobchodn\u00ed distributor surovin","description":"Surowce dla przemys\u0142u spo\u017cywczego, kosmetycznego i farmaceutycznego","publisher":{"@id":"https:\/\/naturalpoland.com\/cs\/#organization"},"potentialAction":[{"@type":"SearchAction","target":{"@type":"EntryPoint","urlTemplate":"https:\/\/naturalpoland.com\/cs\/?s={search_term_string}"},"query-input":{"@type":"PropertyValueSpecification","valueRequired":true,"valueName":"search_term_string"}}],"inLanguage":"cs"},{"@type":"Organization","@id":"https:\/\/naturalpoland.com\/cs\/#organization","name":"Natural Poland","url":"https:\/\/naturalpoland.com\/cs\/","logo":{"@type":"ImageObject","inLanguage":"cs","@id":"https:\/\/naturalpoland.com\/cs\/#\/schema\/logo\/image\/","url":"https:\/\/naturalpoland.com\/wp-content\/uploads\/2021\/05\/natural-poland-icon.png","contentUrl":"https:\/\/naturalpoland.com\/wp-content\/uploads\/2021\/05\/natural-poland-icon.png","width":512,"height":512,"caption":"Natural Poland"},"image":{"@id":"https:\/\/naturalpoland.com\/cs\/#\/schema\/logo\/image\/"},"sameAs":["https:\/\/www.facebook.com\/naturalpoland.b2b","https:\/\/pl.linkedin.com\/company\/natural-poland","https:\/\/www.youtube.com\/channel\/UCgeGGkvOMahZo-xu_MSEWxg"]}]}},"_links":{"self":[{"href":"https:\/\/naturalpoland.com\/cs\/wp-json\/wp\/v2\/product\/36304","targetHints":{"allow":["GET"]}}],"collection":[{"href":"https:\/\/naturalpoland.com\/cs\/wp-json\/wp\/v2\/product"}],"about":[{"href":"https:\/\/naturalpoland.com\/cs\/wp-json\/wp\/v2\/types\/product"}],"wp:featuredmedia":[{"embeddable":true,"href":"https:\/\/naturalpoland.com\/cs\/wp-json\/wp\/v2\/media\/36229"}],"wp:attachment":[{"href":"https:\/\/naturalpoland.com\/cs\/wp-json\/wp\/v2\/media?parent=36304"}],"wp:term":[{"taxonomy":"product_brand","embeddable":true,"href":"https:\/\/naturalpoland.com\/cs\/wp-json\/wp\/v2\/product_brand?post=36304"},{"taxonomy":"product_cat","embeddable":true,"href":"https:\/\/naturalpoland.com\/cs\/wp-json\/wp\/v2\/product_cat?post=36304"},{"taxonomy":"product_tag","embeddable":true,"href":"https:\/\/naturalpoland.com\/cs\/wp-json\/wp\/v2\/product_tag?post=36304"}],"curies":[{"name":"wp","href":"https:\/\/api.w.org\/{rel}","templated":true}]}}