{"id":36315,"date":"2024-10-09T10:26:12","date_gmt":"2024-10-09T11:13:34","guid":{"rendered":"https:\/\/naturalpoland.com\/produkty\/neza\u0159azen\u00e9\/rozmarynovy-olej\/"},"modified":"2024-10-09T13:13:34","modified_gmt":"2024-10-09T11:13:34","slug":"rozmarynovy-olej","status":"publish","type":"product","link":"https:\/\/naturalpoland.com\/cs\/produkty\/produkty-pro-kosmeticky-prumysl\/esencialni-oleje\/rozmarynovy-olej\/","title":{"rendered":"Rozmar\u00fdnov\u00fd olej"},"content":{"rendered":"<h2>Vlastnosti rozmar\u00fdnov\u00e9ho oleje<\/h2>\n<p>Rozmar\u00fdnov\u00fd olej m\u00e1 antibakteri\u00e1ln\u00ed, protipl\u00eds\u0148ov\u00e9 a protiz\u00e1n\u011btliv\u00e9 \u00fa\u010dinky. Pom\u00e1h\u00e1 \u010distit ple\u0165 a p\u0159edch\u00e1zet nedokonalostem. Stimuluje krevn\u00ed ob\u011bh, zpev\u0148uje poko\u017eku a m\u00e1 antioxida\u010dn\u00ed \u00fa\u010dinky. Pou\u017e\u00edv\u00e1 se v kosmetick\u00fdch p\u0159\u00edpravc\u00edch proti akn\u00e9, st\u00e1rnut\u00ed a celulitid\u011b.   <\/p>\n<h2>Rozmar\u00fdnov\u00fd olej na vlasy<\/h2>\n<p>Olej posiluje a stimuluje vlasov\u00e9 folikuly, br\u00e1n\u00ed vypad\u00e1v\u00e1n\u00ed vlas\u016f, podporuje r\u016fst vlas\u016f a sni\u017euje mastnotu poko\u017eky hlavy regulac\u00ed mazov\u00fdch \u017el\u00e1z. P\u016fsob\u00ed tak\u00e9 proti lup\u016fm a potla\u010duje \u0161ediv\u011bn\u00ed. P\u0159i pravideln\u00e9m pou\u017e\u00edv\u00e1n\u00ed zlep\u0161uje stav vlas\u016f, posiluje je a podporuje boj proti androgenn\u00ed alopecii.  <\/p>\n<h2>Pou\u017eit\u00ed v aromaterapii<\/h2>\n<p>V aromaterapii rozmar\u00fdnov\u00fd olej zlep\u0161uje koncentraci a sni\u017euje du\u0161evn\u00ed \u00fanavu. Jeho intenzivn\u00ed v\u016fn\u011b povzbuzuje, podporuje jasnost my\u0161len\u00ed a zlep\u0161uje n\u00e1ladu. Olej se \u010dasto pou\u017e\u00edv\u00e1 jako inhalace p\u0159i infekc\u00edch horn\u00edch cest d\u00fdchac\u00edch, kdy zm\u00edr\u0148uje p\u0159\u00edznaky onemocn\u011bn\u00ed, jako je nachlazen\u00ed, z\u00e1n\u011bt dutin a ch\u0159ipka. P\u0159idan\u00fd do vonn\u00e9ho krbu nebo difuz\u00e9ru \u010dist\u00ed vzduch a vytv\u00e1\u0159\u00ed atmosf\u00e9ru p\u0159\u00edznivou pro relaxaci a soust\u0159ed\u011bn\u00ed.   <\/p>\n<h3><\/h3>\n","protected":false},"excerpt":{"rendered":"<p><strong>Rozmar\u00fdnov\u00e1 silice<\/strong> (Rosmarinus officinalis) se z\u00edsk\u00e1v\u00e1 z kvetouc\u00ed byliny rozmar\u00fdnu parn\u00ed destilac\u00ed. Vyzna\u010duje se intenzivn\u00ed, sv\u011b\u017e\u00ed bylinnou v\u016fn\u00ed s m\u00edrn\u011b l\u00e9\u010div\u00fdmi t\u00f3ny. <\/p>\n<h3><\/h3>\n","protected":false},"featured_media":36242,"template":"","meta":{"_acf_changed":false},"product_brand":[],"product_cat":[6262],"product_tag":[],"class_list":{"0":"post-36315","1":"product","2":"type-product","3":"status-publish","4":"has-post-thumbnail","6":"product_cat-esencialni-oleje","8":"first","9":"instock","10":"shipping-taxable","11":"product-type-simple"},"acf":[],"yoast_head":"<!-- This site is optimized with the Yoast SEO plugin v27.4 - https:\/\/yoast.com\/product\/yoast-seo-wordpress\/ -->\n<title>Rozmar\u00fdnov\u00fd olej - NATURAL POLAND - Velkoobchodn\u00ed distributor surovin<\/title>\n<meta name=\"description\" content=\"Rozmar\u00fdnov\u00e1 silice, z\u00edsk\u00e1van\u00e1 z kvetouc\u00ed byliny rozmar\u00fdnu destilac\u00ed s vodn\u00ed parou, je cen\u011bna v kosmetick\u00e9m pr\u016fmyslu .\" \/>\n<meta name=\"robots\" content=\"index, follow, max-snippet:-1, max-image-preview:large, max-video-preview:-1\" \/>\n<link rel=\"canonical\" href=\"https:\/\/naturalpoland.com\/cs\/produkty\/produkty-pro-kosmeticky-prumysl\/esencialni-oleje\/rozmarynovy-olej\/\" \/>\n<meta property=\"og:locale\" content=\"cs_CZ\" \/>\n<meta property=\"og:type\" content=\"article\" \/>\n<meta property=\"og:title\" content=\"Rozmar\u00fdnov\u00fd olej - NATURAL POLAND - Velkoobchodn\u00ed distributor surovin\" \/>\n<meta property=\"og:description\" content=\"Rozmar\u00fdnov\u00e1 silice, z\u00edsk\u00e1van\u00e1 z kvetouc\u00ed byliny rozmar\u00fdnu destilac\u00ed s vodn\u00ed parou, je cen\u011bna v kosmetick\u00e9m pr\u016fmyslu .\" \/>\n<meta property=\"og:url\" content=\"https:\/\/naturalpoland.com\/cs\/produkty\/produkty-pro-kosmeticky-prumysl\/esencialni-oleje\/rozmarynovy-olej\/\" \/>\n<meta property=\"og:site_name\" content=\"NATURAL POLAND - Velkoobchodn\u00ed distributor surovin\" \/>\n<meta property=\"article:publisher\" content=\"https:\/\/www.facebook.com\/naturalpoland.b2b\" \/>\n<meta property=\"og:image\" content=\"https:\/\/naturalpoland.com\/wp-content\/uploads\/olejek-rozmarynowy.webp\" \/>\n\t<meta property=\"og:image:width\" content=\"1024\" \/>\n\t<meta property=\"og:image:height\" content=\"1024\" \/>\n\t<meta property=\"og:image:type\" content=\"image\/webp\" \/>\n<script type=\"application\/ld+json\" class=\"yoast-schema-graph\">{\"@context\":\"https:\\\/\\\/schema.org\",\"@graph\":[{\"@type\":\"WebPage\",\"@id\":\"https:\\\/\\\/naturalpoland.com\\\/cs\\\/produkty\\\/produkty-pro-kosmeticky-prumysl\\\/esencialni-oleje\\\/rozmarynovy-olej\\\/\",\"url\":\"https:\\\/\\\/naturalpoland.com\\\/cs\\\/produkty\\\/produkty-pro-kosmeticky-prumysl\\\/esencialni-oleje\\\/rozmarynovy-olej\\\/\",\"name\":\"Rozmar\u00fdnov\u00fd olej - NATURAL POLAND - Velkoobchodn\u00ed distributor surovin\",\"isPartOf\":{\"@id\":\"https:\\\/\\\/naturalpoland.com\\\/cs\\\/#website\"},\"primaryImageOfPage\":{\"@id\":\"https:\\\/\\\/naturalpoland.com\\\/cs\\\/produkty\\\/produkty-pro-kosmeticky-prumysl\\\/esencialni-oleje\\\/rozmarynovy-olej\\\/#primaryimage\"},\"image\":{\"@id\":\"https:\\\/\\\/naturalpoland.com\\\/cs\\\/produkty\\\/produkty-pro-kosmeticky-prumysl\\\/esencialni-oleje\\\/rozmarynovy-olej\\\/#primaryimage\"},\"thumbnailUrl\":\"https:\\\/\\\/naturalpoland.com\\\/wp-content\\\/uploads\\\/olejek-rozmarynowy.webp\",\"datePublished\":\"2024-10-09T11:13:34+00:00\",\"description\":\"Rozmar\u00fdnov\u00e1 silice, z\u00edsk\u00e1van\u00e1 z kvetouc\u00ed byliny rozmar\u00fdnu destilac\u00ed s vodn\u00ed parou, je cen\u011bna v kosmetick\u00e9m pr\u016fmyslu .\",\"breadcrumb\":{\"@id\":\"https:\\\/\\\/naturalpoland.com\\\/cs\\\/produkty\\\/produkty-pro-kosmeticky-prumysl\\\/esencialni-oleje\\\/rozmarynovy-olej\\\/#breadcrumb\"},\"inLanguage\":\"cs\",\"potentialAction\":[{\"@type\":\"ReadAction\",\"target\":[\"https:\\\/\\\/naturalpoland.com\\\/cs\\\/produkty\\\/produkty-pro-kosmeticky-prumysl\\\/esencialni-oleje\\\/rozmarynovy-olej\\\/\"]}]},{\"@type\":\"ImageObject\",\"inLanguage\":\"cs\",\"@id\":\"https:\\\/\\\/naturalpoland.com\\\/cs\\\/produkty\\\/produkty-pro-kosmeticky-prumysl\\\/esencialni-oleje\\\/rozmarynovy-olej\\\/#primaryimage\",\"url\":\"https:\\\/\\\/naturalpoland.com\\\/wp-content\\\/uploads\\\/olejek-rozmarynowy.webp\",\"contentUrl\":\"https:\\\/\\\/naturalpoland.com\\\/wp-content\\\/uploads\\\/olejek-rozmarynowy.webp\",\"width\":1024,\"height\":1024,\"caption\":\"olejek rozmarynowy\"},{\"@type\":\"BreadcrumbList\",\"@id\":\"https:\\\/\\\/naturalpoland.com\\\/cs\\\/produkty\\\/produkty-pro-kosmeticky-prumysl\\\/esencialni-oleje\\\/rozmarynovy-olej\\\/#breadcrumb\",\"itemListElement\":[{\"@type\":\"ListItem\",\"position\":1,\"name\":\"Dom\u016f\",\"item\":\"https:\\\/\\\/naturalpoland.com\\\/cs\\\/\"},{\"@type\":\"ListItem\",\"position\":2,\"name\":\"Produkty\",\"item\":\"https:\\\/\\\/naturalpoland.com\\\/cs\\\/produkty\\\/\"},{\"@type\":\"ListItem\",\"position\":3,\"name\":\"Rozmar\u00fdnov\u00fd olej\"}]},{\"@type\":\"WebSite\",\"@id\":\"https:\\\/\\\/naturalpoland.com\\\/cs\\\/#website\",\"url\":\"https:\\\/\\\/naturalpoland.com\\\/cs\\\/\",\"name\":\"NATURAL POLAND - Velkoobchodn\u00ed distributor surovin\",\"description\":\"Surowce dla przemys\u0142u spo\u017cywczego, kosmetycznego i farmaceutycznego\",\"publisher\":{\"@id\":\"https:\\\/\\\/naturalpoland.com\\\/cs\\\/#organization\"},\"potentialAction\":[{\"@type\":\"SearchAction\",\"target\":{\"@type\":\"EntryPoint\",\"urlTemplate\":\"https:\\\/\\\/naturalpoland.com\\\/cs\\\/?s={search_term_string}\"},\"query-input\":{\"@type\":\"PropertyValueSpecification\",\"valueRequired\":true,\"valueName\":\"search_term_string\"}}],\"inLanguage\":\"cs\"},{\"@type\":\"Organization\",\"@id\":\"https:\\\/\\\/naturalpoland.com\\\/cs\\\/#organization\",\"name\":\"Natural Poland\",\"url\":\"https:\\\/\\\/naturalpoland.com\\\/cs\\\/\",\"logo\":{\"@type\":\"ImageObject\",\"inLanguage\":\"cs\",\"@id\":\"https:\\\/\\\/naturalpoland.com\\\/cs\\\/#\\\/schema\\\/logo\\\/image\\\/\",\"url\":\"https:\\\/\\\/naturalpoland.com\\\/wp-content\\\/uploads\\\/2021\\\/05\\\/natural-poland-icon.png\",\"contentUrl\":\"https:\\\/\\\/naturalpoland.com\\\/wp-content\\\/uploads\\\/2021\\\/05\\\/natural-poland-icon.png\",\"width\":512,\"height\":512,\"caption\":\"Natural Poland\"},\"image\":{\"@id\":\"https:\\\/\\\/naturalpoland.com\\\/cs\\\/#\\\/schema\\\/logo\\\/image\\\/\"},\"sameAs\":[\"https:\\\/\\\/www.facebook.com\\\/naturalpoland.b2b\",\"https:\\\/\\\/pl.linkedin.com\\\/company\\\/natural-poland\",\"https:\\\/\\\/www.youtube.com\\\/channel\\\/UCgeGGkvOMahZo-xu_MSEWxg\"]}]}<\/script>\n<!-- \/ Yoast SEO plugin. -->","yoast_head_json":{"title":"Rozmar\u00fdnov\u00fd olej - NATURAL POLAND - Velkoobchodn\u00ed distributor surovin","description":"Rozmar\u00fdnov\u00e1 silice, z\u00edsk\u00e1van\u00e1 z kvetouc\u00ed byliny rozmar\u00fdnu destilac\u00ed s vodn\u00ed parou, je cen\u011bna v kosmetick\u00e9m pr\u016fmyslu .","robots":{"index":"index","follow":"follow","max-snippet":"max-snippet:-1","max-image-preview":"max-image-preview:large","max-video-preview":"max-video-preview:-1"},"canonical":"https:\/\/naturalpoland.com\/cs\/produkty\/produkty-pro-kosmeticky-prumysl\/esencialni-oleje\/rozmarynovy-olej\/","og_locale":"cs_CZ","og_type":"article","og_title":"Rozmar\u00fdnov\u00fd olej - NATURAL POLAND - Velkoobchodn\u00ed distributor surovin","og_description":"Rozmar\u00fdnov\u00e1 silice, z\u00edsk\u00e1van\u00e1 z kvetouc\u00ed byliny rozmar\u00fdnu destilac\u00ed s vodn\u00ed parou, je cen\u011bna v kosmetick\u00e9m pr\u016fmyslu .","og_url":"https:\/\/naturalpoland.com\/cs\/produkty\/produkty-pro-kosmeticky-prumysl\/esencialni-oleje\/rozmarynovy-olej\/","og_site_name":"NATURAL POLAND - Velkoobchodn\u00ed distributor surovin","article_publisher":"https:\/\/www.facebook.com\/naturalpoland.b2b","og_image":[{"width":1024,"height":1024,"url":"https:\/\/naturalpoland.com\/wp-content\/uploads\/olejek-rozmarynowy.webp","type":"image\/webp"}],"schema":{"@context":"https:\/\/schema.org","@graph":[{"@type":"WebPage","@id":"https:\/\/naturalpoland.com\/cs\/produkty\/produkty-pro-kosmeticky-prumysl\/esencialni-oleje\/rozmarynovy-olej\/","url":"https:\/\/naturalpoland.com\/cs\/produkty\/produkty-pro-kosmeticky-prumysl\/esencialni-oleje\/rozmarynovy-olej\/","name":"Rozmar\u00fdnov\u00fd olej - NATURAL POLAND - Velkoobchodn\u00ed distributor surovin","isPartOf":{"@id":"https:\/\/naturalpoland.com\/cs\/#website"},"primaryImageOfPage":{"@id":"https:\/\/naturalpoland.com\/cs\/produkty\/produkty-pro-kosmeticky-prumysl\/esencialni-oleje\/rozmarynovy-olej\/#primaryimage"},"image":{"@id":"https:\/\/naturalpoland.com\/cs\/produkty\/produkty-pro-kosmeticky-prumysl\/esencialni-oleje\/rozmarynovy-olej\/#primaryimage"},"thumbnailUrl":"https:\/\/naturalpoland.com\/wp-content\/uploads\/olejek-rozmarynowy.webp","datePublished":"2024-10-09T11:13:34+00:00","description":"Rozmar\u00fdnov\u00e1 silice, z\u00edsk\u00e1van\u00e1 z kvetouc\u00ed byliny rozmar\u00fdnu destilac\u00ed s vodn\u00ed parou, je cen\u011bna v kosmetick\u00e9m pr\u016fmyslu .","breadcrumb":{"@id":"https:\/\/naturalpoland.com\/cs\/produkty\/produkty-pro-kosmeticky-prumysl\/esencialni-oleje\/rozmarynovy-olej\/#breadcrumb"},"inLanguage":"cs","potentialAction":[{"@type":"ReadAction","target":["https:\/\/naturalpoland.com\/cs\/produkty\/produkty-pro-kosmeticky-prumysl\/esencialni-oleje\/rozmarynovy-olej\/"]}]},{"@type":"ImageObject","inLanguage":"cs","@id":"https:\/\/naturalpoland.com\/cs\/produkty\/produkty-pro-kosmeticky-prumysl\/esencialni-oleje\/rozmarynovy-olej\/#primaryimage","url":"https:\/\/naturalpoland.com\/wp-content\/uploads\/olejek-rozmarynowy.webp","contentUrl":"https:\/\/naturalpoland.com\/wp-content\/uploads\/olejek-rozmarynowy.webp","width":1024,"height":1024,"caption":"olejek rozmarynowy"},{"@type":"BreadcrumbList","@id":"https:\/\/naturalpoland.com\/cs\/produkty\/produkty-pro-kosmeticky-prumysl\/esencialni-oleje\/rozmarynovy-olej\/#breadcrumb","itemListElement":[{"@type":"ListItem","position":1,"name":"Dom\u016f","item":"https:\/\/naturalpoland.com\/cs\/"},{"@type":"ListItem","position":2,"name":"Produkty","item":"https:\/\/naturalpoland.com\/cs\/produkty\/"},{"@type":"ListItem","position":3,"name":"Rozmar\u00fdnov\u00fd olej"}]},{"@type":"WebSite","@id":"https:\/\/naturalpoland.com\/cs\/#website","url":"https:\/\/naturalpoland.com\/cs\/","name":"NATURAL POLAND - Velkoobchodn\u00ed distributor surovin","description":"Surowce dla przemys\u0142u spo\u017cywczego, kosmetycznego i farmaceutycznego","publisher":{"@id":"https:\/\/naturalpoland.com\/cs\/#organization"},"potentialAction":[{"@type":"SearchAction","target":{"@type":"EntryPoint","urlTemplate":"https:\/\/naturalpoland.com\/cs\/?s={search_term_string}"},"query-input":{"@type":"PropertyValueSpecification","valueRequired":true,"valueName":"search_term_string"}}],"inLanguage":"cs"},{"@type":"Organization","@id":"https:\/\/naturalpoland.com\/cs\/#organization","name":"Natural Poland","url":"https:\/\/naturalpoland.com\/cs\/","logo":{"@type":"ImageObject","inLanguage":"cs","@id":"https:\/\/naturalpoland.com\/cs\/#\/schema\/logo\/image\/","url":"https:\/\/naturalpoland.com\/wp-content\/uploads\/2021\/05\/natural-poland-icon.png","contentUrl":"https:\/\/naturalpoland.com\/wp-content\/uploads\/2021\/05\/natural-poland-icon.png","width":512,"height":512,"caption":"Natural Poland"},"image":{"@id":"https:\/\/naturalpoland.com\/cs\/#\/schema\/logo\/image\/"},"sameAs":["https:\/\/www.facebook.com\/naturalpoland.b2b","https:\/\/pl.linkedin.com\/company\/natural-poland","https:\/\/www.youtube.com\/channel\/UCgeGGkvOMahZo-xu_MSEWxg"]}]}},"_links":{"self":[{"href":"https:\/\/naturalpoland.com\/cs\/wp-json\/wp\/v2\/product\/36315","targetHints":{"allow":["GET"]}}],"collection":[{"href":"https:\/\/naturalpoland.com\/cs\/wp-json\/wp\/v2\/product"}],"about":[{"href":"https:\/\/naturalpoland.com\/cs\/wp-json\/wp\/v2\/types\/product"}],"wp:featuredmedia":[{"embeddable":true,"href":"https:\/\/naturalpoland.com\/cs\/wp-json\/wp\/v2\/media\/36242"}],"wp:attachment":[{"href":"https:\/\/naturalpoland.com\/cs\/wp-json\/wp\/v2\/media?parent=36315"}],"wp:term":[{"taxonomy":"product_brand","embeddable":true,"href":"https:\/\/naturalpoland.com\/cs\/wp-json\/wp\/v2\/product_brand?post=36315"},{"taxonomy":"product_cat","embeddable":true,"href":"https:\/\/naturalpoland.com\/cs\/wp-json\/wp\/v2\/product_cat?post=36315"},{"taxonomy":"product_tag","embeddable":true,"href":"https:\/\/naturalpoland.com\/cs\/wp-json\/wp\/v2\/product_tag?post=36315"}],"curies":[{"name":"wp","href":"https:\/\/api.w.org\/{rel}","templated":true}]}}