{"id":36327,"date":"2024-10-09T10:38:58","date_gmt":"2024-10-09T11:13:48","guid":{"rendered":"https:\/\/naturalpoland.com\/produkty\/neza\u0159azen\u00e9\/olejovy-tymian\/"},"modified":"2024-10-09T13:13:48","modified_gmt":"2024-10-09T11:13:48","slug":"olejovy-tymian","status":"publish","type":"product","link":"https:\/\/naturalpoland.com\/cs\/produkty\/produkty-pro-kosmeticky-prumysl\/esencialni-oleje\/olejovy-tymian\/","title":{"rendered":"Tymi\u00e1nov\u00fd olej"},"content":{"rendered":"<h2>Vlastnosti a aplikace<\/h2>\n<p>Tymi\u00e1nov\u00fd \u00e9terick\u00fd olej se vyzna\u010duje intenzivn\u00ed ko\u0159en\u011bnou v\u016fn\u00ed s tonizuj\u00edc\u00edmi a energizuj\u00edc\u00edmi \u00fa\u010dinky. Je bohat\u00fd na thymol a karvakrol &#8211; p\u0159\u00edrodn\u00ed antiseptika s prok\u00e1zan\u00fdmi antibakteri\u00e1ln\u00edmi, antivirov\u00fdmi a protipl\u00eds\u0148ov\u00fdmi \u00fa\u010dinky. Z tohoto d\u016fvodu olej dob\u0159e funguje p\u0159i p\u00e9\u010di o problematickou ple\u0165, pom\u00e1h\u00e1 \u010distit a regulovat tvorbu ko\u017en\u00edho mazu. Olej se skv\u011ble hod\u00ed k aromaterapii. Inhalace s n\u00edm pom\u00e1haj\u00ed pro\u010distit d\u00fdchac\u00ed cesty, co\u017e usnad\u0148uje d\u00fdch\u00e1n\u00ed p\u0159i nachlazen\u00ed a infekc\u00edch. D\u00edky sv\u00fdm h\u0159ejiv\u00fdm vlastnostem je zase ide\u00e1ln\u00ed p\u0159\u00edsadou do koupel\u00ed a mas\u00e1\u017e\u00ed p\u0159i \u00fanav\u011b, svalov\u00e9m nap\u011bt\u00ed a revmatismu. P\u0159i inhalaci podporuje koncentraci a povzbuzuje mysl. Tymi\u00e1nov\u00fd olej je intenzivn\u00ed olej, a proto by se m\u011bl v\u017edy pou\u017e\u00edvat z\u0159ed\u011bn\u00fd. Nedoporu\u010duje se pou\u017e\u00edvat jej v \u010dist\u00e9 form\u011b na poko\u017eku, proto\u017ee m\u016f\u017ee zp\u016fsobit podr\u00e1\u017ed\u011bn\u00ed.  <\/p>\n","protected":false},"excerpt":{"rendered":"<p>Tymi\u00e1nov\u00fd olej je 100% p\u0159\u00edrodn\u00ed rostlinn\u00fd extrakt z\u00edskan\u00fd destilac\u00ed vodn\u00ed parou z kvetouc\u00ed byliny tymi\u00e1nu obecn\u00e9ho (Thymus vulgaris) p\u011bstovan\u00e9 ve \u0160pan\u011blsku a Indii.<\/p>\n","protected":false},"featured_media":36255,"template":"","meta":{"_acf_changed":false},"product_brand":[],"product_cat":[6262],"product_tag":[],"class_list":{"0":"post-36327","1":"product","2":"type-product","3":"status-publish","4":"has-post-thumbnail","6":"product_cat-esencialni-oleje","8":"first","9":"instock","10":"shipping-taxable","11":"product-type-simple"},"acf":[],"yoast_head":"<!-- This site is optimized with the Yoast SEO plugin v27.4 - https:\/\/yoast.com\/product\/yoast-seo-wordpress\/ -->\n<title>Tymi\u00e1nov\u00fd olej - NATURAL POLAND - Velkoobchodn\u00ed distributor surovin<\/title>\n<meta name=\"description\" content=\"Tymi\u00e1nov\u00fd olej je 100% p\u0159\u00edrodn\u00ed rostlinn\u00fd extrakt z\u00edskan\u00fd destilac\u00ed vodn\u00ed parou z kvetouc\u00ed byliny tymi\u00e1nu obecn\u00e9ho (Thymus vulgaris).\" \/>\n<meta name=\"robots\" content=\"index, follow, max-snippet:-1, max-image-preview:large, max-video-preview:-1\" \/>\n<link rel=\"canonical\" href=\"https:\/\/naturalpoland.com\/cs\/produkty\/produkty-pro-kosmeticky-prumysl\/esencialni-oleje\/olejovy-tymian\/\" \/>\n<meta property=\"og:locale\" content=\"cs_CZ\" \/>\n<meta property=\"og:type\" content=\"article\" \/>\n<meta property=\"og:title\" content=\"Tymi\u00e1nov\u00fd olej - NATURAL POLAND - Velkoobchodn\u00ed distributor surovin\" \/>\n<meta property=\"og:description\" content=\"Tymi\u00e1nov\u00fd olej je 100% p\u0159\u00edrodn\u00ed rostlinn\u00fd extrakt z\u00edskan\u00fd destilac\u00ed vodn\u00ed parou z kvetouc\u00ed byliny tymi\u00e1nu obecn\u00e9ho (Thymus vulgaris).\" \/>\n<meta property=\"og:url\" content=\"https:\/\/naturalpoland.com\/cs\/produkty\/produkty-pro-kosmeticky-prumysl\/esencialni-oleje\/olejovy-tymian\/\" \/>\n<meta property=\"og:site_name\" content=\"NATURAL POLAND - Velkoobchodn\u00ed distributor surovin\" \/>\n<meta property=\"article:publisher\" content=\"https:\/\/www.facebook.com\/naturalpoland.b2b\" \/>\n<meta property=\"og:image\" content=\"https:\/\/naturalpoland.com\/wp-content\/uploads\/olejek-tymiankowy.webp\" \/>\n\t<meta property=\"og:image:width\" content=\"700\" \/>\n\t<meta property=\"og:image:height\" content=\"700\" \/>\n\t<meta property=\"og:image:type\" content=\"image\/webp\" \/>\n<script type=\"application\/ld+json\" class=\"yoast-schema-graph\">{\"@context\":\"https:\\\/\\\/schema.org\",\"@graph\":[{\"@type\":\"WebPage\",\"@id\":\"https:\\\/\\\/naturalpoland.com\\\/cs\\\/produkty\\\/produkty-pro-kosmeticky-prumysl\\\/esencialni-oleje\\\/olejovy-tymian\\\/\",\"url\":\"https:\\\/\\\/naturalpoland.com\\\/cs\\\/produkty\\\/produkty-pro-kosmeticky-prumysl\\\/esencialni-oleje\\\/olejovy-tymian\\\/\",\"name\":\"Tymi\u00e1nov\u00fd olej - NATURAL POLAND - Velkoobchodn\u00ed distributor surovin\",\"isPartOf\":{\"@id\":\"https:\\\/\\\/naturalpoland.com\\\/cs\\\/#website\"},\"primaryImageOfPage\":{\"@id\":\"https:\\\/\\\/naturalpoland.com\\\/cs\\\/produkty\\\/produkty-pro-kosmeticky-prumysl\\\/esencialni-oleje\\\/olejovy-tymian\\\/#primaryimage\"},\"image\":{\"@id\":\"https:\\\/\\\/naturalpoland.com\\\/cs\\\/produkty\\\/produkty-pro-kosmeticky-prumysl\\\/esencialni-oleje\\\/olejovy-tymian\\\/#primaryimage\"},\"thumbnailUrl\":\"https:\\\/\\\/naturalpoland.com\\\/wp-content\\\/uploads\\\/olejek-tymiankowy.webp\",\"datePublished\":\"2024-10-09T11:13:48+00:00\",\"description\":\"Tymi\u00e1nov\u00fd olej je 100% p\u0159\u00edrodn\u00ed rostlinn\u00fd extrakt z\u00edskan\u00fd destilac\u00ed vodn\u00ed parou z kvetouc\u00ed byliny tymi\u00e1nu obecn\u00e9ho (Thymus vulgaris).\",\"breadcrumb\":{\"@id\":\"https:\\\/\\\/naturalpoland.com\\\/cs\\\/produkty\\\/produkty-pro-kosmeticky-prumysl\\\/esencialni-oleje\\\/olejovy-tymian\\\/#breadcrumb\"},\"inLanguage\":\"cs\",\"potentialAction\":[{\"@type\":\"ReadAction\",\"target\":[\"https:\\\/\\\/naturalpoland.com\\\/cs\\\/produkty\\\/produkty-pro-kosmeticky-prumysl\\\/esencialni-oleje\\\/olejovy-tymian\\\/\"]}]},{\"@type\":\"ImageObject\",\"inLanguage\":\"cs\",\"@id\":\"https:\\\/\\\/naturalpoland.com\\\/cs\\\/produkty\\\/produkty-pro-kosmeticky-prumysl\\\/esencialni-oleje\\\/olejovy-tymian\\\/#primaryimage\",\"url\":\"https:\\\/\\\/naturalpoland.com\\\/wp-content\\\/uploads\\\/olejek-tymiankowy.webp\",\"contentUrl\":\"https:\\\/\\\/naturalpoland.com\\\/wp-content\\\/uploads\\\/olejek-tymiankowy.webp\",\"width\":700,\"height\":700,\"caption\":\"olejek tymiankowy\"},{\"@type\":\"BreadcrumbList\",\"@id\":\"https:\\\/\\\/naturalpoland.com\\\/cs\\\/produkty\\\/produkty-pro-kosmeticky-prumysl\\\/esencialni-oleje\\\/olejovy-tymian\\\/#breadcrumb\",\"itemListElement\":[{\"@type\":\"ListItem\",\"position\":1,\"name\":\"Dom\u016f\",\"item\":\"https:\\\/\\\/naturalpoland.com\\\/cs\\\/\"},{\"@type\":\"ListItem\",\"position\":2,\"name\":\"Produkty\",\"item\":\"https:\\\/\\\/naturalpoland.com\\\/cs\\\/produkty\\\/\"},{\"@type\":\"ListItem\",\"position\":3,\"name\":\"Tymi\u00e1nov\u00fd olej\"}]},{\"@type\":\"WebSite\",\"@id\":\"https:\\\/\\\/naturalpoland.com\\\/cs\\\/#website\",\"url\":\"https:\\\/\\\/naturalpoland.com\\\/cs\\\/\",\"name\":\"NATURAL POLAND - Velkoobchodn\u00ed distributor surovin\",\"description\":\"Surowce dla przemys\u0142u spo\u017cywczego, kosmetycznego i farmaceutycznego\",\"publisher\":{\"@id\":\"https:\\\/\\\/naturalpoland.com\\\/cs\\\/#organization\"},\"potentialAction\":[{\"@type\":\"SearchAction\",\"target\":{\"@type\":\"EntryPoint\",\"urlTemplate\":\"https:\\\/\\\/naturalpoland.com\\\/cs\\\/?s={search_term_string}\"},\"query-input\":{\"@type\":\"PropertyValueSpecification\",\"valueRequired\":true,\"valueName\":\"search_term_string\"}}],\"inLanguage\":\"cs\"},{\"@type\":\"Organization\",\"@id\":\"https:\\\/\\\/naturalpoland.com\\\/cs\\\/#organization\",\"name\":\"Natural Poland\",\"url\":\"https:\\\/\\\/naturalpoland.com\\\/cs\\\/\",\"logo\":{\"@type\":\"ImageObject\",\"inLanguage\":\"cs\",\"@id\":\"https:\\\/\\\/naturalpoland.com\\\/cs\\\/#\\\/schema\\\/logo\\\/image\\\/\",\"url\":\"https:\\\/\\\/naturalpoland.com\\\/wp-content\\\/uploads\\\/2021\\\/05\\\/natural-poland-icon.png\",\"contentUrl\":\"https:\\\/\\\/naturalpoland.com\\\/wp-content\\\/uploads\\\/2021\\\/05\\\/natural-poland-icon.png\",\"width\":512,\"height\":512,\"caption\":\"Natural Poland\"},\"image\":{\"@id\":\"https:\\\/\\\/naturalpoland.com\\\/cs\\\/#\\\/schema\\\/logo\\\/image\\\/\"},\"sameAs\":[\"https:\\\/\\\/www.facebook.com\\\/naturalpoland.b2b\",\"https:\\\/\\\/pl.linkedin.com\\\/company\\\/natural-poland\",\"https:\\\/\\\/www.youtube.com\\\/channel\\\/UCgeGGkvOMahZo-xu_MSEWxg\"]}]}<\/script>\n<!-- \/ Yoast SEO plugin. -->","yoast_head_json":{"title":"Tymi\u00e1nov\u00fd olej - NATURAL POLAND - Velkoobchodn\u00ed distributor surovin","description":"Tymi\u00e1nov\u00fd olej je 100% p\u0159\u00edrodn\u00ed rostlinn\u00fd extrakt z\u00edskan\u00fd destilac\u00ed vodn\u00ed parou z kvetouc\u00ed byliny tymi\u00e1nu obecn\u00e9ho (Thymus vulgaris).","robots":{"index":"index","follow":"follow","max-snippet":"max-snippet:-1","max-image-preview":"max-image-preview:large","max-video-preview":"max-video-preview:-1"},"canonical":"https:\/\/naturalpoland.com\/cs\/produkty\/produkty-pro-kosmeticky-prumysl\/esencialni-oleje\/olejovy-tymian\/","og_locale":"cs_CZ","og_type":"article","og_title":"Tymi\u00e1nov\u00fd olej - NATURAL POLAND - Velkoobchodn\u00ed distributor surovin","og_description":"Tymi\u00e1nov\u00fd olej je 100% p\u0159\u00edrodn\u00ed rostlinn\u00fd extrakt z\u00edskan\u00fd destilac\u00ed vodn\u00ed parou z kvetouc\u00ed byliny tymi\u00e1nu obecn\u00e9ho (Thymus vulgaris).","og_url":"https:\/\/naturalpoland.com\/cs\/produkty\/produkty-pro-kosmeticky-prumysl\/esencialni-oleje\/olejovy-tymian\/","og_site_name":"NATURAL POLAND - Velkoobchodn\u00ed distributor surovin","article_publisher":"https:\/\/www.facebook.com\/naturalpoland.b2b","og_image":[{"width":700,"height":700,"url":"https:\/\/naturalpoland.com\/wp-content\/uploads\/olejek-tymiankowy.webp","type":"image\/webp"}],"schema":{"@context":"https:\/\/schema.org","@graph":[{"@type":"WebPage","@id":"https:\/\/naturalpoland.com\/cs\/produkty\/produkty-pro-kosmeticky-prumysl\/esencialni-oleje\/olejovy-tymian\/","url":"https:\/\/naturalpoland.com\/cs\/produkty\/produkty-pro-kosmeticky-prumysl\/esencialni-oleje\/olejovy-tymian\/","name":"Tymi\u00e1nov\u00fd olej - NATURAL POLAND - Velkoobchodn\u00ed distributor surovin","isPartOf":{"@id":"https:\/\/naturalpoland.com\/cs\/#website"},"primaryImageOfPage":{"@id":"https:\/\/naturalpoland.com\/cs\/produkty\/produkty-pro-kosmeticky-prumysl\/esencialni-oleje\/olejovy-tymian\/#primaryimage"},"image":{"@id":"https:\/\/naturalpoland.com\/cs\/produkty\/produkty-pro-kosmeticky-prumysl\/esencialni-oleje\/olejovy-tymian\/#primaryimage"},"thumbnailUrl":"https:\/\/naturalpoland.com\/wp-content\/uploads\/olejek-tymiankowy.webp","datePublished":"2024-10-09T11:13:48+00:00","description":"Tymi\u00e1nov\u00fd olej je 100% p\u0159\u00edrodn\u00ed rostlinn\u00fd extrakt z\u00edskan\u00fd destilac\u00ed vodn\u00ed parou z kvetouc\u00ed byliny tymi\u00e1nu obecn\u00e9ho (Thymus vulgaris).","breadcrumb":{"@id":"https:\/\/naturalpoland.com\/cs\/produkty\/produkty-pro-kosmeticky-prumysl\/esencialni-oleje\/olejovy-tymian\/#breadcrumb"},"inLanguage":"cs","potentialAction":[{"@type":"ReadAction","target":["https:\/\/naturalpoland.com\/cs\/produkty\/produkty-pro-kosmeticky-prumysl\/esencialni-oleje\/olejovy-tymian\/"]}]},{"@type":"ImageObject","inLanguage":"cs","@id":"https:\/\/naturalpoland.com\/cs\/produkty\/produkty-pro-kosmeticky-prumysl\/esencialni-oleje\/olejovy-tymian\/#primaryimage","url":"https:\/\/naturalpoland.com\/wp-content\/uploads\/olejek-tymiankowy.webp","contentUrl":"https:\/\/naturalpoland.com\/wp-content\/uploads\/olejek-tymiankowy.webp","width":700,"height":700,"caption":"olejek tymiankowy"},{"@type":"BreadcrumbList","@id":"https:\/\/naturalpoland.com\/cs\/produkty\/produkty-pro-kosmeticky-prumysl\/esencialni-oleje\/olejovy-tymian\/#breadcrumb","itemListElement":[{"@type":"ListItem","position":1,"name":"Dom\u016f","item":"https:\/\/naturalpoland.com\/cs\/"},{"@type":"ListItem","position":2,"name":"Produkty","item":"https:\/\/naturalpoland.com\/cs\/produkty\/"},{"@type":"ListItem","position":3,"name":"Tymi\u00e1nov\u00fd olej"}]},{"@type":"WebSite","@id":"https:\/\/naturalpoland.com\/cs\/#website","url":"https:\/\/naturalpoland.com\/cs\/","name":"NATURAL POLAND - Velkoobchodn\u00ed distributor surovin","description":"Surowce dla przemys\u0142u spo\u017cywczego, kosmetycznego i farmaceutycznego","publisher":{"@id":"https:\/\/naturalpoland.com\/cs\/#organization"},"potentialAction":[{"@type":"SearchAction","target":{"@type":"EntryPoint","urlTemplate":"https:\/\/naturalpoland.com\/cs\/?s={search_term_string}"},"query-input":{"@type":"PropertyValueSpecification","valueRequired":true,"valueName":"search_term_string"}}],"inLanguage":"cs"},{"@type":"Organization","@id":"https:\/\/naturalpoland.com\/cs\/#organization","name":"Natural Poland","url":"https:\/\/naturalpoland.com\/cs\/","logo":{"@type":"ImageObject","inLanguage":"cs","@id":"https:\/\/naturalpoland.com\/cs\/#\/schema\/logo\/image\/","url":"https:\/\/naturalpoland.com\/wp-content\/uploads\/2021\/05\/natural-poland-icon.png","contentUrl":"https:\/\/naturalpoland.com\/wp-content\/uploads\/2021\/05\/natural-poland-icon.png","width":512,"height":512,"caption":"Natural Poland"},"image":{"@id":"https:\/\/naturalpoland.com\/cs\/#\/schema\/logo\/image\/"},"sameAs":["https:\/\/www.facebook.com\/naturalpoland.b2b","https:\/\/pl.linkedin.com\/company\/natural-poland","https:\/\/www.youtube.com\/channel\/UCgeGGkvOMahZo-xu_MSEWxg"]}]}},"_links":{"self":[{"href":"https:\/\/naturalpoland.com\/cs\/wp-json\/wp\/v2\/product\/36327","targetHints":{"allow":["GET"]}}],"collection":[{"href":"https:\/\/naturalpoland.com\/cs\/wp-json\/wp\/v2\/product"}],"about":[{"href":"https:\/\/naturalpoland.com\/cs\/wp-json\/wp\/v2\/types\/product"}],"wp:featuredmedia":[{"embeddable":true,"href":"https:\/\/naturalpoland.com\/cs\/wp-json\/wp\/v2\/media\/36255"}],"wp:attachment":[{"href":"https:\/\/naturalpoland.com\/cs\/wp-json\/wp\/v2\/media?parent=36327"}],"wp:term":[{"taxonomy":"product_brand","embeddable":true,"href":"https:\/\/naturalpoland.com\/cs\/wp-json\/wp\/v2\/product_brand?post=36327"},{"taxonomy":"product_cat","embeddable":true,"href":"https:\/\/naturalpoland.com\/cs\/wp-json\/wp\/v2\/product_cat?post=36327"},{"taxonomy":"product_tag","embeddable":true,"href":"https:\/\/naturalpoland.com\/cs\/wp-json\/wp\/v2\/product_tag?post=36327"}],"curies":[{"name":"wp","href":"https:\/\/api.w.org\/{rel}","templated":true}]}}