{"id":36662,"date":"2024-10-11T13:25:48","date_gmt":"2024-10-16T12:40:45","guid":{"rendered":"https:\/\/naturalpoland.com\/produkty\/neza\u0159azen\u00e9\/hrebickovy-olej\/"},"modified":"2024-10-16T14:40:45","modified_gmt":"2024-10-16T12:40:45","slug":"hrebickovy-olej","status":"publish","type":"product","link":"https:\/\/naturalpoland.com\/cs\/produkty\/produkty-pro-kosmeticky-prumysl\/esencialni-oleje\/hrebickovy-olej\/","title":{"rendered":"H\u0159eb\u00ed\u010dkov\u00fd olej"},"content":{"rendered":"<p>H\u0159eb\u00ed\u010dkov\u00e1 silice obsahuje vysok\u00e9 mno\u017estv\u00ed <strong>eugenolu<\/strong> a <strong>beta-karyofylenu<\/strong> s antibakteri\u00e1ln\u00edmi, protiz\u00e1n\u011btliv\u00fdmi a anestetick\u00fdmi \u00fa\u010dinky. Olej se pou\u017e\u00edv\u00e1 v aromaterapii i v p\u0159\u00edpravc\u00edch pro p\u00e9\u010di o ple\u0165 a v l\u00e9\u010debn\u00fdch p\u0159\u00edpravc\u00edch, p\u0159edev\u0161\u00edm ke zm\u00edrn\u011bn\u00ed bolesti, zm\u00edrn\u011bn\u00ed z\u00e1n\u011btu a podpo\u0159e l\u00e9\u010dby akn\u00e9. Olej se tak\u00e9 pou\u017e\u00edv\u00e1 v p\u0159\u00edpravc\u00edch pro \u00fastn\u00ed hygienu pro sv\u00e9 antiseptick\u00e9 a osv\u011b\u017euj\u00edc\u00ed vlastnosti. H\u0159eb\u00ed\u010dkov\u00fd olej je ur\u010den pouze k vn\u011bj\u0161\u00edmu pou\u017eit\u00ed a p\u0159i p\u0159\u00edm\u00e9m kontaktu s poko\u017ekou by m\u011bl b\u00fdt pou\u017e\u00edv\u00e1n ve vhodn\u00e9m \u0159ed\u011bn\u00ed. Olej m\u016f\u017ee zp\u016fsobit podr\u00e1\u017ed\u011bn\u00ed k\u016f\u017ee a o\u010d\u00ed, proto se doporu\u010duje vyhnout se p\u0159\u00edm\u00e9mu kontaktu a p\u0159i aplikaci pou\u017e\u00edvat osobn\u00ed ochranu.  <\/p>\n<p>&nbsp;<\/p>\n","protected":false},"excerpt":{"rendered":"<p><strong>H\u0159eb\u00ed\u010dkov\u00e1 silice<\/strong> se z\u00edsk\u00e1v\u00e1 z list\u016f rostliny <em>Eugenia caryophyllus<\/em>. M\u00e1 intenzivn\u00ed ko\u0159en\u011bnou v\u016fni.<\/p>\n","protected":false},"featured_media":36465,"template":"","meta":[],"product_brand":[],"product_cat":[6262],"product_tag":[],"class_list":{"0":"post-36662","1":"product","2":"type-product","3":"status-publish","4":"has-post-thumbnail","6":"product_cat-esencialni-oleje","8":"first","9":"instock","10":"shipping-taxable","11":"product-type-simple"},"yoast_head":"<!-- This site is optimized with the Yoast SEO plugin v27.4 - https:\/\/yoast.com\/product\/yoast-seo-wordpress\/ -->\n<title>H\u0159eb\u00ed\u010dkov\u00fd olej - NATURAL POLAND - Velkoobchodn\u00ed distributor surovin<\/title>\n<meta name=\"description\" content=\"H\u0159eb\u00ed\u010dkov\u00fd olej z\u00edsk\u00e1van\u00fd z list\u016f rostliny Eugenia caryophyllus se vyzna\u010duje intenzivn\u00ed ko\u0159en\u011bnou v\u016fn\u00ed a vysok\u00fdm obsahem eugenolu.\" \/>\n<meta name=\"robots\" content=\"index, follow, max-snippet:-1, max-image-preview:large, max-video-preview:-1\" \/>\n<link rel=\"canonical\" href=\"https:\/\/naturalpoland.com\/cs\/produkty\/produkty-pro-kosmeticky-prumysl\/esencialni-oleje\/hrebickovy-olej\/\" \/>\n<meta property=\"og:locale\" content=\"cs_CZ\" \/>\n<meta property=\"og:type\" content=\"article\" \/>\n<meta property=\"og:title\" content=\"H\u0159eb\u00ed\u010dkov\u00fd olej - NATURAL POLAND - Velkoobchodn\u00ed distributor surovin\" \/>\n<meta property=\"og:description\" content=\"H\u0159eb\u00ed\u010dkov\u00fd olej z\u00edsk\u00e1van\u00fd z list\u016f rostliny Eugenia caryophyllus se vyzna\u010duje intenzivn\u00ed ko\u0159en\u011bnou v\u016fn\u00ed a vysok\u00fdm obsahem eugenolu.\" \/>\n<meta property=\"og:url\" content=\"https:\/\/naturalpoland.com\/cs\/produkty\/produkty-pro-kosmeticky-prumysl\/esencialni-oleje\/hrebickovy-olej\/\" \/>\n<meta property=\"og:site_name\" content=\"NATURAL POLAND - Velkoobchodn\u00ed distributor surovin\" \/>\n<meta property=\"article:publisher\" content=\"https:\/\/www.facebook.com\/naturalpoland.b2b\" \/>\n<meta property=\"og:image\" content=\"https:\/\/naturalpoland.com\/wp-content\/uploads\/olejek-eteryczny-z-lisci-gozdzikow.webp\" \/>\n\t<meta property=\"og:image:width\" content=\"610\" \/>\n\t<meta property=\"og:image:height\" content=\"610\" \/>\n\t<meta property=\"og:image:type\" content=\"image\/webp\" \/>\n<script type=\"application\/ld+json\" class=\"yoast-schema-graph\">{\"@context\":\"https:\\\/\\\/schema.org\",\"@graph\":[{\"@type\":\"WebPage\",\"@id\":\"https:\\\/\\\/naturalpoland.com\\\/cs\\\/produkty\\\/produkty-pro-kosmeticky-prumysl\\\/esencialni-oleje\\\/hrebickovy-olej\\\/\",\"url\":\"https:\\\/\\\/naturalpoland.com\\\/cs\\\/produkty\\\/produkty-pro-kosmeticky-prumysl\\\/esencialni-oleje\\\/hrebickovy-olej\\\/\",\"name\":\"H\u0159eb\u00ed\u010dkov\u00fd olej - NATURAL POLAND - Velkoobchodn\u00ed distributor surovin\",\"isPartOf\":{\"@id\":\"https:\\\/\\\/naturalpoland.com\\\/cs\\\/#website\"},\"primaryImageOfPage\":{\"@id\":\"https:\\\/\\\/naturalpoland.com\\\/cs\\\/produkty\\\/produkty-pro-kosmeticky-prumysl\\\/esencialni-oleje\\\/hrebickovy-olej\\\/#primaryimage\"},\"image\":{\"@id\":\"https:\\\/\\\/naturalpoland.com\\\/cs\\\/produkty\\\/produkty-pro-kosmeticky-prumysl\\\/esencialni-oleje\\\/hrebickovy-olej\\\/#primaryimage\"},\"thumbnailUrl\":\"https:\\\/\\\/naturalpoland.com\\\/wp-content\\\/uploads\\\/olejek-eteryczny-z-lisci-gozdzikow.webp\",\"datePublished\":\"2024-10-16T12:40:45+00:00\",\"description\":\"H\u0159eb\u00ed\u010dkov\u00fd olej z\u00edsk\u00e1van\u00fd z list\u016f rostliny Eugenia caryophyllus se vyzna\u010duje intenzivn\u00ed ko\u0159en\u011bnou v\u016fn\u00ed a vysok\u00fdm obsahem eugenolu.\",\"breadcrumb\":{\"@id\":\"https:\\\/\\\/naturalpoland.com\\\/cs\\\/produkty\\\/produkty-pro-kosmeticky-prumysl\\\/esencialni-oleje\\\/hrebickovy-olej\\\/#breadcrumb\"},\"inLanguage\":\"cs\",\"potentialAction\":[{\"@type\":\"ReadAction\",\"target\":[\"https:\\\/\\\/naturalpoland.com\\\/cs\\\/produkty\\\/produkty-pro-kosmeticky-prumysl\\\/esencialni-oleje\\\/hrebickovy-olej\\\/\"]}]},{\"@type\":\"ImageObject\",\"inLanguage\":\"cs\",\"@id\":\"https:\\\/\\\/naturalpoland.com\\\/cs\\\/produkty\\\/produkty-pro-kosmeticky-prumysl\\\/esencialni-oleje\\\/hrebickovy-olej\\\/#primaryimage\",\"url\":\"https:\\\/\\\/naturalpoland.com\\\/wp-content\\\/uploads\\\/olejek-eteryczny-z-lisci-gozdzikow.webp\",\"contentUrl\":\"https:\\\/\\\/naturalpoland.com\\\/wp-content\\\/uploads\\\/olejek-eteryczny-z-lisci-gozdzikow.webp\",\"width\":610,\"height\":610,\"caption\":\"olejek eteryczny z li\u015bci go\u017adzik\u00f3w\"},{\"@type\":\"BreadcrumbList\",\"@id\":\"https:\\\/\\\/naturalpoland.com\\\/cs\\\/produkty\\\/produkty-pro-kosmeticky-prumysl\\\/esencialni-oleje\\\/hrebickovy-olej\\\/#breadcrumb\",\"itemListElement\":[{\"@type\":\"ListItem\",\"position\":1,\"name\":\"Dom\u016f\",\"item\":\"https:\\\/\\\/naturalpoland.com\\\/cs\\\/\"},{\"@type\":\"ListItem\",\"position\":2,\"name\":\"Produkty\",\"item\":\"https:\\\/\\\/naturalpoland.com\\\/cs\\\/produkty\\\/\"},{\"@type\":\"ListItem\",\"position\":3,\"name\":\"H\u0159eb\u00ed\u010dkov\u00fd olej\"}]},{\"@type\":\"WebSite\",\"@id\":\"https:\\\/\\\/naturalpoland.com\\\/cs\\\/#website\",\"url\":\"https:\\\/\\\/naturalpoland.com\\\/cs\\\/\",\"name\":\"NATURAL POLAND - Velkoobchodn\u00ed distributor surovin\",\"description\":\"Surowce dla przemys\u0142u spo\u017cywczego, kosmetycznego i farmaceutycznego\",\"publisher\":{\"@id\":\"https:\\\/\\\/naturalpoland.com\\\/cs\\\/#organization\"},\"potentialAction\":[{\"@type\":\"SearchAction\",\"target\":{\"@type\":\"EntryPoint\",\"urlTemplate\":\"https:\\\/\\\/naturalpoland.com\\\/cs\\\/?s={search_term_string}\"},\"query-input\":{\"@type\":\"PropertyValueSpecification\",\"valueRequired\":true,\"valueName\":\"search_term_string\"}}],\"inLanguage\":\"cs\"},{\"@type\":\"Organization\",\"@id\":\"https:\\\/\\\/naturalpoland.com\\\/cs\\\/#organization\",\"name\":\"Natural Poland\",\"url\":\"https:\\\/\\\/naturalpoland.com\\\/cs\\\/\",\"logo\":{\"@type\":\"ImageObject\",\"inLanguage\":\"cs\",\"@id\":\"https:\\\/\\\/naturalpoland.com\\\/cs\\\/#\\\/schema\\\/logo\\\/image\\\/\",\"url\":\"https:\\\/\\\/naturalpoland.com\\\/wp-content\\\/uploads\\\/2021\\\/05\\\/natural-poland-icon.png\",\"contentUrl\":\"https:\\\/\\\/naturalpoland.com\\\/wp-content\\\/uploads\\\/2021\\\/05\\\/natural-poland-icon.png\",\"width\":512,\"height\":512,\"caption\":\"Natural Poland\"},\"image\":{\"@id\":\"https:\\\/\\\/naturalpoland.com\\\/cs\\\/#\\\/schema\\\/logo\\\/image\\\/\"},\"sameAs\":[\"https:\\\/\\\/www.facebook.com\\\/naturalpoland.b2b\",\"https:\\\/\\\/pl.linkedin.com\\\/company\\\/natural-poland\",\"https:\\\/\\\/www.youtube.com\\\/channel\\\/UCgeGGkvOMahZo-xu_MSEWxg\"]}]}<\/script>\n<!-- \/ Yoast SEO plugin. -->","yoast_head_json":{"title":"H\u0159eb\u00ed\u010dkov\u00fd olej - NATURAL POLAND - Velkoobchodn\u00ed distributor surovin","description":"H\u0159eb\u00ed\u010dkov\u00fd olej z\u00edsk\u00e1van\u00fd z list\u016f rostliny Eugenia caryophyllus se vyzna\u010duje intenzivn\u00ed ko\u0159en\u011bnou v\u016fn\u00ed a vysok\u00fdm obsahem eugenolu.","robots":{"index":"index","follow":"follow","max-snippet":"max-snippet:-1","max-image-preview":"max-image-preview:large","max-video-preview":"max-video-preview:-1"},"canonical":"https:\/\/naturalpoland.com\/cs\/produkty\/produkty-pro-kosmeticky-prumysl\/esencialni-oleje\/hrebickovy-olej\/","og_locale":"cs_CZ","og_type":"article","og_title":"H\u0159eb\u00ed\u010dkov\u00fd olej - NATURAL POLAND - Velkoobchodn\u00ed distributor surovin","og_description":"H\u0159eb\u00ed\u010dkov\u00fd olej z\u00edsk\u00e1van\u00fd z list\u016f rostliny Eugenia caryophyllus se vyzna\u010duje intenzivn\u00ed ko\u0159en\u011bnou v\u016fn\u00ed a vysok\u00fdm obsahem eugenolu.","og_url":"https:\/\/naturalpoland.com\/cs\/produkty\/produkty-pro-kosmeticky-prumysl\/esencialni-oleje\/hrebickovy-olej\/","og_site_name":"NATURAL POLAND - Velkoobchodn\u00ed distributor surovin","article_publisher":"https:\/\/www.facebook.com\/naturalpoland.b2b","og_image":[{"width":610,"height":610,"url":"https:\/\/naturalpoland.com\/wp-content\/uploads\/olejek-eteryczny-z-lisci-gozdzikow.webp","type":"image\/webp"}],"schema":{"@context":"https:\/\/schema.org","@graph":[{"@type":"WebPage","@id":"https:\/\/naturalpoland.com\/cs\/produkty\/produkty-pro-kosmeticky-prumysl\/esencialni-oleje\/hrebickovy-olej\/","url":"https:\/\/naturalpoland.com\/cs\/produkty\/produkty-pro-kosmeticky-prumysl\/esencialni-oleje\/hrebickovy-olej\/","name":"H\u0159eb\u00ed\u010dkov\u00fd olej - NATURAL POLAND - Velkoobchodn\u00ed distributor surovin","isPartOf":{"@id":"https:\/\/naturalpoland.com\/cs\/#website"},"primaryImageOfPage":{"@id":"https:\/\/naturalpoland.com\/cs\/produkty\/produkty-pro-kosmeticky-prumysl\/esencialni-oleje\/hrebickovy-olej\/#primaryimage"},"image":{"@id":"https:\/\/naturalpoland.com\/cs\/produkty\/produkty-pro-kosmeticky-prumysl\/esencialni-oleje\/hrebickovy-olej\/#primaryimage"},"thumbnailUrl":"https:\/\/naturalpoland.com\/wp-content\/uploads\/olejek-eteryczny-z-lisci-gozdzikow.webp","datePublished":"2024-10-16T12:40:45+00:00","description":"H\u0159eb\u00ed\u010dkov\u00fd olej z\u00edsk\u00e1van\u00fd z list\u016f rostliny Eugenia caryophyllus se vyzna\u010duje intenzivn\u00ed ko\u0159en\u011bnou v\u016fn\u00ed a vysok\u00fdm obsahem eugenolu.","breadcrumb":{"@id":"https:\/\/naturalpoland.com\/cs\/produkty\/produkty-pro-kosmeticky-prumysl\/esencialni-oleje\/hrebickovy-olej\/#breadcrumb"},"inLanguage":"cs","potentialAction":[{"@type":"ReadAction","target":["https:\/\/naturalpoland.com\/cs\/produkty\/produkty-pro-kosmeticky-prumysl\/esencialni-oleje\/hrebickovy-olej\/"]}]},{"@type":"ImageObject","inLanguage":"cs","@id":"https:\/\/naturalpoland.com\/cs\/produkty\/produkty-pro-kosmeticky-prumysl\/esencialni-oleje\/hrebickovy-olej\/#primaryimage","url":"https:\/\/naturalpoland.com\/wp-content\/uploads\/olejek-eteryczny-z-lisci-gozdzikow.webp","contentUrl":"https:\/\/naturalpoland.com\/wp-content\/uploads\/olejek-eteryczny-z-lisci-gozdzikow.webp","width":610,"height":610,"caption":"olejek eteryczny z li\u015bci go\u017adzik\u00f3w"},{"@type":"BreadcrumbList","@id":"https:\/\/naturalpoland.com\/cs\/produkty\/produkty-pro-kosmeticky-prumysl\/esencialni-oleje\/hrebickovy-olej\/#breadcrumb","itemListElement":[{"@type":"ListItem","position":1,"name":"Dom\u016f","item":"https:\/\/naturalpoland.com\/cs\/"},{"@type":"ListItem","position":2,"name":"Produkty","item":"https:\/\/naturalpoland.com\/cs\/produkty\/"},{"@type":"ListItem","position":3,"name":"H\u0159eb\u00ed\u010dkov\u00fd olej"}]},{"@type":"WebSite","@id":"https:\/\/naturalpoland.com\/cs\/#website","url":"https:\/\/naturalpoland.com\/cs\/","name":"NATURAL POLAND - Velkoobchodn\u00ed distributor surovin","description":"Surowce dla przemys\u0142u spo\u017cywczego, kosmetycznego i farmaceutycznego","publisher":{"@id":"https:\/\/naturalpoland.com\/cs\/#organization"},"potentialAction":[{"@type":"SearchAction","target":{"@type":"EntryPoint","urlTemplate":"https:\/\/naturalpoland.com\/cs\/?s={search_term_string}"},"query-input":{"@type":"PropertyValueSpecification","valueRequired":true,"valueName":"search_term_string"}}],"inLanguage":"cs"},{"@type":"Organization","@id":"https:\/\/naturalpoland.com\/cs\/#organization","name":"Natural Poland","url":"https:\/\/naturalpoland.com\/cs\/","logo":{"@type":"ImageObject","inLanguage":"cs","@id":"https:\/\/naturalpoland.com\/cs\/#\/schema\/logo\/image\/","url":"https:\/\/naturalpoland.com\/wp-content\/uploads\/2021\/05\/natural-poland-icon.png","contentUrl":"https:\/\/naturalpoland.com\/wp-content\/uploads\/2021\/05\/natural-poland-icon.png","width":512,"height":512,"caption":"Natural Poland"},"image":{"@id":"https:\/\/naturalpoland.com\/cs\/#\/schema\/logo\/image\/"},"sameAs":["https:\/\/www.facebook.com\/naturalpoland.b2b","https:\/\/pl.linkedin.com\/company\/natural-poland","https:\/\/www.youtube.com\/channel\/UCgeGGkvOMahZo-xu_MSEWxg"]}]}},"_links":{"self":[{"href":"https:\/\/naturalpoland.com\/cs\/wp-json\/wp\/v2\/product\/36662","targetHints":{"allow":["GET"]}}],"collection":[{"href":"https:\/\/naturalpoland.com\/cs\/wp-json\/wp\/v2\/product"}],"about":[{"href":"https:\/\/naturalpoland.com\/cs\/wp-json\/wp\/v2\/types\/product"}],"wp:featuredmedia":[{"embeddable":true,"href":"https:\/\/naturalpoland.com\/cs\/wp-json\/wp\/v2\/media\/36465"}],"wp:attachment":[{"href":"https:\/\/naturalpoland.com\/cs\/wp-json\/wp\/v2\/media?parent=36662"}],"wp:term":[{"taxonomy":"product_brand","embeddable":true,"href":"https:\/\/naturalpoland.com\/cs\/wp-json\/wp\/v2\/product_brand?post=36662"},{"taxonomy":"product_cat","embeddable":true,"href":"https:\/\/naturalpoland.com\/cs\/wp-json\/wp\/v2\/product_cat?post=36662"},{"taxonomy":"product_tag","embeddable":true,"href":"https:\/\/naturalpoland.com\/cs\/wp-json\/wp\/v2\/product_tag?post=36662"}],"curies":[{"name":"wp","href":"https:\/\/api.w.org\/{rel}","templated":true}]}}