{"id":36694,"date":"2024-10-14T14:47:30","date_gmt":"2024-10-16T12:47:11","guid":{"rendered":"https:\/\/naturalpoland.com\/produkty\/neza\u0159azen\u00e9\/verbenovo-citronovy-olej\/"},"modified":"2024-10-16T14:47:11","modified_gmt":"2024-10-16T12:47:11","slug":"verbenovo-citronovy-olej","status":"publish","type":"product","link":"https:\/\/naturalpoland.com\/cs\/produkty\/produkty-pro-kosmeticky-prumysl\/esencialni-oleje\/verbenovo-citronovy-olej\/","title":{"rendered":"Citronov\u00fd verbeny olej"},"content":{"rendered":"<p>Citronov\u00e1 verbena m\u00e1 ve sv\u00e9m slo\u017een\u00ed citral, limonen, geraniol a nerol, kter\u00e9 j\u00ed dod\u00e1vaj\u00ed siln\u00e9 antibakteri\u00e1ln\u00ed, antiseptick\u00e9 a protiz\u00e1n\u011btliv\u00e9 vlastnosti. Obsahuje tak\u00e9 p\u0159\u00edrodn\u00ed antioxidanty, kter\u00e9 chr\u00e1n\u00ed poko\u017eku p\u0159ed voln\u00fdmi radik\u00e1ly a p\u016fsob\u00ed proti st\u00e1rnut\u00ed. <\/p>\n<h2>Pou\u017eit\u00ed verbeny olejn\u00e9<\/h2>\n<p>Olej z verbeny se pou\u017e\u00edv\u00e1 p\u0159edev\u0161\u00edm v <strong>aromaterapii<\/strong>, proto\u017ee jeho v\u016fn\u011b je relaxa\u010dn\u00ed, uklid\u0148uj\u00edc\u00ed a antidepresivn\u00ed. Rozpra\u0161uje se v m\u00edstnosti, aby uklidnil nervy, uvolnil nap\u011bt\u00ed a usnadnil us\u00edn\u00e1n\u00ed. M\u016f\u017ee m\u00edt tak\u00e9 antistresov\u00fd \u00fa\u010dinek a zm\u00edr\u0148ovat p\u0159\u00edznaky \u00fazkosti. V p\u00e9\u010di o ple\u0165 se olej pou\u017e\u00edv\u00e1 v <strong>kosmetice<\/strong> pro mastnou, akn\u00f3zn\u00ed a zralou ple\u0165. Pom\u00e1h\u00e1 obnovit p\u0159irozenou rovnov\u00e1hu pH pleti, tonizuje, zpev\u0148uje a vyhlazuje ple\u0165, zvy\u0161uje jej\u00ed pru\u017enost a hutnost. Olej z citronov\u00e9 verbeny lze p\u0159id\u00e1vat do kr\u00e9m\u016f, ple\u0165ov\u00fdch vod a tonik a tak\u00e9 do <strong>\u0161ampon\u016f na<\/strong> mastn\u00e9 vlasy. Lze jej tak\u00e9 pou\u017e\u00edt jako p\u0159\u00edrodn\u00ed <strong>repelent proti hmyzu<\/strong> (v\u010detn\u011b kom\u00e1r\u016f a kl\u00ed\u0161\u0165at) rozpt\u00fdlen\u00edm nebo p\u0159id\u00e1n\u00edm do ochrann\u00fdch kr\u00e9m\u016f. Vyvarujte se pou\u017e\u00edv\u00e1n\u00ed ne\u0159ed\u011bn\u00e9ho oleje p\u0159\u00edmo na poko\u017eku nebo kontaktu s o\u010dima.  <\/p>\n","protected":false},"excerpt":{"rendered":"<p>Esenci\u00e1ln\u00ed olej z<em>citronov\u00e9<\/em> verbeny<em>(Lippia citriodora)<\/em> se vyzna\u010duje intenzivn\u00ed, sv\u011b\u017e\u00ed citrusovou v\u016fn\u00ed. Z\u00edsk\u00e1v\u00e1 se parn\u00ed destilac\u00ed list\u016f rostliny. Pou\u017e\u00edv\u00e1 se v aromaterapii a v p\u00e9\u010di o ple\u0165 a t\u011blo.  <\/p>\n","protected":false},"featured_media":36519,"template":"","meta":{"_acf_changed":false},"product_brand":[],"product_cat":[6262],"product_tag":[],"class_list":{"0":"post-36694","1":"product","2":"type-product","3":"status-publish","4":"has-post-thumbnail","6":"product_cat-esencialni-oleje","8":"first","9":"instock","10":"shipping-taxable","11":"product-type-simple"},"acf":[],"yoast_head":"<!-- This site is optimized with the Yoast SEO plugin v27.4 - https:\/\/yoast.com\/product\/yoast-seo-wordpress\/ -->\n<title>Citronov\u00fd verbeny olej - NATURAL POLAND - Velkoobchodn\u00ed distributor surovin<\/title>\n<meta name=\"description\" content=\"Citronov\u00e1 verbena je bohat\u00e1 na citral, limonen, geraniol a nerol, kter\u00e9 j\u00ed dod\u00e1vaj\u00ed antibakteri\u00e1ln\u00ed, antiseptick\u00e9 a protiz\u00e1n\u011btliv\u00e9 vlastnosti.\" \/>\n<meta name=\"robots\" content=\"index, follow, max-snippet:-1, max-image-preview:large, max-video-preview:-1\" \/>\n<link rel=\"canonical\" href=\"https:\/\/naturalpoland.com\/cs\/produkty\/produkty-pro-kosmeticky-prumysl\/esencialni-oleje\/verbenovo-citronovy-olej\/\" \/>\n<meta property=\"og:locale\" content=\"cs_CZ\" \/>\n<meta property=\"og:type\" content=\"article\" \/>\n<meta property=\"og:title\" content=\"Citronov\u00fd verbeny olej - NATURAL POLAND - Velkoobchodn\u00ed distributor surovin\" \/>\n<meta property=\"og:description\" content=\"Citronov\u00e1 verbena je bohat\u00e1 na citral, limonen, geraniol a nerol, kter\u00e9 j\u00ed dod\u00e1vaj\u00ed antibakteri\u00e1ln\u00ed, antiseptick\u00e9 a protiz\u00e1n\u011btliv\u00e9 vlastnosti.\" \/>\n<meta property=\"og:url\" content=\"https:\/\/naturalpoland.com\/cs\/produkty\/produkty-pro-kosmeticky-prumysl\/esencialni-oleje\/verbenovo-citronovy-olej\/\" \/>\n<meta property=\"og:site_name\" content=\"NATURAL POLAND - Velkoobchodn\u00ed distributor surovin\" \/>\n<meta property=\"article:publisher\" content=\"https:\/\/www.facebook.com\/naturalpoland.b2b\" \/>\n<meta property=\"og:image\" content=\"https:\/\/naturalpoland.com\/wp-content\/uploads\/olejek-eteryczny-z-werbeny-cytrynowy.webp\" \/>\n\t<meta property=\"og:image:width\" content=\"610\" \/>\n\t<meta property=\"og:image:height\" content=\"610\" \/>\n\t<meta property=\"og:image:type\" content=\"image\/webp\" \/>\n<script type=\"application\/ld+json\" class=\"yoast-schema-graph\">{\"@context\":\"https:\\\/\\\/schema.org\",\"@graph\":[{\"@type\":\"WebPage\",\"@id\":\"https:\\\/\\\/naturalpoland.com\\\/cs\\\/produkty\\\/produkty-pro-kosmeticky-prumysl\\\/esencialni-oleje\\\/verbenovo-citronovy-olej\\\/\",\"url\":\"https:\\\/\\\/naturalpoland.com\\\/cs\\\/produkty\\\/produkty-pro-kosmeticky-prumysl\\\/esencialni-oleje\\\/verbenovo-citronovy-olej\\\/\",\"name\":\"Citronov\u00fd verbeny olej - NATURAL POLAND - Velkoobchodn\u00ed distributor surovin\",\"isPartOf\":{\"@id\":\"https:\\\/\\\/naturalpoland.com\\\/cs\\\/#website\"},\"primaryImageOfPage\":{\"@id\":\"https:\\\/\\\/naturalpoland.com\\\/cs\\\/produkty\\\/produkty-pro-kosmeticky-prumysl\\\/esencialni-oleje\\\/verbenovo-citronovy-olej\\\/#primaryimage\"},\"image\":{\"@id\":\"https:\\\/\\\/naturalpoland.com\\\/cs\\\/produkty\\\/produkty-pro-kosmeticky-prumysl\\\/esencialni-oleje\\\/verbenovo-citronovy-olej\\\/#primaryimage\"},\"thumbnailUrl\":\"https:\\\/\\\/naturalpoland.com\\\/wp-content\\\/uploads\\\/olejek-eteryczny-z-werbeny-cytrynowy.webp\",\"datePublished\":\"2024-10-16T12:47:11+00:00\",\"description\":\"Citronov\u00e1 verbena je bohat\u00e1 na citral, limonen, geraniol a nerol, kter\u00e9 j\u00ed dod\u00e1vaj\u00ed antibakteri\u00e1ln\u00ed, antiseptick\u00e9 a protiz\u00e1n\u011btliv\u00e9 vlastnosti.\",\"breadcrumb\":{\"@id\":\"https:\\\/\\\/naturalpoland.com\\\/cs\\\/produkty\\\/produkty-pro-kosmeticky-prumysl\\\/esencialni-oleje\\\/verbenovo-citronovy-olej\\\/#breadcrumb\"},\"inLanguage\":\"cs\",\"potentialAction\":[{\"@type\":\"ReadAction\",\"target\":[\"https:\\\/\\\/naturalpoland.com\\\/cs\\\/produkty\\\/produkty-pro-kosmeticky-prumysl\\\/esencialni-oleje\\\/verbenovo-citronovy-olej\\\/\"]}]},{\"@type\":\"ImageObject\",\"inLanguage\":\"cs\",\"@id\":\"https:\\\/\\\/naturalpoland.com\\\/cs\\\/produkty\\\/produkty-pro-kosmeticky-prumysl\\\/esencialni-oleje\\\/verbenovo-citronovy-olej\\\/#primaryimage\",\"url\":\"https:\\\/\\\/naturalpoland.com\\\/wp-content\\\/uploads\\\/olejek-eteryczny-z-werbeny-cytrynowy.webp\",\"contentUrl\":\"https:\\\/\\\/naturalpoland.com\\\/wp-content\\\/uploads\\\/olejek-eteryczny-z-werbeny-cytrynowy.webp\",\"width\":610,\"height\":610,\"caption\":\"Olejek eteryczny z werbeny cytrynowej\"},{\"@type\":\"BreadcrumbList\",\"@id\":\"https:\\\/\\\/naturalpoland.com\\\/cs\\\/produkty\\\/produkty-pro-kosmeticky-prumysl\\\/esencialni-oleje\\\/verbenovo-citronovy-olej\\\/#breadcrumb\",\"itemListElement\":[{\"@type\":\"ListItem\",\"position\":1,\"name\":\"Dom\u016f\",\"item\":\"https:\\\/\\\/naturalpoland.com\\\/cs\\\/\"},{\"@type\":\"ListItem\",\"position\":2,\"name\":\"Produkty\",\"item\":\"https:\\\/\\\/naturalpoland.com\\\/cs\\\/produkty\\\/\"},{\"@type\":\"ListItem\",\"position\":3,\"name\":\"Citronov\u00fd verbeny olej\"}]},{\"@type\":\"WebSite\",\"@id\":\"https:\\\/\\\/naturalpoland.com\\\/cs\\\/#website\",\"url\":\"https:\\\/\\\/naturalpoland.com\\\/cs\\\/\",\"name\":\"NATURAL POLAND - Velkoobchodn\u00ed distributor surovin\",\"description\":\"Surowce dla przemys\u0142u spo\u017cywczego, kosmetycznego i farmaceutycznego\",\"publisher\":{\"@id\":\"https:\\\/\\\/naturalpoland.com\\\/cs\\\/#organization\"},\"potentialAction\":[{\"@type\":\"SearchAction\",\"target\":{\"@type\":\"EntryPoint\",\"urlTemplate\":\"https:\\\/\\\/naturalpoland.com\\\/cs\\\/?s={search_term_string}\"},\"query-input\":{\"@type\":\"PropertyValueSpecification\",\"valueRequired\":true,\"valueName\":\"search_term_string\"}}],\"inLanguage\":\"cs\"},{\"@type\":\"Organization\",\"@id\":\"https:\\\/\\\/naturalpoland.com\\\/cs\\\/#organization\",\"name\":\"Natural Poland\",\"url\":\"https:\\\/\\\/naturalpoland.com\\\/cs\\\/\",\"logo\":{\"@type\":\"ImageObject\",\"inLanguage\":\"cs\",\"@id\":\"https:\\\/\\\/naturalpoland.com\\\/cs\\\/#\\\/schema\\\/logo\\\/image\\\/\",\"url\":\"https:\\\/\\\/naturalpoland.com\\\/wp-content\\\/uploads\\\/2021\\\/05\\\/natural-poland-icon.png\",\"contentUrl\":\"https:\\\/\\\/naturalpoland.com\\\/wp-content\\\/uploads\\\/2021\\\/05\\\/natural-poland-icon.png\",\"width\":512,\"height\":512,\"caption\":\"Natural Poland\"},\"image\":{\"@id\":\"https:\\\/\\\/naturalpoland.com\\\/cs\\\/#\\\/schema\\\/logo\\\/image\\\/\"},\"sameAs\":[\"https:\\\/\\\/www.facebook.com\\\/naturalpoland.b2b\",\"https:\\\/\\\/pl.linkedin.com\\\/company\\\/natural-poland\",\"https:\\\/\\\/www.youtube.com\\\/channel\\\/UCgeGGkvOMahZo-xu_MSEWxg\"]}]}<\/script>\n<!-- \/ Yoast SEO plugin. -->","yoast_head_json":{"title":"Citronov\u00fd verbeny olej - NATURAL POLAND - Velkoobchodn\u00ed distributor surovin","description":"Citronov\u00e1 verbena je bohat\u00e1 na citral, limonen, geraniol a nerol, kter\u00e9 j\u00ed dod\u00e1vaj\u00ed antibakteri\u00e1ln\u00ed, antiseptick\u00e9 a protiz\u00e1n\u011btliv\u00e9 vlastnosti.","robots":{"index":"index","follow":"follow","max-snippet":"max-snippet:-1","max-image-preview":"max-image-preview:large","max-video-preview":"max-video-preview:-1"},"canonical":"https:\/\/naturalpoland.com\/cs\/produkty\/produkty-pro-kosmeticky-prumysl\/esencialni-oleje\/verbenovo-citronovy-olej\/","og_locale":"cs_CZ","og_type":"article","og_title":"Citronov\u00fd verbeny olej - NATURAL POLAND - Velkoobchodn\u00ed distributor surovin","og_description":"Citronov\u00e1 verbena je bohat\u00e1 na citral, limonen, geraniol a nerol, kter\u00e9 j\u00ed dod\u00e1vaj\u00ed antibakteri\u00e1ln\u00ed, antiseptick\u00e9 a protiz\u00e1n\u011btliv\u00e9 vlastnosti.","og_url":"https:\/\/naturalpoland.com\/cs\/produkty\/produkty-pro-kosmeticky-prumysl\/esencialni-oleje\/verbenovo-citronovy-olej\/","og_site_name":"NATURAL POLAND - Velkoobchodn\u00ed distributor surovin","article_publisher":"https:\/\/www.facebook.com\/naturalpoland.b2b","og_image":[{"width":610,"height":610,"url":"https:\/\/naturalpoland.com\/wp-content\/uploads\/olejek-eteryczny-z-werbeny-cytrynowy.webp","type":"image\/webp"}],"schema":{"@context":"https:\/\/schema.org","@graph":[{"@type":"WebPage","@id":"https:\/\/naturalpoland.com\/cs\/produkty\/produkty-pro-kosmeticky-prumysl\/esencialni-oleje\/verbenovo-citronovy-olej\/","url":"https:\/\/naturalpoland.com\/cs\/produkty\/produkty-pro-kosmeticky-prumysl\/esencialni-oleje\/verbenovo-citronovy-olej\/","name":"Citronov\u00fd verbeny olej - NATURAL POLAND - Velkoobchodn\u00ed distributor surovin","isPartOf":{"@id":"https:\/\/naturalpoland.com\/cs\/#website"},"primaryImageOfPage":{"@id":"https:\/\/naturalpoland.com\/cs\/produkty\/produkty-pro-kosmeticky-prumysl\/esencialni-oleje\/verbenovo-citronovy-olej\/#primaryimage"},"image":{"@id":"https:\/\/naturalpoland.com\/cs\/produkty\/produkty-pro-kosmeticky-prumysl\/esencialni-oleje\/verbenovo-citronovy-olej\/#primaryimage"},"thumbnailUrl":"https:\/\/naturalpoland.com\/wp-content\/uploads\/olejek-eteryczny-z-werbeny-cytrynowy.webp","datePublished":"2024-10-16T12:47:11+00:00","description":"Citronov\u00e1 verbena je bohat\u00e1 na citral, limonen, geraniol a nerol, kter\u00e9 j\u00ed dod\u00e1vaj\u00ed antibakteri\u00e1ln\u00ed, antiseptick\u00e9 a protiz\u00e1n\u011btliv\u00e9 vlastnosti.","breadcrumb":{"@id":"https:\/\/naturalpoland.com\/cs\/produkty\/produkty-pro-kosmeticky-prumysl\/esencialni-oleje\/verbenovo-citronovy-olej\/#breadcrumb"},"inLanguage":"cs","potentialAction":[{"@type":"ReadAction","target":["https:\/\/naturalpoland.com\/cs\/produkty\/produkty-pro-kosmeticky-prumysl\/esencialni-oleje\/verbenovo-citronovy-olej\/"]}]},{"@type":"ImageObject","inLanguage":"cs","@id":"https:\/\/naturalpoland.com\/cs\/produkty\/produkty-pro-kosmeticky-prumysl\/esencialni-oleje\/verbenovo-citronovy-olej\/#primaryimage","url":"https:\/\/naturalpoland.com\/wp-content\/uploads\/olejek-eteryczny-z-werbeny-cytrynowy.webp","contentUrl":"https:\/\/naturalpoland.com\/wp-content\/uploads\/olejek-eteryczny-z-werbeny-cytrynowy.webp","width":610,"height":610,"caption":"Olejek eteryczny z werbeny cytrynowej"},{"@type":"BreadcrumbList","@id":"https:\/\/naturalpoland.com\/cs\/produkty\/produkty-pro-kosmeticky-prumysl\/esencialni-oleje\/verbenovo-citronovy-olej\/#breadcrumb","itemListElement":[{"@type":"ListItem","position":1,"name":"Dom\u016f","item":"https:\/\/naturalpoland.com\/cs\/"},{"@type":"ListItem","position":2,"name":"Produkty","item":"https:\/\/naturalpoland.com\/cs\/produkty\/"},{"@type":"ListItem","position":3,"name":"Citronov\u00fd verbeny olej"}]},{"@type":"WebSite","@id":"https:\/\/naturalpoland.com\/cs\/#website","url":"https:\/\/naturalpoland.com\/cs\/","name":"NATURAL POLAND - Velkoobchodn\u00ed distributor surovin","description":"Surowce dla przemys\u0142u spo\u017cywczego, kosmetycznego i farmaceutycznego","publisher":{"@id":"https:\/\/naturalpoland.com\/cs\/#organization"},"potentialAction":[{"@type":"SearchAction","target":{"@type":"EntryPoint","urlTemplate":"https:\/\/naturalpoland.com\/cs\/?s={search_term_string}"},"query-input":{"@type":"PropertyValueSpecification","valueRequired":true,"valueName":"search_term_string"}}],"inLanguage":"cs"},{"@type":"Organization","@id":"https:\/\/naturalpoland.com\/cs\/#organization","name":"Natural Poland","url":"https:\/\/naturalpoland.com\/cs\/","logo":{"@type":"ImageObject","inLanguage":"cs","@id":"https:\/\/naturalpoland.com\/cs\/#\/schema\/logo\/image\/","url":"https:\/\/naturalpoland.com\/wp-content\/uploads\/2021\/05\/natural-poland-icon.png","contentUrl":"https:\/\/naturalpoland.com\/wp-content\/uploads\/2021\/05\/natural-poland-icon.png","width":512,"height":512,"caption":"Natural Poland"},"image":{"@id":"https:\/\/naturalpoland.com\/cs\/#\/schema\/logo\/image\/"},"sameAs":["https:\/\/www.facebook.com\/naturalpoland.b2b","https:\/\/pl.linkedin.com\/company\/natural-poland","https:\/\/www.youtube.com\/channel\/UCgeGGkvOMahZo-xu_MSEWxg"]}]}},"_links":{"self":[{"href":"https:\/\/naturalpoland.com\/cs\/wp-json\/wp\/v2\/product\/36694","targetHints":{"allow":["GET"]}}],"collection":[{"href":"https:\/\/naturalpoland.com\/cs\/wp-json\/wp\/v2\/product"}],"about":[{"href":"https:\/\/naturalpoland.com\/cs\/wp-json\/wp\/v2\/types\/product"}],"wp:featuredmedia":[{"embeddable":true,"href":"https:\/\/naturalpoland.com\/cs\/wp-json\/wp\/v2\/media\/36519"}],"wp:attachment":[{"href":"https:\/\/naturalpoland.com\/cs\/wp-json\/wp\/v2\/media?parent=36694"}],"wp:term":[{"taxonomy":"product_brand","embeddable":true,"href":"https:\/\/naturalpoland.com\/cs\/wp-json\/wp\/v2\/product_brand?post=36694"},{"taxonomy":"product_cat","embeddable":true,"href":"https:\/\/naturalpoland.com\/cs\/wp-json\/wp\/v2\/product_cat?post=36694"},{"taxonomy":"product_tag","embeddable":true,"href":"https:\/\/naturalpoland.com\/cs\/wp-json\/wp\/v2\/product_tag?post=36694"}],"curies":[{"name":"wp","href":"https:\/\/api.w.org\/{rel}","templated":true}]}}