{"id":36706,"date":"2024-10-14T15:04:57","date_gmt":"2024-10-14T13:04:57","guid":{"rendered":"https:\/\/naturalpoland.com\/produkty\/neza\u0159azen\u00e9\/olejovy-eukalyptus\/"},"modified":"2024-10-16T14:47:24","modified_gmt":"2024-10-16T12:47:24","slug":"olejovy-eukalyptus","status":"publish","type":"product","link":"https:\/\/naturalpoland.com\/cs\/produkty\/produkty-pro-kosmeticky-prumysl\/esencialni-oleje\/olejovy-eukalyptus\/","title":{"rendered":"Eukalyptov\u00fd olej"},"content":{"rendered":"<h2>Vlastnosti<\/h2>\n<p>Eukalyptov\u00fd olej obsahuje p\u0159edev\u0161\u00edm 1,8-cyneol (eukalyptol), kter\u00fd je zodpov\u011bdn\u00fd za jeho intenzivn\u00ed zdravotn\u00ed \u00fa\u010dinky, v\u010detn\u011b <strong>antiseptick\u00fdch<\/strong>, <strong>protiz\u00e1n\u011btliv\u00fdch<\/strong>, <strong>antivirov\u00fdch<\/strong> a <strong>antibakteri\u00e1ln\u00edch<\/strong>. \u010casto se pou\u017e\u00edv\u00e1 k l\u00e9\u010db\u011b d\u00fdchac\u00edch cest. Jeho pravideln\u00e9 pou\u017e\u00edv\u00e1n\u00ed m\u016f\u017ee pomoci zm\u00edrnit p\u0159\u00edznaky nachlazen\u00ed, ch\u0159ipky, ucpan\u00fdch dutin a ka\u0161le. M\u00e1 tak\u00e9 <strong>analgetick\u00fd<\/strong> a <strong>zah\u0159\u00edvac\u00ed<\/strong> <strong>\u00fa\u010dinek<\/strong>, proto se po n\u011bm sah\u00e1 p\u0159i svalov\u00fdch a revmatick\u00fdch bolestech.    <\/p>\n<h2>Aplikace<\/h2>\n<p>Eukalyptov\u00fd \u00e9terick\u00fd olej se dob\u0159e uplat\u0148uje v <strong>aromaterapii<\/strong> p\u0159i pou\u017eit\u00ed v difuz\u00e9rech a inhal\u00e1torech, kde jeho sv\u011b\u017e\u00ed v\u016fn\u011b \u010dist\u00ed vzduch a podporuje lep\u0161\u00ed d\u00fdch\u00e1n\u00ed. P\u0159i inhalaci m\u00e1 expektora\u010dn\u00ed \u00fa\u010dinek, kter\u00fd p\u0159in\u00e1\u0161\u00ed \u00falevu ucpan\u00fdm d\u00fdchac\u00edm cest\u00e1m. Olej lze pou\u017e\u00edt z\u0159ed\u011bn\u00fd na poko\u017eku jako <strong>p\u0159\u00edsadu do ple\u0165ov\u00fdch a mas\u00e1\u017en\u00edch olej\u016f<\/strong>. Pom\u00e1h\u00e1 zklidnit podr\u00e1\u017ed\u011bn\u00ed, urychluje hojen\u00ed drobn\u00fdch ran a sni\u017euje sv\u011bd\u011bn\u00ed po bodnut\u00ed hmyzem. P\u0159i vn\u011bj\u0161\u00ed aplikaci olej zlep\u0161uje mikrocirkulaci a m\u00e1 \u010distic\u00ed \u00fa\u010dinek na poko\u017eku. Z\u0159ed\u011bn\u00fd v nosn\u00e9m oleji je eukalyptov\u00fd olej vhodn\u00fd k <strong>mas\u00e1\u017e\u00edm<\/strong> p\u0159i bolestech sval\u016f a kloub\u016f. Lze jej tak\u00e9 p\u0159idat do koupele a vytvo\u0159it tak uvol\u0148uj\u00edc\u00ed atmosf\u00e9ru podporuj\u00edc\u00ed regeneraci po dlouh\u00e9m dni. D\u00edky sv\u00fdm siln\u00fdm dezinfek\u010dn\u00edm vlastnostem je olej ide\u00e1ln\u00edm p\u0159\u00eddavkem do <strong>\u010distic\u00edch prost\u0159edk\u016f pro dom\u00e1cnost<\/strong> a antibakteri\u00e1ln\u00edch p\u0159\u00edpravk\u016f, kter\u00fdm napom\u00e1h\u00e1 v jejich \u010distic\u00edm \u00fa\u010dinku. Eukalyptov\u00fd olej je vysoce koncentrovan\u00fd produkt, a proto by se m\u011bl pou\u017e\u00edvat opatrn\u011b. <\/p>\n","protected":false},"excerpt":{"rendered":"<p>Esenci\u00e1ln\u00ed olej z<em>eukalyptu (Eucalyptus globulus<\/em>) je produkt ur\u010den\u00fd k pou\u017eit\u00ed v aromaterapii a zdravotn\u00ed p\u00e9\u010di. Vyzna\u010duje se silnou kafrovou v\u016fn\u00ed s v\u00fdrazn\u00fdm sv\u011b\u017e\u00edm t\u00f3nem, kter\u00fd okam\u017eit\u011b p\u0159in\u00e1\u0161\u00ed pocit osv\u011b\u017een\u00ed a o\u010disty. Z\u00edsk\u00e1v\u00e1 se parn\u00ed destilac\u00ed list\u016f eukalyptu.  <\/p>\n","protected":false},"featured_media":36532,"template":"","meta":[],"product_brand":[],"product_cat":[6262],"product_tag":[],"class_list":{"0":"post-36706","1":"product","2":"type-product","3":"status-publish","4":"has-post-thumbnail","6":"product_cat-esencialni-oleje","7":"pa_czesc-rosliny-listy","8":"pa_czesc-rosliny-pobocka","10":"first","11":"instock","12":"shipping-taxable","13":"product-type-simple"},"yoast_head":"<!-- This site is optimized with the Yoast SEO plugin v27.4 - https:\/\/yoast.com\/product\/yoast-seo-wordpress\/ -->\n<title>Eukalyptov\u00fd olej - NATURAL POLAND - Velkoobchodn\u00ed distributor surovin<\/title>\n<meta name=\"description\" content=\"Eukalyptov\u00fd olej m\u00e1 terapeutick\u00e9, antibakteri\u00e1ln\u00ed \u00fa\u010dinky a sv\u011b\u017e\u00ed, \u010distic\u00ed v\u016fni. Obsahuje p\u0159edev\u0161\u00edm 1,8-cyneol (eukalyptol).\" \/>\n<meta name=\"robots\" content=\"index, follow, max-snippet:-1, max-image-preview:large, max-video-preview:-1\" \/>\n<link rel=\"canonical\" href=\"https:\/\/naturalpoland.com\/cs\/produkty\/produkty-pro-kosmeticky-prumysl\/esencialni-oleje\/olejovy-eukalyptus\/\" \/>\n<meta property=\"og:locale\" content=\"cs_CZ\" \/>\n<meta property=\"og:type\" content=\"article\" \/>\n<meta property=\"og:title\" content=\"Eukalyptov\u00fd olej - NATURAL POLAND - Velkoobchodn\u00ed distributor surovin\" \/>\n<meta property=\"og:description\" content=\"Eukalyptov\u00fd olej m\u00e1 terapeutick\u00e9, antibakteri\u00e1ln\u00ed \u00fa\u010dinky a sv\u011b\u017e\u00ed, \u010distic\u00ed v\u016fni. Obsahuje p\u0159edev\u0161\u00edm 1,8-cyneol (eukalyptol).\" \/>\n<meta property=\"og:url\" content=\"https:\/\/naturalpoland.com\/cs\/produkty\/produkty-pro-kosmeticky-prumysl\/esencialni-oleje\/olejovy-eukalyptus\/\" \/>\n<meta property=\"og:site_name\" content=\"NATURAL POLAND - Velkoobchodn\u00ed distributor surovin\" \/>\n<meta property=\"article:publisher\" content=\"https:\/\/www.facebook.com\/naturalpoland.b2b\" \/>\n<meta property=\"article:modified_time\" content=\"2024-10-16T12:47:24+00:00\" \/>\n<meta property=\"og:image\" content=\"https:\/\/naturalpoland.com\/wp-content\/uploads\/olejek-eukaliptusowy.webp\" \/>\n\t<meta property=\"og:image:width\" content=\"610\" \/>\n\t<meta property=\"og:image:height\" content=\"610\" \/>\n\t<meta property=\"og:image:type\" content=\"image\/webp\" \/>\n<script type=\"application\/ld+json\" class=\"yoast-schema-graph\">{\"@context\":\"https:\\\/\\\/schema.org\",\"@graph\":[{\"@type\":\"WebPage\",\"@id\":\"https:\\\/\\\/naturalpoland.com\\\/cs\\\/produkty\\\/produkty-pro-kosmeticky-prumysl\\\/esencialni-oleje\\\/olejovy-eukalyptus\\\/\",\"url\":\"https:\\\/\\\/naturalpoland.com\\\/cs\\\/produkty\\\/produkty-pro-kosmeticky-prumysl\\\/esencialni-oleje\\\/olejovy-eukalyptus\\\/\",\"name\":\"Eukalyptov\u00fd olej - NATURAL POLAND - Velkoobchodn\u00ed distributor surovin\",\"isPartOf\":{\"@id\":\"https:\\\/\\\/naturalpoland.com\\\/cs\\\/#website\"},\"primaryImageOfPage\":{\"@id\":\"https:\\\/\\\/naturalpoland.com\\\/cs\\\/produkty\\\/produkty-pro-kosmeticky-prumysl\\\/esencialni-oleje\\\/olejovy-eukalyptus\\\/#primaryimage\"},\"image\":{\"@id\":\"https:\\\/\\\/naturalpoland.com\\\/cs\\\/produkty\\\/produkty-pro-kosmeticky-prumysl\\\/esencialni-oleje\\\/olejovy-eukalyptus\\\/#primaryimage\"},\"thumbnailUrl\":\"https:\\\/\\\/naturalpoland.com\\\/wp-content\\\/uploads\\\/olejek-eukaliptusowy.webp\",\"datePublished\":\"2024-10-14T13:04:57+00:00\",\"dateModified\":\"2024-10-16T12:47:24+00:00\",\"description\":\"Eukalyptov\u00fd olej m\u00e1 terapeutick\u00e9, antibakteri\u00e1ln\u00ed \u00fa\u010dinky a sv\u011b\u017e\u00ed, \u010distic\u00ed v\u016fni. Obsahuje p\u0159edev\u0161\u00edm 1,8-cyneol (eukalyptol).\",\"breadcrumb\":{\"@id\":\"https:\\\/\\\/naturalpoland.com\\\/cs\\\/produkty\\\/produkty-pro-kosmeticky-prumysl\\\/esencialni-oleje\\\/olejovy-eukalyptus\\\/#breadcrumb\"},\"inLanguage\":\"cs\",\"potentialAction\":[{\"@type\":\"ReadAction\",\"target\":[\"https:\\\/\\\/naturalpoland.com\\\/cs\\\/produkty\\\/produkty-pro-kosmeticky-prumysl\\\/esencialni-oleje\\\/olejovy-eukalyptus\\\/\"]}]},{\"@type\":\"ImageObject\",\"inLanguage\":\"cs\",\"@id\":\"https:\\\/\\\/naturalpoland.com\\\/cs\\\/produkty\\\/produkty-pro-kosmeticky-prumysl\\\/esencialni-oleje\\\/olejovy-eukalyptus\\\/#primaryimage\",\"url\":\"https:\\\/\\\/naturalpoland.com\\\/wp-content\\\/uploads\\\/olejek-eukaliptusowy.webp\",\"contentUrl\":\"https:\\\/\\\/naturalpoland.com\\\/wp-content\\\/uploads\\\/olejek-eukaliptusowy.webp\",\"width\":610,\"height\":610,\"caption\":\"Olejek eteryczny z eukaliptusa (Eucalyptus globulus)\"},{\"@type\":\"BreadcrumbList\",\"@id\":\"https:\\\/\\\/naturalpoland.com\\\/cs\\\/produkty\\\/produkty-pro-kosmeticky-prumysl\\\/esencialni-oleje\\\/olejovy-eukalyptus\\\/#breadcrumb\",\"itemListElement\":[{\"@type\":\"ListItem\",\"position\":1,\"name\":\"Dom\u016f\",\"item\":\"https:\\\/\\\/naturalpoland.com\\\/cs\\\/\"},{\"@type\":\"ListItem\",\"position\":2,\"name\":\"Produkty\",\"item\":\"https:\\\/\\\/naturalpoland.com\\\/cs\\\/produkty\\\/\"},{\"@type\":\"ListItem\",\"position\":3,\"name\":\"Eukalyptov\u00fd olej\"}]},{\"@type\":\"WebSite\",\"@id\":\"https:\\\/\\\/naturalpoland.com\\\/cs\\\/#website\",\"url\":\"https:\\\/\\\/naturalpoland.com\\\/cs\\\/\",\"name\":\"NATURAL POLAND - Velkoobchodn\u00ed distributor surovin\",\"description\":\"Surowce dla przemys\u0142u spo\u017cywczego, kosmetycznego i farmaceutycznego\",\"publisher\":{\"@id\":\"https:\\\/\\\/naturalpoland.com\\\/cs\\\/#organization\"},\"potentialAction\":[{\"@type\":\"SearchAction\",\"target\":{\"@type\":\"EntryPoint\",\"urlTemplate\":\"https:\\\/\\\/naturalpoland.com\\\/cs\\\/?s={search_term_string}\"},\"query-input\":{\"@type\":\"PropertyValueSpecification\",\"valueRequired\":true,\"valueName\":\"search_term_string\"}}],\"inLanguage\":\"cs\"},{\"@type\":\"Organization\",\"@id\":\"https:\\\/\\\/naturalpoland.com\\\/cs\\\/#organization\",\"name\":\"Natural Poland\",\"url\":\"https:\\\/\\\/naturalpoland.com\\\/cs\\\/\",\"logo\":{\"@type\":\"ImageObject\",\"inLanguage\":\"cs\",\"@id\":\"https:\\\/\\\/naturalpoland.com\\\/cs\\\/#\\\/schema\\\/logo\\\/image\\\/\",\"url\":\"https:\\\/\\\/naturalpoland.com\\\/wp-content\\\/uploads\\\/2021\\\/05\\\/natural-poland-icon.png\",\"contentUrl\":\"https:\\\/\\\/naturalpoland.com\\\/wp-content\\\/uploads\\\/2021\\\/05\\\/natural-poland-icon.png\",\"width\":512,\"height\":512,\"caption\":\"Natural Poland\"},\"image\":{\"@id\":\"https:\\\/\\\/naturalpoland.com\\\/cs\\\/#\\\/schema\\\/logo\\\/image\\\/\"},\"sameAs\":[\"https:\\\/\\\/www.facebook.com\\\/naturalpoland.b2b\",\"https:\\\/\\\/pl.linkedin.com\\\/company\\\/natural-poland\",\"https:\\\/\\\/www.youtube.com\\\/channel\\\/UCgeGGkvOMahZo-xu_MSEWxg\"]}]}<\/script>\n<!-- \/ Yoast SEO plugin. -->","yoast_head_json":{"title":"Eukalyptov\u00fd olej - NATURAL POLAND - Velkoobchodn\u00ed distributor surovin","description":"Eukalyptov\u00fd olej m\u00e1 terapeutick\u00e9, antibakteri\u00e1ln\u00ed \u00fa\u010dinky a sv\u011b\u017e\u00ed, \u010distic\u00ed v\u016fni. Obsahuje p\u0159edev\u0161\u00edm 1,8-cyneol (eukalyptol).","robots":{"index":"index","follow":"follow","max-snippet":"max-snippet:-1","max-image-preview":"max-image-preview:large","max-video-preview":"max-video-preview:-1"},"canonical":"https:\/\/naturalpoland.com\/cs\/produkty\/produkty-pro-kosmeticky-prumysl\/esencialni-oleje\/olejovy-eukalyptus\/","og_locale":"cs_CZ","og_type":"article","og_title":"Eukalyptov\u00fd olej - NATURAL POLAND - Velkoobchodn\u00ed distributor surovin","og_description":"Eukalyptov\u00fd olej m\u00e1 terapeutick\u00e9, antibakteri\u00e1ln\u00ed \u00fa\u010dinky a sv\u011b\u017e\u00ed, \u010distic\u00ed v\u016fni. Obsahuje p\u0159edev\u0161\u00edm 1,8-cyneol (eukalyptol).","og_url":"https:\/\/naturalpoland.com\/cs\/produkty\/produkty-pro-kosmeticky-prumysl\/esencialni-oleje\/olejovy-eukalyptus\/","og_site_name":"NATURAL POLAND - Velkoobchodn\u00ed distributor surovin","article_publisher":"https:\/\/www.facebook.com\/naturalpoland.b2b","article_modified_time":"2024-10-16T12:47:24+00:00","og_image":[{"width":610,"height":610,"url":"https:\/\/naturalpoland.com\/wp-content\/uploads\/olejek-eukaliptusowy.webp","type":"image\/webp"}],"schema":{"@context":"https:\/\/schema.org","@graph":[{"@type":"WebPage","@id":"https:\/\/naturalpoland.com\/cs\/produkty\/produkty-pro-kosmeticky-prumysl\/esencialni-oleje\/olejovy-eukalyptus\/","url":"https:\/\/naturalpoland.com\/cs\/produkty\/produkty-pro-kosmeticky-prumysl\/esencialni-oleje\/olejovy-eukalyptus\/","name":"Eukalyptov\u00fd olej - NATURAL POLAND - Velkoobchodn\u00ed distributor surovin","isPartOf":{"@id":"https:\/\/naturalpoland.com\/cs\/#website"},"primaryImageOfPage":{"@id":"https:\/\/naturalpoland.com\/cs\/produkty\/produkty-pro-kosmeticky-prumysl\/esencialni-oleje\/olejovy-eukalyptus\/#primaryimage"},"image":{"@id":"https:\/\/naturalpoland.com\/cs\/produkty\/produkty-pro-kosmeticky-prumysl\/esencialni-oleje\/olejovy-eukalyptus\/#primaryimage"},"thumbnailUrl":"https:\/\/naturalpoland.com\/wp-content\/uploads\/olejek-eukaliptusowy.webp","datePublished":"2024-10-14T13:04:57+00:00","dateModified":"2024-10-16T12:47:24+00:00","description":"Eukalyptov\u00fd olej m\u00e1 terapeutick\u00e9, antibakteri\u00e1ln\u00ed \u00fa\u010dinky a sv\u011b\u017e\u00ed, \u010distic\u00ed v\u016fni. Obsahuje p\u0159edev\u0161\u00edm 1,8-cyneol (eukalyptol).","breadcrumb":{"@id":"https:\/\/naturalpoland.com\/cs\/produkty\/produkty-pro-kosmeticky-prumysl\/esencialni-oleje\/olejovy-eukalyptus\/#breadcrumb"},"inLanguage":"cs","potentialAction":[{"@type":"ReadAction","target":["https:\/\/naturalpoland.com\/cs\/produkty\/produkty-pro-kosmeticky-prumysl\/esencialni-oleje\/olejovy-eukalyptus\/"]}]},{"@type":"ImageObject","inLanguage":"cs","@id":"https:\/\/naturalpoland.com\/cs\/produkty\/produkty-pro-kosmeticky-prumysl\/esencialni-oleje\/olejovy-eukalyptus\/#primaryimage","url":"https:\/\/naturalpoland.com\/wp-content\/uploads\/olejek-eukaliptusowy.webp","contentUrl":"https:\/\/naturalpoland.com\/wp-content\/uploads\/olejek-eukaliptusowy.webp","width":610,"height":610,"caption":"Olejek eteryczny z eukaliptusa (Eucalyptus globulus)"},{"@type":"BreadcrumbList","@id":"https:\/\/naturalpoland.com\/cs\/produkty\/produkty-pro-kosmeticky-prumysl\/esencialni-oleje\/olejovy-eukalyptus\/#breadcrumb","itemListElement":[{"@type":"ListItem","position":1,"name":"Dom\u016f","item":"https:\/\/naturalpoland.com\/cs\/"},{"@type":"ListItem","position":2,"name":"Produkty","item":"https:\/\/naturalpoland.com\/cs\/produkty\/"},{"@type":"ListItem","position":3,"name":"Eukalyptov\u00fd olej"}]},{"@type":"WebSite","@id":"https:\/\/naturalpoland.com\/cs\/#website","url":"https:\/\/naturalpoland.com\/cs\/","name":"NATURAL POLAND - Velkoobchodn\u00ed distributor surovin","description":"Surowce dla przemys\u0142u spo\u017cywczego, kosmetycznego i farmaceutycznego","publisher":{"@id":"https:\/\/naturalpoland.com\/cs\/#organization"},"potentialAction":[{"@type":"SearchAction","target":{"@type":"EntryPoint","urlTemplate":"https:\/\/naturalpoland.com\/cs\/?s={search_term_string}"},"query-input":{"@type":"PropertyValueSpecification","valueRequired":true,"valueName":"search_term_string"}}],"inLanguage":"cs"},{"@type":"Organization","@id":"https:\/\/naturalpoland.com\/cs\/#organization","name":"Natural Poland","url":"https:\/\/naturalpoland.com\/cs\/","logo":{"@type":"ImageObject","inLanguage":"cs","@id":"https:\/\/naturalpoland.com\/cs\/#\/schema\/logo\/image\/","url":"https:\/\/naturalpoland.com\/wp-content\/uploads\/2021\/05\/natural-poland-icon.png","contentUrl":"https:\/\/naturalpoland.com\/wp-content\/uploads\/2021\/05\/natural-poland-icon.png","width":512,"height":512,"caption":"Natural Poland"},"image":{"@id":"https:\/\/naturalpoland.com\/cs\/#\/schema\/logo\/image\/"},"sameAs":["https:\/\/www.facebook.com\/naturalpoland.b2b","https:\/\/pl.linkedin.com\/company\/natural-poland","https:\/\/www.youtube.com\/channel\/UCgeGGkvOMahZo-xu_MSEWxg"]}]}},"_links":{"self":[{"href":"https:\/\/naturalpoland.com\/cs\/wp-json\/wp\/v2\/product\/36706","targetHints":{"allow":["GET"]}}],"collection":[{"href":"https:\/\/naturalpoland.com\/cs\/wp-json\/wp\/v2\/product"}],"about":[{"href":"https:\/\/naturalpoland.com\/cs\/wp-json\/wp\/v2\/types\/product"}],"wp:featuredmedia":[{"embeddable":true,"href":"https:\/\/naturalpoland.com\/cs\/wp-json\/wp\/v2\/media\/36532"}],"wp:attachment":[{"href":"https:\/\/naturalpoland.com\/cs\/wp-json\/wp\/v2\/media?parent=36706"}],"wp:term":[{"taxonomy":"product_brand","embeddable":true,"href":"https:\/\/naturalpoland.com\/cs\/wp-json\/wp\/v2\/product_brand?post=36706"},{"taxonomy":"product_cat","embeddable":true,"href":"https:\/\/naturalpoland.com\/cs\/wp-json\/wp\/v2\/product_cat?post=36706"},{"taxonomy":"product_tag","embeddable":true,"href":"https:\/\/naturalpoland.com\/cs\/wp-json\/wp\/v2\/product_tag?post=36706"}],"curies":[{"name":"wp","href":"https:\/\/api.w.org\/{rel}","templated":true}]}}