{"id":36738,"date":"2024-10-15T12:43:43","date_gmt":"2024-10-16T12:51:16","guid":{"rendered":"https:\/\/naturalpoland.com\/produkty\/neza\u0159azen\u00e9\/smrkovy-olej\/"},"modified":"2024-10-16T14:51:16","modified_gmt":"2024-10-16T12:51:16","slug":"smrkovy-olej","status":"publish","type":"product","link":"https:\/\/naturalpoland.com\/cs\/produkty\/produkty-pro-kosmeticky-prumysl\/esencialni-oleje\/smrkovy-olej\/","title":{"rendered":"Smrkov\u00fd olej"},"content":{"rendered":"<h2>Vlastnosti:<\/h2>\n<p>Olej je zn\u00e1m\u00fd sv\u00fdmi osv\u011b\u017euj\u00edc\u00edmi, antiseptick\u00fdmi a d\u00fdchac\u00edmi \u00fa\u010dinky:<\/p>\n<ul>\n<li>m\u00e1 o\u010distn\u00fd \u00fa\u010dinek na d\u00fdchac\u00ed syst\u00e9m,<\/li>\n<li>pom\u00e1h\u00e1 chr\u00e1nit p\u0159ed infekcemi,<\/li>\n<li>m\u00e1 relaxa\u010dn\u00ed \u00fa\u010dinky a pom\u00e1h\u00e1 p\u0159i meditaci,<\/li>\n<li>tonizuje poko\u017eku a reguluje tvorbu ko\u017en\u00edho mazu.<\/li>\n<\/ul>\n<h2>Pou\u017eit\u00ed:<\/h2>\n<p>Smrkov\u00fd olej je vynikaj\u00edc\u00ed pro aromaterapii i p\u00e9\u010di o ple\u0165. V <strong>aromaterapii<\/strong> je smrkov\u00fd olej zn\u00e1m\u00fd jako prost\u0159edek proti stresu, kter\u00fd podporuje relaxaci a vnit\u0159n\u00ed klid. Jeho sv\u011b\u017e\u00ed, d\u0159evit\u00e1 v\u016fn\u011b je ide\u00e1ln\u00ed pro podporu meditace a vyrovn\u00e1vac\u00edch praktik. P\u0159i inhalaci pom\u00e1h\u00e1 chr\u00e1nit p\u0159ed infekcemi a m\u00e1 antiseptick\u00e9 a protiz\u00e1n\u011btliv\u00e9 \u00fa\u010dinky. Olej se pou\u017e\u00edv\u00e1 tak\u00e9 <strong>k mas\u00e1\u017e\u00edm p\u0159i<\/strong> svalov\u00e9m nap\u011bt\u00ed, stresu nebo \u00fanav\u011b. Je tak\u00e9 \u00fa\u010dinnou <strong>slo\u017ekou kosmetick\u00fdch p\u0159\u00edpravk\u016f<\/strong> pro mastnou ple\u0165 a ple\u0165 n\u00e1chylnou k ekz\u00e9m\u016fm. Kapku oleje lze p\u0159idat do tonika nebo kr\u00e9mu na mastnou ple\u0165, \u010d\u00edm\u017e se podpo\u0159\u00ed regulace ko\u017en\u00edho mazu a redukce nedokonalost\u00ed.<\/p>\n","protected":false},"excerpt":{"rendered":"<p>Esenci\u00e1ln\u00ed olej ze smrku<em>(Picea abies<\/em>) se z\u00edsk\u00e1v\u00e1 z jehli\u010d\u00ed smrk\u016f rostouc\u00edch v \u010dist\u00fdch horsk\u00fdch oblastech. Je 100% p\u0159\u00edrodn\u00ed a intenzivn\u011b aromatick\u00fd &#8211; m\u00e1 sv\u011b\u017e\u00ed, d\u0159evitou a jehli\u010dnatou v\u016fni. <\/p>\n","protected":false},"featured_media":36574,"template":"","meta":[],"product_brand":[],"product_cat":[6262],"product_tag":[],"class_list":{"0":"post-36738","1":"product","2":"type-product","3":"status-publish","4":"has-post-thumbnail","6":"product_cat-esencialni-oleje","8":"first","9":"instock","10":"shipping-taxable","11":"product-type-simple"},"yoast_head":"<!-- This site is optimized with the Yoast SEO plugin v27.4 - https:\/\/yoast.com\/product\/yoast-seo-wordpress\/ -->\n<title>Smrkov\u00fd olej - NATURAL POLAND - Velkoobchodn\u00ed distributor surovin<\/title>\n<meta name=\"description\" content=\"Smrkov\u00fd esenci\u00e1ln\u00ed olej se sv\u011b\u017e\u00ed, d\u0159evitou a jehli\u010dnatou v\u016fn\u00ed se z\u00edsk\u00e1v\u00e1 z jehli\u010d\u00ed smrk\u016f rostouc\u00edch v \u010dist\u00fdch horsk\u00fdch oblastech.\" \/>\n<meta name=\"robots\" content=\"index, follow, max-snippet:-1, max-image-preview:large, max-video-preview:-1\" \/>\n<link rel=\"canonical\" href=\"https:\/\/naturalpoland.com\/cs\/produkty\/produkty-pro-kosmeticky-prumysl\/esencialni-oleje\/smrkovy-olej\/\" \/>\n<meta property=\"og:locale\" content=\"cs_CZ\" \/>\n<meta property=\"og:type\" content=\"article\" \/>\n<meta property=\"og:title\" content=\"Smrkov\u00fd olej - NATURAL POLAND - Velkoobchodn\u00ed distributor surovin\" \/>\n<meta property=\"og:description\" content=\"Smrkov\u00fd esenci\u00e1ln\u00ed olej se sv\u011b\u017e\u00ed, d\u0159evitou a jehli\u010dnatou v\u016fn\u00ed se z\u00edsk\u00e1v\u00e1 z jehli\u010d\u00ed smrk\u016f rostouc\u00edch v \u010dist\u00fdch horsk\u00fdch oblastech.\" \/>\n<meta property=\"og:url\" content=\"https:\/\/naturalpoland.com\/cs\/produkty\/produkty-pro-kosmeticky-prumysl\/esencialni-oleje\/smrkovy-olej\/\" \/>\n<meta property=\"og:site_name\" content=\"NATURAL POLAND - Velkoobchodn\u00ed distributor surovin\" \/>\n<meta property=\"article:publisher\" content=\"https:\/\/www.facebook.com\/naturalpoland.b2b\" \/>\n<meta property=\"og:image\" content=\"https:\/\/naturalpoland.com\/wp-content\/uploads\/olejek-ze-swierku.webp\" \/>\n\t<meta property=\"og:image:width\" content=\"610\" \/>\n\t<meta property=\"og:image:height\" content=\"610\" \/>\n\t<meta property=\"og:image:type\" content=\"image\/webp\" \/>\n<script type=\"application\/ld+json\" class=\"yoast-schema-graph\">{\"@context\":\"https:\\\/\\\/schema.org\",\"@graph\":[{\"@type\":\"WebPage\",\"@id\":\"https:\\\/\\\/naturalpoland.com\\\/cs\\\/produkty\\\/produkty-pro-kosmeticky-prumysl\\\/esencialni-oleje\\\/smrkovy-olej\\\/\",\"url\":\"https:\\\/\\\/naturalpoland.com\\\/cs\\\/produkty\\\/produkty-pro-kosmeticky-prumysl\\\/esencialni-oleje\\\/smrkovy-olej\\\/\",\"name\":\"Smrkov\u00fd olej - NATURAL POLAND - Velkoobchodn\u00ed distributor surovin\",\"isPartOf\":{\"@id\":\"https:\\\/\\\/naturalpoland.com\\\/cs\\\/#website\"},\"primaryImageOfPage\":{\"@id\":\"https:\\\/\\\/naturalpoland.com\\\/cs\\\/produkty\\\/produkty-pro-kosmeticky-prumysl\\\/esencialni-oleje\\\/smrkovy-olej\\\/#primaryimage\"},\"image\":{\"@id\":\"https:\\\/\\\/naturalpoland.com\\\/cs\\\/produkty\\\/produkty-pro-kosmeticky-prumysl\\\/esencialni-oleje\\\/smrkovy-olej\\\/#primaryimage\"},\"thumbnailUrl\":\"https:\\\/\\\/naturalpoland.com\\\/wp-content\\\/uploads\\\/olejek-ze-swierku.webp\",\"datePublished\":\"2024-10-16T12:51:16+00:00\",\"description\":\"Smrkov\u00fd esenci\u00e1ln\u00ed olej se sv\u011b\u017e\u00ed, d\u0159evitou a jehli\u010dnatou v\u016fn\u00ed se z\u00edsk\u00e1v\u00e1 z jehli\u010d\u00ed smrk\u016f rostouc\u00edch v \u010dist\u00fdch horsk\u00fdch oblastech.\",\"breadcrumb\":{\"@id\":\"https:\\\/\\\/naturalpoland.com\\\/cs\\\/produkty\\\/produkty-pro-kosmeticky-prumysl\\\/esencialni-oleje\\\/smrkovy-olej\\\/#breadcrumb\"},\"inLanguage\":\"cs\",\"potentialAction\":[{\"@type\":\"ReadAction\",\"target\":[\"https:\\\/\\\/naturalpoland.com\\\/cs\\\/produkty\\\/produkty-pro-kosmeticky-prumysl\\\/esencialni-oleje\\\/smrkovy-olej\\\/\"]}]},{\"@type\":\"ImageObject\",\"inLanguage\":\"cs\",\"@id\":\"https:\\\/\\\/naturalpoland.com\\\/cs\\\/produkty\\\/produkty-pro-kosmeticky-prumysl\\\/esencialni-oleje\\\/smrkovy-olej\\\/#primaryimage\",\"url\":\"https:\\\/\\\/naturalpoland.com\\\/wp-content\\\/uploads\\\/olejek-ze-swierku.webp\",\"contentUrl\":\"https:\\\/\\\/naturalpoland.com\\\/wp-content\\\/uploads\\\/olejek-ze-swierku.webp\",\"width\":610,\"height\":610,\"caption\":\"Olejek eteryczny ze \u015bwierku pospolitego\"},{\"@type\":\"BreadcrumbList\",\"@id\":\"https:\\\/\\\/naturalpoland.com\\\/cs\\\/produkty\\\/produkty-pro-kosmeticky-prumysl\\\/esencialni-oleje\\\/smrkovy-olej\\\/#breadcrumb\",\"itemListElement\":[{\"@type\":\"ListItem\",\"position\":1,\"name\":\"Dom\u016f\",\"item\":\"https:\\\/\\\/naturalpoland.com\\\/cs\\\/\"},{\"@type\":\"ListItem\",\"position\":2,\"name\":\"Produkty\",\"item\":\"https:\\\/\\\/naturalpoland.com\\\/cs\\\/produkty\\\/\"},{\"@type\":\"ListItem\",\"position\":3,\"name\":\"Smrkov\u00fd olej\"}]},{\"@type\":\"WebSite\",\"@id\":\"https:\\\/\\\/naturalpoland.com\\\/cs\\\/#website\",\"url\":\"https:\\\/\\\/naturalpoland.com\\\/cs\\\/\",\"name\":\"NATURAL POLAND - Velkoobchodn\u00ed distributor surovin\",\"description\":\"Surowce dla przemys\u0142u spo\u017cywczego, kosmetycznego i farmaceutycznego\",\"publisher\":{\"@id\":\"https:\\\/\\\/naturalpoland.com\\\/cs\\\/#organization\"},\"potentialAction\":[{\"@type\":\"SearchAction\",\"target\":{\"@type\":\"EntryPoint\",\"urlTemplate\":\"https:\\\/\\\/naturalpoland.com\\\/cs\\\/?s={search_term_string}\"},\"query-input\":{\"@type\":\"PropertyValueSpecification\",\"valueRequired\":true,\"valueName\":\"search_term_string\"}}],\"inLanguage\":\"cs\"},{\"@type\":\"Organization\",\"@id\":\"https:\\\/\\\/naturalpoland.com\\\/cs\\\/#organization\",\"name\":\"Natural Poland\",\"url\":\"https:\\\/\\\/naturalpoland.com\\\/cs\\\/\",\"logo\":{\"@type\":\"ImageObject\",\"inLanguage\":\"cs\",\"@id\":\"https:\\\/\\\/naturalpoland.com\\\/cs\\\/#\\\/schema\\\/logo\\\/image\\\/\",\"url\":\"https:\\\/\\\/naturalpoland.com\\\/wp-content\\\/uploads\\\/2021\\\/05\\\/natural-poland-icon.png\",\"contentUrl\":\"https:\\\/\\\/naturalpoland.com\\\/wp-content\\\/uploads\\\/2021\\\/05\\\/natural-poland-icon.png\",\"width\":512,\"height\":512,\"caption\":\"Natural Poland\"},\"image\":{\"@id\":\"https:\\\/\\\/naturalpoland.com\\\/cs\\\/#\\\/schema\\\/logo\\\/image\\\/\"},\"sameAs\":[\"https:\\\/\\\/www.facebook.com\\\/naturalpoland.b2b\",\"https:\\\/\\\/pl.linkedin.com\\\/company\\\/natural-poland\",\"https:\\\/\\\/www.youtube.com\\\/channel\\\/UCgeGGkvOMahZo-xu_MSEWxg\"]}]}<\/script>\n<!-- \/ Yoast SEO plugin. -->","yoast_head_json":{"title":"Smrkov\u00fd olej - NATURAL POLAND - Velkoobchodn\u00ed distributor surovin","description":"Smrkov\u00fd esenci\u00e1ln\u00ed olej se sv\u011b\u017e\u00ed, d\u0159evitou a jehli\u010dnatou v\u016fn\u00ed se z\u00edsk\u00e1v\u00e1 z jehli\u010d\u00ed smrk\u016f rostouc\u00edch v \u010dist\u00fdch horsk\u00fdch oblastech.","robots":{"index":"index","follow":"follow","max-snippet":"max-snippet:-1","max-image-preview":"max-image-preview:large","max-video-preview":"max-video-preview:-1"},"canonical":"https:\/\/naturalpoland.com\/cs\/produkty\/produkty-pro-kosmeticky-prumysl\/esencialni-oleje\/smrkovy-olej\/","og_locale":"cs_CZ","og_type":"article","og_title":"Smrkov\u00fd olej - NATURAL POLAND - Velkoobchodn\u00ed distributor surovin","og_description":"Smrkov\u00fd esenci\u00e1ln\u00ed olej se sv\u011b\u017e\u00ed, d\u0159evitou a jehli\u010dnatou v\u016fn\u00ed se z\u00edsk\u00e1v\u00e1 z jehli\u010d\u00ed smrk\u016f rostouc\u00edch v \u010dist\u00fdch horsk\u00fdch oblastech.","og_url":"https:\/\/naturalpoland.com\/cs\/produkty\/produkty-pro-kosmeticky-prumysl\/esencialni-oleje\/smrkovy-olej\/","og_site_name":"NATURAL POLAND - Velkoobchodn\u00ed distributor surovin","article_publisher":"https:\/\/www.facebook.com\/naturalpoland.b2b","og_image":[{"width":610,"height":610,"url":"https:\/\/naturalpoland.com\/wp-content\/uploads\/olejek-ze-swierku.webp","type":"image\/webp"}],"schema":{"@context":"https:\/\/schema.org","@graph":[{"@type":"WebPage","@id":"https:\/\/naturalpoland.com\/cs\/produkty\/produkty-pro-kosmeticky-prumysl\/esencialni-oleje\/smrkovy-olej\/","url":"https:\/\/naturalpoland.com\/cs\/produkty\/produkty-pro-kosmeticky-prumysl\/esencialni-oleje\/smrkovy-olej\/","name":"Smrkov\u00fd olej - NATURAL POLAND - Velkoobchodn\u00ed distributor surovin","isPartOf":{"@id":"https:\/\/naturalpoland.com\/cs\/#website"},"primaryImageOfPage":{"@id":"https:\/\/naturalpoland.com\/cs\/produkty\/produkty-pro-kosmeticky-prumysl\/esencialni-oleje\/smrkovy-olej\/#primaryimage"},"image":{"@id":"https:\/\/naturalpoland.com\/cs\/produkty\/produkty-pro-kosmeticky-prumysl\/esencialni-oleje\/smrkovy-olej\/#primaryimage"},"thumbnailUrl":"https:\/\/naturalpoland.com\/wp-content\/uploads\/olejek-ze-swierku.webp","datePublished":"2024-10-16T12:51:16+00:00","description":"Smrkov\u00fd esenci\u00e1ln\u00ed olej se sv\u011b\u017e\u00ed, d\u0159evitou a jehli\u010dnatou v\u016fn\u00ed se z\u00edsk\u00e1v\u00e1 z jehli\u010d\u00ed smrk\u016f rostouc\u00edch v \u010dist\u00fdch horsk\u00fdch oblastech.","breadcrumb":{"@id":"https:\/\/naturalpoland.com\/cs\/produkty\/produkty-pro-kosmeticky-prumysl\/esencialni-oleje\/smrkovy-olej\/#breadcrumb"},"inLanguage":"cs","potentialAction":[{"@type":"ReadAction","target":["https:\/\/naturalpoland.com\/cs\/produkty\/produkty-pro-kosmeticky-prumysl\/esencialni-oleje\/smrkovy-olej\/"]}]},{"@type":"ImageObject","inLanguage":"cs","@id":"https:\/\/naturalpoland.com\/cs\/produkty\/produkty-pro-kosmeticky-prumysl\/esencialni-oleje\/smrkovy-olej\/#primaryimage","url":"https:\/\/naturalpoland.com\/wp-content\/uploads\/olejek-ze-swierku.webp","contentUrl":"https:\/\/naturalpoland.com\/wp-content\/uploads\/olejek-ze-swierku.webp","width":610,"height":610,"caption":"Olejek eteryczny ze \u015bwierku pospolitego"},{"@type":"BreadcrumbList","@id":"https:\/\/naturalpoland.com\/cs\/produkty\/produkty-pro-kosmeticky-prumysl\/esencialni-oleje\/smrkovy-olej\/#breadcrumb","itemListElement":[{"@type":"ListItem","position":1,"name":"Dom\u016f","item":"https:\/\/naturalpoland.com\/cs\/"},{"@type":"ListItem","position":2,"name":"Produkty","item":"https:\/\/naturalpoland.com\/cs\/produkty\/"},{"@type":"ListItem","position":3,"name":"Smrkov\u00fd olej"}]},{"@type":"WebSite","@id":"https:\/\/naturalpoland.com\/cs\/#website","url":"https:\/\/naturalpoland.com\/cs\/","name":"NATURAL POLAND - Velkoobchodn\u00ed distributor surovin","description":"Surowce dla przemys\u0142u spo\u017cywczego, kosmetycznego i farmaceutycznego","publisher":{"@id":"https:\/\/naturalpoland.com\/cs\/#organization"},"potentialAction":[{"@type":"SearchAction","target":{"@type":"EntryPoint","urlTemplate":"https:\/\/naturalpoland.com\/cs\/?s={search_term_string}"},"query-input":{"@type":"PropertyValueSpecification","valueRequired":true,"valueName":"search_term_string"}}],"inLanguage":"cs"},{"@type":"Organization","@id":"https:\/\/naturalpoland.com\/cs\/#organization","name":"Natural Poland","url":"https:\/\/naturalpoland.com\/cs\/","logo":{"@type":"ImageObject","inLanguage":"cs","@id":"https:\/\/naturalpoland.com\/cs\/#\/schema\/logo\/image\/","url":"https:\/\/naturalpoland.com\/wp-content\/uploads\/2021\/05\/natural-poland-icon.png","contentUrl":"https:\/\/naturalpoland.com\/wp-content\/uploads\/2021\/05\/natural-poland-icon.png","width":512,"height":512,"caption":"Natural Poland"},"image":{"@id":"https:\/\/naturalpoland.com\/cs\/#\/schema\/logo\/image\/"},"sameAs":["https:\/\/www.facebook.com\/naturalpoland.b2b","https:\/\/pl.linkedin.com\/company\/natural-poland","https:\/\/www.youtube.com\/channel\/UCgeGGkvOMahZo-xu_MSEWxg"]}]}},"_links":{"self":[{"href":"https:\/\/naturalpoland.com\/cs\/wp-json\/wp\/v2\/product\/36738","targetHints":{"allow":["GET"]}}],"collection":[{"href":"https:\/\/naturalpoland.com\/cs\/wp-json\/wp\/v2\/product"}],"about":[{"href":"https:\/\/naturalpoland.com\/cs\/wp-json\/wp\/v2\/types\/product"}],"wp:featuredmedia":[{"embeddable":true,"href":"https:\/\/naturalpoland.com\/cs\/wp-json\/wp\/v2\/media\/36574"}],"wp:attachment":[{"href":"https:\/\/naturalpoland.com\/cs\/wp-json\/wp\/v2\/media?parent=36738"}],"wp:term":[{"taxonomy":"product_brand","embeddable":true,"href":"https:\/\/naturalpoland.com\/cs\/wp-json\/wp\/v2\/product_brand?post=36738"},{"taxonomy":"product_cat","embeddable":true,"href":"https:\/\/naturalpoland.com\/cs\/wp-json\/wp\/v2\/product_cat?post=36738"},{"taxonomy":"product_tag","embeddable":true,"href":"https:\/\/naturalpoland.com\/cs\/wp-json\/wp\/v2\/product_tag?post=36738"}],"curies":[{"name":"wp","href":"https:\/\/api.w.org\/{rel}","templated":true}]}}