{"id":36761,"date":"2024-10-16T12:13:25","date_gmt":"2024-10-16T12:51:55","guid":{"rendered":"https:\/\/naturalpoland.com\/produkty\/neza\u0159azen\u00e9\/extrakt-z-cerveneho-jetele\/"},"modified":"2024-10-16T14:51:55","modified_gmt":"2024-10-16T12:51:55","slug":"extrakt-z-cerveneho-jetele","status":"publish","type":"product","link":"https:\/\/naturalpoland.com\/cs\/produkty\/rostlinne-vytazky\/extrakt-z-cerveneho-jetele\/","title":{"rendered":"Extrakt z \u010derven\u00e9ho jetele"},"content":{"rendered":"<p>Extrakt z \u010derven\u00e9ho jetele obsahuje \u00fa\u010dinn\u00e9 l\u00e1tky, jako je <strong>biochanin A<\/strong> a <strong>formononetin<\/strong>, kter\u00e9 podporuj\u00ed hormon\u00e1ln\u00ed rovnov\u00e1hu. Antioxidanty zase neutralizuj\u00ed voln\u00e9 radik\u00e1ly. Extrakt m\u00e1 protiz\u00e1n\u011btliv\u00e9 \u00fa\u010dinky a posiluje pru\u017enost c\u00e9v.  <\/p>\n<h2>Pou\u017eit\u00ed extraktu z \u010derven\u00e9ho jetele<\/h2>\n<p>Tento extrakt je sou\u010d\u00e1st\u00ed dopl\u0148k\u016f stravy ur\u010den\u00fdch ke zm\u00edrn\u011bn\u00ed p\u0159\u00edznak\u016f menopauzy, jako jsou n\u00e1valy horka, nadm\u011brn\u00e9 pocen\u00ed a probl\u00e9my se sp\u00e1nkem. Krom\u011b toho zlep\u0161uje stav poko\u017eky t\u00edm, \u017ee zvy\u0161uje jej\u00ed pru\u017enost a hladinu kolagenu, tak\u017ee je pevn\u011bj\u0161\u00ed a hydratovan\u011bj\u0161\u00ed. Estrogenn\u00ed p\u016fsoben\u00ed izoflavon\u016f zase m\u016f\u017ee podporovat udr\u017een\u00ed hustoty kost\u00ed a sni\u017eovat riziko osteopor\u00f3zy. V kosmetick\u00e9m pr\u016fmyslu se extrakt m\u016f\u017ee p\u0159id\u00e1vat do kr\u00e9m\u016f pro p\u00e9\u010di o ple\u0165, opalovac\u00edch kr\u00e9m\u016f a ple\u0165ov\u00fdch s\u00e9r. Extrakt poch\u00e1z\u00ed z \u010derven\u00e9ho jetele p\u011bstovan\u00e9ho v kontrolovan\u00fdch podm\u00ednk\u00e1ch. Jeho kvalita je potvrzena p\u0159\u00edsn\u00fdmi normami a ka\u017ed\u00e1 \u0161ar\u017ee proch\u00e1z\u00ed podrobn\u00fdmi mikrobiologick\u00fdmi a chemick\u00fdmi testy \u010distoty.  <\/p>\n<p>&nbsp;<\/p>\n","protected":false},"excerpt":{"rendered":"<p><strong>Extrakt z \u010derven\u00e9ho jetele<\/strong><em>(Trifolium pratense<\/em>) je dopln\u011bk stravy, zejm\u00e9na pro \u017eeny proch\u00e1zej\u00edc\u00ed menopauzou. Je p\u0159\u00edrodn\u00edm zdrojem izoflavon\u016f &#8211; rostlinn\u00fdch l\u00e1tek, kter\u00e9 napodobuj\u00ed \u00fa\u010dinek estrogenu. D\u00edky tomu pom\u00e1h\u00e1 zm\u00edr\u0148ovat nep\u0159\u00edjemn\u00e9 hormon\u00e1ln\u00ed p\u0159\u00edznaky a m\u00e1 p\u0159\u00edzniv\u00fd vliv na zdrav\u00ed k\u016f\u017ee, kost\u00ed a ob\u011bhov\u00e9ho syst\u00e9mu.  <\/p>\n<h3><\/h3>\n","protected":false},"featured_media":36600,"template":"","meta":{"_acf_changed":false},"product_brand":[],"product_cat":[622],"product_tag":[],"class_list":{"0":"post-36761","1":"product","2":"type-product","3":"status-publish","4":"has-post-thumbnail","6":"product_cat-rostlinne-vytazky","7":"pa_czesc-rosliny-kvetiny","8":"pa_czesc-rosliny-listy","10":"first","11":"instock","12":"shipping-taxable","13":"product-type-simple"},"acf":[],"yoast_head":"<!-- This site is optimized with the Yoast SEO plugin v27.5 - https:\/\/yoast.com\/product\/yoast-seo-wordpress\/ -->\n<title>Extrakt z \u010derven\u00e9ho jetele - NATURAL POLAND - Velkoobchodn\u00ed distributor surovin<\/title>\n<meta name=\"description\" content=\"Extrakt z \u010derven\u00e9ho jetele je jedine\u010dn\u00fd dopln\u011bk stravy s komplexn\u00edm \u00fa\u010dinkem, ide\u00e1ln\u00ed zejm\u00e9na pro \u017eeny proch\u00e1zej\u00edc\u00ed menopauzou.\" \/>\n<meta name=\"robots\" content=\"index, follow, max-snippet:-1, max-image-preview:large, max-video-preview:-1\" \/>\n<link rel=\"canonical\" href=\"https:\/\/naturalpoland.com\/cs\/produkty\/rostlinne-vytazky\/extrakt-z-cerveneho-jetele\/\" \/>\n<meta property=\"og:locale\" content=\"cs_CZ\" \/>\n<meta property=\"og:type\" content=\"article\" \/>\n<meta property=\"og:title\" content=\"Extrakt z \u010derven\u00e9ho jetele - NATURAL POLAND - Velkoobchodn\u00ed distributor surovin\" \/>\n<meta property=\"og:description\" content=\"Extrakt z \u010derven\u00e9ho jetele je jedine\u010dn\u00fd dopln\u011bk stravy s komplexn\u00edm \u00fa\u010dinkem, ide\u00e1ln\u00ed zejm\u00e9na pro \u017eeny proch\u00e1zej\u00edc\u00ed menopauzou.\" \/>\n<meta property=\"og:url\" content=\"https:\/\/naturalpoland.com\/cs\/produkty\/rostlinne-vytazky\/extrakt-z-cerveneho-jetele\/\" \/>\n<meta property=\"og:site_name\" content=\"NATURAL POLAND - Velkoobchodn\u00ed distributor surovin\" \/>\n<meta property=\"article:publisher\" content=\"https:\/\/www.facebook.com\/naturalpoland.b2b\" \/>\n<meta property=\"og:image\" content=\"https:\/\/naturalpoland.com\/wp-content\/uploads\/ekstrakt-z-czerwonej-koniczyny.webp\" \/>\n\t<meta property=\"og:image:width\" content=\"1024\" \/>\n\t<meta property=\"og:image:height\" content=\"1024\" \/>\n\t<meta property=\"og:image:type\" content=\"image\/webp\" \/>\n<script type=\"application\/ld+json\" class=\"yoast-schema-graph\">{\"@context\":\"https:\\\/\\\/schema.org\",\"@graph\":[{\"@type\":\"WebPage\",\"@id\":\"https:\\\/\\\/naturalpoland.com\\\/cs\\\/produkty\\\/rostlinne-vytazky\\\/extrakt-z-cerveneho-jetele\\\/\",\"url\":\"https:\\\/\\\/naturalpoland.com\\\/cs\\\/produkty\\\/rostlinne-vytazky\\\/extrakt-z-cerveneho-jetele\\\/\",\"name\":\"Extrakt z \u010derven\u00e9ho jetele - NATURAL POLAND - Velkoobchodn\u00ed distributor surovin\",\"isPartOf\":{\"@id\":\"https:\\\/\\\/naturalpoland.com\\\/cs\\\/#website\"},\"primaryImageOfPage\":{\"@id\":\"https:\\\/\\\/naturalpoland.com\\\/cs\\\/produkty\\\/rostlinne-vytazky\\\/extrakt-z-cerveneho-jetele\\\/#primaryimage\"},\"image\":{\"@id\":\"https:\\\/\\\/naturalpoland.com\\\/cs\\\/produkty\\\/rostlinne-vytazky\\\/extrakt-z-cerveneho-jetele\\\/#primaryimage\"},\"thumbnailUrl\":\"https:\\\/\\\/naturalpoland.com\\\/wp-content\\\/uploads\\\/ekstrakt-z-czerwonej-koniczyny.webp\",\"datePublished\":\"2024-10-16T12:51:55+00:00\",\"description\":\"Extrakt z \u010derven\u00e9ho jetele je jedine\u010dn\u00fd dopln\u011bk stravy s komplexn\u00edm \u00fa\u010dinkem, ide\u00e1ln\u00ed zejm\u00e9na pro \u017eeny proch\u00e1zej\u00edc\u00ed menopauzou.\",\"breadcrumb\":{\"@id\":\"https:\\\/\\\/naturalpoland.com\\\/cs\\\/produkty\\\/rostlinne-vytazky\\\/extrakt-z-cerveneho-jetele\\\/#breadcrumb\"},\"inLanguage\":\"cs\",\"potentialAction\":[{\"@type\":\"ReadAction\",\"target\":[\"https:\\\/\\\/naturalpoland.com\\\/cs\\\/produkty\\\/rostlinne-vytazky\\\/extrakt-z-cerveneho-jetele\\\/\"]}]},{\"@type\":\"ImageObject\",\"inLanguage\":\"cs\",\"@id\":\"https:\\\/\\\/naturalpoland.com\\\/cs\\\/produkty\\\/rostlinne-vytazky\\\/extrakt-z-cerveneho-jetele\\\/#primaryimage\",\"url\":\"https:\\\/\\\/naturalpoland.com\\\/wp-content\\\/uploads\\\/ekstrakt-z-czerwonej-koniczyny.webp\",\"contentUrl\":\"https:\\\/\\\/naturalpoland.com\\\/wp-content\\\/uploads\\\/ekstrakt-z-czerwonej-koniczyny.webp\",\"width\":1024,\"height\":1024,\"caption\":\"Ekstrakt z czerwonej koniczyny\"},{\"@type\":\"BreadcrumbList\",\"@id\":\"https:\\\/\\\/naturalpoland.com\\\/cs\\\/produkty\\\/rostlinne-vytazky\\\/extrakt-z-cerveneho-jetele\\\/#breadcrumb\",\"itemListElement\":[{\"@type\":\"ListItem\",\"position\":1,\"name\":\"Dom\u016f\",\"item\":\"https:\\\/\\\/naturalpoland.com\\\/cs\\\/\"},{\"@type\":\"ListItem\",\"position\":2,\"name\":\"Produkty\",\"item\":\"https:\\\/\\\/naturalpoland.com\\\/cs\\\/produkty\\\/\"},{\"@type\":\"ListItem\",\"position\":3,\"name\":\"Extrakt z \u010derven\u00e9ho jetele\"}]},{\"@type\":\"WebSite\",\"@id\":\"https:\\\/\\\/naturalpoland.com\\\/cs\\\/#website\",\"url\":\"https:\\\/\\\/naturalpoland.com\\\/cs\\\/\",\"name\":\"NATURAL POLAND - Velkoobchodn\u00ed distributor surovin\",\"description\":\"Surowce dla przemys\u0142u spo\u017cywczego, kosmetycznego i farmaceutycznego\",\"publisher\":{\"@id\":\"https:\\\/\\\/naturalpoland.com\\\/cs\\\/#organization\"},\"potentialAction\":[{\"@type\":\"SearchAction\",\"target\":{\"@type\":\"EntryPoint\",\"urlTemplate\":\"https:\\\/\\\/naturalpoland.com\\\/cs\\\/?s={search_term_string}\"},\"query-input\":{\"@type\":\"PropertyValueSpecification\",\"valueRequired\":true,\"valueName\":\"search_term_string\"}}],\"inLanguage\":\"cs\"},{\"@type\":\"Organization\",\"@id\":\"https:\\\/\\\/naturalpoland.com\\\/cs\\\/#organization\",\"name\":\"Natural Poland\",\"url\":\"https:\\\/\\\/naturalpoland.com\\\/cs\\\/\",\"logo\":{\"@type\":\"ImageObject\",\"inLanguage\":\"cs\",\"@id\":\"https:\\\/\\\/naturalpoland.com\\\/cs\\\/#\\\/schema\\\/logo\\\/image\\\/\",\"url\":\"https:\\\/\\\/naturalpoland.com\\\/wp-content\\\/uploads\\\/2021\\\/05\\\/natural-poland-icon.png\",\"contentUrl\":\"https:\\\/\\\/naturalpoland.com\\\/wp-content\\\/uploads\\\/2021\\\/05\\\/natural-poland-icon.png\",\"width\":512,\"height\":512,\"caption\":\"Natural Poland\"},\"image\":{\"@id\":\"https:\\\/\\\/naturalpoland.com\\\/cs\\\/#\\\/schema\\\/logo\\\/image\\\/\"},\"sameAs\":[\"https:\\\/\\\/www.facebook.com\\\/naturalpoland.b2b\",\"https:\\\/\\\/pl.linkedin.com\\\/company\\\/natural-poland\",\"https:\\\/\\\/www.youtube.com\\\/channel\\\/UCgeGGkvOMahZo-xu_MSEWxg\"]}]}<\/script>\n<!-- \/ Yoast SEO plugin. -->","yoast_head_json":{"title":"Extrakt z \u010derven\u00e9ho jetele - NATURAL POLAND - Velkoobchodn\u00ed distributor surovin","description":"Extrakt z \u010derven\u00e9ho jetele je jedine\u010dn\u00fd dopln\u011bk stravy s komplexn\u00edm \u00fa\u010dinkem, ide\u00e1ln\u00ed zejm\u00e9na pro \u017eeny proch\u00e1zej\u00edc\u00ed menopauzou.","robots":{"index":"index","follow":"follow","max-snippet":"max-snippet:-1","max-image-preview":"max-image-preview:large","max-video-preview":"max-video-preview:-1"},"canonical":"https:\/\/naturalpoland.com\/cs\/produkty\/rostlinne-vytazky\/extrakt-z-cerveneho-jetele\/","og_locale":"cs_CZ","og_type":"article","og_title":"Extrakt z \u010derven\u00e9ho jetele - NATURAL POLAND - Velkoobchodn\u00ed distributor surovin","og_description":"Extrakt z \u010derven\u00e9ho jetele je jedine\u010dn\u00fd dopln\u011bk stravy s komplexn\u00edm \u00fa\u010dinkem, ide\u00e1ln\u00ed zejm\u00e9na pro \u017eeny proch\u00e1zej\u00edc\u00ed menopauzou.","og_url":"https:\/\/naturalpoland.com\/cs\/produkty\/rostlinne-vytazky\/extrakt-z-cerveneho-jetele\/","og_site_name":"NATURAL POLAND - Velkoobchodn\u00ed distributor surovin","article_publisher":"https:\/\/www.facebook.com\/naturalpoland.b2b","og_image":[{"width":1024,"height":1024,"url":"https:\/\/naturalpoland.com\/wp-content\/uploads\/ekstrakt-z-czerwonej-koniczyny.webp","type":"image\/webp"}],"schema":{"@context":"https:\/\/schema.org","@graph":[{"@type":"WebPage","@id":"https:\/\/naturalpoland.com\/cs\/produkty\/rostlinne-vytazky\/extrakt-z-cerveneho-jetele\/","url":"https:\/\/naturalpoland.com\/cs\/produkty\/rostlinne-vytazky\/extrakt-z-cerveneho-jetele\/","name":"Extrakt z \u010derven\u00e9ho jetele - NATURAL POLAND - Velkoobchodn\u00ed distributor surovin","isPartOf":{"@id":"https:\/\/naturalpoland.com\/cs\/#website"},"primaryImageOfPage":{"@id":"https:\/\/naturalpoland.com\/cs\/produkty\/rostlinne-vytazky\/extrakt-z-cerveneho-jetele\/#primaryimage"},"image":{"@id":"https:\/\/naturalpoland.com\/cs\/produkty\/rostlinne-vytazky\/extrakt-z-cerveneho-jetele\/#primaryimage"},"thumbnailUrl":"https:\/\/naturalpoland.com\/wp-content\/uploads\/ekstrakt-z-czerwonej-koniczyny.webp","datePublished":"2024-10-16T12:51:55+00:00","description":"Extrakt z \u010derven\u00e9ho jetele je jedine\u010dn\u00fd dopln\u011bk stravy s komplexn\u00edm \u00fa\u010dinkem, ide\u00e1ln\u00ed zejm\u00e9na pro \u017eeny proch\u00e1zej\u00edc\u00ed menopauzou.","breadcrumb":{"@id":"https:\/\/naturalpoland.com\/cs\/produkty\/rostlinne-vytazky\/extrakt-z-cerveneho-jetele\/#breadcrumb"},"inLanguage":"cs","potentialAction":[{"@type":"ReadAction","target":["https:\/\/naturalpoland.com\/cs\/produkty\/rostlinne-vytazky\/extrakt-z-cerveneho-jetele\/"]}]},{"@type":"ImageObject","inLanguage":"cs","@id":"https:\/\/naturalpoland.com\/cs\/produkty\/rostlinne-vytazky\/extrakt-z-cerveneho-jetele\/#primaryimage","url":"https:\/\/naturalpoland.com\/wp-content\/uploads\/ekstrakt-z-czerwonej-koniczyny.webp","contentUrl":"https:\/\/naturalpoland.com\/wp-content\/uploads\/ekstrakt-z-czerwonej-koniczyny.webp","width":1024,"height":1024,"caption":"Ekstrakt z czerwonej koniczyny"},{"@type":"BreadcrumbList","@id":"https:\/\/naturalpoland.com\/cs\/produkty\/rostlinne-vytazky\/extrakt-z-cerveneho-jetele\/#breadcrumb","itemListElement":[{"@type":"ListItem","position":1,"name":"Dom\u016f","item":"https:\/\/naturalpoland.com\/cs\/"},{"@type":"ListItem","position":2,"name":"Produkty","item":"https:\/\/naturalpoland.com\/cs\/produkty\/"},{"@type":"ListItem","position":3,"name":"Extrakt z \u010derven\u00e9ho jetele"}]},{"@type":"WebSite","@id":"https:\/\/naturalpoland.com\/cs\/#website","url":"https:\/\/naturalpoland.com\/cs\/","name":"NATURAL POLAND - Velkoobchodn\u00ed distributor surovin","description":"Surowce dla przemys\u0142u spo\u017cywczego, kosmetycznego i farmaceutycznego","publisher":{"@id":"https:\/\/naturalpoland.com\/cs\/#organization"},"potentialAction":[{"@type":"SearchAction","target":{"@type":"EntryPoint","urlTemplate":"https:\/\/naturalpoland.com\/cs\/?s={search_term_string}"},"query-input":{"@type":"PropertyValueSpecification","valueRequired":true,"valueName":"search_term_string"}}],"inLanguage":"cs"},{"@type":"Organization","@id":"https:\/\/naturalpoland.com\/cs\/#organization","name":"Natural Poland","url":"https:\/\/naturalpoland.com\/cs\/","logo":{"@type":"ImageObject","inLanguage":"cs","@id":"https:\/\/naturalpoland.com\/cs\/#\/schema\/logo\/image\/","url":"https:\/\/naturalpoland.com\/wp-content\/uploads\/2021\/05\/natural-poland-icon.png","contentUrl":"https:\/\/naturalpoland.com\/wp-content\/uploads\/2021\/05\/natural-poland-icon.png","width":512,"height":512,"caption":"Natural Poland"},"image":{"@id":"https:\/\/naturalpoland.com\/cs\/#\/schema\/logo\/image\/"},"sameAs":["https:\/\/www.facebook.com\/naturalpoland.b2b","https:\/\/pl.linkedin.com\/company\/natural-poland","https:\/\/www.youtube.com\/channel\/UCgeGGkvOMahZo-xu_MSEWxg"]}]}},"_links":{"self":[{"href":"https:\/\/naturalpoland.com\/cs\/wp-json\/wp\/v2\/product\/36761","targetHints":{"allow":["GET"]}}],"collection":[{"href":"https:\/\/naturalpoland.com\/cs\/wp-json\/wp\/v2\/product"}],"about":[{"href":"https:\/\/naturalpoland.com\/cs\/wp-json\/wp\/v2\/types\/product"}],"wp:featuredmedia":[{"embeddable":true,"href":"https:\/\/naturalpoland.com\/cs\/wp-json\/wp\/v2\/media\/36600"}],"wp:attachment":[{"href":"https:\/\/naturalpoland.com\/cs\/wp-json\/wp\/v2\/media?parent=36761"}],"wp:term":[{"taxonomy":"product_brand","embeddable":true,"href":"https:\/\/naturalpoland.com\/cs\/wp-json\/wp\/v2\/product_brand?post=36761"},{"taxonomy":"product_cat","embeddable":true,"href":"https:\/\/naturalpoland.com\/cs\/wp-json\/wp\/v2\/product_cat?post=36761"},{"taxonomy":"product_tag","embeddable":true,"href":"https:\/\/naturalpoland.com\/cs\/wp-json\/wp\/v2\/product_tag?post=36761"}],"curies":[{"name":"wp","href":"https:\/\/api.w.org\/{rel}","templated":true}]}}