{"id":36958,"date":"2024-10-21T14:02:07","date_gmt":"2024-10-21T12:02:07","guid":{"rendered":"https:\/\/naturalpoland.com\/produkty\/neza\u0159azen\u00e9\/olej-z-ruzoveho-damascenu\/"},"modified":"2024-10-21T14:48:22","modified_gmt":"2024-10-21T12:48:22","slug":"olej-z-ruzoveho-damascenu","status":"publish","type":"product","link":"https:\/\/naturalpoland.com\/cs\/produkty\/produkty-pro-kosmeticky-prumysl\/esencialni-oleje\/olej-z-ruzoveho-damascenu\/","title":{"rendered":"Dama\u0161sk\u00fd r\u016f\u017eov\u00fd olej"},"content":{"rendered":"<h2>Extrakce oleje<\/h2>\n<p>R\u016f\u017eov\u00fd olej se z\u00edsk\u00e1v\u00e1 z ru\u010dn\u011b sb\u00edran\u00fdch kv\u011bt\u016f r\u016f\u017ee dama\u0161sk\u00e9, kter\u00e9 se destiluj\u00ed b\u011bhem kr\u00e1tk\u00e9ho obdob\u00ed pln\u00e9ho kv\u011btu, kdy kv\u011bty dosahuj\u00ed nejvy\u0161\u0161\u00ed intenzity v\u016fn\u011b. Vzhledem k mimo\u0159\u00e1dn\u011b slo\u017eit\u00e9mu v\u00fdrobn\u00edmu procesu pat\u0159\u00ed r\u016f\u017eov\u00fd olej k nejdra\u017e\u0161\u00edm esenci\u00e1ln\u00edm olej\u016fm &#8211; k v\u00fdrob\u011b 1 kg oleje je zapot\u0159eb\u00ed a\u017e 5 tun okv\u011btn\u00edch l\u00edstk\u016f. <\/p>\n<h2>Vlastnosti<\/h2>\n<p><strong>V aromaterapii<\/strong> je r\u016f\u017eov\u00fd olej zn\u00e1m\u00fdm prost\u0159edkem pro zlep\u0161en\u00ed n\u00e1lady a sn\u00ed\u017een\u00ed stresu. Jeho jemn\u00e1 kv\u011btinov\u00e1 v\u016fn\u011b m\u00e1 uklid\u0148uj\u00edc\u00ed \u00fa\u010dinek na nervov\u00fd syst\u00e9m, uvol\u0148uje nap\u011bt\u00ed a pom\u00e1h\u00e1 v boji proti depresi, \u00fazkosti a nespavosti. Je tak\u00e9 afrodiziakem, podporuje romantickou atmosf\u00e9ru a posiluje citov\u00e9 vazby. R\u016f\u017eov\u00fd olej je cen\u011bn pro svou schopnost ovliv\u0148ovat limbick\u00fd syst\u00e9m, kter\u00fd je zodpov\u011bdn\u00fd za emoce a pam\u011b\u0165. Jeho v\u016fn\u011b pom\u00e1h\u00e1 p\u016fsobit na sn\u00ed\u017een\u00ed stresu, \u00fazkosti a pocit\u016f smutku. <strong>V kosmetice<\/strong> je olej z r\u016f\u017ee dama\u0161sk\u00e9 ide\u00e1ln\u00ed pro p\u00e9\u010di o ple\u0165, zejm\u00e9na o zralou, citlivou a suchou poko\u017eku. M\u00e1 regenera\u010dn\u00ed \u00fa\u010dinky, p\u016fsob\u00ed proti st\u00e1rnut\u00ed pleti, posiluje c\u00e9vy a pom\u00e1h\u00e1 sni\u017eovat zarudnut\u00ed a podr\u00e1\u017ed\u011bn\u00ed. Slou\u010deniny, kter\u00e9 obsahuje, jako je vitamin C a mastn\u00e9 kyseliny, pom\u00e1haj\u00ed regenerovat poko\u017eku, zesv\u011btlovat barevn\u00e9 zm\u011bny a vyrovn\u00e1vat t\u00f3n pleti. Je tak\u00e9 ide\u00e1ln\u00ed slo\u017ekou kosmetiky pro problematickou ple\u0165 se sklonem k akn\u00e9. D\u00edky sv\u00e9mu jemn\u00e9mu, ale \u00fa\u010dinn\u00e9mu p\u016fsoben\u00ed zklid\u0148uje z\u00e1n\u011bty, sni\u017euje tvorbu ko\u017en\u00edho mazu a podporuje hojen\u00ed. Dama\u0161sk\u00fd r\u016f\u017eov\u00fd olej je jednou z nejd\u016fle\u017eit\u011bj\u0161\u00edch slo\u017eek luxusn\u00ed ple\u0165ov\u00e9 a vlasov\u00e9 kosmetiky.  <\/p>\n","protected":false},"excerpt":{"rendered":"<p><strong>Esenci\u00e1ln\u00ed olej z r\u016f\u017ee dama\u0161sk\u00e9 (<em>Rosa damascena<\/em>)<\/strong> je jedn\u00edm z nejoce\u0148ovan\u011bj\u0161\u00edch a nejluxusn\u011bj\u0161\u00edch esenci\u00e1ln\u00edch olej\u016f na sv\u011bt\u011b. Z\u00edsk\u00e1v\u00e1 se z okv\u011btn\u00edch l\u00edstk\u016f r\u016f\u017ee dama\u0161sk\u00e9, kter\u00e1 se p\u011bstuje p\u0159edev\u0161\u00edm ve zn\u00e1m\u00e9m R\u016f\u017eov\u00e9m \u00fadol\u00ed v Bulharsku, a olej se n\u00e1sledn\u011b destiluje parou. <\/p>\n","protected":false},"featured_media":36919,"template":"","meta":{"_acf_changed":false},"product_brand":[],"product_cat":[6262],"product_tag":[],"class_list":{"0":"post-36958","1":"product","2":"type-product","3":"status-publish","4":"has-post-thumbnail","6":"product_cat-esencialni-oleje","7":"pa_metoda-pozyskiwania-destilace","9":"first","10":"instock","11":"shipping-taxable","12":"product-type-simple"},"acf":[],"yoast_head":"<!-- This site is optimized with the Yoast SEO plugin v27.4 - https:\/\/yoast.com\/product\/yoast-seo-wordpress\/ -->\n<title>Dama\u0161sk\u00fd r\u016f\u017eov\u00fd olej - NATURAL POLAND - Velkoobchodn\u00ed distributor surovin<\/title>\n<meta name=\"description\" content=\"Esenci\u00e1ln\u00ed olej z r\u016f\u017ee dama\u0161sk\u00e9 (Rosa damascena) je d\u00edky sv\u00e9 jedine\u010dn\u00e9 v\u016fni ve sv\u011bt\u011b aromaterapie a kosmetiky skute\u010dn\u00fdm luxusem.\" \/>\n<meta name=\"robots\" content=\"index, follow, max-snippet:-1, max-image-preview:large, max-video-preview:-1\" \/>\n<link rel=\"canonical\" href=\"https:\/\/naturalpoland.com\/cs\/produkty\/produkty-pro-kosmeticky-prumysl\/esencialni-oleje\/olej-z-ruzoveho-damascenu\/\" \/>\n<meta property=\"og:locale\" content=\"cs_CZ\" \/>\n<meta property=\"og:type\" content=\"article\" \/>\n<meta property=\"og:title\" content=\"Dama\u0161sk\u00fd r\u016f\u017eov\u00fd olej - NATURAL POLAND - Velkoobchodn\u00ed distributor surovin\" \/>\n<meta property=\"og:description\" content=\"Esenci\u00e1ln\u00ed olej z r\u016f\u017ee dama\u0161sk\u00e9 (Rosa damascena) je d\u00edky sv\u00e9 jedine\u010dn\u00e9 v\u016fni ve sv\u011bt\u011b aromaterapie a kosmetiky skute\u010dn\u00fdm luxusem.\" \/>\n<meta property=\"og:url\" content=\"https:\/\/naturalpoland.com\/cs\/produkty\/produkty-pro-kosmeticky-prumysl\/esencialni-oleje\/olej-z-ruzoveho-damascenu\/\" \/>\n<meta property=\"og:site_name\" content=\"NATURAL POLAND - Velkoobchodn\u00ed distributor surovin\" \/>\n<meta property=\"article:publisher\" content=\"https:\/\/www.facebook.com\/naturalpoland.b2b\" \/>\n<meta property=\"article:modified_time\" content=\"2024-10-21T12:48:22+00:00\" \/>\n<meta property=\"og:image\" content=\"https:\/\/naturalpoland.com\/wp-content\/uploads\/olejek-z-rozy-damascenskiej.webp\" \/>\n\t<meta property=\"og:image:width\" content=\"426\" \/>\n\t<meta property=\"og:image:height\" content=\"426\" \/>\n\t<meta property=\"og:image:type\" content=\"image\/webp\" \/>\n<script type=\"application\/ld+json\" class=\"yoast-schema-graph\">{\"@context\":\"https:\\\/\\\/schema.org\",\"@graph\":[{\"@type\":\"WebPage\",\"@id\":\"https:\\\/\\\/naturalpoland.com\\\/cs\\\/produkty\\\/produkty-pro-kosmeticky-prumysl\\\/esencialni-oleje\\\/olej-z-ruzoveho-damascenu\\\/\",\"url\":\"https:\\\/\\\/naturalpoland.com\\\/cs\\\/produkty\\\/produkty-pro-kosmeticky-prumysl\\\/esencialni-oleje\\\/olej-z-ruzoveho-damascenu\\\/\",\"name\":\"Dama\u0161sk\u00fd r\u016f\u017eov\u00fd olej - NATURAL POLAND - Velkoobchodn\u00ed distributor surovin\",\"isPartOf\":{\"@id\":\"https:\\\/\\\/naturalpoland.com\\\/cs\\\/#website\"},\"primaryImageOfPage\":{\"@id\":\"https:\\\/\\\/naturalpoland.com\\\/cs\\\/produkty\\\/produkty-pro-kosmeticky-prumysl\\\/esencialni-oleje\\\/olej-z-ruzoveho-damascenu\\\/#primaryimage\"},\"image\":{\"@id\":\"https:\\\/\\\/naturalpoland.com\\\/cs\\\/produkty\\\/produkty-pro-kosmeticky-prumysl\\\/esencialni-oleje\\\/olej-z-ruzoveho-damascenu\\\/#primaryimage\"},\"thumbnailUrl\":\"https:\\\/\\\/naturalpoland.com\\\/wp-content\\\/uploads\\\/olejek-z-rozy-damascenskiej.webp\",\"datePublished\":\"2024-10-21T12:02:07+00:00\",\"dateModified\":\"2024-10-21T12:48:22+00:00\",\"description\":\"Esenci\u00e1ln\u00ed olej z r\u016f\u017ee dama\u0161sk\u00e9 (Rosa damascena) je d\u00edky sv\u00e9 jedine\u010dn\u00e9 v\u016fni ve sv\u011bt\u011b aromaterapie a kosmetiky skute\u010dn\u00fdm luxusem.\",\"breadcrumb\":{\"@id\":\"https:\\\/\\\/naturalpoland.com\\\/cs\\\/produkty\\\/produkty-pro-kosmeticky-prumysl\\\/esencialni-oleje\\\/olej-z-ruzoveho-damascenu\\\/#breadcrumb\"},\"inLanguage\":\"cs\",\"potentialAction\":[{\"@type\":\"ReadAction\",\"target\":[\"https:\\\/\\\/naturalpoland.com\\\/cs\\\/produkty\\\/produkty-pro-kosmeticky-prumysl\\\/esencialni-oleje\\\/olej-z-ruzoveho-damascenu\\\/\"]}]},{\"@type\":\"ImageObject\",\"inLanguage\":\"cs\",\"@id\":\"https:\\\/\\\/naturalpoland.com\\\/cs\\\/produkty\\\/produkty-pro-kosmeticky-prumysl\\\/esencialni-oleje\\\/olej-z-ruzoveho-damascenu\\\/#primaryimage\",\"url\":\"https:\\\/\\\/naturalpoland.com\\\/wp-content\\\/uploads\\\/olejek-z-rozy-damascenskiej.webp\",\"contentUrl\":\"https:\\\/\\\/naturalpoland.com\\\/wp-content\\\/uploads\\\/olejek-z-rozy-damascenskiej.webp\",\"width\":426,\"height\":426,\"caption\":\"Olejek eteryczny z r\u00f3\u017cy damasce\u0144skiej (Rosa damascena)\"},{\"@type\":\"BreadcrumbList\",\"@id\":\"https:\\\/\\\/naturalpoland.com\\\/cs\\\/produkty\\\/produkty-pro-kosmeticky-prumysl\\\/esencialni-oleje\\\/olej-z-ruzoveho-damascenu\\\/#breadcrumb\",\"itemListElement\":[{\"@type\":\"ListItem\",\"position\":1,\"name\":\"Dom\u016f\",\"item\":\"https:\\\/\\\/naturalpoland.com\\\/cs\\\/\"},{\"@type\":\"ListItem\",\"position\":2,\"name\":\"Produkty\",\"item\":\"https:\\\/\\\/naturalpoland.com\\\/cs\\\/produkty\\\/\"},{\"@type\":\"ListItem\",\"position\":3,\"name\":\"Dama\u0161sk\u00fd r\u016f\u017eov\u00fd olej\"}]},{\"@type\":\"WebSite\",\"@id\":\"https:\\\/\\\/naturalpoland.com\\\/cs\\\/#website\",\"url\":\"https:\\\/\\\/naturalpoland.com\\\/cs\\\/\",\"name\":\"NATURAL POLAND - Velkoobchodn\u00ed distributor surovin\",\"description\":\"Surowce dla przemys\u0142u spo\u017cywczego, kosmetycznego i farmaceutycznego\",\"publisher\":{\"@id\":\"https:\\\/\\\/naturalpoland.com\\\/cs\\\/#organization\"},\"potentialAction\":[{\"@type\":\"SearchAction\",\"target\":{\"@type\":\"EntryPoint\",\"urlTemplate\":\"https:\\\/\\\/naturalpoland.com\\\/cs\\\/?s={search_term_string}\"},\"query-input\":{\"@type\":\"PropertyValueSpecification\",\"valueRequired\":true,\"valueName\":\"search_term_string\"}}],\"inLanguage\":\"cs\"},{\"@type\":\"Organization\",\"@id\":\"https:\\\/\\\/naturalpoland.com\\\/cs\\\/#organization\",\"name\":\"Natural Poland\",\"url\":\"https:\\\/\\\/naturalpoland.com\\\/cs\\\/\",\"logo\":{\"@type\":\"ImageObject\",\"inLanguage\":\"cs\",\"@id\":\"https:\\\/\\\/naturalpoland.com\\\/cs\\\/#\\\/schema\\\/logo\\\/image\\\/\",\"url\":\"https:\\\/\\\/naturalpoland.com\\\/wp-content\\\/uploads\\\/2021\\\/05\\\/natural-poland-icon.png\",\"contentUrl\":\"https:\\\/\\\/naturalpoland.com\\\/wp-content\\\/uploads\\\/2021\\\/05\\\/natural-poland-icon.png\",\"width\":512,\"height\":512,\"caption\":\"Natural Poland\"},\"image\":{\"@id\":\"https:\\\/\\\/naturalpoland.com\\\/cs\\\/#\\\/schema\\\/logo\\\/image\\\/\"},\"sameAs\":[\"https:\\\/\\\/www.facebook.com\\\/naturalpoland.b2b\",\"https:\\\/\\\/pl.linkedin.com\\\/company\\\/natural-poland\",\"https:\\\/\\\/www.youtube.com\\\/channel\\\/UCgeGGkvOMahZo-xu_MSEWxg\"]}]}<\/script>\n<!-- \/ Yoast SEO plugin. -->","yoast_head_json":{"title":"Dama\u0161sk\u00fd r\u016f\u017eov\u00fd olej - NATURAL POLAND - Velkoobchodn\u00ed distributor surovin","description":"Esenci\u00e1ln\u00ed olej z r\u016f\u017ee dama\u0161sk\u00e9 (Rosa damascena) je d\u00edky sv\u00e9 jedine\u010dn\u00e9 v\u016fni ve sv\u011bt\u011b aromaterapie a kosmetiky skute\u010dn\u00fdm luxusem.","robots":{"index":"index","follow":"follow","max-snippet":"max-snippet:-1","max-image-preview":"max-image-preview:large","max-video-preview":"max-video-preview:-1"},"canonical":"https:\/\/naturalpoland.com\/cs\/produkty\/produkty-pro-kosmeticky-prumysl\/esencialni-oleje\/olej-z-ruzoveho-damascenu\/","og_locale":"cs_CZ","og_type":"article","og_title":"Dama\u0161sk\u00fd r\u016f\u017eov\u00fd olej - NATURAL POLAND - Velkoobchodn\u00ed distributor surovin","og_description":"Esenci\u00e1ln\u00ed olej z r\u016f\u017ee dama\u0161sk\u00e9 (Rosa damascena) je d\u00edky sv\u00e9 jedine\u010dn\u00e9 v\u016fni ve sv\u011bt\u011b aromaterapie a kosmetiky skute\u010dn\u00fdm luxusem.","og_url":"https:\/\/naturalpoland.com\/cs\/produkty\/produkty-pro-kosmeticky-prumysl\/esencialni-oleje\/olej-z-ruzoveho-damascenu\/","og_site_name":"NATURAL POLAND - Velkoobchodn\u00ed distributor surovin","article_publisher":"https:\/\/www.facebook.com\/naturalpoland.b2b","article_modified_time":"2024-10-21T12:48:22+00:00","og_image":[{"width":426,"height":426,"url":"https:\/\/naturalpoland.com\/wp-content\/uploads\/olejek-z-rozy-damascenskiej.webp","type":"image\/webp"}],"schema":{"@context":"https:\/\/schema.org","@graph":[{"@type":"WebPage","@id":"https:\/\/naturalpoland.com\/cs\/produkty\/produkty-pro-kosmeticky-prumysl\/esencialni-oleje\/olej-z-ruzoveho-damascenu\/","url":"https:\/\/naturalpoland.com\/cs\/produkty\/produkty-pro-kosmeticky-prumysl\/esencialni-oleje\/olej-z-ruzoveho-damascenu\/","name":"Dama\u0161sk\u00fd r\u016f\u017eov\u00fd olej - NATURAL POLAND - Velkoobchodn\u00ed distributor surovin","isPartOf":{"@id":"https:\/\/naturalpoland.com\/cs\/#website"},"primaryImageOfPage":{"@id":"https:\/\/naturalpoland.com\/cs\/produkty\/produkty-pro-kosmeticky-prumysl\/esencialni-oleje\/olej-z-ruzoveho-damascenu\/#primaryimage"},"image":{"@id":"https:\/\/naturalpoland.com\/cs\/produkty\/produkty-pro-kosmeticky-prumysl\/esencialni-oleje\/olej-z-ruzoveho-damascenu\/#primaryimage"},"thumbnailUrl":"https:\/\/naturalpoland.com\/wp-content\/uploads\/olejek-z-rozy-damascenskiej.webp","datePublished":"2024-10-21T12:02:07+00:00","dateModified":"2024-10-21T12:48:22+00:00","description":"Esenci\u00e1ln\u00ed olej z r\u016f\u017ee dama\u0161sk\u00e9 (Rosa damascena) je d\u00edky sv\u00e9 jedine\u010dn\u00e9 v\u016fni ve sv\u011bt\u011b aromaterapie a kosmetiky skute\u010dn\u00fdm luxusem.","breadcrumb":{"@id":"https:\/\/naturalpoland.com\/cs\/produkty\/produkty-pro-kosmeticky-prumysl\/esencialni-oleje\/olej-z-ruzoveho-damascenu\/#breadcrumb"},"inLanguage":"cs","potentialAction":[{"@type":"ReadAction","target":["https:\/\/naturalpoland.com\/cs\/produkty\/produkty-pro-kosmeticky-prumysl\/esencialni-oleje\/olej-z-ruzoveho-damascenu\/"]}]},{"@type":"ImageObject","inLanguage":"cs","@id":"https:\/\/naturalpoland.com\/cs\/produkty\/produkty-pro-kosmeticky-prumysl\/esencialni-oleje\/olej-z-ruzoveho-damascenu\/#primaryimage","url":"https:\/\/naturalpoland.com\/wp-content\/uploads\/olejek-z-rozy-damascenskiej.webp","contentUrl":"https:\/\/naturalpoland.com\/wp-content\/uploads\/olejek-z-rozy-damascenskiej.webp","width":426,"height":426,"caption":"Olejek eteryczny z r\u00f3\u017cy damasce\u0144skiej (Rosa damascena)"},{"@type":"BreadcrumbList","@id":"https:\/\/naturalpoland.com\/cs\/produkty\/produkty-pro-kosmeticky-prumysl\/esencialni-oleje\/olej-z-ruzoveho-damascenu\/#breadcrumb","itemListElement":[{"@type":"ListItem","position":1,"name":"Dom\u016f","item":"https:\/\/naturalpoland.com\/cs\/"},{"@type":"ListItem","position":2,"name":"Produkty","item":"https:\/\/naturalpoland.com\/cs\/produkty\/"},{"@type":"ListItem","position":3,"name":"Dama\u0161sk\u00fd r\u016f\u017eov\u00fd olej"}]},{"@type":"WebSite","@id":"https:\/\/naturalpoland.com\/cs\/#website","url":"https:\/\/naturalpoland.com\/cs\/","name":"NATURAL POLAND - Velkoobchodn\u00ed distributor surovin","description":"Surowce dla przemys\u0142u spo\u017cywczego, kosmetycznego i farmaceutycznego","publisher":{"@id":"https:\/\/naturalpoland.com\/cs\/#organization"},"potentialAction":[{"@type":"SearchAction","target":{"@type":"EntryPoint","urlTemplate":"https:\/\/naturalpoland.com\/cs\/?s={search_term_string}"},"query-input":{"@type":"PropertyValueSpecification","valueRequired":true,"valueName":"search_term_string"}}],"inLanguage":"cs"},{"@type":"Organization","@id":"https:\/\/naturalpoland.com\/cs\/#organization","name":"Natural Poland","url":"https:\/\/naturalpoland.com\/cs\/","logo":{"@type":"ImageObject","inLanguage":"cs","@id":"https:\/\/naturalpoland.com\/cs\/#\/schema\/logo\/image\/","url":"https:\/\/naturalpoland.com\/wp-content\/uploads\/2021\/05\/natural-poland-icon.png","contentUrl":"https:\/\/naturalpoland.com\/wp-content\/uploads\/2021\/05\/natural-poland-icon.png","width":512,"height":512,"caption":"Natural Poland"},"image":{"@id":"https:\/\/naturalpoland.com\/cs\/#\/schema\/logo\/image\/"},"sameAs":["https:\/\/www.facebook.com\/naturalpoland.b2b","https:\/\/pl.linkedin.com\/company\/natural-poland","https:\/\/www.youtube.com\/channel\/UCgeGGkvOMahZo-xu_MSEWxg"]}]}},"_links":{"self":[{"href":"https:\/\/naturalpoland.com\/cs\/wp-json\/wp\/v2\/product\/36958","targetHints":{"allow":["GET"]}}],"collection":[{"href":"https:\/\/naturalpoland.com\/cs\/wp-json\/wp\/v2\/product"}],"about":[{"href":"https:\/\/naturalpoland.com\/cs\/wp-json\/wp\/v2\/types\/product"}],"wp:featuredmedia":[{"embeddable":true,"href":"https:\/\/naturalpoland.com\/cs\/wp-json\/wp\/v2\/media\/36919"}],"wp:attachment":[{"href":"https:\/\/naturalpoland.com\/cs\/wp-json\/wp\/v2\/media?parent=36958"}],"wp:term":[{"taxonomy":"product_brand","embeddable":true,"href":"https:\/\/naturalpoland.com\/cs\/wp-json\/wp\/v2\/product_brand?post=36958"},{"taxonomy":"product_cat","embeddable":true,"href":"https:\/\/naturalpoland.com\/cs\/wp-json\/wp\/v2\/product_cat?post=36958"},{"taxonomy":"product_tag","embeddable":true,"href":"https:\/\/naturalpoland.com\/cs\/wp-json\/wp\/v2\/product_tag?post=36958"}],"curies":[{"name":"wp","href":"https:\/\/api.w.org\/{rel}","templated":true}]}}