{"id":36977,"date":"2024-10-21T12:58:50","date_gmt":"2024-10-21T12:50:39","guid":{"rendered":"https:\/\/naturalpoland.com\/produkty\/neza\u0159azen\u00e9\/horky-pomerancovy-olej\/"},"modified":"2024-10-21T14:50:39","modified_gmt":"2024-10-21T12:50:39","slug":"horky-pomerancovy-olej","status":"publish","type":"product","link":"https:\/\/naturalpoland.com\/cs\/produkty\/produkty-pro-kosmeticky-prumysl\/esencialni-oleje\/horky-pomerancovy-olej\/","title":{"rendered":"Ho\u0159k\u00fd pomeran\u010dov\u00fd olej"},"content":{"rendered":"<p>Ho\u0159k\u00fd pomeran\u010dov\u00fd olej se lisuje za studena ze slupek plod\u016f p\u011bstovan\u00fdch v oblastech s tepl\u00fdm podneb\u00edm, jako je Indie, \u0160pan\u011blsko, Sic\u00edlie, Maroko a Karibik. Olej je bohat\u00fd na \u00fa\u010dinn\u00e9 l\u00e1tky, jako je <strong>limonen<\/strong>, <strong>linalool<\/strong> a <strong>citral<\/strong>, kter\u00e9 jsou zodpov\u011bdn\u00e9 za jeho l\u00e9\u010debn\u00e9 \u00fa\u010dinky. <strong>Flavonoidy<\/strong> obsa\u017een\u00e9 v oleji podporuj\u00ed imunitn\u00ed syst\u00e9m a posiluj\u00ed p\u0159irozen\u00e9 obrann\u00e9 mechanismy organismu. Pou\u017e\u00edv\u00e1n\u00ed oleje v difuz\u00e9ru v obdob\u00ed nachlazen\u00ed a ch\u0159ipky pom\u00e1h\u00e1 vy\u010distit vzduch od ne\u017e\u00e1douc\u00edch bacil\u016f. Olej m\u00e1 tak\u00e9 vlastnosti, kter\u00e9 podporuj\u00ed tr\u00e1vic\u00ed syst\u00e9m. Pom\u00e1h\u00e1 zm\u00edr\u0148ovat probl\u00e9my spojen\u00e9 s poruchami tr\u00e1ven\u00ed, p\u00e1len\u00edm \u017e\u00e1hy a nad\u00fdm\u00e1n\u00edm a z\u00e1rove\u0148 reguluje chu\u0165 k j\u00eddlu. D\u00edky sv\u00e9 osv\u011b\u017euj\u00edc\u00ed a povzbuzuj\u00edc\u00ed v\u016fni m\u00e1 tento v\u00fdrobek uklid\u0148uj\u00edc\u00ed \u00fa\u010dinek na nervov\u00fd syst\u00e9m, pom\u00e1h\u00e1 bojovat proti stresu, nap\u011bt\u00ed a \u00fazkosti. V aromaterapii se pou\u017e\u00edv\u00e1 ke zlep\u0161en\u00ed n\u00e1lady, zm\u00edrn\u011bn\u00ed p\u0159\u00edznak\u016f deprese a napom\u00e1h\u00e1 relaxaci. P\u0159i inhalaci jeho v\u016fn\u011b povzbuzuje mysl, zlep\u0161uje koncentraci a zvy\u0161uje energii. Jako kosmetick\u00e1 slo\u017eka m\u00e1 olej z ho\u0159k\u00e9ho pomeran\u010de \u010distic\u00ed, tonizuj\u00edc\u00ed a protist\u00e1rnouc\u00ed \u00fa\u010dinky. Lze jej p\u0159id\u00e1vat do kr\u00e9m\u016f, s\u00e9r a tonik, zlep\u0161uje stav mastn\u00e9, zral\u00e9 a k nedokonalostem n\u00e1chyln\u00e9 pleti. Olej z ho\u0159k\u00e9ho pomeran\u010de je <strong>fototoxick\u00fd<\/strong>, co\u017e znamen\u00e1, \u017ee po nanesen\u00ed na poko\u017eku by nem\u011bl b\u00fdt nejm\u00e9n\u011b 18 hodin vystaven p\u0159\u00edm\u00e9mu slune\u010dn\u00edmu z\u00e1\u0159en\u00ed. P\u0159\u00edpravek je t\u0159eba pou\u017e\u00edvat opatrn\u011b, v\u017edy jej p\u0159edem na\u0159e\u010fte v nosn\u00e9m oleji, aby nedo\u0161lo k podr\u00e1\u017ed\u011bn\u00ed. <\/p>\n","protected":false},"excerpt":{"rendered":"<p><strong>Esenci\u00e1ln\u00ed olej z ho\u0159k\u00e9ho pomeran\u010de<\/strong> se z\u00edsk\u00e1v\u00e1 z plod\u016f <em>Citrus aurantium<\/em>. Vyzna\u010duje se sv\u011b\u017e\u00ed citrusovou v\u016fn\u00ed s jemn\u00fdmi zelen\u00fdmi a d\u0159evit\u00fdmi t\u00f3ny.<\/p>\n","protected":false},"featured_media":36880,"template":"","meta":[],"product_brand":[],"product_cat":[6262],"product_tag":[],"class_list":{"0":"post-36977","1":"product","2":"type-product","3":"status-publish","4":"has-post-thumbnail","6":"product_cat-esencialni-oleje","8":"first","9":"instock","10":"shipping-taxable","11":"product-type-simple"},"yoast_head":"<!-- This site is optimized with the Yoast SEO plugin v27.4 - https:\/\/yoast.com\/product\/yoast-seo-wordpress\/ -->\n<title>Ho\u0159k\u00fd pomeran\u010dov\u00fd olej - NATURAL POLAND - Velkoobchodn\u00ed distributor surovin<\/title>\n<meta name=\"description\" content=\"Ho\u0159k\u00fd pomeran\u010dov\u00fd olej se lisuje za studena ze slupek plod\u016f p\u011bstovan\u00fdch v oblastech s tepl\u00fdm podneb\u00edm, jako je Indie, \u0160pan\u011blsko a Sic\u00edlie.\" \/>\n<meta name=\"robots\" content=\"index, follow, max-snippet:-1, max-image-preview:large, max-video-preview:-1\" \/>\n<link rel=\"canonical\" href=\"https:\/\/naturalpoland.com\/cs\/produkty\/produkty-pro-kosmeticky-prumysl\/esencialni-oleje\/horky-pomerancovy-olej\/\" \/>\n<meta property=\"og:locale\" content=\"cs_CZ\" \/>\n<meta property=\"og:type\" content=\"article\" \/>\n<meta property=\"og:title\" content=\"Ho\u0159k\u00fd pomeran\u010dov\u00fd olej - NATURAL POLAND - Velkoobchodn\u00ed distributor surovin\" \/>\n<meta property=\"og:description\" content=\"Ho\u0159k\u00fd pomeran\u010dov\u00fd olej se lisuje za studena ze slupek plod\u016f p\u011bstovan\u00fdch v oblastech s tepl\u00fdm podneb\u00edm, jako je Indie, \u0160pan\u011blsko a Sic\u00edlie.\" \/>\n<meta property=\"og:url\" content=\"https:\/\/naturalpoland.com\/cs\/produkty\/produkty-pro-kosmeticky-prumysl\/esencialni-oleje\/horky-pomerancovy-olej\/\" \/>\n<meta property=\"og:site_name\" content=\"NATURAL POLAND - Velkoobchodn\u00ed distributor surovin\" \/>\n<meta property=\"article:publisher\" content=\"https:\/\/www.facebook.com\/naturalpoland.b2b\" \/>\n<meta property=\"og:image\" content=\"https:\/\/naturalpoland.com\/wp-content\/uploads\/olejek-z-gorzkiej-pomaranczy.webp\" \/>\n\t<meta property=\"og:image:width\" content=\"426\" \/>\n\t<meta property=\"og:image:height\" content=\"426\" \/>\n\t<meta property=\"og:image:type\" content=\"image\/webp\" \/>\n<script type=\"application\/ld+json\" class=\"yoast-schema-graph\">{\"@context\":\"https:\\\/\\\/schema.org\",\"@graph\":[{\"@type\":\"WebPage\",\"@id\":\"https:\\\/\\\/naturalpoland.com\\\/cs\\\/produkty\\\/produkty-pro-kosmeticky-prumysl\\\/esencialni-oleje\\\/horky-pomerancovy-olej\\\/\",\"url\":\"https:\\\/\\\/naturalpoland.com\\\/cs\\\/produkty\\\/produkty-pro-kosmeticky-prumysl\\\/esencialni-oleje\\\/horky-pomerancovy-olej\\\/\",\"name\":\"Ho\u0159k\u00fd pomeran\u010dov\u00fd olej - NATURAL POLAND - Velkoobchodn\u00ed distributor surovin\",\"isPartOf\":{\"@id\":\"https:\\\/\\\/naturalpoland.com\\\/cs\\\/#website\"},\"primaryImageOfPage\":{\"@id\":\"https:\\\/\\\/naturalpoland.com\\\/cs\\\/produkty\\\/produkty-pro-kosmeticky-prumysl\\\/esencialni-oleje\\\/horky-pomerancovy-olej\\\/#primaryimage\"},\"image\":{\"@id\":\"https:\\\/\\\/naturalpoland.com\\\/cs\\\/produkty\\\/produkty-pro-kosmeticky-prumysl\\\/esencialni-oleje\\\/horky-pomerancovy-olej\\\/#primaryimage\"},\"thumbnailUrl\":\"https:\\\/\\\/naturalpoland.com\\\/wp-content\\\/uploads\\\/olejek-z-gorzkiej-pomaranczy.webp\",\"datePublished\":\"2024-10-21T12:50:39+00:00\",\"description\":\"Ho\u0159k\u00fd pomeran\u010dov\u00fd olej se lisuje za studena ze slupek plod\u016f p\u011bstovan\u00fdch v oblastech s tepl\u00fdm podneb\u00edm, jako je Indie, \u0160pan\u011blsko a Sic\u00edlie.\",\"breadcrumb\":{\"@id\":\"https:\\\/\\\/naturalpoland.com\\\/cs\\\/produkty\\\/produkty-pro-kosmeticky-prumysl\\\/esencialni-oleje\\\/horky-pomerancovy-olej\\\/#breadcrumb\"},\"inLanguage\":\"cs\",\"potentialAction\":[{\"@type\":\"ReadAction\",\"target\":[\"https:\\\/\\\/naturalpoland.com\\\/cs\\\/produkty\\\/produkty-pro-kosmeticky-prumysl\\\/esencialni-oleje\\\/horky-pomerancovy-olej\\\/\"]}]},{\"@type\":\"ImageObject\",\"inLanguage\":\"cs\",\"@id\":\"https:\\\/\\\/naturalpoland.com\\\/cs\\\/produkty\\\/produkty-pro-kosmeticky-prumysl\\\/esencialni-oleje\\\/horky-pomerancovy-olej\\\/#primaryimage\",\"url\":\"https:\\\/\\\/naturalpoland.com\\\/wp-content\\\/uploads\\\/olejek-z-gorzkiej-pomaranczy.webp\",\"contentUrl\":\"https:\\\/\\\/naturalpoland.com\\\/wp-content\\\/uploads\\\/olejek-z-gorzkiej-pomaranczy.webp\",\"width\":426,\"height\":426,\"caption\":\"Olejek eteryczny z gorzkiej pomara\u0144czy\"},{\"@type\":\"BreadcrumbList\",\"@id\":\"https:\\\/\\\/naturalpoland.com\\\/cs\\\/produkty\\\/produkty-pro-kosmeticky-prumysl\\\/esencialni-oleje\\\/horky-pomerancovy-olej\\\/#breadcrumb\",\"itemListElement\":[{\"@type\":\"ListItem\",\"position\":1,\"name\":\"Dom\u016f\",\"item\":\"https:\\\/\\\/naturalpoland.com\\\/cs\\\/\"},{\"@type\":\"ListItem\",\"position\":2,\"name\":\"Produkty\",\"item\":\"https:\\\/\\\/naturalpoland.com\\\/cs\\\/produkty\\\/\"},{\"@type\":\"ListItem\",\"position\":3,\"name\":\"Ho\u0159k\u00fd pomeran\u010dov\u00fd olej\"}]},{\"@type\":\"WebSite\",\"@id\":\"https:\\\/\\\/naturalpoland.com\\\/cs\\\/#website\",\"url\":\"https:\\\/\\\/naturalpoland.com\\\/cs\\\/\",\"name\":\"NATURAL POLAND - Velkoobchodn\u00ed distributor surovin\",\"description\":\"Surowce dla przemys\u0142u spo\u017cywczego, kosmetycznego i farmaceutycznego\",\"publisher\":{\"@id\":\"https:\\\/\\\/naturalpoland.com\\\/cs\\\/#organization\"},\"potentialAction\":[{\"@type\":\"SearchAction\",\"target\":{\"@type\":\"EntryPoint\",\"urlTemplate\":\"https:\\\/\\\/naturalpoland.com\\\/cs\\\/?s={search_term_string}\"},\"query-input\":{\"@type\":\"PropertyValueSpecification\",\"valueRequired\":true,\"valueName\":\"search_term_string\"}}],\"inLanguage\":\"cs\"},{\"@type\":\"Organization\",\"@id\":\"https:\\\/\\\/naturalpoland.com\\\/cs\\\/#organization\",\"name\":\"Natural Poland\",\"url\":\"https:\\\/\\\/naturalpoland.com\\\/cs\\\/\",\"logo\":{\"@type\":\"ImageObject\",\"inLanguage\":\"cs\",\"@id\":\"https:\\\/\\\/naturalpoland.com\\\/cs\\\/#\\\/schema\\\/logo\\\/image\\\/\",\"url\":\"https:\\\/\\\/naturalpoland.com\\\/wp-content\\\/uploads\\\/2021\\\/05\\\/natural-poland-icon.png\",\"contentUrl\":\"https:\\\/\\\/naturalpoland.com\\\/wp-content\\\/uploads\\\/2021\\\/05\\\/natural-poland-icon.png\",\"width\":512,\"height\":512,\"caption\":\"Natural Poland\"},\"image\":{\"@id\":\"https:\\\/\\\/naturalpoland.com\\\/cs\\\/#\\\/schema\\\/logo\\\/image\\\/\"},\"sameAs\":[\"https:\\\/\\\/www.facebook.com\\\/naturalpoland.b2b\",\"https:\\\/\\\/pl.linkedin.com\\\/company\\\/natural-poland\",\"https:\\\/\\\/www.youtube.com\\\/channel\\\/UCgeGGkvOMahZo-xu_MSEWxg\"]}]}<\/script>\n<!-- \/ Yoast SEO plugin. -->","yoast_head_json":{"title":"Ho\u0159k\u00fd pomeran\u010dov\u00fd olej - NATURAL POLAND - Velkoobchodn\u00ed distributor surovin","description":"Ho\u0159k\u00fd pomeran\u010dov\u00fd olej se lisuje za studena ze slupek plod\u016f p\u011bstovan\u00fdch v oblastech s tepl\u00fdm podneb\u00edm, jako je Indie, \u0160pan\u011blsko a Sic\u00edlie.","robots":{"index":"index","follow":"follow","max-snippet":"max-snippet:-1","max-image-preview":"max-image-preview:large","max-video-preview":"max-video-preview:-1"},"canonical":"https:\/\/naturalpoland.com\/cs\/produkty\/produkty-pro-kosmeticky-prumysl\/esencialni-oleje\/horky-pomerancovy-olej\/","og_locale":"cs_CZ","og_type":"article","og_title":"Ho\u0159k\u00fd pomeran\u010dov\u00fd olej - NATURAL POLAND - Velkoobchodn\u00ed distributor surovin","og_description":"Ho\u0159k\u00fd pomeran\u010dov\u00fd olej se lisuje za studena ze slupek plod\u016f p\u011bstovan\u00fdch v oblastech s tepl\u00fdm podneb\u00edm, jako je Indie, \u0160pan\u011blsko a Sic\u00edlie.","og_url":"https:\/\/naturalpoland.com\/cs\/produkty\/produkty-pro-kosmeticky-prumysl\/esencialni-oleje\/horky-pomerancovy-olej\/","og_site_name":"NATURAL POLAND - Velkoobchodn\u00ed distributor surovin","article_publisher":"https:\/\/www.facebook.com\/naturalpoland.b2b","og_image":[{"width":426,"height":426,"url":"https:\/\/naturalpoland.com\/wp-content\/uploads\/olejek-z-gorzkiej-pomaranczy.webp","type":"image\/webp"}],"schema":{"@context":"https:\/\/schema.org","@graph":[{"@type":"WebPage","@id":"https:\/\/naturalpoland.com\/cs\/produkty\/produkty-pro-kosmeticky-prumysl\/esencialni-oleje\/horky-pomerancovy-olej\/","url":"https:\/\/naturalpoland.com\/cs\/produkty\/produkty-pro-kosmeticky-prumysl\/esencialni-oleje\/horky-pomerancovy-olej\/","name":"Ho\u0159k\u00fd pomeran\u010dov\u00fd olej - NATURAL POLAND - Velkoobchodn\u00ed distributor surovin","isPartOf":{"@id":"https:\/\/naturalpoland.com\/cs\/#website"},"primaryImageOfPage":{"@id":"https:\/\/naturalpoland.com\/cs\/produkty\/produkty-pro-kosmeticky-prumysl\/esencialni-oleje\/horky-pomerancovy-olej\/#primaryimage"},"image":{"@id":"https:\/\/naturalpoland.com\/cs\/produkty\/produkty-pro-kosmeticky-prumysl\/esencialni-oleje\/horky-pomerancovy-olej\/#primaryimage"},"thumbnailUrl":"https:\/\/naturalpoland.com\/wp-content\/uploads\/olejek-z-gorzkiej-pomaranczy.webp","datePublished":"2024-10-21T12:50:39+00:00","description":"Ho\u0159k\u00fd pomeran\u010dov\u00fd olej se lisuje za studena ze slupek plod\u016f p\u011bstovan\u00fdch v oblastech s tepl\u00fdm podneb\u00edm, jako je Indie, \u0160pan\u011blsko a Sic\u00edlie.","breadcrumb":{"@id":"https:\/\/naturalpoland.com\/cs\/produkty\/produkty-pro-kosmeticky-prumysl\/esencialni-oleje\/horky-pomerancovy-olej\/#breadcrumb"},"inLanguage":"cs","potentialAction":[{"@type":"ReadAction","target":["https:\/\/naturalpoland.com\/cs\/produkty\/produkty-pro-kosmeticky-prumysl\/esencialni-oleje\/horky-pomerancovy-olej\/"]}]},{"@type":"ImageObject","inLanguage":"cs","@id":"https:\/\/naturalpoland.com\/cs\/produkty\/produkty-pro-kosmeticky-prumysl\/esencialni-oleje\/horky-pomerancovy-olej\/#primaryimage","url":"https:\/\/naturalpoland.com\/wp-content\/uploads\/olejek-z-gorzkiej-pomaranczy.webp","contentUrl":"https:\/\/naturalpoland.com\/wp-content\/uploads\/olejek-z-gorzkiej-pomaranczy.webp","width":426,"height":426,"caption":"Olejek eteryczny z gorzkiej pomara\u0144czy"},{"@type":"BreadcrumbList","@id":"https:\/\/naturalpoland.com\/cs\/produkty\/produkty-pro-kosmeticky-prumysl\/esencialni-oleje\/horky-pomerancovy-olej\/#breadcrumb","itemListElement":[{"@type":"ListItem","position":1,"name":"Dom\u016f","item":"https:\/\/naturalpoland.com\/cs\/"},{"@type":"ListItem","position":2,"name":"Produkty","item":"https:\/\/naturalpoland.com\/cs\/produkty\/"},{"@type":"ListItem","position":3,"name":"Ho\u0159k\u00fd pomeran\u010dov\u00fd olej"}]},{"@type":"WebSite","@id":"https:\/\/naturalpoland.com\/cs\/#website","url":"https:\/\/naturalpoland.com\/cs\/","name":"NATURAL POLAND - Velkoobchodn\u00ed distributor surovin","description":"Surowce dla przemys\u0142u spo\u017cywczego, kosmetycznego i farmaceutycznego","publisher":{"@id":"https:\/\/naturalpoland.com\/cs\/#organization"},"potentialAction":[{"@type":"SearchAction","target":{"@type":"EntryPoint","urlTemplate":"https:\/\/naturalpoland.com\/cs\/?s={search_term_string}"},"query-input":{"@type":"PropertyValueSpecification","valueRequired":true,"valueName":"search_term_string"}}],"inLanguage":"cs"},{"@type":"Organization","@id":"https:\/\/naturalpoland.com\/cs\/#organization","name":"Natural Poland","url":"https:\/\/naturalpoland.com\/cs\/","logo":{"@type":"ImageObject","inLanguage":"cs","@id":"https:\/\/naturalpoland.com\/cs\/#\/schema\/logo\/image\/","url":"https:\/\/naturalpoland.com\/wp-content\/uploads\/2021\/05\/natural-poland-icon.png","contentUrl":"https:\/\/naturalpoland.com\/wp-content\/uploads\/2021\/05\/natural-poland-icon.png","width":512,"height":512,"caption":"Natural Poland"},"image":{"@id":"https:\/\/naturalpoland.com\/cs\/#\/schema\/logo\/image\/"},"sameAs":["https:\/\/www.facebook.com\/naturalpoland.b2b","https:\/\/pl.linkedin.com\/company\/natural-poland","https:\/\/www.youtube.com\/channel\/UCgeGGkvOMahZo-xu_MSEWxg"]}]}},"_links":{"self":[{"href":"https:\/\/naturalpoland.com\/cs\/wp-json\/wp\/v2\/product\/36977","targetHints":{"allow":["GET"]}}],"collection":[{"href":"https:\/\/naturalpoland.com\/cs\/wp-json\/wp\/v2\/product"}],"about":[{"href":"https:\/\/naturalpoland.com\/cs\/wp-json\/wp\/v2\/types\/product"}],"wp:featuredmedia":[{"embeddable":true,"href":"https:\/\/naturalpoland.com\/cs\/wp-json\/wp\/v2\/media\/36880"}],"wp:attachment":[{"href":"https:\/\/naturalpoland.com\/cs\/wp-json\/wp\/v2\/media?parent=36977"}],"wp:term":[{"taxonomy":"product_brand","embeddable":true,"href":"https:\/\/naturalpoland.com\/cs\/wp-json\/wp\/v2\/product_brand?post=36977"},{"taxonomy":"product_cat","embeddable":true,"href":"https:\/\/naturalpoland.com\/cs\/wp-json\/wp\/v2\/product_cat?post=36977"},{"taxonomy":"product_tag","embeddable":true,"href":"https:\/\/naturalpoland.com\/cs\/wp-json\/wp\/v2\/product_tag?post=36977"}],"curies":[{"name":"wp","href":"https:\/\/api.w.org\/{rel}","templated":true}]}}